{"id":51030,"date":"2021-03-07T18:33:41","date_gmt":"2021-03-07T16:33:41","guid":{"rendered":"https:\/\/fit360.ee\/pood\/uncategorized\/triple-zinc-90caps\/"},"modified":"2026-03-05T17:20:33","modified_gmt":"2026-03-05T15:20:33","slug":"triple-zinc-90caps","status":"publish","type":"product","link":"https:\/\/fit360.ee\/en\/pood\/product-groups\/vitamins-and-minerals-en\/zinc-en\/triple-zinc-90caps\/","title":{"rendered":"Triple Zinc (90caps)"},"content":{"rendered":"<h1><strong>Triple Zinc<\/strong><\/h1>\n<p>Triple Zinc on kapsli kujul tsinkikompleks, mis sisaldab Tsinki kolmest allikas: Tsinkgl\u00fckonaat, Tsinkpikolinaat ja Tsinktsitraat.<\/p>\n<p><strong>Tsink<\/strong>\u00a0on organismis \u00fcks olulisemaid mineraalaineid, mis on vajalik organismi normaalsemaks arenguks ja kasvamiseks. Tsink on vajalik hammaste, luude ja\u00a0<a href=\"https:\/\/fit360.ee\/en\/product-category\/product-groups\/joint-support-en\/\"><strong>liigeste<\/strong><\/a>, juuste ning k\u00fc\u00fcnte arengus ja taastumises. Tsinki on l\u00e4bi sajandite peetud \u201eilumineraaliks\u201d. Normaalne Tsingi kogus organismis hoiab tasakaalus k\u00f5ikide mineraalide imendumise soolestikust.<\/p>\n<p>Tsingi puudus organismis v\u00e4ljendub k\u00f5ige pealt kuivas nahas, haprates k\u00fc\u00fcntes ning v\u00e4ljalangevates juustes. Tsingil on antioks\u00fcdantsed omadused, mis kaitsevad enneaegse naha vananemise ja lihaste k\u00f5hetumise eest. Suurem Tsingi vajadus tekib rasedatel ja rinnaga toitvatel naistel. Meestel ja naistel \u00fcle 45 eluaasta ning traumadest taastumisel. Kasutades regulaarselt Tsink preparaati parandad kogu oma organismi ainevahetust ja tugevdad immuuns\u00fcsteemi.<\/p>\n<p>Tsink on vajalik element immuuns\u00fcsteemi normaalseks toimimiseks, aidates kaasa organismi kasvule ja haavade paranemisele ning on vajalik l\u00f5hnade ja maitsete tundmiseks. Tsingil on kanda ka t\u00e4htis roll meeste viljakusel.<\/p>\n<p>Tsinki on v\u00e4ikeses koguses vaja organismi igap\u00e4evaseks normaalseks toimimiseks. Inimese kehas on ligikaudu 2\u20133 grammi tsinki, peamiselt leidub seda skeletilihastes ja luudes. Inimese organism ei suuda tsinki toota ega kaua s\u00e4ilitada, mist\u00f5ttu on vaja seda saada toidust v\u00f5i toidulisanditest.<\/p>\n<p>Eesti Toitumisn\u00f5ustajate \u00dchenduse liikme K\u00fclli Holstingu s\u00f5nul v\u00f5ib tsingi kasutamisele kohe m\u00f5tlema hakata, kui m\u00e4rgatakse esimesi viirushaiguse n\u00e4htusid. \u201eKui nina muutub vesiseks v\u00f5i kurgus on kraapiv tunne, v\u00f5iks m\u00f5elda tsingi v\u00f5tmisele. Tsink toetab limaskesti ning aitab viirustele koheselt vastu astuda. Uuringud kinnitavad, et tsingi tarbimisega l\u00fcheneb ka viirushaiguse p\u00f5demise aeg,\u201d selgitab Holsting.<\/p>\n<p>Loe rohkem Tsinki kohta <a href=\"https:\/\/fit360.ee\/en\/product-category\/product-groups\/vitamins-and-minerals-en\/zinc-en\/\"><strong>SIIT<\/strong><\/a>!<\/p>\n<h4><strong>Mida toode sisaldab?<\/strong><\/h4>\n<p><strong>Koostisosad<\/strong>: Maltodekstriin, kattekompositsioon (t\u00e4iteaine: h\u00fcdroks\u00fcprop\u00fc\u00fclmet\u00fc\u00fcltselluloos), tsinkgl\u00fckonaat (tsink), tsinkpikolinaat (tsink), tsinktsitraat (tsink).<\/p>\n<p><strong>Kasutamine<\/strong>: 1 kapsel p\u00e4evas koos veega p\u00e4rast s\u00f6\u00f6ki<\/p>\n<p><strong>Suurus<\/strong>: 90 kapslit &#8211; 90 serveerinut<\/p>\n<table width=\"300\">\n<tbody>\n<tr>\n<td width=\"109\"><strong>Aktiivsed toimeained &#8211; Triple Zinc<\/strong><\/td>\n<td width=\"118\"><strong>1 serveering \u2013 1 kapsel<\/strong><\/td>\n<td width=\"73\"><strong>% SPK<\/strong><\/td>\n<\/tr>\n<tr>\n<td width=\"109\"><strong>Tsink:<\/strong><\/td>\n<td width=\"118\">15 mg<\/td>\n<td width=\"73\">150%<\/td>\n<\/tr>\n<tr>\n<td width=\"109\"><strong>Tsinkgl\u00fckonaat<\/strong><\/td>\n<td width=\"118\">5 mg<\/td>\n<td width=\"73\">&#8211;<\/td>\n<\/tr>\n<tr>\n<td width=\"109\"><strong>Tsinkpikolinaat<\/strong><\/td>\n<td width=\"118\">5 mg<\/td>\n<td width=\"73\">&#8211;<\/td>\n<\/tr>\n<tr>\n<td width=\"109\"><strong>Tsinktsitraat<\/strong><\/td>\n<td width=\"118\">5\u00a0\u00a0\u00a0\u00a0\u00a0 mg<\/td>\n<td width=\"73\">&#8211;<\/td>\n<\/tr>\n<\/tbody>\n<\/table>\n<p>*SPK \u2013 Soovitatud p\u00e4evane kogus.<\/p>\n<p>Vaata ka meie teisi Tsinke <a href=\"https:\/\/fit360.ee\/en\/product-category\/product-groups\/vitamins-and-minerals-en\/zinc-en\/\"><strong>SIIT<\/strong><\/a>!<\/p>\n<p>Soovid teha suuremat tellimust? Vaata antud toodet ka meie HULGI poest <a href=\"https:\/\/toidulisandidhulgi.ee\/product\/triple-zinc-90caps\/\"><strong>SIIT<\/strong><\/a>!<\/p>\n","protected":false},"excerpt":{"rendered":"<h2>Tsink:<\/h2>\n<ul>\n<li>Positiivne m\u00f5ju immuuns\u00fcsteemile.<\/li>\n<li>Positiivne m\u00f5ju viljakusele.<\/li>\n<li>Aitab s\u00e4ilitada ja parandada testosteroonitaset.<\/li>\n<li>Osaleb valkude, rasvade ja s\u00fcsivesikute metabolismis.<\/li>\n<li>Kiirendab haavade paranemist ja leevendab naha\u00e4rritusi.<\/li>\n<\/ul>\n<p><strong>Tsink<\/strong>\u00a0on organismis \u00fcks olulisemaid mineraalaineid, mis on vajalik organismi normaalsemaks arenguks ja kasvamiseks. Tsink on vajalik hammaste, luude ja\u00a0<strong>liigeste<\/strong>, juuste ning k\u00fc\u00fcnte arengus ja taastumises. Tsinki on l\u00e4bi sajandite peetud \u201eilumineraaliks\u201d. Normaalne Tsingi kogus organismis hoiab tasakaalus k\u00f5ikide mineraalide imendumise soolestikust.<\/p>\n","protected":false},"featured_media":76653,"comment_status":"closed","ping_status":"closed","template":"","meta":[],"product_brand":[],"product_cat":[5320,1329,1454,532,536,2275],"product_tag":[1924,2734,2143,2145],"giftcard-category":[],"class_list":{"0":"post-51030","1":"product","2":"type-product","3":"status-publish","4":"has-post-thumbnail","6":"product_cat-for-immunity-en","7":"product_cat-ostrovit-en","8":"product_cat-superfoods-health-foods-en","9":"product_cat-testosterone-boosters-en","10":"product_cat-vitamins-and-minerals-en","11":"product_cat-zinc-en","12":"product_tag-ostrovit-en","13":"product_tag-triple-zinc-en","14":"product_tag-tsink-en","15":"product_tag-zinc-en","16":"pa_toidulisand-branddd-ostrovit","17":"pa_tootegruppp-immuunsusteem-en","18":"pa_tootegruppp-supertoit-tervisetoit-en","19":"pa_tootegruppp-testosterone-enhancers","20":"pa_tootegruppp-tsink-en","21":"pa_tootegruppp-vitamins-and-minerals","23":"first","24":"outofstock","25":"sale","26":"taxable","27":"shipping-taxable","28":"purchasable","29":"product-type-simple"},"yoast_head":"<!-- This site is optimized with the Yoast SEO plugin v27.3 - https:\/\/yoast.com\/product\/yoast-seo-wordpress\/ -->\n<title>Triple Zinc (90caps) - Tsink - Zinc - Tsinkgl\u00fckonaat - Tsinktsitraat - Fit360<\/title>\n<meta name=\"description\" content=\"Triple Zinc on kapsli kujul tsinkikompleks, mis sisaldab Tsinki kolmest allikas: Tsinkgl\u00fckonaat, Tsinkpikolinaat ja Tsinktsitraat.\" \/>\n<meta name=\"robots\" content=\"index, follow, max-snippet:-1, max-image-preview:large, max-video-preview:-1\" \/>\n<link rel=\"canonical\" href=\"https:\/\/fit360.ee\/en\/pood\/product-groups\/vitamins-and-minerals-en\/zinc-en\/triple-zinc-90caps\/\" \/>\n<meta property=\"og:locale\" content=\"en_US\" \/>\n<meta property=\"og:type\" content=\"article\" \/>\n<meta property=\"og:title\" content=\"Triple Zinc (90caps) - Tsink - Zinc - Tsinkgl\u00fckonaat - Tsinktsitraat - Fit360\" \/>\n<meta property=\"og:description\" content=\"Triple Zinc on kapsli kujul tsinkikompleks, mis sisaldab Tsinki kolmest allikas: Tsinkgl\u00fckonaat, Tsinkpikolinaat ja Tsinktsitraat.\" \/>\n<meta property=\"og:url\" content=\"https:\/\/fit360.ee\/en\/pood\/product-groups\/vitamins-and-minerals-en\/zinc-en\/triple-zinc-90caps\/\" \/>\n<meta property=\"og:site_name\" content=\"Fit360\" \/>\n<meta property=\"article:modified_time\" content=\"2026-03-05T15:20:33+00:00\" \/>\n<meta property=\"og:image\" content=\"https:\/\/fit360.ee\/wp-content\/uploads\/2021\/03\/ostrovit-triple-zinc-fit360.ee-1.png\" \/>\n\t<meta property=\"og:image:width\" content=\"450\" \/>\n\t<meta property=\"og:image:height\" content=\"450\" \/>\n\t<meta property=\"og:image:type\" content=\"image\/png\" \/>\n<meta name=\"twitter:card\" content=\"summary_large_image\" \/>\n<meta name=\"twitter:label1\" content=\"Est. reading time\" \/>\n\t<meta name=\"twitter:data1\" content=\"2 minutes\" \/>\n<script type=\"application\/ld+json\" class=\"yoast-schema-graph\">{\"@context\":\"https:\\\/\\\/schema.org\",\"@graph\":[{\"@type\":\"WebPage\",\"@id\":\"https:\\\/\\\/fit360.ee\\\/en\\\/pood\\\/product-groups\\\/vitamins-and-minerals-en\\\/zinc-en\\\/triple-zinc-90caps\\\/\",\"url\":\"https:\\\/\\\/fit360.ee\\\/en\\\/pood\\\/product-groups\\\/vitamins-and-minerals-en\\\/zinc-en\\\/triple-zinc-90caps\\\/\",\"name\":\"Triple Zinc (90caps) - Tsink - Zinc - Tsinkgl\u00fckonaat - Tsinktsitraat - Fit360\",\"isPartOf\":{\"@id\":\"https:\\\/\\\/fit360.ee\\\/en\\\/#website\"},\"primaryImageOfPage\":{\"@id\":\"https:\\\/\\\/fit360.ee\\\/en\\\/pood\\\/product-groups\\\/vitamins-and-minerals-en\\\/zinc-en\\\/triple-zinc-90caps\\\/#primaryimage\"},\"image\":{\"@id\":\"https:\\\/\\\/fit360.ee\\\/en\\\/pood\\\/product-groups\\\/vitamins-and-minerals-en\\\/zinc-en\\\/triple-zinc-90caps\\\/#primaryimage\"},\"thumbnailUrl\":\"https:\\\/\\\/fit360.ee\\\/wp-content\\\/uploads\\\/2021\\\/03\\\/ostrovit-triple-zinc-fit360.ee-1.png\",\"datePublished\":\"2021-03-07T16:33:41+00:00\",\"dateModified\":\"2026-03-05T15:20:33+00:00\",\"description\":\"Triple Zinc on kapsli kujul tsinkikompleks, mis sisaldab Tsinki kolmest allikas: Tsinkgl\u00fckonaat, Tsinkpikolinaat ja Tsinktsitraat.\",\"breadcrumb\":{\"@id\":\"https:\\\/\\\/fit360.ee\\\/en\\\/pood\\\/product-groups\\\/vitamins-and-minerals-en\\\/zinc-en\\\/triple-zinc-90caps\\\/#breadcrumb\"},\"inLanguage\":\"en-US\",\"potentialAction\":[{\"@type\":\"ReadAction\",\"target\":[\"https:\\\/\\\/fit360.ee\\\/en\\\/pood\\\/product-groups\\\/vitamins-and-minerals-en\\\/zinc-en\\\/triple-zinc-90caps\\\/\"]}]},{\"@type\":\"ImageObject\",\"inLanguage\":\"en-US\",\"@id\":\"https:\\\/\\\/fit360.ee\\\/en\\\/pood\\\/product-groups\\\/vitamins-and-minerals-en\\\/zinc-en\\\/triple-zinc-90caps\\\/#primaryimage\",\"url\":\"https:\\\/\\\/fit360.ee\\\/wp-content\\\/uploads\\\/2021\\\/03\\\/ostrovit-triple-zinc-fit360.ee-1.png\",\"contentUrl\":\"https:\\\/\\\/fit360.ee\\\/wp-content\\\/uploads\\\/2021\\\/03\\\/ostrovit-triple-zinc-fit360.ee-1.png\",\"width\":450,\"height\":450,\"caption\":\"ostrovit triple zinc - fit360.ee\"},{\"@type\":\"BreadcrumbList\",\"@id\":\"https:\\\/\\\/fit360.ee\\\/en\\\/pood\\\/product-groups\\\/vitamins-and-minerals-en\\\/zinc-en\\\/triple-zinc-90caps\\\/#breadcrumb\",\"itemListElement\":[{\"@type\":\"ListItem\",\"position\":1,\"name\":\"Home\",\"item\":\"https:\\\/\\\/fit360.ee\\\/en\\\/\"},{\"@type\":\"ListItem\",\"position\":2,\"name\":\"Shop\",\"item\":\"https:\\\/\\\/fit360.ee\\\/en\\\/shop\\\/\"},{\"@type\":\"ListItem\",\"position\":3,\"name\":\"Triple Zinc (90caps)\"}]},{\"@type\":\"WebSite\",\"@id\":\"https:\\\/\\\/fit360.ee\\\/en\\\/#website\",\"url\":\"https:\\\/\\\/fit360.ee\\\/en\\\/\",\"name\":\"Fit360\",\"description\":\"\",\"publisher\":{\"@id\":\"https:\\\/\\\/fit360.ee\\\/en\\\/#organization\"},\"potentialAction\":[{\"@type\":\"SearchAction\",\"target\":{\"@type\":\"EntryPoint\",\"urlTemplate\":\"https:\\\/\\\/fit360.ee\\\/en\\\/?s={search_term_string}\"},\"query-input\":{\"@type\":\"PropertyValueSpecification\",\"valueRequired\":true,\"valueName\":\"search_term_string\"}}],\"inLanguage\":\"en-US\"},{\"@type\":\"Organization\",\"@id\":\"https:\\\/\\\/fit360.ee\\\/en\\\/#organization\",\"name\":\"Fit360\",\"url\":\"https:\\\/\\\/fit360.ee\\\/en\\\/\",\"logo\":{\"@type\":\"ImageObject\",\"inLanguage\":\"en-US\",\"@id\":\"https:\\\/\\\/fit360.ee\\\/en\\\/#\\\/schema\\\/logo\\\/image\\\/\",\"url\":\"https:\\\/\\\/fit360.ee\\\/wp-content\\\/uploads\\\/2017\\\/01\\\/logo-fit360.png\",\"contentUrl\":\"https:\\\/\\\/fit360.ee\\\/wp-content\\\/uploads\\\/2017\\\/01\\\/logo-fit360.png\",\"width\":180,\"height\":66,\"caption\":\"Fit360\"},\"image\":{\"@id\":\"https:\\\/\\\/fit360.ee\\\/en\\\/#\\\/schema\\\/logo\\\/image\\\/\"}}]}<\/script>\n<!-- \/ Yoast SEO plugin. -->","yoast_head_json":{"title":"Triple Zinc (90caps) - Tsink - Zinc - Tsinkgl\u00fckonaat - Tsinktsitraat - Fit360","description":"Triple Zinc on kapsli kujul tsinkikompleks, mis sisaldab Tsinki kolmest allikas: Tsinkgl\u00fckonaat, Tsinkpikolinaat ja Tsinktsitraat.","robots":{"index":"index","follow":"follow","max-snippet":"max-snippet:-1","max-image-preview":"max-image-preview:large","max-video-preview":"max-video-preview:-1"},"canonical":"https:\/\/fit360.ee\/en\/pood\/product-groups\/vitamins-and-minerals-en\/zinc-en\/triple-zinc-90caps\/","og_locale":"en_US","og_type":"article","og_title":"Triple Zinc (90caps) - Tsink - Zinc - Tsinkgl\u00fckonaat - Tsinktsitraat - Fit360","og_description":"Triple Zinc on kapsli kujul tsinkikompleks, mis sisaldab Tsinki kolmest allikas: Tsinkgl\u00fckonaat, Tsinkpikolinaat ja Tsinktsitraat.","og_url":"https:\/\/fit360.ee\/en\/pood\/product-groups\/vitamins-and-minerals-en\/zinc-en\/triple-zinc-90caps\/","og_site_name":"Fit360","article_modified_time":"2026-03-05T15:20:33+00:00","og_image":[{"width":450,"height":450,"url":"https:\/\/fit360.ee\/wp-content\/uploads\/2021\/03\/ostrovit-triple-zinc-fit360.ee-1.png","type":"image\/png"}],"twitter_card":"summary_large_image","twitter_misc":{"Est. reading time":"2 minutes"},"schema":{"@context":"https:\/\/schema.org","@graph":[{"@type":"WebPage","@id":"https:\/\/fit360.ee\/en\/pood\/product-groups\/vitamins-and-minerals-en\/zinc-en\/triple-zinc-90caps\/","url":"https:\/\/fit360.ee\/en\/pood\/product-groups\/vitamins-and-minerals-en\/zinc-en\/triple-zinc-90caps\/","name":"Triple Zinc (90caps) - Tsink - Zinc - Tsinkgl\u00fckonaat - Tsinktsitraat - Fit360","isPartOf":{"@id":"https:\/\/fit360.ee\/en\/#website"},"primaryImageOfPage":{"@id":"https:\/\/fit360.ee\/en\/pood\/product-groups\/vitamins-and-minerals-en\/zinc-en\/triple-zinc-90caps\/#primaryimage"},"image":{"@id":"https:\/\/fit360.ee\/en\/pood\/product-groups\/vitamins-and-minerals-en\/zinc-en\/triple-zinc-90caps\/#primaryimage"},"thumbnailUrl":"https:\/\/fit360.ee\/wp-content\/uploads\/2021\/03\/ostrovit-triple-zinc-fit360.ee-1.png","datePublished":"2021-03-07T16:33:41+00:00","dateModified":"2026-03-05T15:20:33+00:00","description":"Triple Zinc on kapsli kujul tsinkikompleks, mis sisaldab Tsinki kolmest allikas: Tsinkgl\u00fckonaat, Tsinkpikolinaat ja Tsinktsitraat.","breadcrumb":{"@id":"https:\/\/fit360.ee\/en\/pood\/product-groups\/vitamins-and-minerals-en\/zinc-en\/triple-zinc-90caps\/#breadcrumb"},"inLanguage":"en-US","potentialAction":[{"@type":"ReadAction","target":["https:\/\/fit360.ee\/en\/pood\/product-groups\/vitamins-and-minerals-en\/zinc-en\/triple-zinc-90caps\/"]}]},{"@type":"ImageObject","inLanguage":"en-US","@id":"https:\/\/fit360.ee\/en\/pood\/product-groups\/vitamins-and-minerals-en\/zinc-en\/triple-zinc-90caps\/#primaryimage","url":"https:\/\/fit360.ee\/wp-content\/uploads\/2021\/03\/ostrovit-triple-zinc-fit360.ee-1.png","contentUrl":"https:\/\/fit360.ee\/wp-content\/uploads\/2021\/03\/ostrovit-triple-zinc-fit360.ee-1.png","width":450,"height":450,"caption":"ostrovit triple zinc - fit360.ee"},{"@type":"BreadcrumbList","@id":"https:\/\/fit360.ee\/en\/pood\/product-groups\/vitamins-and-minerals-en\/zinc-en\/triple-zinc-90caps\/#breadcrumb","itemListElement":[{"@type":"ListItem","position":1,"name":"Home","item":"https:\/\/fit360.ee\/en\/"},{"@type":"ListItem","position":2,"name":"Shop","item":"https:\/\/fit360.ee\/en\/shop\/"},{"@type":"ListItem","position":3,"name":"Triple Zinc (90caps)"}]},{"@type":"WebSite","@id":"https:\/\/fit360.ee\/en\/#website","url":"https:\/\/fit360.ee\/en\/","name":"Fit360","description":"","publisher":{"@id":"https:\/\/fit360.ee\/en\/#organization"},"potentialAction":[{"@type":"SearchAction","target":{"@type":"EntryPoint","urlTemplate":"https:\/\/fit360.ee\/en\/?s={search_term_string}"},"query-input":{"@type":"PropertyValueSpecification","valueRequired":true,"valueName":"search_term_string"}}],"inLanguage":"en-US"},{"@type":"Organization","@id":"https:\/\/fit360.ee\/en\/#organization","name":"Fit360","url":"https:\/\/fit360.ee\/en\/","logo":{"@type":"ImageObject","inLanguage":"en-US","@id":"https:\/\/fit360.ee\/en\/#\/schema\/logo\/image\/","url":"https:\/\/fit360.ee\/wp-content\/uploads\/2017\/01\/logo-fit360.png","contentUrl":"https:\/\/fit360.ee\/wp-content\/uploads\/2017\/01\/logo-fit360.png","width":180,"height":66,"caption":"Fit360"},"image":{"@id":"https:\/\/fit360.ee\/en\/#\/schema\/logo\/image\/"}}]}},"_links":{"self":[{"href":"https:\/\/fit360.ee\/en\/wp-json\/wp\/v2\/product\/51030","targetHints":{"allow":["GET"]}}],"collection":[{"href":"https:\/\/fit360.ee\/en\/wp-json\/wp\/v2\/product"}],"about":[{"href":"https:\/\/fit360.ee\/en\/wp-json\/wp\/v2\/types\/product"}],"replies":[{"embeddable":true,"href":"https:\/\/fit360.ee\/en\/wp-json\/wp\/v2\/comments?post=51030"}],"wp:featuredmedia":[{"embeddable":true,"href":"https:\/\/fit360.ee\/en\/wp-json\/wp\/v2\/media\/76653"}],"wp:attachment":[{"href":"https:\/\/fit360.ee\/en\/wp-json\/wp\/v2\/media?parent=51030"}],"wp:term":[{"taxonomy":"product_brand","embeddable":true,"href":"https:\/\/fit360.ee\/en\/wp-json\/wp\/v2\/product_brand?post=51030"},{"taxonomy":"product_cat","embeddable":true,"href":"https:\/\/fit360.ee\/en\/wp-json\/wp\/v2\/product_cat?post=51030"},{"taxonomy":"product_tag","embeddable":true,"href":"https:\/\/fit360.ee\/en\/wp-json\/wp\/v2\/product_tag?post=51030"},{"taxonomy":"giftcard-category","embeddable":true,"href":"https:\/\/fit360.ee\/en\/wp-json\/wp\/v2\/giftcard-category?post=51030"}],"curies":[{"name":"wp","href":"https:\/\/api.w.org\/{rel}","templated":true}]}}