{"id":51305,"date":"2021-03-14T13:10:38","date_gmt":"2021-03-14T11:10:38","guid":{"rendered":"https:\/\/fit360.ee\/?post_type=product&#038;p=51305"},"modified":"2026-03-26T22:11:17","modified_gmt":"2026-03-26T20:11:17","slug":"citrulline-malate-300g","status":"publish","type":"product","link":"https:\/\/fit360.ee\/en\/pood\/product-groups\/amino-acids-bcaa\/citrulline-en\/citrulline-malate-300g\/","title":{"rendered":"Citrulline Malate (300g)"},"content":{"rendered":"<h1>TSITRULLIIN<\/h1>\n<p>Tsitrulliin maalaat ehk Citrulline Malate v\u00e4hendab piimhappe ja ammoniaagi ehitusprotsessi ning kiirendab lihaskonna taastumist, t\u00f5estes kreatiinfosfaadi ja ATP (adenosiintrifosforhapet) s\u00fcnteesi (<em>resynthesis<\/em>) taset.<\/p>\n<h2><strong>Citrulline Malate<\/strong>:<\/h2>\n<ul>\n<li><span style=\"font-size: 14.4px;\">V\u00e4hendab lihases piimhapet<\/span><\/li>\n<li>Suurendab ATP\u00a0tootlikust<\/li>\n<li>Suurendab l\u00e4mmastikoksiidi (NO) tootlikust.<\/li>\n<li>V\u00f5imaldab peale treeningut paremini taastuda<\/li>\n<li>T\u00f5stab aeroobset t\u00f6\u00f6v\u00f5imet<\/li>\n<li>Suurep\u00e4rane fookus<\/li>\n<li>Kasvatab lihase j\u00f5udu ja energiat<\/li>\n<\/ul>\n<p><strong>Citrulline Malate<\/strong> on toidulisand mis v\u00e4hendab v\u00e4simust ning lihaspingeid ja samas suurendab treeningv\u00f5imekust.\u00a0 <strong>Citrulline Malate ehk<\/strong>\u00a0<strong>tsitrulliin malaat<\/strong>\u00a0parandab lihaste vastupidavust\/ j\u00f5udlust, kuna tsitruliin maalaat suurendab aeroobset energiatootmist ja hoiab \u00e4ra v\u00e4simust. Tsitruliin maalaat v\u00e4hendab piimhappe ja ammoniaagi ehitusprotsessi ning kiirendab lihaskonna taastumist, t\u00f5estes kreatiinfosfaadi ja ATP (adenosiintrifosforhapet) s\u00fcnteesi (<em>resynthesis<\/em>) taset.<\/p>\n<p><strong>Tsitrulliin Malaat<\/strong> on unikaalne kombo aminohappest tsitrulliin ja orgaanilisest soolast malaat, mis kiirendab taastumist ning t\u00f5stab t\u00f6\u00f6v\u00f5imet.<\/p>\n<p><strong>Koostisosad<\/strong>: Tsitrulliin Malaat, tauriin<\/p>\n<p><strong>Kasutamine<\/strong>: Tarbi 2,5g pulbrit ( 1 m\u00f5\u00f5telusikas) segatuna 200ml veega, \u00fcks kord p\u00e4evas. \u00c4ra \u00fcleta soovitatud (2,5g) p\u00e4evakogust.\u00a0 M\u00f5\u00f5telusikas on olemas pakendis.<\/p>\n<p><strong>Suurus<\/strong>: 300g &#8211; 120 serveeringut<\/p>\n<p><strong>Hoiusta<\/strong> kuivas ja jahedas kohas, eemal otsesest pe\u00e4vavalgusest.<\/p>\n<p><strong>Hoiatus<\/strong>: seda toidulisandit ei tohiks tarbida asendusena tervislikule ning balanseeritud dieedile, hoida lastele k\u00e4ttesaamatus kohas. \u00c4ra tarbi soovitatud kogusest enam.<\/p>\n<table>\n<tbody>\n<tr>\n<td width=\"307\"><strong>Aktiivsed toimeained<\/strong><\/td>\n<td width=\"307\"><strong>2,5g ( 1 m\u00f5\u00f5telusikas)<\/strong><\/td>\n<\/tr>\n<tr>\n<td width=\"307\">Tsitrulliin<\/td>\n<td width=\"307\">2450mg<\/td>\n<\/tr>\n<tr>\n<td width=\"307\">Tauriin<\/td>\n<td width=\"307\">50mg<\/td>\n<\/tr>\n<\/tbody>\n<\/table>\n<p>Vaata ka meie teisi Tsitrulliine <a href=\"https:\/\/fit360.ee\/en\/product-category\/product-groups\/amino-acids-bcaa\/citrulline-en\/\"><strong>SIIT<\/strong><\/a>!<\/p>\n<p>Soovid kaupa osta suuremas koguses? Vaata antud toodet ka meie HULGI lehelt <a href=\"https:\/\/toidulisandidhulgi.ee\/product\/citrulline-malate-300g\/\"><strong>SIIT<\/strong><\/a>!<\/p>\n","protected":false},"excerpt":{"rendered":"<h2><strong>Tsitrulliin-Malaat<\/strong>:<\/h2>\n<ul>\n<li><span style=\"font-size: 14.4px;\">V\u00e4hendab lihases piimhapet<\/span><\/li>\n<li>Suurendab ATP\u00a0tootlikust<\/li>\n<li>Suurendab l\u00e4mmastikoksiidi (NO) tootlikust.<\/li>\n<li>V\u00f5imaldab peale treeningut paremini taastuda<\/li>\n<li>T\u00f5stab aeroobset t\u00f6\u00f6v\u00f5imet<\/li>\n<li>Suurep\u00e4rane fookus<\/li>\n<li>Kasvatab lihase j\u00f5udu ja energiat<\/li>\n<\/ul>\n<p><strong>Tsitrulliin Malaat<\/strong> on toidulisand mis v\u00e4hendab v\u00e4simust ning lihaspingeid ja samas suurendab treeningv\u00f5imekust.\u00a0 <strong>Tsitrulliin malaat<\/strong>\u00a0parandab lihaste vastupidavust\/ j\u00f5udlust, kuna tsitruliin maalaat suurendab aeroobset energiatootmist ja hoiab \u00e4ra v\u00e4simust. Tsitruliin maalaat v\u00e4hendab piimhappe ja ammoniaagi ehitusprotsessi ning kiirendab lihaskonna taastumist, t\u00f5estes kreatiinfosfaadi ja ATP (adenosiintrifosforhapet) s\u00fcnteesi (<em>resynthesis<\/em>) taset.<\/p>\n<p><strong>Tsitrulliin Malaat<\/strong> on unikaalne kombo aminohappest tsitrulliin ja orgaanilisest soolast malaat, mis kiirendab taastumist ning t\u00f5stab t\u00f6\u00f6v\u00f5imet.<\/p>\n","protected":false},"featured_media":67075,"comment_status":"open","ping_status":"closed","template":"","meta":[],"product_brand":[],"product_cat":[520,2314,1618,533],"product_tag":[1787,2750,1773,2751,2752],"giftcard-category":[],"class_list":{"0":"post-51305","1":"product","2":"type-product","3":"status-publish","4":"has-post-thumbnail","6":"product_cat-amino-acids-bcaa","7":"product_cat-citrulline-en","8":"product_cat-evolite-en","9":"product_cat-pre-workout-en","10":"product_tag-aminohapped-en","11":"product_tag-citrulline-malate-en","12":"product_tag-evolite-en","13":"product_tag-l-tsitrulliin-en","14":"product_tag-tsitrulliin-malaat-en","15":"pa_maitse-apple","16":"pa_maitse-black-currant","17":"pa_maitse-exotic-en","18":"pa_maitse-grape","19":"pa_maitse-lemon","20":"pa_maitse-natural","21":"pa_maitse-orange","23":"first","24":"instock","25":"sale","26":"taxable","27":"shipping-taxable","28":"purchasable","29":"product-type-variable"},"yoast_head":"<!-- This site is optimized with the Yoast SEO plugin v27.5 - https:\/\/yoast.com\/product\/yoast-seo-wordpress\/ -->\n<title>Citrulline Malate (300g) - Tsitrulliin - L-Tsitrulliin - Kiire tarne - Fit360<\/title>\n<meta name=\"description\" content=\"Citrulline Malate on unikaalne kombo aminohappest tsitrulliin ja orgaanilisest soolast malaat, mis kiirendab taastumist ning t\u00f5stab t\u00f6\u00f6v\u00f5imet\" \/>\n<meta name=\"robots\" content=\"index, follow, max-snippet:-1, max-image-preview:large, max-video-preview:-1\" \/>\n<link rel=\"canonical\" href=\"https:\/\/fit360.ee\/en\/pood\/product-groups\/amino-acids-bcaa\/citrulline-en\/citrulline-malate-300g\/\" \/>\n<meta property=\"og:locale\" content=\"en_US\" \/>\n<meta property=\"og:type\" content=\"article\" \/>\n<meta property=\"og:title\" content=\"Citrulline Malate (300g) - Tsitrulliin - L-Tsitrulliin - Kiire tarne - Fit360\" \/>\n<meta property=\"og:description\" content=\"Citrulline Malate on unikaalne kombo aminohappest tsitrulliin ja orgaanilisest soolast malaat, mis kiirendab taastumist ning t\u00f5stab t\u00f6\u00f6v\u00f5imet\" \/>\n<meta property=\"og:url\" content=\"https:\/\/fit360.ee\/en\/pood\/product-groups\/amino-acids-bcaa\/citrulline-en\/citrulline-malate-300g\/\" \/>\n<meta property=\"og:site_name\" content=\"Fit360\" \/>\n<meta property=\"article:modified_time\" content=\"2026-03-26T20:11:17+00:00\" \/>\n<meta property=\"og:image\" content=\"https:\/\/fit360.ee\/wp-content\/uploads\/2021\/03\/pol_pm_Evolite-Citrulline-malate-300g-No-flavour-8250_3.jpg\" \/>\n\t<meta property=\"og:image:width\" content=\"500\" \/>\n\t<meta property=\"og:image:height\" content=\"500\" \/>\n\t<meta property=\"og:image:type\" content=\"image\/jpeg\" \/>\n<meta name=\"twitter:card\" content=\"summary_large_image\" \/>\n<meta name=\"twitter:label1\" content=\"Est. reading time\" \/>\n\t<meta name=\"twitter:data1\" content=\"2 minutes\" \/>\n<script type=\"application\/ld+json\" class=\"yoast-schema-graph\">{\"@context\":\"https:\\\/\\\/schema.org\",\"@graph\":[{\"@type\":\"WebPage\",\"@id\":\"https:\\\/\\\/fit360.ee\\\/en\\\/pood\\\/product-groups\\\/amino-acids-bcaa\\\/citrulline-en\\\/citrulline-malate-300g\\\/\",\"url\":\"https:\\\/\\\/fit360.ee\\\/en\\\/pood\\\/product-groups\\\/amino-acids-bcaa\\\/citrulline-en\\\/citrulline-malate-300g\\\/\",\"name\":\"Citrulline Malate (300g) - Tsitrulliin - L-Tsitrulliin - Kiire tarne - Fit360\",\"isPartOf\":{\"@id\":\"https:\\\/\\\/fit360.ee\\\/en\\\/#website\"},\"primaryImageOfPage\":{\"@id\":\"https:\\\/\\\/fit360.ee\\\/en\\\/pood\\\/product-groups\\\/amino-acids-bcaa\\\/citrulline-en\\\/citrulline-malate-300g\\\/#primaryimage\"},\"image\":{\"@id\":\"https:\\\/\\\/fit360.ee\\\/en\\\/pood\\\/product-groups\\\/amino-acids-bcaa\\\/citrulline-en\\\/citrulline-malate-300g\\\/#primaryimage\"},\"thumbnailUrl\":\"https:\\\/\\\/fit360.ee\\\/wp-content\\\/uploads\\\/2021\\\/03\\\/pol_pm_Evolite-Citrulline-malate-300g-No-flavour-8250_3.jpg\",\"datePublished\":\"2021-03-14T11:10:38+00:00\",\"dateModified\":\"2026-03-26T20:11:17+00:00\",\"description\":\"Citrulline Malate on unikaalne kombo aminohappest tsitrulliin ja orgaanilisest soolast malaat, mis kiirendab taastumist ning t\u00f5stab t\u00f6\u00f6v\u00f5imet\",\"breadcrumb\":{\"@id\":\"https:\\\/\\\/fit360.ee\\\/en\\\/pood\\\/product-groups\\\/amino-acids-bcaa\\\/citrulline-en\\\/citrulline-malate-300g\\\/#breadcrumb\"},\"inLanguage\":\"en-US\",\"potentialAction\":[{\"@type\":\"ReadAction\",\"target\":[\"https:\\\/\\\/fit360.ee\\\/en\\\/pood\\\/product-groups\\\/amino-acids-bcaa\\\/citrulline-en\\\/citrulline-malate-300g\\\/\"]}]},{\"@type\":\"ImageObject\",\"inLanguage\":\"en-US\",\"@id\":\"https:\\\/\\\/fit360.ee\\\/en\\\/pood\\\/product-groups\\\/amino-acids-bcaa\\\/citrulline-en\\\/citrulline-malate-300g\\\/#primaryimage\",\"url\":\"https:\\\/\\\/fit360.ee\\\/wp-content\\\/uploads\\\/2021\\\/03\\\/pol_pm_Evolite-Citrulline-malate-300g-No-flavour-8250_3.jpg\",\"contentUrl\":\"https:\\\/\\\/fit360.ee\\\/wp-content\\\/uploads\\\/2021\\\/03\\\/pol_pm_Evolite-Citrulline-malate-300g-No-flavour-8250_3.jpg\",\"width\":500,\"height\":500,\"caption\":\"citrulline malate - fit360.ee\"},{\"@type\":\"BreadcrumbList\",\"@id\":\"https:\\\/\\\/fit360.ee\\\/en\\\/pood\\\/product-groups\\\/amino-acids-bcaa\\\/citrulline-en\\\/citrulline-malate-300g\\\/#breadcrumb\",\"itemListElement\":[{\"@type\":\"ListItem\",\"position\":1,\"name\":\"Home\",\"item\":\"https:\\\/\\\/fit360.ee\\\/en\\\/\"},{\"@type\":\"ListItem\",\"position\":2,\"name\":\"Shop\",\"item\":\"https:\\\/\\\/fit360.ee\\\/en\\\/shop\\\/\"},{\"@type\":\"ListItem\",\"position\":3,\"name\":\"Citrulline Malate (300g)\"}]},{\"@type\":\"WebSite\",\"@id\":\"https:\\\/\\\/fit360.ee\\\/en\\\/#website\",\"url\":\"https:\\\/\\\/fit360.ee\\\/en\\\/\",\"name\":\"Fit360\",\"description\":\"\",\"publisher\":{\"@id\":\"https:\\\/\\\/fit360.ee\\\/en\\\/#organization\"},\"potentialAction\":[{\"@type\":\"SearchAction\",\"target\":{\"@type\":\"EntryPoint\",\"urlTemplate\":\"https:\\\/\\\/fit360.ee\\\/en\\\/?s={search_term_string}\"},\"query-input\":{\"@type\":\"PropertyValueSpecification\",\"valueRequired\":true,\"valueName\":\"search_term_string\"}}],\"inLanguage\":\"en-US\"},{\"@type\":\"Organization\",\"@id\":\"https:\\\/\\\/fit360.ee\\\/en\\\/#organization\",\"name\":\"Fit360\",\"url\":\"https:\\\/\\\/fit360.ee\\\/en\\\/\",\"logo\":{\"@type\":\"ImageObject\",\"inLanguage\":\"en-US\",\"@id\":\"https:\\\/\\\/fit360.ee\\\/en\\\/#\\\/schema\\\/logo\\\/image\\\/\",\"url\":\"https:\\\/\\\/fit360.ee\\\/wp-content\\\/uploads\\\/2017\\\/01\\\/logo-fit360.png\",\"contentUrl\":\"https:\\\/\\\/fit360.ee\\\/wp-content\\\/uploads\\\/2017\\\/01\\\/logo-fit360.png\",\"width\":180,\"height\":66,\"caption\":\"Fit360\"},\"image\":{\"@id\":\"https:\\\/\\\/fit360.ee\\\/en\\\/#\\\/schema\\\/logo\\\/image\\\/\"}}]}<\/script>\n<!-- \/ Yoast SEO plugin. -->","yoast_head_json":{"title":"Citrulline Malate (300g) - Tsitrulliin - L-Tsitrulliin - Kiire tarne - Fit360","description":"Citrulline Malate on unikaalne kombo aminohappest tsitrulliin ja orgaanilisest soolast malaat, mis kiirendab taastumist ning t\u00f5stab t\u00f6\u00f6v\u00f5imet","robots":{"index":"index","follow":"follow","max-snippet":"max-snippet:-1","max-image-preview":"max-image-preview:large","max-video-preview":"max-video-preview:-1"},"canonical":"https:\/\/fit360.ee\/en\/pood\/product-groups\/amino-acids-bcaa\/citrulline-en\/citrulline-malate-300g\/","og_locale":"en_US","og_type":"article","og_title":"Citrulline Malate (300g) - Tsitrulliin - L-Tsitrulliin - Kiire tarne - Fit360","og_description":"Citrulline Malate on unikaalne kombo aminohappest tsitrulliin ja orgaanilisest soolast malaat, mis kiirendab taastumist ning t\u00f5stab t\u00f6\u00f6v\u00f5imet","og_url":"https:\/\/fit360.ee\/en\/pood\/product-groups\/amino-acids-bcaa\/citrulline-en\/citrulline-malate-300g\/","og_site_name":"Fit360","article_modified_time":"2026-03-26T20:11:17+00:00","og_image":[{"width":500,"height":500,"url":"https:\/\/fit360.ee\/wp-content\/uploads\/2021\/03\/pol_pm_Evolite-Citrulline-malate-300g-No-flavour-8250_3.jpg","type":"image\/jpeg"}],"twitter_card":"summary_large_image","twitter_misc":{"Est. reading time":"2 minutes"},"schema":{"@context":"https:\/\/schema.org","@graph":[{"@type":"WebPage","@id":"https:\/\/fit360.ee\/en\/pood\/product-groups\/amino-acids-bcaa\/citrulline-en\/citrulline-malate-300g\/","url":"https:\/\/fit360.ee\/en\/pood\/product-groups\/amino-acids-bcaa\/citrulline-en\/citrulline-malate-300g\/","name":"Citrulline Malate (300g) - Tsitrulliin - L-Tsitrulliin - Kiire tarne - Fit360","isPartOf":{"@id":"https:\/\/fit360.ee\/en\/#website"},"primaryImageOfPage":{"@id":"https:\/\/fit360.ee\/en\/pood\/product-groups\/amino-acids-bcaa\/citrulline-en\/citrulline-malate-300g\/#primaryimage"},"image":{"@id":"https:\/\/fit360.ee\/en\/pood\/product-groups\/amino-acids-bcaa\/citrulline-en\/citrulline-malate-300g\/#primaryimage"},"thumbnailUrl":"https:\/\/fit360.ee\/wp-content\/uploads\/2021\/03\/pol_pm_Evolite-Citrulline-malate-300g-No-flavour-8250_3.jpg","datePublished":"2021-03-14T11:10:38+00:00","dateModified":"2026-03-26T20:11:17+00:00","description":"Citrulline Malate on unikaalne kombo aminohappest tsitrulliin ja orgaanilisest soolast malaat, mis kiirendab taastumist ning t\u00f5stab t\u00f6\u00f6v\u00f5imet","breadcrumb":{"@id":"https:\/\/fit360.ee\/en\/pood\/product-groups\/amino-acids-bcaa\/citrulline-en\/citrulline-malate-300g\/#breadcrumb"},"inLanguage":"en-US","potentialAction":[{"@type":"ReadAction","target":["https:\/\/fit360.ee\/en\/pood\/product-groups\/amino-acids-bcaa\/citrulline-en\/citrulline-malate-300g\/"]}]},{"@type":"ImageObject","inLanguage":"en-US","@id":"https:\/\/fit360.ee\/en\/pood\/product-groups\/amino-acids-bcaa\/citrulline-en\/citrulline-malate-300g\/#primaryimage","url":"https:\/\/fit360.ee\/wp-content\/uploads\/2021\/03\/pol_pm_Evolite-Citrulline-malate-300g-No-flavour-8250_3.jpg","contentUrl":"https:\/\/fit360.ee\/wp-content\/uploads\/2021\/03\/pol_pm_Evolite-Citrulline-malate-300g-No-flavour-8250_3.jpg","width":500,"height":500,"caption":"citrulline malate - fit360.ee"},{"@type":"BreadcrumbList","@id":"https:\/\/fit360.ee\/en\/pood\/product-groups\/amino-acids-bcaa\/citrulline-en\/citrulline-malate-300g\/#breadcrumb","itemListElement":[{"@type":"ListItem","position":1,"name":"Home","item":"https:\/\/fit360.ee\/en\/"},{"@type":"ListItem","position":2,"name":"Shop","item":"https:\/\/fit360.ee\/en\/shop\/"},{"@type":"ListItem","position":3,"name":"Citrulline Malate (300g)"}]},{"@type":"WebSite","@id":"https:\/\/fit360.ee\/en\/#website","url":"https:\/\/fit360.ee\/en\/","name":"Fit360","description":"","publisher":{"@id":"https:\/\/fit360.ee\/en\/#organization"},"potentialAction":[{"@type":"SearchAction","target":{"@type":"EntryPoint","urlTemplate":"https:\/\/fit360.ee\/en\/?s={search_term_string}"},"query-input":{"@type":"PropertyValueSpecification","valueRequired":true,"valueName":"search_term_string"}}],"inLanguage":"en-US"},{"@type":"Organization","@id":"https:\/\/fit360.ee\/en\/#organization","name":"Fit360","url":"https:\/\/fit360.ee\/en\/","logo":{"@type":"ImageObject","inLanguage":"en-US","@id":"https:\/\/fit360.ee\/en\/#\/schema\/logo\/image\/","url":"https:\/\/fit360.ee\/wp-content\/uploads\/2017\/01\/logo-fit360.png","contentUrl":"https:\/\/fit360.ee\/wp-content\/uploads\/2017\/01\/logo-fit360.png","width":180,"height":66,"caption":"Fit360"},"image":{"@id":"https:\/\/fit360.ee\/en\/#\/schema\/logo\/image\/"}}]}},"_links":{"self":[{"href":"https:\/\/fit360.ee\/en\/wp-json\/wp\/v2\/product\/51305","targetHints":{"allow":["GET"]}}],"collection":[{"href":"https:\/\/fit360.ee\/en\/wp-json\/wp\/v2\/product"}],"about":[{"href":"https:\/\/fit360.ee\/en\/wp-json\/wp\/v2\/types\/product"}],"replies":[{"embeddable":true,"href":"https:\/\/fit360.ee\/en\/wp-json\/wp\/v2\/comments?post=51305"}],"wp:featuredmedia":[{"embeddable":true,"href":"https:\/\/fit360.ee\/en\/wp-json\/wp\/v2\/media\/67075"}],"wp:attachment":[{"href":"https:\/\/fit360.ee\/en\/wp-json\/wp\/v2\/media?parent=51305"}],"wp:term":[{"taxonomy":"product_brand","embeddable":true,"href":"https:\/\/fit360.ee\/en\/wp-json\/wp\/v2\/product_brand?post=51305"},{"taxonomy":"product_cat","embeddable":true,"href":"https:\/\/fit360.ee\/en\/wp-json\/wp\/v2\/product_cat?post=51305"},{"taxonomy":"product_tag","embeddable":true,"href":"https:\/\/fit360.ee\/en\/wp-json\/wp\/v2\/product_tag?post=51305"},{"taxonomy":"giftcard-category","embeddable":true,"href":"https:\/\/fit360.ee\/en\/wp-json\/wp\/v2\/giftcard-category?post=51305"}],"curies":[{"name":"wp","href":"https:\/\/api.w.org\/{rel}","templated":true}]}}