{"id":51315,"date":"2021-03-14T14:13:33","date_gmt":"2021-03-14T12:13:33","guid":{"rendered":"https:\/\/fit360.ee\/pood\/uncategorized\/berberine-hcl-60tabs\/"},"modified":"2026-04-10T14:42:35","modified_gmt":"2026-04-10T12:42:35","slug":"berberine-hcl-60tabs","status":"publish","type":"product","link":"https:\/\/fit360.ee\/en\/pood\/product-groups\/superfoods-health-foods-en\/berberine-en\/berberine-hcl-60tabs\/","title":{"rendered":"Berberine HCL (60tabs)"},"content":{"rendered":"<h1>Berberiin<\/h1>\n<p>Berberine HCL ehk Berberiin h\u00fcdrokloriid on toidulisand tablettidena, mis sisaldavad berberiini ekstrakti. H\u00fcdrokloriid on puhtaim ja k\u00f5rgeima imenduvusega tableti vorm.<\/p>\n<p>Berberiin on aine, mis p\u00e4rineb Berberise perekonna taimedest. See kuulub alkaloidide r\u00fchma. Sellel on positiivne m\u00f5ju soolestiku talitlusele ja soole limaskesta regulatsioonile. Berberiini saab kasutada suhkru ja insuliini ainevahetuse h\u00e4irete korral kehas, kuna see m\u00f5jutab insuliini retseptorite koguse ja tundlikkuse suurenemist. Veelgi enam, see l\u00fckkab edasi keeruliste s\u00fcsivesikute lagunemist lihtsateks suhkruteks, sealhulgas makrobiootikumide reguleerimise kaudu, stimuleerides SFA tarbimist. Berberiin j\u00e4ljendab insuliini toimet, suurendades gl\u00fckoosi omastamist, mist\u00f5ttu seda nimetatakse insulomimeetikumiks.<\/p>\n<p>Berberiinil on kasulik m\u00f5ju kehakaalu langetamisel. See aitab suurendada adiponektiini (rasvkoe eritatava hormooni, mis m\u00e4ngib rolli insuliinitundlikkuse parandamisel) aktiivsust, mis p\u00f5hjustab seda, et berberiin on toidulisand, mis toetab rasvkoe v\u00e4hendamist &#8211; nii gl\u00fckeemilise indeksi reguleerimise kui ka hormoonid, mida eritub rasvkoes. Pealegi m\u00f5jutab berberiin ka m\u00e4lu. Seda saab kasutada kognitiivsete funktsioonide ja m\u00e4lu parandamise vahendina, peamiselt kolinergiliste radade m\u00f5jutamise kaudu.<\/p>\n<h3><strong>Berberiini positiivsed omadused<\/strong>:<\/h3>\n<ul>\n<li>Aitab alandada veresuhkru taset<\/li>\n<li>M\u00f5jub positiivselt soolte t\u00f6\u00f6le<\/li>\n<li>Toetab kaalulangetust<\/li>\n<li>Toetab aju t\u00f6\u00f6d (m\u00e4lu, kontsentratsioon)<\/li>\n<li>On p\u00f5letikuvastase toimega<\/li>\n<li>V\u00f5ib olla toeks v\u00f5itluses depressiooni vastu<\/li>\n<\/ul>\n<p><strong>Koostisosad<\/strong>: Berberiinvesinikkloriid, paakumisvastased ained: kaltsiumfosfaat, r\u00e4nidioksiid, magneesiumstearaat; t\u00e4idisena kasutatavad ained: tselluloos, t\u00e4rklis<\/p>\n<p><strong>Kasutamine<\/strong>: V\u00f5ta 1 tablett p\u00e4evas koos veega.<\/p>\n<p><strong>Suurus<\/strong>: 60 tabletti &#8211; 60 serveeringut<\/p>\n<table>\n<tbody>\n<tr>\n<td width=\"307\"><strong>Aktiivsed toimeained<\/strong><\/td>\n<td width=\"307\"><strong>1 tablett<\/strong><\/td>\n<\/tr>\n<tr>\n<td width=\"307\">Berberiin h\u00fcdrokloriid &#8211; Berberine HCL<\/td>\n<td width=\"307\">500mg<\/td>\n<\/tr>\n<\/tbody>\n<\/table>\n<p>Vaata ka teisi Rasvap\u00f5letajaid <a href=\"https:\/\/fit360.ee\/en\/product-category\/product-groups\/fat-burners-en\/\"><strong>SIIT<\/strong><\/a>! V\u00f5i Aju tegevust toetavaid toidulisandeid <a href=\"https:\/\/fit360.ee\/en\/product-category\/product-groups\/brain-support-nootropics-en\/\"><strong>SIIT<\/strong><\/a>!<\/p>\n<p>Soovid kaupa osta suuremas koguses? Vaata antud toodet ka meie HULGI poest <a href=\"https:\/\/toidulisandidhulgi.ee\/product\/berberine-hcl-60tabs\/\"><strong>SIIT<\/strong><\/a>!<\/p>\n","protected":false},"excerpt":{"rendered":"<h2>Berberine HCL:<\/h2>\n<ul>\n<li>Aitab alandada veresuhkru taset<\/li>\n<li>M\u00f5jub positiivselt soolte t\u00f6\u00f6le<\/li>\n<li>Toetab kaalulangetust<\/li>\n<li>Toetab aju t\u00f6\u00f6d (m\u00e4lu, kontsentratsioon)<\/li>\n<li>On p\u00f5letikuvastase toimega<\/li>\n<li>V\u00f5ib olla toeks v\u00f5itluses depressiooni vastu<\/li>\n<\/ul>\n<p>Berberiinil on kasulik m\u00f5ju kehakaalu langetamisel. See aitab suurendada adiponektiini (rasvkoe eritatava hormooni, mis m\u00e4ngib rolli insuliinitundlikkuse parandamisel) aktiivsust, mis p\u00f5hjustab seda, et berberiin on toidulisand, mis toetab rasvkoe v\u00e4hendamist &#8211; nii gl\u00fckeemilise indeksi reguleerimise kui ka hormoonid, mida eritub rasvkoes. Pealegi m\u00f5jutab berberiin ka m\u00e4lu. Seda saab kasutada kognitiivsete funktsioonide ja m\u00e4lu parandamise vahendina, peamiselt kolinergiliste radade m\u00f5jutamise kaudu.<\/p>\n","protected":false},"featured_media":51313,"comment_status":"closed","ping_status":"closed","template":"","meta":[],"product_brand":[],"product_cat":[5350,2485,530,515,2408,1454,536],"product_tag":[2756,2757,2758,1803],"giftcard-category":[],"class_list":{"0":"post-51315","1":"product","2":"type-product","3":"status-publish","4":"has-post-thumbnail","6":"product_cat-berberine-en","7":"product_cat-brain-support-nootropics-en","8":"product_cat-fat-burners-en","9":"product_cat-real-pharm","10":"product_cat-stimulant-free-fat-burners-en","11":"product_cat-superfoods-health-foods-en","12":"product_cat-vitamins-and-minerals-en","13":"product_tag-berberiin-en","14":"product_tag-berberine-en","15":"product_tag-berberine-hcl-en","16":"product_tag-real-pharm-en","17":"pa_toidulisand-branddd-real-pharm","18":"pa_tootegruppp-aju-tegevus-nootropics-en","19":"pa_tootegruppp-berberiin-en","20":"pa_tootegruppp-stimulandivaba-en","21":"pa_tootegruppp-supertoit-tervisetoit-en","22":"pa_tootegruppp-vitamins-and-minerals","23":"pa_tootegruppp-weight-loss","25":"first","26":"instock","27":"sale","28":"taxable","29":"shipping-taxable","30":"purchasable","31":"product-type-simple"},"yoast_head":"<!-- This site is optimized with the Yoast SEO plugin v27.3 - https:\/\/yoast.com\/product\/yoast-seo-wordpress\/ -->\n<title>Berberine HCL (60tabs) - Berberiin - Aju tegevus - Rasvap\u00f5letus - Fit360<\/title>\n<meta name=\"description\" content=\"Berberine HCL on puhtaim ja k\u00f5rgeima imenduvusega Berberiini vorm. Berberiinil on kasulik m\u00f5ju kehakaalu langetamisel ja toetab aju t\u00f6\u00f6d.\" \/>\n<meta name=\"robots\" content=\"index, follow, max-snippet:-1, max-image-preview:large, max-video-preview:-1\" \/>\n<link rel=\"canonical\" href=\"https:\/\/fit360.ee\/en\/pood\/product-groups\/superfoods-health-foods-en\/berberine-en\/berberine-hcl-60tabs\/\" \/>\n<meta property=\"og:locale\" content=\"en_US\" \/>\n<meta property=\"og:type\" content=\"article\" \/>\n<meta property=\"og:title\" content=\"Berberine HCL (60tabs) - Berberiin - Aju tegevus - Rasvap\u00f5letus - Fit360\" \/>\n<meta property=\"og:description\" content=\"Berberine HCL on puhtaim ja k\u00f5rgeima imenduvusega Berberiini vorm. Berberiinil on kasulik m\u00f5ju kehakaalu langetamisel ja toetab aju t\u00f6\u00f6d.\" \/>\n<meta property=\"og:url\" content=\"https:\/\/fit360.ee\/en\/pood\/product-groups\/superfoods-health-foods-en\/berberine-en\/berberine-hcl-60tabs\/\" \/>\n<meta property=\"og:site_name\" content=\"Fit360\" \/>\n<meta property=\"article:modified_time\" content=\"2026-04-10T12:42:35+00:00\" \/>\n<meta property=\"og:image\" content=\"https:\/\/fit360.ee\/wp-content\/uploads\/2021\/03\/berberine-HCL-berberiin-60tabs-fit360.ee_.png\" \/>\n\t<meta property=\"og:image:width\" content=\"800\" \/>\n\t<meta property=\"og:image:height\" content=\"800\" \/>\n\t<meta property=\"og:image:type\" content=\"image\/png\" \/>\n<meta name=\"twitter:card\" content=\"summary_large_image\" \/>\n<meta name=\"twitter:label1\" content=\"Est. reading time\" \/>\n\t<meta name=\"twitter:data1\" content=\"1 minute\" \/>\n<script type=\"application\/ld+json\" class=\"yoast-schema-graph\">{\"@context\":\"https:\\\/\\\/schema.org\",\"@graph\":[{\"@type\":\"WebPage\",\"@id\":\"https:\\\/\\\/fit360.ee\\\/en\\\/pood\\\/product-groups\\\/superfoods-health-foods-en\\\/berberine-en\\\/berberine-hcl-60tabs\\\/\",\"url\":\"https:\\\/\\\/fit360.ee\\\/en\\\/pood\\\/product-groups\\\/superfoods-health-foods-en\\\/berberine-en\\\/berberine-hcl-60tabs\\\/\",\"name\":\"Berberine HCL (60tabs) - Berberiin - Aju tegevus - Rasvap\u00f5letus - Fit360\",\"isPartOf\":{\"@id\":\"https:\\\/\\\/fit360.ee\\\/en\\\/#website\"},\"primaryImageOfPage\":{\"@id\":\"https:\\\/\\\/fit360.ee\\\/en\\\/pood\\\/product-groups\\\/superfoods-health-foods-en\\\/berberine-en\\\/berberine-hcl-60tabs\\\/#primaryimage\"},\"image\":{\"@id\":\"https:\\\/\\\/fit360.ee\\\/en\\\/pood\\\/product-groups\\\/superfoods-health-foods-en\\\/berberine-en\\\/berberine-hcl-60tabs\\\/#primaryimage\"},\"thumbnailUrl\":\"https:\\\/\\\/fit360.ee\\\/wp-content\\\/uploads\\\/2021\\\/03\\\/berberine-HCL-berberiin-60tabs-fit360.ee_.png\",\"datePublished\":\"2021-03-14T12:13:33+00:00\",\"dateModified\":\"2026-04-10T12:42:35+00:00\",\"description\":\"Berberine HCL on puhtaim ja k\u00f5rgeima imenduvusega Berberiini vorm. Berberiinil on kasulik m\u00f5ju kehakaalu langetamisel ja toetab aju t\u00f6\u00f6d.\",\"breadcrumb\":{\"@id\":\"https:\\\/\\\/fit360.ee\\\/en\\\/pood\\\/product-groups\\\/superfoods-health-foods-en\\\/berberine-en\\\/berberine-hcl-60tabs\\\/#breadcrumb\"},\"inLanguage\":\"en-US\",\"potentialAction\":[{\"@type\":\"ReadAction\",\"target\":[\"https:\\\/\\\/fit360.ee\\\/en\\\/pood\\\/product-groups\\\/superfoods-health-foods-en\\\/berberine-en\\\/berberine-hcl-60tabs\\\/\"]}]},{\"@type\":\"ImageObject\",\"inLanguage\":\"en-US\",\"@id\":\"https:\\\/\\\/fit360.ee\\\/en\\\/pood\\\/product-groups\\\/superfoods-health-foods-en\\\/berberine-en\\\/berberine-hcl-60tabs\\\/#primaryimage\",\"url\":\"https:\\\/\\\/fit360.ee\\\/wp-content\\\/uploads\\\/2021\\\/03\\\/berberine-HCL-berberiin-60tabs-fit360.ee_.png\",\"contentUrl\":\"https:\\\/\\\/fit360.ee\\\/wp-content\\\/uploads\\\/2021\\\/03\\\/berberine-HCL-berberiin-60tabs-fit360.ee_.png\",\"width\":800,\"height\":800,\"caption\":\"berberine HCL berberiin 60tabs - fit360.ee\"},{\"@type\":\"BreadcrumbList\",\"@id\":\"https:\\\/\\\/fit360.ee\\\/en\\\/pood\\\/product-groups\\\/superfoods-health-foods-en\\\/berberine-en\\\/berberine-hcl-60tabs\\\/#breadcrumb\",\"itemListElement\":[{\"@type\":\"ListItem\",\"position\":1,\"name\":\"Home\",\"item\":\"https:\\\/\\\/fit360.ee\\\/en\\\/\"},{\"@type\":\"ListItem\",\"position\":2,\"name\":\"Shop\",\"item\":\"https:\\\/\\\/fit360.ee\\\/en\\\/shop\\\/\"},{\"@type\":\"ListItem\",\"position\":3,\"name\":\"Berberine HCL (60tabs)\"}]},{\"@type\":\"WebSite\",\"@id\":\"https:\\\/\\\/fit360.ee\\\/en\\\/#website\",\"url\":\"https:\\\/\\\/fit360.ee\\\/en\\\/\",\"name\":\"Fit360\",\"description\":\"\",\"publisher\":{\"@id\":\"https:\\\/\\\/fit360.ee\\\/en\\\/#organization\"},\"potentialAction\":[{\"@type\":\"SearchAction\",\"target\":{\"@type\":\"EntryPoint\",\"urlTemplate\":\"https:\\\/\\\/fit360.ee\\\/en\\\/?s={search_term_string}\"},\"query-input\":{\"@type\":\"PropertyValueSpecification\",\"valueRequired\":true,\"valueName\":\"search_term_string\"}}],\"inLanguage\":\"en-US\"},{\"@type\":\"Organization\",\"@id\":\"https:\\\/\\\/fit360.ee\\\/en\\\/#organization\",\"name\":\"Fit360\",\"url\":\"https:\\\/\\\/fit360.ee\\\/en\\\/\",\"logo\":{\"@type\":\"ImageObject\",\"inLanguage\":\"en-US\",\"@id\":\"https:\\\/\\\/fit360.ee\\\/en\\\/#\\\/schema\\\/logo\\\/image\\\/\",\"url\":\"https:\\\/\\\/fit360.ee\\\/wp-content\\\/uploads\\\/2017\\\/01\\\/logo-fit360.png\",\"contentUrl\":\"https:\\\/\\\/fit360.ee\\\/wp-content\\\/uploads\\\/2017\\\/01\\\/logo-fit360.png\",\"width\":180,\"height\":66,\"caption\":\"Fit360\"},\"image\":{\"@id\":\"https:\\\/\\\/fit360.ee\\\/en\\\/#\\\/schema\\\/logo\\\/image\\\/\"}}]}<\/script>\n<!-- \/ Yoast SEO plugin. -->","yoast_head_json":{"title":"Berberine HCL (60tabs) - Berberiin - Aju tegevus - Rasvap\u00f5letus - Fit360","description":"Berberine HCL on puhtaim ja k\u00f5rgeima imenduvusega Berberiini vorm. Berberiinil on kasulik m\u00f5ju kehakaalu langetamisel ja toetab aju t\u00f6\u00f6d.","robots":{"index":"index","follow":"follow","max-snippet":"max-snippet:-1","max-image-preview":"max-image-preview:large","max-video-preview":"max-video-preview:-1"},"canonical":"https:\/\/fit360.ee\/en\/pood\/product-groups\/superfoods-health-foods-en\/berberine-en\/berberine-hcl-60tabs\/","og_locale":"en_US","og_type":"article","og_title":"Berberine HCL (60tabs) - Berberiin - Aju tegevus - Rasvap\u00f5letus - Fit360","og_description":"Berberine HCL on puhtaim ja k\u00f5rgeima imenduvusega Berberiini vorm. Berberiinil on kasulik m\u00f5ju kehakaalu langetamisel ja toetab aju t\u00f6\u00f6d.","og_url":"https:\/\/fit360.ee\/en\/pood\/product-groups\/superfoods-health-foods-en\/berberine-en\/berberine-hcl-60tabs\/","og_site_name":"Fit360","article_modified_time":"2026-04-10T12:42:35+00:00","og_image":[{"width":800,"height":800,"url":"https:\/\/fit360.ee\/wp-content\/uploads\/2021\/03\/berberine-HCL-berberiin-60tabs-fit360.ee_.png","type":"image\/png"}],"twitter_card":"summary_large_image","twitter_misc":{"Est. reading time":"1 minute"},"schema":{"@context":"https:\/\/schema.org","@graph":[{"@type":"WebPage","@id":"https:\/\/fit360.ee\/en\/pood\/product-groups\/superfoods-health-foods-en\/berberine-en\/berberine-hcl-60tabs\/","url":"https:\/\/fit360.ee\/en\/pood\/product-groups\/superfoods-health-foods-en\/berberine-en\/berberine-hcl-60tabs\/","name":"Berberine HCL (60tabs) - Berberiin - Aju tegevus - Rasvap\u00f5letus - Fit360","isPartOf":{"@id":"https:\/\/fit360.ee\/en\/#website"},"primaryImageOfPage":{"@id":"https:\/\/fit360.ee\/en\/pood\/product-groups\/superfoods-health-foods-en\/berberine-en\/berberine-hcl-60tabs\/#primaryimage"},"image":{"@id":"https:\/\/fit360.ee\/en\/pood\/product-groups\/superfoods-health-foods-en\/berberine-en\/berberine-hcl-60tabs\/#primaryimage"},"thumbnailUrl":"https:\/\/fit360.ee\/wp-content\/uploads\/2021\/03\/berberine-HCL-berberiin-60tabs-fit360.ee_.png","datePublished":"2021-03-14T12:13:33+00:00","dateModified":"2026-04-10T12:42:35+00:00","description":"Berberine HCL on puhtaim ja k\u00f5rgeima imenduvusega Berberiini vorm. Berberiinil on kasulik m\u00f5ju kehakaalu langetamisel ja toetab aju t\u00f6\u00f6d.","breadcrumb":{"@id":"https:\/\/fit360.ee\/en\/pood\/product-groups\/superfoods-health-foods-en\/berberine-en\/berberine-hcl-60tabs\/#breadcrumb"},"inLanguage":"en-US","potentialAction":[{"@type":"ReadAction","target":["https:\/\/fit360.ee\/en\/pood\/product-groups\/superfoods-health-foods-en\/berberine-en\/berberine-hcl-60tabs\/"]}]},{"@type":"ImageObject","inLanguage":"en-US","@id":"https:\/\/fit360.ee\/en\/pood\/product-groups\/superfoods-health-foods-en\/berberine-en\/berberine-hcl-60tabs\/#primaryimage","url":"https:\/\/fit360.ee\/wp-content\/uploads\/2021\/03\/berberine-HCL-berberiin-60tabs-fit360.ee_.png","contentUrl":"https:\/\/fit360.ee\/wp-content\/uploads\/2021\/03\/berberine-HCL-berberiin-60tabs-fit360.ee_.png","width":800,"height":800,"caption":"berberine HCL berberiin 60tabs - fit360.ee"},{"@type":"BreadcrumbList","@id":"https:\/\/fit360.ee\/en\/pood\/product-groups\/superfoods-health-foods-en\/berberine-en\/berberine-hcl-60tabs\/#breadcrumb","itemListElement":[{"@type":"ListItem","position":1,"name":"Home","item":"https:\/\/fit360.ee\/en\/"},{"@type":"ListItem","position":2,"name":"Shop","item":"https:\/\/fit360.ee\/en\/shop\/"},{"@type":"ListItem","position":3,"name":"Berberine HCL (60tabs)"}]},{"@type":"WebSite","@id":"https:\/\/fit360.ee\/en\/#website","url":"https:\/\/fit360.ee\/en\/","name":"Fit360","description":"","publisher":{"@id":"https:\/\/fit360.ee\/en\/#organization"},"potentialAction":[{"@type":"SearchAction","target":{"@type":"EntryPoint","urlTemplate":"https:\/\/fit360.ee\/en\/?s={search_term_string}"},"query-input":{"@type":"PropertyValueSpecification","valueRequired":true,"valueName":"search_term_string"}}],"inLanguage":"en-US"},{"@type":"Organization","@id":"https:\/\/fit360.ee\/en\/#organization","name":"Fit360","url":"https:\/\/fit360.ee\/en\/","logo":{"@type":"ImageObject","inLanguage":"en-US","@id":"https:\/\/fit360.ee\/en\/#\/schema\/logo\/image\/","url":"https:\/\/fit360.ee\/wp-content\/uploads\/2017\/01\/logo-fit360.png","contentUrl":"https:\/\/fit360.ee\/wp-content\/uploads\/2017\/01\/logo-fit360.png","width":180,"height":66,"caption":"Fit360"},"image":{"@id":"https:\/\/fit360.ee\/en\/#\/schema\/logo\/image\/"}}]}},"_links":{"self":[{"href":"https:\/\/fit360.ee\/en\/wp-json\/wp\/v2\/product\/51315","targetHints":{"allow":["GET"]}}],"collection":[{"href":"https:\/\/fit360.ee\/en\/wp-json\/wp\/v2\/product"}],"about":[{"href":"https:\/\/fit360.ee\/en\/wp-json\/wp\/v2\/types\/product"}],"replies":[{"embeddable":true,"href":"https:\/\/fit360.ee\/en\/wp-json\/wp\/v2\/comments?post=51315"}],"wp:featuredmedia":[{"embeddable":true,"href":"https:\/\/fit360.ee\/en\/wp-json\/wp\/v2\/media\/51313"}],"wp:attachment":[{"href":"https:\/\/fit360.ee\/en\/wp-json\/wp\/v2\/media?parent=51315"}],"wp:term":[{"taxonomy":"product_brand","embeddable":true,"href":"https:\/\/fit360.ee\/en\/wp-json\/wp\/v2\/product_brand?post=51315"},{"taxonomy":"product_cat","embeddable":true,"href":"https:\/\/fit360.ee\/en\/wp-json\/wp\/v2\/product_cat?post=51315"},{"taxonomy":"product_tag","embeddable":true,"href":"https:\/\/fit360.ee\/en\/wp-json\/wp\/v2\/product_tag?post=51315"},{"taxonomy":"giftcard-category","embeddable":true,"href":"https:\/\/fit360.ee\/en\/wp-json\/wp\/v2\/giftcard-category?post=51315"}],"curies":[{"name":"wp","href":"https:\/\/api.w.org\/{rel}","templated":true}]}}