{"id":51636,"date":"2021-03-29T16:34:56","date_gmt":"2021-03-29T14:34:56","guid":{"rendered":"https:\/\/fit360.ee\/?post_type=product&#038;p=51636"},"modified":"2026-04-10T14:42:38","modified_gmt":"2026-04-10T12:42:38","slug":"gotu-kola-kapslid-60caps","status":"publish","type":"product","link":"https:\/\/fit360.ee\/en\/pood\/product-groups\/vitamins-and-minerals-en\/gotu-kola-kapslid-60caps\/","title":{"rendered":"Gotu Kola kapslid (60caps)"},"content":{"rendered":"<h2><strong>Gotu Kola<\/strong><\/h2>\n<p><strong>Gotu Kola<\/strong> ehk Aasia vesinaba ehk <em>Centella asiatica\u00a0<\/em>on tuntud rohttaim, mis kasvab k\u00f5ikjal Indias, Hiinas, Indoneesias, Aafrikas, Tseilonil ja Madagaskaril. Gotu Kola kapslid on kergesti imenduvad ning neid on mugav tarvitada.<\/p>\n<p><strong>Koostisosad<\/strong>: Gotu Kola (<em>Centella Asiatica<\/em>) ekstrakt, riisijahu<\/p>\n<p><strong>Kasutamine<\/strong>: 1 kapsel p\u00e4evas koos s\u00f6\u00f6giga.<\/p>\n<p>Toode pole m\u00f5eldud rasedatele ja imetavatele emadele. Toidulisand pole m\u00f5eldud mitmekesise toitumise asendajana. Oluline on toituda mitmek\u00fclgselt ja tasakaalustatult ning harrastada tervisliku eluviisi.<\/p>\n<p><strong>NB!<\/strong> Toode ei asenda mitmek\u00fclgset toitumist. Hoida lastele k\u00e4ttesaamatus kohas. <strong>\u00c4ra \u00fcleta p\u00e4evast soovitatud kogust!<\/strong><\/p>\n<p><strong>Suurus<\/strong>: 60 kapslit<\/p>\n<table>\n<tbody>\n<tr>\n<td width=\"160\"><strong>Aktiivsed toimeained<\/strong><\/td>\n<td width=\"160\"><strong>1 kapsel<\/strong><\/td>\n<td width=\"160\"><strong>2 kapslit<\/strong><\/td>\n<\/tr>\n<tr>\n<td width=\"160\">Gotu Kola kapslid<\/td>\n<td width=\"160\">435mg<\/td>\n<td width=\"160\">870mg<\/td>\n<\/tr>\n<\/tbody>\n<\/table>\n<p>Vaata ka teisi Aju tegevust toetavaid toidulisandeid <a href=\"https:\/\/fit360.ee\/en\/product-category\/product-groups\/brain-support-nootropics-en\/\"><strong>SIIT<\/strong><\/a>!<\/p>\n<p>Soovid kaupa osta suuremas koguses? Vaata antud toodet ka meie HULGI poest\u00a0<a href=\"https:\/\/toidulisandidhulgi.ee\/product\/gotu-kola-kapslid-60caps\/\"><strong>SIIT<\/strong><\/a>!<\/p>\n","protected":false},"excerpt":{"rendered":"<p><strong>Positiivsed omadused<\/strong>:<\/p>\n<ul>\n<li>Mugav vorm<\/li>\n<li>T\u00f5hus<\/li>\n<li>Gotu Kola allikas<\/li>\n<\/ul>\n","protected":false},"featured_media":51640,"comment_status":"closed","ping_status":"closed","template":"","meta":[],"product_brand":[],"product_cat":[2485,1454,1651,536],"product_tag":[2638,2639,2640,1848],"giftcard-category":[],"class_list":{"0":"post-51636","1":"product","2":"type-product","3":"status-publish","4":"has-post-thumbnail","6":"product_cat-brain-support-nootropics-en","7":"product_cat-superfoods-health-foods-en","8":"product_cat-swanson-en","9":"product_cat-vitamins-and-minerals-en","10":"product_tag-aasia-vesinaba-en","11":"product_tag-centella-asiatica-en","12":"product_tag-gotu-kola-en","13":"product_tag-swanson-en","14":"pa_toidulisand-branddd-swanson","15":"pa_tootegruppp-aju-tegevus-nootropics-en","16":"pa_tootegruppp-supertoit-tervisetoit-en","17":"pa_tootegruppp-vitamins-and-minerals","19":"first","20":"outofstock","21":"sale","22":"taxable","23":"shipping-taxable","24":"purchasable","25":"product-type-simple"},"yoast_head":"<!-- This site is optimized with the Yoast SEO plugin v27.3 - https:\/\/yoast.com\/product\/yoast-seo-wordpress\/ -->\n<title>Gotu Kola kapslid (60caps) - Aasia Vesinaba - Gotu Kola - Kiire Tarne<\/title>\n<meta name=\"description\" content=\"Gotu Kola kapslid - parandab m\u00e4lu, stimuleerib m\u00f5tteprotsesse, toetab aju - ja perifeerset vereringet ning alandab k\u00f5rget verer\u00f5hku.\" \/>\n<meta name=\"robots\" content=\"index, follow, max-snippet:-1, max-image-preview:large, max-video-preview:-1\" \/>\n<link rel=\"canonical\" href=\"https:\/\/fit360.ee\/en\/pood\/product-groups\/vitamins-and-minerals-en\/gotu-kola-kapslid-60caps\/\" \/>\n<meta property=\"og:locale\" content=\"en_US\" \/>\n<meta property=\"og:type\" content=\"article\" \/>\n<meta property=\"og:title\" content=\"Gotu Kola kapslid (60caps) - Aasia Vesinaba - Gotu Kola - Kiire Tarne\" \/>\n<meta property=\"og:description\" content=\"Gotu Kola kapslid - parandab m\u00e4lu, stimuleerib m\u00f5tteprotsesse, toetab aju - ja perifeerset vereringet ning alandab k\u00f5rget verer\u00f5hku.\" \/>\n<meta property=\"og:url\" content=\"https:\/\/fit360.ee\/en\/pood\/product-groups\/vitamins-and-minerals-en\/gotu-kola-kapslid-60caps\/\" \/>\n<meta property=\"og:site_name\" content=\"Fit360\" \/>\n<meta property=\"article:modified_time\" content=\"2026-04-10T12:42:38+00:00\" \/>\n<meta property=\"og:image\" content=\"https:\/\/fit360.ee\/wp-content\/uploads\/2021\/03\/Gotu-Kola-kapslid-Swanson-fit360.ee_.jpg\" \/>\n\t<meta property=\"og:image:width\" content=\"650\" \/>\n\t<meta property=\"og:image:height\" content=\"650\" \/>\n\t<meta property=\"og:image:type\" content=\"image\/jpeg\" \/>\n<meta name=\"twitter:card\" content=\"summary_large_image\" \/>\n<meta name=\"twitter:label1\" content=\"Est. reading time\" \/>\n\t<meta name=\"twitter:data1\" content=\"1 minute\" \/>\n<script type=\"application\/ld+json\" class=\"yoast-schema-graph\">{\"@context\":\"https:\\\/\\\/schema.org\",\"@graph\":[{\"@type\":\"WebPage\",\"@id\":\"https:\\\/\\\/fit360.ee\\\/en\\\/pood\\\/product-groups\\\/vitamins-and-minerals-en\\\/gotu-kola-kapslid-60caps\\\/\",\"url\":\"https:\\\/\\\/fit360.ee\\\/en\\\/pood\\\/product-groups\\\/vitamins-and-minerals-en\\\/gotu-kola-kapslid-60caps\\\/\",\"name\":\"Gotu Kola kapslid (60caps) - Aasia Vesinaba - Gotu Kola - Kiire Tarne\",\"isPartOf\":{\"@id\":\"https:\\\/\\\/fit360.ee\\\/en\\\/#website\"},\"primaryImageOfPage\":{\"@id\":\"https:\\\/\\\/fit360.ee\\\/en\\\/pood\\\/product-groups\\\/vitamins-and-minerals-en\\\/gotu-kola-kapslid-60caps\\\/#primaryimage\"},\"image\":{\"@id\":\"https:\\\/\\\/fit360.ee\\\/en\\\/pood\\\/product-groups\\\/vitamins-and-minerals-en\\\/gotu-kola-kapslid-60caps\\\/#primaryimage\"},\"thumbnailUrl\":\"https:\\\/\\\/fit360.ee\\\/wp-content\\\/uploads\\\/2021\\\/03\\\/Gotu-Kola-kapslid-Swanson-fit360.ee_.jpg\",\"datePublished\":\"2021-03-29T14:34:56+00:00\",\"dateModified\":\"2026-04-10T12:42:38+00:00\",\"description\":\"Gotu Kola kapslid - parandab m\u00e4lu, stimuleerib m\u00f5tteprotsesse, toetab aju - ja perifeerset vereringet ning alandab k\u00f5rget verer\u00f5hku.\",\"breadcrumb\":{\"@id\":\"https:\\\/\\\/fit360.ee\\\/en\\\/pood\\\/product-groups\\\/vitamins-and-minerals-en\\\/gotu-kola-kapslid-60caps\\\/#breadcrumb\"},\"inLanguage\":\"en-US\",\"potentialAction\":[{\"@type\":\"ReadAction\",\"target\":[\"https:\\\/\\\/fit360.ee\\\/en\\\/pood\\\/product-groups\\\/vitamins-and-minerals-en\\\/gotu-kola-kapslid-60caps\\\/\"]}]},{\"@type\":\"ImageObject\",\"inLanguage\":\"en-US\",\"@id\":\"https:\\\/\\\/fit360.ee\\\/en\\\/pood\\\/product-groups\\\/vitamins-and-minerals-en\\\/gotu-kola-kapslid-60caps\\\/#primaryimage\",\"url\":\"https:\\\/\\\/fit360.ee\\\/wp-content\\\/uploads\\\/2021\\\/03\\\/Gotu-Kola-kapslid-Swanson-fit360.ee_.jpg\",\"contentUrl\":\"https:\\\/\\\/fit360.ee\\\/wp-content\\\/uploads\\\/2021\\\/03\\\/Gotu-Kola-kapslid-Swanson-fit360.ee_.jpg\",\"width\":650,\"height\":650,\"caption\":\"Gotu Kola kapslid Swanson - fit360.ee\"},{\"@type\":\"BreadcrumbList\",\"@id\":\"https:\\\/\\\/fit360.ee\\\/en\\\/pood\\\/product-groups\\\/vitamins-and-minerals-en\\\/gotu-kola-kapslid-60caps\\\/#breadcrumb\",\"itemListElement\":[{\"@type\":\"ListItem\",\"position\":1,\"name\":\"Home\",\"item\":\"https:\\\/\\\/fit360.ee\\\/en\\\/\"},{\"@type\":\"ListItem\",\"position\":2,\"name\":\"Shop\",\"item\":\"https:\\\/\\\/fit360.ee\\\/en\\\/shop\\\/\"},{\"@type\":\"ListItem\",\"position\":3,\"name\":\"Gotu Kola kapslid (60caps)\"}]},{\"@type\":\"WebSite\",\"@id\":\"https:\\\/\\\/fit360.ee\\\/en\\\/#website\",\"url\":\"https:\\\/\\\/fit360.ee\\\/en\\\/\",\"name\":\"Fit360\",\"description\":\"\",\"publisher\":{\"@id\":\"https:\\\/\\\/fit360.ee\\\/en\\\/#organization\"},\"potentialAction\":[{\"@type\":\"SearchAction\",\"target\":{\"@type\":\"EntryPoint\",\"urlTemplate\":\"https:\\\/\\\/fit360.ee\\\/en\\\/?s={search_term_string}\"},\"query-input\":{\"@type\":\"PropertyValueSpecification\",\"valueRequired\":true,\"valueName\":\"search_term_string\"}}],\"inLanguage\":\"en-US\"},{\"@type\":\"Organization\",\"@id\":\"https:\\\/\\\/fit360.ee\\\/en\\\/#organization\",\"name\":\"Fit360\",\"url\":\"https:\\\/\\\/fit360.ee\\\/en\\\/\",\"logo\":{\"@type\":\"ImageObject\",\"inLanguage\":\"en-US\",\"@id\":\"https:\\\/\\\/fit360.ee\\\/en\\\/#\\\/schema\\\/logo\\\/image\\\/\",\"url\":\"https:\\\/\\\/fit360.ee\\\/wp-content\\\/uploads\\\/2017\\\/01\\\/logo-fit360.png\",\"contentUrl\":\"https:\\\/\\\/fit360.ee\\\/wp-content\\\/uploads\\\/2017\\\/01\\\/logo-fit360.png\",\"width\":180,\"height\":66,\"caption\":\"Fit360\"},\"image\":{\"@id\":\"https:\\\/\\\/fit360.ee\\\/en\\\/#\\\/schema\\\/logo\\\/image\\\/\"}}]}<\/script>\n<!-- \/ Yoast SEO plugin. -->","yoast_head_json":{"title":"Gotu Kola kapslid (60caps) - Aasia Vesinaba - Gotu Kola - Kiire Tarne","description":"Gotu Kola kapslid - parandab m\u00e4lu, stimuleerib m\u00f5tteprotsesse, toetab aju - ja perifeerset vereringet ning alandab k\u00f5rget verer\u00f5hku.","robots":{"index":"index","follow":"follow","max-snippet":"max-snippet:-1","max-image-preview":"max-image-preview:large","max-video-preview":"max-video-preview:-1"},"canonical":"https:\/\/fit360.ee\/en\/pood\/product-groups\/vitamins-and-minerals-en\/gotu-kola-kapslid-60caps\/","og_locale":"en_US","og_type":"article","og_title":"Gotu Kola kapslid (60caps) - Aasia Vesinaba - Gotu Kola - Kiire Tarne","og_description":"Gotu Kola kapslid - parandab m\u00e4lu, stimuleerib m\u00f5tteprotsesse, toetab aju - ja perifeerset vereringet ning alandab k\u00f5rget verer\u00f5hku.","og_url":"https:\/\/fit360.ee\/en\/pood\/product-groups\/vitamins-and-minerals-en\/gotu-kola-kapslid-60caps\/","og_site_name":"Fit360","article_modified_time":"2026-04-10T12:42:38+00:00","og_image":[{"width":650,"height":650,"url":"https:\/\/fit360.ee\/wp-content\/uploads\/2021\/03\/Gotu-Kola-kapslid-Swanson-fit360.ee_.jpg","type":"image\/jpeg"}],"twitter_card":"summary_large_image","twitter_misc":{"Est. reading time":"1 minute"},"schema":{"@context":"https:\/\/schema.org","@graph":[{"@type":"WebPage","@id":"https:\/\/fit360.ee\/en\/pood\/product-groups\/vitamins-and-minerals-en\/gotu-kola-kapslid-60caps\/","url":"https:\/\/fit360.ee\/en\/pood\/product-groups\/vitamins-and-minerals-en\/gotu-kola-kapslid-60caps\/","name":"Gotu Kola kapslid (60caps) - Aasia Vesinaba - Gotu Kola - Kiire Tarne","isPartOf":{"@id":"https:\/\/fit360.ee\/en\/#website"},"primaryImageOfPage":{"@id":"https:\/\/fit360.ee\/en\/pood\/product-groups\/vitamins-and-minerals-en\/gotu-kola-kapslid-60caps\/#primaryimage"},"image":{"@id":"https:\/\/fit360.ee\/en\/pood\/product-groups\/vitamins-and-minerals-en\/gotu-kola-kapslid-60caps\/#primaryimage"},"thumbnailUrl":"https:\/\/fit360.ee\/wp-content\/uploads\/2021\/03\/Gotu-Kola-kapslid-Swanson-fit360.ee_.jpg","datePublished":"2021-03-29T14:34:56+00:00","dateModified":"2026-04-10T12:42:38+00:00","description":"Gotu Kola kapslid - parandab m\u00e4lu, stimuleerib m\u00f5tteprotsesse, toetab aju - ja perifeerset vereringet ning alandab k\u00f5rget verer\u00f5hku.","breadcrumb":{"@id":"https:\/\/fit360.ee\/en\/pood\/product-groups\/vitamins-and-minerals-en\/gotu-kola-kapslid-60caps\/#breadcrumb"},"inLanguage":"en-US","potentialAction":[{"@type":"ReadAction","target":["https:\/\/fit360.ee\/en\/pood\/product-groups\/vitamins-and-minerals-en\/gotu-kola-kapslid-60caps\/"]}]},{"@type":"ImageObject","inLanguage":"en-US","@id":"https:\/\/fit360.ee\/en\/pood\/product-groups\/vitamins-and-minerals-en\/gotu-kola-kapslid-60caps\/#primaryimage","url":"https:\/\/fit360.ee\/wp-content\/uploads\/2021\/03\/Gotu-Kola-kapslid-Swanson-fit360.ee_.jpg","contentUrl":"https:\/\/fit360.ee\/wp-content\/uploads\/2021\/03\/Gotu-Kola-kapslid-Swanson-fit360.ee_.jpg","width":650,"height":650,"caption":"Gotu Kola kapslid Swanson - fit360.ee"},{"@type":"BreadcrumbList","@id":"https:\/\/fit360.ee\/en\/pood\/product-groups\/vitamins-and-minerals-en\/gotu-kola-kapslid-60caps\/#breadcrumb","itemListElement":[{"@type":"ListItem","position":1,"name":"Home","item":"https:\/\/fit360.ee\/en\/"},{"@type":"ListItem","position":2,"name":"Shop","item":"https:\/\/fit360.ee\/en\/shop\/"},{"@type":"ListItem","position":3,"name":"Gotu Kola kapslid (60caps)"}]},{"@type":"WebSite","@id":"https:\/\/fit360.ee\/en\/#website","url":"https:\/\/fit360.ee\/en\/","name":"Fit360","description":"","publisher":{"@id":"https:\/\/fit360.ee\/en\/#organization"},"potentialAction":[{"@type":"SearchAction","target":{"@type":"EntryPoint","urlTemplate":"https:\/\/fit360.ee\/en\/?s={search_term_string}"},"query-input":{"@type":"PropertyValueSpecification","valueRequired":true,"valueName":"search_term_string"}}],"inLanguage":"en-US"},{"@type":"Organization","@id":"https:\/\/fit360.ee\/en\/#organization","name":"Fit360","url":"https:\/\/fit360.ee\/en\/","logo":{"@type":"ImageObject","inLanguage":"en-US","@id":"https:\/\/fit360.ee\/en\/#\/schema\/logo\/image\/","url":"https:\/\/fit360.ee\/wp-content\/uploads\/2017\/01\/logo-fit360.png","contentUrl":"https:\/\/fit360.ee\/wp-content\/uploads\/2017\/01\/logo-fit360.png","width":180,"height":66,"caption":"Fit360"},"image":{"@id":"https:\/\/fit360.ee\/en\/#\/schema\/logo\/image\/"}}]}},"_links":{"self":[{"href":"https:\/\/fit360.ee\/en\/wp-json\/wp\/v2\/product\/51636","targetHints":{"allow":["GET"]}}],"collection":[{"href":"https:\/\/fit360.ee\/en\/wp-json\/wp\/v2\/product"}],"about":[{"href":"https:\/\/fit360.ee\/en\/wp-json\/wp\/v2\/types\/product"}],"replies":[{"embeddable":true,"href":"https:\/\/fit360.ee\/en\/wp-json\/wp\/v2\/comments?post=51636"}],"wp:featuredmedia":[{"embeddable":true,"href":"https:\/\/fit360.ee\/en\/wp-json\/wp\/v2\/media\/51640"}],"wp:attachment":[{"href":"https:\/\/fit360.ee\/en\/wp-json\/wp\/v2\/media?parent=51636"}],"wp:term":[{"taxonomy":"product_brand","embeddable":true,"href":"https:\/\/fit360.ee\/en\/wp-json\/wp\/v2\/product_brand?post=51636"},{"taxonomy":"product_cat","embeddable":true,"href":"https:\/\/fit360.ee\/en\/wp-json\/wp\/v2\/product_cat?post=51636"},{"taxonomy":"product_tag","embeddable":true,"href":"https:\/\/fit360.ee\/en\/wp-json\/wp\/v2\/product_tag?post=51636"},{"taxonomy":"giftcard-category","embeddable":true,"href":"https:\/\/fit360.ee\/en\/wp-json\/wp\/v2\/giftcard-category?post=51636"}],"curies":[{"name":"wp","href":"https:\/\/api.w.org\/{rel}","templated":true}]}}