{"id":51916,"date":"2021-04-10T14:00:51","date_gmt":"2021-04-10T12:00:51","guid":{"rendered":"https:\/\/fit360.ee\/pood\/uncategorized\/king-of-spades-flagship\/"},"modified":"2026-04-10T15:42:12","modified_gmt":"2026-04-10T13:42:12","slug":"king-of-spades-flagship","status":"publish","type":"product","link":"https:\/\/fit360.ee\/en\/pood\/product-groups\/superfoods-health-foods-en\/ashwagandha-en\/king-of-spades-flagship\/","title":{"rendered":"King Of Spades Flagship"},"content":{"rendered":"<h1>Kings of Spades<\/h1>\n<p><strong>Flagship on King of Spades lipulaev, unikaalse ning teadusp\u00f5hise loodusliku koostisega lisandikompleks kiire ja n\u00f5udliku elustiiliga meestele, kellele on t\u00e4htis k\u00f5rgem stressitaluvus, parem m\u00e4lu ning kiirem ajut\u00f6\u00f6.<\/strong><\/p>\n<p>Teerajajana tead, et t\u00f5eliselt suurte ja oluliste eesm\u00e4rkide p\u00fc\u00fcdmine on tohutu v\u00e4ljakutse ning ka k\u00f5ige kangemad meist vajavad sel teel v\u00f5imast liitlast, kes tooks meis v\u00e4lja parima.<\/p>\n<p>Flagship on King of Spadesi lipulaev, unikaalne ning t\u00f5husatest teadusp\u00f5histest taimsetest ekstraktidest koosnev lisandikompleks\u00a0<strong>kiire, n\u00f5udliku ja stressirohke elustiiliga meestele<\/strong>, kes soovivad anda endast maksimumi k\u00f5iges, mida teevad \u2013\u00a0<strong>nii t\u00f6\u00f6l, trennis kui eraelus<\/strong>.<\/p>\n<p>Flagshipi koostis on sihip\u00e4raselt disainitud, aitamaks mehe kehal ja vaimul kiiremini taastuda ja kohaneda ka k\u00f5ige n\u00f5udlikuma elustiiliga,\u00a0<strong>p\u00f6\u00f6rates erilist t\u00e4helepanu optimaalse hormonaaltasakaalu saavutamisele, ajut\u00f6\u00f6 ning m\u00e4lu parandamisele ning \u00fcldise tujufooni ja vitaalsuse t\u00f5stmisele<\/strong>.<\/p>\n<p><a href=\"https:\/\/fit360.ee\/wp-content\/uploads\/2021\/04\/King-of-spades-fit360.ee_-800x414.jpg\"><img loading=\"lazy\" decoding=\"async\" class=\"size-medium wp-image-51893\" src=\"https:\/\/fit360.ee\/wp-content\/uploads\/2021\/04\/King-of-spades-fit360.ee_-800x414.jpg\" alt=\"King of spades - fit360.ee\" width=\"800\" height=\"414\" srcset=\"https:\/\/fit360.ee\/wp-content\/uploads\/2021\/04\/King-of-spades-fit360.ee_-800x414.jpg 800w, https:\/\/fit360.ee\/wp-content\/uploads\/2021\/04\/King-of-spades-fit360.ee_-510x264.jpg 510w, https:\/\/fit360.ee\/wp-content\/uploads\/2021\/04\/King-of-spades-fit360.ee_-768x398.jpg 768w, https:\/\/fit360.ee\/wp-content\/uploads\/2021\/04\/King-of-spades-fit360.ee_.jpg 1000w\" sizes=\"auto, (max-width: 800px) 100vw, 800px\" \/><\/a><\/p>\n<h2><strong>Kuidas King Of Spades Flagship t\u00f6\u00f6tab?<\/strong><\/h2>\n<p>King of Spades Flagship on t\u00f5husate looduslike taimsete ekstraktide ning mineraalide kompleks, mis k\u00f5ik on uuringutes n\u00e4idanud olulisi kasutegureid mehe vaimsele ja f\u00fc\u00fcsilisele v\u00f5imekusele. J\u00e4rgnev maatriks n\u00e4itab, milliseid toimeid saad uuringutele tuginedes oodata.<\/p>\n<p><a href=\"https:\/\/fit360.ee\/wp-content\/uploads\/2021\/04\/king-of-spades-flagship-fit360.ee-1-800x239.jpg\"><img loading=\"lazy\" decoding=\"async\" class=\"size-medium wp-image-51895\" src=\"https:\/\/fit360.ee\/wp-content\/uploads\/2021\/04\/king-of-spades-flagship-fit360.ee-1-800x239.jpg\" alt=\"king of spades flagship - fit360.ee\" width=\"800\" height=\"239\" srcset=\"https:\/\/fit360.ee\/wp-content\/uploads\/2021\/04\/king-of-spades-flagship-fit360.ee-1-800x239.jpg 800w, https:\/\/fit360.ee\/wp-content\/uploads\/2021\/04\/king-of-spades-flagship-fit360.ee-1-510x152.jpg 510w, https:\/\/fit360.ee\/wp-content\/uploads\/2021\/04\/king-of-spades-flagship-fit360.ee-1-768x229.jpg 768w, https:\/\/fit360.ee\/wp-content\/uploads\/2021\/04\/king-of-spades-flagship-fit360.ee-1.jpg 1100w\" sizes=\"auto, (max-width: 800px) 100vw, 800px\" \/><\/a><\/p>\n<p><strong>Kasutamine<\/strong><\/p>\n<p>Karbis Flagshipis on 88 allergeenivaba kapslit ning parima tulemuse saavutamiseks v\u00f5ta 2 kapslit hommikul ning 2 kapslit \u00f5htul koos s\u00f6\u00f6giga. Nii j\u00e4tkub Flagshipi 22-ks p\u00e4evaks, peale mida on soovitatav enne uue karbiga alustamist hoida 8 p\u00e4eva pausi. L\u00fchikesed puhkeajad ennetavad Su kehal tolerantsi tekkimist Flagshipi koostisosade vastu, kindlustamaks selle pikaajalise maksimumefekti sinu t\u00f5usnud j\u00f5udluse s\u00e4ilitamiseks.<\/p>\n<h3><a href=\"https:\/\/fit360.ee\/en\/product-category\/product-groups\/superfoods-health-foods-en\/ashwagandha-en\/\"><strong>Ashwagandha<\/strong><\/a><\/h3>\n<ul>\n<li>T\u00f5stab lihasj\u00f5udu ja f\u00fc\u00fcsilist v\u00f5imekust<\/li>\n<li>Toetab mehelikku hormonaaltasakaalu<\/li>\n<li>Alandab \u00e4revust ning stressihormooni kortisooli<\/li>\n<li>V\u00e4hendab v\u00e4simustunnet<\/li>\n<li>Parandab seemnevedeliku kvaliteeti<\/li>\n<\/ul>\n<p><a href=\"https:\/\/fit360.ee\/wp-content\/uploads\/2021\/04\/Ashwagandha-fit360.ee-1.png\"><img loading=\"lazy\" decoding=\"async\" class=\" wp-image-51897\" src=\"https:\/\/fit360.ee\/wp-content\/uploads\/2021\/04\/Ashwagandha-fit360.ee-1.png\" alt=\"Ashwagandha - fit360.ee\" width=\"391\" height=\"368\" srcset=\"https:\/\/fit360.ee\/wp-content\/uploads\/2021\/04\/Ashwagandha-fit360.ee-1.png 757w, https:\/\/fit360.ee\/wp-content\/uploads\/2021\/04\/Ashwagandha-fit360.ee-1-510x480.png 510w\" sizes=\"auto, (max-width: 391px) 100vw, 391px\" \/><\/a><\/p>\n<p>&nbsp;<\/p>\n<h3><strong>Oliivilehe ekstrakt<\/strong><\/h3>\n<ul>\n<li>Tugev antioks\u00fcdant<\/li>\n<li>Alandab \u201chalba\u201d LDL kolesterooli.<\/li>\n<li>Alandab k\u00f5rget verer\u00f5hku<\/li>\n<\/ul>\n<h3 class=\"mceTemp\"><\/h3>\n<p><a href=\"https:\/\/fit360.ee\/wp-content\/uploads\/2021\/04\/oliivilehe-ekstrakt-fit360.ee-1-800x685.png\"><img loading=\"lazy\" decoding=\"async\" class=\"alignnone wp-image-51899\" src=\"https:\/\/fit360.ee\/wp-content\/uploads\/2021\/04\/oliivilehe-ekstrakt-fit360.ee-1-800x685.png\" alt=\"oliivilehe ekstrakt - fit360.ee\" width=\"316\" height=\"271\" srcset=\"https:\/\/fit360.ee\/wp-content\/uploads\/2021\/04\/oliivilehe-ekstrakt-fit360.ee-1-800x685.png 800w, https:\/\/fit360.ee\/wp-content\/uploads\/2021\/04\/oliivilehe-ekstrakt-fit360.ee-1-510x437.png 510w, https:\/\/fit360.ee\/wp-content\/uploads\/2021\/04\/oliivilehe-ekstrakt-fit360.ee-1-1600x1370.png 1600w, https:\/\/fit360.ee\/wp-content\/uploads\/2021\/04\/oliivilehe-ekstrakt-fit360.ee-1-768x658.png 768w, https:\/\/fit360.ee\/wp-content\/uploads\/2021\/04\/oliivilehe-ekstrakt-fit360.ee-1-1536x1316.png 1536w, https:\/\/fit360.ee\/wp-content\/uploads\/2021\/04\/oliivilehe-ekstrakt-fit360.ee-1.png 2000w\" sizes=\"auto, (max-width: 316px) 100vw, 316px\" \/><\/a><\/p>\n<h3><strong>Salvei ekstrakt<\/strong><\/h3>\n<ul>\n<li>Parandab m\u00e4lu ja t\u00e4helepanuv\u00f5imet<\/li>\n<li>T\u00f5stab kognitiivsete \u00fclesannete lahendamise kiirust<\/li>\n<li>Parandab \u00fcldist tujufooni<\/li>\n<\/ul>\n<figure id=\"attachment_51901\" aria-describedby=\"caption-attachment-51901\" style=\"width: 297px\" class=\"wp-caption alignnone\"><a href=\"https:\/\/fit360.ee\/wp-content\/uploads\/2021\/04\/Salvei-ekstrakt-fit360.ee-1-800x588.png\"><img loading=\"lazy\" decoding=\"async\" class=\" wp-image-51901\" src=\"https:\/\/fit360.ee\/wp-content\/uploads\/2021\/04\/Salvei-ekstrakt-fit360.ee-1-800x588.png\" alt=\"Salvei ekstrakt - fit360.ee\" width=\"297\" height=\"218\" srcset=\"https:\/\/fit360.ee\/wp-content\/uploads\/2021\/04\/Salvei-ekstrakt-fit360.ee-1-800x588.png 800w, https:\/\/fit360.ee\/wp-content\/uploads\/2021\/04\/Salvei-ekstrakt-fit360.ee-1-510x375.png 510w, https:\/\/fit360.ee\/wp-content\/uploads\/2021\/04\/Salvei-ekstrakt-fit360.ee-1-768x564.png 768w, https:\/\/fit360.ee\/wp-content\/uploads\/2021\/04\/Salvei-ekstrakt-fit360.ee-1.png 1000w\" sizes=\"auto, (max-width: 297px) 100vw, 297px\" \/><\/a><figcaption id=\"caption-attachment-51901\" class=\"wp-caption-text\"><strong>\u017den\u017eenni ekstrakt<\/strong><\/figcaption><\/figure>\n<ul>\n<li>T\u00f5stab ajut\u00f6\u00f6 kiirust<\/li>\n<li>Parandab \u00fcldist tujufooni<\/li>\n<li>Tugev antioks\u00fcdant<\/li>\n<li>T\u00f5stab meeste intiimelu kvaliteeti<\/li>\n<\/ul>\n<figure id=\"attachment_51903\" aria-describedby=\"caption-attachment-51903\" style=\"width: 228px\" class=\"wp-caption alignnone\"><a href=\"https:\/\/fit360.ee\/wp-content\/uploads\/2021\/04\/zenzenni-ekstrakt-fit360.ee-1.png\"><img loading=\"lazy\" decoding=\"async\" class=\" wp-image-51903\" src=\"https:\/\/fit360.ee\/wp-content\/uploads\/2021\/04\/zenzenni-ekstrakt-fit360.ee-1.png\" alt=\"\u017een\u017eenni ekstrakt - fit360.ee\" width=\"228\" height=\"254\" \/><\/a><figcaption id=\"caption-attachment-51903\" class=\"wp-caption-text\"><a href=\"https:\/\/fit360.ee\/en\/product-category\/product-groups\/vitamins-and-minerals-en\/zinc-en\/\"><strong>Tsink<\/strong><\/a><\/figcaption><\/figure>\n<ul>\n<li>Toetab mehelikku hormoontasakaalu<\/li>\n<li>Toetab vitaalsust<\/li>\n<li>Parandab suguorganite t\u00f6\u00f6d<\/li>\n<li>Toetab vaimset v\u00f5imekust<\/li>\n<\/ul>\n<p><a href=\"https:\/\/fit360.ee\/wp-content\/uploads\/2021\/04\/Tsink-fit360.ee-1.png\"><img loading=\"lazy\" decoding=\"async\" class=\" wp-image-51905\" src=\"https:\/\/fit360.ee\/wp-content\/uploads\/2021\/04\/Tsink-fit360.ee-1.png\" alt=\"Tsink - fit360.ee\" width=\"391\" height=\"259\" srcset=\"https:\/\/fit360.ee\/wp-content\/uploads\/2021\/04\/Tsink-fit360.ee-1.png 789w, https:\/\/fit360.ee\/wp-content\/uploads\/2021\/04\/Tsink-fit360.ee-1-510x337.png 510w, https:\/\/fit360.ee\/wp-content\/uploads\/2021\/04\/Tsink-fit360.ee-1-768x508.png 768w\" sizes=\"auto, (max-width: 391px) 100vw, 391px\" \/><\/a><\/p>\n<p>Vaata ka meie teisi Testosterooni T\u00f5stjaid <a href=\"https:\/\/fit360.ee\/en\/product-category\/product-groups\/testosterone-boosters-en\/\"><strong>SIIT<\/strong><\/a>!<\/p>\n<p>Soovid kaupa osta suuremas koguses? Vaata ka antud toodet meie HULGI poest <a href=\"https:\/\/toidulisandidhulgi.ee\/product\/king-of-spades-flagship\/\"><strong>SIIT<\/strong><\/a>!<\/p>\n","protected":false},"excerpt":{"rendered":"<p><strong>Flagship on King of Spadesi lipulaev, unikaalse ning teadusp\u00f5hise loodusliku koostisega lisandikompleks kiire ja n\u00f5udliku elustiiliga meestele, kellele on t\u00e4htis k\u00f5rgem stressitaluvus, parem m\u00e4lu ning kiirem ajut\u00f6\u00f6.<\/strong><\/p>\n<p>Teerajajana tead, et t\u00f5eliselt suurte ja oluliste eesm\u00e4rkide p\u00fc\u00fcdmine on tohutu v\u00e4ljakutse ning ka k\u00f5ige kangemad meist vajavad sel teel v\u00f5imast liitlast, kes tooks meis v\u00e4lja parima.<\/p>\n<p>Flagshipi koostis on sihip\u00e4raselt disainitud, aitamaks mehe kehal ja vaimul kiiremini taastuda ja kohaneda ka k\u00f5ige n\u00f5udlikuma elustiiliga, p\u00f6\u00f6rates erilist t\u00e4helepanu optimaalse hormonaaltasakaalu saavutamisele, ajut\u00f6\u00f6 ning m\u00e4lu parandamisele ning \u00fcldise tujufooni ja vitaalsuse t\u00f5stmisele.<\/p>\n<p><strong>Karbis on 88 kapslit<\/strong>, millest j\u00e4tkub 22 t\u00f6\u00f6p\u00e4evaks.<\/p>\n<p><strong>EESTI TOODE!<\/strong><\/p>\n","protected":false},"featured_media":51909,"comment_status":"closed","ping_status":"closed","template":"","meta":[],"product_brand":[],"product_cat":[2347,1318,1454,532,2275],"product_tag":[1681,2773,2774],"giftcard-category":[],"class_list":{"0":"post-51916","1":"product","2":"type-product","3":"status-publish","4":"has-post-thumbnail","6":"product_cat-ashwagandha-en","7":"product_cat-iconfit-en","8":"product_cat-superfoods-health-foods-en","9":"product_cat-testosterone-boosters-en","10":"product_cat-zinc-en","11":"product_tag-iconfit-en","12":"product_tag-king-of-spades-en","13":"product_tag-king-of-spades-flagship-en","14":"pa_kogus-88-kapslit-en","15":"pa_toidulisand-branddd-iconfit","16":"pa_tootegruppp-ashwagandha-en","17":"pa_tootegruppp-supertoit-tervisetoit-en","18":"pa_tootegruppp-testosterone-enhancers","19":"pa_tootegruppp-tsink-en","21":"first","22":"instock","23":"sale","24":"taxable","25":"shipping-taxable","26":"purchasable","27":"product-type-simple"},"yoast_head":"<!-- This site is optimized with the Yoast SEO plugin v27.3 - https:\/\/yoast.com\/product\/yoast-seo-wordpress\/ -->\n<title>King Of Spades Flagship - Testosterooni t\u00f5stmine - Kiire tarne - Fit360<\/title>\n<meta name=\"description\" content=\"King of Spades on unikaalne ning t\u00f5husatest teadusp\u00f5histest taimsetest ekstraktidest koosnev lisandikompleks\u00a0kiire, n\u00f5udliku ja stressiroh..\" \/>\n<meta name=\"robots\" content=\"index, follow, max-snippet:-1, max-image-preview:large, max-video-preview:-1\" \/>\n<link rel=\"canonical\" href=\"https:\/\/fit360.ee\/en\/pood\/product-groups\/superfoods-health-foods-en\/ashwagandha-en\/king-of-spades-flagship\/\" \/>\n<meta property=\"og:locale\" content=\"en_US\" \/>\n<meta property=\"og:type\" content=\"article\" \/>\n<meta property=\"og:title\" content=\"King Of Spades Flagship - Testosterooni t\u00f5stmine - Kiire tarne - Fit360\" \/>\n<meta property=\"og:description\" content=\"King of Spades on unikaalne ning t\u00f5husatest teadusp\u00f5histest taimsetest ekstraktidest koosnev lisandikompleks\u00a0kiire, n\u00f5udliku ja stressiroh..\" \/>\n<meta property=\"og:url\" content=\"https:\/\/fit360.ee\/en\/pood\/product-groups\/superfoods-health-foods-en\/ashwagandha-en\/king-of-spades-flagship\/\" \/>\n<meta property=\"og:site_name\" content=\"Fit360\" \/>\n<meta property=\"article:modified_time\" content=\"2026-04-10T13:42:12+00:00\" \/>\n<meta property=\"og:image\" content=\"https:\/\/fit360.ee\/wp-content\/uploads\/2021\/04\/King-of-spades-fit360.ee_-1.jpg\" \/>\n\t<meta property=\"og:image:width\" content=\"800\" \/>\n\t<meta property=\"og:image:height\" content=\"800\" \/>\n\t<meta property=\"og:image:type\" content=\"image\/jpeg\" \/>\n<meta name=\"twitter:card\" content=\"summary_large_image\" \/>\n<meta name=\"twitter:label1\" content=\"Est. reading time\" \/>\n\t<meta name=\"twitter:data1\" content=\"3 minutes\" \/>\n<script type=\"application\/ld+json\" class=\"yoast-schema-graph\">{\"@context\":\"https:\\\/\\\/schema.org\",\"@graph\":[{\"@type\":\"WebPage\",\"@id\":\"https:\\\/\\\/fit360.ee\\\/en\\\/pood\\\/product-groups\\\/superfoods-health-foods-en\\\/ashwagandha-en\\\/king-of-spades-flagship\\\/\",\"url\":\"https:\\\/\\\/fit360.ee\\\/en\\\/pood\\\/product-groups\\\/superfoods-health-foods-en\\\/ashwagandha-en\\\/king-of-spades-flagship\\\/\",\"name\":\"King Of Spades Flagship - Testosterooni t\u00f5stmine - Kiire tarne - Fit360\",\"isPartOf\":{\"@id\":\"https:\\\/\\\/fit360.ee\\\/en\\\/#website\"},\"primaryImageOfPage\":{\"@id\":\"https:\\\/\\\/fit360.ee\\\/en\\\/pood\\\/product-groups\\\/superfoods-health-foods-en\\\/ashwagandha-en\\\/king-of-spades-flagship\\\/#primaryimage\"},\"image\":{\"@id\":\"https:\\\/\\\/fit360.ee\\\/en\\\/pood\\\/product-groups\\\/superfoods-health-foods-en\\\/ashwagandha-en\\\/king-of-spades-flagship\\\/#primaryimage\"},\"thumbnailUrl\":\"https:\\\/\\\/fit360.ee\\\/wp-content\\\/uploads\\\/2021\\\/04\\\/King-of-spades-fit360.ee_-1.jpg\",\"datePublished\":\"2021-04-10T12:00:51+00:00\",\"dateModified\":\"2026-04-10T13:42:12+00:00\",\"description\":\"King of Spades on unikaalne ning t\u00f5husatest teadusp\u00f5histest taimsetest ekstraktidest koosnev lisandikompleks\u00a0kiire, n\u00f5udliku ja stressiroh..\",\"breadcrumb\":{\"@id\":\"https:\\\/\\\/fit360.ee\\\/en\\\/pood\\\/product-groups\\\/superfoods-health-foods-en\\\/ashwagandha-en\\\/king-of-spades-flagship\\\/#breadcrumb\"},\"inLanguage\":\"en-US\",\"potentialAction\":[{\"@type\":\"ReadAction\",\"target\":[\"https:\\\/\\\/fit360.ee\\\/en\\\/pood\\\/product-groups\\\/superfoods-health-foods-en\\\/ashwagandha-en\\\/king-of-spades-flagship\\\/\"]}]},{\"@type\":\"ImageObject\",\"inLanguage\":\"en-US\",\"@id\":\"https:\\\/\\\/fit360.ee\\\/en\\\/pood\\\/product-groups\\\/superfoods-health-foods-en\\\/ashwagandha-en\\\/king-of-spades-flagship\\\/#primaryimage\",\"url\":\"https:\\\/\\\/fit360.ee\\\/wp-content\\\/uploads\\\/2021\\\/04\\\/King-of-spades-fit360.ee_-1.jpg\",\"contentUrl\":\"https:\\\/\\\/fit360.ee\\\/wp-content\\\/uploads\\\/2021\\\/04\\\/King-of-spades-fit360.ee_-1.jpg\",\"width\":800,\"height\":800,\"caption\":\"King of spades - fit360.ee\"},{\"@type\":\"BreadcrumbList\",\"@id\":\"https:\\\/\\\/fit360.ee\\\/en\\\/pood\\\/product-groups\\\/superfoods-health-foods-en\\\/ashwagandha-en\\\/king-of-spades-flagship\\\/#breadcrumb\",\"itemListElement\":[{\"@type\":\"ListItem\",\"position\":1,\"name\":\"Home\",\"item\":\"https:\\\/\\\/fit360.ee\\\/en\\\/\"},{\"@type\":\"ListItem\",\"position\":2,\"name\":\"Shop\",\"item\":\"https:\\\/\\\/fit360.ee\\\/en\\\/shop\\\/\"},{\"@type\":\"ListItem\",\"position\":3,\"name\":\"King Of Spades Flagship\"}]},{\"@type\":\"WebSite\",\"@id\":\"https:\\\/\\\/fit360.ee\\\/en\\\/#website\",\"url\":\"https:\\\/\\\/fit360.ee\\\/en\\\/\",\"name\":\"Fit360\",\"description\":\"\",\"publisher\":{\"@id\":\"https:\\\/\\\/fit360.ee\\\/en\\\/#organization\"},\"potentialAction\":[{\"@type\":\"SearchAction\",\"target\":{\"@type\":\"EntryPoint\",\"urlTemplate\":\"https:\\\/\\\/fit360.ee\\\/en\\\/?s={search_term_string}\"},\"query-input\":{\"@type\":\"PropertyValueSpecification\",\"valueRequired\":true,\"valueName\":\"search_term_string\"}}],\"inLanguage\":\"en-US\"},{\"@type\":\"Organization\",\"@id\":\"https:\\\/\\\/fit360.ee\\\/en\\\/#organization\",\"name\":\"Fit360\",\"url\":\"https:\\\/\\\/fit360.ee\\\/en\\\/\",\"logo\":{\"@type\":\"ImageObject\",\"inLanguage\":\"en-US\",\"@id\":\"https:\\\/\\\/fit360.ee\\\/en\\\/#\\\/schema\\\/logo\\\/image\\\/\",\"url\":\"https:\\\/\\\/fit360.ee\\\/wp-content\\\/uploads\\\/2017\\\/01\\\/logo-fit360.png\",\"contentUrl\":\"https:\\\/\\\/fit360.ee\\\/wp-content\\\/uploads\\\/2017\\\/01\\\/logo-fit360.png\",\"width\":180,\"height\":66,\"caption\":\"Fit360\"},\"image\":{\"@id\":\"https:\\\/\\\/fit360.ee\\\/en\\\/#\\\/schema\\\/logo\\\/image\\\/\"}}]}<\/script>\n<!-- \/ Yoast SEO plugin. -->","yoast_head_json":{"title":"King Of Spades Flagship - Testosterooni t\u00f5stmine - Kiire tarne - Fit360","description":"King of Spades on unikaalne ning t\u00f5husatest teadusp\u00f5histest taimsetest ekstraktidest koosnev lisandikompleks\u00a0kiire, n\u00f5udliku ja stressiroh..","robots":{"index":"index","follow":"follow","max-snippet":"max-snippet:-1","max-image-preview":"max-image-preview:large","max-video-preview":"max-video-preview:-1"},"canonical":"https:\/\/fit360.ee\/en\/pood\/product-groups\/superfoods-health-foods-en\/ashwagandha-en\/king-of-spades-flagship\/","og_locale":"en_US","og_type":"article","og_title":"King Of Spades Flagship - Testosterooni t\u00f5stmine - Kiire tarne - Fit360","og_description":"King of Spades on unikaalne ning t\u00f5husatest teadusp\u00f5histest taimsetest ekstraktidest koosnev lisandikompleks\u00a0kiire, n\u00f5udliku ja stressiroh..","og_url":"https:\/\/fit360.ee\/en\/pood\/product-groups\/superfoods-health-foods-en\/ashwagandha-en\/king-of-spades-flagship\/","og_site_name":"Fit360","article_modified_time":"2026-04-10T13:42:12+00:00","og_image":[{"width":800,"height":800,"url":"https:\/\/fit360.ee\/wp-content\/uploads\/2021\/04\/King-of-spades-fit360.ee_-1.jpg","type":"image\/jpeg"}],"twitter_card":"summary_large_image","twitter_misc":{"Est. reading time":"3 minutes"},"schema":{"@context":"https:\/\/schema.org","@graph":[{"@type":"WebPage","@id":"https:\/\/fit360.ee\/en\/pood\/product-groups\/superfoods-health-foods-en\/ashwagandha-en\/king-of-spades-flagship\/","url":"https:\/\/fit360.ee\/en\/pood\/product-groups\/superfoods-health-foods-en\/ashwagandha-en\/king-of-spades-flagship\/","name":"King Of Spades Flagship - Testosterooni t\u00f5stmine - Kiire tarne - Fit360","isPartOf":{"@id":"https:\/\/fit360.ee\/en\/#website"},"primaryImageOfPage":{"@id":"https:\/\/fit360.ee\/en\/pood\/product-groups\/superfoods-health-foods-en\/ashwagandha-en\/king-of-spades-flagship\/#primaryimage"},"image":{"@id":"https:\/\/fit360.ee\/en\/pood\/product-groups\/superfoods-health-foods-en\/ashwagandha-en\/king-of-spades-flagship\/#primaryimage"},"thumbnailUrl":"https:\/\/fit360.ee\/wp-content\/uploads\/2021\/04\/King-of-spades-fit360.ee_-1.jpg","datePublished":"2021-04-10T12:00:51+00:00","dateModified":"2026-04-10T13:42:12+00:00","description":"King of Spades on unikaalne ning t\u00f5husatest teadusp\u00f5histest taimsetest ekstraktidest koosnev lisandikompleks\u00a0kiire, n\u00f5udliku ja stressiroh..","breadcrumb":{"@id":"https:\/\/fit360.ee\/en\/pood\/product-groups\/superfoods-health-foods-en\/ashwagandha-en\/king-of-spades-flagship\/#breadcrumb"},"inLanguage":"en-US","potentialAction":[{"@type":"ReadAction","target":["https:\/\/fit360.ee\/en\/pood\/product-groups\/superfoods-health-foods-en\/ashwagandha-en\/king-of-spades-flagship\/"]}]},{"@type":"ImageObject","inLanguage":"en-US","@id":"https:\/\/fit360.ee\/en\/pood\/product-groups\/superfoods-health-foods-en\/ashwagandha-en\/king-of-spades-flagship\/#primaryimage","url":"https:\/\/fit360.ee\/wp-content\/uploads\/2021\/04\/King-of-spades-fit360.ee_-1.jpg","contentUrl":"https:\/\/fit360.ee\/wp-content\/uploads\/2021\/04\/King-of-spades-fit360.ee_-1.jpg","width":800,"height":800,"caption":"King of spades - fit360.ee"},{"@type":"BreadcrumbList","@id":"https:\/\/fit360.ee\/en\/pood\/product-groups\/superfoods-health-foods-en\/ashwagandha-en\/king-of-spades-flagship\/#breadcrumb","itemListElement":[{"@type":"ListItem","position":1,"name":"Home","item":"https:\/\/fit360.ee\/en\/"},{"@type":"ListItem","position":2,"name":"Shop","item":"https:\/\/fit360.ee\/en\/shop\/"},{"@type":"ListItem","position":3,"name":"King Of Spades Flagship"}]},{"@type":"WebSite","@id":"https:\/\/fit360.ee\/en\/#website","url":"https:\/\/fit360.ee\/en\/","name":"Fit360","description":"","publisher":{"@id":"https:\/\/fit360.ee\/en\/#organization"},"potentialAction":[{"@type":"SearchAction","target":{"@type":"EntryPoint","urlTemplate":"https:\/\/fit360.ee\/en\/?s={search_term_string}"},"query-input":{"@type":"PropertyValueSpecification","valueRequired":true,"valueName":"search_term_string"}}],"inLanguage":"en-US"},{"@type":"Organization","@id":"https:\/\/fit360.ee\/en\/#organization","name":"Fit360","url":"https:\/\/fit360.ee\/en\/","logo":{"@type":"ImageObject","inLanguage":"en-US","@id":"https:\/\/fit360.ee\/en\/#\/schema\/logo\/image\/","url":"https:\/\/fit360.ee\/wp-content\/uploads\/2017\/01\/logo-fit360.png","contentUrl":"https:\/\/fit360.ee\/wp-content\/uploads\/2017\/01\/logo-fit360.png","width":180,"height":66,"caption":"Fit360"},"image":{"@id":"https:\/\/fit360.ee\/en\/#\/schema\/logo\/image\/"}}]}},"_links":{"self":[{"href":"https:\/\/fit360.ee\/en\/wp-json\/wp\/v2\/product\/51916","targetHints":{"allow":["GET"]}}],"collection":[{"href":"https:\/\/fit360.ee\/en\/wp-json\/wp\/v2\/product"}],"about":[{"href":"https:\/\/fit360.ee\/en\/wp-json\/wp\/v2\/types\/product"}],"replies":[{"embeddable":true,"href":"https:\/\/fit360.ee\/en\/wp-json\/wp\/v2\/comments?post=51916"}],"wp:featuredmedia":[{"embeddable":true,"href":"https:\/\/fit360.ee\/en\/wp-json\/wp\/v2\/media\/51909"}],"wp:attachment":[{"href":"https:\/\/fit360.ee\/en\/wp-json\/wp\/v2\/media?parent=51916"}],"wp:term":[{"taxonomy":"product_brand","embeddable":true,"href":"https:\/\/fit360.ee\/en\/wp-json\/wp\/v2\/product_brand?post=51916"},{"taxonomy":"product_cat","embeddable":true,"href":"https:\/\/fit360.ee\/en\/wp-json\/wp\/v2\/product_cat?post=51916"},{"taxonomy":"product_tag","embeddable":true,"href":"https:\/\/fit360.ee\/en\/wp-json\/wp\/v2\/product_tag?post=51916"},{"taxonomy":"giftcard-category","embeddable":true,"href":"https:\/\/fit360.ee\/en\/wp-json\/wp\/v2\/giftcard-category?post=51916"}],"curies":[{"name":"wp","href":"https:\/\/api.w.org\/{rel}","templated":true}]}}