{"id":52016,"date":"2021-04-13T16:57:09","date_gmt":"2021-04-13T14:57:09","guid":{"rendered":"https:\/\/fit360.ee\/pood\/uncategorized\/iconfit-collagen-coffee-creamer-300g\/"},"modified":"2026-04-10T14:56:38","modified_gmt":"2026-04-10T12:56:38","slug":"iconfit-collagen-coffee-creamer-300g","status":"publish","type":"product","link":"https:\/\/fit360.ee\/en\/pood\/product-groups\/joint-support-en\/iconfit-collagen-coffee-creamer-300g\/","title":{"rendered":"ICONFIT Collagen Coffee Creamer (300g)"},"content":{"rendered":"<h1><strong>Collagen Coffee Creamer<\/strong><\/h1>\n<p><strong>ICONFIT Collagen Coffee Creamer<\/strong> on Eesti esimene kohvikollageen. Selles maitsvas segus on koos k\u00f5rgeima kvaliteediga kollageen (10g \/ portsjonis), imeline kookospiim ning iga kohvinaudingu lahutamatu osana piim. Lisa iga p\u00e4ev hommikukohvisse ning saad \u00fcheskoos maitsva, kreemise ja vanillase kohvielamuse koos oma p\u00e4evase vajaliku kollageenikogusega.<\/p>\n<ul class=\"fusion-checklist fusion-checklist-1\">\n<li class=\"fusion-li-item\">\n<div class=\"fusion-li-item-content\"><strong>Kasutusel<\/strong>\u00a0<strong>ICONFIT ainulaadse kemikaalivaba protsessiga toodetud puhas kollageen.<\/strong> Igas portsjonis 10g h\u00fcdrol\u00fc\u00fcsitud kollageeni.<\/div>\n<\/li>\n<li class=\"fusion-li-item\">\n<div class=\"fusion-li-item-content\"><strong style=\"font-size: 14.4px;\">\u00dches maitsvas segus koos kollageen, kookos ja piim. <\/strong><span style=\"font-size: 14.4px;\">\u00dchendades kasuliku meeldiva kohvielamusega.<\/span><\/div>\n<\/li>\n<li class=\"fusion-li-item\">\n<div class=\"fusion-li-item-content\"><span style=\"font-size: 14.4px;\">Teaduslikes uuringutes t\u00f5estatud liigesevalusid leevendav toime ning paljukiidetud naha, k\u00fc\u00fcnte ja juuste tervise parandaja.<\/span><\/div>\n<\/li>\n<li class=\"fusion-li-item\">\n<div class=\"fusion-li-item-content\"><b style=\"font-size: 14.4px;\">Ei grammigi lisatud suhkrut. <\/b><span style=\"font-size: 14.4px;\">Kui soovid magusamat kohvi siis lisa ise maitse j\u00e4rgi <a href=\"https:\/\/fit360.ee\/en\/pood\/product-groups\/superfoods-health-foods-en\/stevia-en\/stevia-suhkruasendaja-0-kalorit-350g\/\"><strong>ICONFIT Steviat<\/strong><\/a>.<\/span><\/div>\n<\/li>\n<\/ul>\n<div class=\"fusion-text\">\n<p><strong>ICONFIT Collagen Coffee Creameri <\/strong>n\u00e4ol on Eesti esimese kohvikollageeniga ning see on Eestis v\u00e4lja arendatud ja toodetud. Hoolime oma kollageeni kvaliteedist ning kasutame oma toodetes ainulaadset kemikaalivabalt toodetud kollageeni<b>.<\/b>\u00a0Enamus maailma kollageenidest toodetakse hapete ja kemikaalide abil kuid seda ei panda kuidagi pakendile kirja.\u00a0<strong>ICONFIT kollageeni kvaliteedis v\u00f5ib kindel olla<\/strong>\u00a0sest see on t\u00e4iesti kemikaalivabalt toodetud!<\/p>\n<p>\u00dcks ringlevatest valem\u00fc\u00fctidest \u00fctleb, et kollageeni ei tohi kohvisse panna kuna kuumus ei ole hea selle toimele. See on \u00f5nneks aga t\u00e4iesti valem\u00fc\u00fct, sest kollageeni v\u00f5ib vabalt kuumutada ka kuni 200C juurde ja seda ka toodetakse k\u00f5rgete temperatuuridega. Seega on t\u00e4iesti ideaalselt sobiv lisada kollageeni ka alati alla 100C olevasse kohvisse.<\/p>\n<hr \/>\n<p>&nbsp;<\/p>\n<p><a href=\"https:\/\/iconfit.eu\/wp-content\/uploads\/2021\/04\/col200coffee.jpg\" data-caption=\"\"><img loading=\"lazy\" decoding=\"async\" class=\"wp-image-94725 size-full alignleft\" src=\"https:\/\/iconfit.eu\/wp-content\/uploads\/2021\/04\/col200coffee.jpg\" sizes=\"auto, (max-width: 200px) 100vw, 200px\" srcset=\"https:\/\/iconfit.eu\/wp-content\/uploads\/2021\/04\/col200coffee-66x66.jpg 66w, https:\/\/iconfit.eu\/wp-content\/uploads\/2021\/04\/col200coffee-100x100.jpg 100w, https:\/\/iconfit.eu\/wp-content\/uploads\/2021\/04\/col200coffee-150x150.jpg 150w, https:\/\/iconfit.eu\/wp-content\/uploads\/2021\/04\/col200coffee.jpg 200w\" alt=\"\" width=\"200\" height=\"200\" \/><\/a><strong><i class=\"fontawesome-icon fa-star far circle-yes\"><\/i><a href=\"https:\/\/fit360.ee\/en\/pood\/product-groups\/joint-support-en\/hudroluusitud-kollageen-600g\/\">H\u00fcdrol\u00fc\u00fcsitud Kollageen<\/a><\/strong><\/p>\n<p>Kollageen on viimastel aastatel esile t\u00f5usnud kui maailma \u00fcks hinnatuimaid toidulisandeid. Seda toodetakse looduslike protsesside abil loomsest toorainest. Tuntud oma \u00e4\u00e4rmiselt kasulike omaduste poolest \u2013 kaitseb liigeseid ja aitab neid kiiremini taastada, parandab luude elastsust ja vastupidavust, aitab moodustada lihaskudedele kvaliteetset struktuuri. Maailmakuulus on kollageen ka naha elastsuse parandamise ja kortsudevastase toimega.\u00a0Kergesti seeditav, allergiavaba ja keha poolt v\u00e4ga h\u00e4sti omastatav.<\/p>\n<hr \/>\n<p>&nbsp;<\/p>\n<\/div>\n<p>&nbsp;<\/p>\n<p>&nbsp;<\/p>\n<div class=\"table-2\">\n<h3><strong>Kollageen<\/strong><\/h3>\n<table width=\"100%\">\n<thead>\n<tr>\n<th align=\"left\"><strong>Toitained:<\/strong><\/th>\n<th align=\"left\">\/ 20 g<\/th>\n<th align=\"left\">\/ 100 g<\/th>\n<\/tr>\n<\/thead>\n<tbody>\n<tr>\n<td align=\"left\">Energia (kJ\/kcal)<\/td>\n<td align=\"left\">365\/87<\/td>\n<td align=\"left\">1829\/437<\/td>\n<\/tr>\n<tr>\n<td align=\"left\"><strong>Valgud(g)<\/strong><\/td>\n<td align=\"left\">13.4<\/td>\n<td align=\"left\">66.8<\/td>\n<\/tr>\n<tr>\n<td align=\"left\">S\u00fcsivesikud(g)<\/td>\n<td align=\"left\">3,6<\/td>\n<td align=\"left\">17,8<\/td>\n<\/tr>\n<tr>\n<td align=\"left\">..millest suhkruid(g)<\/td>\n<td align=\"left\">2,7<\/td>\n<td align=\"left\">13,6<\/td>\n<\/tr>\n<tr>\n<td align=\"left\">Rasvad(g)<\/td>\n<td align=\"left\">2,3<\/td>\n<td align=\"left\">11,4<\/td>\n<\/tr>\n<tr>\n<td align=\"left\">..millest k\u00fcllast.(g)<\/td>\n<td align=\"left\">1,7<\/td>\n<td align=\"left\">8,7<\/td>\n<\/tr>\n<tr>\n<td align=\"left\">Sool (g, ei ole lisatud)<\/td>\n<td align=\"left\">0,08<\/td>\n<td align=\"left\">0,4<\/td>\n<\/tr>\n<\/tbody>\n<\/table>\n<\/div>\n<p>&nbsp;<\/p>\n<p><strong>Koostisosad:<\/strong>\u00a0H\u00fcdrol\u00fc\u00fcsitud kollageen (10g igas portsjonis), l\u00f5ssipulber (piimast), kookospiima pulber (kookospiim, maltodekstriin, kaseiin), vanilla maitse- ja l\u00f5hnaaine (&lt;0,5%). Toodetud Eestis.<\/p>\n<p><strong>Kasutamine:<\/strong>\u00a0Lisa iga p\u00e4ev \u00fchte kohvisse 4 kuhjaga teelusikat\u00e4it (20g, pulber lahustub segades \u00e4ra) kohvikollageeni segu. Sega lusikaga kuni \u00fchtlase lahustumiseni ja naudi. Soovi korral lisa maitse j\u00e4rgi suhkrut v\u00f5i meie kalorivaba Steviat.<\/p>\n<p>Vaata ka meie teisi Kollageene <a href=\"https:\/\/fit360.ee\/en\/product-category\/product-groups\/collagen-en\/\"><strong>SIIT<\/strong><\/a> v\u00f5i Supertoite <a href=\"https:\/\/fit360.ee\/en\/product-category\/product-groups\/superfoods-health-foods-en\/\"><strong>SIIT<\/strong><\/a>!<\/p>\n<p>Soovid kaupa osta suuremas koguses? Vaata antud toodet ka meie HULGI poest <a href=\"https:\/\/toidulisandidhulgi.ee\/product\/iconfit-collagen-coffee-creamer-300g\/\"><strong>SIIT<\/strong><\/a>!<\/p>\n","protected":false},"excerpt":{"rendered":"<h2><strong>Collagen Coffee:<\/strong><\/h2>\n<p><strong>ICONFIT Collagen Coffee Creamer on Eesti esimene kohvikollageen.\u00a0<\/strong>Selles maitsvas segus on koos k\u00f5rgeima kvaliteediga kollageen (10g \/ portsjonis), imeline kookospiim ning iga kohvinaudingu lahutamatu osana piim. Lisa iga p\u00e4ev hommikukohvisse ning saad \u00fcheskoos maitsva, kreemise ja vanillase kohvielamuse koos oma p\u00e4evase vajaliku kollageenikogusega.<\/p>\n<ul class=\"fusion-checklist fusion-checklist-1\">\n<li class=\"fusion-li-item\"><i class=\"fusion-li-icon fa fa-check\"><\/i>\n<div class=\"fusion-li-item-content\"><strong>Kasutusel<\/strong>\u00a0<strong>ICONFIT ainulaadse kemikaalivaba protsessiga toodetud puhas kollageen.<\/strong>\u00a0Igas portsjonis 10g h\u00fcdrol\u00fc\u00fcsitud kollageeni.<\/div>\n<\/li>\n<li class=\"fusion-li-item\">\n<div class=\"fusion-li-item-content\"><strong style=\"font-size: 14.4px;\">\u00dches maitsvas segus koos kollageen, kookos ja piim. <\/strong><span style=\"font-size: 14.4px;\">\u00dchendades kasuliku meeldiva kohvielamusega.<\/span><\/div>\n<\/li>\n<li class=\"fusion-li-item\">\n<div class=\"fusion-li-item-content\"><span style=\"font-size: 14.4px;\">Teaduslikes uuringutes t\u00f5estatud liigesevalusid leevendav toime ning paljukiidetud naha, k\u00fc\u00fcnte ja juuste tervise parandaja.<\/span><\/div>\n<\/li>\n<li class=\"fusion-li-item\">\n<div class=\"fusion-li-item-content\"><b style=\"font-size: 14.4px;\">Ei grammigi lisatud suhkrut.\u00a0<\/b><span style=\"font-size: 14.4px;\">Kui soovid magusamat kohvi siis lisa ise maitse j\u00e4rgi ICONFIT Steviat.<\/span><\/div>\n<\/li>\n<\/ul>\n","protected":false},"featured_media":91138,"comment_status":"closed","ping_status":"closed","template":"","meta":[],"product_brand":[],"product_cat":[1636,1318,527,1873,1454],"product_tag":[2798,2799,1681,2800],"giftcard-category":[],"class_list":{"0":"post-52016","1":"product","2":"type-product","3":"status-publish","4":"has-post-thumbnail","6":"product_cat-collagen-en","7":"product_cat-iconfit-en","8":"product_cat-joint-support-en","9":"product_cat-superfood-blends-en","10":"product_cat-superfoods-health-foods-en","11":"product_tag-collagen-coffee-en","12":"product_tag-collagen-coffee-creamer-en","13":"product_tag-iconfit-en","14":"product_tag-iconfit-kollageen-en","15":"pa_kogus-300g-en","16":"pa_toidulisand-branddd-iconfit","17":"pa_tootegruppp-for-joints","18":"pa_tootegruppp-kollageenid-en","19":"pa_tootegruppp-supertoidusegud-smuutidele-en","20":"pa_tootegruppp-supertoit-tervisetoit-en","22":"first","23":"instock","24":"sale","25":"taxable","26":"shipping-taxable","27":"purchasable","28":"product-type-simple"},"yoast_head":"<!-- This site is optimized with the Yoast SEO plugin v27.3 - https:\/\/yoast.com\/product\/yoast-seo-wordpress\/ -->\n<title>ICONFIT Collagen Coffee Creamer (300g) - Kohvi Kollageen - Kiire Tarne<\/title>\n<meta name=\"description\" content=\"Collagen Coffee Creamer on Eesti esimene kohvikollageen.\u00a0Selles maitsvas segus on koos k\u00f5rgeima kvaliteediga kollageen (10g \/ portsjonis).\" \/>\n<meta name=\"robots\" content=\"index, follow, max-snippet:-1, max-image-preview:large, max-video-preview:-1\" \/>\n<link rel=\"canonical\" href=\"https:\/\/fit360.ee\/en\/pood\/product-groups\/joint-support-en\/iconfit-collagen-coffee-creamer-300g\/\" \/>\n<meta property=\"og:locale\" content=\"en_US\" \/>\n<meta property=\"og:type\" content=\"article\" \/>\n<meta property=\"og:title\" content=\"ICONFIT Collagen Coffee Creamer (300g) - Kohvi Kollageen - Kiire Tarne\" \/>\n<meta property=\"og:description\" content=\"Collagen Coffee Creamer on Eesti esimene kohvikollageen.\u00a0Selles maitsvas segus on koos k\u00f5rgeima kvaliteediga kollageen (10g \/ portsjonis).\" \/>\n<meta property=\"og:url\" content=\"https:\/\/fit360.ee\/en\/pood\/product-groups\/joint-support-en\/iconfit-collagen-coffee-creamer-300g\/\" \/>\n<meta property=\"og:site_name\" content=\"Fit360\" \/>\n<meta property=\"article:modified_time\" content=\"2026-04-10T12:56:38+00:00\" \/>\n<meta property=\"og:image\" content=\"https:\/\/fit360.ee\/wp-content\/uploads\/2021\/04\/collagen-cofee-creamer-fit360.ee_.webp\" \/>\n\t<meta property=\"og:image:width\" content=\"695\" \/>\n\t<meta property=\"og:image:height\" content=\"695\" \/>\n\t<meta property=\"og:image:type\" content=\"image\/webp\" \/>\n<meta name=\"twitter:card\" content=\"summary_large_image\" \/>\n<meta name=\"twitter:label1\" content=\"Est. reading time\" \/>\n\t<meta name=\"twitter:data1\" content=\"2 minutes\" \/>\n<script type=\"application\/ld+json\" class=\"yoast-schema-graph\">{\"@context\":\"https:\\\/\\\/schema.org\",\"@graph\":[{\"@type\":\"WebPage\",\"@id\":\"https:\\\/\\\/fit360.ee\\\/en\\\/pood\\\/product-groups\\\/joint-support-en\\\/iconfit-collagen-coffee-creamer-300g\\\/\",\"url\":\"https:\\\/\\\/fit360.ee\\\/en\\\/pood\\\/product-groups\\\/joint-support-en\\\/iconfit-collagen-coffee-creamer-300g\\\/\",\"name\":\"ICONFIT Collagen Coffee Creamer (300g) - Kohvi Kollageen - Kiire Tarne\",\"isPartOf\":{\"@id\":\"https:\\\/\\\/fit360.ee\\\/en\\\/#website\"},\"primaryImageOfPage\":{\"@id\":\"https:\\\/\\\/fit360.ee\\\/en\\\/pood\\\/product-groups\\\/joint-support-en\\\/iconfit-collagen-coffee-creamer-300g\\\/#primaryimage\"},\"image\":{\"@id\":\"https:\\\/\\\/fit360.ee\\\/en\\\/pood\\\/product-groups\\\/joint-support-en\\\/iconfit-collagen-coffee-creamer-300g\\\/#primaryimage\"},\"thumbnailUrl\":\"https:\\\/\\\/fit360.ee\\\/wp-content\\\/uploads\\\/2021\\\/04\\\/collagen-cofee-creamer-fit360.ee_.webp\",\"datePublished\":\"2021-04-13T14:57:09+00:00\",\"dateModified\":\"2026-04-10T12:56:38+00:00\",\"description\":\"Collagen Coffee Creamer on Eesti esimene kohvikollageen.\u00a0Selles maitsvas segus on koos k\u00f5rgeima kvaliteediga kollageen (10g \\\/ portsjonis).\",\"breadcrumb\":{\"@id\":\"https:\\\/\\\/fit360.ee\\\/en\\\/pood\\\/product-groups\\\/joint-support-en\\\/iconfit-collagen-coffee-creamer-300g\\\/#breadcrumb\"},\"inLanguage\":\"en-US\",\"potentialAction\":[{\"@type\":\"ReadAction\",\"target\":[\"https:\\\/\\\/fit360.ee\\\/en\\\/pood\\\/product-groups\\\/joint-support-en\\\/iconfit-collagen-coffee-creamer-300g\\\/\"]}]},{\"@type\":\"ImageObject\",\"inLanguage\":\"en-US\",\"@id\":\"https:\\\/\\\/fit360.ee\\\/en\\\/pood\\\/product-groups\\\/joint-support-en\\\/iconfit-collagen-coffee-creamer-300g\\\/#primaryimage\",\"url\":\"https:\\\/\\\/fit360.ee\\\/wp-content\\\/uploads\\\/2021\\\/04\\\/collagen-cofee-creamer-fit360.ee_.webp\",\"contentUrl\":\"https:\\\/\\\/fit360.ee\\\/wp-content\\\/uploads\\\/2021\\\/04\\\/collagen-cofee-creamer-fit360.ee_.webp\",\"width\":695,\"height\":695,\"caption\":\"collagen cofee creamer - fit360.ee\"},{\"@type\":\"BreadcrumbList\",\"@id\":\"https:\\\/\\\/fit360.ee\\\/en\\\/pood\\\/product-groups\\\/joint-support-en\\\/iconfit-collagen-coffee-creamer-300g\\\/#breadcrumb\",\"itemListElement\":[{\"@type\":\"ListItem\",\"position\":1,\"name\":\"Home\",\"item\":\"https:\\\/\\\/fit360.ee\\\/en\\\/\"},{\"@type\":\"ListItem\",\"position\":2,\"name\":\"Shop\",\"item\":\"https:\\\/\\\/fit360.ee\\\/en\\\/shop\\\/\"},{\"@type\":\"ListItem\",\"position\":3,\"name\":\"ICONFIT Collagen Coffee Creamer (300g)\"}]},{\"@type\":\"WebSite\",\"@id\":\"https:\\\/\\\/fit360.ee\\\/en\\\/#website\",\"url\":\"https:\\\/\\\/fit360.ee\\\/en\\\/\",\"name\":\"Fit360\",\"description\":\"\",\"publisher\":{\"@id\":\"https:\\\/\\\/fit360.ee\\\/en\\\/#organization\"},\"potentialAction\":[{\"@type\":\"SearchAction\",\"target\":{\"@type\":\"EntryPoint\",\"urlTemplate\":\"https:\\\/\\\/fit360.ee\\\/en\\\/?s={search_term_string}\"},\"query-input\":{\"@type\":\"PropertyValueSpecification\",\"valueRequired\":true,\"valueName\":\"search_term_string\"}}],\"inLanguage\":\"en-US\"},{\"@type\":\"Organization\",\"@id\":\"https:\\\/\\\/fit360.ee\\\/en\\\/#organization\",\"name\":\"Fit360\",\"url\":\"https:\\\/\\\/fit360.ee\\\/en\\\/\",\"logo\":{\"@type\":\"ImageObject\",\"inLanguage\":\"en-US\",\"@id\":\"https:\\\/\\\/fit360.ee\\\/en\\\/#\\\/schema\\\/logo\\\/image\\\/\",\"url\":\"https:\\\/\\\/fit360.ee\\\/wp-content\\\/uploads\\\/2017\\\/01\\\/logo-fit360.png\",\"contentUrl\":\"https:\\\/\\\/fit360.ee\\\/wp-content\\\/uploads\\\/2017\\\/01\\\/logo-fit360.png\",\"width\":180,\"height\":66,\"caption\":\"Fit360\"},\"image\":{\"@id\":\"https:\\\/\\\/fit360.ee\\\/en\\\/#\\\/schema\\\/logo\\\/image\\\/\"}}]}<\/script>\n<!-- \/ Yoast SEO plugin. -->","yoast_head_json":{"title":"ICONFIT Collagen Coffee Creamer (300g) - Kohvi Kollageen - Kiire Tarne","description":"Collagen Coffee Creamer on Eesti esimene kohvikollageen.\u00a0Selles maitsvas segus on koos k\u00f5rgeima kvaliteediga kollageen (10g \/ portsjonis).","robots":{"index":"index","follow":"follow","max-snippet":"max-snippet:-1","max-image-preview":"max-image-preview:large","max-video-preview":"max-video-preview:-1"},"canonical":"https:\/\/fit360.ee\/en\/pood\/product-groups\/joint-support-en\/iconfit-collagen-coffee-creamer-300g\/","og_locale":"en_US","og_type":"article","og_title":"ICONFIT Collagen Coffee Creamer (300g) - Kohvi Kollageen - Kiire Tarne","og_description":"Collagen Coffee Creamer on Eesti esimene kohvikollageen.\u00a0Selles maitsvas segus on koos k\u00f5rgeima kvaliteediga kollageen (10g \/ portsjonis).","og_url":"https:\/\/fit360.ee\/en\/pood\/product-groups\/joint-support-en\/iconfit-collagen-coffee-creamer-300g\/","og_site_name":"Fit360","article_modified_time":"2026-04-10T12:56:38+00:00","og_image":[{"width":695,"height":695,"url":"https:\/\/fit360.ee\/wp-content\/uploads\/2021\/04\/collagen-cofee-creamer-fit360.ee_.webp","type":"image\/webp"}],"twitter_card":"summary_large_image","twitter_misc":{"Est. reading time":"2 minutes"},"schema":{"@context":"https:\/\/schema.org","@graph":[{"@type":"WebPage","@id":"https:\/\/fit360.ee\/en\/pood\/product-groups\/joint-support-en\/iconfit-collagen-coffee-creamer-300g\/","url":"https:\/\/fit360.ee\/en\/pood\/product-groups\/joint-support-en\/iconfit-collagen-coffee-creamer-300g\/","name":"ICONFIT Collagen Coffee Creamer (300g) - Kohvi Kollageen - Kiire Tarne","isPartOf":{"@id":"https:\/\/fit360.ee\/en\/#website"},"primaryImageOfPage":{"@id":"https:\/\/fit360.ee\/en\/pood\/product-groups\/joint-support-en\/iconfit-collagen-coffee-creamer-300g\/#primaryimage"},"image":{"@id":"https:\/\/fit360.ee\/en\/pood\/product-groups\/joint-support-en\/iconfit-collagen-coffee-creamer-300g\/#primaryimage"},"thumbnailUrl":"https:\/\/fit360.ee\/wp-content\/uploads\/2021\/04\/collagen-cofee-creamer-fit360.ee_.webp","datePublished":"2021-04-13T14:57:09+00:00","dateModified":"2026-04-10T12:56:38+00:00","description":"Collagen Coffee Creamer on Eesti esimene kohvikollageen.\u00a0Selles maitsvas segus on koos k\u00f5rgeima kvaliteediga kollageen (10g \/ portsjonis).","breadcrumb":{"@id":"https:\/\/fit360.ee\/en\/pood\/product-groups\/joint-support-en\/iconfit-collagen-coffee-creamer-300g\/#breadcrumb"},"inLanguage":"en-US","potentialAction":[{"@type":"ReadAction","target":["https:\/\/fit360.ee\/en\/pood\/product-groups\/joint-support-en\/iconfit-collagen-coffee-creamer-300g\/"]}]},{"@type":"ImageObject","inLanguage":"en-US","@id":"https:\/\/fit360.ee\/en\/pood\/product-groups\/joint-support-en\/iconfit-collagen-coffee-creamer-300g\/#primaryimage","url":"https:\/\/fit360.ee\/wp-content\/uploads\/2021\/04\/collagen-cofee-creamer-fit360.ee_.webp","contentUrl":"https:\/\/fit360.ee\/wp-content\/uploads\/2021\/04\/collagen-cofee-creamer-fit360.ee_.webp","width":695,"height":695,"caption":"collagen cofee creamer - fit360.ee"},{"@type":"BreadcrumbList","@id":"https:\/\/fit360.ee\/en\/pood\/product-groups\/joint-support-en\/iconfit-collagen-coffee-creamer-300g\/#breadcrumb","itemListElement":[{"@type":"ListItem","position":1,"name":"Home","item":"https:\/\/fit360.ee\/en\/"},{"@type":"ListItem","position":2,"name":"Shop","item":"https:\/\/fit360.ee\/en\/shop\/"},{"@type":"ListItem","position":3,"name":"ICONFIT Collagen Coffee Creamer (300g)"}]},{"@type":"WebSite","@id":"https:\/\/fit360.ee\/en\/#website","url":"https:\/\/fit360.ee\/en\/","name":"Fit360","description":"","publisher":{"@id":"https:\/\/fit360.ee\/en\/#organization"},"potentialAction":[{"@type":"SearchAction","target":{"@type":"EntryPoint","urlTemplate":"https:\/\/fit360.ee\/en\/?s={search_term_string}"},"query-input":{"@type":"PropertyValueSpecification","valueRequired":true,"valueName":"search_term_string"}}],"inLanguage":"en-US"},{"@type":"Organization","@id":"https:\/\/fit360.ee\/en\/#organization","name":"Fit360","url":"https:\/\/fit360.ee\/en\/","logo":{"@type":"ImageObject","inLanguage":"en-US","@id":"https:\/\/fit360.ee\/en\/#\/schema\/logo\/image\/","url":"https:\/\/fit360.ee\/wp-content\/uploads\/2017\/01\/logo-fit360.png","contentUrl":"https:\/\/fit360.ee\/wp-content\/uploads\/2017\/01\/logo-fit360.png","width":180,"height":66,"caption":"Fit360"},"image":{"@id":"https:\/\/fit360.ee\/en\/#\/schema\/logo\/image\/"}}]}},"_links":{"self":[{"href":"https:\/\/fit360.ee\/en\/wp-json\/wp\/v2\/product\/52016","targetHints":{"allow":["GET"]}}],"collection":[{"href":"https:\/\/fit360.ee\/en\/wp-json\/wp\/v2\/product"}],"about":[{"href":"https:\/\/fit360.ee\/en\/wp-json\/wp\/v2\/types\/product"}],"replies":[{"embeddable":true,"href":"https:\/\/fit360.ee\/en\/wp-json\/wp\/v2\/comments?post=52016"}],"wp:featuredmedia":[{"embeddable":true,"href":"https:\/\/fit360.ee\/en\/wp-json\/wp\/v2\/media\/91138"}],"wp:attachment":[{"href":"https:\/\/fit360.ee\/en\/wp-json\/wp\/v2\/media?parent=52016"}],"wp:term":[{"taxonomy":"product_brand","embeddable":true,"href":"https:\/\/fit360.ee\/en\/wp-json\/wp\/v2\/product_brand?post=52016"},{"taxonomy":"product_cat","embeddable":true,"href":"https:\/\/fit360.ee\/en\/wp-json\/wp\/v2\/product_cat?post=52016"},{"taxonomy":"product_tag","embeddable":true,"href":"https:\/\/fit360.ee\/en\/wp-json\/wp\/v2\/product_tag?post=52016"},{"taxonomy":"giftcard-category","embeddable":true,"href":"https:\/\/fit360.ee\/en\/wp-json\/wp\/v2\/giftcard-category?post=52016"}],"curies":[{"name":"wp","href":"https:\/\/api.w.org\/{rel}","templated":true}]}}