{"id":52068,"date":"2021-04-16T16:31:38","date_gmt":"2021-04-16T14:31:38","guid":{"rendered":"https:\/\/fit360.ee\/?post_type=product&#038;p=52068"},"modified":"2026-04-13T15:26:19","modified_gmt":"2026-04-13T13:26:19","slug":"ostrovit-omega-3-6-9-90caps","status":"publish","type":"product","link":"https:\/\/fit360.ee\/en\/pood\/product-groups\/essential-fats-en\/omega-3-en\/ostrovit-omega-3-6-9-90caps\/","title":{"rendered":"Omega 3-6-9 (90caps)"},"content":{"rendered":"<h1>Ostrovit Omega 3-6-9<\/h1>\n<p>Ostrovit Omega-3-6-9 kapslid on k\u00f5rgekvaliteetne ja ainulaadse koostisega toidulisand, mis sisaldab k\u00f5rge toime- ning puhtusastmega <a href=\"https:\/\/fit360.ee\/en\/product-category\/product-groups\/essential-fats-en\/omega-3-en\/\"><strong>oomega-3 kala\u00f5li<\/strong><\/a>, mis on rikas asendamatute rasvhapete &#8211; DHA ja EPA poolest. Oomega-6 rasvhappeid linool- ja oleiinhappest ja oomega-9 rasvhappeid p\u00e4evalillesemmne\u00f5list. Evolite Omega-3-6-9 kapslid sisaldavad ka <a href=\"https:\/\/fit360.ee\/en\/product-category\/product-groups\/vitamins-and-minerals-en\/e-vitamin-en\/\"><strong>E-vitamiini<\/strong><\/a>.<\/p>\n<p>\u2022 DHA aitab s\u00e4ilitada normaalset ajutalitlust ja hoida normaalset n\u00e4gemist.<br \/>\n\u2022 DHA ja EPA aitavad kaasa normaalsele s\u00fcdametalitlusele.<br \/>\n\u2022 Vitamiin E aitab kaitsta rakke oks\u00fcdatiivse stressi eest.<\/p>\n<p><strong>Kasutamine: <\/strong>v\u00f5ta 1-3 kapslit p\u00e4evas, koos iga s\u00f6\u00f6gikorraga.<\/p>\n<p><strong>Suurus: <\/strong>90 geelkapslit<\/p>\n<table>\n<tbody>\n<tr>\n<td width=\"203\"><strong>Toitealane teave<\/strong><\/td>\n<td width=\"200\"><strong>1 kapsli (1 annus) kohta<\/strong><\/td>\n<td width=\"200\"><strong>SPK*%\/<\/strong><\/td>\n<\/tr>\n<tr>\n<td width=\"203\"><strong>Kala\u00f5li \u2013 Omega 3<\/strong><\/td>\n<td width=\"200\"><strong>400mg<\/strong><\/td>\n<td width=\"200\">&#8211;<\/td>\n<\/tr>\n<tr>\n<td width=\"203\">millest EPA (Eikosapentaeenhape)<\/td>\n<td width=\"200\">72mg<\/td>\n<td width=\"200\">&#8211;<\/td>\n<\/tr>\n<tr>\n<td width=\"203\">millest DHA (Dokosaheksaeenhape)<\/td>\n<td width=\"200\">48mg<\/td>\n<td width=\"200\">&#8211;<\/td>\n<\/tr>\n<tr>\n<td width=\"203\"><strong>Linaseemne\u00f5li<\/strong><\/td>\n<td width=\"200\"><strong>300mg<\/strong><\/td>\n<td width=\"200\">&#8211;<\/td>\n<\/tr>\n<tr>\n<td width=\"203\">millest ALA &#8211; alfa-lipoehape<\/td>\n<td width=\"200\">150mg<\/td>\n<td width=\"200\">&#8211;<\/td>\n<\/tr>\n<tr>\n<td width=\"203\">milles LA \u2013 linoolhape<\/td>\n<td width=\"200\">45mg<\/td>\n<td width=\"200\">&#8211;<\/td>\n<\/tr>\n<tr>\n<td width=\"203\">millest DA \u2013 oleiinhape<\/td>\n<td width=\"200\">60mg<\/td>\n<td width=\"200\">&#8211;<\/td>\n<\/tr>\n<tr>\n<td width=\"203\"><strong>P\u00e4evalilleseemne\u00f5li<\/strong><\/td>\n<td width=\"200\"><strong>290mg<\/strong><\/td>\n<td width=\"200\">&#8211;<\/td>\n<\/tr>\n<tr>\n<td width=\"203\">millest LA &#8211; Linoolhape<\/td>\n<td width=\"200\">145mg<\/td>\n<td width=\"200\"><\/td>\n<\/tr>\n<tr>\n<td width=\"203\">millest DA \u2013 oleiinhape<\/td>\n<td width=\"200\">435mg<\/td>\n<td width=\"200\">&#8211;<\/td>\n<\/tr>\n<tr>\n<td width=\"203\"><strong>Vitamin E 10IU<\/strong><\/td>\n<td width=\"200\"><strong>10,5mg<\/strong><\/td>\n<td width=\"200\"><strong>88%<\/strong><\/td>\n<\/tr>\n<\/tbody>\n<\/table>\n<p>*SPK \u2013 soovitatud p\u00e4evane kogus<\/p>\n<p>&#8211; p\u00e4evane kogus pole kindlaks tehtud.<\/p>\n<p><strong>Teised koostisoad:<\/strong> \u017eelatiin, gl\u00fctseriin ja vesi.<\/p>\n<p>Vaata ka meie teisi Omega 3-6-9 \u00f5lisi <a href=\"https:\/\/fit360.ee\/en\/product-category\/product-groups\/essential-fats-en\/omega-3-6-9-en\/\"><strong>SIIT<\/strong><\/a>!<\/p>\n<p>Soovid kaupa osta suuremas koguses? Vaata antud toodet ka meie HULGI poest <a href=\"https:\/\/toidulisandidhulgi.ee\/product\/ostrovit-omega-3-6-9-90caps\/\"><strong>SIIT<\/strong><\/a>!<\/p>\n","protected":false},"excerpt":{"rendered":"<h2><strong>Omega 3-6-9<\/strong>:<\/h2>\n<ul>\n<li>Kaitse stressi eest<\/li>\n<li>Parandab n\u00e4gemist<\/li>\n<li>Hoolitseb aju- ja s\u00fcdametegevuse eest<\/li>\n<li>Tervisliku toitumise alustala<\/li>\n<\/ul>\n<p><strong>Ostrovit Omega 3-6-9 <\/strong>t\u00e4ielik rasvhappe kooslus sisaldab eikosapentaeenhapet (EPA) ja dokosaheksaeenhapet (DHA) koos E vitamiiniga. EPA ja DHA hoolitsevad normaalse aju- ja s\u00fcdametegevuse eest. Samuti on neil oluline roll n\u00e4gemise t\u00f6\u00f6s. Vitamiin E kaitseb rakke oks\u00fcdatiivse stressi eest. Vajalikud efektid saadakse k\u00e4tte, kui manustatakse igap\u00e4evaselt 250mg DHA&#8217;d ja EPA&#8217;d. \u00d5ige vahekord omega-3, omega-6 ning omega-9 vahel on \u00fcks tervisliku dieedi alustalasid. Sellep\u00e4rast on Ostrovit<strong>\u00a0Omega 3-6-9<\/strong>&#8216;s kasutatud k\u00f5rgkvaliteetseid k\u00fclmpressitud \u00f5lisid: kalamaksa\u00f5li, linaseemne\u00f5li ning p\u00e4evalilleseemne \u00f5li.<\/p>\n","protected":false},"featured_media":84395,"comment_status":"open","ping_status":"closed","template":"","meta":[],"product_brand":[],"product_cat":[525,2438,2442,1329],"product_tag":[2201,1775,2202,2203,1924,2802],"giftcard-category":[],"class_list":{"0":"post-52068","1":"product","2":"type-product","3":"status-publish","4":"has-post-thumbnail","6":"product_cat-essential-fats-en","7":"product_cat-omega-3-en","8":"product_cat-omega-3-6-9-en","9":"product_cat-ostrovit-en","10":"product_tag-kalaoli-en","11":"product_tag-omega-3-en","12":"product_tag-omega-3-6-9-en","13":"product_tag-omega-6-en","14":"product_tag-ostrovit-en","15":"product_tag-ostrovit-omega-3-6-9-en","16":"pa_toidulisand-branddd-ostrovit","17":"pa_tootegruppp-omega-3-en","18":"pa_tootegruppp-omega-3-6-9-en","19":"pa_tootegruppp-useful-fatty-acids","21":"first","22":"instock","23":"sale","24":"taxable","25":"shipping-taxable","26":"purchasable","27":"product-type-simple"},"yoast_head":"<!-- This site is optimized with the Yoast SEO plugin v27.3 - https:\/\/yoast.com\/product\/yoast-seo-wordpress\/ -->\n<title>Ostrovit Omega 3-6-9 (90caps) - Kala\u00f5li - Linaseemne\u00f5li - Alfa-Lipoehape<\/title>\n<meta name=\"description\" content=\"Ostrovit Omega 3-6-9 kapslid on kvaliteetse ja ainulaadse koostisega, mis sisaldabvad k\u00f5rge toime- ning puhtusastmega oomega rasvhappeid\" \/>\n<meta name=\"robots\" content=\"index, follow, max-snippet:-1, max-image-preview:large, max-video-preview:-1\" \/>\n<link rel=\"canonical\" href=\"https:\/\/fit360.ee\/en\/pood\/product-groups\/essential-fats-en\/omega-3-en\/ostrovit-omega-3-6-9-90caps\/\" \/>\n<meta property=\"og:locale\" content=\"en_US\" \/>\n<meta property=\"og:type\" content=\"article\" \/>\n<meta property=\"og:title\" content=\"Ostrovit Omega 3-6-9 (90caps) - Kala\u00f5li - Linaseemne\u00f5li - Alfa-Lipoehape\" \/>\n<meta property=\"og:description\" content=\"Ostrovit Omega 3-6-9 kapslid on kvaliteetse ja ainulaadse koostisega, mis sisaldabvad k\u00f5rge toime- ning puhtusastmega oomega rasvhappeid\" \/>\n<meta property=\"og:url\" content=\"https:\/\/fit360.ee\/en\/pood\/product-groups\/essential-fats-en\/omega-3-en\/ostrovit-omega-3-6-9-90caps\/\" \/>\n<meta property=\"og:site_name\" content=\"Fit360\" \/>\n<meta property=\"article:modified_time\" content=\"2026-04-13T13:26:19+00:00\" \/>\n<meta property=\"og:image\" content=\"https:\/\/fit360.ee\/wp-content\/uploads\/2021\/04\/ostrovit-omega-3-6-9-fit360.ee-2.png\" \/>\n\t<meta property=\"og:image:width\" content=\"450\" \/>\n\t<meta property=\"og:image:height\" content=\"450\" \/>\n\t<meta property=\"og:image:type\" content=\"image\/png\" \/>\n<meta name=\"twitter:card\" content=\"summary_large_image\" \/>\n<meta name=\"twitter:label1\" content=\"Est. reading time\" \/>\n\t<meta name=\"twitter:data1\" content=\"2 minutes\" \/>\n<script type=\"application\/ld+json\" class=\"yoast-schema-graph\">{\"@context\":\"https:\\\/\\\/schema.org\",\"@graph\":[{\"@type\":\"WebPage\",\"@id\":\"https:\\\/\\\/fit360.ee\\\/en\\\/pood\\\/product-groups\\\/essential-fats-en\\\/omega-3-en\\\/ostrovit-omega-3-6-9-90caps\\\/\",\"url\":\"https:\\\/\\\/fit360.ee\\\/en\\\/pood\\\/product-groups\\\/essential-fats-en\\\/omega-3-en\\\/ostrovit-omega-3-6-9-90caps\\\/\",\"name\":\"Ostrovit Omega 3-6-9 (90caps) - Kala\u00f5li - Linaseemne\u00f5li - Alfa-Lipoehape\",\"isPartOf\":{\"@id\":\"https:\\\/\\\/fit360.ee\\\/en\\\/#website\"},\"primaryImageOfPage\":{\"@id\":\"https:\\\/\\\/fit360.ee\\\/en\\\/pood\\\/product-groups\\\/essential-fats-en\\\/omega-3-en\\\/ostrovit-omega-3-6-9-90caps\\\/#primaryimage\"},\"image\":{\"@id\":\"https:\\\/\\\/fit360.ee\\\/en\\\/pood\\\/product-groups\\\/essential-fats-en\\\/omega-3-en\\\/ostrovit-omega-3-6-9-90caps\\\/#primaryimage\"},\"thumbnailUrl\":\"https:\\\/\\\/fit360.ee\\\/wp-content\\\/uploads\\\/2021\\\/04\\\/ostrovit-omega-3-6-9-fit360.ee-2.png\",\"datePublished\":\"2021-04-16T14:31:38+00:00\",\"dateModified\":\"2026-04-13T13:26:19+00:00\",\"description\":\"Ostrovit Omega 3-6-9 kapslid on kvaliteetse ja ainulaadse koostisega, mis sisaldabvad k\u00f5rge toime- ning puhtusastmega oomega rasvhappeid\",\"breadcrumb\":{\"@id\":\"https:\\\/\\\/fit360.ee\\\/en\\\/pood\\\/product-groups\\\/essential-fats-en\\\/omega-3-en\\\/ostrovit-omega-3-6-9-90caps\\\/#breadcrumb\"},\"inLanguage\":\"en-US\",\"potentialAction\":[{\"@type\":\"ReadAction\",\"target\":[\"https:\\\/\\\/fit360.ee\\\/en\\\/pood\\\/product-groups\\\/essential-fats-en\\\/omega-3-en\\\/ostrovit-omega-3-6-9-90caps\\\/\"]}]},{\"@type\":\"ImageObject\",\"inLanguage\":\"en-US\",\"@id\":\"https:\\\/\\\/fit360.ee\\\/en\\\/pood\\\/product-groups\\\/essential-fats-en\\\/omega-3-en\\\/ostrovit-omega-3-6-9-90caps\\\/#primaryimage\",\"url\":\"https:\\\/\\\/fit360.ee\\\/wp-content\\\/uploads\\\/2021\\\/04\\\/ostrovit-omega-3-6-9-fit360.ee-2.png\",\"contentUrl\":\"https:\\\/\\\/fit360.ee\\\/wp-content\\\/uploads\\\/2021\\\/04\\\/ostrovit-omega-3-6-9-fit360.ee-2.png\",\"width\":450,\"height\":450,\"caption\":\"ostrovit omega 3-6-9 - fit360.ee\"},{\"@type\":\"BreadcrumbList\",\"@id\":\"https:\\\/\\\/fit360.ee\\\/en\\\/pood\\\/product-groups\\\/essential-fats-en\\\/omega-3-en\\\/ostrovit-omega-3-6-9-90caps\\\/#breadcrumb\",\"itemListElement\":[{\"@type\":\"ListItem\",\"position\":1,\"name\":\"Home\",\"item\":\"https:\\\/\\\/fit360.ee\\\/en\\\/\"},{\"@type\":\"ListItem\",\"position\":2,\"name\":\"Shop\",\"item\":\"https:\\\/\\\/fit360.ee\\\/en\\\/shop\\\/\"},{\"@type\":\"ListItem\",\"position\":3,\"name\":\"Omega 3-6-9 (90caps)\"}]},{\"@type\":\"WebSite\",\"@id\":\"https:\\\/\\\/fit360.ee\\\/en\\\/#website\",\"url\":\"https:\\\/\\\/fit360.ee\\\/en\\\/\",\"name\":\"Fit360\",\"description\":\"\",\"publisher\":{\"@id\":\"https:\\\/\\\/fit360.ee\\\/en\\\/#organization\"},\"potentialAction\":[{\"@type\":\"SearchAction\",\"target\":{\"@type\":\"EntryPoint\",\"urlTemplate\":\"https:\\\/\\\/fit360.ee\\\/en\\\/?s={search_term_string}\"},\"query-input\":{\"@type\":\"PropertyValueSpecification\",\"valueRequired\":true,\"valueName\":\"search_term_string\"}}],\"inLanguage\":\"en-US\"},{\"@type\":\"Organization\",\"@id\":\"https:\\\/\\\/fit360.ee\\\/en\\\/#organization\",\"name\":\"Fit360\",\"url\":\"https:\\\/\\\/fit360.ee\\\/en\\\/\",\"logo\":{\"@type\":\"ImageObject\",\"inLanguage\":\"en-US\",\"@id\":\"https:\\\/\\\/fit360.ee\\\/en\\\/#\\\/schema\\\/logo\\\/image\\\/\",\"url\":\"https:\\\/\\\/fit360.ee\\\/wp-content\\\/uploads\\\/2017\\\/01\\\/logo-fit360.png\",\"contentUrl\":\"https:\\\/\\\/fit360.ee\\\/wp-content\\\/uploads\\\/2017\\\/01\\\/logo-fit360.png\",\"width\":180,\"height\":66,\"caption\":\"Fit360\"},\"image\":{\"@id\":\"https:\\\/\\\/fit360.ee\\\/en\\\/#\\\/schema\\\/logo\\\/image\\\/\"}}]}<\/script>\n<!-- \/ Yoast SEO plugin. -->","yoast_head_json":{"title":"Ostrovit Omega 3-6-9 (90caps) - Kala\u00f5li - Linaseemne\u00f5li - Alfa-Lipoehape","description":"Ostrovit Omega 3-6-9 kapslid on kvaliteetse ja ainulaadse koostisega, mis sisaldabvad k\u00f5rge toime- ning puhtusastmega oomega rasvhappeid","robots":{"index":"index","follow":"follow","max-snippet":"max-snippet:-1","max-image-preview":"max-image-preview:large","max-video-preview":"max-video-preview:-1"},"canonical":"https:\/\/fit360.ee\/en\/pood\/product-groups\/essential-fats-en\/omega-3-en\/ostrovit-omega-3-6-9-90caps\/","og_locale":"en_US","og_type":"article","og_title":"Ostrovit Omega 3-6-9 (90caps) - Kala\u00f5li - Linaseemne\u00f5li - Alfa-Lipoehape","og_description":"Ostrovit Omega 3-6-9 kapslid on kvaliteetse ja ainulaadse koostisega, mis sisaldabvad k\u00f5rge toime- ning puhtusastmega oomega rasvhappeid","og_url":"https:\/\/fit360.ee\/en\/pood\/product-groups\/essential-fats-en\/omega-3-en\/ostrovit-omega-3-6-9-90caps\/","og_site_name":"Fit360","article_modified_time":"2026-04-13T13:26:19+00:00","og_image":[{"width":450,"height":450,"url":"https:\/\/fit360.ee\/wp-content\/uploads\/2021\/04\/ostrovit-omega-3-6-9-fit360.ee-2.png","type":"image\/png"}],"twitter_card":"summary_large_image","twitter_misc":{"Est. reading time":"2 minutes"},"schema":{"@context":"https:\/\/schema.org","@graph":[{"@type":"WebPage","@id":"https:\/\/fit360.ee\/en\/pood\/product-groups\/essential-fats-en\/omega-3-en\/ostrovit-omega-3-6-9-90caps\/","url":"https:\/\/fit360.ee\/en\/pood\/product-groups\/essential-fats-en\/omega-3-en\/ostrovit-omega-3-6-9-90caps\/","name":"Ostrovit Omega 3-6-9 (90caps) - Kala\u00f5li - Linaseemne\u00f5li - Alfa-Lipoehape","isPartOf":{"@id":"https:\/\/fit360.ee\/en\/#website"},"primaryImageOfPage":{"@id":"https:\/\/fit360.ee\/en\/pood\/product-groups\/essential-fats-en\/omega-3-en\/ostrovit-omega-3-6-9-90caps\/#primaryimage"},"image":{"@id":"https:\/\/fit360.ee\/en\/pood\/product-groups\/essential-fats-en\/omega-3-en\/ostrovit-omega-3-6-9-90caps\/#primaryimage"},"thumbnailUrl":"https:\/\/fit360.ee\/wp-content\/uploads\/2021\/04\/ostrovit-omega-3-6-9-fit360.ee-2.png","datePublished":"2021-04-16T14:31:38+00:00","dateModified":"2026-04-13T13:26:19+00:00","description":"Ostrovit Omega 3-6-9 kapslid on kvaliteetse ja ainulaadse koostisega, mis sisaldabvad k\u00f5rge toime- ning puhtusastmega oomega rasvhappeid","breadcrumb":{"@id":"https:\/\/fit360.ee\/en\/pood\/product-groups\/essential-fats-en\/omega-3-en\/ostrovit-omega-3-6-9-90caps\/#breadcrumb"},"inLanguage":"en-US","potentialAction":[{"@type":"ReadAction","target":["https:\/\/fit360.ee\/en\/pood\/product-groups\/essential-fats-en\/omega-3-en\/ostrovit-omega-3-6-9-90caps\/"]}]},{"@type":"ImageObject","inLanguage":"en-US","@id":"https:\/\/fit360.ee\/en\/pood\/product-groups\/essential-fats-en\/omega-3-en\/ostrovit-omega-3-6-9-90caps\/#primaryimage","url":"https:\/\/fit360.ee\/wp-content\/uploads\/2021\/04\/ostrovit-omega-3-6-9-fit360.ee-2.png","contentUrl":"https:\/\/fit360.ee\/wp-content\/uploads\/2021\/04\/ostrovit-omega-3-6-9-fit360.ee-2.png","width":450,"height":450,"caption":"ostrovit omega 3-6-9 - fit360.ee"},{"@type":"BreadcrumbList","@id":"https:\/\/fit360.ee\/en\/pood\/product-groups\/essential-fats-en\/omega-3-en\/ostrovit-omega-3-6-9-90caps\/#breadcrumb","itemListElement":[{"@type":"ListItem","position":1,"name":"Home","item":"https:\/\/fit360.ee\/en\/"},{"@type":"ListItem","position":2,"name":"Shop","item":"https:\/\/fit360.ee\/en\/shop\/"},{"@type":"ListItem","position":3,"name":"Omega 3-6-9 (90caps)"}]},{"@type":"WebSite","@id":"https:\/\/fit360.ee\/en\/#website","url":"https:\/\/fit360.ee\/en\/","name":"Fit360","description":"","publisher":{"@id":"https:\/\/fit360.ee\/en\/#organization"},"potentialAction":[{"@type":"SearchAction","target":{"@type":"EntryPoint","urlTemplate":"https:\/\/fit360.ee\/en\/?s={search_term_string}"},"query-input":{"@type":"PropertyValueSpecification","valueRequired":true,"valueName":"search_term_string"}}],"inLanguage":"en-US"},{"@type":"Organization","@id":"https:\/\/fit360.ee\/en\/#organization","name":"Fit360","url":"https:\/\/fit360.ee\/en\/","logo":{"@type":"ImageObject","inLanguage":"en-US","@id":"https:\/\/fit360.ee\/en\/#\/schema\/logo\/image\/","url":"https:\/\/fit360.ee\/wp-content\/uploads\/2017\/01\/logo-fit360.png","contentUrl":"https:\/\/fit360.ee\/wp-content\/uploads\/2017\/01\/logo-fit360.png","width":180,"height":66,"caption":"Fit360"},"image":{"@id":"https:\/\/fit360.ee\/en\/#\/schema\/logo\/image\/"}}]}},"_links":{"self":[{"href":"https:\/\/fit360.ee\/en\/wp-json\/wp\/v2\/product\/52068","targetHints":{"allow":["GET"]}}],"collection":[{"href":"https:\/\/fit360.ee\/en\/wp-json\/wp\/v2\/product"}],"about":[{"href":"https:\/\/fit360.ee\/en\/wp-json\/wp\/v2\/types\/product"}],"replies":[{"embeddable":true,"href":"https:\/\/fit360.ee\/en\/wp-json\/wp\/v2\/comments?post=52068"}],"wp:featuredmedia":[{"embeddable":true,"href":"https:\/\/fit360.ee\/en\/wp-json\/wp\/v2\/media\/84395"}],"wp:attachment":[{"href":"https:\/\/fit360.ee\/en\/wp-json\/wp\/v2\/media?parent=52068"}],"wp:term":[{"taxonomy":"product_brand","embeddable":true,"href":"https:\/\/fit360.ee\/en\/wp-json\/wp\/v2\/product_brand?post=52068"},{"taxonomy":"product_cat","embeddable":true,"href":"https:\/\/fit360.ee\/en\/wp-json\/wp\/v2\/product_cat?post=52068"},{"taxonomy":"product_tag","embeddable":true,"href":"https:\/\/fit360.ee\/en\/wp-json\/wp\/v2\/product_tag?post=52068"},{"taxonomy":"giftcard-category","embeddable":true,"href":"https:\/\/fit360.ee\/en\/wp-json\/wp\/v2\/giftcard-category?post=52068"}],"curies":[{"name":"wp","href":"https:\/\/api.w.org\/{rel}","templated":true}]}}