{"id":52081,"date":"2021-04-16T18:13:49","date_gmt":"2021-04-16T16:13:49","guid":{"rendered":"https:\/\/fit360.ee\/?post_type=product&#038;p=52081"},"modified":"2026-03-10T19:48:25","modified_gmt":"2026-03-10T17:48:25","slug":"mct-oli-500ml","status":"publish","type":"product","link":"https:\/\/fit360.ee\/en\/pood\/product-groups\/superfoods-health-foods-en\/mct-oil-en\/mct-oli-500ml\/","title":{"rendered":"MCT \u00f5li Guinea Seemne\u00f5list (500ml)"},"content":{"rendered":"<h1><strong>MCT \u00d5li 500ml<\/strong><\/h1>\n<p>MCT \u00d5li 500ml &#8211; guinea seemne\u00f5list<\/p>\n<p>MCT \u00d5li nimi tuleneb s\u00f5nadest Medium Chain Triglycerides (keskmise ahelaga trigl\u00fctseriidid).<\/p>\n<h3><strong>Miks MCT \u00f5li meile kasulik on?<\/strong><\/h3>\n<p>Palju on r\u00e4\u00e4gitud sellest, kuidas rasv ning eriti k\u00fcllastunud rasv, tekitab arvukalt terviseprobleeme ning kuidas madala rasvasisaldusega dieet on parim viis kaalust alla v\u00f5tma ning tervislikum olla. Tegelikult on t\u00e4nap\u00e4eva toitumisteadlased selgeks teinud, et eelnev v\u00e4ide on k\u00fcsitav.<\/p>\n<p>Kui tarbite \u00f5igeid\u00a0<a href=\"https:\/\/fit360.ee\/en\/product-category\/product-groups\/essential-fats-en\/\"><strong>kasulikke rasvhappeid<\/strong><\/a>, sealhulgas ka k\u00fcllastunud rasvhappeid, on sellest Teie kehale suur kasu nii kaalu langetamise aspektist kui ka suured kasud immuuns\u00fcsteemile ning kognitiivsete funktsioonide toimimisele.<\/p>\n<p><a href=\"https:\/\/fit360.ee\/en\/product-category\/product-groups\/essential-fats-en\/coconut-oil-en\/\"><strong>Kookos\u00f5li<\/strong><\/a>\u00a0on aina enam populaarsust kogunud ning oma paljude kasude t\u00f5ttu on sellest saanud \u00fcks p\u00f5hilisi toiduaineid tervislikus men\u00fc\u00fcs. Seda seet\u00f5ttu, et kookos\u00f5li sisaldab palju kasulikke rasvhappeid, mis hoiavad meie keha maksimaalselt t\u00f6\u00f6s. K\u00f5ige tervislikumate rasvhapete seas on keskmise ahelaga trigl\u00fctseriidid ehk teisis\u00f5nu MCT.<\/p>\n<p>MCT on kvaliteetne k\u00fcllastunud rasv, mille eesm\u00e4rk on: reguleerida kehakaalu, toita aju ning anda kauakestvat energiat, et hoida inimest kogu p\u00e4eva jooksul energilisena. Olgugi, et kookos\u00f5li ise on supertoit, koosneb see umbes 62%-i ulatuses keskmise ahelaga rasvhapetest. Seet\u00f5ttu on justnimelt MCT puhas vorm muutumas laialdaselt populaarseks.<\/p>\n<h3><strong>MCT \u00d5li soodustab kehakaalu langust<\/strong><\/h3>\n<p>Teadusuringud on n\u00e4idanud, et MCT tarbimine tekitab t\u00e4isk\u00f5hutunnet ning aitab inimestel isusi reguleerida. Katses osalenud subjektid, kes tarbisid hommikus\u00f6\u00f6giks kaks supilusikat\u00e4it MCT \u00f5li, s\u00f5id l\u00f5una- ja \u00f5htus\u00f6\u00f6gi ajal v\u00e4hem ning kogu p\u00e4eva kestva t\u00e4isk\u00f5hutunde t\u00f5ttu, tarbisid p\u00e4eva jooksul ka v\u00e4hem suupisteid ja sn\u00e4kke. MCT \u00f5li tekitab t\u00e4isk\u00f5hutunnet seda soodustava hormooni, peptiidi YY ja leptiidi, vabanemisega.<\/p>\n<p>Samas uuringus leiti ka, et osalejatel oli madalam trigl\u00fctseriidide ja gl\u00fckoosi sisaldus, mis v\u00f5ib m\u00f5jutab t\u00e4isk\u00f5hutunnet.<\/p>\n<p>Uuringutes leiti, et MCT regulaarne kasutamine v\u00f5ib p\u00e4rast kasutamist p\u00f5hjustada kehapiirkondade v\u00e4iksemat \u00fcmberm\u00f5\u00f5tu, mis annab m\u00e4rku t\u00f5husast kaalulangusest. See v\u00f5ib olla tingitud sellest, et MCT on k\u00fcmnendiku v\u00f5rra v\u00e4hem kaloreid kui muudes \u00f5lides, n\u00e4iteks oliivi\u00f5li ja avokaadode \u00f5line rasv.<\/p>\n<p>Lisaks imendub MCT vereringesse kiiremini kui LCT, mis v\u00f5imaldab neid peaaegu kohe energiana kasutada. See t\u00e4hendab, et MCT ei ladustata rasvana, mille tulemuseks on v\u00e4iksem rasva kehaprotsent, kuna rasva on v\u00e4hem ladustatud.<\/p>\n<p><strong>Koostisosad<\/strong>: Guinea seemne\u00f5li (<strong>MCT &#8211; keskmise ahelaga trigl\u00fctseriidid<\/strong>)<\/p>\n<p><strong>Kasutamine: <\/strong>2 teelusikat (12 ml) 1-3 korda p\u00e4evas. Maitsetut ja l\u00f5hnatut \u00f5li sobib h\u00e4sti lisada \u00fcksk\u00f5ik millisele toidule v\u00f5i joogile. \u00d5li ei soovitata siiski kasutada k\u00f5rgetel temperatuuridel (\u00fcle 160 kraadi), sest siis hakkab \u00f5li keemiline struktuur lagunema ja maitse muutub m\u00f5ruks. Palju kasutatakse MCT-\u00f5li koos kohvi v\u00f5i muude kuumade jookidega.<\/p>\n<p>S\u00e4ilitamine:\u00a0Toatemperatuuril. Avamise j\u00e4rgselt k\u00fclmkapis v\u00f5i muus jahedas\u00a0kohas.<\/p>\n<p><strong>Suurus: <\/strong>500 ml<\/p>\n<table width=\"100%\">\n<tbody>\n<tr>\n<td><strong>Aktiivsed toimeained:<\/strong><\/td>\n<td><strong>100g<\/strong><\/td>\n<td><strong>12g<\/strong><\/td>\n<\/tr>\n<tr>\n<td>Kaproonhape (C6:0)<\/td>\n<td>2g<\/td>\n<td>0,2g<\/td>\n<\/tr>\n<tr>\n<td>Kapr\u00fc\u00fclhape (C8:0)<\/td>\n<td>55-65g<\/td>\n<td>6,6-7,8g<\/td>\n<\/tr>\n<tr>\n<td>Kapriinhape (C10:0)<\/td>\n<td>35-45g<\/td>\n<td>4,2-5,4g<\/td>\n<\/tr>\n<tr>\n<td>Lauriinhape (C12:0)<\/td>\n<td>3g<\/td>\n<td>0,4g<\/td>\n<\/tr>\n<tr>\n<td>M\u00fcristiinhape (C14:0)<\/td>\n<td>1g<\/td>\n<td>0,1g<\/td>\n<\/tr>\n<tr>\n<td><strong>Anal\u00fc\u00fcs<\/strong><\/td>\n<td><strong>100g<\/strong><\/td>\n<td><strong>12g<\/strong><\/td>\n<\/tr>\n<tr>\n<td>Energia (kJ\/kcal)<\/td>\n<td>2847kJ\/680kcal<\/td>\n<td>342kJ\/82kcal<\/td>\n<\/tr>\n<tr>\n<td>Rasvad<\/td>\n<td>100g<\/td>\n<td>12g<\/td>\n<\/tr>\n<tr>\n<td>mi<em>llest k\u00fcllastunud<\/em><\/td>\n<td>100g<\/td>\n<td>12g<\/td>\n<\/tr>\n<tr>\n<td>S\u00fcsivesikud<\/td>\n<td>0g<\/td>\n<td>0g<\/td>\n<\/tr>\n<tr>\n<td><em>millest suhkur<\/em><\/td>\n<td>0 g<\/td>\n<td>0g<\/td>\n<\/tr>\n<tr>\n<td>Valgud<\/td>\n<td>0g<\/td>\n<td>0g<\/td>\n<\/tr>\n<tr>\n<td>Sool<\/td>\n<td>0g<\/td>\n<td>0g<\/td>\n<\/tr>\n<\/tbody>\n<\/table>\n<p>Vaata ka meie teisi MCT \u00d5lisi <a href=\"https:\/\/fit360.ee\/en\/product-category\/product-groups\/superfoods-health-foods-en\/mct-oil-en\/\"><strong>SIIT<\/strong><\/a>! V\u00f5i teisi Rasvap\u00f5letajaid <a href=\"https:\/\/fit360.ee\/en\/product-category\/product-groups\/fat-burners-en\/\"><strong>SIIT<\/strong><\/a>!<\/p>\n<p>oovid kaupa osta suuremas koguses? Vaata antud toodet ka meie HULGI poest <a href=\"https:\/\/toidulisandidhulgi.ee\/product\/mct-oli-500ml\/\"><strong>SIIT<\/strong><\/a>!<\/p>\n","protected":false},"excerpt":{"rendered":"<h2><strong>MCT \u00d5LI:<\/strong><\/h2>\n<ul>\n<li>Soodustab rasvap\u00f5letust<\/li>\n<li>Aitab parandada seedimist<\/li>\n<li>Aitab v\u00e4hendada s\u00f6\u00f6giisu<\/li>\n<li>V\u00e4ga kasulik nahale<\/li>\n<\/ul>\n<p><strong>MCT<\/strong>\u00a0<em>(Medium Chained Triglyceride)<\/em>\u00a0on toidurasv, millel on, v\u00f5rreldes teiste toidurasvadega, erinev keemiline struktuur ja ehitus. Kui muud rasvad on oma keemilise ehitusega pika ahelaga trigl\u00fctseriidid\u00a0<em>(LCT &#8211; Long Chained Triglycerides)<\/em>, siis MCT rasv on keskmise ahelaga trigl\u00fctseriid.<\/p>\n<p>T\u00e4nu erinevale keemilisele \u00fclesehitusele, k\u00e4ituvad ka MCT rasvad teistmoodi organismis kui tavalised rasvad. Nimelt on nad kergemini seeditavamad ning neid on efektiivsem kasutada energiaks. Lisaks transporditakse MCT rasvad maksa, kus neid siis energiaks on lihtne kasutatakse.<\/p>\n","protected":false},"featured_media":52079,"comment_status":"open","ping_status":"closed","template":"","meta":[],"product_brand":[],"product_cat":[525,530,2375,1329,2408,1454],"product_tag":[2727,1924],"giftcard-category":[],"class_list":{"0":"post-52081","1":"product","2":"type-product","3":"status-publish","4":"has-post-thumbnail","6":"product_cat-essential-fats-en","7":"product_cat-fat-burners-en","8":"product_cat-mct-oil-en","9":"product_cat-ostrovit-en","10":"product_cat-stimulant-free-fat-burners-en","11":"product_cat-superfoods-health-foods-en","12":"product_tag-mct-oli-en","13":"product_tag-ostrovit-en","14":"pa_toidulisand-branddd-ostrovit","15":"pa_tootegruppp-mct-oli-en","16":"pa_tootegruppp-stimulandivaba-en","17":"pa_tootegruppp-supertoit-tervisetoit-en","18":"pa_tootegruppp-useful-fatty-acids","19":"pa_tootegruppp-weight-loss","21":"first","22":"outofstock","23":"sale","24":"taxable","25":"shipping-taxable","26":"purchasable","27":"product-type-simple"},"yoast_head":"<!-- This site is optimized with the Yoast SEO plugin v27.3 - https:\/\/yoast.com\/product\/yoast-seo-wordpress\/ -->\n<title>MCT \u00f5li Guinea Seemne\u00f5list (500ml) - MCT \u00d5li - MCT \u00d5li m\u00fc\u00fck- Kiire Tarne<\/title>\n<meta name=\"description\" content=\"MCT \u00d5li 500ml aitab reguleerida kehakaalu, toita aju ning anda kauakestvat energiat, et hoida inimest kogu p\u00e4eva jooksul energilisena.\" \/>\n<meta name=\"robots\" content=\"index, follow, max-snippet:-1, max-image-preview:large, max-video-preview:-1\" \/>\n<link rel=\"canonical\" href=\"https:\/\/fit360.ee\/en\/pood\/product-groups\/superfoods-health-foods-en\/mct-oil-en\/mct-oli-500ml\/\" \/>\n<meta property=\"og:locale\" content=\"en_US\" \/>\n<meta property=\"og:type\" content=\"article\" \/>\n<meta property=\"og:title\" content=\"MCT \u00f5li Guinea Seemne\u00f5list (500ml) - MCT \u00d5li - MCT \u00d5li m\u00fc\u00fck- Kiire Tarne\" \/>\n<meta property=\"og:description\" content=\"MCT \u00d5li 500ml aitab reguleerida kehakaalu, toita aju ning anda kauakestvat energiat, et hoida inimest kogu p\u00e4eva jooksul energilisena.\" \/>\n<meta property=\"og:url\" content=\"https:\/\/fit360.ee\/en\/pood\/product-groups\/superfoods-health-foods-en\/mct-oil-en\/mct-oli-500ml\/\" \/>\n<meta property=\"og:site_name\" content=\"Fit360\" \/>\n<meta property=\"article:modified_time\" content=\"2026-03-10T17:48:25+00:00\" \/>\n<meta property=\"og:image\" content=\"https:\/\/fit360.ee\/wp-content\/uploads\/2019\/12\/mct-oli-fit360.ee_.png\" \/>\n\t<meta property=\"og:image:width\" content=\"600\" \/>\n\t<meta property=\"og:image:height\" content=\"600\" \/>\n\t<meta property=\"og:image:type\" content=\"image\/png\" \/>\n<meta name=\"twitter:card\" content=\"summary_large_image\" \/>\n<meta name=\"twitter:label1\" content=\"Est. reading time\" \/>\n\t<meta name=\"twitter:data1\" content=\"3 minutes\" \/>\n<script type=\"application\/ld+json\" class=\"yoast-schema-graph\">{\"@context\":\"https:\\\/\\\/schema.org\",\"@graph\":[{\"@type\":\"WebPage\",\"@id\":\"https:\\\/\\\/fit360.ee\\\/en\\\/pood\\\/product-groups\\\/superfoods-health-foods-en\\\/mct-oil-en\\\/mct-oli-500ml\\\/\",\"url\":\"https:\\\/\\\/fit360.ee\\\/en\\\/pood\\\/product-groups\\\/superfoods-health-foods-en\\\/mct-oil-en\\\/mct-oli-500ml\\\/\",\"name\":\"MCT \u00f5li Guinea Seemne\u00f5list (500ml) - MCT \u00d5li - MCT \u00d5li m\u00fc\u00fck- Kiire Tarne\",\"isPartOf\":{\"@id\":\"https:\\\/\\\/fit360.ee\\\/en\\\/#website\"},\"primaryImageOfPage\":{\"@id\":\"https:\\\/\\\/fit360.ee\\\/en\\\/pood\\\/product-groups\\\/superfoods-health-foods-en\\\/mct-oil-en\\\/mct-oli-500ml\\\/#primaryimage\"},\"image\":{\"@id\":\"https:\\\/\\\/fit360.ee\\\/en\\\/pood\\\/product-groups\\\/superfoods-health-foods-en\\\/mct-oil-en\\\/mct-oli-500ml\\\/#primaryimage\"},\"thumbnailUrl\":\"https:\\\/\\\/fit360.ee\\\/wp-content\\\/uploads\\\/2019\\\/12\\\/mct-oli-fit360.ee_.png\",\"datePublished\":\"2021-04-16T16:13:49+00:00\",\"dateModified\":\"2026-03-10T17:48:25+00:00\",\"description\":\"MCT \u00d5li 500ml aitab reguleerida kehakaalu, toita aju ning anda kauakestvat energiat, et hoida inimest kogu p\u00e4eva jooksul energilisena.\",\"breadcrumb\":{\"@id\":\"https:\\\/\\\/fit360.ee\\\/en\\\/pood\\\/product-groups\\\/superfoods-health-foods-en\\\/mct-oil-en\\\/mct-oli-500ml\\\/#breadcrumb\"},\"inLanguage\":\"en-US\",\"potentialAction\":[{\"@type\":\"ReadAction\",\"target\":[\"https:\\\/\\\/fit360.ee\\\/en\\\/pood\\\/product-groups\\\/superfoods-health-foods-en\\\/mct-oil-en\\\/mct-oli-500ml\\\/\"]}]},{\"@type\":\"ImageObject\",\"inLanguage\":\"en-US\",\"@id\":\"https:\\\/\\\/fit360.ee\\\/en\\\/pood\\\/product-groups\\\/superfoods-health-foods-en\\\/mct-oil-en\\\/mct-oli-500ml\\\/#primaryimage\",\"url\":\"https:\\\/\\\/fit360.ee\\\/wp-content\\\/uploads\\\/2019\\\/12\\\/mct-oli-fit360.ee_.png\",\"contentUrl\":\"https:\\\/\\\/fit360.ee\\\/wp-content\\\/uploads\\\/2019\\\/12\\\/mct-oli-fit360.ee_.png\",\"width\":600,\"height\":600,\"caption\":\"mct \u00f5li - fit360.ee\"},{\"@type\":\"BreadcrumbList\",\"@id\":\"https:\\\/\\\/fit360.ee\\\/en\\\/pood\\\/product-groups\\\/superfoods-health-foods-en\\\/mct-oil-en\\\/mct-oli-500ml\\\/#breadcrumb\",\"itemListElement\":[{\"@type\":\"ListItem\",\"position\":1,\"name\":\"Home\",\"item\":\"https:\\\/\\\/fit360.ee\\\/en\\\/\"},{\"@type\":\"ListItem\",\"position\":2,\"name\":\"Shop\",\"item\":\"https:\\\/\\\/fit360.ee\\\/en\\\/shop\\\/\"},{\"@type\":\"ListItem\",\"position\":3,\"name\":\"MCT \u00f5li Guinea Seemne\u00f5list (500ml)\"}]},{\"@type\":\"WebSite\",\"@id\":\"https:\\\/\\\/fit360.ee\\\/en\\\/#website\",\"url\":\"https:\\\/\\\/fit360.ee\\\/en\\\/\",\"name\":\"Fit360\",\"description\":\"\",\"publisher\":{\"@id\":\"https:\\\/\\\/fit360.ee\\\/en\\\/#organization\"},\"potentialAction\":[{\"@type\":\"SearchAction\",\"target\":{\"@type\":\"EntryPoint\",\"urlTemplate\":\"https:\\\/\\\/fit360.ee\\\/en\\\/?s={search_term_string}\"},\"query-input\":{\"@type\":\"PropertyValueSpecification\",\"valueRequired\":true,\"valueName\":\"search_term_string\"}}],\"inLanguage\":\"en-US\"},{\"@type\":\"Organization\",\"@id\":\"https:\\\/\\\/fit360.ee\\\/en\\\/#organization\",\"name\":\"Fit360\",\"url\":\"https:\\\/\\\/fit360.ee\\\/en\\\/\",\"logo\":{\"@type\":\"ImageObject\",\"inLanguage\":\"en-US\",\"@id\":\"https:\\\/\\\/fit360.ee\\\/en\\\/#\\\/schema\\\/logo\\\/image\\\/\",\"url\":\"https:\\\/\\\/fit360.ee\\\/wp-content\\\/uploads\\\/2017\\\/01\\\/logo-fit360.png\",\"contentUrl\":\"https:\\\/\\\/fit360.ee\\\/wp-content\\\/uploads\\\/2017\\\/01\\\/logo-fit360.png\",\"width\":180,\"height\":66,\"caption\":\"Fit360\"},\"image\":{\"@id\":\"https:\\\/\\\/fit360.ee\\\/en\\\/#\\\/schema\\\/logo\\\/image\\\/\"}}]}<\/script>\n<!-- \/ Yoast SEO plugin. -->","yoast_head_json":{"title":"MCT \u00f5li Guinea Seemne\u00f5list (500ml) - MCT \u00d5li - MCT \u00d5li m\u00fc\u00fck- Kiire Tarne","description":"MCT \u00d5li 500ml aitab reguleerida kehakaalu, toita aju ning anda kauakestvat energiat, et hoida inimest kogu p\u00e4eva jooksul energilisena.","robots":{"index":"index","follow":"follow","max-snippet":"max-snippet:-1","max-image-preview":"max-image-preview:large","max-video-preview":"max-video-preview:-1"},"canonical":"https:\/\/fit360.ee\/en\/pood\/product-groups\/superfoods-health-foods-en\/mct-oil-en\/mct-oli-500ml\/","og_locale":"en_US","og_type":"article","og_title":"MCT \u00f5li Guinea Seemne\u00f5list (500ml) - MCT \u00d5li - MCT \u00d5li m\u00fc\u00fck- Kiire Tarne","og_description":"MCT \u00d5li 500ml aitab reguleerida kehakaalu, toita aju ning anda kauakestvat energiat, et hoida inimest kogu p\u00e4eva jooksul energilisena.","og_url":"https:\/\/fit360.ee\/en\/pood\/product-groups\/superfoods-health-foods-en\/mct-oil-en\/mct-oli-500ml\/","og_site_name":"Fit360","article_modified_time":"2026-03-10T17:48:25+00:00","og_image":[{"width":600,"height":600,"url":"https:\/\/fit360.ee\/wp-content\/uploads\/2019\/12\/mct-oli-fit360.ee_.png","type":"image\/png"}],"twitter_card":"summary_large_image","twitter_misc":{"Est. reading time":"3 minutes"},"schema":{"@context":"https:\/\/schema.org","@graph":[{"@type":"WebPage","@id":"https:\/\/fit360.ee\/en\/pood\/product-groups\/superfoods-health-foods-en\/mct-oil-en\/mct-oli-500ml\/","url":"https:\/\/fit360.ee\/en\/pood\/product-groups\/superfoods-health-foods-en\/mct-oil-en\/mct-oli-500ml\/","name":"MCT \u00f5li Guinea Seemne\u00f5list (500ml) - MCT \u00d5li - MCT \u00d5li m\u00fc\u00fck- Kiire Tarne","isPartOf":{"@id":"https:\/\/fit360.ee\/en\/#website"},"primaryImageOfPage":{"@id":"https:\/\/fit360.ee\/en\/pood\/product-groups\/superfoods-health-foods-en\/mct-oil-en\/mct-oli-500ml\/#primaryimage"},"image":{"@id":"https:\/\/fit360.ee\/en\/pood\/product-groups\/superfoods-health-foods-en\/mct-oil-en\/mct-oli-500ml\/#primaryimage"},"thumbnailUrl":"https:\/\/fit360.ee\/wp-content\/uploads\/2019\/12\/mct-oli-fit360.ee_.png","datePublished":"2021-04-16T16:13:49+00:00","dateModified":"2026-03-10T17:48:25+00:00","description":"MCT \u00d5li 500ml aitab reguleerida kehakaalu, toita aju ning anda kauakestvat energiat, et hoida inimest kogu p\u00e4eva jooksul energilisena.","breadcrumb":{"@id":"https:\/\/fit360.ee\/en\/pood\/product-groups\/superfoods-health-foods-en\/mct-oil-en\/mct-oli-500ml\/#breadcrumb"},"inLanguage":"en-US","potentialAction":[{"@type":"ReadAction","target":["https:\/\/fit360.ee\/en\/pood\/product-groups\/superfoods-health-foods-en\/mct-oil-en\/mct-oli-500ml\/"]}]},{"@type":"ImageObject","inLanguage":"en-US","@id":"https:\/\/fit360.ee\/en\/pood\/product-groups\/superfoods-health-foods-en\/mct-oil-en\/mct-oli-500ml\/#primaryimage","url":"https:\/\/fit360.ee\/wp-content\/uploads\/2019\/12\/mct-oli-fit360.ee_.png","contentUrl":"https:\/\/fit360.ee\/wp-content\/uploads\/2019\/12\/mct-oli-fit360.ee_.png","width":600,"height":600,"caption":"mct \u00f5li - fit360.ee"},{"@type":"BreadcrumbList","@id":"https:\/\/fit360.ee\/en\/pood\/product-groups\/superfoods-health-foods-en\/mct-oil-en\/mct-oli-500ml\/#breadcrumb","itemListElement":[{"@type":"ListItem","position":1,"name":"Home","item":"https:\/\/fit360.ee\/en\/"},{"@type":"ListItem","position":2,"name":"Shop","item":"https:\/\/fit360.ee\/en\/shop\/"},{"@type":"ListItem","position":3,"name":"MCT \u00f5li Guinea Seemne\u00f5list (500ml)"}]},{"@type":"WebSite","@id":"https:\/\/fit360.ee\/en\/#website","url":"https:\/\/fit360.ee\/en\/","name":"Fit360","description":"","publisher":{"@id":"https:\/\/fit360.ee\/en\/#organization"},"potentialAction":[{"@type":"SearchAction","target":{"@type":"EntryPoint","urlTemplate":"https:\/\/fit360.ee\/en\/?s={search_term_string}"},"query-input":{"@type":"PropertyValueSpecification","valueRequired":true,"valueName":"search_term_string"}}],"inLanguage":"en-US"},{"@type":"Organization","@id":"https:\/\/fit360.ee\/en\/#organization","name":"Fit360","url":"https:\/\/fit360.ee\/en\/","logo":{"@type":"ImageObject","inLanguage":"en-US","@id":"https:\/\/fit360.ee\/en\/#\/schema\/logo\/image\/","url":"https:\/\/fit360.ee\/wp-content\/uploads\/2017\/01\/logo-fit360.png","contentUrl":"https:\/\/fit360.ee\/wp-content\/uploads\/2017\/01\/logo-fit360.png","width":180,"height":66,"caption":"Fit360"},"image":{"@id":"https:\/\/fit360.ee\/en\/#\/schema\/logo\/image\/"}}]}},"_links":{"self":[{"href":"https:\/\/fit360.ee\/en\/wp-json\/wp\/v2\/product\/52081","targetHints":{"allow":["GET"]}}],"collection":[{"href":"https:\/\/fit360.ee\/en\/wp-json\/wp\/v2\/product"}],"about":[{"href":"https:\/\/fit360.ee\/en\/wp-json\/wp\/v2\/types\/product"}],"replies":[{"embeddable":true,"href":"https:\/\/fit360.ee\/en\/wp-json\/wp\/v2\/comments?post=52081"}],"wp:featuredmedia":[{"embeddable":true,"href":"https:\/\/fit360.ee\/en\/wp-json\/wp\/v2\/media\/52079"}],"wp:attachment":[{"href":"https:\/\/fit360.ee\/en\/wp-json\/wp\/v2\/media?parent=52081"}],"wp:term":[{"taxonomy":"product_brand","embeddable":true,"href":"https:\/\/fit360.ee\/en\/wp-json\/wp\/v2\/product_brand?post=52081"},{"taxonomy":"product_cat","embeddable":true,"href":"https:\/\/fit360.ee\/en\/wp-json\/wp\/v2\/product_cat?post=52081"},{"taxonomy":"product_tag","embeddable":true,"href":"https:\/\/fit360.ee\/en\/wp-json\/wp\/v2\/product_tag?post=52081"},{"taxonomy":"giftcard-category","embeddable":true,"href":"https:\/\/fit360.ee\/en\/wp-json\/wp\/v2\/giftcard-category?post=52081"}],"curies":[{"name":"wp","href":"https:\/\/api.w.org\/{rel}","templated":true}]}}