{"id":52104,"date":"2021-04-17T11:41:44","date_gmt":"2021-04-17T09:41:44","guid":{"rendered":"https:\/\/fit360.ee\/?post_type=product&#038;p=52104"},"modified":"2025-08-13T07:35:23","modified_gmt":"2025-08-13T05:35:23","slug":"tryptophan-200g","status":"publish","type":"product","link":"https:\/\/fit360.ee\/en\/pood\/product-groups\/amino-acids-bcaa\/tryptophan-en\/tryptophan-200g\/","title":{"rendered":"Tryptophan 100% puhas (200g)"},"content":{"rendered":"<h1>Tr\u00fcptofaan<\/h1>\n<p>Tryptophan puler Ostroviti poolt on 100% puhas ning ei sisalda lisaaineid.<\/p>\n<p><strong>Tr\u00fcptofaan<\/strong>\u00a0ehk L-tr\u00fcptofaan on asendamatu aminohape.\u00a0<a href=\"https:\/\/fit360.ee\/en\/product-category\/product-groups\/amino-acids-bcaa\/essential-amino-acids-eaa-en\/\"><strong>Asendamatuid aminohappeid<\/strong><\/a>\u00a0ei suuda keha ise toota ning neid peab saama toidust. L-tr\u00fcptofaan on serotoniini eelaine. Serotoniin m\u00e4ngib t\u00e4htsat rolli l\u00f5dvestumises, s\u00fcgavas\u00a0<a href=\"https:\/\/fit360.ee\/en\/product-category\/product-groups\/sleep-enhancers-en\/\"><strong>unes<\/strong><\/a>\u00a0ja positiivses meeleolus.<\/p>\n<p>T\u00e4nap\u00e4eval on v\u00e4ga palju inimesi, kes kannatavad stressi erinevate m\u00f5jude all. Depressiooni areng, tootlikkuse v\u00e4henemine, d\u00fcsfooria s\u00fcndroom ja paljud teised erineva raskusastmega seisundid on selle tagaj\u00e4rg. Kuid \u00f5nneks on olemas toidulisand, mis suudab t\u00f5husalt v\u00f5idelda sellise m\u00f5ju avaldumisega.<\/p>\n<p><strong>L-tr\u00fcptofaan<\/strong>\u00a0on spetsiaalne koostis, mis sisaldab ainsat toimeainet nimega tr\u00fcptofaan. See aine v\u00f5ib t\u00f5husalt t\u00e4iendada ja m\u00f5nel juhul isegi asendada erinevate antidepressantide, eriti monoamiini oks\u00fcdaasi inhibiitorite toimet. Selle toime potentsiaali ei saa v\u00f5rrelda \u00fchegi teise tuntud ainega aminohapete r\u00fchmast. Selle keemilise aine muude kasulike omaduste v\u00e4ljaselgitamiseks on p\u00fchendatud arvukalt uuringuid.<\/p>\n<h2><strong>Tryptophan<\/strong><\/h2>\n<p>Tr\u00fcptofaani kasulikkust kinnitab suur hulk v\u00e4ljaandeid erinevates tr\u00fckiallikates ja teadusajakirjades. Tr\u00fcptofaan kuulub aromaatsete alfa-aminohapete r\u00fchma. See on osa peaaegu k\u00f5igist\u00a0<a href=\"https:\/\/fit360.ee\/en\/product-category\/product-groups\/protein-poweders-en\/beef-protein-en\/\"><strong>loomset p\u00e4ritolu valkudest<\/strong><\/a>, mida meie planeedil leidub. Suur osa sellest asub valgurikastes taimsetes kiududes nagu soja, oad ja n\u00e4iteks l\u00e4\u00e4ts.<\/p>\n<p><strong>Koostisosad<\/strong>: L-Tr\u00fcptofaan 100%<\/p>\n<p><strong>Kasutamine<\/strong>: Sega 300mg (1 m\u00f5\u00f5telusikat\u00e4is) 100ml veega v\u00f5i mahlaga.<\/p>\n<p><strong>Suurus<\/strong>: 200g &#8211; 666 serveeringut<\/p>\n<table>\n<tbody>\n<tr>\n<td width=\"307\"><strong>Anal\u00fc\u00fcs<\/strong><\/td>\n<td width=\"307\"><strong>1 serveering<\/strong><\/td>\n<\/tr>\n<tr>\n<td width=\"307\">L-Tr\u00fcptofaan (Tryptophan)<\/td>\n<td width=\"307\">300mg<\/td>\n<\/tr>\n<\/tbody>\n<\/table>\n<p>Vaata ka meie teisi Tr\u00fcptofaane <a href=\"https:\/\/fit360.ee\/en\/product-category\/product-groups\/amino-acids-bcaa\/tryptophan-en\/\"><strong>SIIT<\/strong><\/a>!<\/p>\n<p>Soovid teha suuremat tellimust? Vaata antud toodet meie HULGI lehelt <a href=\"https:\/\/toidulisandidhulgi.ee\/product\/tryptophan-200g\/\"><strong>SIIT<\/strong><\/a>!<\/p>\n","protected":false},"excerpt":{"rendered":"<h2><strong>L-Tr\u00fcptofaan:<\/strong><\/h2>\n<ul>\n<li>Parandab une kvaliteeti<\/li>\n<li>Aitab parandada meeleolu<\/li>\n<li>Aitab treeningutest taastuda<\/li>\n<\/ul>\n<p><strong>L-tr\u00fcptofaan<\/strong> on aminohape, mis on vajalik serotoniini \u2013 nn \u00f5nnehormooni tootmiseks, mis uuringute alusel m\u00f5jutab hooajalisi meeleoluh\u00e4ireid<strong>. L-tr\u00fcptofaan<\/strong>\u00a0on asendamatu aminohape. Asendamatuid aminohappeid ei suuda keha ise toota ning neid peab saama toidust. L-tr\u00fcptofaan on serotoniini eelaine. Serotoniin m\u00e4ngib t\u00e4htsat rolli l\u00f5dvestumises, s\u00fcgavas unes ja positiivses meeleolus.<\/p>\n","protected":false},"featured_media":52108,"comment_status":"open","ping_status":"closed","template":"","meta":[],"product_brand":[],"product_cat":[520,2331,1329,2476,2323,536,1201],"product_tag":[1787,1847,1924,1849,2807],"giftcard-category":[],"class_list":{"0":"post-52104","1":"product","2":"type-product","3":"status-publish","4":"has-post-thumbnail","6":"product_cat-amino-acids-bcaa","7":"product_cat-essential-amino-acids-eaa-en","8":"product_cat-ostrovit-en","9":"product_cat-sleep-enhancers-en","10":"product_cat-tryptophan-en","11":"product_cat-vitamins-and-minerals-en","12":"product_cat-1201","13":"product_tag-aminohapped-en","14":"product_tag-l-truptofaan-en","15":"product_tag-ostrovit-en","16":"product_tag-truptofaan-en","17":"product_tag-tryptophan-en","18":"pa_toidulisand-branddd-ostrovit","19":"pa_tootegruppp-amino-acidsbcaa","20":"pa_tootegruppp-asendamatud-aminohapped-eaa-en","21":"pa_tootegruppp-truptofaan-en","22":"pa_tootegruppp-uni-en","23":"pa_tootegruppp-vegan-en","24":"pa_tootegruppp-vitamins-and-minerals","26":"first","27":"instock","28":"sale","29":"taxable","30":"shipping-taxable","31":"purchasable","32":"product-type-simple"},"yoast_head":"<!-- This site is optimized with the Yoast SEO plugin v27.3 - https:\/\/yoast.com\/product\/yoast-seo-wordpress\/ -->\n<title>Tryptophan 100% puhas (200g) - Tr\u00fcptofaan - L-Tr\u00fcptofaan - Kiire Tarne<\/title>\n<meta name=\"description\" content=\"Tryptophan on aminohape, mis on vajalik serotoniini \u2013 \u00f5nnehormooni tootmiseks, mis uuringute alusel m\u00f5jutab meeleoluh\u00e4ireid. Kiire tarne\" \/>\n<meta name=\"robots\" content=\"index, follow, max-snippet:-1, max-image-preview:large, max-video-preview:-1\" \/>\n<link rel=\"canonical\" href=\"https:\/\/fit360.ee\/en\/pood\/product-groups\/amino-acids-bcaa\/tryptophan-en\/tryptophan-200g\/\" \/>\n<meta property=\"og:locale\" content=\"en_US\" \/>\n<meta property=\"og:type\" content=\"article\" \/>\n<meta property=\"og:title\" content=\"Tryptophan 100% puhas (200g) - Tr\u00fcptofaan - L-Tr\u00fcptofaan - Kiire Tarne\" \/>\n<meta property=\"og:description\" content=\"Tryptophan on aminohape, mis on vajalik serotoniini \u2013 \u00f5nnehormooni tootmiseks, mis uuringute alusel m\u00f5jutab meeleoluh\u00e4ireid. Kiire tarne\" \/>\n<meta property=\"og:url\" content=\"https:\/\/fit360.ee\/en\/pood\/product-groups\/amino-acids-bcaa\/tryptophan-en\/tryptophan-200g\/\" \/>\n<meta property=\"og:site_name\" content=\"Fit360\" \/>\n<meta property=\"article:modified_time\" content=\"2025-08-13T05:35:23+00:00\" \/>\n<meta property=\"og:image\" content=\"https:\/\/fit360.ee\/wp-content\/uploads\/2021\/04\/tryptophan-L-truptofaan-pulber-ostrovit-fit360.ee_.png\" \/>\n\t<meta property=\"og:image:width\" content=\"450\" \/>\n\t<meta property=\"og:image:height\" content=\"450\" \/>\n\t<meta property=\"og:image:type\" content=\"image\/png\" \/>\n<meta name=\"twitter:card\" content=\"summary_large_image\" \/>\n<meta name=\"twitter:label1\" content=\"Est. reading time\" \/>\n\t<meta name=\"twitter:data1\" content=\"2 minutes\" \/>\n<script type=\"application\/ld+json\" class=\"yoast-schema-graph\">{\"@context\":\"https:\\\/\\\/schema.org\",\"@graph\":[{\"@type\":\"WebPage\",\"@id\":\"https:\\\/\\\/fit360.ee\\\/en\\\/pood\\\/product-groups\\\/amino-acids-bcaa\\\/tryptophan-en\\\/tryptophan-200g\\\/\",\"url\":\"https:\\\/\\\/fit360.ee\\\/en\\\/pood\\\/product-groups\\\/amino-acids-bcaa\\\/tryptophan-en\\\/tryptophan-200g\\\/\",\"name\":\"Tryptophan 100% puhas (200g) - Tr\u00fcptofaan - L-Tr\u00fcptofaan - Kiire Tarne\",\"isPartOf\":{\"@id\":\"https:\\\/\\\/fit360.ee\\\/en\\\/#website\"},\"primaryImageOfPage\":{\"@id\":\"https:\\\/\\\/fit360.ee\\\/en\\\/pood\\\/product-groups\\\/amino-acids-bcaa\\\/tryptophan-en\\\/tryptophan-200g\\\/#primaryimage\"},\"image\":{\"@id\":\"https:\\\/\\\/fit360.ee\\\/en\\\/pood\\\/product-groups\\\/amino-acids-bcaa\\\/tryptophan-en\\\/tryptophan-200g\\\/#primaryimage\"},\"thumbnailUrl\":\"https:\\\/\\\/fit360.ee\\\/wp-content\\\/uploads\\\/2021\\\/04\\\/tryptophan-L-truptofaan-pulber-ostrovit-fit360.ee_.png\",\"datePublished\":\"2021-04-17T09:41:44+00:00\",\"dateModified\":\"2025-08-13T05:35:23+00:00\",\"description\":\"Tryptophan on aminohape, mis on vajalik serotoniini \u2013 \u00f5nnehormooni tootmiseks, mis uuringute alusel m\u00f5jutab meeleoluh\u00e4ireid. Kiire tarne\",\"breadcrumb\":{\"@id\":\"https:\\\/\\\/fit360.ee\\\/en\\\/pood\\\/product-groups\\\/amino-acids-bcaa\\\/tryptophan-en\\\/tryptophan-200g\\\/#breadcrumb\"},\"inLanguage\":\"en-US\",\"potentialAction\":[{\"@type\":\"ReadAction\",\"target\":[\"https:\\\/\\\/fit360.ee\\\/en\\\/pood\\\/product-groups\\\/amino-acids-bcaa\\\/tryptophan-en\\\/tryptophan-200g\\\/\"]}]},{\"@type\":\"ImageObject\",\"inLanguage\":\"en-US\",\"@id\":\"https:\\\/\\\/fit360.ee\\\/en\\\/pood\\\/product-groups\\\/amino-acids-bcaa\\\/tryptophan-en\\\/tryptophan-200g\\\/#primaryimage\",\"url\":\"https:\\\/\\\/fit360.ee\\\/wp-content\\\/uploads\\\/2021\\\/04\\\/tryptophan-L-truptofaan-pulber-ostrovit-fit360.ee_.png\",\"contentUrl\":\"https:\\\/\\\/fit360.ee\\\/wp-content\\\/uploads\\\/2021\\\/04\\\/tryptophan-L-truptofaan-pulber-ostrovit-fit360.ee_.png\",\"width\":450,\"height\":450},{\"@type\":\"BreadcrumbList\",\"@id\":\"https:\\\/\\\/fit360.ee\\\/en\\\/pood\\\/product-groups\\\/amino-acids-bcaa\\\/tryptophan-en\\\/tryptophan-200g\\\/#breadcrumb\",\"itemListElement\":[{\"@type\":\"ListItem\",\"position\":1,\"name\":\"Home\",\"item\":\"https:\\\/\\\/fit360.ee\\\/en\\\/\"},{\"@type\":\"ListItem\",\"position\":2,\"name\":\"Shop\",\"item\":\"https:\\\/\\\/fit360.ee\\\/en\\\/shop\\\/\"},{\"@type\":\"ListItem\",\"position\":3,\"name\":\"Tryptophan 100% puhas (200g)\"}]},{\"@type\":\"WebSite\",\"@id\":\"https:\\\/\\\/fit360.ee\\\/en\\\/#website\",\"url\":\"https:\\\/\\\/fit360.ee\\\/en\\\/\",\"name\":\"Fit360\",\"description\":\"\",\"publisher\":{\"@id\":\"https:\\\/\\\/fit360.ee\\\/en\\\/#organization\"},\"potentialAction\":[{\"@type\":\"SearchAction\",\"target\":{\"@type\":\"EntryPoint\",\"urlTemplate\":\"https:\\\/\\\/fit360.ee\\\/en\\\/?s={search_term_string}\"},\"query-input\":{\"@type\":\"PropertyValueSpecification\",\"valueRequired\":true,\"valueName\":\"search_term_string\"}}],\"inLanguage\":\"en-US\"},{\"@type\":\"Organization\",\"@id\":\"https:\\\/\\\/fit360.ee\\\/en\\\/#organization\",\"name\":\"Fit360\",\"url\":\"https:\\\/\\\/fit360.ee\\\/en\\\/\",\"logo\":{\"@type\":\"ImageObject\",\"inLanguage\":\"en-US\",\"@id\":\"https:\\\/\\\/fit360.ee\\\/en\\\/#\\\/schema\\\/logo\\\/image\\\/\",\"url\":\"https:\\\/\\\/fit360.ee\\\/wp-content\\\/uploads\\\/2017\\\/01\\\/logo-fit360.png\",\"contentUrl\":\"https:\\\/\\\/fit360.ee\\\/wp-content\\\/uploads\\\/2017\\\/01\\\/logo-fit360.png\",\"width\":180,\"height\":66,\"caption\":\"Fit360\"},\"image\":{\"@id\":\"https:\\\/\\\/fit360.ee\\\/en\\\/#\\\/schema\\\/logo\\\/image\\\/\"}}]}<\/script>\n<!-- \/ Yoast SEO plugin. -->","yoast_head_json":{"title":"Tryptophan 100% puhas (200g) - Tr\u00fcptofaan - L-Tr\u00fcptofaan - Kiire Tarne","description":"Tryptophan on aminohape, mis on vajalik serotoniini \u2013 \u00f5nnehormooni tootmiseks, mis uuringute alusel m\u00f5jutab meeleoluh\u00e4ireid. Kiire tarne","robots":{"index":"index","follow":"follow","max-snippet":"max-snippet:-1","max-image-preview":"max-image-preview:large","max-video-preview":"max-video-preview:-1"},"canonical":"https:\/\/fit360.ee\/en\/pood\/product-groups\/amino-acids-bcaa\/tryptophan-en\/tryptophan-200g\/","og_locale":"en_US","og_type":"article","og_title":"Tryptophan 100% puhas (200g) - Tr\u00fcptofaan - L-Tr\u00fcptofaan - Kiire Tarne","og_description":"Tryptophan on aminohape, mis on vajalik serotoniini \u2013 \u00f5nnehormooni tootmiseks, mis uuringute alusel m\u00f5jutab meeleoluh\u00e4ireid. Kiire tarne","og_url":"https:\/\/fit360.ee\/en\/pood\/product-groups\/amino-acids-bcaa\/tryptophan-en\/tryptophan-200g\/","og_site_name":"Fit360","article_modified_time":"2025-08-13T05:35:23+00:00","og_image":[{"width":450,"height":450,"url":"https:\/\/fit360.ee\/wp-content\/uploads\/2021\/04\/tryptophan-L-truptofaan-pulber-ostrovit-fit360.ee_.png","type":"image\/png"}],"twitter_card":"summary_large_image","twitter_misc":{"Est. reading time":"2 minutes"},"schema":{"@context":"https:\/\/schema.org","@graph":[{"@type":"WebPage","@id":"https:\/\/fit360.ee\/en\/pood\/product-groups\/amino-acids-bcaa\/tryptophan-en\/tryptophan-200g\/","url":"https:\/\/fit360.ee\/en\/pood\/product-groups\/amino-acids-bcaa\/tryptophan-en\/tryptophan-200g\/","name":"Tryptophan 100% puhas (200g) - Tr\u00fcptofaan - L-Tr\u00fcptofaan - Kiire Tarne","isPartOf":{"@id":"https:\/\/fit360.ee\/en\/#website"},"primaryImageOfPage":{"@id":"https:\/\/fit360.ee\/en\/pood\/product-groups\/amino-acids-bcaa\/tryptophan-en\/tryptophan-200g\/#primaryimage"},"image":{"@id":"https:\/\/fit360.ee\/en\/pood\/product-groups\/amino-acids-bcaa\/tryptophan-en\/tryptophan-200g\/#primaryimage"},"thumbnailUrl":"https:\/\/fit360.ee\/wp-content\/uploads\/2021\/04\/tryptophan-L-truptofaan-pulber-ostrovit-fit360.ee_.png","datePublished":"2021-04-17T09:41:44+00:00","dateModified":"2025-08-13T05:35:23+00:00","description":"Tryptophan on aminohape, mis on vajalik serotoniini \u2013 \u00f5nnehormooni tootmiseks, mis uuringute alusel m\u00f5jutab meeleoluh\u00e4ireid. Kiire tarne","breadcrumb":{"@id":"https:\/\/fit360.ee\/en\/pood\/product-groups\/amino-acids-bcaa\/tryptophan-en\/tryptophan-200g\/#breadcrumb"},"inLanguage":"en-US","potentialAction":[{"@type":"ReadAction","target":["https:\/\/fit360.ee\/en\/pood\/product-groups\/amino-acids-bcaa\/tryptophan-en\/tryptophan-200g\/"]}]},{"@type":"ImageObject","inLanguage":"en-US","@id":"https:\/\/fit360.ee\/en\/pood\/product-groups\/amino-acids-bcaa\/tryptophan-en\/tryptophan-200g\/#primaryimage","url":"https:\/\/fit360.ee\/wp-content\/uploads\/2021\/04\/tryptophan-L-truptofaan-pulber-ostrovit-fit360.ee_.png","contentUrl":"https:\/\/fit360.ee\/wp-content\/uploads\/2021\/04\/tryptophan-L-truptofaan-pulber-ostrovit-fit360.ee_.png","width":450,"height":450},{"@type":"BreadcrumbList","@id":"https:\/\/fit360.ee\/en\/pood\/product-groups\/amino-acids-bcaa\/tryptophan-en\/tryptophan-200g\/#breadcrumb","itemListElement":[{"@type":"ListItem","position":1,"name":"Home","item":"https:\/\/fit360.ee\/en\/"},{"@type":"ListItem","position":2,"name":"Shop","item":"https:\/\/fit360.ee\/en\/shop\/"},{"@type":"ListItem","position":3,"name":"Tryptophan 100% puhas (200g)"}]},{"@type":"WebSite","@id":"https:\/\/fit360.ee\/en\/#website","url":"https:\/\/fit360.ee\/en\/","name":"Fit360","description":"","publisher":{"@id":"https:\/\/fit360.ee\/en\/#organization"},"potentialAction":[{"@type":"SearchAction","target":{"@type":"EntryPoint","urlTemplate":"https:\/\/fit360.ee\/en\/?s={search_term_string}"},"query-input":{"@type":"PropertyValueSpecification","valueRequired":true,"valueName":"search_term_string"}}],"inLanguage":"en-US"},{"@type":"Organization","@id":"https:\/\/fit360.ee\/en\/#organization","name":"Fit360","url":"https:\/\/fit360.ee\/en\/","logo":{"@type":"ImageObject","inLanguage":"en-US","@id":"https:\/\/fit360.ee\/en\/#\/schema\/logo\/image\/","url":"https:\/\/fit360.ee\/wp-content\/uploads\/2017\/01\/logo-fit360.png","contentUrl":"https:\/\/fit360.ee\/wp-content\/uploads\/2017\/01\/logo-fit360.png","width":180,"height":66,"caption":"Fit360"},"image":{"@id":"https:\/\/fit360.ee\/en\/#\/schema\/logo\/image\/"}}]}},"_links":{"self":[{"href":"https:\/\/fit360.ee\/en\/wp-json\/wp\/v2\/product\/52104","targetHints":{"allow":["GET"]}}],"collection":[{"href":"https:\/\/fit360.ee\/en\/wp-json\/wp\/v2\/product"}],"about":[{"href":"https:\/\/fit360.ee\/en\/wp-json\/wp\/v2\/types\/product"}],"replies":[{"embeddable":true,"href":"https:\/\/fit360.ee\/en\/wp-json\/wp\/v2\/comments?post=52104"}],"wp:featuredmedia":[{"embeddable":true,"href":"https:\/\/fit360.ee\/en\/wp-json\/wp\/v2\/media\/52108"}],"wp:attachment":[{"href":"https:\/\/fit360.ee\/en\/wp-json\/wp\/v2\/media?parent=52104"}],"wp:term":[{"taxonomy":"product_brand","embeddable":true,"href":"https:\/\/fit360.ee\/en\/wp-json\/wp\/v2\/product_brand?post=52104"},{"taxonomy":"product_cat","embeddable":true,"href":"https:\/\/fit360.ee\/en\/wp-json\/wp\/v2\/product_cat?post=52104"},{"taxonomy":"product_tag","embeddable":true,"href":"https:\/\/fit360.ee\/en\/wp-json\/wp\/v2\/product_tag?post=52104"},{"taxonomy":"giftcard-category","embeddable":true,"href":"https:\/\/fit360.ee\/en\/wp-json\/wp\/v2\/giftcard-category?post=52104"}],"curies":[{"name":"wp","href":"https:\/\/api.w.org\/{rel}","templated":true}]}}