{"id":52114,"date":"2021-04-17T12:49:51","date_gmt":"2021-04-17T10:49:51","guid":{"rendered":"https:\/\/fit360.ee\/pood\/uncategorized\/elite-krilloli-60caps\/"},"modified":"2026-04-11T10:27:02","modified_gmt":"2026-04-11T08:27:02","slug":"elite-krilloli-60caps","status":"publish","type":"product","link":"https:\/\/fit360.ee\/en\/pood\/product-groups\/fat-burners-en\/stimulant-free-fat-burners-en\/elite-krilloli-60caps\/","title":{"rendered":"Elite Krill\u00f5li (60caps)"},"content":{"rendered":"<h1>Krill\u00f5li<\/h1>\n<p><strong>OstroVit Krill\u00f5li <\/strong>on toidulisand pehmegeeli kapslites, mis sisaldavad <strong>Antarktika krilli\u00f5li<\/strong>. See on segu k\u00fcllastumata rasvhapetest EPA ja DHA r\u00fchmast <a href=\"https:\/\/fit360.ee\/en\/product-category\/product-groups\/essential-fats-en\/omega-3-en\/\"><strong>Omega 3<\/strong><\/a>, fosfolipiidid ja astaksantiini &#8211; karotenoidi, mida peetakse \u00fcheks parimaks antioks\u00fcdandiks. Selle k\u00f5rge k\u00e4ttesaadavuse tingib rasvhapete sisaldus fosfolipiidina (fosfaatr\u00fchmaga rasvhapped). See toidulisand sobib ideaalselt k\u00f5igile, kellel on suurenenud vajadus EFA, st asendamatute k\u00fcllastumata rasvhapete j\u00e4rele.<\/p>\n<p>Euphausia superba ehk Antarktika krill on v\u00e4ike koorikloom, kelle liigid asustasid peaaegu kogu L\u00f5una-ookeani. Omega-3 hapete k\u00f5rge kontsentratsioon fosfolipiidide kujul ja astaksantiini sisaldus on toidulisandite t\u00f6\u00f6stuses olulise t\u00e4htsusega. Krill\u00f5li ainulaadsuse saavutavad peamiselt fosfolipiidid ehk orgaaniliste keemiliste \u00fchendite r\u00fchmad &#8211; lipiidid, mis lisaks gl\u00fctseroolile ja k\u00f5rgematele rasvhapete j\u00e4\u00e4kidele sisaldavad ka \u00fclej\u00e4\u00e4nud fosforhapet. Omega 3 v\u00f5i peamiselt EPA ja DHA happed toetavad s\u00fcdame-veresoonkonna s\u00fcsteemi toimimist, v\u00f5ivad toetada trigl\u00fctseriidide sisalduse v\u00e4henemist veres, neil on p\u00f5letikuvastane v\u00f5i isegi antidepressant.<\/p>\n<h2><strong>Astaksantiin<\/strong><\/h2>\n<p><strong>OstroVit Krill Oil<\/strong> sisaldab p\u00f5hiliselt astaksantiini. Astaksantiin on kahtlemata t\u00f5hus p\u00f5letikuvastane ravim. Praegu peetakse seda \u00fcheks tugevaimaks antioks\u00fcdandiks. N\u00e4idates tugevat antioks\u00fcdantset toimet, eemaldab see inimkehast ohtlike vabade radikaalide liigse koguse. See stimuleerib immuunsuss\u00fcsteemi, toetades loomulikke protsesse v\u00f5itluses erinevate nakkuste vastu. Karotenoidina on see meie kehale &#8220;looduslik kilp&#8221; kahjulike UV-kiirte eest.<\/p>\n<h3><strong>Astaksantiini kasulikkus<\/strong><\/h3>\n<p>Astaksantiin on erakordne antioks\u00fcdant ka seet\u00f5ttu, et imendub t\u00e4ielikult ja kandub k\u00f5ikidesse keharakkudesse, sh ajurakkudesse, kuhu teised antioks\u00fcdandid ei j\u00f5ua, kaitstes rakke nii seest kui v\u00e4ljast. Mist\u00f5ttu on \u00fcks v\u00f5imsamaid looduslikke p\u00f5letikuvastaseid aineid, aidates ennetada raskeid haigusi, millele \u00fcldjuhul eelneb mingi p\u00f5letik.<\/p>\n<p><strong>Astaksantiin<\/strong>:<\/p>\n<ul>\n<li>Aitab v\u00e4hendada oluliselt s\u00fcdamehaiguste riski<\/li>\n<li>Aitab \u00e4ra hoida enneaegse vananemise<\/li>\n<li>Aitab V\u00e4hirakkude kasvu pidurdada<\/li>\n<li>Aitab \u00e4ra hoida ja ravida maohaavasi ja maov\u00e4hki<\/li>\n<li>Maksarakkude kaitse kahjustuste vastu<\/li>\n<li>Aju ja keskn\u00e4rvis\u00fcsteemi kaitse<\/li>\n<li>Aitab ennetada Alzheimeri, Huntingtoni, Parkinsoni t\u00f5besid<\/li>\n<li>Aitab kaitsta silmi, parandab teravust ja kuivust, eriti kasulik arvutiga t\u00f6\u00f6tajatele<\/li>\n<li>Suurendab nii meeste kui naiste viljakust<\/li>\n<li>Aitab takistada diabeedi tekkimist<\/li>\n<li>Parim nahakahjustuste ja nahahaiguste kaitse. Ka UV-kiirguse kaitse<\/li>\n<li>Luude, liigeste tugevdaja ja valu vastu v\u00f5itleja<\/li>\n<li>V\u00e4simuse vastu ja v\u00e4ga hea f\u00fc\u00fcsilisest kormusest taastaja sportlastele<\/li>\n<li>Hea kehakaalu langetaja<\/li>\n<\/ul>\n<h3><strong>Krill\u00f5li positiivsed omadused<\/strong>:<\/h3>\n<ul>\n<li>Fosfolipiidide sisaldus, mis on meie rakumembraanide peamised ehitusplokid<\/li>\n<li>Rasvhapetel EPA ja DHA on kardioprotektiivne toime<\/li>\n<li>Krilli\u00f5lil v\u00f5ib olla p\u00f5letikuvastane toime<\/li>\n<li>Sellel v\u00f5ib olla antidepressantne toime ja see parandab \u00fcldist heaolu<\/li>\n<li>Astaksantiin on \u00fcks tugevamaid antioks\u00fcdante, millel on vabade radikaalide eemaldamise aktiivsus<\/li>\n<li>See v\u00f5ib toetada trigl\u00fctseriidide sisalduse v\u00e4henemist veres<\/li>\n<li><a href=\"https:\/\/fit360.ee\/en\/product-category\/product-groups\/fat-burners-en\/\"><strong>See v\u00f5ib aidata v\u00e4hendada keharasva<\/strong><\/a><\/li>\n<li>See toetab protsesse, mis reguleerivad meie immuunsuss\u00fcsteemi toimimist<\/li>\n<\/ul>\n<p><strong>Koostisosad<\/strong>: Antarktika krilli koorikloomade (Euphausia superba) lipiidiekstrakt, kapsli kest (\u017eelatiin, niisutaja: gl\u00fctserool; puhastatud vesi).<\/p>\n<p><strong>Kasutamine<\/strong>: 2 kapslit p\u00e4evas koos veega.<\/p>\n<p><strong>Suurus<\/strong>: 60 kapslit &#8211; 30 serveeringut<\/p>\n<table>\n<tbody>\n<tr>\n<td width=\"319\"><strong>Aktiivsed toimeained<\/strong><\/td>\n<td width=\"319\"><strong>2 kapslit ( 1 serveering)<\/strong><\/td>\n<\/tr>\n<tr>\n<td width=\"319\">Krilli lipiidiekstrakt<\/td>\n<td width=\"319\">1000mg<\/td>\n<\/tr>\n<tr>\n<td width=\"319\">Omega 3 rasvahapped<\/td>\n<td width=\"319\">200mg<\/td>\n<\/tr>\n<tr>\n<td width=\"319\">millest EPA (eikosapentaeenhappe)<\/td>\n<td width=\"319\">120mg<\/td>\n<\/tr>\n<tr>\n<td width=\"319\">millest DHA (dokosaheksaeenhappes)<\/td>\n<td width=\"319\">80mg<\/td>\n<\/tr>\n<tr>\n<td width=\"319\">Fosfolipiidid<\/td>\n<td width=\"319\">100mg<\/td>\n<\/tr>\n<tr>\n<td width=\"319\">Astaksantiin<\/td>\n<td width=\"319\">200\u03bcg<\/td>\n<\/tr>\n<\/tbody>\n<\/table>\n<p>&nbsp;<\/p>\n<p>Vaata ka teisi Kasulikke Rasvhappeid <a href=\"https:\/\/fit360.ee\/en\/product-category\/product-groups\/essential-fats-en\/\"><strong>SIIT<\/strong><\/a>!<\/p>\n<p>Soovid teha suuremat tellimust? Vaata antud toodet meie HULGI lehelt\u00a0<a href=\"https:\/\/toidulisandidhulgi.ee\/product\/elite-krilloli-60caps\/\"><strong>SIIT<\/strong><\/a>!<\/p>\n","protected":false},"excerpt":{"rendered":"<h3><strong>Krill\u00f5li positiivsed omadused<\/strong>:<\/h3>\n<ul>\n<li>Fosfolipiidide sisaldus, mis on meie rakumembraanide peamised ehitusplokid<\/li>\n<li>Rasvhapetel EPA ja DHA on kardioprotektiivne toime<\/li>\n<li>Krilli\u00f5lil v\u00f5ib olla p\u00f5letikuvastane toime<\/li>\n<li>Sellel v\u00f5ib olla antidepressantne toime ja see parandab \u00fcldist heaolu<\/li>\n<li>Astaksantiin on \u00fcks tugevamaid antioks\u00fcdante, millel on vabade radikaalide eemaldamise aktiivsus<\/li>\n<li>See v\u00f5ib toetada trigl\u00fctseriidide sisalduse v\u00e4henemist veres<\/li>\n<li><a href=\"https:\/\/fit360.ee\/en\/product-category\/product-groups\/fat-burners-en\/\"><strong>See v\u00f5ib aidata v\u00e4hendada keharasva<\/strong><\/a><\/li>\n<li>See toetab protsesse, mis reguleerivad meie immuunsuss\u00fcsteemi toimimist<\/li>\n<\/ul>\n<p><strong>Krill\u00f5li <\/strong>on toidulisand pehmegeeli kapslites, mis sisaldavad <strong>Antarktika krilli\u00f5li<\/strong>. See on segu k\u00fcllastumata rasvhapetest EPA ja DHA r\u00fchmast <a href=\"https:\/\/fit360.ee\/en\/product-category\/product-groups\/essential-fats-en\/omega-3-en\/\"><strong>Omega 3<\/strong><\/a>, fosfolipiidid ja astaksantiini &#8211; karotenoidi, mida peetakse \u00fcheks parimaks antioks\u00fcdandiks. Selle k\u00f5rge k\u00e4ttesaadavuse tingib rasvhapete sisaldus fosfolipiidina (fosfaatr\u00fchmaga rasvhapped). See toidulisand sobib ideaalselt k\u00f5igile, kellel on suurenenud vajadus EFA, st asendamatute k\u00fcllastumata rasvhapete j\u00e4rele.<\/p>\n","protected":false},"featured_media":52112,"comment_status":"closed","ping_status":"closed","template":"","meta":[],"product_brand":[],"product_cat":[525,530,527,2438,1329,2408,1454],"product_tag":[2812,2813,2814,2815,1924],"giftcard-category":[],"class_list":{"0":"post-52114","1":"product","2":"type-product","3":"status-publish","4":"has-post-thumbnail","6":"product_cat-essential-fats-en","7":"product_cat-fat-burners-en","8":"product_cat-joint-support-en","9":"product_cat-omega-3-en","10":"product_cat-ostrovit-en","11":"product_cat-stimulant-free-fat-burners-en","12":"product_cat-superfoods-health-foods-en","13":"product_tag-elite-krill-oil-en","14":"product_tag-krill-oil-en","15":"product_tag-krill-oli-en","16":"product_tag-krilloli-en","17":"product_tag-ostrovit-en","18":"pa_kogus-60-capsules","19":"pa_toidulisand-branddd-ostrovit","20":"pa_tootegruppp-for-joints","21":"pa_tootegruppp-omega-3-en","22":"pa_tootegruppp-stimulandivaba-en","23":"pa_tootegruppp-supertoit-tervisetoit-en","24":"pa_tootegruppp-useful-fatty-acids","25":"pa_tootegruppp-weight-loss","27":"first","28":"outofstock","29":"sale","30":"taxable","31":"shipping-taxable","32":"purchasable","33":"product-type-simple"},"yoast_head":"<!-- This site is optimized with the Yoast SEO plugin v27.5 - https:\/\/yoast.com\/product\/yoast-seo-wordpress\/ -->\n<title>Elite Krill\u00f5li (60caps) - Astaksantiin - Krill Oil - Kiire Tarne - Fit360<\/title>\n<meta name=\"description\" content=\"Krill\u00f5li on segu k\u00fcllastumata rasvhapetest EPA ja DHA r\u00fchmast Omega 3 ja astaksantiini - karotenoidi, mida peetakse parimaks antioks\u00fcdandiks\" \/>\n<meta name=\"robots\" content=\"index, follow, max-snippet:-1, max-image-preview:large, max-video-preview:-1\" \/>\n<link rel=\"canonical\" href=\"https:\/\/fit360.ee\/en\/pood\/product-groups\/fat-burners-en\/stimulant-free-fat-burners-en\/elite-krilloli-60caps\/\" \/>\n<meta property=\"og:locale\" content=\"en_US\" \/>\n<meta property=\"og:type\" content=\"article\" \/>\n<meta property=\"og:title\" content=\"Elite Krill\u00f5li (60caps) - Astaksantiin - Krill Oil - Kiire Tarne - Fit360\" \/>\n<meta property=\"og:description\" content=\"Krill\u00f5li on segu k\u00fcllastumata rasvhapetest EPA ja DHA r\u00fchmast Omega 3 ja astaksantiini - karotenoidi, mida peetakse parimaks antioks\u00fcdandiks\" \/>\n<meta property=\"og:url\" content=\"https:\/\/fit360.ee\/en\/pood\/product-groups\/fat-burners-en\/stimulant-free-fat-burners-en\/elite-krilloli-60caps\/\" \/>\n<meta property=\"og:site_name\" content=\"Fit360\" \/>\n<meta property=\"article:modified_time\" content=\"2026-04-11T08:27:02+00:00\" \/>\n<meta property=\"og:image\" content=\"https:\/\/fit360.ee\/wp-content\/uploads\/2021\/04\/krilloli-krill-oil-fit360.ee_.png\" \/>\n\t<meta property=\"og:image:width\" content=\"600\" \/>\n\t<meta property=\"og:image:height\" content=\"600\" \/>\n\t<meta property=\"og:image:type\" content=\"image\/png\" \/>\n<meta name=\"twitter:card\" content=\"summary_large_image\" \/>\n<meta name=\"twitter:label1\" content=\"Est. reading time\" \/>\n\t<meta name=\"twitter:data1\" content=\"2 minutes\" \/>\n<script type=\"application\/ld+json\" class=\"yoast-schema-graph\">{\"@context\":\"https:\\\/\\\/schema.org\",\"@graph\":[{\"@type\":\"WebPage\",\"@id\":\"https:\\\/\\\/fit360.ee\\\/en\\\/pood\\\/product-groups\\\/fat-burners-en\\\/stimulant-free-fat-burners-en\\\/elite-krilloli-60caps\\\/\",\"url\":\"https:\\\/\\\/fit360.ee\\\/en\\\/pood\\\/product-groups\\\/fat-burners-en\\\/stimulant-free-fat-burners-en\\\/elite-krilloli-60caps\\\/\",\"name\":\"Elite Krill\u00f5li (60caps) - Astaksantiin - Krill Oil - Kiire Tarne - Fit360\",\"isPartOf\":{\"@id\":\"https:\\\/\\\/fit360.ee\\\/en\\\/#website\"},\"primaryImageOfPage\":{\"@id\":\"https:\\\/\\\/fit360.ee\\\/en\\\/pood\\\/product-groups\\\/fat-burners-en\\\/stimulant-free-fat-burners-en\\\/elite-krilloli-60caps\\\/#primaryimage\"},\"image\":{\"@id\":\"https:\\\/\\\/fit360.ee\\\/en\\\/pood\\\/product-groups\\\/fat-burners-en\\\/stimulant-free-fat-burners-en\\\/elite-krilloli-60caps\\\/#primaryimage\"},\"thumbnailUrl\":\"https:\\\/\\\/fit360.ee\\\/wp-content\\\/uploads\\\/2021\\\/04\\\/krilloli-krill-oil-fit360.ee_.png\",\"datePublished\":\"2021-04-17T10:49:51+00:00\",\"dateModified\":\"2026-04-11T08:27:02+00:00\",\"description\":\"Krill\u00f5li on segu k\u00fcllastumata rasvhapetest EPA ja DHA r\u00fchmast Omega 3 ja astaksantiini - karotenoidi, mida peetakse parimaks antioks\u00fcdandiks\",\"breadcrumb\":{\"@id\":\"https:\\\/\\\/fit360.ee\\\/en\\\/pood\\\/product-groups\\\/fat-burners-en\\\/stimulant-free-fat-burners-en\\\/elite-krilloli-60caps\\\/#breadcrumb\"},\"inLanguage\":\"en-US\",\"potentialAction\":[{\"@type\":\"ReadAction\",\"target\":[\"https:\\\/\\\/fit360.ee\\\/en\\\/pood\\\/product-groups\\\/fat-burners-en\\\/stimulant-free-fat-burners-en\\\/elite-krilloli-60caps\\\/\"]}]},{\"@type\":\"ImageObject\",\"inLanguage\":\"en-US\",\"@id\":\"https:\\\/\\\/fit360.ee\\\/en\\\/pood\\\/product-groups\\\/fat-burners-en\\\/stimulant-free-fat-burners-en\\\/elite-krilloli-60caps\\\/#primaryimage\",\"url\":\"https:\\\/\\\/fit360.ee\\\/wp-content\\\/uploads\\\/2021\\\/04\\\/krilloli-krill-oil-fit360.ee_.png\",\"contentUrl\":\"https:\\\/\\\/fit360.ee\\\/wp-content\\\/uploads\\\/2021\\\/04\\\/krilloli-krill-oil-fit360.ee_.png\",\"width\":600,\"height\":600,\"caption\":\"krill\u00f5li krill oil - fit360.ee\"},{\"@type\":\"BreadcrumbList\",\"@id\":\"https:\\\/\\\/fit360.ee\\\/en\\\/pood\\\/product-groups\\\/fat-burners-en\\\/stimulant-free-fat-burners-en\\\/elite-krilloli-60caps\\\/#breadcrumb\",\"itemListElement\":[{\"@type\":\"ListItem\",\"position\":1,\"name\":\"Home\",\"item\":\"https:\\\/\\\/fit360.ee\\\/en\\\/\"},{\"@type\":\"ListItem\",\"position\":2,\"name\":\"Shop\",\"item\":\"https:\\\/\\\/fit360.ee\\\/en\\\/shop\\\/\"},{\"@type\":\"ListItem\",\"position\":3,\"name\":\"Elite Krill\u00f5li (60caps)\"}]},{\"@type\":\"WebSite\",\"@id\":\"https:\\\/\\\/fit360.ee\\\/en\\\/#website\",\"url\":\"https:\\\/\\\/fit360.ee\\\/en\\\/\",\"name\":\"Fit360\",\"description\":\"\",\"publisher\":{\"@id\":\"https:\\\/\\\/fit360.ee\\\/en\\\/#organization\"},\"potentialAction\":[{\"@type\":\"SearchAction\",\"target\":{\"@type\":\"EntryPoint\",\"urlTemplate\":\"https:\\\/\\\/fit360.ee\\\/en\\\/?s={search_term_string}\"},\"query-input\":{\"@type\":\"PropertyValueSpecification\",\"valueRequired\":true,\"valueName\":\"search_term_string\"}}],\"inLanguage\":\"en-US\"},{\"@type\":\"Organization\",\"@id\":\"https:\\\/\\\/fit360.ee\\\/en\\\/#organization\",\"name\":\"Fit360\",\"url\":\"https:\\\/\\\/fit360.ee\\\/en\\\/\",\"logo\":{\"@type\":\"ImageObject\",\"inLanguage\":\"en-US\",\"@id\":\"https:\\\/\\\/fit360.ee\\\/en\\\/#\\\/schema\\\/logo\\\/image\\\/\",\"url\":\"https:\\\/\\\/fit360.ee\\\/wp-content\\\/uploads\\\/2017\\\/01\\\/logo-fit360.png\",\"contentUrl\":\"https:\\\/\\\/fit360.ee\\\/wp-content\\\/uploads\\\/2017\\\/01\\\/logo-fit360.png\",\"width\":180,\"height\":66,\"caption\":\"Fit360\"},\"image\":{\"@id\":\"https:\\\/\\\/fit360.ee\\\/en\\\/#\\\/schema\\\/logo\\\/image\\\/\"}}]}<\/script>\n<!-- \/ Yoast SEO plugin. -->","yoast_head_json":{"title":"Elite Krill\u00f5li (60caps) - Astaksantiin - Krill Oil - Kiire Tarne - Fit360","description":"Krill\u00f5li on segu k\u00fcllastumata rasvhapetest EPA ja DHA r\u00fchmast Omega 3 ja astaksantiini - karotenoidi, mida peetakse parimaks antioks\u00fcdandiks","robots":{"index":"index","follow":"follow","max-snippet":"max-snippet:-1","max-image-preview":"max-image-preview:large","max-video-preview":"max-video-preview:-1"},"canonical":"https:\/\/fit360.ee\/en\/pood\/product-groups\/fat-burners-en\/stimulant-free-fat-burners-en\/elite-krilloli-60caps\/","og_locale":"en_US","og_type":"article","og_title":"Elite Krill\u00f5li (60caps) - Astaksantiin - Krill Oil - Kiire Tarne - Fit360","og_description":"Krill\u00f5li on segu k\u00fcllastumata rasvhapetest EPA ja DHA r\u00fchmast Omega 3 ja astaksantiini - karotenoidi, mida peetakse parimaks antioks\u00fcdandiks","og_url":"https:\/\/fit360.ee\/en\/pood\/product-groups\/fat-burners-en\/stimulant-free-fat-burners-en\/elite-krilloli-60caps\/","og_site_name":"Fit360","article_modified_time":"2026-04-11T08:27:02+00:00","og_image":[{"width":600,"height":600,"url":"https:\/\/fit360.ee\/wp-content\/uploads\/2021\/04\/krilloli-krill-oil-fit360.ee_.png","type":"image\/png"}],"twitter_card":"summary_large_image","twitter_misc":{"Est. reading time":"2 minutes"},"schema":{"@context":"https:\/\/schema.org","@graph":[{"@type":"WebPage","@id":"https:\/\/fit360.ee\/en\/pood\/product-groups\/fat-burners-en\/stimulant-free-fat-burners-en\/elite-krilloli-60caps\/","url":"https:\/\/fit360.ee\/en\/pood\/product-groups\/fat-burners-en\/stimulant-free-fat-burners-en\/elite-krilloli-60caps\/","name":"Elite Krill\u00f5li (60caps) - Astaksantiin - Krill Oil - Kiire Tarne - Fit360","isPartOf":{"@id":"https:\/\/fit360.ee\/en\/#website"},"primaryImageOfPage":{"@id":"https:\/\/fit360.ee\/en\/pood\/product-groups\/fat-burners-en\/stimulant-free-fat-burners-en\/elite-krilloli-60caps\/#primaryimage"},"image":{"@id":"https:\/\/fit360.ee\/en\/pood\/product-groups\/fat-burners-en\/stimulant-free-fat-burners-en\/elite-krilloli-60caps\/#primaryimage"},"thumbnailUrl":"https:\/\/fit360.ee\/wp-content\/uploads\/2021\/04\/krilloli-krill-oil-fit360.ee_.png","datePublished":"2021-04-17T10:49:51+00:00","dateModified":"2026-04-11T08:27:02+00:00","description":"Krill\u00f5li on segu k\u00fcllastumata rasvhapetest EPA ja DHA r\u00fchmast Omega 3 ja astaksantiini - karotenoidi, mida peetakse parimaks antioks\u00fcdandiks","breadcrumb":{"@id":"https:\/\/fit360.ee\/en\/pood\/product-groups\/fat-burners-en\/stimulant-free-fat-burners-en\/elite-krilloli-60caps\/#breadcrumb"},"inLanguage":"en-US","potentialAction":[{"@type":"ReadAction","target":["https:\/\/fit360.ee\/en\/pood\/product-groups\/fat-burners-en\/stimulant-free-fat-burners-en\/elite-krilloli-60caps\/"]}]},{"@type":"ImageObject","inLanguage":"en-US","@id":"https:\/\/fit360.ee\/en\/pood\/product-groups\/fat-burners-en\/stimulant-free-fat-burners-en\/elite-krilloli-60caps\/#primaryimage","url":"https:\/\/fit360.ee\/wp-content\/uploads\/2021\/04\/krilloli-krill-oil-fit360.ee_.png","contentUrl":"https:\/\/fit360.ee\/wp-content\/uploads\/2021\/04\/krilloli-krill-oil-fit360.ee_.png","width":600,"height":600,"caption":"krill\u00f5li krill oil - fit360.ee"},{"@type":"BreadcrumbList","@id":"https:\/\/fit360.ee\/en\/pood\/product-groups\/fat-burners-en\/stimulant-free-fat-burners-en\/elite-krilloli-60caps\/#breadcrumb","itemListElement":[{"@type":"ListItem","position":1,"name":"Home","item":"https:\/\/fit360.ee\/en\/"},{"@type":"ListItem","position":2,"name":"Shop","item":"https:\/\/fit360.ee\/en\/shop\/"},{"@type":"ListItem","position":3,"name":"Elite Krill\u00f5li (60caps)"}]},{"@type":"WebSite","@id":"https:\/\/fit360.ee\/en\/#website","url":"https:\/\/fit360.ee\/en\/","name":"Fit360","description":"","publisher":{"@id":"https:\/\/fit360.ee\/en\/#organization"},"potentialAction":[{"@type":"SearchAction","target":{"@type":"EntryPoint","urlTemplate":"https:\/\/fit360.ee\/en\/?s={search_term_string}"},"query-input":{"@type":"PropertyValueSpecification","valueRequired":true,"valueName":"search_term_string"}}],"inLanguage":"en-US"},{"@type":"Organization","@id":"https:\/\/fit360.ee\/en\/#organization","name":"Fit360","url":"https:\/\/fit360.ee\/en\/","logo":{"@type":"ImageObject","inLanguage":"en-US","@id":"https:\/\/fit360.ee\/en\/#\/schema\/logo\/image\/","url":"https:\/\/fit360.ee\/wp-content\/uploads\/2017\/01\/logo-fit360.png","contentUrl":"https:\/\/fit360.ee\/wp-content\/uploads\/2017\/01\/logo-fit360.png","width":180,"height":66,"caption":"Fit360"},"image":{"@id":"https:\/\/fit360.ee\/en\/#\/schema\/logo\/image\/"}}]}},"_links":{"self":[{"href":"https:\/\/fit360.ee\/en\/wp-json\/wp\/v2\/product\/52114","targetHints":{"allow":["GET"]}}],"collection":[{"href":"https:\/\/fit360.ee\/en\/wp-json\/wp\/v2\/product"}],"about":[{"href":"https:\/\/fit360.ee\/en\/wp-json\/wp\/v2\/types\/product"}],"replies":[{"embeddable":true,"href":"https:\/\/fit360.ee\/en\/wp-json\/wp\/v2\/comments?post=52114"}],"wp:featuredmedia":[{"embeddable":true,"href":"https:\/\/fit360.ee\/en\/wp-json\/wp\/v2\/media\/52112"}],"wp:attachment":[{"href":"https:\/\/fit360.ee\/en\/wp-json\/wp\/v2\/media?parent=52114"}],"wp:term":[{"taxonomy":"product_brand","embeddable":true,"href":"https:\/\/fit360.ee\/en\/wp-json\/wp\/v2\/product_brand?post=52114"},{"taxonomy":"product_cat","embeddable":true,"href":"https:\/\/fit360.ee\/en\/wp-json\/wp\/v2\/product_cat?post=52114"},{"taxonomy":"product_tag","embeddable":true,"href":"https:\/\/fit360.ee\/en\/wp-json\/wp\/v2\/product_tag?post=52114"},{"taxonomy":"giftcard-category","embeddable":true,"href":"https:\/\/fit360.ee\/en\/wp-json\/wp\/v2\/giftcard-category?post=52114"}],"curies":[{"name":"wp","href":"https:\/\/api.w.org\/{rel}","templated":true}]}}