{"id":52123,"date":"2021-04-18T11:57:15","date_gmt":"2021-04-18T09:57:15","guid":{"rendered":"https:\/\/fit360.ee\/pood\/uncategorized\/kvertsetiin-90-vcaps\/"},"modified":"2026-04-10T15:42:13","modified_gmt":"2026-04-10T13:42:13","slug":"kvertsetiin-90-vcaps","status":"publish","type":"product","link":"https:\/\/fit360.ee\/en\/pood\/product-groups\/%d0%b2%d0%b5%d0%b3%d0%b0%d0%bd\/vegan-capsules-en\/kvertsetiin-90-vcaps\/","title":{"rendered":"Kvertsetiin (90 vCaps)"},"content":{"rendered":"<h1><strong>Kvertsetiin<\/strong><\/h1>\n<p><strong>OstroVit Kvertsetiin<\/strong> ehk <strong><em>Quercetin<\/em> Vege<\/strong> on kaasaegne toidulisand <a href=\"https:\/\/fit360.ee\/en\/product-category\/product-groups\/%d0%b2%d0%b5%d0%b3%d0%b0%d0%bd\/vegan-capsules-en\/\"><strong>vegan kapslites<\/strong><\/a>, mis sisaldavad dih\u00fcdrokertsetiini (<em>Sophora Japonica<\/em> L. &#8211; Jaapani p\u00e4rlmutter). Kvertsetiin VEGE t\u00f6\u00f6tati v\u00e4lja neile, kes j\u00e4rgivad veganluse v\u00f5i taimetoitluse p\u00f5him\u00f5tet, ei sisalda loomset p\u00e4ritolu aineid ja \u00fchendeid ning ekstrakt suleti spetsiaalsetesse HPMC (h\u00fcdroks\u00fcprop\u00fc\u00fclmet\u00fc\u00fcltselluloosi) kapslitesse. 100% VEGE CAPSULES sarja toidulisandid on tooted, mis on m\u00f5eldud k\u00f5igile, kes otsivad konkreetset ekstrakti ja soovivad sellega oma toitumist ja eluviisi t\u00e4iendada. OstroVit on t\u00e4helepanu p\u00f6\u00f6ramine detailidele, kvaliteedile ja klientide rahulolule ilma eranditeta.<\/p>\n<ul>\n<li>90 HPMC kapslit (vegankapslid)<\/li>\n<li>Toode enimm\u00fc\u00fcdud 100% VEGE CAPSULES vegan tootesarjas<\/li>\n<li>1 portsjon on ainult 1 kapsel p\u00e4evas<\/li>\n<li>75 mg dih\u00fcdrokertsetiini \u00fches vegankapslis<\/li>\n<\/ul>\n<h2><strong>Quercetin\u00a0<\/strong><\/h2>\n<p>Kvertsetiin on \u00fcks tuntumaid f\u00fctokemikaale, t\u00e4psemalt bioflavonoide, mida v\u00f5ib leida peamiselt puu- ja k\u00f6\u00f6giviljadest, aga ka \u00fcrtidest ja lehtedest, mis on tavaliselt toidulisandite peamised ekstraktid. Kvertsetiini kasulik toime tuleneb peamiselt selle v\u00f5imest toimida antioks\u00fcdandina v\u00f5i antioks\u00fcdandina (\u00fchend, mis toimib meie kehas vabade radikaalide neutraliseerijana). Vabad radikaalid on molekulid, mis v\u00f5ivad kehale kahjustada raku tasandil, kui nende tase t\u00f5useb liiga k\u00f5rgele. Vabade radikaalide tekitatud kahju on seotud paljude krooniliste haigustega, sealhulgas v\u00e4hi, s\u00fcdamehaiguste ja diabeediga. Lisaks antioks\u00fcdantsele toimele v\u00f5ib kvertsetiin aidata neutraliseerida p\u00f5letikku, reguleerida verer\u00f5hku ja kontrollida veresuhkru taset.<\/p>\n<h3><strong>OstroVit Kvertsetiin positiivsed omadused:<\/strong><\/h3>\n<ul>\n<li><span style=\"color: #333333; font-size: 14.4px;\">See toetab antioks\u00fcdandina keha v\u00f5itluses vabade radikaalide vastu<\/span><\/li>\n<li>See v\u00f5ib aidata reguleerida verer\u00f5hku<\/li>\n<li>See aitab toetada kognitiivseid protsesse, n\u00e4iteks m\u00e4lu v\u00f5i keskendumise parandamist<\/li>\n<li>Toetab kardiovaskulaars\u00fcsteemi<\/li>\n<li>Toetab veresuhkru reguleerimist<\/li>\n<li>V\u00f5ib avaldada allergiavastast toimet<\/li>\n<li>On p\u00f5letikuvastane toime<\/li>\n<\/ul>\n<p><strong>Koostisosad<\/strong>: Maltodekstriin, kvertsetiindih\u00fcdraat (sophora japonica l. viljadest), katte koostis (mahuaine: h\u00fcdroks\u00fcprop\u00fc\u00fclmet\u00fc\u00fcltselluloos).<\/p>\n<p><strong>Kasutamine<\/strong>: 1 kapsel 1 kord ap\u00e4evas koos veega.<\/p>\n<p>Suurus: 90 <a href=\"https:\/\/fit360.ee\/en\/product-category\/product-groups\/%d0%b2%d0%b5%d0%b3%d0%b0%d0%bd\/vegan-capsules-en\/\"><strong>vCaps &#8211; Vegan kapslit<\/strong><\/a> &#8211; 90 serveeringut<\/p>\n<p>Vaata ka meie teisi supertoite <a href=\"https:\/\/fit360.ee\/en\/product-category\/product-groups\/superfoods-health-foods-en\/\"><strong>SIIT<\/strong><\/a> v\u00f5i Aju tegevust toetavaid toidulisandeid <a href=\"https:\/\/fit360.ee\/en\/product-category\/product-groups\/brain-support-nootropics-en\/\"><strong>SIIT<\/strong><\/a>!<\/p>\n<p>Soovid teha suuremat tellimust? Vaata antud toodet meie HULGI lehelt\u00a0<a href=\"https:\/\/toidulisandidhulgi.ee\/product\/kvertsetiin-90-vcaps\/\"><strong>SIIT<\/strong><\/a>!<\/p>\n","protected":false},"excerpt":{"rendered":"<h3><strong>OstroVit Kvertsetiin positiivsed omadused:<\/strong><\/h3>\n<ul>\n<li><span style=\"color: #333333; font-size: 14.4px;\">See toetab antioks\u00fcdandina keha v\u00f5itluses vabade radikaalide vastu<\/span><\/li>\n<li>See v\u00f5ib aidata reguleerida verer\u00f5hku<\/li>\n<li>See aitab toetada kognitiivseid protsesse, n\u00e4iteks m\u00e4lu v\u00f5i keskendumise parandamist<\/li>\n<li>Toetab kardiovaskulaars\u00fcsteemi<\/li>\n<li>Toetab veresuhkru reguleerimist<\/li>\n<li>V\u00f5ib avaldada allergiavastast toimet<\/li>\n<li>On p\u00f5letikuvastane toime<\/li>\n<\/ul>\n","protected":false},"featured_media":76657,"comment_status":"closed","ping_status":"closed","template":"","meta":[],"product_brand":[],"product_cat":[5311,2485,1329,1454,2664,536,1201],"product_tag":[2818,1924,2819],"giftcard-category":[],"class_list":{"0":"post-52123","1":"product","2":"type-product","3":"status-publish","4":"has-post-thumbnail","6":"product_cat-antioxidants-en","7":"product_cat-brain-support-nootropics-en","8":"product_cat-ostrovit-en","9":"product_cat-superfoods-health-foods-en","10":"product_cat-vegan-capsules-en","11":"product_cat-vitamins-and-minerals-en","12":"product_cat-1201","13":"product_tag-kvertsetiin-en","14":"product_tag-ostrovit-en","15":"product_tag-quercetin-en","16":"pa_kogus-90-vcaps-en","17":"pa_toidulisand-branddd-ostrovit","18":"pa_tootegruppp-aju-tegevus-nootropics-en","19":"pa_tootegruppp-antioksudandid-en","20":"pa_tootegruppp-supertoit-tervisetoit-en","21":"pa_tootegruppp-vcaps-vegan-kapslid-en","22":"pa_tootegruppp-vegan-en","23":"pa_tootegruppp-vitamins-and-minerals","25":"first","26":"instock","27":"sale","28":"taxable","29":"shipping-taxable","30":"purchasable","31":"product-type-simple"},"yoast_head":"<!-- This site is optimized with the Yoast SEO plugin v27.3 - https:\/\/yoast.com\/product\/yoast-seo-wordpress\/ -->\n<title>Kvertsetiin (90 vCaps) - Quercetin - Quercetin Dihydrate - Kiire tarne-<\/title>\n<meta name=\"description\" content=\"Kvertsetiin toetab antioks\u00fcdandina keha v\u00f5itlust vabade radikaalide vastu. Kvertsetiin toetab kognitiivseid protsesse, n\u00e4iteks parandab m\u00e4lu\" \/>\n<meta name=\"robots\" content=\"index, follow, max-snippet:-1, max-image-preview:large, max-video-preview:-1\" \/>\n<link rel=\"canonical\" href=\"https:\/\/fit360.ee\/en\/pood\/product-groups\/\u0432\u0435\u0433\u0430\u043d\/vegan-capsules-en\/kvertsetiin-90-vcaps\/\" \/>\n<meta property=\"og:locale\" content=\"en_US\" \/>\n<meta property=\"og:type\" content=\"article\" \/>\n<meta property=\"og:title\" content=\"Kvertsetiin (90 vCaps) - Quercetin - Quercetin Dihydrate - Kiire tarne-\" \/>\n<meta property=\"og:description\" content=\"Kvertsetiin toetab antioks\u00fcdandina keha v\u00f5itlust vabade radikaalide vastu. Kvertsetiin toetab kognitiivseid protsesse, n\u00e4iteks parandab m\u00e4lu\" \/>\n<meta property=\"og:url\" content=\"https:\/\/fit360.ee\/en\/pood\/product-groups\/\u0432\u0435\u0433\u0430\u043d\/vegan-capsules-en\/kvertsetiin-90-vcaps\/\" \/>\n<meta property=\"og:site_name\" content=\"Fit360\" \/>\n<meta property=\"article:modified_time\" content=\"2026-04-10T13:42:13+00:00\" \/>\n<meta property=\"og:image\" content=\"https:\/\/fit360.ee\/wp-content\/uploads\/2021\/04\/ostrovit-kvertsetiin-fit360.ee-1.png\" \/>\n\t<meta property=\"og:image:width\" content=\"450\" \/>\n\t<meta property=\"og:image:height\" content=\"450\" \/>\n\t<meta property=\"og:image:type\" content=\"image\/png\" \/>\n<meta name=\"twitter:card\" content=\"summary_large_image\" \/>\n<meta name=\"twitter:label1\" content=\"Est. reading time\" \/>\n\t<meta name=\"twitter:data1\" content=\"2 minutes\" \/>\n<script type=\"application\/ld+json\" class=\"yoast-schema-graph\">{\"@context\":\"https:\\\/\\\/schema.org\",\"@graph\":[{\"@type\":\"WebPage\",\"@id\":\"https:\\\/\\\/fit360.ee\\\/en\\\/pood\\\/product-groups\\\/%d0%b2%d0%b5%d0%b3%d0%b0%d0%bd\\\/vegan-capsules-en\\\/kvertsetiin-90-vcaps\\\/\",\"url\":\"https:\\\/\\\/fit360.ee\\\/en\\\/pood\\\/product-groups\\\/%d0%b2%d0%b5%d0%b3%d0%b0%d0%bd\\\/vegan-capsules-en\\\/kvertsetiin-90-vcaps\\\/\",\"name\":\"Kvertsetiin (90 vCaps) - Quercetin - Quercetin Dihydrate - Kiire tarne-\",\"isPartOf\":{\"@id\":\"https:\\\/\\\/fit360.ee\\\/en\\\/#website\"},\"primaryImageOfPage\":{\"@id\":\"https:\\\/\\\/fit360.ee\\\/en\\\/pood\\\/product-groups\\\/%d0%b2%d0%b5%d0%b3%d0%b0%d0%bd\\\/vegan-capsules-en\\\/kvertsetiin-90-vcaps\\\/#primaryimage\"},\"image\":{\"@id\":\"https:\\\/\\\/fit360.ee\\\/en\\\/pood\\\/product-groups\\\/%d0%b2%d0%b5%d0%b3%d0%b0%d0%bd\\\/vegan-capsules-en\\\/kvertsetiin-90-vcaps\\\/#primaryimage\"},\"thumbnailUrl\":\"https:\\\/\\\/fit360.ee\\\/wp-content\\\/uploads\\\/2021\\\/04\\\/ostrovit-kvertsetiin-fit360.ee-1.png\",\"datePublished\":\"2021-04-18T09:57:15+00:00\",\"dateModified\":\"2026-04-10T13:42:13+00:00\",\"description\":\"Kvertsetiin toetab antioks\u00fcdandina keha v\u00f5itlust vabade radikaalide vastu. Kvertsetiin toetab kognitiivseid protsesse, n\u00e4iteks parandab m\u00e4lu\",\"breadcrumb\":{\"@id\":\"https:\\\/\\\/fit360.ee\\\/en\\\/pood\\\/product-groups\\\/%d0%b2%d0%b5%d0%b3%d0%b0%d0%bd\\\/vegan-capsules-en\\\/kvertsetiin-90-vcaps\\\/#breadcrumb\"},\"inLanguage\":\"en-US\",\"potentialAction\":[{\"@type\":\"ReadAction\",\"target\":[\"https:\\\/\\\/fit360.ee\\\/en\\\/pood\\\/product-groups\\\/%d0%b2%d0%b5%d0%b3%d0%b0%d0%bd\\\/vegan-capsules-en\\\/kvertsetiin-90-vcaps\\\/\"]}]},{\"@type\":\"ImageObject\",\"inLanguage\":\"en-US\",\"@id\":\"https:\\\/\\\/fit360.ee\\\/en\\\/pood\\\/product-groups\\\/%d0%b2%d0%b5%d0%b3%d0%b0%d0%bd\\\/vegan-capsules-en\\\/kvertsetiin-90-vcaps\\\/#primaryimage\",\"url\":\"https:\\\/\\\/fit360.ee\\\/wp-content\\\/uploads\\\/2021\\\/04\\\/ostrovit-kvertsetiin-fit360.ee-1.png\",\"contentUrl\":\"https:\\\/\\\/fit360.ee\\\/wp-content\\\/uploads\\\/2021\\\/04\\\/ostrovit-kvertsetiin-fit360.ee-1.png\",\"width\":450,\"height\":450,\"caption\":\"ostrovit kvertsetiin - fit360.ee\"},{\"@type\":\"BreadcrumbList\",\"@id\":\"https:\\\/\\\/fit360.ee\\\/en\\\/pood\\\/product-groups\\\/%d0%b2%d0%b5%d0%b3%d0%b0%d0%bd\\\/vegan-capsules-en\\\/kvertsetiin-90-vcaps\\\/#breadcrumb\",\"itemListElement\":[{\"@type\":\"ListItem\",\"position\":1,\"name\":\"Home\",\"item\":\"https:\\\/\\\/fit360.ee\\\/en\\\/\"},{\"@type\":\"ListItem\",\"position\":2,\"name\":\"Shop\",\"item\":\"https:\\\/\\\/fit360.ee\\\/en\\\/shop\\\/\"},{\"@type\":\"ListItem\",\"position\":3,\"name\":\"Kvertsetiin (90 vCaps)\"}]},{\"@type\":\"WebSite\",\"@id\":\"https:\\\/\\\/fit360.ee\\\/en\\\/#website\",\"url\":\"https:\\\/\\\/fit360.ee\\\/en\\\/\",\"name\":\"Fit360\",\"description\":\"\",\"publisher\":{\"@id\":\"https:\\\/\\\/fit360.ee\\\/en\\\/#organization\"},\"potentialAction\":[{\"@type\":\"SearchAction\",\"target\":{\"@type\":\"EntryPoint\",\"urlTemplate\":\"https:\\\/\\\/fit360.ee\\\/en\\\/?s={search_term_string}\"},\"query-input\":{\"@type\":\"PropertyValueSpecification\",\"valueRequired\":true,\"valueName\":\"search_term_string\"}}],\"inLanguage\":\"en-US\"},{\"@type\":\"Organization\",\"@id\":\"https:\\\/\\\/fit360.ee\\\/en\\\/#organization\",\"name\":\"Fit360\",\"url\":\"https:\\\/\\\/fit360.ee\\\/en\\\/\",\"logo\":{\"@type\":\"ImageObject\",\"inLanguage\":\"en-US\",\"@id\":\"https:\\\/\\\/fit360.ee\\\/en\\\/#\\\/schema\\\/logo\\\/image\\\/\",\"url\":\"https:\\\/\\\/fit360.ee\\\/wp-content\\\/uploads\\\/2017\\\/01\\\/logo-fit360.png\",\"contentUrl\":\"https:\\\/\\\/fit360.ee\\\/wp-content\\\/uploads\\\/2017\\\/01\\\/logo-fit360.png\",\"width\":180,\"height\":66,\"caption\":\"Fit360\"},\"image\":{\"@id\":\"https:\\\/\\\/fit360.ee\\\/en\\\/#\\\/schema\\\/logo\\\/image\\\/\"}}]}<\/script>\n<!-- \/ Yoast SEO plugin. -->","yoast_head_json":{"title":"Kvertsetiin (90 vCaps) - Quercetin - Quercetin Dihydrate - Kiire tarne-","description":"Kvertsetiin toetab antioks\u00fcdandina keha v\u00f5itlust vabade radikaalide vastu. Kvertsetiin toetab kognitiivseid protsesse, n\u00e4iteks parandab m\u00e4lu","robots":{"index":"index","follow":"follow","max-snippet":"max-snippet:-1","max-image-preview":"max-image-preview:large","max-video-preview":"max-video-preview:-1"},"canonical":"https:\/\/fit360.ee\/en\/pood\/product-groups\/\u0432\u0435\u0433\u0430\u043d\/vegan-capsules-en\/kvertsetiin-90-vcaps\/","og_locale":"en_US","og_type":"article","og_title":"Kvertsetiin (90 vCaps) - Quercetin - Quercetin Dihydrate - Kiire tarne-","og_description":"Kvertsetiin toetab antioks\u00fcdandina keha v\u00f5itlust vabade radikaalide vastu. Kvertsetiin toetab kognitiivseid protsesse, n\u00e4iteks parandab m\u00e4lu","og_url":"https:\/\/fit360.ee\/en\/pood\/product-groups\/\u0432\u0435\u0433\u0430\u043d\/vegan-capsules-en\/kvertsetiin-90-vcaps\/","og_site_name":"Fit360","article_modified_time":"2026-04-10T13:42:13+00:00","og_image":[{"width":450,"height":450,"url":"https:\/\/fit360.ee\/wp-content\/uploads\/2021\/04\/ostrovit-kvertsetiin-fit360.ee-1.png","type":"image\/png"}],"twitter_card":"summary_large_image","twitter_misc":{"Est. reading time":"2 minutes"},"schema":{"@context":"https:\/\/schema.org","@graph":[{"@type":"WebPage","@id":"https:\/\/fit360.ee\/en\/pood\/product-groups\/%d0%b2%d0%b5%d0%b3%d0%b0%d0%bd\/vegan-capsules-en\/kvertsetiin-90-vcaps\/","url":"https:\/\/fit360.ee\/en\/pood\/product-groups\/%d0%b2%d0%b5%d0%b3%d0%b0%d0%bd\/vegan-capsules-en\/kvertsetiin-90-vcaps\/","name":"Kvertsetiin (90 vCaps) - Quercetin - Quercetin Dihydrate - Kiire tarne-","isPartOf":{"@id":"https:\/\/fit360.ee\/en\/#website"},"primaryImageOfPage":{"@id":"https:\/\/fit360.ee\/en\/pood\/product-groups\/%d0%b2%d0%b5%d0%b3%d0%b0%d0%bd\/vegan-capsules-en\/kvertsetiin-90-vcaps\/#primaryimage"},"image":{"@id":"https:\/\/fit360.ee\/en\/pood\/product-groups\/%d0%b2%d0%b5%d0%b3%d0%b0%d0%bd\/vegan-capsules-en\/kvertsetiin-90-vcaps\/#primaryimage"},"thumbnailUrl":"https:\/\/fit360.ee\/wp-content\/uploads\/2021\/04\/ostrovit-kvertsetiin-fit360.ee-1.png","datePublished":"2021-04-18T09:57:15+00:00","dateModified":"2026-04-10T13:42:13+00:00","description":"Kvertsetiin toetab antioks\u00fcdandina keha v\u00f5itlust vabade radikaalide vastu. Kvertsetiin toetab kognitiivseid protsesse, n\u00e4iteks parandab m\u00e4lu","breadcrumb":{"@id":"https:\/\/fit360.ee\/en\/pood\/product-groups\/%d0%b2%d0%b5%d0%b3%d0%b0%d0%bd\/vegan-capsules-en\/kvertsetiin-90-vcaps\/#breadcrumb"},"inLanguage":"en-US","potentialAction":[{"@type":"ReadAction","target":["https:\/\/fit360.ee\/en\/pood\/product-groups\/%d0%b2%d0%b5%d0%b3%d0%b0%d0%bd\/vegan-capsules-en\/kvertsetiin-90-vcaps\/"]}]},{"@type":"ImageObject","inLanguage":"en-US","@id":"https:\/\/fit360.ee\/en\/pood\/product-groups\/%d0%b2%d0%b5%d0%b3%d0%b0%d0%bd\/vegan-capsules-en\/kvertsetiin-90-vcaps\/#primaryimage","url":"https:\/\/fit360.ee\/wp-content\/uploads\/2021\/04\/ostrovit-kvertsetiin-fit360.ee-1.png","contentUrl":"https:\/\/fit360.ee\/wp-content\/uploads\/2021\/04\/ostrovit-kvertsetiin-fit360.ee-1.png","width":450,"height":450,"caption":"ostrovit kvertsetiin - fit360.ee"},{"@type":"BreadcrumbList","@id":"https:\/\/fit360.ee\/en\/pood\/product-groups\/%d0%b2%d0%b5%d0%b3%d0%b0%d0%bd\/vegan-capsules-en\/kvertsetiin-90-vcaps\/#breadcrumb","itemListElement":[{"@type":"ListItem","position":1,"name":"Home","item":"https:\/\/fit360.ee\/en\/"},{"@type":"ListItem","position":2,"name":"Shop","item":"https:\/\/fit360.ee\/en\/shop\/"},{"@type":"ListItem","position":3,"name":"Kvertsetiin (90 vCaps)"}]},{"@type":"WebSite","@id":"https:\/\/fit360.ee\/en\/#website","url":"https:\/\/fit360.ee\/en\/","name":"Fit360","description":"","publisher":{"@id":"https:\/\/fit360.ee\/en\/#organization"},"potentialAction":[{"@type":"SearchAction","target":{"@type":"EntryPoint","urlTemplate":"https:\/\/fit360.ee\/en\/?s={search_term_string}"},"query-input":{"@type":"PropertyValueSpecification","valueRequired":true,"valueName":"search_term_string"}}],"inLanguage":"en-US"},{"@type":"Organization","@id":"https:\/\/fit360.ee\/en\/#organization","name":"Fit360","url":"https:\/\/fit360.ee\/en\/","logo":{"@type":"ImageObject","inLanguage":"en-US","@id":"https:\/\/fit360.ee\/en\/#\/schema\/logo\/image\/","url":"https:\/\/fit360.ee\/wp-content\/uploads\/2017\/01\/logo-fit360.png","contentUrl":"https:\/\/fit360.ee\/wp-content\/uploads\/2017\/01\/logo-fit360.png","width":180,"height":66,"caption":"Fit360"},"image":{"@id":"https:\/\/fit360.ee\/en\/#\/schema\/logo\/image\/"}}]}},"_links":{"self":[{"href":"https:\/\/fit360.ee\/en\/wp-json\/wp\/v2\/product\/52123","targetHints":{"allow":["GET"]}}],"collection":[{"href":"https:\/\/fit360.ee\/en\/wp-json\/wp\/v2\/product"}],"about":[{"href":"https:\/\/fit360.ee\/en\/wp-json\/wp\/v2\/types\/product"}],"replies":[{"embeddable":true,"href":"https:\/\/fit360.ee\/en\/wp-json\/wp\/v2\/comments?post=52123"}],"wp:featuredmedia":[{"embeddable":true,"href":"https:\/\/fit360.ee\/en\/wp-json\/wp\/v2\/media\/76657"}],"wp:attachment":[{"href":"https:\/\/fit360.ee\/en\/wp-json\/wp\/v2\/media?parent=52123"}],"wp:term":[{"taxonomy":"product_brand","embeddable":true,"href":"https:\/\/fit360.ee\/en\/wp-json\/wp\/v2\/product_brand?post=52123"},{"taxonomy":"product_cat","embeddable":true,"href":"https:\/\/fit360.ee\/en\/wp-json\/wp\/v2\/product_cat?post=52123"},{"taxonomy":"product_tag","embeddable":true,"href":"https:\/\/fit360.ee\/en\/wp-json\/wp\/v2\/product_tag?post=52123"},{"taxonomy":"giftcard-category","embeddable":true,"href":"https:\/\/fit360.ee\/en\/wp-json\/wp\/v2\/giftcard-category?post=52123"}],"curies":[{"name":"wp","href":"https:\/\/api.w.org\/{rel}","templated":true}]}}