{"id":52126,"date":"2021-04-18T12:04:26","date_gmt":"2021-04-18T10:04:26","guid":{"rendered":"https:\/\/fit360.ee\/?post_type=product&#038;p=52126"},"modified":"2026-01-21T16:49:18","modified_gmt":"2026-01-21T14:49:18","slug":"kollageeni-kapslid-90caps","status":"publish","type":"product","link":"https:\/\/fit360.ee\/en\/pood\/product-groups\/joint-support-en\/kollageeni-kapslid-90caps\/","title":{"rendered":"Kollageeni kapslid (90caps)"},"content":{"rendered":"<h1><strong>Kollageeni kapslid<\/strong><\/h1>\n<p>Kollageeni kapslid on kollageen h\u00fcdrol\u00fcsaadi puhas vorm. Kollageeni kapslid sobivad v\u00e4ga h\u00e4sti neile, kes soovivad manustada k\u00f5ige lihtsamal kujul.<\/p>\n<p>Kollageen on inimkeha k\u00f5ige olulisem\u00a0<a href=\"https:\/\/fit360.ee\/en\/product-category\/product-groups\/protein-poweders-en\/\"><strong>proteiin<\/strong><\/a>, moodustades inimeses leiduvast proteiinist 25-35%. Kollageeni leidub suurel hulgal nahas, k\u00fc\u00fcntes, k\u00f5hredes, veresoonte seintel, luudes, igemetes jne. Kui elutee algul keha suudab edukalt toota kehas kogu vajaliku kollageeni koguse, siis orienteeruvalt 25. eluaastast keha enda tootmisv\u00f5ime v\u00e4heneb iga aasta keskmiselt 1,5% v\u00f5rra. Tulenevalt sellest on soovitav kollageeni lisaks tarbida alates 25-30 eluaastast igap\u00e4evaselt.<\/p>\n<p>Kollageeni v\u00e4henemist n\u00e4ed esimeste kortsude tekkega v\u00f5i tunned l\u00e4bi valutavate liigeste. Loomulikult ei ole kollageeni defitsiit ainuke p\u00f5hjus \u00fchele v\u00f5i teisele probleemile ning selle tarvitamine lahendus k\u00f5igile probleemidele. Kuid siiski on kollageenil suur roll ning kasutegur naha, juuste ja liigeste heaolus.<\/p>\n<h2><strong>Kollageen<\/strong><\/h2>\n<p>Vanuse, suure f\u00fc\u00fcsilise koormuse ja ka \u00fclekaalu korral kollageenitase kehas v\u00e4heneb ning p\u00f5hjustab liigesevalusid (artroos), luude h\u00f5renemist (osteopeenia ja osteoporoos) ja naha vananemist. Eeltoodu suurendab kalduvust vigastustele. Uuringutes on t\u00f5estatud kasulik toime liigestele ja k\u00f5hredele kus 10g p\u00e4evas tarbinud sportlastel k\u00f5hrede paksus kasvas 14%. V\u00f5rdlusgrupis ilma kollageenita sportlaste k\u00f5hrede paksus hoopis v\u00e4henes sama koormuse korral.<\/p>\n<p>Lisaks on kollageen abiks osteoartriidi korral. Aitab parandada liigeste painduvust ja liikuvust, v\u00e4hendada liigesevalusid ning t\u00f5stab ka luude tihedust. See on eriti t\u00e4htis nii vanemate inimeste, kui sportlaste jaoks v\u00e4ltimaks v\u00f5imalikke luum\u00f5rasid- ja murde. Uuringud on n\u00e4idanud ka, et 10 g p\u00e4evane kollageenitarbimine on m\u00e4rkimisv\u00e4\u00e4rselt kasulikum, kui 1,5 g gl\u00fckosamiini tarbimine.<\/p>\n<p>Kollageen juustele, nahale ja k\u00fc\u00fcntele: Uuringud t\u00f5estavad, et kollageeni tarbimine stimuleerib naha regeneratsiooni ja v\u00e4hendab vananemisn\u00e4hte (nt. kortse). Suurendab m\u00e4rkimisv\u00e4\u00e4rselt fibroblastide kontsentratsiooni ning naha kollageenkiudude l\u00e4bim\u00f5\u00f5tu ja tihedust. Samuti aitab taastuda p\u00e4ikesekiirguse p\u00f5hjustatud nahakahjustustest. Noortel hakkab kehas kollageenitase langema juba alates ~25. eluaastast. Alguses on muutused v\u00e4hem\u00e4rgatavad, kuid kollageeni pideva tarbimisega p\u00fcsib nahk oluliselt kauem noorena.<\/p>\n<h3><strong>Kollageen kapslid<\/strong><\/h3>\n<p><strong>Koostisosad<\/strong>: Kollageenh\u00fcdrol\u00fcsaat (veised), kapsli kest (\u017eelatiin, puhastatud vesi).<\/p>\n<p><strong>Kasutamine<\/strong>: V\u00f5ta kuni 3 tkapslit p\u00e4evas. \u00c4ra \u00fcleta soovitatud kogust. <strong>NB!<\/strong> Toidulisandid ei asenda mitmek\u00fclgset toitumist. Hoida lastele k\u00e4ttesaamatus kohas. Toode on m\u00f5eldud tervetele t\u00e4iskasvanud inimestele.\u00a0 Mitte soovitatud lastele ja imetavatele emadele. Mitmek\u00fclgne toitumine ja terve elustiil on oluline.<\/p>\n<p><strong>Pakendi suurus<\/strong> 90 kapslit \u2013 30 serveeringut<\/p>\n<p>Hoiusta kuivas ja jahedas kohas, eemal otsesest p\u00e4evavalgusest.<\/p>\n<table>\n<tbody>\n<tr>\n<td width=\"205\"><strong>Anal\u00fc\u00fcs<\/strong><\/td>\n<td width=\"205\"><strong>1 kapsel<\/strong><\/td>\n<td width=\"205\"><strong>3 kapslit<\/strong><\/td>\n<\/tr>\n<tr>\n<td width=\"205\">H\u00fcdrol\u00fc\u00fcsitud kollageen<\/td>\n<td width=\"205\">850mg<\/td>\n<td width=\"205\">2550mg<\/td>\n<\/tr>\n<\/tbody>\n<\/table>\n<p>Vaata ka meie teisi Kollageene <a href=\"https:\/\/fit360.ee\/en\/product-category\/product-groups\/collagen-en\/\"><strong>SIIT<\/strong><\/a> v\u00f5i Toidulisandeid Liigestele <a href=\"https:\/\/fit360.ee\/en\/product-category\/product-groups\/joint-support-en\/\"><strong>SIIT<\/strong><\/a>!<\/p>\n<p>Soovid teha suuremat tellimust? Vaata antud toodet meie HULGI lehelt\u00a0<a href=\"https:\/\/toidulisandidhulgi.ee\/product\/kollageeni-kapslid-90caps\/\"><strong>SIIT<\/strong><\/a>!<\/p>\n","protected":false},"excerpt":{"rendered":"<h2><strong>Kollageeni kapslid:<\/strong><\/h2>\n<ul>\n<li>Tugevdab luustikku<\/li>\n<li>Peamine valk inimkeha sidekoes<\/li>\n<li>Tugevdab juukseid ja k\u00fc\u00fcsi<\/li>\n<\/ul>\n<p><strong>Kollageen<\/strong> \u2013 on peamine valk inimkeha sidekoes, seda leidub rakkudes ja rakkudevahelises koes. Samuti kuulub ta k\u00f5hrede, k\u00f5\u00f5luste, sidemete ja luude koostisesse. Kollageen on spiraalne, kiuline valk, selle molekulid sisaldavad suhkrut ja palju gl\u00fctsiini, proliini, h\u00fcdroks\u00fcproliini \u2013 tema osakaal naha p\u00f5hielemendina on 70-80 %. Kollageen on omamoodi karkassiks, t\u00e4nu millele on nahk toonuses ja h\u00e4sti niisutatud. Tekitades naha pinnale kihi, mis seob endasse niiskust, takistab ka selle aurustumist.<\/p>\n","protected":false},"featured_media":84397,"comment_status":"open","ping_status":"closed","template":"","meta":[],"product_brand":[],"product_cat":[1636,527,1329,1454,536],"product_tag":[2821,1724,2822,1924],"giftcard-category":[],"class_list":{"0":"post-52126","1":"product","2":"type-product","3":"status-publish","4":"has-post-thumbnail","6":"product_cat-collagen-en","7":"product_cat-joint-support-en","8":"product_cat-ostrovit-en","9":"product_cat-superfoods-health-foods-en","10":"product_cat-vitamins-and-minerals-en","11":"product_tag-collagen-en","12":"product_tag-kollageen-en","13":"product_tag-kollageeni-kapslid-en","14":"product_tag-ostrovit-en","15":"pa_toidulisand-branddd-ostrovit","16":"pa_tootegruppp-for-joints","17":"pa_tootegruppp-kollageenid-en","18":"pa_tootegruppp-supertoit-tervisetoit-en","19":"pa_tootegruppp-vitamins-and-minerals","21":"first","22":"instock","23":"sale","24":"taxable","25":"shipping-taxable","26":"purchasable","27":"product-type-simple"},"yoast_head":"<!-- This site is optimized with the Yoast SEO plugin v27.3 - https:\/\/yoast.com\/product\/yoast-seo-wordpress\/ -->\n<title>Kollageeni kapslid (90caps) - Kollageen - Collagen - Kiire Tarne - Fit360<\/title>\n<meta name=\"description\" content=\"Kollageeni kapslid on kollageen h\u00fcdrol\u00fcsaadi puhas vorm. Kollageenil suur roll ning kasutegur naha, juuste ja liigeste heaolus.\" \/>\n<meta name=\"robots\" content=\"index, follow, max-snippet:-1, max-image-preview:large, max-video-preview:-1\" \/>\n<link rel=\"canonical\" href=\"https:\/\/fit360.ee\/en\/pood\/product-groups\/joint-support-en\/kollageeni-kapslid-90caps\/\" \/>\n<meta property=\"og:locale\" content=\"en_US\" \/>\n<meta property=\"og:type\" content=\"article\" \/>\n<meta property=\"og:title\" content=\"Kollageeni kapslid (90caps) - Kollageen - Collagen - Kiire Tarne - Fit360\" \/>\n<meta property=\"og:description\" content=\"Kollageeni kapslid on kollageen h\u00fcdrol\u00fcsaadi puhas vorm. Kollageenil suur roll ning kasutegur naha, juuste ja liigeste heaolus.\" \/>\n<meta property=\"og:url\" content=\"https:\/\/fit360.ee\/en\/pood\/product-groups\/joint-support-en\/kollageeni-kapslid-90caps\/\" \/>\n<meta property=\"og:site_name\" content=\"Fit360\" \/>\n<meta property=\"article:modified_time\" content=\"2026-01-21T14:49:18+00:00\" \/>\n<meta property=\"og:image\" content=\"https:\/\/fit360.ee\/wp-content\/uploads\/2021\/04\/Kollageeni-kapslid-ostrovit-fit360.ee-1.png\" \/>\n\t<meta property=\"og:image:width\" content=\"450\" \/>\n\t<meta property=\"og:image:height\" content=\"450\" \/>\n\t<meta property=\"og:image:type\" content=\"image\/png\" \/>\n<meta name=\"twitter:card\" content=\"summary_large_image\" \/>\n<meta name=\"twitter:label1\" content=\"Est. reading time\" \/>\n\t<meta name=\"twitter:data1\" content=\"3 minutes\" \/>\n<script type=\"application\/ld+json\" class=\"yoast-schema-graph\">{\"@context\":\"https:\\\/\\\/schema.org\",\"@graph\":[{\"@type\":\"WebPage\",\"@id\":\"https:\\\/\\\/fit360.ee\\\/en\\\/pood\\\/product-groups\\\/joint-support-en\\\/kollageeni-kapslid-90caps\\\/\",\"url\":\"https:\\\/\\\/fit360.ee\\\/en\\\/pood\\\/product-groups\\\/joint-support-en\\\/kollageeni-kapslid-90caps\\\/\",\"name\":\"Kollageeni kapslid (90caps) - Kollageen - Collagen - Kiire Tarne - Fit360\",\"isPartOf\":{\"@id\":\"https:\\\/\\\/fit360.ee\\\/en\\\/#website\"},\"primaryImageOfPage\":{\"@id\":\"https:\\\/\\\/fit360.ee\\\/en\\\/pood\\\/product-groups\\\/joint-support-en\\\/kollageeni-kapslid-90caps\\\/#primaryimage\"},\"image\":{\"@id\":\"https:\\\/\\\/fit360.ee\\\/en\\\/pood\\\/product-groups\\\/joint-support-en\\\/kollageeni-kapslid-90caps\\\/#primaryimage\"},\"thumbnailUrl\":\"https:\\\/\\\/fit360.ee\\\/wp-content\\\/uploads\\\/2021\\\/04\\\/Kollageeni-kapslid-ostrovit-fit360.ee-1.png\",\"datePublished\":\"2021-04-18T10:04:26+00:00\",\"dateModified\":\"2026-01-21T14:49:18+00:00\",\"description\":\"Kollageeni kapslid on kollageen h\u00fcdrol\u00fcsaadi puhas vorm. Kollageenil suur roll ning kasutegur naha, juuste ja liigeste heaolus.\",\"breadcrumb\":{\"@id\":\"https:\\\/\\\/fit360.ee\\\/en\\\/pood\\\/product-groups\\\/joint-support-en\\\/kollageeni-kapslid-90caps\\\/#breadcrumb\"},\"inLanguage\":\"en-US\",\"potentialAction\":[{\"@type\":\"ReadAction\",\"target\":[\"https:\\\/\\\/fit360.ee\\\/en\\\/pood\\\/product-groups\\\/joint-support-en\\\/kollageeni-kapslid-90caps\\\/\"]}]},{\"@type\":\"ImageObject\",\"inLanguage\":\"en-US\",\"@id\":\"https:\\\/\\\/fit360.ee\\\/en\\\/pood\\\/product-groups\\\/joint-support-en\\\/kollageeni-kapslid-90caps\\\/#primaryimage\",\"url\":\"https:\\\/\\\/fit360.ee\\\/wp-content\\\/uploads\\\/2021\\\/04\\\/Kollageeni-kapslid-ostrovit-fit360.ee-1.png\",\"contentUrl\":\"https:\\\/\\\/fit360.ee\\\/wp-content\\\/uploads\\\/2021\\\/04\\\/Kollageeni-kapslid-ostrovit-fit360.ee-1.png\",\"width\":450,\"height\":450,\"caption\":\"Kollageeni kapslid ostrovit - fit360.ee\"},{\"@type\":\"BreadcrumbList\",\"@id\":\"https:\\\/\\\/fit360.ee\\\/en\\\/pood\\\/product-groups\\\/joint-support-en\\\/kollageeni-kapslid-90caps\\\/#breadcrumb\",\"itemListElement\":[{\"@type\":\"ListItem\",\"position\":1,\"name\":\"Home\",\"item\":\"https:\\\/\\\/fit360.ee\\\/en\\\/\"},{\"@type\":\"ListItem\",\"position\":2,\"name\":\"Shop\",\"item\":\"https:\\\/\\\/fit360.ee\\\/en\\\/shop\\\/\"},{\"@type\":\"ListItem\",\"position\":3,\"name\":\"Kollageeni kapslid (90caps)\"}]},{\"@type\":\"WebSite\",\"@id\":\"https:\\\/\\\/fit360.ee\\\/en\\\/#website\",\"url\":\"https:\\\/\\\/fit360.ee\\\/en\\\/\",\"name\":\"Fit360\",\"description\":\"\",\"publisher\":{\"@id\":\"https:\\\/\\\/fit360.ee\\\/en\\\/#organization\"},\"potentialAction\":[{\"@type\":\"SearchAction\",\"target\":{\"@type\":\"EntryPoint\",\"urlTemplate\":\"https:\\\/\\\/fit360.ee\\\/en\\\/?s={search_term_string}\"},\"query-input\":{\"@type\":\"PropertyValueSpecification\",\"valueRequired\":true,\"valueName\":\"search_term_string\"}}],\"inLanguage\":\"en-US\"},{\"@type\":\"Organization\",\"@id\":\"https:\\\/\\\/fit360.ee\\\/en\\\/#organization\",\"name\":\"Fit360\",\"url\":\"https:\\\/\\\/fit360.ee\\\/en\\\/\",\"logo\":{\"@type\":\"ImageObject\",\"inLanguage\":\"en-US\",\"@id\":\"https:\\\/\\\/fit360.ee\\\/en\\\/#\\\/schema\\\/logo\\\/image\\\/\",\"url\":\"https:\\\/\\\/fit360.ee\\\/wp-content\\\/uploads\\\/2017\\\/01\\\/logo-fit360.png\",\"contentUrl\":\"https:\\\/\\\/fit360.ee\\\/wp-content\\\/uploads\\\/2017\\\/01\\\/logo-fit360.png\",\"width\":180,\"height\":66,\"caption\":\"Fit360\"},\"image\":{\"@id\":\"https:\\\/\\\/fit360.ee\\\/en\\\/#\\\/schema\\\/logo\\\/image\\\/\"}}]}<\/script>\n<!-- \/ Yoast SEO plugin. -->","yoast_head_json":{"title":"Kollageeni kapslid (90caps) - Kollageen - Collagen - Kiire Tarne - Fit360","description":"Kollageeni kapslid on kollageen h\u00fcdrol\u00fcsaadi puhas vorm. Kollageenil suur roll ning kasutegur naha, juuste ja liigeste heaolus.","robots":{"index":"index","follow":"follow","max-snippet":"max-snippet:-1","max-image-preview":"max-image-preview:large","max-video-preview":"max-video-preview:-1"},"canonical":"https:\/\/fit360.ee\/en\/pood\/product-groups\/joint-support-en\/kollageeni-kapslid-90caps\/","og_locale":"en_US","og_type":"article","og_title":"Kollageeni kapslid (90caps) - Kollageen - Collagen - Kiire Tarne - Fit360","og_description":"Kollageeni kapslid on kollageen h\u00fcdrol\u00fcsaadi puhas vorm. Kollageenil suur roll ning kasutegur naha, juuste ja liigeste heaolus.","og_url":"https:\/\/fit360.ee\/en\/pood\/product-groups\/joint-support-en\/kollageeni-kapslid-90caps\/","og_site_name":"Fit360","article_modified_time":"2026-01-21T14:49:18+00:00","og_image":[{"width":450,"height":450,"url":"https:\/\/fit360.ee\/wp-content\/uploads\/2021\/04\/Kollageeni-kapslid-ostrovit-fit360.ee-1.png","type":"image\/png"}],"twitter_card":"summary_large_image","twitter_misc":{"Est. reading time":"3 minutes"},"schema":{"@context":"https:\/\/schema.org","@graph":[{"@type":"WebPage","@id":"https:\/\/fit360.ee\/en\/pood\/product-groups\/joint-support-en\/kollageeni-kapslid-90caps\/","url":"https:\/\/fit360.ee\/en\/pood\/product-groups\/joint-support-en\/kollageeni-kapslid-90caps\/","name":"Kollageeni kapslid (90caps) - Kollageen - Collagen - Kiire Tarne - Fit360","isPartOf":{"@id":"https:\/\/fit360.ee\/en\/#website"},"primaryImageOfPage":{"@id":"https:\/\/fit360.ee\/en\/pood\/product-groups\/joint-support-en\/kollageeni-kapslid-90caps\/#primaryimage"},"image":{"@id":"https:\/\/fit360.ee\/en\/pood\/product-groups\/joint-support-en\/kollageeni-kapslid-90caps\/#primaryimage"},"thumbnailUrl":"https:\/\/fit360.ee\/wp-content\/uploads\/2021\/04\/Kollageeni-kapslid-ostrovit-fit360.ee-1.png","datePublished":"2021-04-18T10:04:26+00:00","dateModified":"2026-01-21T14:49:18+00:00","description":"Kollageeni kapslid on kollageen h\u00fcdrol\u00fcsaadi puhas vorm. Kollageenil suur roll ning kasutegur naha, juuste ja liigeste heaolus.","breadcrumb":{"@id":"https:\/\/fit360.ee\/en\/pood\/product-groups\/joint-support-en\/kollageeni-kapslid-90caps\/#breadcrumb"},"inLanguage":"en-US","potentialAction":[{"@type":"ReadAction","target":["https:\/\/fit360.ee\/en\/pood\/product-groups\/joint-support-en\/kollageeni-kapslid-90caps\/"]}]},{"@type":"ImageObject","inLanguage":"en-US","@id":"https:\/\/fit360.ee\/en\/pood\/product-groups\/joint-support-en\/kollageeni-kapslid-90caps\/#primaryimage","url":"https:\/\/fit360.ee\/wp-content\/uploads\/2021\/04\/Kollageeni-kapslid-ostrovit-fit360.ee-1.png","contentUrl":"https:\/\/fit360.ee\/wp-content\/uploads\/2021\/04\/Kollageeni-kapslid-ostrovit-fit360.ee-1.png","width":450,"height":450,"caption":"Kollageeni kapslid ostrovit - fit360.ee"},{"@type":"BreadcrumbList","@id":"https:\/\/fit360.ee\/en\/pood\/product-groups\/joint-support-en\/kollageeni-kapslid-90caps\/#breadcrumb","itemListElement":[{"@type":"ListItem","position":1,"name":"Home","item":"https:\/\/fit360.ee\/en\/"},{"@type":"ListItem","position":2,"name":"Shop","item":"https:\/\/fit360.ee\/en\/shop\/"},{"@type":"ListItem","position":3,"name":"Kollageeni kapslid (90caps)"}]},{"@type":"WebSite","@id":"https:\/\/fit360.ee\/en\/#website","url":"https:\/\/fit360.ee\/en\/","name":"Fit360","description":"","publisher":{"@id":"https:\/\/fit360.ee\/en\/#organization"},"potentialAction":[{"@type":"SearchAction","target":{"@type":"EntryPoint","urlTemplate":"https:\/\/fit360.ee\/en\/?s={search_term_string}"},"query-input":{"@type":"PropertyValueSpecification","valueRequired":true,"valueName":"search_term_string"}}],"inLanguage":"en-US"},{"@type":"Organization","@id":"https:\/\/fit360.ee\/en\/#organization","name":"Fit360","url":"https:\/\/fit360.ee\/en\/","logo":{"@type":"ImageObject","inLanguage":"en-US","@id":"https:\/\/fit360.ee\/en\/#\/schema\/logo\/image\/","url":"https:\/\/fit360.ee\/wp-content\/uploads\/2017\/01\/logo-fit360.png","contentUrl":"https:\/\/fit360.ee\/wp-content\/uploads\/2017\/01\/logo-fit360.png","width":180,"height":66,"caption":"Fit360"},"image":{"@id":"https:\/\/fit360.ee\/en\/#\/schema\/logo\/image\/"}}]}},"_links":{"self":[{"href":"https:\/\/fit360.ee\/en\/wp-json\/wp\/v2\/product\/52126","targetHints":{"allow":["GET"]}}],"collection":[{"href":"https:\/\/fit360.ee\/en\/wp-json\/wp\/v2\/product"}],"about":[{"href":"https:\/\/fit360.ee\/en\/wp-json\/wp\/v2\/types\/product"}],"replies":[{"embeddable":true,"href":"https:\/\/fit360.ee\/en\/wp-json\/wp\/v2\/comments?post=52126"}],"wp:featuredmedia":[{"embeddable":true,"href":"https:\/\/fit360.ee\/en\/wp-json\/wp\/v2\/media\/84397"}],"wp:attachment":[{"href":"https:\/\/fit360.ee\/en\/wp-json\/wp\/v2\/media?parent=52126"}],"wp:term":[{"taxonomy":"product_brand","embeddable":true,"href":"https:\/\/fit360.ee\/en\/wp-json\/wp\/v2\/product_brand?post=52126"},{"taxonomy":"product_cat","embeddable":true,"href":"https:\/\/fit360.ee\/en\/wp-json\/wp\/v2\/product_cat?post=52126"},{"taxonomy":"product_tag","embeddable":true,"href":"https:\/\/fit360.ee\/en\/wp-json\/wp\/v2\/product_tag?post=52126"},{"taxonomy":"giftcard-category","embeddable":true,"href":"https:\/\/fit360.ee\/en\/wp-json\/wp\/v2\/giftcard-category?post=52126"}],"curies":[{"name":"wp","href":"https:\/\/api.w.org\/{rel}","templated":true}]}}