{"id":52194,"date":"2021-04-20T20:08:28","date_gmt":"2021-04-20T18:08:28","guid":{"rendered":"https:\/\/fit360.ee\/pood\/uncategorized\/fat-burner-for-woman-rasvapoletaja-naistele-60caps\/"},"modified":"2026-04-11T10:57:06","modified_gmt":"2026-04-11T08:57:06","slug":"fat-burner-for-woman-rasvapoletaja-naistele-60caps","status":"publish","type":"product","link":"https:\/\/fit360.ee\/en\/pood\/product-groups\/superfoods-health-foods-en\/green-tea-extract-en\/fat-burner-for-woman-rasvapoletaja-naistele-60caps\/","title":{"rendered":"Fat Burner for Woman &#8211; Rasvap\u00f5letaja naistele (60caps)"},"content":{"rendered":"<h1>Fat Burner for Woman<\/h1>\n<p>Fat Burner for Woman on rasvap\u00f5letaja, mis on v\u00e4lja t\u00f6\u00f6tatud just naistele. Naturaalsete komponentide ainulaadne koostis, mis toetab liigse keharasva v\u00e4hendamist. Standardiseeritud ekstraktid ja parimad toote omastatavad vormid h\u00f5lmavad mangoseemne ekstrakti, rohelise kohvioa ekstrakti, ingveri juure ekstrakti ja t\u00f5husat L-karnitiini vormi. 100% efektiivne saavutamaks paremat figuuri ja saavutamaks suurim enesekindlus.<\/p>\n<p>Iga naine unistab ilusast ja saledast figuurist. Tegelikult saab selle unistuse kindlameelse t\u00f6\u00f6ga reaalsuseks muuta. Soovitame rasvap\u00f5letajat kasutada, siis kui paigas on treening ja toitumine ning sellisel juhul toimib rasvap\u00f5letaja ideaalselt ning kindlasti toetab Teid eesm\u00e4rkide saavutamisel. Fat Burner for Woman on segu 8 koostisosast, mis koos loovad s\u00fcnergistliku toetuse lipol\u00fc\u00fcsi protsessile, see t\u00e4hendab keha rasva jaotusele. Pole oluline, mis spordialaga tegelete v\u00f5i kas olete lihtsalt harrastaja &#8211; toode sobib Teile h\u00e4sti.<\/p>\n<h2>Rasvap\u00f5letaja naistele<\/h2>\n<p>Nimetus rasvap\u00f5letaja naistele t\u00e4hendab tegelikkuses seda, et on lisatud m\u00f5ned \u00fcksikud koostisosad, mis toetavad naiselikku v\u00e4limuse s\u00e4ilimist. Kindlasti v\u00f5ivad seda tarbida ka mehed, kartmata et nad naisterahvasteks muutuksid. Mida see toode sisaldab?<\/p>\n<p><a href=\"https:\/\/fit360.ee\/en\/product-category\/product-groups\/fat-burners-en\/l-carnitine-en\/\"><strong>L-karnitiin<\/strong><\/a> &#8211; on keemiline orgaaniline \u00fchend aminohapete r\u00fchmast, mis looduslikult esinevad meie kehas. See toetab rasvade p\u00f5letamise protsessi (energia imendumine rasvadest).<br \/>\n<a href=\"https:\/\/fit360.ee\/en\/product-category\/product-groups\/superfoods-health-foods-en\/green-tea-extract-en\/\"><strong>Rohelise teelehe ekstrakt<\/strong><\/a> &#8211; toetab t\u00f5husalt kaalukaotuse protsessi, stimuleerib rasvade lagunemist ja hoiab \u00e4ra nende taasladestumise<br \/>\n<a href=\"https:\/\/fit360.ee\/en\/product-category\/product-groups\/amino-acids-bcaa\/tyrosine-en\/\"><strong>L-t\u00fcrosiin<\/strong><\/a> &#8211; v\u00f5imaldab teil taluda pikkade ja raskete redutseerivate dieetide k\u00f5rvaltoimeid, kus meie keha on s\u00fcgavas kalorite puuduses. See parandab m\u00e4lu ja meie heaolu.<br \/>\n<a href=\"https:\/\/fit360.ee\/en\/pood\/product-groups\/pre-workout-en\/evolite-kofeiini-kapslid-200mg-caffeine-10ocaps\/\"><strong>Kofeiin<\/strong><\/a> &#8211; aitab kiirendada ainevahetust, stimuleerib, lisab energiat, aitab vabaneda tarbetuid rasvu.<br \/>\nAafrika mango seemneekstrakt &#8211; v\u00f5ib m\u00f5jutada leptiini (rasvarakkude toodetud hormoon, mis v\u00e4hendab teie s\u00f6\u00f6giisu) reguleerimist, reguleerib ainevahetust ja toetab lipiidide (rasvade) ainevahetust.<br \/>\n<a href=\"https:\/\/fit360.ee\/en\/pood\/product-groups\/superfoods-health-foods-en\/green-tea-extract-en\/roheline-kohvi-90vcaps\/\"><strong>Rohelise kohviekstrakt<\/strong><\/a> &#8211; piirab keha v\u00f5imet imada rasvu, kiirendab ainevahetust ja on suurep\u00e4rane antioks\u00fcdant.<br \/>\nIngveri juure ekstrakt &#8211; toetab seedimist, aitab v\u00f5imendada teie immuunsuss\u00fcsteemi ja &#8220;v\u00f5itleb&#8221; vabade radikaalidega.<br \/>\n<a href=\"https:\/\/fit360.ee\/en\/product-category\/product-groups\/vitamins-and-minerals-en\/chromium-en\/\"><strong>Kroom<\/strong><\/a> &#8211; aitab s\u00e4ilitada veres \u00f5iget gl\u00fckoositaset, aitab s\u00e4ilitada makrotoitainete \u00f5iget metabolismi.<\/p>\n<p><strong>Koostisosad<\/strong>: L-karnitiin L-tartraat, rohelise tee ekstrakt (<em>Camellia sinensis<\/em>) &#8211; 40% L-t\u00fcrosiinpol\u00fcfenool, L-t\u00fcrosiin, veevaba kofeiin, Aafrika mangoseemneekstrakt (<em>Irvingia Gabonensis L<\/em>.) DER 10: 1, ingverijuureekstrakt (<em>Zingiber officinale rosc<\/em>.) &#8211; 5% gingeroole, rohelise kohvioa ekstrakt (<em>Coffea arabica L.<\/em>) &#8211; 50% klorogeenhapet, r\u00e4nidioksiidi paakumisvastane aine; kapsli kest (\u017eelatiin, vesi, v\u00e4rvained: titaandioksiid, punane raudoksiid, punane Allura AC *, ko\u0161enillipunane A *, kinoliinkollane *), kroompikolinaat (kroom).<\/p>\n<p>* Allura AC punane, ko\u0161enillipunane A, kinoliinikollane v\u00f5ib avaldada kahjulikku m\u00f5ju laste aktiivsusele ja t\u00e4helepanule.<\/p>\n<p>Toode v\u00f5ib sisaldada piima (sh laktoosi), soja, maap\u00e4hkleid, muid p\u00e4hkleid, seesamiseemneid, kaera, mune, v\u00e4hke, kalu.<\/p>\n<p><strong>Kasutamine<\/strong>: V\u00f5ta 2 kapslit \u00fcks kord p\u00e4evas koos veega. Toode on m\u00f5eldud tervetele inimestele.<\/p>\n<p><strong>Suurus<\/strong>: 60 kapslit &#8211; 30 serveeringut<\/p>\n<table>\n<tbody>\n<tr>\n<td width=\"213\"><strong>\u00a0\u00a0\u00a0\u00a0\u00a0\u00a0\u00a0\u00a0\u00a0\u00a0\u00a0\u00a0\u00a0\u00a0\u00a0\u00a0\u00a0\u00a0\u00a0\u00a0 Toimeained\u00a0\u00a0\u00a0\u00a0\u00a0\u00a0\u00a0\u00a0\u00a0\u00a0\u00a0\u00a0\u00a0\u00a0\u00a0\u00a0\u00a0\u00a0\u00a0 <\/strong><\/td>\n<td width=\"213\"><strong>2 kapslit ( 1 serveering<\/strong><\/td>\n<td width=\"213\"><strong>SPK%*<\/strong><\/td>\n<\/tr>\n<tr>\n<td width=\"213\">L-karnitiin L-tartraat<\/td>\n<td width=\"213\">500mg<\/td>\n<td width=\"213\">&#8211;<\/td>\n<\/tr>\n<tr>\n<td width=\"213\"><em>millest<\/em> L-Karnitiin<\/td>\n<td width=\"213\">335mg<\/td>\n<td width=\"213\">&#8211;<\/td>\n<\/tr>\n<tr>\n<td width=\"213\">L-t\u00fcrosiin<\/td>\n<td width=\"213\">200mg<\/td>\n<td width=\"213\">&#8211;<\/td>\n<\/tr>\n<tr>\n<td width=\"213\">Rohelise tee ekstrakt<\/td>\n<td width=\"213\">200mg<\/td>\n<td width=\"213\">&#8211;<\/td>\n<\/tr>\n<tr>\n<td width=\"213\"><em>millest<\/em> 40% pol\u00fcfenoole<\/td>\n<td width=\"213\">80mg<\/td>\n<td width=\"213\">&#8211;<\/td>\n<\/tr>\n<tr>\n<td width=\"213\">Veevaba Kofeiin<\/td>\n<td width=\"213\">200mg<\/td>\n<td width=\"213\">&#8211;<\/td>\n<\/tr>\n<tr>\n<td width=\"213\">Aafrika mango seemneekstrakt 10:1 suhtega<\/td>\n<td width=\"213\">100mg<\/td>\n<td width=\"213\">&#8211;<\/td>\n<\/tr>\n<tr>\n<td width=\"213\">Ingveri juureekstrakt<\/td>\n<td width=\"213\">90mg<\/td>\n<td width=\"213\">&#8211;<\/td>\n<\/tr>\n<tr>\n<td width=\"213\"><em>millest<\/em> gingeroolid 5%<\/td>\n<td width=\"213\">4,5mg<\/td>\n<td width=\"213\">&#8211;<\/td>\n<\/tr>\n<tr>\n<td width=\"213\">Rohelise kohvioa ekstrakt<\/td>\n<td width=\"213\">50mg<\/td>\n<td width=\"213\">&#8211;<\/td>\n<\/tr>\n<tr>\n<td width=\"213\"><em>millest<\/em> klorogeenhape 50%<\/td>\n<td width=\"213\">25mg<\/td>\n<td width=\"213\">&#8211;<\/td>\n<\/tr>\n<tr>\n<td width=\"213\">Kroom<\/td>\n<td width=\"213\">95mcg<\/td>\n<td width=\"213\">238%<\/td>\n<\/tr>\n<\/tbody>\n<\/table>\n<p>*SPK \u2013 Soovitatud p\u00e4evane kogus.<\/p>\n<p>Vaata ka meie teisi Rasvap\u00f5letajaid <a href=\"https:\/\/fit360.ee\/en\/product-category\/product-groups\/fat-burners-en\/\"><strong>SIIT<\/strong><\/a>!<\/p>\n<p>Soovid kaupa osta suuremas koguses? Vaata antud toodet ka meie HULGI poest\u00a0<a href=\"https:\/\/toidulisandidhulgi.ee\/product\/fat-burner-for-woman-rasvapoletaja-naistele-60caps\/\"><strong>SIIT<\/strong><\/a>!<\/p>\n","protected":false},"excerpt":{"rendered":"<h2><strong>Fat Burner for Woman<\/strong><\/h2>\n<p>Fat Burner for Woman on rasvap\u00f5letaja, mis on v\u00e4lja t\u00f6\u00f6tatud just naistele. Naturaalsete komponentide ainulaadne koostis, mis toetab liigse keharasva v\u00e4hendamist. Standardiseeritud ekstraktid ja parimad toote omastatavad vormid h\u00f5lmavad mangoseemne ekstrakti, rohelise kohvioa ekstrakti, ingveri juure ekstrakti ja t\u00f5husat <strong>L-karnitiini<\/strong> vormi. 100% efektiivne saavutamaks paremat figuuri ja saavutamaks suurim enesekindlus.<\/p>\n","protected":false},"featured_media":84401,"comment_status":"closed","ping_status":"closed","template":"","meta":[],"product_brand":[],"product_cat":[2287,530,2371,2404,1329,2327],"product_tag":[2827,1924,2828],"giftcard-category":[],"class_list":{"0":"post-52194","1":"product","2":"type-product","3":"status-publish","4":"has-post-thumbnail","6":"product_cat-chromium-en","7":"product_cat-fat-burners-en","8":"product_cat-green-tea-extract-en","9":"product_cat-l-carnitine-en","10":"product_cat-ostrovit-en","11":"product_cat-tyrosine-en","12":"product_tag-fat-burner-for-woman-en","13":"product_tag-ostrovit-en","14":"product_tag-rasvapoletaja-naistele-en","15":"pa_toidulisand-branddd-ostrovit","16":"pa_tootegruppp-kroom-en","17":"pa_tootegruppp-l-karnitiin-en","18":"pa_tootegruppp-rohelise-tee-ekstrakt-en","19":"pa_tootegruppp-turosiin-en","20":"pa_tootegruppp-weight-loss","22":"first","23":"instock","24":"sale","25":"taxable","26":"shipping-taxable","27":"purchasable","28":"product-type-simple"},"yoast_head":"<!-- This site is optimized with the Yoast SEO plugin v27.3 - https:\/\/yoast.com\/product\/yoast-seo-wordpress\/ -->\n<title>Fat Burner for Woman - Rasvap\u00f5letaja naistele (60caps) - Kiire tarne<\/title>\n<meta name=\"description\" content=\"Fat Burner for Woman on rasvap\u00f5letaja, mis on v\u00e4lja t\u00f6\u00f6tatud just naistele. Naturaalsete komponentide ainulaadne koostis.\" \/>\n<meta name=\"robots\" content=\"index, follow, max-snippet:-1, max-image-preview:large, max-video-preview:-1\" \/>\n<link rel=\"canonical\" href=\"https:\/\/fit360.ee\/en\/pood\/product-groups\/superfoods-health-foods-en\/green-tea-extract-en\/fat-burner-for-woman-rasvapoletaja-naistele-60caps\/\" \/>\n<meta property=\"og:locale\" content=\"en_US\" \/>\n<meta property=\"og:type\" content=\"article\" \/>\n<meta property=\"og:title\" content=\"Fat Burner for Woman - Rasvap\u00f5letaja naistele (60caps) - Kiire tarne\" \/>\n<meta property=\"og:description\" content=\"Fat Burner for Woman on rasvap\u00f5letaja, mis on v\u00e4lja t\u00f6\u00f6tatud just naistele. Naturaalsete komponentide ainulaadne koostis.\" \/>\n<meta property=\"og:url\" content=\"https:\/\/fit360.ee\/en\/pood\/product-groups\/superfoods-health-foods-en\/green-tea-extract-en\/fat-burner-for-woman-rasvapoletaja-naistele-60caps\/\" \/>\n<meta property=\"og:site_name\" content=\"Fit360\" \/>\n<meta property=\"article:modified_time\" content=\"2026-04-11T08:57:06+00:00\" \/>\n<meta property=\"og:image\" content=\"https:\/\/fit360.ee\/wp-content\/uploads\/2021\/04\/fat-burner-for-woman-ostrovit-rasvapoletaja-naistele-fit360.ee-2.png\" \/>\n\t<meta property=\"og:image:width\" content=\"1000\" \/>\n\t<meta property=\"og:image:height\" content=\"1000\" \/>\n\t<meta property=\"og:image:type\" content=\"image\/png\" \/>\n<meta name=\"twitter:card\" content=\"summary_large_image\" \/>\n<meta name=\"twitter:label1\" content=\"Est. reading time\" \/>\n\t<meta name=\"twitter:data1\" content=\"2 minutes\" \/>\n<script type=\"application\/ld+json\" class=\"yoast-schema-graph\">{\"@context\":\"https:\\\/\\\/schema.org\",\"@graph\":[{\"@type\":\"WebPage\",\"@id\":\"https:\\\/\\\/fit360.ee\\\/en\\\/pood\\\/product-groups\\\/superfoods-health-foods-en\\\/green-tea-extract-en\\\/fat-burner-for-woman-rasvapoletaja-naistele-60caps\\\/\",\"url\":\"https:\\\/\\\/fit360.ee\\\/en\\\/pood\\\/product-groups\\\/superfoods-health-foods-en\\\/green-tea-extract-en\\\/fat-burner-for-woman-rasvapoletaja-naistele-60caps\\\/\",\"name\":\"Fat Burner for Woman - Rasvap\u00f5letaja naistele (60caps) - Kiire tarne\",\"isPartOf\":{\"@id\":\"https:\\\/\\\/fit360.ee\\\/en\\\/#website\"},\"primaryImageOfPage\":{\"@id\":\"https:\\\/\\\/fit360.ee\\\/en\\\/pood\\\/product-groups\\\/superfoods-health-foods-en\\\/green-tea-extract-en\\\/fat-burner-for-woman-rasvapoletaja-naistele-60caps\\\/#primaryimage\"},\"image\":{\"@id\":\"https:\\\/\\\/fit360.ee\\\/en\\\/pood\\\/product-groups\\\/superfoods-health-foods-en\\\/green-tea-extract-en\\\/fat-burner-for-woman-rasvapoletaja-naistele-60caps\\\/#primaryimage\"},\"thumbnailUrl\":\"https:\\\/\\\/fit360.ee\\\/wp-content\\\/uploads\\\/2021\\\/04\\\/fat-burner-for-woman-ostrovit-rasvapoletaja-naistele-fit360.ee-2.png\",\"datePublished\":\"2021-04-20T18:08:28+00:00\",\"dateModified\":\"2026-04-11T08:57:06+00:00\",\"description\":\"Fat Burner for Woman on rasvap\u00f5letaja, mis on v\u00e4lja t\u00f6\u00f6tatud just naistele. Naturaalsete komponentide ainulaadne koostis.\",\"breadcrumb\":{\"@id\":\"https:\\\/\\\/fit360.ee\\\/en\\\/pood\\\/product-groups\\\/superfoods-health-foods-en\\\/green-tea-extract-en\\\/fat-burner-for-woman-rasvapoletaja-naistele-60caps\\\/#breadcrumb\"},\"inLanguage\":\"en-US\",\"potentialAction\":[{\"@type\":\"ReadAction\",\"target\":[\"https:\\\/\\\/fit360.ee\\\/en\\\/pood\\\/product-groups\\\/superfoods-health-foods-en\\\/green-tea-extract-en\\\/fat-burner-for-woman-rasvapoletaja-naistele-60caps\\\/\"]}]},{\"@type\":\"ImageObject\",\"inLanguage\":\"en-US\",\"@id\":\"https:\\\/\\\/fit360.ee\\\/en\\\/pood\\\/product-groups\\\/superfoods-health-foods-en\\\/green-tea-extract-en\\\/fat-burner-for-woman-rasvapoletaja-naistele-60caps\\\/#primaryimage\",\"url\":\"https:\\\/\\\/fit360.ee\\\/wp-content\\\/uploads\\\/2021\\\/04\\\/fat-burner-for-woman-ostrovit-rasvapoletaja-naistele-fit360.ee-2.png\",\"contentUrl\":\"https:\\\/\\\/fit360.ee\\\/wp-content\\\/uploads\\\/2021\\\/04\\\/fat-burner-for-woman-ostrovit-rasvapoletaja-naistele-fit360.ee-2.png\",\"width\":1000,\"height\":1000,\"caption\":\"fat burner for woman ostrovit rasvap\u00f5letaja naistele - fit360.ee\"},{\"@type\":\"BreadcrumbList\",\"@id\":\"https:\\\/\\\/fit360.ee\\\/en\\\/pood\\\/product-groups\\\/superfoods-health-foods-en\\\/green-tea-extract-en\\\/fat-burner-for-woman-rasvapoletaja-naistele-60caps\\\/#breadcrumb\",\"itemListElement\":[{\"@type\":\"ListItem\",\"position\":1,\"name\":\"Home\",\"item\":\"https:\\\/\\\/fit360.ee\\\/en\\\/\"},{\"@type\":\"ListItem\",\"position\":2,\"name\":\"Shop\",\"item\":\"https:\\\/\\\/fit360.ee\\\/en\\\/shop\\\/\"},{\"@type\":\"ListItem\",\"position\":3,\"name\":\"Fat Burner for Woman &#8211; Rasvap\u00f5letaja naistele (60caps)\"}]},{\"@type\":\"WebSite\",\"@id\":\"https:\\\/\\\/fit360.ee\\\/en\\\/#website\",\"url\":\"https:\\\/\\\/fit360.ee\\\/en\\\/\",\"name\":\"Fit360\",\"description\":\"\",\"publisher\":{\"@id\":\"https:\\\/\\\/fit360.ee\\\/en\\\/#organization\"},\"potentialAction\":[{\"@type\":\"SearchAction\",\"target\":{\"@type\":\"EntryPoint\",\"urlTemplate\":\"https:\\\/\\\/fit360.ee\\\/en\\\/?s={search_term_string}\"},\"query-input\":{\"@type\":\"PropertyValueSpecification\",\"valueRequired\":true,\"valueName\":\"search_term_string\"}}],\"inLanguage\":\"en-US\"},{\"@type\":\"Organization\",\"@id\":\"https:\\\/\\\/fit360.ee\\\/en\\\/#organization\",\"name\":\"Fit360\",\"url\":\"https:\\\/\\\/fit360.ee\\\/en\\\/\",\"logo\":{\"@type\":\"ImageObject\",\"inLanguage\":\"en-US\",\"@id\":\"https:\\\/\\\/fit360.ee\\\/en\\\/#\\\/schema\\\/logo\\\/image\\\/\",\"url\":\"https:\\\/\\\/fit360.ee\\\/wp-content\\\/uploads\\\/2017\\\/01\\\/logo-fit360.png\",\"contentUrl\":\"https:\\\/\\\/fit360.ee\\\/wp-content\\\/uploads\\\/2017\\\/01\\\/logo-fit360.png\",\"width\":180,\"height\":66,\"caption\":\"Fit360\"},\"image\":{\"@id\":\"https:\\\/\\\/fit360.ee\\\/en\\\/#\\\/schema\\\/logo\\\/image\\\/\"}}]}<\/script>\n<!-- \/ Yoast SEO plugin. -->","yoast_head_json":{"title":"Fat Burner for Woman - Rasvap\u00f5letaja naistele (60caps) - Kiire tarne","description":"Fat Burner for Woman on rasvap\u00f5letaja, mis on v\u00e4lja t\u00f6\u00f6tatud just naistele. Naturaalsete komponentide ainulaadne koostis.","robots":{"index":"index","follow":"follow","max-snippet":"max-snippet:-1","max-image-preview":"max-image-preview:large","max-video-preview":"max-video-preview:-1"},"canonical":"https:\/\/fit360.ee\/en\/pood\/product-groups\/superfoods-health-foods-en\/green-tea-extract-en\/fat-burner-for-woman-rasvapoletaja-naistele-60caps\/","og_locale":"en_US","og_type":"article","og_title":"Fat Burner for Woman - Rasvap\u00f5letaja naistele (60caps) - Kiire tarne","og_description":"Fat Burner for Woman on rasvap\u00f5letaja, mis on v\u00e4lja t\u00f6\u00f6tatud just naistele. Naturaalsete komponentide ainulaadne koostis.","og_url":"https:\/\/fit360.ee\/en\/pood\/product-groups\/superfoods-health-foods-en\/green-tea-extract-en\/fat-burner-for-woman-rasvapoletaja-naistele-60caps\/","og_site_name":"Fit360","article_modified_time":"2026-04-11T08:57:06+00:00","og_image":[{"width":1000,"height":1000,"url":"https:\/\/fit360.ee\/wp-content\/uploads\/2021\/04\/fat-burner-for-woman-ostrovit-rasvapoletaja-naistele-fit360.ee-2.png","type":"image\/png"}],"twitter_card":"summary_large_image","twitter_misc":{"Est. reading time":"2 minutes"},"schema":{"@context":"https:\/\/schema.org","@graph":[{"@type":"WebPage","@id":"https:\/\/fit360.ee\/en\/pood\/product-groups\/superfoods-health-foods-en\/green-tea-extract-en\/fat-burner-for-woman-rasvapoletaja-naistele-60caps\/","url":"https:\/\/fit360.ee\/en\/pood\/product-groups\/superfoods-health-foods-en\/green-tea-extract-en\/fat-burner-for-woman-rasvapoletaja-naistele-60caps\/","name":"Fat Burner for Woman - Rasvap\u00f5letaja naistele (60caps) - Kiire tarne","isPartOf":{"@id":"https:\/\/fit360.ee\/en\/#website"},"primaryImageOfPage":{"@id":"https:\/\/fit360.ee\/en\/pood\/product-groups\/superfoods-health-foods-en\/green-tea-extract-en\/fat-burner-for-woman-rasvapoletaja-naistele-60caps\/#primaryimage"},"image":{"@id":"https:\/\/fit360.ee\/en\/pood\/product-groups\/superfoods-health-foods-en\/green-tea-extract-en\/fat-burner-for-woman-rasvapoletaja-naistele-60caps\/#primaryimage"},"thumbnailUrl":"https:\/\/fit360.ee\/wp-content\/uploads\/2021\/04\/fat-burner-for-woman-ostrovit-rasvapoletaja-naistele-fit360.ee-2.png","datePublished":"2021-04-20T18:08:28+00:00","dateModified":"2026-04-11T08:57:06+00:00","description":"Fat Burner for Woman on rasvap\u00f5letaja, mis on v\u00e4lja t\u00f6\u00f6tatud just naistele. Naturaalsete komponentide ainulaadne koostis.","breadcrumb":{"@id":"https:\/\/fit360.ee\/en\/pood\/product-groups\/superfoods-health-foods-en\/green-tea-extract-en\/fat-burner-for-woman-rasvapoletaja-naistele-60caps\/#breadcrumb"},"inLanguage":"en-US","potentialAction":[{"@type":"ReadAction","target":["https:\/\/fit360.ee\/en\/pood\/product-groups\/superfoods-health-foods-en\/green-tea-extract-en\/fat-burner-for-woman-rasvapoletaja-naistele-60caps\/"]}]},{"@type":"ImageObject","inLanguage":"en-US","@id":"https:\/\/fit360.ee\/en\/pood\/product-groups\/superfoods-health-foods-en\/green-tea-extract-en\/fat-burner-for-woman-rasvapoletaja-naistele-60caps\/#primaryimage","url":"https:\/\/fit360.ee\/wp-content\/uploads\/2021\/04\/fat-burner-for-woman-ostrovit-rasvapoletaja-naistele-fit360.ee-2.png","contentUrl":"https:\/\/fit360.ee\/wp-content\/uploads\/2021\/04\/fat-burner-for-woman-ostrovit-rasvapoletaja-naistele-fit360.ee-2.png","width":1000,"height":1000,"caption":"fat burner for woman ostrovit rasvap\u00f5letaja naistele - fit360.ee"},{"@type":"BreadcrumbList","@id":"https:\/\/fit360.ee\/en\/pood\/product-groups\/superfoods-health-foods-en\/green-tea-extract-en\/fat-burner-for-woman-rasvapoletaja-naistele-60caps\/#breadcrumb","itemListElement":[{"@type":"ListItem","position":1,"name":"Home","item":"https:\/\/fit360.ee\/en\/"},{"@type":"ListItem","position":2,"name":"Shop","item":"https:\/\/fit360.ee\/en\/shop\/"},{"@type":"ListItem","position":3,"name":"Fat Burner for Woman &#8211; Rasvap\u00f5letaja naistele (60caps)"}]},{"@type":"WebSite","@id":"https:\/\/fit360.ee\/en\/#website","url":"https:\/\/fit360.ee\/en\/","name":"Fit360","description":"","publisher":{"@id":"https:\/\/fit360.ee\/en\/#organization"},"potentialAction":[{"@type":"SearchAction","target":{"@type":"EntryPoint","urlTemplate":"https:\/\/fit360.ee\/en\/?s={search_term_string}"},"query-input":{"@type":"PropertyValueSpecification","valueRequired":true,"valueName":"search_term_string"}}],"inLanguage":"en-US"},{"@type":"Organization","@id":"https:\/\/fit360.ee\/en\/#organization","name":"Fit360","url":"https:\/\/fit360.ee\/en\/","logo":{"@type":"ImageObject","inLanguage":"en-US","@id":"https:\/\/fit360.ee\/en\/#\/schema\/logo\/image\/","url":"https:\/\/fit360.ee\/wp-content\/uploads\/2017\/01\/logo-fit360.png","contentUrl":"https:\/\/fit360.ee\/wp-content\/uploads\/2017\/01\/logo-fit360.png","width":180,"height":66,"caption":"Fit360"},"image":{"@id":"https:\/\/fit360.ee\/en\/#\/schema\/logo\/image\/"}}]}},"_links":{"self":[{"href":"https:\/\/fit360.ee\/en\/wp-json\/wp\/v2\/product\/52194","targetHints":{"allow":["GET"]}}],"collection":[{"href":"https:\/\/fit360.ee\/en\/wp-json\/wp\/v2\/product"}],"about":[{"href":"https:\/\/fit360.ee\/en\/wp-json\/wp\/v2\/types\/product"}],"replies":[{"embeddable":true,"href":"https:\/\/fit360.ee\/en\/wp-json\/wp\/v2\/comments?post=52194"}],"wp:featuredmedia":[{"embeddable":true,"href":"https:\/\/fit360.ee\/en\/wp-json\/wp\/v2\/media\/84401"}],"wp:attachment":[{"href":"https:\/\/fit360.ee\/en\/wp-json\/wp\/v2\/media?parent=52194"}],"wp:term":[{"taxonomy":"product_brand","embeddable":true,"href":"https:\/\/fit360.ee\/en\/wp-json\/wp\/v2\/product_brand?post=52194"},{"taxonomy":"product_cat","embeddable":true,"href":"https:\/\/fit360.ee\/en\/wp-json\/wp\/v2\/product_cat?post=52194"},{"taxonomy":"product_tag","embeddable":true,"href":"https:\/\/fit360.ee\/en\/wp-json\/wp\/v2\/product_tag?post=52194"},{"taxonomy":"giftcard-category","embeddable":true,"href":"https:\/\/fit360.ee\/en\/wp-json\/wp\/v2\/giftcard-category?post=52194"}],"curies":[{"name":"wp","href":"https:\/\/api.w.org\/{rel}","templated":true}]}}