{"id":52227,"date":"2021-04-21T14:58:54","date_gmt":"2021-04-21T12:58:54","guid":{"rendered":"https:\/\/fit360.ee\/?post_type=product&#038;p=52227"},"modified":"2026-04-10T15:42:13","modified_gmt":"2026-04-10T13:42:13","slug":"kanepiproteiin-hemp-protein-700g","status":"publish","type":"product","link":"https:\/\/fit360.ee\/en\/pood\/product-groups\/protein-poweders-en\/vegan-protein-en\/kanepiproteiin-hemp-protein-700g\/","title":{"rendered":"Kanepiproteiin &#8211; Hemp Protein (700g)"},"content":{"rendered":"<h1>KANEPIPROTEIIN<\/h1>\n<p><strong>Kanepiproteiin <\/strong>ehk Hemp Protein\u00a0<strong>on toodetud Eestis kohalikust p\u00f5llumajandusest p\u00e4rit toorainest!<\/strong> Kanepivalk on \u00fcks hinnatumaid taimseid proteiiniallikaid ning sisaldab 50% proteiini \u2013 sobib ideaalselt ka veganitele. Maitselt p\u00e4hkline on see sobilik segamiseks ka erinevatesse toitudesse ja smuutidesse valgusisalduse t\u00f5stmiseks.<\/p>\n<p>Proovi lisada ka keefirisse, smuutisse, jogurtisse ja k\u00fcpsetistesse. Kanepiproteiin on gluteenivaba ja ei sisalda allergeene.<\/p>\n<ul class=\"fusion-checklist fusion-checklist-1\">\n<li class=\"fusion-li-item\">\n<div class=\"fusion-li-item-content\">Toodetud Eestis ja Eestis kasvanud kanepist! Kergesti seeditav ja omastatav naturaalne proteiin.<\/div>\n<\/li>\n<li class=\"fusion-li-item\">\n<div class=\"fusion-li-item-content\">Lisa smuutisse, toitudesse, k\u00fcpsetistesse v\u00f5i kasuta taimse spordijoogina.<\/div>\n<\/li>\n<li class=\"fusion-li-item\">\n<div class=\"fusion-li-item-content\"><strong>50% proteiini ning k\u00f5rge 21,5% kiudainete sisaldus.<\/strong><\/div>\n<\/li>\n<\/ul>\n<p><strong>Koostisosad<\/strong>: kanepivalk, lisanditeta<\/p>\n<p><strong>Kasutamine<\/strong>: Lisa 1-2 korda p\u00e4evas 1 m\u00f5\u00f5telusikas (u 25g) smuutisse, jogurtisse, keefirisse v\u00f5i m\u00f5nesse k\u00fcpsetisse.<\/p>\n<p><img decoding=\"async\" src=\"https:\/\/iconfit.eu\/wp-content\/uploads\/2018\/11\/hempbanner.jpg\" alt=\"Hemp Kanep\" \/><\/p>\n<table width=\"628\">\n<tbody>\n<tr>\n<td width=\"247\"><strong>Aktiivsed toimeained<\/strong><\/td>\n<td width=\"131\"><strong>100g<\/strong><\/td>\n<td width=\"161\"><strong>30g ( 1 serveering)<\/strong><\/td>\n<td width=\"88\"><strong>SPK%*<\/strong><\/td>\n<\/tr>\n<tr>\n<td width=\"247\">Energia<\/td>\n<td width=\"131\">1516 kJ\/363 kcal<\/td>\n<td width=\"161\">455 kJ\/109 kcal<\/td>\n<td width=\"88\">5%<\/td>\n<\/tr>\n<tr>\n<td width=\"247\">Rasvad<\/td>\n<td width=\"131\">11.4 g<\/td>\n<td width=\"161\">3.4 g<\/td>\n<td width=\"88\">5%<\/td>\n<\/tr>\n<tr>\n<td width=\"247\"><em>millest<\/em> k\u00fcllastunud rasvhapped<\/td>\n<td width=\"131\">1.3 g<\/td>\n<td width=\"161\">0.4 g<\/td>\n<td width=\"88\">2%<\/td>\n<\/tr>\n<tr>\n<td width=\"247\">S\u00fcsivesikud<\/td>\n<td width=\"131\">4.2 g<\/td>\n<td width=\"161\">1.3 g<\/td>\n<td width=\"88\">1%<\/td>\n<\/tr>\n<tr>\n<td width=\"247\"><em>millest<\/em> suhkrud<\/td>\n<td width=\"131\">4.2 g<\/td>\n<td width=\"161\">1.3 g<\/td>\n<td width=\"88\">1%<\/td>\n<\/tr>\n<tr>\n<td width=\"247\">Kiudained<\/td>\n<td width=\"131\">24 g<\/td>\n<td width=\"161\">7.2 g<\/td>\n<td width=\"88\">&#8211;<\/td>\n<\/tr>\n<tr>\n<td width=\"247\"><strong>Valgud<\/strong><\/td>\n<td width=\"131\">48.8 g<\/td>\n<td width=\"161\">15 g<\/td>\n<td width=\"88\">30%<\/td>\n<\/tr>\n<tr>\n<td width=\"247\">Sool<\/td>\n<td width=\"131\">0.05 g<\/td>\n<td width=\"161\">0.02 g<\/td>\n<td width=\"88\">&#8211;<\/td>\n<\/tr>\n<tr>\n<td width=\"247\"><strong>Kanepiproteiin<\/strong><\/td>\n<td width=\"131\">100 g<\/td>\n<td width=\"161\">30 g<\/td>\n<td width=\"88\">&#8211;<\/td>\n<\/tr>\n<\/tbody>\n<\/table>\n<p>*SPK \u2013 Soovitatud p\u00e4evane kogus.<\/p>\n<p>Vaata ka teisi Valke <a href=\"https:\/\/fit360.ee\/en\/product-category\/product-groups\/protein-poweders-en\/\"><strong>SIIT<\/strong><\/a> v\u00f5i Taimseid Proteiine <a href=\"https:\/\/fit360.ee\/en\/product-category\/product-groups\/protein-poweders-en\/vegan-protein-en\/\"><strong>SIIT<\/strong><\/a>!<\/p>\n<p>Soovid kaupa osta suuremas koguses? Vaata antud toodet ka meie HULGI poest\u00a0<a href=\"https:\/\/toidulisandidhulgi.ee\/product\/kanepiproteiin-hemp-protein-700g\/\"><strong>SIIT<\/strong><\/a>!<\/p>\n","protected":false},"excerpt":{"rendered":"<h2><strong>Hemp Protein<\/strong>:<\/h2>\n<ul class=\"fusion-checklist fusion-checklist-1\">\n<li class=\"fusion-li-item\">\n<div class=\"fusion-li-item-content\">Kergesti seeditav ja omastatav naturaalne proteiin.<\/div>\n<\/li>\n<li class=\"fusion-li-item\">\n<div class=\"fusion-li-item-content\">Lisa smuutisse, toitudesse, k\u00fcpsetistesse v\u00f5i kasuta taimse spordijoogina.<\/div>\n<\/li>\n<li class=\"fusion-li-item\">\n<div class=\"fusion-li-item-content\"><strong>49% proteiini ning k\u00f5rge 24% kiudainete sisaldus.<\/strong><\/div>\n<\/li>\n<\/ul>\n<p>Kanepiproteiin on \u00fcks hinnatumaid taimseid proteiiniallikaid ning sisaldab 50% proteiini \u2013 sobib ideaalselt ka veganitele. Maitselt p\u00e4hkline on see sobilik segamiseks ka erinevatesse toitudesse ja smuutidesse valgusisalduse t\u00f5stmiseks.<\/p>\n<p>Proovi lisada ka keefirisse, smuutisse, jogurtisse ja k\u00fcpsetistesse. Kanepiproteiin on gluteenivaba ja ei sisalda allergeene.<\/p>\n","protected":false},"featured_media":84405,"comment_status":"open","ping_status":"closed","template":"","meta":[],"product_brand":[],"product_cat":[1329,535,1873,1454,2428,1201],"product_tag":[1709,1710,1711,1668,1670],"giftcard-category":[],"class_list":{"0":"post-52227","1":"product","2":"type-product","3":"status-publish","4":"has-post-thumbnail","6":"product_cat-ostrovit-en","7":"product_cat-protein-poweders-en","8":"product_cat-superfood-blends-en","9":"product_cat-superfoods-health-foods-en","10":"product_cat-vegan-protein-en","11":"product_cat-1201","12":"product_tag-hemp-protein-en","13":"product_tag-kanepivalk-en","14":"product_tag-proteiin-en","15":"product_tag-proteiinipulber-en","16":"product_tag-valgupulber-en","17":"pa_toidulisand-branddd-ostrovit","18":"pa_tootegruppp-protein","19":"pa_tootegruppp-supertoidusegud-smuutidele-en","20":"pa_tootegruppp-supertoit-tervisetoit-en","21":"pa_tootegruppp-taimne-valk-en","22":"pa_tootegruppp-vegan-en","24":"first","25":"outofstock","26":"sale","27":"taxable","28":"shipping-taxable","29":"purchasable","30":"product-type-simple"},"yoast_head":"<!-- This site is optimized with the Yoast SEO plugin v27.3 - https:\/\/yoast.com\/product\/yoast-seo-wordpress\/ -->\n<title>Kanepiproteiin (700g)- Hemp Protein - Kanepivalk - Kiire Tarne - Fit360<\/title>\n<meta name=\"description\" content=\"Kanepiproteiin - 100% naturaalne ja puhas. Kanepiproteiin on \u00fcks hinnatumaid taimseid proteiiniallikaid K\u00f5rge kiudaine sisaldus. Kiire tarne\" \/>\n<meta name=\"robots\" content=\"index, follow, max-snippet:-1, max-image-preview:large, max-video-preview:-1\" \/>\n<link rel=\"canonical\" href=\"https:\/\/fit360.ee\/en\/pood\/product-groups\/protein-poweders-en\/vegan-protein-en\/kanepiproteiin-hemp-protein-700g\/\" \/>\n<meta property=\"og:locale\" content=\"en_US\" \/>\n<meta property=\"og:type\" content=\"article\" \/>\n<meta property=\"og:title\" content=\"Kanepiproteiin (700g)- Hemp Protein - Kanepivalk - Kiire Tarne - Fit360\" \/>\n<meta property=\"og:description\" content=\"Kanepiproteiin - 100% naturaalne ja puhas. Kanepiproteiin on \u00fcks hinnatumaid taimseid proteiiniallikaid K\u00f5rge kiudaine sisaldus. Kiire tarne\" \/>\n<meta property=\"og:url\" content=\"https:\/\/fit360.ee\/en\/pood\/product-groups\/protein-poweders-en\/vegan-protein-en\/kanepiproteiin-hemp-protein-700g\/\" \/>\n<meta property=\"og:site_name\" content=\"Fit360\" \/>\n<meta property=\"article:modified_time\" content=\"2026-04-10T13:42:13+00:00\" \/>\n<meta property=\"og:image\" content=\"https:\/\/fit360.ee\/wp-content\/uploads\/2021\/04\/kanepiproteiin-ostrovit-hemp-protein-fit360.ee-1.png\" \/>\n\t<meta property=\"og:image:width\" content=\"800\" \/>\n\t<meta property=\"og:image:height\" content=\"800\" \/>\n\t<meta property=\"og:image:type\" content=\"image\/png\" \/>\n<meta name=\"twitter:card\" content=\"summary_large_image\" \/>\n<meta name=\"twitter:label1\" content=\"Est. reading time\" \/>\n\t<meta name=\"twitter:data1\" content=\"2 minutes\" \/>\n<script type=\"application\/ld+json\" class=\"yoast-schema-graph\">{\"@context\":\"https:\\\/\\\/schema.org\",\"@graph\":[{\"@type\":\"WebPage\",\"@id\":\"https:\\\/\\\/fit360.ee\\\/en\\\/pood\\\/product-groups\\\/protein-poweders-en\\\/vegan-protein-en\\\/kanepiproteiin-hemp-protein-700g\\\/\",\"url\":\"https:\\\/\\\/fit360.ee\\\/en\\\/pood\\\/product-groups\\\/protein-poweders-en\\\/vegan-protein-en\\\/kanepiproteiin-hemp-protein-700g\\\/\",\"name\":\"Kanepiproteiin (700g)- Hemp Protein - Kanepivalk - Kiire Tarne - Fit360\",\"isPartOf\":{\"@id\":\"https:\\\/\\\/fit360.ee\\\/en\\\/#website\"},\"primaryImageOfPage\":{\"@id\":\"https:\\\/\\\/fit360.ee\\\/en\\\/pood\\\/product-groups\\\/protein-poweders-en\\\/vegan-protein-en\\\/kanepiproteiin-hemp-protein-700g\\\/#primaryimage\"},\"image\":{\"@id\":\"https:\\\/\\\/fit360.ee\\\/en\\\/pood\\\/product-groups\\\/protein-poweders-en\\\/vegan-protein-en\\\/kanepiproteiin-hemp-protein-700g\\\/#primaryimage\"},\"thumbnailUrl\":\"https:\\\/\\\/fit360.ee\\\/wp-content\\\/uploads\\\/2021\\\/04\\\/kanepiproteiin-ostrovit-hemp-protein-fit360.ee-1.png\",\"datePublished\":\"2021-04-21T12:58:54+00:00\",\"dateModified\":\"2026-04-10T13:42:13+00:00\",\"description\":\"Kanepiproteiin - 100% naturaalne ja puhas. Kanepiproteiin on \u00fcks hinnatumaid taimseid proteiiniallikaid K\u00f5rge kiudaine sisaldus. Kiire tarne\",\"breadcrumb\":{\"@id\":\"https:\\\/\\\/fit360.ee\\\/en\\\/pood\\\/product-groups\\\/protein-poweders-en\\\/vegan-protein-en\\\/kanepiproteiin-hemp-protein-700g\\\/#breadcrumb\"},\"inLanguage\":\"en-US\",\"potentialAction\":[{\"@type\":\"ReadAction\",\"target\":[\"https:\\\/\\\/fit360.ee\\\/en\\\/pood\\\/product-groups\\\/protein-poweders-en\\\/vegan-protein-en\\\/kanepiproteiin-hemp-protein-700g\\\/\"]}]},{\"@type\":\"ImageObject\",\"inLanguage\":\"en-US\",\"@id\":\"https:\\\/\\\/fit360.ee\\\/en\\\/pood\\\/product-groups\\\/protein-poweders-en\\\/vegan-protein-en\\\/kanepiproteiin-hemp-protein-700g\\\/#primaryimage\",\"url\":\"https:\\\/\\\/fit360.ee\\\/wp-content\\\/uploads\\\/2021\\\/04\\\/kanepiproteiin-ostrovit-hemp-protein-fit360.ee-1.png\",\"contentUrl\":\"https:\\\/\\\/fit360.ee\\\/wp-content\\\/uploads\\\/2021\\\/04\\\/kanepiproteiin-ostrovit-hemp-protein-fit360.ee-1.png\",\"width\":800,\"height\":800,\"caption\":\"kanepiproteiin ostrovit hemp protein - fit360.ee\"},{\"@type\":\"BreadcrumbList\",\"@id\":\"https:\\\/\\\/fit360.ee\\\/en\\\/pood\\\/product-groups\\\/protein-poweders-en\\\/vegan-protein-en\\\/kanepiproteiin-hemp-protein-700g\\\/#breadcrumb\",\"itemListElement\":[{\"@type\":\"ListItem\",\"position\":1,\"name\":\"Home\",\"item\":\"https:\\\/\\\/fit360.ee\\\/en\\\/\"},{\"@type\":\"ListItem\",\"position\":2,\"name\":\"Shop\",\"item\":\"https:\\\/\\\/fit360.ee\\\/en\\\/shop\\\/\"},{\"@type\":\"ListItem\",\"position\":3,\"name\":\"Kanepiproteiin &#8211; Hemp Protein (700g)\"}]},{\"@type\":\"WebSite\",\"@id\":\"https:\\\/\\\/fit360.ee\\\/en\\\/#website\",\"url\":\"https:\\\/\\\/fit360.ee\\\/en\\\/\",\"name\":\"Fit360\",\"description\":\"\",\"publisher\":{\"@id\":\"https:\\\/\\\/fit360.ee\\\/en\\\/#organization\"},\"potentialAction\":[{\"@type\":\"SearchAction\",\"target\":{\"@type\":\"EntryPoint\",\"urlTemplate\":\"https:\\\/\\\/fit360.ee\\\/en\\\/?s={search_term_string}\"},\"query-input\":{\"@type\":\"PropertyValueSpecification\",\"valueRequired\":true,\"valueName\":\"search_term_string\"}}],\"inLanguage\":\"en-US\"},{\"@type\":\"Organization\",\"@id\":\"https:\\\/\\\/fit360.ee\\\/en\\\/#organization\",\"name\":\"Fit360\",\"url\":\"https:\\\/\\\/fit360.ee\\\/en\\\/\",\"logo\":{\"@type\":\"ImageObject\",\"inLanguage\":\"en-US\",\"@id\":\"https:\\\/\\\/fit360.ee\\\/en\\\/#\\\/schema\\\/logo\\\/image\\\/\",\"url\":\"https:\\\/\\\/fit360.ee\\\/wp-content\\\/uploads\\\/2017\\\/01\\\/logo-fit360.png\",\"contentUrl\":\"https:\\\/\\\/fit360.ee\\\/wp-content\\\/uploads\\\/2017\\\/01\\\/logo-fit360.png\",\"width\":180,\"height\":66,\"caption\":\"Fit360\"},\"image\":{\"@id\":\"https:\\\/\\\/fit360.ee\\\/en\\\/#\\\/schema\\\/logo\\\/image\\\/\"}}]}<\/script>\n<!-- \/ Yoast SEO plugin. -->","yoast_head_json":{"title":"Kanepiproteiin (700g)- Hemp Protein - Kanepivalk - Kiire Tarne - Fit360","description":"Kanepiproteiin - 100% naturaalne ja puhas. Kanepiproteiin on \u00fcks hinnatumaid taimseid proteiiniallikaid K\u00f5rge kiudaine sisaldus. Kiire tarne","robots":{"index":"index","follow":"follow","max-snippet":"max-snippet:-1","max-image-preview":"max-image-preview:large","max-video-preview":"max-video-preview:-1"},"canonical":"https:\/\/fit360.ee\/en\/pood\/product-groups\/protein-poweders-en\/vegan-protein-en\/kanepiproteiin-hemp-protein-700g\/","og_locale":"en_US","og_type":"article","og_title":"Kanepiproteiin (700g)- Hemp Protein - Kanepivalk - Kiire Tarne - Fit360","og_description":"Kanepiproteiin - 100% naturaalne ja puhas. Kanepiproteiin on \u00fcks hinnatumaid taimseid proteiiniallikaid K\u00f5rge kiudaine sisaldus. Kiire tarne","og_url":"https:\/\/fit360.ee\/en\/pood\/product-groups\/protein-poweders-en\/vegan-protein-en\/kanepiproteiin-hemp-protein-700g\/","og_site_name":"Fit360","article_modified_time":"2026-04-10T13:42:13+00:00","og_image":[{"width":800,"height":800,"url":"https:\/\/fit360.ee\/wp-content\/uploads\/2021\/04\/kanepiproteiin-ostrovit-hemp-protein-fit360.ee-1.png","type":"image\/png"}],"twitter_card":"summary_large_image","twitter_misc":{"Est. reading time":"2 minutes"},"schema":{"@context":"https:\/\/schema.org","@graph":[{"@type":"WebPage","@id":"https:\/\/fit360.ee\/en\/pood\/product-groups\/protein-poweders-en\/vegan-protein-en\/kanepiproteiin-hemp-protein-700g\/","url":"https:\/\/fit360.ee\/en\/pood\/product-groups\/protein-poweders-en\/vegan-protein-en\/kanepiproteiin-hemp-protein-700g\/","name":"Kanepiproteiin (700g)- Hemp Protein - Kanepivalk - Kiire Tarne - Fit360","isPartOf":{"@id":"https:\/\/fit360.ee\/en\/#website"},"primaryImageOfPage":{"@id":"https:\/\/fit360.ee\/en\/pood\/product-groups\/protein-poweders-en\/vegan-protein-en\/kanepiproteiin-hemp-protein-700g\/#primaryimage"},"image":{"@id":"https:\/\/fit360.ee\/en\/pood\/product-groups\/protein-poweders-en\/vegan-protein-en\/kanepiproteiin-hemp-protein-700g\/#primaryimage"},"thumbnailUrl":"https:\/\/fit360.ee\/wp-content\/uploads\/2021\/04\/kanepiproteiin-ostrovit-hemp-protein-fit360.ee-1.png","datePublished":"2021-04-21T12:58:54+00:00","dateModified":"2026-04-10T13:42:13+00:00","description":"Kanepiproteiin - 100% naturaalne ja puhas. Kanepiproteiin on \u00fcks hinnatumaid taimseid proteiiniallikaid K\u00f5rge kiudaine sisaldus. Kiire tarne","breadcrumb":{"@id":"https:\/\/fit360.ee\/en\/pood\/product-groups\/protein-poweders-en\/vegan-protein-en\/kanepiproteiin-hemp-protein-700g\/#breadcrumb"},"inLanguage":"en-US","potentialAction":[{"@type":"ReadAction","target":["https:\/\/fit360.ee\/en\/pood\/product-groups\/protein-poweders-en\/vegan-protein-en\/kanepiproteiin-hemp-protein-700g\/"]}]},{"@type":"ImageObject","inLanguage":"en-US","@id":"https:\/\/fit360.ee\/en\/pood\/product-groups\/protein-poweders-en\/vegan-protein-en\/kanepiproteiin-hemp-protein-700g\/#primaryimage","url":"https:\/\/fit360.ee\/wp-content\/uploads\/2021\/04\/kanepiproteiin-ostrovit-hemp-protein-fit360.ee-1.png","contentUrl":"https:\/\/fit360.ee\/wp-content\/uploads\/2021\/04\/kanepiproteiin-ostrovit-hemp-protein-fit360.ee-1.png","width":800,"height":800,"caption":"kanepiproteiin ostrovit hemp protein - fit360.ee"},{"@type":"BreadcrumbList","@id":"https:\/\/fit360.ee\/en\/pood\/product-groups\/protein-poweders-en\/vegan-protein-en\/kanepiproteiin-hemp-protein-700g\/#breadcrumb","itemListElement":[{"@type":"ListItem","position":1,"name":"Home","item":"https:\/\/fit360.ee\/en\/"},{"@type":"ListItem","position":2,"name":"Shop","item":"https:\/\/fit360.ee\/en\/shop\/"},{"@type":"ListItem","position":3,"name":"Kanepiproteiin &#8211; Hemp Protein (700g)"}]},{"@type":"WebSite","@id":"https:\/\/fit360.ee\/en\/#website","url":"https:\/\/fit360.ee\/en\/","name":"Fit360","description":"","publisher":{"@id":"https:\/\/fit360.ee\/en\/#organization"},"potentialAction":[{"@type":"SearchAction","target":{"@type":"EntryPoint","urlTemplate":"https:\/\/fit360.ee\/en\/?s={search_term_string}"},"query-input":{"@type":"PropertyValueSpecification","valueRequired":true,"valueName":"search_term_string"}}],"inLanguage":"en-US"},{"@type":"Organization","@id":"https:\/\/fit360.ee\/en\/#organization","name":"Fit360","url":"https:\/\/fit360.ee\/en\/","logo":{"@type":"ImageObject","inLanguage":"en-US","@id":"https:\/\/fit360.ee\/en\/#\/schema\/logo\/image\/","url":"https:\/\/fit360.ee\/wp-content\/uploads\/2017\/01\/logo-fit360.png","contentUrl":"https:\/\/fit360.ee\/wp-content\/uploads\/2017\/01\/logo-fit360.png","width":180,"height":66,"caption":"Fit360"},"image":{"@id":"https:\/\/fit360.ee\/en\/#\/schema\/logo\/image\/"}}]}},"_links":{"self":[{"href":"https:\/\/fit360.ee\/en\/wp-json\/wp\/v2\/product\/52227","targetHints":{"allow":["GET"]}}],"collection":[{"href":"https:\/\/fit360.ee\/en\/wp-json\/wp\/v2\/product"}],"about":[{"href":"https:\/\/fit360.ee\/en\/wp-json\/wp\/v2\/types\/product"}],"replies":[{"embeddable":true,"href":"https:\/\/fit360.ee\/en\/wp-json\/wp\/v2\/comments?post=52227"}],"wp:featuredmedia":[{"embeddable":true,"href":"https:\/\/fit360.ee\/en\/wp-json\/wp\/v2\/media\/84405"}],"wp:attachment":[{"href":"https:\/\/fit360.ee\/en\/wp-json\/wp\/v2\/media?parent=52227"}],"wp:term":[{"taxonomy":"product_brand","embeddable":true,"href":"https:\/\/fit360.ee\/en\/wp-json\/wp\/v2\/product_brand?post=52227"},{"taxonomy":"product_cat","embeddable":true,"href":"https:\/\/fit360.ee\/en\/wp-json\/wp\/v2\/product_cat?post=52227"},{"taxonomy":"product_tag","embeddable":true,"href":"https:\/\/fit360.ee\/en\/wp-json\/wp\/v2\/product_tag?post=52227"},{"taxonomy":"giftcard-category","embeddable":true,"href":"https:\/\/fit360.ee\/en\/wp-json\/wp\/v2\/giftcard-category?post=52227"}],"curies":[{"name":"wp","href":"https:\/\/api.w.org\/{rel}","templated":true}]}}