{"id":52551,"date":"2021-05-02T12:10:45","date_gmt":"2021-05-02T10:10:45","guid":{"rendered":"https:\/\/fit360.ee\/?post_type=product&#038;p=52551"},"modified":"2026-04-09T15:27:20","modified_gmt":"2026-04-09T13:27:20","slug":"acetyl-l-carnitine-90caps","status":"publish","type":"product","link":"https:\/\/fit360.ee\/en\/pood\/product-groups\/fat-burners-en\/l-carnitine-en\/acetyl-l-carnitine-90caps\/","title":{"rendered":"Acetyl L-carnitine (90caps)"},"content":{"rendered":"<h1 style=\"text-align: left;\"><strong>Atset\u00fc\u00fcl L-Karnitiin<\/strong><\/h1>\n<ul>\n<li>Stimuleerib ajut\u00f6\u00f6d<\/li>\n<li>Antioks\u00fcdandi valem<\/li>\n<li>Soodustab rasvap\u00f5letust<\/li>\n<li>M\u00f5jub positiivselt lihaskasvule<\/li>\n<li>Dopingu vaba<\/li>\n<\/ul>\n<p>Acetyl L-Carnitine (ALC) ehk Atset\u00fc\u00fcl L-Karnitiin on L-karnitiini atset\u00fc\u00fclitud vorm, mis on t\u00e4htis <a href=\"https:\/\/fit360.ee\/en\/product-category\/product-groups\/fat-burners-en\/\"><strong>rasvap\u00f5letaja<\/strong><\/a>, lisaks m\u00f5jub positiivselt lihaskasvule. See uuenduslik toidulisand aitab kaasa kaalu langetamisel ja rasvap\u00f5letusel.<br \/>\nALC\u00a0 soodustab n\u00e4rvis\u00fcsteemi (eriti aju) ja immuuns\u00fcsteemi tegevust. Lisaks aitab v\u00f5idelda stressiga ning v\u00e4hendab \u00fcletreeningu riski. ALC t\u00f5stab ketoonide ja teiste lipiidide kasutatavust aju poolt\u00a0 mis aitab dieedil olles v\u00e4hendada motivatsioonipuudust ning tujutust, aidates seega paremini dieeti taluda. ALC v\u00e4hendab lisaks ka kolesteroolitaset.<\/p>\n<p><strong>ALC <\/strong>on eriti efektiivne koos<a href=\"https:\/\/fit360.ee\/en\/product-category\/product-groups\/superfoods-health-foods-en\/green-tea-extract-en\/\"><strong> Rohelise tee ekstraktiga <\/strong><\/a>&#8211;\u00a0soovitatav kasutada loomuliku ainevahetuse ja rasvap\u00f5letuse kiirendamiseks, mitte ainult f\u00fc\u00fcsiliselt aktiivsetele inimestel. T\u00e4iendavalt rikastab rohelise tee ekstrakt igap\u00e4evase toidu tugevate antioks\u00fcdantidega ja tagab keha loomuliku\u00a0<em>detox<\/em>i protsessi. Vaata ka toodet, kus need m\u00f5lemad koostisosad on olemas &#8211; <a href=\"https:\/\/fit360.ee\/en\/pood\/product-groups\/superfoods-health-foods-en\/green-tea-extract-en\/acetyl-l-carnitine-green-tea-100caps\/\"><strong>SIIT<\/strong><\/a>!<\/p>\n<p><strong>\u00dches serveeringus (2 kapslit):<\/strong><\/p>\n<ul>\n<li>1000 mg ALC<\/li>\n<\/ul>\n<p><strong>Kellele ALCi soovitatakse?<\/strong><\/p>\n<ul>\n<li>Nii meestele kui naistele<\/li>\n<li>Neile, kes soovivad kaalu alandada<\/li>\n<li>Regulaarsetele igap\u00e4evastele treenijatele<\/li>\n<li>Kofeiinitundlikele inimestele<\/li>\n<\/ul>\n<p><strong>Koostisosad<\/strong>: Atset\u00fc\u00fcl L-karnitiin , \u017eelatiin, vesi (kapsli \u00fcmbris).<\/p>\n<p><strong>Kasutamine<\/strong>: v\u00f5ta 1 kapsel kaks korda p\u00e4evas, soovitavalt enne treeningut.<\/p>\n<p><strong>NB!<\/strong> Toode ei asenda mitmek\u00fclgset toitumist. Hoida lastele k\u00e4ttesaamatus kohas.<\/p>\n<p><strong>Pakendi suurus<\/strong>: 90 kapslit \u2013 45 serveeringut.<\/p>\n<table width=\"432\">\n<tbody>\n<tr>\n<td width=\"168\"><strong>Anal\u00fc\u00fcs<\/strong><\/td>\n<td width=\"132\"><strong>1 kapsel<\/strong><\/td>\n<td width=\"132\"><strong>2 kapslit<\/strong><\/td>\n<\/tr>\n<tr>\n<td width=\"168\">Atset\u00fc\u00fcl L-karnitiin<\/td>\n<td width=\"132\">500mg<\/td>\n<td width=\"132\">1000mg<\/td>\n<\/tr>\n<\/tbody>\n<\/table>\n<p>Vaata ka meie teisi Rasvap\u00f5letajaid <a href=\"https:\/\/fit360.ee\/en\/product-category\/product-groups\/fat-burners-en\/\"><strong>SIIT<\/strong><\/a> v\u00f5i L-Karnitiine <a href=\"https:\/\/fit360.ee\/en\/product-category\/product-groups\/fat-burners-en\/l-carnitine-en\/\"><strong>SIIT<\/strong><\/a>!<\/p>\n<p>Soovid teha suuremat tellimust? Vaata antud toodet meie HULGI lehelt\u00a0<a href=\"https:\/\/toidulisandidhulgi.ee\/product\/atsetuul-l-karnitiin-90caps\/\"><strong>SIIT<\/strong><\/a>!<\/p>\n","protected":false},"excerpt":{"rendered":"<h2><strong>Acetyl L-Carnitine:<\/strong><\/h2>\n<ul>\n<li>Stimuleerib ajut\u00f6\u00f6d<\/li>\n<li>Antioks\u00fcdandi valem<\/li>\n<li>Soodustab rasvap\u00f5letust<\/li>\n<li>M\u00f5jub positiivselt lihaskasvtule<\/li>\n<li>Dopingu vaba<\/li>\n<\/ul>\n<p><strong>Atset\u00fc\u00fcl L-karnitiin<\/strong> on L-karnitiini atset\u00fc\u00fclitud vorm, mis on t\u00e4htis rasvap\u00f5letaja, lisaks m\u00f5jub positiivselt lihaskasvule. See uuenduslik toidulisand aitab kaasa kaalu langetamisel ja rasvap\u00f5letusel.<br \/>\nALC soodustab n\u00e4rvis\u00fcsteemi (eriti aju) ja immuuns\u00fcsteemi tegevust. Lisaks aitab v\u00f5idelda\u00a0stressiga\u00a0ning v\u00e4hendab \u00fcletreeningu riski. ALC t\u00f5stab ketoonide ja teiste lipiidide kasutatavust aju poolt\u00a0 mis aitab dieedil olles v\u00e4hendada motivatsioonipuudust ning tujutust, aidates seega paremini dieeti taluda. ALC v\u00e4hendab lisaks ka kolesteroolitaset.<\/p>\n","protected":false},"featured_media":52555,"comment_status":"open","ping_status":"closed","template":"","meta":[],"product_brand":[],"product_cat":[2485,530,2404,515,2408,1454],"product_tag":[1985,1986,1803],"giftcard-category":[],"class_list":{"0":"post-52551","1":"product","2":"type-product","3":"status-publish","4":"has-post-thumbnail","6":"product_cat-brain-support-nootropics-en","7":"product_cat-fat-burners-en","8":"product_cat-l-carnitine-en","9":"product_cat-real-pharm","10":"product_cat-stimulant-free-fat-burners-en","11":"product_cat-superfoods-health-foods-en","12":"product_tag-acetyl-l-carnitine-en","13":"product_tag-atsetuul-l-karnitiin-en","14":"product_tag-real-pharm-en","15":"pa_toidulisand-branddd-real-pharm","16":"pa_tootegruppp-aju-tegevus-nootropics-en","17":"pa_tootegruppp-l-karnitiin-en","18":"pa_tootegruppp-stimulandivaba-en","19":"pa_tootegruppp-supertoit-tervisetoit-en","20":"pa_tootegruppp-weight-loss","22":"first","23":"instock","24":"sale","25":"taxable","26":"shipping-taxable","27":"purchasable","28":"product-type-simple"},"yoast_head":"<!-- This site is optimized with the Yoast SEO plugin v27.3 - https:\/\/yoast.com\/product\/yoast-seo-wordpress\/ -->\n<title>Acetyl L-carnitine (90caps) - Acetyl L-Carnitine - Kiire tarne - Fit360<\/title>\n<meta name=\"description\" content=\"Atset\u00fc\u00fcl L-Karnitiin soodustab n\u00e4rvis\u00fcsteemi (eriti aju) ja immuuns\u00fcsteemi tegevust. Lisaks on see t\u00f5hus rasvap\u00f5letaja ning leevendab stressi\" \/>\n<meta name=\"robots\" content=\"index, follow, max-snippet:-1, max-image-preview:large, max-video-preview:-1\" \/>\n<link rel=\"canonical\" href=\"https:\/\/fit360.ee\/en\/pood\/product-groups\/fat-burners-en\/l-carnitine-en\/acetyl-l-carnitine-90caps\/\" \/>\n<meta property=\"og:locale\" content=\"en_US\" \/>\n<meta property=\"og:type\" content=\"article\" \/>\n<meta property=\"og:title\" content=\"Acetyl L-carnitine (90caps) - Acetyl L-Carnitine - Kiire tarne - Fit360\" \/>\n<meta property=\"og:description\" content=\"Atset\u00fc\u00fcl L-Karnitiin soodustab n\u00e4rvis\u00fcsteemi (eriti aju) ja immuuns\u00fcsteemi tegevust. Lisaks on see t\u00f5hus rasvap\u00f5letaja ning leevendab stressi\" \/>\n<meta property=\"og:url\" content=\"https:\/\/fit360.ee\/en\/pood\/product-groups\/fat-burners-en\/l-carnitine-en\/acetyl-l-carnitine-90caps\/\" \/>\n<meta property=\"og:site_name\" content=\"Fit360\" \/>\n<meta property=\"article:modified_time\" content=\"2026-04-09T13:27:20+00:00\" \/>\n<meta property=\"og:image\" content=\"https:\/\/fit360.ee\/wp-content\/uploads\/2021\/05\/atsetuul-l-karnitiin-fit360.ee_.png\" \/>\n\t<meta property=\"og:image:width\" content=\"600\" \/>\n\t<meta property=\"og:image:height\" content=\"600\" \/>\n\t<meta property=\"og:image:type\" content=\"image\/png\" \/>\n<meta name=\"twitter:card\" content=\"summary_large_image\" \/>\n<meta name=\"twitter:label1\" content=\"Est. reading time\" \/>\n\t<meta name=\"twitter:data1\" content=\"2 minutes\" \/>\n<script type=\"application\/ld+json\" class=\"yoast-schema-graph\">{\"@context\":\"https:\\\/\\\/schema.org\",\"@graph\":[{\"@type\":\"WebPage\",\"@id\":\"https:\\\/\\\/fit360.ee\\\/en\\\/pood\\\/product-groups\\\/fat-burners-en\\\/l-carnitine-en\\\/acetyl-l-carnitine-90caps\\\/\",\"url\":\"https:\\\/\\\/fit360.ee\\\/en\\\/pood\\\/product-groups\\\/fat-burners-en\\\/l-carnitine-en\\\/acetyl-l-carnitine-90caps\\\/\",\"name\":\"Acetyl L-carnitine (90caps) - Acetyl L-Carnitine - Kiire tarne - Fit360\",\"isPartOf\":{\"@id\":\"https:\\\/\\\/fit360.ee\\\/en\\\/#website\"},\"primaryImageOfPage\":{\"@id\":\"https:\\\/\\\/fit360.ee\\\/en\\\/pood\\\/product-groups\\\/fat-burners-en\\\/l-carnitine-en\\\/acetyl-l-carnitine-90caps\\\/#primaryimage\"},\"image\":{\"@id\":\"https:\\\/\\\/fit360.ee\\\/en\\\/pood\\\/product-groups\\\/fat-burners-en\\\/l-carnitine-en\\\/acetyl-l-carnitine-90caps\\\/#primaryimage\"},\"thumbnailUrl\":\"https:\\\/\\\/fit360.ee\\\/wp-content\\\/uploads\\\/2021\\\/05\\\/atsetuul-l-karnitiin-fit360.ee_.png\",\"datePublished\":\"2021-05-02T10:10:45+00:00\",\"dateModified\":\"2026-04-09T13:27:20+00:00\",\"description\":\"Atset\u00fc\u00fcl L-Karnitiin soodustab n\u00e4rvis\u00fcsteemi (eriti aju) ja immuuns\u00fcsteemi tegevust. Lisaks on see t\u00f5hus rasvap\u00f5letaja ning leevendab stressi\",\"breadcrumb\":{\"@id\":\"https:\\\/\\\/fit360.ee\\\/en\\\/pood\\\/product-groups\\\/fat-burners-en\\\/l-carnitine-en\\\/acetyl-l-carnitine-90caps\\\/#breadcrumb\"},\"inLanguage\":\"en-US\",\"potentialAction\":[{\"@type\":\"ReadAction\",\"target\":[\"https:\\\/\\\/fit360.ee\\\/en\\\/pood\\\/product-groups\\\/fat-burners-en\\\/l-carnitine-en\\\/acetyl-l-carnitine-90caps\\\/\"]}]},{\"@type\":\"ImageObject\",\"inLanguage\":\"en-US\",\"@id\":\"https:\\\/\\\/fit360.ee\\\/en\\\/pood\\\/product-groups\\\/fat-burners-en\\\/l-carnitine-en\\\/acetyl-l-carnitine-90caps\\\/#primaryimage\",\"url\":\"https:\\\/\\\/fit360.ee\\\/wp-content\\\/uploads\\\/2021\\\/05\\\/atsetuul-l-karnitiin-fit360.ee_.png\",\"contentUrl\":\"https:\\\/\\\/fit360.ee\\\/wp-content\\\/uploads\\\/2021\\\/05\\\/atsetuul-l-karnitiin-fit360.ee_.png\",\"width\":600,\"height\":600,\"caption\":\"atset\u00fc\u00fcl l-karnitiin - fit360.ee\"},{\"@type\":\"BreadcrumbList\",\"@id\":\"https:\\\/\\\/fit360.ee\\\/en\\\/pood\\\/product-groups\\\/fat-burners-en\\\/l-carnitine-en\\\/acetyl-l-carnitine-90caps\\\/#breadcrumb\",\"itemListElement\":[{\"@type\":\"ListItem\",\"position\":1,\"name\":\"Home\",\"item\":\"https:\\\/\\\/fit360.ee\\\/en\\\/\"},{\"@type\":\"ListItem\",\"position\":2,\"name\":\"Shop\",\"item\":\"https:\\\/\\\/fit360.ee\\\/en\\\/shop\\\/\"},{\"@type\":\"ListItem\",\"position\":3,\"name\":\"Acetyl L-carnitine (90caps)\"}]},{\"@type\":\"WebSite\",\"@id\":\"https:\\\/\\\/fit360.ee\\\/en\\\/#website\",\"url\":\"https:\\\/\\\/fit360.ee\\\/en\\\/\",\"name\":\"Fit360\",\"description\":\"\",\"publisher\":{\"@id\":\"https:\\\/\\\/fit360.ee\\\/en\\\/#organization\"},\"potentialAction\":[{\"@type\":\"SearchAction\",\"target\":{\"@type\":\"EntryPoint\",\"urlTemplate\":\"https:\\\/\\\/fit360.ee\\\/en\\\/?s={search_term_string}\"},\"query-input\":{\"@type\":\"PropertyValueSpecification\",\"valueRequired\":true,\"valueName\":\"search_term_string\"}}],\"inLanguage\":\"en-US\"},{\"@type\":\"Organization\",\"@id\":\"https:\\\/\\\/fit360.ee\\\/en\\\/#organization\",\"name\":\"Fit360\",\"url\":\"https:\\\/\\\/fit360.ee\\\/en\\\/\",\"logo\":{\"@type\":\"ImageObject\",\"inLanguage\":\"en-US\",\"@id\":\"https:\\\/\\\/fit360.ee\\\/en\\\/#\\\/schema\\\/logo\\\/image\\\/\",\"url\":\"https:\\\/\\\/fit360.ee\\\/wp-content\\\/uploads\\\/2017\\\/01\\\/logo-fit360.png\",\"contentUrl\":\"https:\\\/\\\/fit360.ee\\\/wp-content\\\/uploads\\\/2017\\\/01\\\/logo-fit360.png\",\"width\":180,\"height\":66,\"caption\":\"Fit360\"},\"image\":{\"@id\":\"https:\\\/\\\/fit360.ee\\\/en\\\/#\\\/schema\\\/logo\\\/image\\\/\"}}]}<\/script>\n<!-- \/ Yoast SEO plugin. -->","yoast_head_json":{"title":"Acetyl L-carnitine (90caps) - Acetyl L-Carnitine - Kiire tarne - Fit360","description":"Atset\u00fc\u00fcl L-Karnitiin soodustab n\u00e4rvis\u00fcsteemi (eriti aju) ja immuuns\u00fcsteemi tegevust. Lisaks on see t\u00f5hus rasvap\u00f5letaja ning leevendab stressi","robots":{"index":"index","follow":"follow","max-snippet":"max-snippet:-1","max-image-preview":"max-image-preview:large","max-video-preview":"max-video-preview:-1"},"canonical":"https:\/\/fit360.ee\/en\/pood\/product-groups\/fat-burners-en\/l-carnitine-en\/acetyl-l-carnitine-90caps\/","og_locale":"en_US","og_type":"article","og_title":"Acetyl L-carnitine (90caps) - Acetyl L-Carnitine - Kiire tarne - Fit360","og_description":"Atset\u00fc\u00fcl L-Karnitiin soodustab n\u00e4rvis\u00fcsteemi (eriti aju) ja immuuns\u00fcsteemi tegevust. Lisaks on see t\u00f5hus rasvap\u00f5letaja ning leevendab stressi","og_url":"https:\/\/fit360.ee\/en\/pood\/product-groups\/fat-burners-en\/l-carnitine-en\/acetyl-l-carnitine-90caps\/","og_site_name":"Fit360","article_modified_time":"2026-04-09T13:27:20+00:00","og_image":[{"width":600,"height":600,"url":"https:\/\/fit360.ee\/wp-content\/uploads\/2021\/05\/atsetuul-l-karnitiin-fit360.ee_.png","type":"image\/png"}],"twitter_card":"summary_large_image","twitter_misc":{"Est. reading time":"2 minutes"},"schema":{"@context":"https:\/\/schema.org","@graph":[{"@type":"WebPage","@id":"https:\/\/fit360.ee\/en\/pood\/product-groups\/fat-burners-en\/l-carnitine-en\/acetyl-l-carnitine-90caps\/","url":"https:\/\/fit360.ee\/en\/pood\/product-groups\/fat-burners-en\/l-carnitine-en\/acetyl-l-carnitine-90caps\/","name":"Acetyl L-carnitine (90caps) - Acetyl L-Carnitine - Kiire tarne - Fit360","isPartOf":{"@id":"https:\/\/fit360.ee\/en\/#website"},"primaryImageOfPage":{"@id":"https:\/\/fit360.ee\/en\/pood\/product-groups\/fat-burners-en\/l-carnitine-en\/acetyl-l-carnitine-90caps\/#primaryimage"},"image":{"@id":"https:\/\/fit360.ee\/en\/pood\/product-groups\/fat-burners-en\/l-carnitine-en\/acetyl-l-carnitine-90caps\/#primaryimage"},"thumbnailUrl":"https:\/\/fit360.ee\/wp-content\/uploads\/2021\/05\/atsetuul-l-karnitiin-fit360.ee_.png","datePublished":"2021-05-02T10:10:45+00:00","dateModified":"2026-04-09T13:27:20+00:00","description":"Atset\u00fc\u00fcl L-Karnitiin soodustab n\u00e4rvis\u00fcsteemi (eriti aju) ja immuuns\u00fcsteemi tegevust. Lisaks on see t\u00f5hus rasvap\u00f5letaja ning leevendab stressi","breadcrumb":{"@id":"https:\/\/fit360.ee\/en\/pood\/product-groups\/fat-burners-en\/l-carnitine-en\/acetyl-l-carnitine-90caps\/#breadcrumb"},"inLanguage":"en-US","potentialAction":[{"@type":"ReadAction","target":["https:\/\/fit360.ee\/en\/pood\/product-groups\/fat-burners-en\/l-carnitine-en\/acetyl-l-carnitine-90caps\/"]}]},{"@type":"ImageObject","inLanguage":"en-US","@id":"https:\/\/fit360.ee\/en\/pood\/product-groups\/fat-burners-en\/l-carnitine-en\/acetyl-l-carnitine-90caps\/#primaryimage","url":"https:\/\/fit360.ee\/wp-content\/uploads\/2021\/05\/atsetuul-l-karnitiin-fit360.ee_.png","contentUrl":"https:\/\/fit360.ee\/wp-content\/uploads\/2021\/05\/atsetuul-l-karnitiin-fit360.ee_.png","width":600,"height":600,"caption":"atset\u00fc\u00fcl l-karnitiin - fit360.ee"},{"@type":"BreadcrumbList","@id":"https:\/\/fit360.ee\/en\/pood\/product-groups\/fat-burners-en\/l-carnitine-en\/acetyl-l-carnitine-90caps\/#breadcrumb","itemListElement":[{"@type":"ListItem","position":1,"name":"Home","item":"https:\/\/fit360.ee\/en\/"},{"@type":"ListItem","position":2,"name":"Shop","item":"https:\/\/fit360.ee\/en\/shop\/"},{"@type":"ListItem","position":3,"name":"Acetyl L-carnitine (90caps)"}]},{"@type":"WebSite","@id":"https:\/\/fit360.ee\/en\/#website","url":"https:\/\/fit360.ee\/en\/","name":"Fit360","description":"","publisher":{"@id":"https:\/\/fit360.ee\/en\/#organization"},"potentialAction":[{"@type":"SearchAction","target":{"@type":"EntryPoint","urlTemplate":"https:\/\/fit360.ee\/en\/?s={search_term_string}"},"query-input":{"@type":"PropertyValueSpecification","valueRequired":true,"valueName":"search_term_string"}}],"inLanguage":"en-US"},{"@type":"Organization","@id":"https:\/\/fit360.ee\/en\/#organization","name":"Fit360","url":"https:\/\/fit360.ee\/en\/","logo":{"@type":"ImageObject","inLanguage":"en-US","@id":"https:\/\/fit360.ee\/en\/#\/schema\/logo\/image\/","url":"https:\/\/fit360.ee\/wp-content\/uploads\/2017\/01\/logo-fit360.png","contentUrl":"https:\/\/fit360.ee\/wp-content\/uploads\/2017\/01\/logo-fit360.png","width":180,"height":66,"caption":"Fit360"},"image":{"@id":"https:\/\/fit360.ee\/en\/#\/schema\/logo\/image\/"}}]}},"_links":{"self":[{"href":"https:\/\/fit360.ee\/en\/wp-json\/wp\/v2\/product\/52551","targetHints":{"allow":["GET"]}}],"collection":[{"href":"https:\/\/fit360.ee\/en\/wp-json\/wp\/v2\/product"}],"about":[{"href":"https:\/\/fit360.ee\/en\/wp-json\/wp\/v2\/types\/product"}],"replies":[{"embeddable":true,"href":"https:\/\/fit360.ee\/en\/wp-json\/wp\/v2\/comments?post=52551"}],"wp:featuredmedia":[{"embeddable":true,"href":"https:\/\/fit360.ee\/en\/wp-json\/wp\/v2\/media\/52555"}],"wp:attachment":[{"href":"https:\/\/fit360.ee\/en\/wp-json\/wp\/v2\/media?parent=52551"}],"wp:term":[{"taxonomy":"product_brand","embeddable":true,"href":"https:\/\/fit360.ee\/en\/wp-json\/wp\/v2\/product_brand?post=52551"},{"taxonomy":"product_cat","embeddable":true,"href":"https:\/\/fit360.ee\/en\/wp-json\/wp\/v2\/product_cat?post=52551"},{"taxonomy":"product_tag","embeddable":true,"href":"https:\/\/fit360.ee\/en\/wp-json\/wp\/v2\/product_tag?post=52551"},{"taxonomy":"giftcard-category","embeddable":true,"href":"https:\/\/fit360.ee\/en\/wp-json\/wp\/v2\/giftcard-category?post=52551"}],"curies":[{"name":"wp","href":"https:\/\/api.w.org\/{rel}","templated":true}]}}