{"id":52563,"date":"2021-05-02T13:00:27","date_gmt":"2021-05-02T11:00:27","guid":{"rendered":"https:\/\/fit360.ee\/?post_type=product&#038;p=52563"},"modified":"2025-08-13T07:35:20","modified_gmt":"2025-08-13T05:35:20","slug":"konjugeeritud-linoolhape-cla-90caps","status":"publish","type":"product","link":"https:\/\/fit360.ee\/en\/pood\/product-groups\/superfoods-health-foods-en\/cla-conjugated-linoleic-acid-en\/konjugeeritud-linoolhape-cla-90caps\/","title":{"rendered":"Konjugeeritud linoolhape &#8211; CLA (90 gelcaps)"},"content":{"rendered":"<h1>Konjugeeritud linoolhape ehk CLA<\/h1>\n<p><strong>Konjugeeritud linoolhape<\/strong> ehk CLA\u00a0 &#8211; toidulisand kaalulangetajatele ja treenivatele inimestele. Toeta tervislikku kehakaalu kontsentreeritud linoolhappe preparaadiga! Kui seda tarvitada paralleelselt tervisliku toitumise ja treeningprogrammiga, v\u00f5ib see aidata alandada keha rasvaprotsenti ning luua trimmis ja sportilikuma v\u00e4limuse. Kontsentreeritud linoolhape on saadud looduslikust v\u00e4rvohaka\u00f5list, mis on Omega-6 rasvhapete allikas. Aitab kaasa ka immuuns\u00fcsteemi tervise s\u00e4ilitamisele ning \u00fcle\u00fcldisele paremale enesetundele.<\/p>\n<p><strong>Konjugeeritud linoolhapet<\/strong>\u00a0on 28 erinevat vormi. Nende vormide erinevus seisneb selles, et nende kaksiksidemed on paigutatud mitmel viisil.\u00a0<a href=\"https:\/\/fit360.ee\/en\/pood\/product-groups\/superfoods-health-foods-en\/cla-conjugated-linoleic-acid-en\/cla-100geelkapslit\/\"><strong>CLA<\/strong><\/a>\u00a0on p\u00f5hiliselt pol\u00fck\u00fcllastumata\u00a0<a href=\"https:\/\/fit360.ee\/en\/product-category\/product-groups\/essential-fats-en\/omega-3-6-9-en\/\">Omega-6<\/a>-rasvhapete t\u00fc\u00fcp. Teisis\u00f5nu, see on tehniliselt transrasv, kuid loomulik transrasv, mis esineb paljudes tervislikes toitudes. Seda on leitud taimsetes \u00f5lides, piimatooteedetes ja rohuga toidetud lihas, n\u00e4iteks veiselihas. Katsed on n\u00e4idanud, et sellel on toidulisandil on m\u00f5ju keharasva kaotamisele, suurenenud lihasmassile ja immuuns\u00fcsteemile.<\/p>\n<p>CLA kohta tehtud uuringud on kinnitanud j\u00e4rgmist: aitab kasvatada lihaseid, toimib\u00a0<a href=\"https:\/\/fit360.ee\/en\/product-category\/product-groups\/fat-burners-en\/\"><strong>rasvap\u00f5letajana<\/strong><\/a>\u00a0ning loob optimaalse rakukeskkonna, mis on hea tervise eelduseks.<\/p>\n<p>\u00dcks enim uuritud\u00a0<a href=\"https:\/\/fit360.ee\/en\/pood\/product-groups\/superfoods-health-foods-en\/cla-conjugated-linoleic-acid-en\/cla-100geelkapslit\/\"><strong>CLA<\/strong><\/a>\u00a0eeliseid on selle potentsiaal toimida rasvap\u00f5letajana. Kuigi loomkatsetes v\u00f5ib olla t\u00f5endeid selle kohta, et CLA parandab rasva kadu, ei ole seda nii palju testitud inimeste peal. \u00dclevaates, milles v\u00f5rreldi erinevaid CLA-toidulisandite strateegiaid, j\u00f5uti j\u00e4reldusele, et 3g v\u00f5ib p\u00f5hjustada m\u00f5\u00f5duka kehakaalu languse, kusjuures kaalukaotus aeglustub 6 kuu p\u00e4rast.<\/p>\n<p><strong>Koostisosad<\/strong>: konjugeeritud linoolhape (CLA), \u017eelatiin (kapsli \u00fcmbris), niisutaja &#8211; gl\u00fctserool, vesi.<\/p>\n<p><strong>Kasutamine<\/strong>: 1 kapsel \u00fcks kord p\u00e4evas koos veega. \u00c4ra \u00fcleta soovitatud kogust.\u00a0<strong>NB!<\/strong>\u00a0Toidulisandid ei asenda mitmek\u00fclgset toitumist. Hoida lastele k\u00e4ttesaamatus kohas. Toode on m\u00f5eldud tervetele t\u00e4iskasvanud inimestele.\u00a0 Mitte soovitatud lastele ja imetavatele emadele. Mitmek\u00fclgne toitumine ja terve elustiil on oluline. M\u00f5\u00f5telusikas on pakendis olemas.<\/p>\n<p><strong>Suurus<\/strong>: 90 geelkapslit<\/p>\n<table>\n<tbody>\n<tr>\n<td width=\"220\"><strong>Anal\u00fc\u00fcs<\/strong><\/td>\n<td width=\"206\"><strong>1 kapsel<\/strong><\/td>\n<\/tr>\n<tr>\n<td width=\"220\"><strong>CLA &#8211; <\/strong>konjugeeritud linoolhape<\/td>\n<td width=\"206\">800mg<\/td>\n<\/tr>\n<\/tbody>\n<\/table>\n<p>Vaata ka teisi Rasvap\u00f5letajaid <a href=\"https:\/\/fit360.ee\/en\/product-category\/product-groups\/fat-burners-en\/\"><strong>SIIT<\/strong><\/a>!<\/p>\n<p>Soovid teha suuremat tellimust? Vaata antud toodet meie HULGI lehelt\u00a0<a href=\"https:\/\/toidulisandidhulgi.ee\/product\/konjugeeritud-linoolhape-cla-90caps\/\"><strong>SIIT<\/strong><\/a>!<\/p>\n","protected":false},"excerpt":{"rendered":"<h2><strong>CLA<\/strong>:<\/h2>\n<ul>\n<li>Aitab s\u00e4ilitada lihasmassi<\/li>\n<li>T\u00f5hus rasvap\u00f5letaja<\/li>\n<li>V\u00f5ib v\u00f5tta aastaringselt ilma puhkeperioodideta<\/li>\n<\/ul>\n<p><strong>CLA<\/strong> ehk Konjugeeritud linoolhape &#8211; toidulisand kaalulangetajatele ja treenivatele inimestele. Toeta tervislikku kehakaalu kontsentreeritud linoolhappe preparaadiga! Kui seda tarvitada paralleelselt tervisliku toitumise ja treeningprogrammiga, v\u00f5ib see aidata alandada keha rasvaprotsenti ning luua trimmis ja sportilikuma v\u00e4limuse. Kontsentreeritud linoolhape on saadud looduslikust v\u00e4rvohaka\u00f5list, mis on Omega-6 rasvhapete allikas. Aitab kaasa ka immuuns\u00fcsteemi tervise s\u00e4ilitamisele ning \u00fcle\u00fcldisele paremale enesetundele.<\/p>\n","protected":false},"featured_media":52569,"comment_status":"open","ping_status":"closed","template":"","meta":[],"product_brand":[],"product_cat":[2367,525,530,515,1454],"product_tag":[2102,2103,1803],"giftcard-category":[],"class_list":{"0":"post-52563","1":"product","2":"type-product","3":"status-publish","4":"has-post-thumbnail","6":"product_cat-cla-conjugated-linoleic-acid-en","7":"product_cat-essential-fats-en","8":"product_cat-fat-burners-en","9":"product_cat-real-pharm","10":"product_cat-superfoods-health-foods-en","11":"product_tag-cla-en","12":"product_tag-konjugeeritud-linoolhape-en","13":"product_tag-real-pharm-en","14":"pa_toidulisand-branddd-real-pharm","15":"pa_tootegruppp-cla-konjugeeritud-linoolhape-en","16":"pa_tootegruppp-supertoit-tervisetoit-en","17":"pa_tootegruppp-useful-fatty-acids","18":"pa_tootegruppp-weight-loss","20":"first","21":"instock","22":"sale","23":"taxable","24":"shipping-taxable","25":"purchasable","26":"product-type-simple"},"yoast_head":"<!-- This site is optimized with the Yoast SEO plugin v27.3 - https:\/\/yoast.com\/product\/yoast-seo-wordpress\/ -->\n<title>Konjugeeritud Linoolhape (90caps) - CLA - Omega 6 - Kiire Tarne - Fit360<\/title>\n<meta name=\"description\" content=\"Konjugeeritud Linoolhape ehk CLA on looduslik koostisosa.. CLA aitab p\u00f5letada rasva ning s\u00e4ilitada lihasmassi. Kiire Tarne!\" \/>\n<meta name=\"robots\" content=\"index, follow, max-snippet:-1, max-image-preview:large, max-video-preview:-1\" \/>\n<link rel=\"canonical\" href=\"https:\/\/fit360.ee\/en\/pood\/product-groups\/superfoods-health-foods-en\/cla-conjugated-linoleic-acid-en\/konjugeeritud-linoolhape-cla-90caps\/\" \/>\n<meta property=\"og:locale\" content=\"en_US\" \/>\n<meta property=\"og:type\" content=\"article\" \/>\n<meta property=\"og:title\" content=\"Konjugeeritud Linoolhape (90caps) - CLA - Omega 6 - Kiire Tarne - Fit360\" \/>\n<meta property=\"og:description\" content=\"Konjugeeritud Linoolhape ehk CLA on looduslik koostisosa.. CLA aitab p\u00f5letada rasva ning s\u00e4ilitada lihasmassi. Kiire Tarne!\" \/>\n<meta property=\"og:url\" content=\"https:\/\/fit360.ee\/en\/pood\/product-groups\/superfoods-health-foods-en\/cla-conjugated-linoleic-acid-en\/konjugeeritud-linoolhape-cla-90caps\/\" \/>\n<meta property=\"og:site_name\" content=\"Fit360\" \/>\n<meta property=\"article:modified_time\" content=\"2025-08-13T05:35:20+00:00\" \/>\n<meta property=\"og:image\" content=\"https:\/\/fit360.ee\/wp-content\/uploads\/2021\/05\/konjugeeritud-linoolhape-CLA-fit360.ee_.png\" \/>\n\t<meta property=\"og:image:width\" content=\"800\" \/>\n\t<meta property=\"og:image:height\" content=\"800\" \/>\n\t<meta property=\"og:image:type\" content=\"image\/png\" \/>\n<meta name=\"twitter:card\" content=\"summary_large_image\" \/>\n<meta name=\"twitter:label1\" content=\"Est. reading time\" \/>\n\t<meta name=\"twitter:data1\" content=\"2 minutes\" \/>\n<script type=\"application\/ld+json\" class=\"yoast-schema-graph\">{\"@context\":\"https:\\\/\\\/schema.org\",\"@graph\":[{\"@type\":\"WebPage\",\"@id\":\"https:\\\/\\\/fit360.ee\\\/en\\\/pood\\\/product-groups\\\/superfoods-health-foods-en\\\/cla-conjugated-linoleic-acid-en\\\/konjugeeritud-linoolhape-cla-90caps\\\/\",\"url\":\"https:\\\/\\\/fit360.ee\\\/en\\\/pood\\\/product-groups\\\/superfoods-health-foods-en\\\/cla-conjugated-linoleic-acid-en\\\/konjugeeritud-linoolhape-cla-90caps\\\/\",\"name\":\"Konjugeeritud Linoolhape (90caps) - CLA - Omega 6 - Kiire Tarne - Fit360\",\"isPartOf\":{\"@id\":\"https:\\\/\\\/fit360.ee\\\/en\\\/#website\"},\"primaryImageOfPage\":{\"@id\":\"https:\\\/\\\/fit360.ee\\\/en\\\/pood\\\/product-groups\\\/superfoods-health-foods-en\\\/cla-conjugated-linoleic-acid-en\\\/konjugeeritud-linoolhape-cla-90caps\\\/#primaryimage\"},\"image\":{\"@id\":\"https:\\\/\\\/fit360.ee\\\/en\\\/pood\\\/product-groups\\\/superfoods-health-foods-en\\\/cla-conjugated-linoleic-acid-en\\\/konjugeeritud-linoolhape-cla-90caps\\\/#primaryimage\"},\"thumbnailUrl\":\"https:\\\/\\\/fit360.ee\\\/wp-content\\\/uploads\\\/2021\\\/05\\\/konjugeeritud-linoolhape-CLA-fit360.ee_.png\",\"datePublished\":\"2021-05-02T11:00:27+00:00\",\"dateModified\":\"2025-08-13T05:35:20+00:00\",\"description\":\"Konjugeeritud Linoolhape ehk CLA on looduslik koostisosa.. CLA aitab p\u00f5letada rasva ning s\u00e4ilitada lihasmassi. Kiire Tarne!\",\"breadcrumb\":{\"@id\":\"https:\\\/\\\/fit360.ee\\\/en\\\/pood\\\/product-groups\\\/superfoods-health-foods-en\\\/cla-conjugated-linoleic-acid-en\\\/konjugeeritud-linoolhape-cla-90caps\\\/#breadcrumb\"},\"inLanguage\":\"en-US\",\"potentialAction\":[{\"@type\":\"ReadAction\",\"target\":[\"https:\\\/\\\/fit360.ee\\\/en\\\/pood\\\/product-groups\\\/superfoods-health-foods-en\\\/cla-conjugated-linoleic-acid-en\\\/konjugeeritud-linoolhape-cla-90caps\\\/\"]}]},{\"@type\":\"ImageObject\",\"inLanguage\":\"en-US\",\"@id\":\"https:\\\/\\\/fit360.ee\\\/en\\\/pood\\\/product-groups\\\/superfoods-health-foods-en\\\/cla-conjugated-linoleic-acid-en\\\/konjugeeritud-linoolhape-cla-90caps\\\/#primaryimage\",\"url\":\"https:\\\/\\\/fit360.ee\\\/wp-content\\\/uploads\\\/2021\\\/05\\\/konjugeeritud-linoolhape-CLA-fit360.ee_.png\",\"contentUrl\":\"https:\\\/\\\/fit360.ee\\\/wp-content\\\/uploads\\\/2021\\\/05\\\/konjugeeritud-linoolhape-CLA-fit360.ee_.png\",\"width\":800,\"height\":800,\"caption\":\"konjugeeritud linoolhape CLA - fit360.ee\"},{\"@type\":\"BreadcrumbList\",\"@id\":\"https:\\\/\\\/fit360.ee\\\/en\\\/pood\\\/product-groups\\\/superfoods-health-foods-en\\\/cla-conjugated-linoleic-acid-en\\\/konjugeeritud-linoolhape-cla-90caps\\\/#breadcrumb\",\"itemListElement\":[{\"@type\":\"ListItem\",\"position\":1,\"name\":\"Home\",\"item\":\"https:\\\/\\\/fit360.ee\\\/en\\\/\"},{\"@type\":\"ListItem\",\"position\":2,\"name\":\"Shop\",\"item\":\"https:\\\/\\\/fit360.ee\\\/en\\\/shop\\\/\"},{\"@type\":\"ListItem\",\"position\":3,\"name\":\"Konjugeeritud linoolhape &#8211; CLA (90 gelcaps)\"}]},{\"@type\":\"WebSite\",\"@id\":\"https:\\\/\\\/fit360.ee\\\/en\\\/#website\",\"url\":\"https:\\\/\\\/fit360.ee\\\/en\\\/\",\"name\":\"Fit360\",\"description\":\"\",\"publisher\":{\"@id\":\"https:\\\/\\\/fit360.ee\\\/en\\\/#organization\"},\"potentialAction\":[{\"@type\":\"SearchAction\",\"target\":{\"@type\":\"EntryPoint\",\"urlTemplate\":\"https:\\\/\\\/fit360.ee\\\/en\\\/?s={search_term_string}\"},\"query-input\":{\"@type\":\"PropertyValueSpecification\",\"valueRequired\":true,\"valueName\":\"search_term_string\"}}],\"inLanguage\":\"en-US\"},{\"@type\":\"Organization\",\"@id\":\"https:\\\/\\\/fit360.ee\\\/en\\\/#organization\",\"name\":\"Fit360\",\"url\":\"https:\\\/\\\/fit360.ee\\\/en\\\/\",\"logo\":{\"@type\":\"ImageObject\",\"inLanguage\":\"en-US\",\"@id\":\"https:\\\/\\\/fit360.ee\\\/en\\\/#\\\/schema\\\/logo\\\/image\\\/\",\"url\":\"https:\\\/\\\/fit360.ee\\\/wp-content\\\/uploads\\\/2017\\\/01\\\/logo-fit360.png\",\"contentUrl\":\"https:\\\/\\\/fit360.ee\\\/wp-content\\\/uploads\\\/2017\\\/01\\\/logo-fit360.png\",\"width\":180,\"height\":66,\"caption\":\"Fit360\"},\"image\":{\"@id\":\"https:\\\/\\\/fit360.ee\\\/en\\\/#\\\/schema\\\/logo\\\/image\\\/\"}}]}<\/script>\n<!-- \/ Yoast SEO plugin. -->","yoast_head_json":{"title":"Konjugeeritud Linoolhape (90caps) - CLA - Omega 6 - Kiire Tarne - Fit360","description":"Konjugeeritud Linoolhape ehk CLA on looduslik koostisosa.. CLA aitab p\u00f5letada rasva ning s\u00e4ilitada lihasmassi. Kiire Tarne!","robots":{"index":"index","follow":"follow","max-snippet":"max-snippet:-1","max-image-preview":"max-image-preview:large","max-video-preview":"max-video-preview:-1"},"canonical":"https:\/\/fit360.ee\/en\/pood\/product-groups\/superfoods-health-foods-en\/cla-conjugated-linoleic-acid-en\/konjugeeritud-linoolhape-cla-90caps\/","og_locale":"en_US","og_type":"article","og_title":"Konjugeeritud Linoolhape (90caps) - CLA - Omega 6 - Kiire Tarne - Fit360","og_description":"Konjugeeritud Linoolhape ehk CLA on looduslik koostisosa.. CLA aitab p\u00f5letada rasva ning s\u00e4ilitada lihasmassi. Kiire Tarne!","og_url":"https:\/\/fit360.ee\/en\/pood\/product-groups\/superfoods-health-foods-en\/cla-conjugated-linoleic-acid-en\/konjugeeritud-linoolhape-cla-90caps\/","og_site_name":"Fit360","article_modified_time":"2025-08-13T05:35:20+00:00","og_image":[{"width":800,"height":800,"url":"https:\/\/fit360.ee\/wp-content\/uploads\/2021\/05\/konjugeeritud-linoolhape-CLA-fit360.ee_.png","type":"image\/png"}],"twitter_card":"summary_large_image","twitter_misc":{"Est. reading time":"2 minutes"},"schema":{"@context":"https:\/\/schema.org","@graph":[{"@type":"WebPage","@id":"https:\/\/fit360.ee\/en\/pood\/product-groups\/superfoods-health-foods-en\/cla-conjugated-linoleic-acid-en\/konjugeeritud-linoolhape-cla-90caps\/","url":"https:\/\/fit360.ee\/en\/pood\/product-groups\/superfoods-health-foods-en\/cla-conjugated-linoleic-acid-en\/konjugeeritud-linoolhape-cla-90caps\/","name":"Konjugeeritud Linoolhape (90caps) - CLA - Omega 6 - Kiire Tarne - Fit360","isPartOf":{"@id":"https:\/\/fit360.ee\/en\/#website"},"primaryImageOfPage":{"@id":"https:\/\/fit360.ee\/en\/pood\/product-groups\/superfoods-health-foods-en\/cla-conjugated-linoleic-acid-en\/konjugeeritud-linoolhape-cla-90caps\/#primaryimage"},"image":{"@id":"https:\/\/fit360.ee\/en\/pood\/product-groups\/superfoods-health-foods-en\/cla-conjugated-linoleic-acid-en\/konjugeeritud-linoolhape-cla-90caps\/#primaryimage"},"thumbnailUrl":"https:\/\/fit360.ee\/wp-content\/uploads\/2021\/05\/konjugeeritud-linoolhape-CLA-fit360.ee_.png","datePublished":"2021-05-02T11:00:27+00:00","dateModified":"2025-08-13T05:35:20+00:00","description":"Konjugeeritud Linoolhape ehk CLA on looduslik koostisosa.. CLA aitab p\u00f5letada rasva ning s\u00e4ilitada lihasmassi. Kiire Tarne!","breadcrumb":{"@id":"https:\/\/fit360.ee\/en\/pood\/product-groups\/superfoods-health-foods-en\/cla-conjugated-linoleic-acid-en\/konjugeeritud-linoolhape-cla-90caps\/#breadcrumb"},"inLanguage":"en-US","potentialAction":[{"@type":"ReadAction","target":["https:\/\/fit360.ee\/en\/pood\/product-groups\/superfoods-health-foods-en\/cla-conjugated-linoleic-acid-en\/konjugeeritud-linoolhape-cla-90caps\/"]}]},{"@type":"ImageObject","inLanguage":"en-US","@id":"https:\/\/fit360.ee\/en\/pood\/product-groups\/superfoods-health-foods-en\/cla-conjugated-linoleic-acid-en\/konjugeeritud-linoolhape-cla-90caps\/#primaryimage","url":"https:\/\/fit360.ee\/wp-content\/uploads\/2021\/05\/konjugeeritud-linoolhape-CLA-fit360.ee_.png","contentUrl":"https:\/\/fit360.ee\/wp-content\/uploads\/2021\/05\/konjugeeritud-linoolhape-CLA-fit360.ee_.png","width":800,"height":800,"caption":"konjugeeritud linoolhape CLA - fit360.ee"},{"@type":"BreadcrumbList","@id":"https:\/\/fit360.ee\/en\/pood\/product-groups\/superfoods-health-foods-en\/cla-conjugated-linoleic-acid-en\/konjugeeritud-linoolhape-cla-90caps\/#breadcrumb","itemListElement":[{"@type":"ListItem","position":1,"name":"Home","item":"https:\/\/fit360.ee\/en\/"},{"@type":"ListItem","position":2,"name":"Shop","item":"https:\/\/fit360.ee\/en\/shop\/"},{"@type":"ListItem","position":3,"name":"Konjugeeritud linoolhape &#8211; CLA (90 gelcaps)"}]},{"@type":"WebSite","@id":"https:\/\/fit360.ee\/en\/#website","url":"https:\/\/fit360.ee\/en\/","name":"Fit360","description":"","publisher":{"@id":"https:\/\/fit360.ee\/en\/#organization"},"potentialAction":[{"@type":"SearchAction","target":{"@type":"EntryPoint","urlTemplate":"https:\/\/fit360.ee\/en\/?s={search_term_string}"},"query-input":{"@type":"PropertyValueSpecification","valueRequired":true,"valueName":"search_term_string"}}],"inLanguage":"en-US"},{"@type":"Organization","@id":"https:\/\/fit360.ee\/en\/#organization","name":"Fit360","url":"https:\/\/fit360.ee\/en\/","logo":{"@type":"ImageObject","inLanguage":"en-US","@id":"https:\/\/fit360.ee\/en\/#\/schema\/logo\/image\/","url":"https:\/\/fit360.ee\/wp-content\/uploads\/2017\/01\/logo-fit360.png","contentUrl":"https:\/\/fit360.ee\/wp-content\/uploads\/2017\/01\/logo-fit360.png","width":180,"height":66,"caption":"Fit360"},"image":{"@id":"https:\/\/fit360.ee\/en\/#\/schema\/logo\/image\/"}}]}},"_links":{"self":[{"href":"https:\/\/fit360.ee\/en\/wp-json\/wp\/v2\/product\/52563","targetHints":{"allow":["GET"]}}],"collection":[{"href":"https:\/\/fit360.ee\/en\/wp-json\/wp\/v2\/product"}],"about":[{"href":"https:\/\/fit360.ee\/en\/wp-json\/wp\/v2\/types\/product"}],"replies":[{"embeddable":true,"href":"https:\/\/fit360.ee\/en\/wp-json\/wp\/v2\/comments?post=52563"}],"wp:featuredmedia":[{"embeddable":true,"href":"https:\/\/fit360.ee\/en\/wp-json\/wp\/v2\/media\/52569"}],"wp:attachment":[{"href":"https:\/\/fit360.ee\/en\/wp-json\/wp\/v2\/media?parent=52563"}],"wp:term":[{"taxonomy":"product_brand","embeddable":true,"href":"https:\/\/fit360.ee\/en\/wp-json\/wp\/v2\/product_brand?post=52563"},{"taxonomy":"product_cat","embeddable":true,"href":"https:\/\/fit360.ee\/en\/wp-json\/wp\/v2\/product_cat?post=52563"},{"taxonomy":"product_tag","embeddable":true,"href":"https:\/\/fit360.ee\/en\/wp-json\/wp\/v2\/product_tag?post=52563"},{"taxonomy":"giftcard-category","embeddable":true,"href":"https:\/\/fit360.ee\/en\/wp-json\/wp\/v2\/giftcard-category?post=52563"}],"curies":[{"name":"wp","href":"https:\/\/api.w.org\/{rel}","templated":true}]}}