{"id":52757,"date":"2021-05-11T19:20:49","date_gmt":"2021-05-11T17:20:49","guid":{"rendered":"https:\/\/fit360.ee\/?post_type=product&#038;p=52757"},"modified":"2025-08-13T07:36:44","modified_gmt":"2025-08-13T05:36:44","slug":"ashwagandha-ksm66-60vcaps","status":"publish","type":"product","link":"https:\/\/fit360.ee\/en\/pood\/product-groups\/superfoods-health-foods-en\/ashwagandha-en\/ashwagandha-ksm66-60vcaps\/","title":{"rendered":"Ultimate Ashwagandha KSM66\u00ae (60 vCaps)"},"content":{"rendered":"<h1>Ashwagandha KSM66<\/h1>\n<p>Ashwagandha KSM66 \u00ae kapslid on patenteeritud kaubam\u00e4rk. Ashwagandha KSM-66 on Ixoreal Biomedi valmistatud ashwagandha ekstrakt, mis loodi protsessi k\u00e4igus, mille v\u00e4ljat\u00f6\u00f6tamiseks ja t\u00e4iustamiseks kulus 14 aastat teadus- ja arendustegevust. Ashwagandha KSM66 \u00ae kapslid p\u00e4rinevad Ashwagandha <em>Withania Somnfiera<\/em> juurest. Teaduslikud uurimused on leidnud just seda, et juurest p\u00e4rineb k\u00f5ige puhtam ja t\u00f5husam Ashwagandha.<\/p>\n<p><a href=\"https:\/\/fit360.ee\/en\/pood\/product-groups\/superfoods-health-foods-en\/ashwagandha-en\/proactive-ashwagandha-120tabs\/\"><strong>Ashwagandha<\/strong><\/a>, rahvap\u00e4rase nimetusega uimastav juustukirss, on tuntud peamiselt kui stressileevendaja ning on arvatud adaptogeenide ehk keha tasakaalu viijate hulka. Ent erinevalt\u00a0<strong>Hiina \u017een-\u017eenni<\/strong>\u00a0stimuleerivast toimest on ashwagandha uinutava ja rahustava toimega. See taim on \u00fcks v\u00e4heseid rahustavaid adaptogeene, mida on traditsiooniliselt kasutatud \u00e4revuse, halbade unen\u00e4gude, kerge obsessiiv-kompulsiivse h\u00e4ire, unetuse ja n\u00e4rvis\u00fcsteemi t\u00f6\u00f6 parandamiseks. Ladina keeles t\u00e4hendabki ashwaganda otset\u00f5lkes kui \u00abunetekitaja\u00bb, kuid taime nimi ashwagandha tuleneb siiski sanskriti keelest ja see on kombinatsioon s\u00f5nadest \u00abashva\u00bb, mis t\u00e4hendab hobust ning \u00abgandha\u00bb, mis t\u00e4hendab l\u00f5hna. Selle taime juurel on tugev aroom, mida on kirjeldatud kui hobusele omast.<\/p>\n<p><strong>Ashvagandha kasulikud omadused:<\/strong><\/p>\n<p>\u2022 \u00e4revuse, uneh\u00e4irete (unetuse), stressi puhul<br \/>\n\u2022 liigesep\u00f5letike, seljavalu, lihasreuma puhul<br \/>\n\u2022 kilpn\u00e4\u00e4rme talitlush\u00e4irete korral<br \/>\n\u2022 k\u00fclmetushaiguste, tuberkuloosi, astma ja bronhiidi puhul<br \/>\n\u2022 menstruaalvalude korral<\/p>\n<p><strong>Lisaks arvatakse, et Ashwagandha kapslid<\/strong>:<\/p>\n<p>\u2022 stabiliseerib veresuhkrut<br \/>\n\u2022 alandab kolesteroolitaset<br \/>\n\u2022 t\u00f5stab vastupidavust<br \/>\n\u2022 suurendab keskendumisv\u00f5imet<br \/>\n\u2022 pidurdab vananemist<br \/>\n\u2022 tugevdab suguiha ja suurendab viljakust<br \/>\n\u2022 stimuleerib kurnatud neerupealiseid<\/p>\n<p><strong>Teised Koostisosad<\/strong>: h\u00fcpromelloos (taimetoidukapslid), riisikliid, r\u00e4nidioksiid, magneesiumstearaat<\/p>\n<p><strong>Kasutamine<\/strong>: V\u00f5ta 1 kapsel, 2 korda p\u00e4evas koos veega.<\/p>\n<p><strong>Suurus<\/strong>: 60 <a href=\"https:\/\/fit360.ee\/en\/product-category\/product-groups\/vegan-en\/vegan-capsules-en\/\"><strong>Vegan kapslit<\/strong><\/a> &#8211; 60 serveeringut<\/p>\n<table>\n<tbody>\n<tr>\n<td width=\"205\"><strong>Toimeained<\/strong><\/td>\n<td width=\"205\"><strong>1 kapsel<\/strong><\/td>\n<td width=\"205\"><strong>2 kapslit<\/strong><\/td>\n<\/tr>\n<tr>\n<td width=\"205\">Ashwagandha KSM-66 (<em>withania somnifera<\/em>)<\/td>\n<td width=\"205\">250mg<\/td>\n<td width=\"205\">500mg<\/td>\n<\/tr>\n<\/tbody>\n<\/table>\n<p>Vaata ka teisi Ashwagandha tooteid <a href=\"https:\/\/fit360.ee\/en\/product-category\/product-groups\/superfoods-health-foods-en\/ashwagandha-en\/\"><strong>SIIT<\/strong><\/a>!<\/p>\n<p>Soovid teha suuremat tellimust? Vaata antud toodet meie HULGI lehelt\u00a0<a href=\"https:\/\/toidulisandidhulgi.ee\/product\/ashwagandha-ksm66-60vcaps\/\"><strong>SIIT<\/strong><\/a>!<\/p>\n","protected":false},"excerpt":{"rendered":"<h2><strong>Ashwagandha kapslid<\/strong>:<\/h2>\n<ul>\n<li>V\u00e4ga hea antioks\u00fcdant<\/li>\n<li>Rahustab n\u00e4rvis\u00fcsteemi<\/li>\n<li>Annab j\u00f5udu ja energiat<\/li>\n<li>On valu-, paistetuse-, p\u00f5letiku- ja stressivastase toimega<\/li>\n<li>Stimuleerib immuuns\u00fcsteemi<\/li>\n<li>Parandab heaolutunnet<\/li>\n<li>Aitab f\u00fc\u00fcsilise v\u00e4simuse korral<\/li>\n<\/ul>\n<p><strong>Ashwagandha KSM66\u00ae<\/strong> kapslid on patenteeritud kaubam\u00e4rk. Ashwagandha KSM-66 on Ixoreal Biomedi valmistatud ashwagandha ekstrakt, mis loodi protsessi k\u00e4igus, mille v\u00e4ljat\u00f6\u00f6tamiseks ja t\u00e4iustamiseks kulus 14 aastat teadus- ja arendustegevust. Ashwagandha KSM66 \u00ae kapslid p\u00e4rinevad Ashwagandha <em>Withania Somnfiera<\/em> juurest. Teaduslikud uurimused on leidnud just seda, et juurest p\u00e4rineb k\u00f5ige puhtam ja t\u00f5husam Ashwagandha.<\/p>\n","protected":false},"featured_media":52761,"comment_status":"closed","ping_status":"closed","template":"","meta":[],"product_brand":[],"product_cat":[2347,1454,1651,532,2664,536,1201],"product_tag":[2182,2653,2847,1848],"giftcard-category":[],"class_list":{"0":"post-52757","1":"product","2":"type-product","3":"status-publish","4":"has-post-thumbnail","6":"product_cat-ashwagandha-en","7":"product_cat-superfoods-health-foods-en","8":"product_cat-swanson-en","9":"product_cat-testosterone-boosters-en","10":"product_cat-vegan-capsules-en","11":"product_cat-vitamins-and-minerals-en","12":"product_cat-1201","13":"product_tag-ashwagandha-en","14":"product_tag-ashwagandha-kapslid-en","15":"product_tag-ashwagandha-ksm66-en","16":"product_tag-swanson-en","17":"pa_toidulisand-branddd-swanson","18":"pa_tootegruppp-ashwagandha-en","19":"pa_tootegruppp-supertoit-tervisetoit-en","20":"pa_tootegruppp-testosterone-enhancers","21":"pa_tootegruppp-vcaps-vegan-kapslid-en","22":"pa_tootegruppp-vegan-en","23":"pa_tootegruppp-vitamins-and-minerals","25":"first","26":"outofstock","27":"sale","28":"taxable","29":"shipping-taxable","30":"purchasable","31":"product-type-simple"},"yoast_head":"<!-- This site is optimized with the Yoast SEO plugin v27.3 - https:\/\/yoast.com\/product\/yoast-seo-wordpress\/ -->\n<title>Ashwagandha KSM66 (60 Vcaps) - Ashwagandha kapslid - Kiire tarne<\/title>\n<meta name=\"description\" content=\"Ashwagandha KSM66 \u00ae kapslid p\u00e4rinevad Ashwagandha Withania Somnfiera juurest. Just sealt p\u00e4rineb k\u00f5ige puhtam ja t\u00f5husam Ashwagandha.\" \/>\n<meta name=\"robots\" content=\"index, follow, max-snippet:-1, max-image-preview:large, max-video-preview:-1\" \/>\n<link rel=\"canonical\" href=\"https:\/\/fit360.ee\/en\/pood\/product-groups\/superfoods-health-foods-en\/ashwagandha-en\/ashwagandha-ksm66-60vcaps\/\" \/>\n<meta property=\"og:locale\" content=\"en_US\" \/>\n<meta property=\"og:type\" content=\"article\" \/>\n<meta property=\"og:title\" content=\"Ashwagandha KSM66 (60 Vcaps) - Ashwagandha kapslid - Kiire tarne\" \/>\n<meta property=\"og:description\" content=\"Ashwagandha KSM66 \u00ae kapslid p\u00e4rinevad Ashwagandha Withania Somnfiera juurest. Just sealt p\u00e4rineb k\u00f5ige puhtam ja t\u00f5husam Ashwagandha.\" \/>\n<meta property=\"og:url\" content=\"https:\/\/fit360.ee\/en\/pood\/product-groups\/superfoods-health-foods-en\/ashwagandha-en\/ashwagandha-ksm66-60vcaps\/\" \/>\n<meta property=\"og:site_name\" content=\"Fit360\" \/>\n<meta property=\"article:modified_time\" content=\"2025-08-13T05:36:44+00:00\" \/>\n<meta property=\"og:image\" content=\"https:\/\/fit360.ee\/wp-content\/uploads\/2021\/05\/ultimate-ashwagandha-ksm66-fit360.ee_.jpg\" \/>\n\t<meta property=\"og:image:width\" content=\"650\" \/>\n\t<meta property=\"og:image:height\" content=\"650\" \/>\n\t<meta property=\"og:image:type\" content=\"image\/jpeg\" \/>\n<meta name=\"twitter:card\" content=\"summary_large_image\" \/>\n<meta name=\"twitter:label1\" content=\"Est. reading time\" \/>\n\t<meta name=\"twitter:data1\" content=\"1 minute\" \/>\n<script type=\"application\/ld+json\" class=\"yoast-schema-graph\">{\"@context\":\"https:\\\/\\\/schema.org\",\"@graph\":[{\"@type\":\"WebPage\",\"@id\":\"https:\\\/\\\/fit360.ee\\\/en\\\/pood\\\/product-groups\\\/superfoods-health-foods-en\\\/ashwagandha-en\\\/ashwagandha-ksm66-60vcaps\\\/\",\"url\":\"https:\\\/\\\/fit360.ee\\\/en\\\/pood\\\/product-groups\\\/superfoods-health-foods-en\\\/ashwagandha-en\\\/ashwagandha-ksm66-60vcaps\\\/\",\"name\":\"Ashwagandha KSM66 (60 Vcaps) - Ashwagandha kapslid - Kiire tarne\",\"isPartOf\":{\"@id\":\"https:\\\/\\\/fit360.ee\\\/en\\\/#website\"},\"primaryImageOfPage\":{\"@id\":\"https:\\\/\\\/fit360.ee\\\/en\\\/pood\\\/product-groups\\\/superfoods-health-foods-en\\\/ashwagandha-en\\\/ashwagandha-ksm66-60vcaps\\\/#primaryimage\"},\"image\":{\"@id\":\"https:\\\/\\\/fit360.ee\\\/en\\\/pood\\\/product-groups\\\/superfoods-health-foods-en\\\/ashwagandha-en\\\/ashwagandha-ksm66-60vcaps\\\/#primaryimage\"},\"thumbnailUrl\":\"https:\\\/\\\/fit360.ee\\\/wp-content\\\/uploads\\\/2021\\\/05\\\/ultimate-ashwagandha-ksm66-fit360.ee_.jpg\",\"datePublished\":\"2021-05-11T17:20:49+00:00\",\"dateModified\":\"2025-08-13T05:36:44+00:00\",\"description\":\"Ashwagandha KSM66 \u00ae kapslid p\u00e4rinevad Ashwagandha Withania Somnfiera juurest. Just sealt p\u00e4rineb k\u00f5ige puhtam ja t\u00f5husam Ashwagandha.\",\"breadcrumb\":{\"@id\":\"https:\\\/\\\/fit360.ee\\\/en\\\/pood\\\/product-groups\\\/superfoods-health-foods-en\\\/ashwagandha-en\\\/ashwagandha-ksm66-60vcaps\\\/#breadcrumb\"},\"inLanguage\":\"en-US\",\"potentialAction\":[{\"@type\":\"ReadAction\",\"target\":[\"https:\\\/\\\/fit360.ee\\\/en\\\/pood\\\/product-groups\\\/superfoods-health-foods-en\\\/ashwagandha-en\\\/ashwagandha-ksm66-60vcaps\\\/\"]}]},{\"@type\":\"ImageObject\",\"inLanguage\":\"en-US\",\"@id\":\"https:\\\/\\\/fit360.ee\\\/en\\\/pood\\\/product-groups\\\/superfoods-health-foods-en\\\/ashwagandha-en\\\/ashwagandha-ksm66-60vcaps\\\/#primaryimage\",\"url\":\"https:\\\/\\\/fit360.ee\\\/wp-content\\\/uploads\\\/2021\\\/05\\\/ultimate-ashwagandha-ksm66-fit360.ee_.jpg\",\"contentUrl\":\"https:\\\/\\\/fit360.ee\\\/wp-content\\\/uploads\\\/2021\\\/05\\\/ultimate-ashwagandha-ksm66-fit360.ee_.jpg\",\"width\":650,\"height\":650,\"caption\":\"ultimate ashwagandha ksm66 - fit360.ee\"},{\"@type\":\"BreadcrumbList\",\"@id\":\"https:\\\/\\\/fit360.ee\\\/en\\\/pood\\\/product-groups\\\/superfoods-health-foods-en\\\/ashwagandha-en\\\/ashwagandha-ksm66-60vcaps\\\/#breadcrumb\",\"itemListElement\":[{\"@type\":\"ListItem\",\"position\":1,\"name\":\"Home\",\"item\":\"https:\\\/\\\/fit360.ee\\\/en\\\/\"},{\"@type\":\"ListItem\",\"position\":2,\"name\":\"Shop\",\"item\":\"https:\\\/\\\/fit360.ee\\\/en\\\/shop\\\/\"},{\"@type\":\"ListItem\",\"position\":3,\"name\":\"Ultimate Ashwagandha KSM66\u00ae (60 vCaps)\"}]},{\"@type\":\"WebSite\",\"@id\":\"https:\\\/\\\/fit360.ee\\\/en\\\/#website\",\"url\":\"https:\\\/\\\/fit360.ee\\\/en\\\/\",\"name\":\"Fit360\",\"description\":\"\",\"publisher\":{\"@id\":\"https:\\\/\\\/fit360.ee\\\/en\\\/#organization\"},\"potentialAction\":[{\"@type\":\"SearchAction\",\"target\":{\"@type\":\"EntryPoint\",\"urlTemplate\":\"https:\\\/\\\/fit360.ee\\\/en\\\/?s={search_term_string}\"},\"query-input\":{\"@type\":\"PropertyValueSpecification\",\"valueRequired\":true,\"valueName\":\"search_term_string\"}}],\"inLanguage\":\"en-US\"},{\"@type\":\"Organization\",\"@id\":\"https:\\\/\\\/fit360.ee\\\/en\\\/#organization\",\"name\":\"Fit360\",\"url\":\"https:\\\/\\\/fit360.ee\\\/en\\\/\",\"logo\":{\"@type\":\"ImageObject\",\"inLanguage\":\"en-US\",\"@id\":\"https:\\\/\\\/fit360.ee\\\/en\\\/#\\\/schema\\\/logo\\\/image\\\/\",\"url\":\"https:\\\/\\\/fit360.ee\\\/wp-content\\\/uploads\\\/2017\\\/01\\\/logo-fit360.png\",\"contentUrl\":\"https:\\\/\\\/fit360.ee\\\/wp-content\\\/uploads\\\/2017\\\/01\\\/logo-fit360.png\",\"width\":180,\"height\":66,\"caption\":\"Fit360\"},\"image\":{\"@id\":\"https:\\\/\\\/fit360.ee\\\/en\\\/#\\\/schema\\\/logo\\\/image\\\/\"}}]}<\/script>\n<!-- \/ Yoast SEO plugin. -->","yoast_head_json":{"title":"Ashwagandha KSM66 (60 Vcaps) - Ashwagandha kapslid - Kiire tarne","description":"Ashwagandha KSM66 \u00ae kapslid p\u00e4rinevad Ashwagandha Withania Somnfiera juurest. Just sealt p\u00e4rineb k\u00f5ige puhtam ja t\u00f5husam Ashwagandha.","robots":{"index":"index","follow":"follow","max-snippet":"max-snippet:-1","max-image-preview":"max-image-preview:large","max-video-preview":"max-video-preview:-1"},"canonical":"https:\/\/fit360.ee\/en\/pood\/product-groups\/superfoods-health-foods-en\/ashwagandha-en\/ashwagandha-ksm66-60vcaps\/","og_locale":"en_US","og_type":"article","og_title":"Ashwagandha KSM66 (60 Vcaps) - Ashwagandha kapslid - Kiire tarne","og_description":"Ashwagandha KSM66 \u00ae kapslid p\u00e4rinevad Ashwagandha Withania Somnfiera juurest. Just sealt p\u00e4rineb k\u00f5ige puhtam ja t\u00f5husam Ashwagandha.","og_url":"https:\/\/fit360.ee\/en\/pood\/product-groups\/superfoods-health-foods-en\/ashwagandha-en\/ashwagandha-ksm66-60vcaps\/","og_site_name":"Fit360","article_modified_time":"2025-08-13T05:36:44+00:00","og_image":[{"width":650,"height":650,"url":"https:\/\/fit360.ee\/wp-content\/uploads\/2021\/05\/ultimate-ashwagandha-ksm66-fit360.ee_.jpg","type":"image\/jpeg"}],"twitter_card":"summary_large_image","twitter_misc":{"Est. reading time":"1 minute"},"schema":{"@context":"https:\/\/schema.org","@graph":[{"@type":"WebPage","@id":"https:\/\/fit360.ee\/en\/pood\/product-groups\/superfoods-health-foods-en\/ashwagandha-en\/ashwagandha-ksm66-60vcaps\/","url":"https:\/\/fit360.ee\/en\/pood\/product-groups\/superfoods-health-foods-en\/ashwagandha-en\/ashwagandha-ksm66-60vcaps\/","name":"Ashwagandha KSM66 (60 Vcaps) - Ashwagandha kapslid - Kiire tarne","isPartOf":{"@id":"https:\/\/fit360.ee\/en\/#website"},"primaryImageOfPage":{"@id":"https:\/\/fit360.ee\/en\/pood\/product-groups\/superfoods-health-foods-en\/ashwagandha-en\/ashwagandha-ksm66-60vcaps\/#primaryimage"},"image":{"@id":"https:\/\/fit360.ee\/en\/pood\/product-groups\/superfoods-health-foods-en\/ashwagandha-en\/ashwagandha-ksm66-60vcaps\/#primaryimage"},"thumbnailUrl":"https:\/\/fit360.ee\/wp-content\/uploads\/2021\/05\/ultimate-ashwagandha-ksm66-fit360.ee_.jpg","datePublished":"2021-05-11T17:20:49+00:00","dateModified":"2025-08-13T05:36:44+00:00","description":"Ashwagandha KSM66 \u00ae kapslid p\u00e4rinevad Ashwagandha Withania Somnfiera juurest. Just sealt p\u00e4rineb k\u00f5ige puhtam ja t\u00f5husam Ashwagandha.","breadcrumb":{"@id":"https:\/\/fit360.ee\/en\/pood\/product-groups\/superfoods-health-foods-en\/ashwagandha-en\/ashwagandha-ksm66-60vcaps\/#breadcrumb"},"inLanguage":"en-US","potentialAction":[{"@type":"ReadAction","target":["https:\/\/fit360.ee\/en\/pood\/product-groups\/superfoods-health-foods-en\/ashwagandha-en\/ashwagandha-ksm66-60vcaps\/"]}]},{"@type":"ImageObject","inLanguage":"en-US","@id":"https:\/\/fit360.ee\/en\/pood\/product-groups\/superfoods-health-foods-en\/ashwagandha-en\/ashwagandha-ksm66-60vcaps\/#primaryimage","url":"https:\/\/fit360.ee\/wp-content\/uploads\/2021\/05\/ultimate-ashwagandha-ksm66-fit360.ee_.jpg","contentUrl":"https:\/\/fit360.ee\/wp-content\/uploads\/2021\/05\/ultimate-ashwagandha-ksm66-fit360.ee_.jpg","width":650,"height":650,"caption":"ultimate ashwagandha ksm66 - fit360.ee"},{"@type":"BreadcrumbList","@id":"https:\/\/fit360.ee\/en\/pood\/product-groups\/superfoods-health-foods-en\/ashwagandha-en\/ashwagandha-ksm66-60vcaps\/#breadcrumb","itemListElement":[{"@type":"ListItem","position":1,"name":"Home","item":"https:\/\/fit360.ee\/en\/"},{"@type":"ListItem","position":2,"name":"Shop","item":"https:\/\/fit360.ee\/en\/shop\/"},{"@type":"ListItem","position":3,"name":"Ultimate Ashwagandha KSM66\u00ae (60 vCaps)"}]},{"@type":"WebSite","@id":"https:\/\/fit360.ee\/en\/#website","url":"https:\/\/fit360.ee\/en\/","name":"Fit360","description":"","publisher":{"@id":"https:\/\/fit360.ee\/en\/#organization"},"potentialAction":[{"@type":"SearchAction","target":{"@type":"EntryPoint","urlTemplate":"https:\/\/fit360.ee\/en\/?s={search_term_string}"},"query-input":{"@type":"PropertyValueSpecification","valueRequired":true,"valueName":"search_term_string"}}],"inLanguage":"en-US"},{"@type":"Organization","@id":"https:\/\/fit360.ee\/en\/#organization","name":"Fit360","url":"https:\/\/fit360.ee\/en\/","logo":{"@type":"ImageObject","inLanguage":"en-US","@id":"https:\/\/fit360.ee\/en\/#\/schema\/logo\/image\/","url":"https:\/\/fit360.ee\/wp-content\/uploads\/2017\/01\/logo-fit360.png","contentUrl":"https:\/\/fit360.ee\/wp-content\/uploads\/2017\/01\/logo-fit360.png","width":180,"height":66,"caption":"Fit360"},"image":{"@id":"https:\/\/fit360.ee\/en\/#\/schema\/logo\/image\/"}}]}},"_links":{"self":[{"href":"https:\/\/fit360.ee\/en\/wp-json\/wp\/v2\/product\/52757","targetHints":{"allow":["GET"]}}],"collection":[{"href":"https:\/\/fit360.ee\/en\/wp-json\/wp\/v2\/product"}],"about":[{"href":"https:\/\/fit360.ee\/en\/wp-json\/wp\/v2\/types\/product"}],"replies":[{"embeddable":true,"href":"https:\/\/fit360.ee\/en\/wp-json\/wp\/v2\/comments?post=52757"}],"wp:featuredmedia":[{"embeddable":true,"href":"https:\/\/fit360.ee\/en\/wp-json\/wp\/v2\/media\/52761"}],"wp:attachment":[{"href":"https:\/\/fit360.ee\/en\/wp-json\/wp\/v2\/media?parent=52757"}],"wp:term":[{"taxonomy":"product_brand","embeddable":true,"href":"https:\/\/fit360.ee\/en\/wp-json\/wp\/v2\/product_brand?post=52757"},{"taxonomy":"product_cat","embeddable":true,"href":"https:\/\/fit360.ee\/en\/wp-json\/wp\/v2\/product_cat?post=52757"},{"taxonomy":"product_tag","embeddable":true,"href":"https:\/\/fit360.ee\/en\/wp-json\/wp\/v2\/product_tag?post=52757"},{"taxonomy":"giftcard-category","embeddable":true,"href":"https:\/\/fit360.ee\/en\/wp-json\/wp\/v2\/giftcard-category?post=52757"}],"curies":[{"name":"wp","href":"https:\/\/api.w.org\/{rel}","templated":true}]}}