{"id":52920,"date":"2021-05-19T19:08:45","date_gmt":"2021-05-19T17:08:45","guid":{"rendered":"https:\/\/fit360.ee\/pood\/uncategorized\/devils-claw-100caps\/"},"modified":"2025-08-13T07:37:18","modified_gmt":"2025-08-13T05:37:18","slug":"devils-claw-100caps","status":"publish","type":"product","link":"https:\/\/fit360.ee\/en\/pood\/product-groups\/%d0%b2%d0%b5%d0%b3%d0%b0%d0%bd\/vegan-capsules-en\/devils-claw-100caps\/","title":{"rendered":"Devils Claw (100caps)"},"content":{"rendered":"<h2><strong>DEVILS CLAW<\/strong><\/h2>\n<p><strong>Devils Claw<\/strong> ehk <strong>Kuradi-s\u00f5rmk\u00e4pp<\/strong> ehk <strong>kuradik\u00e4pp<\/strong> ehk <strong>haarataim\u00a0<\/strong>on k\u00e4paliste\u00a0sugukonda\u00a0s\u00f5rmk\u00e4pa\u00a0perekonda kuuluv\u00a0rohttaim. Devils claw on 20\u201350 cm pikkune tugeva varrega\u00a0orhidee. Lehed on kuni 15 cm pikad ja kuni 3 cm laiad tumelillade \u00fcmarate laikudega lehe pealmisel poolel. Lehed on alusel m\u00e4rgatavalt ahenenud, alt hallikasrohelised. \u00d5itseb juunis-juulis. \u00d5ied on suhteliselt suured, v\u00e4rvuselt lillad kuni roosad, harva valged, koondunud koonusjasse\u00a0\u00f5isikusse varre tipus. Huule h\u00f5lmad on allapoole suunatud, keskmine h\u00f5lm on v\u00e4ike ja kolmnurgakujuline.<sup id=\"cite_ref-:0_1-0\" class=\"reference\"><\/sup><\/p>\n<p><strong>Aafrika kuradik\u00fc\u00fcnt<\/strong> ei tohi segi ajada Euroopas esineva musta kuradik\u00e4ppaga (Phyteuma). See on dekoratiivtaim, mis kasvab peamiselt Alpides ja on populaarne kiviktaimla taimena. See taim kuulub sinilille perekonda.<\/p>\n<p><strong>Devils claw<\/strong> on eriti kuulus oma tervenduskunsti poolest. Paljudel juhtudel kasutatakse seda meditsiinis. Selle tervendava j\u00f5u hindamiseks uuris seda 1978. aastal asutatud endise f\u00f6deraalse tervishoiuameti &#8220;Commission E&#8221; taimsete ravimite ekspertkomisjon. Sest inimeste kogemuste ja teaduslike t\u00f5endite vahel on suur l\u00f5he. Tervendav toime on t\u00f5estatud:<\/p>\n<ul>\n<li>Seedeh\u00e4irete puhul<\/li>\n<li>S\u00f6\u00f6giisu kaotuse puhul<\/li>\n<li>L\u00fclisamba nimmeosa valu puhul<\/li>\n<li>lihas-skeleti s\u00fcsteemi degeneratiivsed haiguste puhul<\/li>\n<\/ul>\n<p><strong>V\u00e4idetavalt on Devils Claw veelgi t\u00f5husam. Nii ka<\/strong>:<\/p>\n<ul>\n<li>Valu s\u00fcnnitusel<\/li>\n<li>Liigesevalu Mobbers-Crohni patsientidel<\/li>\n<li>reuma<\/li>\n<li>artriit<\/li>\n<li>Pankrease ebamugavustunne<\/li>\n<li>Pingepeavalu<\/li>\n<li>Neuralgia<\/li>\n<li>Sapiteede ebamugavustunne<\/li>\n<li>Seedeh\u00e4ired<\/li>\n<li>K\u00f5\u00f5lusep\u00f5letik<\/li>\n<li>krooniline seljavalu<\/li>\n<li>Herniated kettad (valu leevendamine)<\/li>\n<li>Haavandid, haavandid ja keeb<\/li>\n<li>podagra<\/li>\n<li>Nimmepiirkonna ishias<\/li>\n<li>Lumbago<\/li>\n<li>Fibrom\u00fcalgia<\/li>\n<li>neuralgia<\/li>\n<li>ja palju muud<\/li>\n<\/ul>\n<p><strong>Kuradik\u00e4pp t\u00f6\u00f6tab<\/strong>:<\/p>\n<ul>\n<li>p\u00f5letikuvastane<\/li>\n<li>\u00f5hetus<\/li>\n<li>stimuleerib vereringet<\/li>\n<li>stimuleerib ainevahetust<\/li>\n<li>valuvaigistit<\/li>\n<\/ul>\n<h4><strong>Kuradik\u00e4pp<\/strong><\/h4>\n<p>Aafrika meditsiinis on kuradik\u00e4ppa\u00a0 kasutatud pikka aega. Nende tervendav j\u00f5ud on juurtes, eriti k\u00fclgmistes juurtes. See sisaldab m\u00f5ru aineid (vt koostisosi), mis p\u00f5hjustavad efekti. Purustatud ja kuivatatud koostisosi pakutakse tee, salvi v\u00f5i kapslite ja tablettidena.<\/p>\n<p>Kuradi k\u00fc\u00fcnise juurest teed valmistades peab infusioon seitsme kuni kaheksa tunni jooksul j\u00e4rsku laskma. Koostisosad vajavad juurest v\u00e4ljav\u00f5tmiseks kannatlikkust. Enne joomist tuleks pruul uuesti \u00fcles soojendada.<\/p>\n<p>Kuid Aafrika kuradik\u00fc\u00fcsi ei kasutata ainult ravimtaimena, seda kasutatakse k\u00f6\u00f6gis ka v\u00fcrtsina. Siin ei t\u00f6\u00f6delda mitte ainult juuri, vaid aitavad ka lehed. M\u00f5lemad maitsevad v\u00e4ga kibedalt. M\u00f5ru v\u00e4\u00e4rtus j\u00e4\u00e4b vahemikku 6000\u201310 000. See on v\u00f5rreldav koirohuga keelel &#8211; Aafrika kuradik\u00fc\u00fcnis on poole kibedam.<\/p>\n<p><strong>Koostisosad<\/strong>: viirpuujuure ekstrakt (harpagophy-tum procumbens L.), millest harpagosiid 2,5%, kapsli koostisained: h\u00fcpromelloos, v\u00e4rvaine: kollane raudoksiid, must raudoksiid, lakksinine V.<\/p>\n<p><strong>Kasutamine<\/strong>: V\u00f5ta 1 kapsel kaks korda p\u00e4evas koos veega.<\/p>\n<p><strong><b>NB! Toode ei asenda mitmek\u00fclgset toitumist. Hoida lastele k\u00e4ttesaamatus kohas.<\/b><\/strong><\/p>\n<p><strong>Suurus<\/strong>: 100 kapslit &#8211; 50\/100 serveeringut<\/p>\n<table>\n<tbody>\n<tr>\n<td width=\"228\"><strong>Aktiivne toimeaine<\/strong><\/td>\n<td width=\"214\"><strong>1 kapsel<\/strong><\/td>\n<td width=\"196\"><strong>2 kapslit<\/strong><\/td>\n<\/tr>\n<tr>\n<td width=\"228\">Devils Claw juure ekstrakt<\/td>\n<td width=\"214\">500mg<\/td>\n<td width=\"196\">1000mg<\/td>\n<\/tr>\n<tr>\n<td width=\"228\"><em>millest<\/em> harpagosiidid<\/td>\n<td width=\"214\">12,5mg<\/td>\n<td width=\"196\">25mg<\/td>\n<\/tr>\n<\/tbody>\n<\/table>\n<p>Vaata meie teisi Supertoite <a href=\"https:\/\/fit360.ee\/en\/product-category\/product-groups\/superfoods-health-foods-en\/\"><strong>SIIT<\/strong><\/a> v\u00f5i Vitamiine <strong><a href=\"https:\/\/fit360.ee\/en\/product-category\/product-groups\/vitamins-and-minerals-en\/\">SIIT<\/a><\/strong>!<\/p>\n<p>Soovid kaupa osta suuremas koguses? Vaata antud toodet ka meie HULGI poest\u00a0<a href=\"https:\/\/toidulisandidhulgi.ee\/product\/devils-claw-100caps\/\"><strong>SIIT<\/strong><\/a>!<\/p>\n","protected":false},"excerpt":{"rendered":"<p><strong>Devils claw<\/strong> on eriti kuulus oma tervenduskunsti poolest. Paljudel juhtudel kasutatakse seda meditsiinis. Selle tervendava j\u00f5u hindamiseks uuris seda 1978. aastal asutatud endise f\u00f6deraalse tervishoiuameti &#8220;Commission E&#8221; taimsete ravimite ekspertkomisjon. Sest inimeste kogemuste ja teaduslike t\u00f5endite vahel on suur l\u00f5he. Tervendav toime on t\u00f5estatud:<\/p>\n<ul>\n<li>Seedeh\u00e4irete puhul<\/li>\n<li>S\u00f6\u00f6giisu kaotuse puhul<\/li>\n<li>L\u00fclisamba nimmeosa valu puhul<\/li>\n<li>lihas-skeleti s\u00fcsteemi degeneratiivsed haiguste puhul<\/li>\n<\/ul>\n","protected":false},"featured_media":85406,"comment_status":"closed","ping_status":"closed","template":"","meta":[],"product_brand":[],"product_cat":[1618,1454,2664,536,1201],"product_tag":[2856,1773,2857],"giftcard-category":[],"class_list":{"0":"post-52920","1":"product","2":"type-product","3":"status-publish","4":"has-post-thumbnail","6":"product_cat-evolite-en","7":"product_cat-superfoods-health-foods-en","8":"product_cat-vegan-capsules-en","9":"product_cat-vitamins-and-minerals-en","10":"product_cat-1201","11":"product_tag-devils-claw-en","12":"product_tag-evolite-en","13":"product_tag-kuradikapp-en","14":"pa_kogus-100-capsules","15":"pa_toidulisand-branddd-evolite","16":"pa_tootegruppp-supertoit-tervisetoit-en","17":"pa_tootegruppp-vcaps-vegan-kapslid-en","18":"pa_tootegruppp-vegan-en","19":"pa_tootegruppp-vitamins-and-minerals","21":"first","22":"instock","23":"sale","24":"taxable","25":"shipping-taxable","26":"purchasable","27":"product-type-simple"},"yoast_head":"<!-- This site is optimized with the Yoast SEO plugin v27.3 - https:\/\/yoast.com\/product\/yoast-seo-wordpress\/ -->\n<title>Devils Claw (100caps) - Harpagophytum - Kuradik\u00e4pp - Kiire Tarne - Fit360<\/title>\n<meta name=\"description\" content=\"Devils claw on eriti kuulus oma tervenduskunsti poolest. Paljudel juhtudel kasutatakse seda meditsiinis. Sellel on ka v\u00e4ga palju teisi kasu..\" \/>\n<meta name=\"robots\" content=\"index, follow, max-snippet:-1, max-image-preview:large, max-video-preview:-1\" \/>\n<link rel=\"canonical\" href=\"https:\/\/fit360.ee\/en\/pood\/product-groups\/\u0432\u0435\u0433\u0430\u043d\/vegan-capsules-en\/devils-claw-100caps\/\" \/>\n<meta property=\"og:locale\" content=\"en_US\" \/>\n<meta property=\"og:type\" content=\"article\" \/>\n<meta property=\"og:title\" content=\"Devils Claw (100caps) - Harpagophytum - Kuradik\u00e4pp - Kiire Tarne - Fit360\" \/>\n<meta property=\"og:description\" content=\"Devils claw on eriti kuulus oma tervenduskunsti poolest. Paljudel juhtudel kasutatakse seda meditsiinis. Sellel on ka v\u00e4ga palju teisi kasu..\" \/>\n<meta property=\"og:url\" content=\"https:\/\/fit360.ee\/en\/pood\/product-groups\/\u0432\u0435\u0433\u0430\u043d\/vegan-capsules-en\/devils-claw-100caps\/\" \/>\n<meta property=\"og:site_name\" content=\"Fit360\" \/>\n<meta property=\"article:modified_time\" content=\"2025-08-13T05:37:18+00:00\" \/>\n<meta property=\"og:image\" content=\"https:\/\/fit360.ee\/wp-content\/uploads\/2021\/05\/devils-claw-fit360.ee_.jpg\" \/>\n\t<meta property=\"og:image:width\" content=\"800\" \/>\n\t<meta property=\"og:image:height\" content=\"800\" \/>\n\t<meta property=\"og:image:type\" content=\"image\/jpeg\" \/>\n<meta name=\"twitter:card\" content=\"summary_large_image\" \/>\n<meta name=\"twitter:label1\" content=\"Est. reading time\" \/>\n\t<meta name=\"twitter:data1\" content=\"2 minutes\" \/>\n<script type=\"application\/ld+json\" class=\"yoast-schema-graph\">{\"@context\":\"https:\\\/\\\/schema.org\",\"@graph\":[{\"@type\":\"WebPage\",\"@id\":\"https:\\\/\\\/fit360.ee\\\/en\\\/pood\\\/product-groups\\\/%d0%b2%d0%b5%d0%b3%d0%b0%d0%bd\\\/vegan-capsules-en\\\/devils-claw-100caps\\\/\",\"url\":\"https:\\\/\\\/fit360.ee\\\/en\\\/pood\\\/product-groups\\\/%d0%b2%d0%b5%d0%b3%d0%b0%d0%bd\\\/vegan-capsules-en\\\/devils-claw-100caps\\\/\",\"name\":\"Devils Claw (100caps) - Harpagophytum - Kuradik\u00e4pp - Kiire Tarne - Fit360\",\"isPartOf\":{\"@id\":\"https:\\\/\\\/fit360.ee\\\/en\\\/#website\"},\"primaryImageOfPage\":{\"@id\":\"https:\\\/\\\/fit360.ee\\\/en\\\/pood\\\/product-groups\\\/%d0%b2%d0%b5%d0%b3%d0%b0%d0%bd\\\/vegan-capsules-en\\\/devils-claw-100caps\\\/#primaryimage\"},\"image\":{\"@id\":\"https:\\\/\\\/fit360.ee\\\/en\\\/pood\\\/product-groups\\\/%d0%b2%d0%b5%d0%b3%d0%b0%d0%bd\\\/vegan-capsules-en\\\/devils-claw-100caps\\\/#primaryimage\"},\"thumbnailUrl\":\"https:\\\/\\\/fit360.ee\\\/wp-content\\\/uploads\\\/2021\\\/05\\\/devils-claw-fit360.ee_.jpg\",\"datePublished\":\"2021-05-19T17:08:45+00:00\",\"dateModified\":\"2025-08-13T05:37:18+00:00\",\"description\":\"Devils claw on eriti kuulus oma tervenduskunsti poolest. Paljudel juhtudel kasutatakse seda meditsiinis. Sellel on ka v\u00e4ga palju teisi kasu..\",\"breadcrumb\":{\"@id\":\"https:\\\/\\\/fit360.ee\\\/en\\\/pood\\\/product-groups\\\/%d0%b2%d0%b5%d0%b3%d0%b0%d0%bd\\\/vegan-capsules-en\\\/devils-claw-100caps\\\/#breadcrumb\"},\"inLanguage\":\"en-US\",\"potentialAction\":[{\"@type\":\"ReadAction\",\"target\":[\"https:\\\/\\\/fit360.ee\\\/en\\\/pood\\\/product-groups\\\/%d0%b2%d0%b5%d0%b3%d0%b0%d0%bd\\\/vegan-capsules-en\\\/devils-claw-100caps\\\/\"]}]},{\"@type\":\"ImageObject\",\"inLanguage\":\"en-US\",\"@id\":\"https:\\\/\\\/fit360.ee\\\/en\\\/pood\\\/product-groups\\\/%d0%b2%d0%b5%d0%b3%d0%b0%d0%bd\\\/vegan-capsules-en\\\/devils-claw-100caps\\\/#primaryimage\",\"url\":\"https:\\\/\\\/fit360.ee\\\/wp-content\\\/uploads\\\/2021\\\/05\\\/devils-claw-fit360.ee_.jpg\",\"contentUrl\":\"https:\\\/\\\/fit360.ee\\\/wp-content\\\/uploads\\\/2021\\\/05\\\/devils-claw-fit360.ee_.jpg\",\"width\":800,\"height\":800,\"caption\":\"devils claw - fit360.ee\"},{\"@type\":\"BreadcrumbList\",\"@id\":\"https:\\\/\\\/fit360.ee\\\/en\\\/pood\\\/product-groups\\\/%d0%b2%d0%b5%d0%b3%d0%b0%d0%bd\\\/vegan-capsules-en\\\/devils-claw-100caps\\\/#breadcrumb\",\"itemListElement\":[{\"@type\":\"ListItem\",\"position\":1,\"name\":\"Home\",\"item\":\"https:\\\/\\\/fit360.ee\\\/en\\\/\"},{\"@type\":\"ListItem\",\"position\":2,\"name\":\"Shop\",\"item\":\"https:\\\/\\\/fit360.ee\\\/en\\\/shop\\\/\"},{\"@type\":\"ListItem\",\"position\":3,\"name\":\"Devils Claw (100caps)\"}]},{\"@type\":\"WebSite\",\"@id\":\"https:\\\/\\\/fit360.ee\\\/en\\\/#website\",\"url\":\"https:\\\/\\\/fit360.ee\\\/en\\\/\",\"name\":\"Fit360\",\"description\":\"\",\"publisher\":{\"@id\":\"https:\\\/\\\/fit360.ee\\\/en\\\/#organization\"},\"potentialAction\":[{\"@type\":\"SearchAction\",\"target\":{\"@type\":\"EntryPoint\",\"urlTemplate\":\"https:\\\/\\\/fit360.ee\\\/en\\\/?s={search_term_string}\"},\"query-input\":{\"@type\":\"PropertyValueSpecification\",\"valueRequired\":true,\"valueName\":\"search_term_string\"}}],\"inLanguage\":\"en-US\"},{\"@type\":\"Organization\",\"@id\":\"https:\\\/\\\/fit360.ee\\\/en\\\/#organization\",\"name\":\"Fit360\",\"url\":\"https:\\\/\\\/fit360.ee\\\/en\\\/\",\"logo\":{\"@type\":\"ImageObject\",\"inLanguage\":\"en-US\",\"@id\":\"https:\\\/\\\/fit360.ee\\\/en\\\/#\\\/schema\\\/logo\\\/image\\\/\",\"url\":\"https:\\\/\\\/fit360.ee\\\/wp-content\\\/uploads\\\/2017\\\/01\\\/logo-fit360.png\",\"contentUrl\":\"https:\\\/\\\/fit360.ee\\\/wp-content\\\/uploads\\\/2017\\\/01\\\/logo-fit360.png\",\"width\":180,\"height\":66,\"caption\":\"Fit360\"},\"image\":{\"@id\":\"https:\\\/\\\/fit360.ee\\\/en\\\/#\\\/schema\\\/logo\\\/image\\\/\"}}]}<\/script>\n<!-- \/ Yoast SEO plugin. -->","yoast_head_json":{"title":"Devils Claw (100caps) - Harpagophytum - Kuradik\u00e4pp - Kiire Tarne - Fit360","description":"Devils claw on eriti kuulus oma tervenduskunsti poolest. Paljudel juhtudel kasutatakse seda meditsiinis. Sellel on ka v\u00e4ga palju teisi kasu..","robots":{"index":"index","follow":"follow","max-snippet":"max-snippet:-1","max-image-preview":"max-image-preview:large","max-video-preview":"max-video-preview:-1"},"canonical":"https:\/\/fit360.ee\/en\/pood\/product-groups\/\u0432\u0435\u0433\u0430\u043d\/vegan-capsules-en\/devils-claw-100caps\/","og_locale":"en_US","og_type":"article","og_title":"Devils Claw (100caps) - Harpagophytum - Kuradik\u00e4pp - Kiire Tarne - Fit360","og_description":"Devils claw on eriti kuulus oma tervenduskunsti poolest. Paljudel juhtudel kasutatakse seda meditsiinis. Sellel on ka v\u00e4ga palju teisi kasu..","og_url":"https:\/\/fit360.ee\/en\/pood\/product-groups\/\u0432\u0435\u0433\u0430\u043d\/vegan-capsules-en\/devils-claw-100caps\/","og_site_name":"Fit360","article_modified_time":"2025-08-13T05:37:18+00:00","og_image":[{"width":800,"height":800,"url":"https:\/\/fit360.ee\/wp-content\/uploads\/2021\/05\/devils-claw-fit360.ee_.jpg","type":"image\/jpeg"}],"twitter_card":"summary_large_image","twitter_misc":{"Est. reading time":"2 minutes"},"schema":{"@context":"https:\/\/schema.org","@graph":[{"@type":"WebPage","@id":"https:\/\/fit360.ee\/en\/pood\/product-groups\/%d0%b2%d0%b5%d0%b3%d0%b0%d0%bd\/vegan-capsules-en\/devils-claw-100caps\/","url":"https:\/\/fit360.ee\/en\/pood\/product-groups\/%d0%b2%d0%b5%d0%b3%d0%b0%d0%bd\/vegan-capsules-en\/devils-claw-100caps\/","name":"Devils Claw (100caps) - Harpagophytum - Kuradik\u00e4pp - Kiire Tarne - Fit360","isPartOf":{"@id":"https:\/\/fit360.ee\/en\/#website"},"primaryImageOfPage":{"@id":"https:\/\/fit360.ee\/en\/pood\/product-groups\/%d0%b2%d0%b5%d0%b3%d0%b0%d0%bd\/vegan-capsules-en\/devils-claw-100caps\/#primaryimage"},"image":{"@id":"https:\/\/fit360.ee\/en\/pood\/product-groups\/%d0%b2%d0%b5%d0%b3%d0%b0%d0%bd\/vegan-capsules-en\/devils-claw-100caps\/#primaryimage"},"thumbnailUrl":"https:\/\/fit360.ee\/wp-content\/uploads\/2021\/05\/devils-claw-fit360.ee_.jpg","datePublished":"2021-05-19T17:08:45+00:00","dateModified":"2025-08-13T05:37:18+00:00","description":"Devils claw on eriti kuulus oma tervenduskunsti poolest. Paljudel juhtudel kasutatakse seda meditsiinis. Sellel on ka v\u00e4ga palju teisi kasu..","breadcrumb":{"@id":"https:\/\/fit360.ee\/en\/pood\/product-groups\/%d0%b2%d0%b5%d0%b3%d0%b0%d0%bd\/vegan-capsules-en\/devils-claw-100caps\/#breadcrumb"},"inLanguage":"en-US","potentialAction":[{"@type":"ReadAction","target":["https:\/\/fit360.ee\/en\/pood\/product-groups\/%d0%b2%d0%b5%d0%b3%d0%b0%d0%bd\/vegan-capsules-en\/devils-claw-100caps\/"]}]},{"@type":"ImageObject","inLanguage":"en-US","@id":"https:\/\/fit360.ee\/en\/pood\/product-groups\/%d0%b2%d0%b5%d0%b3%d0%b0%d0%bd\/vegan-capsules-en\/devils-claw-100caps\/#primaryimage","url":"https:\/\/fit360.ee\/wp-content\/uploads\/2021\/05\/devils-claw-fit360.ee_.jpg","contentUrl":"https:\/\/fit360.ee\/wp-content\/uploads\/2021\/05\/devils-claw-fit360.ee_.jpg","width":800,"height":800,"caption":"devils claw - fit360.ee"},{"@type":"BreadcrumbList","@id":"https:\/\/fit360.ee\/en\/pood\/product-groups\/%d0%b2%d0%b5%d0%b3%d0%b0%d0%bd\/vegan-capsules-en\/devils-claw-100caps\/#breadcrumb","itemListElement":[{"@type":"ListItem","position":1,"name":"Home","item":"https:\/\/fit360.ee\/en\/"},{"@type":"ListItem","position":2,"name":"Shop","item":"https:\/\/fit360.ee\/en\/shop\/"},{"@type":"ListItem","position":3,"name":"Devils Claw (100caps)"}]},{"@type":"WebSite","@id":"https:\/\/fit360.ee\/en\/#website","url":"https:\/\/fit360.ee\/en\/","name":"Fit360","description":"","publisher":{"@id":"https:\/\/fit360.ee\/en\/#organization"},"potentialAction":[{"@type":"SearchAction","target":{"@type":"EntryPoint","urlTemplate":"https:\/\/fit360.ee\/en\/?s={search_term_string}"},"query-input":{"@type":"PropertyValueSpecification","valueRequired":true,"valueName":"search_term_string"}}],"inLanguage":"en-US"},{"@type":"Organization","@id":"https:\/\/fit360.ee\/en\/#organization","name":"Fit360","url":"https:\/\/fit360.ee\/en\/","logo":{"@type":"ImageObject","inLanguage":"en-US","@id":"https:\/\/fit360.ee\/en\/#\/schema\/logo\/image\/","url":"https:\/\/fit360.ee\/wp-content\/uploads\/2017\/01\/logo-fit360.png","contentUrl":"https:\/\/fit360.ee\/wp-content\/uploads\/2017\/01\/logo-fit360.png","width":180,"height":66,"caption":"Fit360"},"image":{"@id":"https:\/\/fit360.ee\/en\/#\/schema\/logo\/image\/"}}]}},"_links":{"self":[{"href":"https:\/\/fit360.ee\/en\/wp-json\/wp\/v2\/product\/52920","targetHints":{"allow":["GET"]}}],"collection":[{"href":"https:\/\/fit360.ee\/en\/wp-json\/wp\/v2\/product"}],"about":[{"href":"https:\/\/fit360.ee\/en\/wp-json\/wp\/v2\/types\/product"}],"replies":[{"embeddable":true,"href":"https:\/\/fit360.ee\/en\/wp-json\/wp\/v2\/comments?post=52920"}],"wp:featuredmedia":[{"embeddable":true,"href":"https:\/\/fit360.ee\/en\/wp-json\/wp\/v2\/media\/85406"}],"wp:attachment":[{"href":"https:\/\/fit360.ee\/en\/wp-json\/wp\/v2\/media?parent=52920"}],"wp:term":[{"taxonomy":"product_brand","embeddable":true,"href":"https:\/\/fit360.ee\/en\/wp-json\/wp\/v2\/product_brand?post=52920"},{"taxonomy":"product_cat","embeddable":true,"href":"https:\/\/fit360.ee\/en\/wp-json\/wp\/v2\/product_cat?post=52920"},{"taxonomy":"product_tag","embeddable":true,"href":"https:\/\/fit360.ee\/en\/wp-json\/wp\/v2\/product_tag?post=52920"},{"taxonomy":"giftcard-category","embeddable":true,"href":"https:\/\/fit360.ee\/en\/wp-json\/wp\/v2\/giftcard-category?post=52920"}],"curies":[{"name":"wp","href":"https:\/\/api.w.org\/{rel}","templated":true}]}}