{"id":53225,"date":"2021-06-09T19:01:23","date_gmt":"2021-06-09T17:01:23","guid":{"rendered":"https:\/\/fit360.ee\/?post_type=product&#038;p=53225"},"modified":"2025-08-13T07:35:07","modified_gmt":"2025-08-13T05:35:07","slug":"gotu-kola-ostrovit-90vcaps","status":"publish","type":"product","link":"https:\/\/fit360.ee\/en\/pood\/product-groups\/%d0%b2%d0%b5%d0%b3%d0%b0%d0%bd\/vegan-capsules-en\/gotu-kola-ostrovit-90vcaps\/","title":{"rendered":"Gotu Kola (90 vCaps)"},"content":{"rendered":"<h1>Gotu Kola<\/h1>\n<p><strong>Gotu Kola<\/strong> Ostrovit ehk Aasia vesinaba ehk <em>Centella asiatica\u00a0<\/em>on tuntud rohttaim, mis kasvab k\u00f5ikjal Indias, Hiinas, Indoneesias, Aafrikas, Tseilonil ja Madagaskaril. Ammustest aegadest tarvitatakse aasia vesinaba nahahaiguste, artriidi, hemorroidide raviks, verer\u00f5hu alandamiseks, ps\u00fc\u00fchikah\u00e4irete korral. See ravimtaim on tuntud kui tugev looduslik immunomodulaator ja popularne suguiha suurendav vahend.<br \/>\nRegulaarsel tarvitamisel kiirendab m\u00f5tlemisprotsesse, parandab taju ja aktiviseerib m\u00e4lu. Kasutatakse rahustava ja n\u00e4rvis\u00fcsteemi funktsioone taastava vahendina. On pehmetoimeline uriinieritust soodustav vahend, kasutatakse ka k\u00f5rget verer\u00f5hku alandava vahendina.<\/p>\n<p><strong>Positiivsed omadused<\/strong>:<\/p>\n<ul>\n<li><strong>Parandab m\u00e4lu<\/strong><\/li>\n<li>Stimuleerib m\u00f5tteprotsesse<\/li>\n<li>Toetab aju &#8211; ja perifeerset vereringet<\/li>\n<li>Toetab haavade paranemise protsessi<\/li>\n<li>Alandab k\u00f5rget verer\u00f5hku<\/li>\n<li>Rahustava toimega<\/li>\n<\/ul>\n<p><strong>NOOTROPILINE koostisosa<\/strong><\/p>\n<p>Sobib kasutamiseks intensiivsemat ajutegevust vajaval perioodil. Aasia Vesinaba\u00a0 toetab ja tasakaalustab m\u00e4lu ja n\u00e4rvis\u00fcsteemi. V\u00f5ib v\u00e4hendada kehalist ja vaimset kurnatust, leevendada unetust ja stressi ning parandada keskendumisv\u00f5imet.<\/p>\n<p>Vaata ka teisi Aju tegevust toetavaid toidulisandeid <a href=\"https:\/\/fit360.ee\/en\/product-category\/product-groups\/brain-support-nootropics-en\/\"><strong>SIIT<\/strong><\/a>!<\/p>\n<p><strong>Koostisosad<\/strong>: India pent\u00fcrtsiekstrakt (<em>Centella asiatica<\/em> (L.) Urb.) Standardiseeritud 2% asiatikosididel, 6% madekassosiididel, 2% asiatikososiididel B, kattekompositsioonil (t\u00e4iteaine: h\u00fcdroks\u00fcprop\u00fc\u00fclmet\u00fc\u00fcltselluloos).<\/p>\n<p><strong>Kasutamine<\/strong>: 1 tablett 3 korda p\u00e4evas.<\/p>\n<p><strong>Suurus<\/strong>: 90 <a href=\"https:\/\/fit360.ee\/en\/product-category\/product-groups\/vegan-en\/vegan-capsules-en\/\"><strong>Vegan kapslit &#8211; Vcaps<\/strong><\/a><\/p>\n<p>&nbsp;<\/p>\n<p><strong>Gotu Kola Ostrovit<\/strong><\/p>\n<table width=\"627\">\n<tbody>\n<tr>\n<td width=\"293\"><strong>Aktiivsed toimeained<\/strong><\/td>\n<td width=\"334\"><strong>1 kapsel<\/strong><\/td>\n<\/tr>\n<tr>\n<td width=\"293\">India pennirohu ekstrakt \u2013 Gotu Kola:<\/td>\n<td width=\"334\">400 mg<\/td>\n<\/tr>\n<tr>\n<td width=\"293\">&#8211; kogu triterpeenid (10 %):<\/td>\n<td width=\"334\">40 mg<\/td>\n<\/tr>\n<tr>\n<td width=\"293\">&#8211; asiatikosidid (2%)<\/td>\n<td width=\"334\">8 mg<\/td>\n<\/tr>\n<tr>\n<td width=\"293\">&#8211; madekassosiid (6%)<\/td>\n<td width=\"334\">24 mg<\/td>\n<\/tr>\n<tr>\n<td width=\"293\">&#8211; asiatikosiidid B (2%)<\/td>\n<td width=\"334\">8 mg<\/td>\n<\/tr>\n<\/tbody>\n<\/table>\n<p>Soovid kaupa osta suuremas koguses? Vaata antud toodet ka meie HULGI poest\u00a0<a href=\"https:\/\/toidulisandidhulgi.ee\/product\/gotu-kola-ostrovit-90vcaps\/\"><strong>SIIT<\/strong><\/a>!<\/p>\n","protected":false},"excerpt":{"rendered":"<h2>GOTU KOLA &#8211; AASIA VESINABA<\/h2>\n<p><strong>Positiivsed omadused<\/strong>:<\/p>\n<ul>\n<li><strong>Parandab m\u00e4lu<\/strong><\/li>\n<li>Stimuleerib m\u00f5tteprotsesse<\/li>\n<li>Toetab aju &#8211; ja perifeerset vereringet<\/li>\n<li>Toetab haavade paranemise protsessi<\/li>\n<li>Alandab k\u00f5rget verer\u00f5hku<\/li>\n<li>Rahustava toimega<\/li>\n<\/ul>\n","protected":false},"featured_media":84413,"comment_status":"closed","ping_status":"closed","template":"","meta":[],"product_brand":[],"product_cat":[2485,1329,1454,2664,536,1201],"product_tag":[2638,2639,2640,1924],"giftcard-category":[],"class_list":{"0":"post-53225","1":"product","2":"type-product","3":"status-publish","4":"has-post-thumbnail","6":"product_cat-brain-support-nootropics-en","7":"product_cat-ostrovit-en","8":"product_cat-superfoods-health-foods-en","9":"product_cat-vegan-capsules-en","10":"product_cat-vitamins-and-minerals-en","11":"product_cat-1201","12":"product_tag-aasia-vesinaba-en","13":"product_tag-centella-asiatica-en","14":"product_tag-gotu-kola-en","15":"product_tag-ostrovit-en","16":"pa_toidulisand-branddd-ostrovit","17":"pa_tootegruppp-aju-tegevus-nootropics-en","18":"pa_tootegruppp-supertoit-tervisetoit-en","19":"pa_tootegruppp-vitamins-and-minerals","21":"first","22":"outofstock","23":"sale","24":"taxable","25":"shipping-taxable","26":"purchasable","27":"product-type-simple"},"yoast_head":"<!-- This site is optimized with the Yoast SEO plugin v27.3 - https:\/\/yoast.com\/product\/yoast-seo-wordpress\/ -->\n<title>Gotu Kola (90 vCaps) - Aasia Vesinaba - Centella Asiatica - Kiire Tarne<\/title>\n<meta name=\"description\" content=\"Gotu Kola Ostrovit parandab m\u00e4lu, stimuleerib m\u00f5tteprotsesse, toetab aju - ja perifeerset vereringet ning alandab k\u00f5rget verer\u00f5hku.\" \/>\n<meta name=\"robots\" content=\"index, follow, max-snippet:-1, max-image-preview:large, max-video-preview:-1\" \/>\n<link rel=\"canonical\" href=\"https:\/\/fit360.ee\/en\/pood\/product-groups\/\u0432\u0435\u0433\u0430\u043d\/vegan-capsules-en\/gotu-kola-ostrovit-90vcaps\/\" \/>\n<meta property=\"og:locale\" content=\"en_US\" \/>\n<meta property=\"og:type\" content=\"article\" \/>\n<meta property=\"og:title\" content=\"Gotu Kola (90 vCaps) - Aasia Vesinaba - Centella Asiatica - Kiire Tarne\" \/>\n<meta property=\"og:description\" content=\"Gotu Kola Ostrovit parandab m\u00e4lu, stimuleerib m\u00f5tteprotsesse, toetab aju - ja perifeerset vereringet ning alandab k\u00f5rget verer\u00f5hku.\" \/>\n<meta property=\"og:url\" content=\"https:\/\/fit360.ee\/en\/pood\/product-groups\/\u0432\u0435\u0433\u0430\u043d\/vegan-capsules-en\/gotu-kola-ostrovit-90vcaps\/\" \/>\n<meta property=\"og:site_name\" content=\"Fit360\" \/>\n<meta property=\"article:modified_time\" content=\"2025-08-13T05:35:07+00:00\" \/>\n<meta property=\"og:image\" content=\"https:\/\/fit360.ee\/wp-content\/uploads\/2021\/06\/gotu-kola-ostrovit-fit360.ee_-1.png\" \/>\n\t<meta property=\"og:image:width\" content=\"450\" \/>\n\t<meta property=\"og:image:height\" content=\"450\" \/>\n\t<meta property=\"og:image:type\" content=\"image\/png\" \/>\n<meta name=\"twitter:card\" content=\"summary_large_image\" \/>\n<meta name=\"twitter:label1\" content=\"Est. reading time\" \/>\n\t<meta name=\"twitter:data1\" content=\"1 minute\" \/>\n<script type=\"application\/ld+json\" class=\"yoast-schema-graph\">{\"@context\":\"https:\\\/\\\/schema.org\",\"@graph\":[{\"@type\":\"WebPage\",\"@id\":\"https:\\\/\\\/fit360.ee\\\/en\\\/pood\\\/product-groups\\\/%d0%b2%d0%b5%d0%b3%d0%b0%d0%bd\\\/vegan-capsules-en\\\/gotu-kola-ostrovit-90vcaps\\\/\",\"url\":\"https:\\\/\\\/fit360.ee\\\/en\\\/pood\\\/product-groups\\\/%d0%b2%d0%b5%d0%b3%d0%b0%d0%bd\\\/vegan-capsules-en\\\/gotu-kola-ostrovit-90vcaps\\\/\",\"name\":\"Gotu Kola (90 vCaps) - Aasia Vesinaba - Centella Asiatica - Kiire Tarne\",\"isPartOf\":{\"@id\":\"https:\\\/\\\/fit360.ee\\\/en\\\/#website\"},\"primaryImageOfPage\":{\"@id\":\"https:\\\/\\\/fit360.ee\\\/en\\\/pood\\\/product-groups\\\/%d0%b2%d0%b5%d0%b3%d0%b0%d0%bd\\\/vegan-capsules-en\\\/gotu-kola-ostrovit-90vcaps\\\/#primaryimage\"},\"image\":{\"@id\":\"https:\\\/\\\/fit360.ee\\\/en\\\/pood\\\/product-groups\\\/%d0%b2%d0%b5%d0%b3%d0%b0%d0%bd\\\/vegan-capsules-en\\\/gotu-kola-ostrovit-90vcaps\\\/#primaryimage\"},\"thumbnailUrl\":\"https:\\\/\\\/fit360.ee\\\/wp-content\\\/uploads\\\/2021\\\/06\\\/gotu-kola-ostrovit-fit360.ee_-1.png\",\"datePublished\":\"2021-06-09T17:01:23+00:00\",\"dateModified\":\"2025-08-13T05:35:07+00:00\",\"description\":\"Gotu Kola Ostrovit parandab m\u00e4lu, stimuleerib m\u00f5tteprotsesse, toetab aju - ja perifeerset vereringet ning alandab k\u00f5rget verer\u00f5hku.\",\"breadcrumb\":{\"@id\":\"https:\\\/\\\/fit360.ee\\\/en\\\/pood\\\/product-groups\\\/%d0%b2%d0%b5%d0%b3%d0%b0%d0%bd\\\/vegan-capsules-en\\\/gotu-kola-ostrovit-90vcaps\\\/#breadcrumb\"},\"inLanguage\":\"en-US\",\"potentialAction\":[{\"@type\":\"ReadAction\",\"target\":[\"https:\\\/\\\/fit360.ee\\\/en\\\/pood\\\/product-groups\\\/%d0%b2%d0%b5%d0%b3%d0%b0%d0%bd\\\/vegan-capsules-en\\\/gotu-kola-ostrovit-90vcaps\\\/\"]}]},{\"@type\":\"ImageObject\",\"inLanguage\":\"en-US\",\"@id\":\"https:\\\/\\\/fit360.ee\\\/en\\\/pood\\\/product-groups\\\/%d0%b2%d0%b5%d0%b3%d0%b0%d0%bd\\\/vegan-capsules-en\\\/gotu-kola-ostrovit-90vcaps\\\/#primaryimage\",\"url\":\"https:\\\/\\\/fit360.ee\\\/wp-content\\\/uploads\\\/2021\\\/06\\\/gotu-kola-ostrovit-fit360.ee_-1.png\",\"contentUrl\":\"https:\\\/\\\/fit360.ee\\\/wp-content\\\/uploads\\\/2021\\\/06\\\/gotu-kola-ostrovit-fit360.ee_-1.png\",\"width\":450,\"height\":450,\"caption\":\"gotu kola ostrovit - fit360.ee\"},{\"@type\":\"BreadcrumbList\",\"@id\":\"https:\\\/\\\/fit360.ee\\\/en\\\/pood\\\/product-groups\\\/%d0%b2%d0%b5%d0%b3%d0%b0%d0%bd\\\/vegan-capsules-en\\\/gotu-kola-ostrovit-90vcaps\\\/#breadcrumb\",\"itemListElement\":[{\"@type\":\"ListItem\",\"position\":1,\"name\":\"Home\",\"item\":\"https:\\\/\\\/fit360.ee\\\/en\\\/\"},{\"@type\":\"ListItem\",\"position\":2,\"name\":\"Shop\",\"item\":\"https:\\\/\\\/fit360.ee\\\/en\\\/shop\\\/\"},{\"@type\":\"ListItem\",\"position\":3,\"name\":\"Gotu Kola (90 vCaps)\"}]},{\"@type\":\"WebSite\",\"@id\":\"https:\\\/\\\/fit360.ee\\\/en\\\/#website\",\"url\":\"https:\\\/\\\/fit360.ee\\\/en\\\/\",\"name\":\"Fit360\",\"description\":\"\",\"publisher\":{\"@id\":\"https:\\\/\\\/fit360.ee\\\/en\\\/#organization\"},\"potentialAction\":[{\"@type\":\"SearchAction\",\"target\":{\"@type\":\"EntryPoint\",\"urlTemplate\":\"https:\\\/\\\/fit360.ee\\\/en\\\/?s={search_term_string}\"},\"query-input\":{\"@type\":\"PropertyValueSpecification\",\"valueRequired\":true,\"valueName\":\"search_term_string\"}}],\"inLanguage\":\"en-US\"},{\"@type\":\"Organization\",\"@id\":\"https:\\\/\\\/fit360.ee\\\/en\\\/#organization\",\"name\":\"Fit360\",\"url\":\"https:\\\/\\\/fit360.ee\\\/en\\\/\",\"logo\":{\"@type\":\"ImageObject\",\"inLanguage\":\"en-US\",\"@id\":\"https:\\\/\\\/fit360.ee\\\/en\\\/#\\\/schema\\\/logo\\\/image\\\/\",\"url\":\"https:\\\/\\\/fit360.ee\\\/wp-content\\\/uploads\\\/2017\\\/01\\\/logo-fit360.png\",\"contentUrl\":\"https:\\\/\\\/fit360.ee\\\/wp-content\\\/uploads\\\/2017\\\/01\\\/logo-fit360.png\",\"width\":180,\"height\":66,\"caption\":\"Fit360\"},\"image\":{\"@id\":\"https:\\\/\\\/fit360.ee\\\/en\\\/#\\\/schema\\\/logo\\\/image\\\/\"}}]}<\/script>\n<!-- \/ Yoast SEO plugin. -->","yoast_head_json":{"title":"Gotu Kola (90 vCaps) - Aasia Vesinaba - Centella Asiatica - Kiire Tarne","description":"Gotu Kola Ostrovit parandab m\u00e4lu, stimuleerib m\u00f5tteprotsesse, toetab aju - ja perifeerset vereringet ning alandab k\u00f5rget verer\u00f5hku.","robots":{"index":"index","follow":"follow","max-snippet":"max-snippet:-1","max-image-preview":"max-image-preview:large","max-video-preview":"max-video-preview:-1"},"canonical":"https:\/\/fit360.ee\/en\/pood\/product-groups\/\u0432\u0435\u0433\u0430\u043d\/vegan-capsules-en\/gotu-kola-ostrovit-90vcaps\/","og_locale":"en_US","og_type":"article","og_title":"Gotu Kola (90 vCaps) - Aasia Vesinaba - Centella Asiatica - Kiire Tarne","og_description":"Gotu Kola Ostrovit parandab m\u00e4lu, stimuleerib m\u00f5tteprotsesse, toetab aju - ja perifeerset vereringet ning alandab k\u00f5rget verer\u00f5hku.","og_url":"https:\/\/fit360.ee\/en\/pood\/product-groups\/\u0432\u0435\u0433\u0430\u043d\/vegan-capsules-en\/gotu-kola-ostrovit-90vcaps\/","og_site_name":"Fit360","article_modified_time":"2025-08-13T05:35:07+00:00","og_image":[{"width":450,"height":450,"url":"https:\/\/fit360.ee\/wp-content\/uploads\/2021\/06\/gotu-kola-ostrovit-fit360.ee_-1.png","type":"image\/png"}],"twitter_card":"summary_large_image","twitter_misc":{"Est. reading time":"1 minute"},"schema":{"@context":"https:\/\/schema.org","@graph":[{"@type":"WebPage","@id":"https:\/\/fit360.ee\/en\/pood\/product-groups\/%d0%b2%d0%b5%d0%b3%d0%b0%d0%bd\/vegan-capsules-en\/gotu-kola-ostrovit-90vcaps\/","url":"https:\/\/fit360.ee\/en\/pood\/product-groups\/%d0%b2%d0%b5%d0%b3%d0%b0%d0%bd\/vegan-capsules-en\/gotu-kola-ostrovit-90vcaps\/","name":"Gotu Kola (90 vCaps) - Aasia Vesinaba - Centella Asiatica - Kiire Tarne","isPartOf":{"@id":"https:\/\/fit360.ee\/en\/#website"},"primaryImageOfPage":{"@id":"https:\/\/fit360.ee\/en\/pood\/product-groups\/%d0%b2%d0%b5%d0%b3%d0%b0%d0%bd\/vegan-capsules-en\/gotu-kola-ostrovit-90vcaps\/#primaryimage"},"image":{"@id":"https:\/\/fit360.ee\/en\/pood\/product-groups\/%d0%b2%d0%b5%d0%b3%d0%b0%d0%bd\/vegan-capsules-en\/gotu-kola-ostrovit-90vcaps\/#primaryimage"},"thumbnailUrl":"https:\/\/fit360.ee\/wp-content\/uploads\/2021\/06\/gotu-kola-ostrovit-fit360.ee_-1.png","datePublished":"2021-06-09T17:01:23+00:00","dateModified":"2025-08-13T05:35:07+00:00","description":"Gotu Kola Ostrovit parandab m\u00e4lu, stimuleerib m\u00f5tteprotsesse, toetab aju - ja perifeerset vereringet ning alandab k\u00f5rget verer\u00f5hku.","breadcrumb":{"@id":"https:\/\/fit360.ee\/en\/pood\/product-groups\/%d0%b2%d0%b5%d0%b3%d0%b0%d0%bd\/vegan-capsules-en\/gotu-kola-ostrovit-90vcaps\/#breadcrumb"},"inLanguage":"en-US","potentialAction":[{"@type":"ReadAction","target":["https:\/\/fit360.ee\/en\/pood\/product-groups\/%d0%b2%d0%b5%d0%b3%d0%b0%d0%bd\/vegan-capsules-en\/gotu-kola-ostrovit-90vcaps\/"]}]},{"@type":"ImageObject","inLanguage":"en-US","@id":"https:\/\/fit360.ee\/en\/pood\/product-groups\/%d0%b2%d0%b5%d0%b3%d0%b0%d0%bd\/vegan-capsules-en\/gotu-kola-ostrovit-90vcaps\/#primaryimage","url":"https:\/\/fit360.ee\/wp-content\/uploads\/2021\/06\/gotu-kola-ostrovit-fit360.ee_-1.png","contentUrl":"https:\/\/fit360.ee\/wp-content\/uploads\/2021\/06\/gotu-kola-ostrovit-fit360.ee_-1.png","width":450,"height":450,"caption":"gotu kola ostrovit - fit360.ee"},{"@type":"BreadcrumbList","@id":"https:\/\/fit360.ee\/en\/pood\/product-groups\/%d0%b2%d0%b5%d0%b3%d0%b0%d0%bd\/vegan-capsules-en\/gotu-kola-ostrovit-90vcaps\/#breadcrumb","itemListElement":[{"@type":"ListItem","position":1,"name":"Home","item":"https:\/\/fit360.ee\/en\/"},{"@type":"ListItem","position":2,"name":"Shop","item":"https:\/\/fit360.ee\/en\/shop\/"},{"@type":"ListItem","position":3,"name":"Gotu Kola (90 vCaps)"}]},{"@type":"WebSite","@id":"https:\/\/fit360.ee\/en\/#website","url":"https:\/\/fit360.ee\/en\/","name":"Fit360","description":"","publisher":{"@id":"https:\/\/fit360.ee\/en\/#organization"},"potentialAction":[{"@type":"SearchAction","target":{"@type":"EntryPoint","urlTemplate":"https:\/\/fit360.ee\/en\/?s={search_term_string}"},"query-input":{"@type":"PropertyValueSpecification","valueRequired":true,"valueName":"search_term_string"}}],"inLanguage":"en-US"},{"@type":"Organization","@id":"https:\/\/fit360.ee\/en\/#organization","name":"Fit360","url":"https:\/\/fit360.ee\/en\/","logo":{"@type":"ImageObject","inLanguage":"en-US","@id":"https:\/\/fit360.ee\/en\/#\/schema\/logo\/image\/","url":"https:\/\/fit360.ee\/wp-content\/uploads\/2017\/01\/logo-fit360.png","contentUrl":"https:\/\/fit360.ee\/wp-content\/uploads\/2017\/01\/logo-fit360.png","width":180,"height":66,"caption":"Fit360"},"image":{"@id":"https:\/\/fit360.ee\/en\/#\/schema\/logo\/image\/"}}]}},"_links":{"self":[{"href":"https:\/\/fit360.ee\/en\/wp-json\/wp\/v2\/product\/53225","targetHints":{"allow":["GET"]}}],"collection":[{"href":"https:\/\/fit360.ee\/en\/wp-json\/wp\/v2\/product"}],"about":[{"href":"https:\/\/fit360.ee\/en\/wp-json\/wp\/v2\/types\/product"}],"replies":[{"embeddable":true,"href":"https:\/\/fit360.ee\/en\/wp-json\/wp\/v2\/comments?post=53225"}],"wp:featuredmedia":[{"embeddable":true,"href":"https:\/\/fit360.ee\/en\/wp-json\/wp\/v2\/media\/84413"}],"wp:attachment":[{"href":"https:\/\/fit360.ee\/en\/wp-json\/wp\/v2\/media?parent=53225"}],"wp:term":[{"taxonomy":"product_brand","embeddable":true,"href":"https:\/\/fit360.ee\/en\/wp-json\/wp\/v2\/product_brand?post=53225"},{"taxonomy":"product_cat","embeddable":true,"href":"https:\/\/fit360.ee\/en\/wp-json\/wp\/v2\/product_cat?post=53225"},{"taxonomy":"product_tag","embeddable":true,"href":"https:\/\/fit360.ee\/en\/wp-json\/wp\/v2\/product_tag?post=53225"},{"taxonomy":"giftcard-category","embeddable":true,"href":"https:\/\/fit360.ee\/en\/wp-json\/wp\/v2\/giftcard-category?post=53225"}],"curies":[{"name":"wp","href":"https:\/\/api.w.org\/{rel}","templated":true}]}}