{"id":53232,"date":"2021-06-09T19:19:56","date_gmt":"2021-06-09T17:19:56","guid":{"rendered":"https:\/\/fit360.ee\/?post_type=product&#038;p=53232"},"modified":"2026-04-09T17:13:07","modified_gmt":"2026-04-09T15:13:07","slug":"bacopa-monnieri-90vcaps","status":"publish","type":"product","link":"https:\/\/fit360.ee\/en\/pood\/product-groups\/%d0%b2%d0%b5%d0%b3%d0%b0%d0%bd\/vegan-capsules-en\/bacopa-monnieri-90vcaps\/","title":{"rendered":"Bacopa Monnieri (90 vCaps)"},"content":{"rendered":"<h2><strong>BACOPA<\/strong><\/h2>\n<p>Bacopa Monnieri ehk Sasi-vesikaak on taimeliik teeleheliste sugukonnast. Taime kasutatakse India traditsioonilises meditsiinis ajurveedas. Ta on p\u00e4rismaine Austraalias ja Indias. Indias kasutatakse sasi-vesikaagi lehtedest valmistatud preparaate (sanskritis Brahmi) kognitiivsete v\u00f5imete, m\u00e4lu ja \u00f5ppimise parandamiseks valuvaigistina, epilepsia korral. Teda kasutatakse ajurveedas astma, bronhiidi, d\u00fcspepsia, kuseteede haiguste jmt haiguslike seisundite korral, ka \u00e4revuse, \u00e4ngi ja depressiooni korral.<\/p>\n<p>Sasi-vesikaak v\u00f5ib toimeid avaldada, kliinilist t\u00f5endusmaterjali napib, ka lapseea aktiivsus-ja t\u00e4helepanuh\u00e4ire korral.<\/p>\n<p>Taimeekstraktide toimeid on uuritud n\u00e4rilistel ja rakukultuurides allj\u00e4rgnevalt: antikonvulsant, antidepressant, valu vaigistav, p\u00f5letiku-, mikroobide- ja haavanditevastane \/ Helicobacter pylori ja kasvajavastane, anksiol\u00fc\u00fctiline, hepatoprotektiivne, immunostimuleeriv jm<\/p>\n<p><strong>Bacopa Monnieri positiivsed omadused:<\/strong><\/p>\n<ul>\n<li>Parandab kognitiivset v\u00f5imet, m\u00e4lu;<\/li>\n<li>Toetab keskendusv\u00f5imet;<\/li>\n<li>Aitab leevendada epilepsia hooge;<\/li>\n<li>Aitab leevendada astma, bronhiidi, d\u00fcspepsia, kuseteede haigusi;<\/li>\n<li>Aitab \u00e4revuse, \u00e4ngi ja depressiooni korral;<\/li>\n<\/ul>\n<p>Vaata ka teisi <a href=\"https:\/\/fit360.ee\/en\/product-category\/product-groups\/superfoods-health-foods-en\/\"><strong>SUPERTOITE<\/strong><\/a> v\u00f5i <a href=\"https:\/\/fit360.ee\/en\/product-category\/product-groups\/brain-support-nootropics-en\/\"><strong>Aju Tegevust toetavaid toidulisandeid<\/strong><\/a><\/p>\n<p>Tuntud rohkem k\u00fcll kui aju\u2013 ja n\u00e4rvis\u00fcsteemi t\u00f6\u00f6 parandaja, omab brahmi positiivset toimet ka seedetraktile ja hingamisteedele, samuti aitab organismi imenduda vajalikel <a href=\"https:\/\/fit360.ee\/en\/product-category\/product-groups\/vitamins-and-minerals-en\/\"><strong>vitamiinidel ja mineraalidel<\/strong><\/a>. Bronhiidi ja astma korral on brahmist abi \u00e4rritunud hingamisteede l\u00f5dvestajana. V\u00f5rreldes teiste toniseerijatega on brahmi toime pisut aeglasem, ent seda t\u00f5husam.<\/p>\n<p><strong>Koostisosad<\/strong>: Bacopa Monnieri ekstrakt, t\u00e4iteained: mikrokristalne tselluloos, kartulit\u00e4rklis; paakumisvastane aine: kaltsiumfosfaat, magneesiumstearaat, r\u00e4nidioksiid<\/p>\n<p><strong>Kasutamine<\/strong>: 1 tablett 1 kord p\u00e4evas.<\/p>\n<p><strong>Suurus<\/strong>: 90 <a href=\"https:\/\/fit360.ee\/en\/product-category\/product-groups\/%d0%b2%d0%b5%d0%b3%d0%b0%d0%bd\/vegan-capsules-en\/\"><strong>vCaps &#8211; Vegan kapslit<\/strong><\/a><\/p>\n<table>\n<tbody>\n<tr>\n<td width=\"319\"><strong>Aktiivsed toimeained<\/strong><\/td>\n<td width=\"319\"><strong>1 tablett<\/strong><\/td>\n<\/tr>\n<tr>\n<td width=\"319\"><em>Bacopa Monnieri<\/em><\/td>\n<td width=\"319\">250mg<\/td>\n<\/tr>\n<tr>\n<td width=\"319\">sealhulgas: bakosiidid<\/td>\n<td width=\"319\">125mg<\/td>\n<\/tr>\n<\/tbody>\n<\/table>\n<p>Soovid kaupa osta suuremas koguses? Vaata antud toodet ka meie HULGI poest\u00a0<a href=\"https:\/\/toidulisandidhulgi.ee\/product\/bacopa-monnieri-90vcaps\/\"><strong>SIIT<\/strong><\/a>!<\/p>\n","protected":false},"excerpt":{"rendered":"<p><strong>Bacopa Monnieri positiivsed omadused:<\/strong><\/p>\n<ul>\n<li>Parandab kognitiivset v\u00f5imet, m\u00e4lu;<\/li>\n<li>Toetab keskendusv\u00f5imet;<\/li>\n<li>Aitab leevendada epilepsia hooge;<\/li>\n<li>Aitab leevendada astma, bronhiidi, d\u00fcspepsia, kuseteede haigusi;<\/li>\n<li>Aitab \u00e4revuse, \u00e4ngi ja depressiooni korral;<\/li>\n<\/ul>\n","protected":false},"featured_media":84415,"comment_status":"closed","ping_status":"closed","template":"","meta":[],"product_brand":[],"product_cat":[2485,1329,1454,2664,536,1201],"product_tag":[2645,2646,1924,2647],"giftcard-category":[],"class_list":{"0":"post-53232","1":"product","2":"type-product","3":"status-publish","4":"has-post-thumbnail","6":"product_cat-brain-support-nootropics-en","7":"product_cat-ostrovit-en","8":"product_cat-superfoods-health-foods-en","9":"product_cat-vegan-capsules-en","10":"product_cat-vitamins-and-minerals-en","11":"product_cat-1201","12":"product_tag-bacopa-en","13":"product_tag-bacopa-monnieri-en","14":"product_tag-ostrovit-en","15":"product_tag-sasi-vesikaak-en","16":"pa_toidulisand-branddd-ostrovit","17":"pa_tootegruppp-aju-tegevus-nootropics-en","18":"pa_tootegruppp-supertoit-tervisetoit-en","19":"pa_tootegruppp-vcaps-vegan-kapslid-en","20":"pa_tootegruppp-vegan-en","21":"pa_tootegruppp-vitamins-and-minerals","23":"first","24":"instock","25":"sale","26":"taxable","27":"shipping-taxable","28":"purchasable","29":"product-type-simple"},"yoast_head":"<!-- This site is optimized with the Yoast SEO plugin v27.3 - https:\/\/yoast.com\/product\/yoast-seo-wordpress\/ -->\n<title>Bacopa Monnieri (90 vCaps) - Bacopa - Sasi-Vesikaak - Kiire tarne<\/title>\n<meta name=\"description\" content=\"Bacopa Monnieri aitab \u00e4revuse, \u00e4ngi ja depressiooni korral. Lisaks aitab efektiivselt reguleerida aju\u2013 ja n\u00e4rvis\u00fcsteemi korrektset t\u00f6\u00f6d.\" \/>\n<meta name=\"robots\" content=\"index, follow, max-snippet:-1, max-image-preview:large, max-video-preview:-1\" \/>\n<link rel=\"canonical\" href=\"https:\/\/fit360.ee\/en\/pood\/product-groups\/\u0432\u0435\u0433\u0430\u043d\/vegan-capsules-en\/bacopa-monnieri-90vcaps\/\" \/>\n<meta property=\"og:locale\" content=\"en_US\" \/>\n<meta property=\"og:type\" content=\"article\" \/>\n<meta property=\"og:title\" content=\"Bacopa Monnieri (90 vCaps) - Bacopa - Sasi-Vesikaak - Kiire tarne\" \/>\n<meta property=\"og:description\" content=\"Bacopa Monnieri aitab \u00e4revuse, \u00e4ngi ja depressiooni korral. Lisaks aitab efektiivselt reguleerida aju\u2013 ja n\u00e4rvis\u00fcsteemi korrektset t\u00f6\u00f6d.\" \/>\n<meta property=\"og:url\" content=\"https:\/\/fit360.ee\/en\/pood\/product-groups\/\u0432\u0435\u0433\u0430\u043d\/vegan-capsules-en\/bacopa-monnieri-90vcaps\/\" \/>\n<meta property=\"og:site_name\" content=\"Fit360\" \/>\n<meta property=\"article:modified_time\" content=\"2026-04-09T15:13:07+00:00\" \/>\n<meta property=\"og:image\" content=\"https:\/\/fit360.ee\/wp-content\/uploads\/2021\/06\/Bacopa-Monnieri-ostrovit-fit360.ee_.jpg\" \/>\n\t<meta property=\"og:image:width\" content=\"960\" \/>\n\t<meta property=\"og:image:height\" content=\"960\" \/>\n\t<meta property=\"og:image:type\" content=\"image\/jpeg\" \/>\n<meta name=\"twitter:card\" content=\"summary_large_image\" \/>\n<meta name=\"twitter:label1\" content=\"Est. reading time\" \/>\n\t<meta name=\"twitter:data1\" content=\"1 minute\" \/>\n<script type=\"application\/ld+json\" class=\"yoast-schema-graph\">{\"@context\":\"https:\\\/\\\/schema.org\",\"@graph\":[{\"@type\":\"WebPage\",\"@id\":\"https:\\\/\\\/fit360.ee\\\/en\\\/pood\\\/product-groups\\\/%d0%b2%d0%b5%d0%b3%d0%b0%d0%bd\\\/vegan-capsules-en\\\/bacopa-monnieri-90vcaps\\\/\",\"url\":\"https:\\\/\\\/fit360.ee\\\/en\\\/pood\\\/product-groups\\\/%d0%b2%d0%b5%d0%b3%d0%b0%d0%bd\\\/vegan-capsules-en\\\/bacopa-monnieri-90vcaps\\\/\",\"name\":\"Bacopa Monnieri (90 vCaps) - Bacopa - Sasi-Vesikaak - Kiire tarne\",\"isPartOf\":{\"@id\":\"https:\\\/\\\/fit360.ee\\\/en\\\/#website\"},\"primaryImageOfPage\":{\"@id\":\"https:\\\/\\\/fit360.ee\\\/en\\\/pood\\\/product-groups\\\/%d0%b2%d0%b5%d0%b3%d0%b0%d0%bd\\\/vegan-capsules-en\\\/bacopa-monnieri-90vcaps\\\/#primaryimage\"},\"image\":{\"@id\":\"https:\\\/\\\/fit360.ee\\\/en\\\/pood\\\/product-groups\\\/%d0%b2%d0%b5%d0%b3%d0%b0%d0%bd\\\/vegan-capsules-en\\\/bacopa-monnieri-90vcaps\\\/#primaryimage\"},\"thumbnailUrl\":\"https:\\\/\\\/fit360.ee\\\/wp-content\\\/uploads\\\/2021\\\/06\\\/Bacopa-Monnieri-ostrovit-fit360.ee_.jpg\",\"datePublished\":\"2021-06-09T17:19:56+00:00\",\"dateModified\":\"2026-04-09T15:13:07+00:00\",\"description\":\"Bacopa Monnieri aitab \u00e4revuse, \u00e4ngi ja depressiooni korral. Lisaks aitab efektiivselt reguleerida aju\u2013 ja n\u00e4rvis\u00fcsteemi korrektset t\u00f6\u00f6d.\",\"breadcrumb\":{\"@id\":\"https:\\\/\\\/fit360.ee\\\/en\\\/pood\\\/product-groups\\\/%d0%b2%d0%b5%d0%b3%d0%b0%d0%bd\\\/vegan-capsules-en\\\/bacopa-monnieri-90vcaps\\\/#breadcrumb\"},\"inLanguage\":\"en-US\",\"potentialAction\":[{\"@type\":\"ReadAction\",\"target\":[\"https:\\\/\\\/fit360.ee\\\/en\\\/pood\\\/product-groups\\\/%d0%b2%d0%b5%d0%b3%d0%b0%d0%bd\\\/vegan-capsules-en\\\/bacopa-monnieri-90vcaps\\\/\"]}]},{\"@type\":\"ImageObject\",\"inLanguage\":\"en-US\",\"@id\":\"https:\\\/\\\/fit360.ee\\\/en\\\/pood\\\/product-groups\\\/%d0%b2%d0%b5%d0%b3%d0%b0%d0%bd\\\/vegan-capsules-en\\\/bacopa-monnieri-90vcaps\\\/#primaryimage\",\"url\":\"https:\\\/\\\/fit360.ee\\\/wp-content\\\/uploads\\\/2021\\\/06\\\/Bacopa-Monnieri-ostrovit-fit360.ee_.jpg\",\"contentUrl\":\"https:\\\/\\\/fit360.ee\\\/wp-content\\\/uploads\\\/2021\\\/06\\\/Bacopa-Monnieri-ostrovit-fit360.ee_.jpg\",\"width\":960,\"height\":960,\"caption\":\"Bacopa Monnieri ostrovit - fit360.ee\"},{\"@type\":\"BreadcrumbList\",\"@id\":\"https:\\\/\\\/fit360.ee\\\/en\\\/pood\\\/product-groups\\\/%d0%b2%d0%b5%d0%b3%d0%b0%d0%bd\\\/vegan-capsules-en\\\/bacopa-monnieri-90vcaps\\\/#breadcrumb\",\"itemListElement\":[{\"@type\":\"ListItem\",\"position\":1,\"name\":\"Home\",\"item\":\"https:\\\/\\\/fit360.ee\\\/en\\\/\"},{\"@type\":\"ListItem\",\"position\":2,\"name\":\"Shop\",\"item\":\"https:\\\/\\\/fit360.ee\\\/en\\\/shop\\\/\"},{\"@type\":\"ListItem\",\"position\":3,\"name\":\"Bacopa Monnieri (90 vCaps)\"}]},{\"@type\":\"WebSite\",\"@id\":\"https:\\\/\\\/fit360.ee\\\/en\\\/#website\",\"url\":\"https:\\\/\\\/fit360.ee\\\/en\\\/\",\"name\":\"Fit360\",\"description\":\"\",\"publisher\":{\"@id\":\"https:\\\/\\\/fit360.ee\\\/en\\\/#organization\"},\"potentialAction\":[{\"@type\":\"SearchAction\",\"target\":{\"@type\":\"EntryPoint\",\"urlTemplate\":\"https:\\\/\\\/fit360.ee\\\/en\\\/?s={search_term_string}\"},\"query-input\":{\"@type\":\"PropertyValueSpecification\",\"valueRequired\":true,\"valueName\":\"search_term_string\"}}],\"inLanguage\":\"en-US\"},{\"@type\":\"Organization\",\"@id\":\"https:\\\/\\\/fit360.ee\\\/en\\\/#organization\",\"name\":\"Fit360\",\"url\":\"https:\\\/\\\/fit360.ee\\\/en\\\/\",\"logo\":{\"@type\":\"ImageObject\",\"inLanguage\":\"en-US\",\"@id\":\"https:\\\/\\\/fit360.ee\\\/en\\\/#\\\/schema\\\/logo\\\/image\\\/\",\"url\":\"https:\\\/\\\/fit360.ee\\\/wp-content\\\/uploads\\\/2017\\\/01\\\/logo-fit360.png\",\"contentUrl\":\"https:\\\/\\\/fit360.ee\\\/wp-content\\\/uploads\\\/2017\\\/01\\\/logo-fit360.png\",\"width\":180,\"height\":66,\"caption\":\"Fit360\"},\"image\":{\"@id\":\"https:\\\/\\\/fit360.ee\\\/en\\\/#\\\/schema\\\/logo\\\/image\\\/\"}}]}<\/script>\n<!-- \/ Yoast SEO plugin. -->","yoast_head_json":{"title":"Bacopa Monnieri (90 vCaps) - Bacopa - Sasi-Vesikaak - Kiire tarne","description":"Bacopa Monnieri aitab \u00e4revuse, \u00e4ngi ja depressiooni korral. Lisaks aitab efektiivselt reguleerida aju\u2013 ja n\u00e4rvis\u00fcsteemi korrektset t\u00f6\u00f6d.","robots":{"index":"index","follow":"follow","max-snippet":"max-snippet:-1","max-image-preview":"max-image-preview:large","max-video-preview":"max-video-preview:-1"},"canonical":"https:\/\/fit360.ee\/en\/pood\/product-groups\/\u0432\u0435\u0433\u0430\u043d\/vegan-capsules-en\/bacopa-monnieri-90vcaps\/","og_locale":"en_US","og_type":"article","og_title":"Bacopa Monnieri (90 vCaps) - Bacopa - Sasi-Vesikaak - Kiire tarne","og_description":"Bacopa Monnieri aitab \u00e4revuse, \u00e4ngi ja depressiooni korral. Lisaks aitab efektiivselt reguleerida aju\u2013 ja n\u00e4rvis\u00fcsteemi korrektset t\u00f6\u00f6d.","og_url":"https:\/\/fit360.ee\/en\/pood\/product-groups\/\u0432\u0435\u0433\u0430\u043d\/vegan-capsules-en\/bacopa-monnieri-90vcaps\/","og_site_name":"Fit360","article_modified_time":"2026-04-09T15:13:07+00:00","og_image":[{"width":960,"height":960,"url":"https:\/\/fit360.ee\/wp-content\/uploads\/2021\/06\/Bacopa-Monnieri-ostrovit-fit360.ee_.jpg","type":"image\/jpeg"}],"twitter_card":"summary_large_image","twitter_misc":{"Est. reading time":"1 minute"},"schema":{"@context":"https:\/\/schema.org","@graph":[{"@type":"WebPage","@id":"https:\/\/fit360.ee\/en\/pood\/product-groups\/%d0%b2%d0%b5%d0%b3%d0%b0%d0%bd\/vegan-capsules-en\/bacopa-monnieri-90vcaps\/","url":"https:\/\/fit360.ee\/en\/pood\/product-groups\/%d0%b2%d0%b5%d0%b3%d0%b0%d0%bd\/vegan-capsules-en\/bacopa-monnieri-90vcaps\/","name":"Bacopa Monnieri (90 vCaps) - Bacopa - Sasi-Vesikaak - Kiire tarne","isPartOf":{"@id":"https:\/\/fit360.ee\/en\/#website"},"primaryImageOfPage":{"@id":"https:\/\/fit360.ee\/en\/pood\/product-groups\/%d0%b2%d0%b5%d0%b3%d0%b0%d0%bd\/vegan-capsules-en\/bacopa-monnieri-90vcaps\/#primaryimage"},"image":{"@id":"https:\/\/fit360.ee\/en\/pood\/product-groups\/%d0%b2%d0%b5%d0%b3%d0%b0%d0%bd\/vegan-capsules-en\/bacopa-monnieri-90vcaps\/#primaryimage"},"thumbnailUrl":"https:\/\/fit360.ee\/wp-content\/uploads\/2021\/06\/Bacopa-Monnieri-ostrovit-fit360.ee_.jpg","datePublished":"2021-06-09T17:19:56+00:00","dateModified":"2026-04-09T15:13:07+00:00","description":"Bacopa Monnieri aitab \u00e4revuse, \u00e4ngi ja depressiooni korral. Lisaks aitab efektiivselt reguleerida aju\u2013 ja n\u00e4rvis\u00fcsteemi korrektset t\u00f6\u00f6d.","breadcrumb":{"@id":"https:\/\/fit360.ee\/en\/pood\/product-groups\/%d0%b2%d0%b5%d0%b3%d0%b0%d0%bd\/vegan-capsules-en\/bacopa-monnieri-90vcaps\/#breadcrumb"},"inLanguage":"en-US","potentialAction":[{"@type":"ReadAction","target":["https:\/\/fit360.ee\/en\/pood\/product-groups\/%d0%b2%d0%b5%d0%b3%d0%b0%d0%bd\/vegan-capsules-en\/bacopa-monnieri-90vcaps\/"]}]},{"@type":"ImageObject","inLanguage":"en-US","@id":"https:\/\/fit360.ee\/en\/pood\/product-groups\/%d0%b2%d0%b5%d0%b3%d0%b0%d0%bd\/vegan-capsules-en\/bacopa-monnieri-90vcaps\/#primaryimage","url":"https:\/\/fit360.ee\/wp-content\/uploads\/2021\/06\/Bacopa-Monnieri-ostrovit-fit360.ee_.jpg","contentUrl":"https:\/\/fit360.ee\/wp-content\/uploads\/2021\/06\/Bacopa-Monnieri-ostrovit-fit360.ee_.jpg","width":960,"height":960,"caption":"Bacopa Monnieri ostrovit - fit360.ee"},{"@type":"BreadcrumbList","@id":"https:\/\/fit360.ee\/en\/pood\/product-groups\/%d0%b2%d0%b5%d0%b3%d0%b0%d0%bd\/vegan-capsules-en\/bacopa-monnieri-90vcaps\/#breadcrumb","itemListElement":[{"@type":"ListItem","position":1,"name":"Home","item":"https:\/\/fit360.ee\/en\/"},{"@type":"ListItem","position":2,"name":"Shop","item":"https:\/\/fit360.ee\/en\/shop\/"},{"@type":"ListItem","position":3,"name":"Bacopa Monnieri (90 vCaps)"}]},{"@type":"WebSite","@id":"https:\/\/fit360.ee\/en\/#website","url":"https:\/\/fit360.ee\/en\/","name":"Fit360","description":"","publisher":{"@id":"https:\/\/fit360.ee\/en\/#organization"},"potentialAction":[{"@type":"SearchAction","target":{"@type":"EntryPoint","urlTemplate":"https:\/\/fit360.ee\/en\/?s={search_term_string}"},"query-input":{"@type":"PropertyValueSpecification","valueRequired":true,"valueName":"search_term_string"}}],"inLanguage":"en-US"},{"@type":"Organization","@id":"https:\/\/fit360.ee\/en\/#organization","name":"Fit360","url":"https:\/\/fit360.ee\/en\/","logo":{"@type":"ImageObject","inLanguage":"en-US","@id":"https:\/\/fit360.ee\/en\/#\/schema\/logo\/image\/","url":"https:\/\/fit360.ee\/wp-content\/uploads\/2017\/01\/logo-fit360.png","contentUrl":"https:\/\/fit360.ee\/wp-content\/uploads\/2017\/01\/logo-fit360.png","width":180,"height":66,"caption":"Fit360"},"image":{"@id":"https:\/\/fit360.ee\/en\/#\/schema\/logo\/image\/"}}]}},"_links":{"self":[{"href":"https:\/\/fit360.ee\/en\/wp-json\/wp\/v2\/product\/53232","targetHints":{"allow":["GET"]}}],"collection":[{"href":"https:\/\/fit360.ee\/en\/wp-json\/wp\/v2\/product"}],"about":[{"href":"https:\/\/fit360.ee\/en\/wp-json\/wp\/v2\/types\/product"}],"replies":[{"embeddable":true,"href":"https:\/\/fit360.ee\/en\/wp-json\/wp\/v2\/comments?post=53232"}],"wp:featuredmedia":[{"embeddable":true,"href":"https:\/\/fit360.ee\/en\/wp-json\/wp\/v2\/media\/84415"}],"wp:attachment":[{"href":"https:\/\/fit360.ee\/en\/wp-json\/wp\/v2\/media?parent=53232"}],"wp:term":[{"taxonomy":"product_brand","embeddable":true,"href":"https:\/\/fit360.ee\/en\/wp-json\/wp\/v2\/product_brand?post=53232"},{"taxonomy":"product_cat","embeddable":true,"href":"https:\/\/fit360.ee\/en\/wp-json\/wp\/v2\/product_cat?post=53232"},{"taxonomy":"product_tag","embeddable":true,"href":"https:\/\/fit360.ee\/en\/wp-json\/wp\/v2\/product_tag?post=53232"},{"taxonomy":"giftcard-category","embeddable":true,"href":"https:\/\/fit360.ee\/en\/wp-json\/wp\/v2\/giftcard-category?post=53232"}],"curies":[{"name":"wp","href":"https:\/\/api.w.org\/{rel}","templated":true}]}}