{"id":53426,"date":"2021-06-16T13:41:16","date_gmt":"2021-06-16T11:41:16","guid":{"rendered":"https:\/\/fit360.ee\/pood\/uncategorized\/protein-cupcake-800g\/"},"modified":"2025-08-19T19:54:33","modified_gmt":"2025-08-19T17:54:33","slug":"protein-cupcake-800g","status":"publish","type":"product","link":"https:\/\/fit360.ee\/en\/pood\/product-groups\/superfoods-health-foods-en\/fiber-en\/protein-cupcake-800g\/","title":{"rendered":"Protein Cupcake (800g)"},"content":{"rendered":"<h1><strong>Protein Cupcake<\/strong><\/h1>\n<p><strong>ICONFIT Protein Cupcake on tervislik ja vaid 1 minutiga valmiv vahepala, mis maitseb nagu magustoit.\u00a0<\/strong>Iga magusas\u00f5bra unistus on t\u00e4ide l\u00e4inud, sest enam ei t\u00e4henda magustoit k\u00f5rget suhkru ja rasvasisaldust, vaid see on t\u00e4iesti tervislik tasakaalus toit. Sobib tervele perele. <strong>Rikkalikult <a href=\"https:\/\/fit360.ee\/en\/product-category\/product-groups\/protein-poweders-en\/\">proteiini<\/a> (30,3%) ja <a href=\"https:\/\/fit360.ee\/en\/product-category\/product-groups\/superfoods-health-foods-en\/fiber-en\/\">kiudaineid<\/a> (9,8%),<\/strong> mis hoiavad k\u00f5hu h\u00e4sti ja maitsvalt t\u00e4is. Lisatud ka looduslikud prebiootilised kiudained, mis on kasulikud Sinu seedimisele. Valmistamine on eriti lihtne. J\u00e4rgi vaid lihtsaid juhiseid ja oled minutiga meisterkokk!<\/p>\n<p><a href=\"https:\/\/fit360.ee\/wp-content\/uploads\/2021\/06\/protein-cupcake-proteiini-pannkoogid-fit360.ee_-800x224.jpg\"><img loading=\"lazy\" decoding=\"async\" class=\"size-medium wp-image-53424\" src=\"https:\/\/fit360.ee\/wp-content\/uploads\/2021\/06\/protein-cupcake-proteiini-pannkoogid-fit360.ee_-800x224.jpg\" alt=\"protein cupcake proteiini pannkoogid - fit360.ee\" width=\"800\" height=\"224\" srcset=\"https:\/\/fit360.ee\/wp-content\/uploads\/2021\/06\/protein-cupcake-proteiini-pannkoogid-fit360.ee_-800x224.jpg 800w, https:\/\/fit360.ee\/wp-content\/uploads\/2021\/06\/protein-cupcake-proteiini-pannkoogid-fit360.ee_-510x143.jpg 510w, https:\/\/fit360.ee\/wp-content\/uploads\/2021\/06\/protein-cupcake-proteiini-pannkoogid-fit360.ee_-768x215.jpg 768w, https:\/\/fit360.ee\/wp-content\/uploads\/2021\/06\/protein-cupcake-proteiini-pannkoogid-fit360.ee_.jpg 1000w\" sizes=\"auto, (max-width: 800px) 100vw, 800px\" \/><\/a><\/p>\n<h3><strong>Kuidas kasutada<\/strong><\/h3>\n<p><i class=\"fontawesome-icon fa-beer fas circle-yes\"><\/i>T\u00f5sta kruusi 1 servani m\u00f5\u00f5dulusikas (45g) Protein Cupcake segu. M\u00f5\u00f5dulusikas kotis kaasas. Nipp: Kasuta v\u00e4hemalt 300ml mikrolaineahju sobivat kruusi. Soovituslikult veel suuremat. <i class=\"fontawesome-icon fa-tint fas circle-yes\"><\/i>Vala peale\u00a0<strong>t\u00e4pselt 50 g \/ ml\u00a0<\/strong><em>vett<\/em> ning sega lusikaga \u00fchtlase lahustumiseni.\u00a0<i class=\"fontawesome-icon fa-bread-slice fas circle-yes\"><\/i>K\u00fcpseta mikrolaineahjus kuni 1 minut tassi pidevalt j\u00e4lgides. Kook v\u00f5ib kerkida natuke (~2 cm) \u00fcle tassi serva ja lase sel kerkida ja k\u00fcpseda. J\u00e4lgi, et vaid p\u00e4ris \u00fcle \u00e4\u00e4re ei valgu. <i class=\"fontawesome-icon fa-grin-hearts fas circle-yes\"><\/i>Naudi lusikaga otse tassist v\u00f5i vala \u00fcmber taldrikule. Pealt peab see j\u00e4\u00e4ma pehmelt \u0161okolaadine, seest muffini tekstuuriga.<\/p>\n<div class=\"table-2\">\n<table width=\"100%\">\n<thead>\n<tr>\n<th align=\"left\"><strong>Toitained (\u0160OKOLAADI tootes):<\/strong><\/th>\n<th align=\"left\">\/ 45 g<\/th>\n<th align=\"left\">\/ 100 g<\/th>\n<\/tr>\n<\/thead>\n<tbody>\n<tr>\n<td align=\"left\">Energia (kJ\/kcal)579<\/td>\n<td align=\"left\">579\/138<\/td>\n<td align=\"left\">1286\/307<\/td>\n<\/tr>\n<tr>\n<td align=\"left\"><strong>Valgud(g)<\/strong><\/td>\n<td align=\"left\">13,6<\/td>\n<td align=\"left\">30,3<\/td>\n<\/tr>\n<tr>\n<td align=\"left\">S\u00fcsivesikud(g)<\/td>\n<td align=\"left\">6,6<\/td>\n<td align=\"left\">14,7<\/td>\n<\/tr>\n<tr>\n<td align=\"left\">..millest suhkruid(g ,ei ole lisatud suhkrut)<\/td>\n<td align=\"left\">5,9<\/td>\n<td align=\"left\">13,1<\/td>\n<\/tr>\n<tr>\n<td align=\"left\">Rasvad(g)<\/td>\n<td align=\"left\">4,9<\/td>\n<td align=\"left\">10,9<\/td>\n<\/tr>\n<tr>\n<td align=\"left\">..millest k\u00fcllast.(g)<\/td>\n<td align=\"left\">1,5<\/td>\n<td align=\"left\">3,3<\/td>\n<\/tr>\n<tr>\n<td align=\"left\">Kiudained (g)<\/td>\n<td align=\"left\">4,4<\/td>\n<td align=\"left\">9,8<\/td>\n<\/tr>\n<\/tbody>\n<\/table>\n<\/div>\n<p><strong>Koostiosad:<\/strong>\u00a0<em><u>L\u00f5ssipulber<\/u><\/em>, er\u00fctritool (looduslik kalorivaba magusaine), kanepiproteiin,\u00a0<em><u>mandlijahu<\/u><\/em>, kakaopulber,\u00a0<em><u>munavalge<\/u>\u00a0<\/em>pulber, inuliin (looduslik kiudaine), kookospiima pulber (kookospiim, maltodekstriin,\u00a0<em><u>kaseiin<\/u><\/em>), s\u00f6\u00f6gisooda, stevioolgl\u00fckosiid (stevia ekstrakt).<\/p>\n<p>NB! Sobib kasutamiseks ka proteiini pannkookide jaoks<\/p>\n<p>Soovid kaupa osta suuremas koguses? Vaata antud toodet ka meie HULGI poest\u00a0<a href=\"https:\/\/toidulisandidhulgi.ee\/product\/protein-cupcake-800g\/\"><strong>SIIT<\/strong><\/a>!<\/p>\n","protected":false},"excerpt":{"rendered":"<h2><strong>ICONFIT Protein Cupcake<\/strong><\/h2>\n<p><strong>ICONFIT Protein Cupcake on tervislik ja vaid 1 minutiga valmiv vahepala, mis maitseb nagu magustoit.\u00a0<\/strong>Iga magusas\u00f5bra unistus on t\u00e4ide l\u00e4inud sest enam ei t\u00e4henda magustoit k\u00f5rget suhkru ja rasvasisaldust vaid see on t\u00e4iesti tervislik tasakaalus toit.\u00a0<strong>Sobib tervele perele.<\/strong>\u00a0Eestis v\u00e4lja arendatud ja toodetud!<\/p>\n<ul>\n<li class=\"fusion-li-item-content\"><b>Tervislik ja tasakaalustatud retsept. <\/b>Maitseb nagu magustoit, kuid on tervislik ja tasakaalustatud toit. Ei grammigi lisatud suhkrut! Kodus v\u00f5i kontoris ideaalne tervislik vahepala.<\/li>\n<li class=\"fusion-li-item-content\"><strong>Eriti lihtne ja kiire valmistada.\u00a0<\/strong>Sega 45g pulbrit (m\u00f5\u00f5dulusikas kaasas) tassis 50 g\/ml veega ja k\u00fcpseta mikrolaineahjus ~1 minut. Naudi otse tassist v\u00f5i t\u00f5sta maitsev kook taldrikule.<\/li>\n<li><strong>Rikkalikult proteiini (30,3%) ja kiudaineid (9,8%),<\/strong>\u00a0mis hoiavad k\u00f5hu h\u00e4sti ja maitsvalt t\u00e4is. Prebiootilised kiudained on kasulikud Sinu seedimisele.<\/li>\n<li class=\"fusion-li-item-content\"><strong>Saadaval esialgu rikkaliku \u0161okolaadimaitsega ja peagi tulemas veel p\u00f5nevaid maitseid.<\/strong><\/li>\n<\/ul>\n<p>&nbsp;<\/p>\n","protected":false},"featured_media":53422,"comment_status":"closed","ping_status":"closed","template":"","meta":[],"product_brand":[],"product_cat":[2351,1318,534,535,1454],"product_tag":[1681,2862],"giftcard-category":[],"class_list":{"0":"post-53426","1":"product","2":"type-product","3":"status-publish","4":"has-post-thumbnail","6":"product_cat-fiber-en","7":"product_cat-iconfit-en","8":"product_cat-protein-bars-and-snacks","9":"product_cat-protein-poweders-en","10":"product_cat-superfoods-health-foods-en","11":"product_tag-iconfit-en","12":"product_tag-protein-cupcake-en","13":"pa_maitse-chocolate","15":"first","16":"outofstock","17":"sale","18":"taxable","19":"shipping-taxable","20":"purchasable","21":"product-type-variable"},"yoast_head":"<!-- This site is optimized with the Yoast SEO plugin v27.3 - https:\/\/yoast.com\/product\/yoast-seo-wordpress\/ -->\n<title>Protein Cupcake (800g) - Proteiini pannkoogid - Tervislik vahepala - Fit360<\/title>\n<meta name=\"description\" content=\"Protein Cupcake on tervislik ja vaid 1 minutiga valmiv vahepala, mis maitseb nagu magustoit.\u00a0Iga magusas\u00f5bra unistus on t\u00e4ide l\u00e4inud!\" \/>\n<meta name=\"robots\" content=\"index, follow, max-snippet:-1, max-image-preview:large, max-video-preview:-1\" \/>\n<link rel=\"canonical\" href=\"https:\/\/fit360.ee\/en\/pood\/product-groups\/superfoods-health-foods-en\/fiber-en\/protein-cupcake-800g\/\" \/>\n<meta property=\"og:locale\" content=\"en_US\" \/>\n<meta property=\"og:type\" content=\"article\" \/>\n<meta property=\"og:title\" content=\"Protein Cupcake (800g) - Proteiini pannkoogid - Tervislik vahepala - Fit360\" \/>\n<meta property=\"og:description\" content=\"Protein Cupcake on tervislik ja vaid 1 minutiga valmiv vahepala, mis maitseb nagu magustoit.\u00a0Iga magusas\u00f5bra unistus on t\u00e4ide l\u00e4inud!\" \/>\n<meta property=\"og:url\" content=\"https:\/\/fit360.ee\/en\/pood\/product-groups\/superfoods-health-foods-en\/fiber-en\/protein-cupcake-800g\/\" \/>\n<meta property=\"og:site_name\" content=\"Fit360\" \/>\n<meta property=\"article:modified_time\" content=\"2025-08-19T17:54:33+00:00\" \/>\n<meta property=\"og:image\" content=\"https:\/\/fit360.ee\/wp-content\/uploads\/2021\/06\/protein-cupcake-fit360.ee_.jpg\" \/>\n\t<meta property=\"og:image:width\" content=\"1000\" \/>\n\t<meta property=\"og:image:height\" content=\"1000\" \/>\n\t<meta property=\"og:image:type\" content=\"image\/jpeg\" \/>\n<meta name=\"twitter:card\" content=\"summary_large_image\" \/>\n<meta name=\"twitter:label1\" content=\"Est. reading time\" \/>\n\t<meta name=\"twitter:data1\" content=\"2 minutes\" \/>\n<script type=\"application\/ld+json\" class=\"yoast-schema-graph\">{\"@context\":\"https:\\\/\\\/schema.org\",\"@graph\":[{\"@type\":\"WebPage\",\"@id\":\"https:\\\/\\\/fit360.ee\\\/en\\\/pood\\\/product-groups\\\/superfoods-health-foods-en\\\/fiber-en\\\/protein-cupcake-800g\\\/\",\"url\":\"https:\\\/\\\/fit360.ee\\\/en\\\/pood\\\/product-groups\\\/superfoods-health-foods-en\\\/fiber-en\\\/protein-cupcake-800g\\\/\",\"name\":\"Protein Cupcake (800g) - Proteiini pannkoogid - Tervislik vahepala - Fit360\",\"isPartOf\":{\"@id\":\"https:\\\/\\\/fit360.ee\\\/en\\\/#website\"},\"primaryImageOfPage\":{\"@id\":\"https:\\\/\\\/fit360.ee\\\/en\\\/pood\\\/product-groups\\\/superfoods-health-foods-en\\\/fiber-en\\\/protein-cupcake-800g\\\/#primaryimage\"},\"image\":{\"@id\":\"https:\\\/\\\/fit360.ee\\\/en\\\/pood\\\/product-groups\\\/superfoods-health-foods-en\\\/fiber-en\\\/protein-cupcake-800g\\\/#primaryimage\"},\"thumbnailUrl\":\"https:\\\/\\\/fit360.ee\\\/wp-content\\\/uploads\\\/2021\\\/06\\\/protein-cupcake-fit360.ee_.jpg\",\"datePublished\":\"2021-06-16T11:41:16+00:00\",\"dateModified\":\"2025-08-19T17:54:33+00:00\",\"description\":\"Protein Cupcake on tervislik ja vaid 1 minutiga valmiv vahepala, mis maitseb nagu magustoit.\u00a0Iga magusas\u00f5bra unistus on t\u00e4ide l\u00e4inud!\",\"breadcrumb\":{\"@id\":\"https:\\\/\\\/fit360.ee\\\/en\\\/pood\\\/product-groups\\\/superfoods-health-foods-en\\\/fiber-en\\\/protein-cupcake-800g\\\/#breadcrumb\"},\"inLanguage\":\"en-US\",\"potentialAction\":[{\"@type\":\"ReadAction\",\"target\":[\"https:\\\/\\\/fit360.ee\\\/en\\\/pood\\\/product-groups\\\/superfoods-health-foods-en\\\/fiber-en\\\/protein-cupcake-800g\\\/\"]}]},{\"@type\":\"ImageObject\",\"inLanguage\":\"en-US\",\"@id\":\"https:\\\/\\\/fit360.ee\\\/en\\\/pood\\\/product-groups\\\/superfoods-health-foods-en\\\/fiber-en\\\/protein-cupcake-800g\\\/#primaryimage\",\"url\":\"https:\\\/\\\/fit360.ee\\\/wp-content\\\/uploads\\\/2021\\\/06\\\/protein-cupcake-fit360.ee_.jpg\",\"contentUrl\":\"https:\\\/\\\/fit360.ee\\\/wp-content\\\/uploads\\\/2021\\\/06\\\/protein-cupcake-fit360.ee_.jpg\",\"width\":1000,\"height\":1000,\"caption\":\"protein cupcake - fit360.ee\"},{\"@type\":\"BreadcrumbList\",\"@id\":\"https:\\\/\\\/fit360.ee\\\/en\\\/pood\\\/product-groups\\\/superfoods-health-foods-en\\\/fiber-en\\\/protein-cupcake-800g\\\/#breadcrumb\",\"itemListElement\":[{\"@type\":\"ListItem\",\"position\":1,\"name\":\"Home\",\"item\":\"https:\\\/\\\/fit360.ee\\\/en\\\/\"},{\"@type\":\"ListItem\",\"position\":2,\"name\":\"Shop\",\"item\":\"https:\\\/\\\/fit360.ee\\\/en\\\/shop\\\/\"},{\"@type\":\"ListItem\",\"position\":3,\"name\":\"Protein Cupcake (800g)\"}]},{\"@type\":\"WebSite\",\"@id\":\"https:\\\/\\\/fit360.ee\\\/en\\\/#website\",\"url\":\"https:\\\/\\\/fit360.ee\\\/en\\\/\",\"name\":\"Fit360\",\"description\":\"\",\"publisher\":{\"@id\":\"https:\\\/\\\/fit360.ee\\\/en\\\/#organization\"},\"potentialAction\":[{\"@type\":\"SearchAction\",\"target\":{\"@type\":\"EntryPoint\",\"urlTemplate\":\"https:\\\/\\\/fit360.ee\\\/en\\\/?s={search_term_string}\"},\"query-input\":{\"@type\":\"PropertyValueSpecification\",\"valueRequired\":true,\"valueName\":\"search_term_string\"}}],\"inLanguage\":\"en-US\"},{\"@type\":\"Organization\",\"@id\":\"https:\\\/\\\/fit360.ee\\\/en\\\/#organization\",\"name\":\"Fit360\",\"url\":\"https:\\\/\\\/fit360.ee\\\/en\\\/\",\"logo\":{\"@type\":\"ImageObject\",\"inLanguage\":\"en-US\",\"@id\":\"https:\\\/\\\/fit360.ee\\\/en\\\/#\\\/schema\\\/logo\\\/image\\\/\",\"url\":\"https:\\\/\\\/fit360.ee\\\/wp-content\\\/uploads\\\/2017\\\/01\\\/logo-fit360.png\",\"contentUrl\":\"https:\\\/\\\/fit360.ee\\\/wp-content\\\/uploads\\\/2017\\\/01\\\/logo-fit360.png\",\"width\":180,\"height\":66,\"caption\":\"Fit360\"},\"image\":{\"@id\":\"https:\\\/\\\/fit360.ee\\\/en\\\/#\\\/schema\\\/logo\\\/image\\\/\"}}]}<\/script>\n<!-- \/ Yoast SEO plugin. -->","yoast_head_json":{"title":"Protein Cupcake (800g) - Proteiini pannkoogid - Tervislik vahepala - Fit360","description":"Protein Cupcake on tervislik ja vaid 1 minutiga valmiv vahepala, mis maitseb nagu magustoit.\u00a0Iga magusas\u00f5bra unistus on t\u00e4ide l\u00e4inud!","robots":{"index":"index","follow":"follow","max-snippet":"max-snippet:-1","max-image-preview":"max-image-preview:large","max-video-preview":"max-video-preview:-1"},"canonical":"https:\/\/fit360.ee\/en\/pood\/product-groups\/superfoods-health-foods-en\/fiber-en\/protein-cupcake-800g\/","og_locale":"en_US","og_type":"article","og_title":"Protein Cupcake (800g) - Proteiini pannkoogid - Tervislik vahepala - Fit360","og_description":"Protein Cupcake on tervislik ja vaid 1 minutiga valmiv vahepala, mis maitseb nagu magustoit.\u00a0Iga magusas\u00f5bra unistus on t\u00e4ide l\u00e4inud!","og_url":"https:\/\/fit360.ee\/en\/pood\/product-groups\/superfoods-health-foods-en\/fiber-en\/protein-cupcake-800g\/","og_site_name":"Fit360","article_modified_time":"2025-08-19T17:54:33+00:00","og_image":[{"width":1000,"height":1000,"url":"https:\/\/fit360.ee\/wp-content\/uploads\/2021\/06\/protein-cupcake-fit360.ee_.jpg","type":"image\/jpeg"}],"twitter_card":"summary_large_image","twitter_misc":{"Est. reading time":"2 minutes"},"schema":{"@context":"https:\/\/schema.org","@graph":[{"@type":"WebPage","@id":"https:\/\/fit360.ee\/en\/pood\/product-groups\/superfoods-health-foods-en\/fiber-en\/protein-cupcake-800g\/","url":"https:\/\/fit360.ee\/en\/pood\/product-groups\/superfoods-health-foods-en\/fiber-en\/protein-cupcake-800g\/","name":"Protein Cupcake (800g) - Proteiini pannkoogid - Tervislik vahepala - Fit360","isPartOf":{"@id":"https:\/\/fit360.ee\/en\/#website"},"primaryImageOfPage":{"@id":"https:\/\/fit360.ee\/en\/pood\/product-groups\/superfoods-health-foods-en\/fiber-en\/protein-cupcake-800g\/#primaryimage"},"image":{"@id":"https:\/\/fit360.ee\/en\/pood\/product-groups\/superfoods-health-foods-en\/fiber-en\/protein-cupcake-800g\/#primaryimage"},"thumbnailUrl":"https:\/\/fit360.ee\/wp-content\/uploads\/2021\/06\/protein-cupcake-fit360.ee_.jpg","datePublished":"2021-06-16T11:41:16+00:00","dateModified":"2025-08-19T17:54:33+00:00","description":"Protein Cupcake on tervislik ja vaid 1 minutiga valmiv vahepala, mis maitseb nagu magustoit.\u00a0Iga magusas\u00f5bra unistus on t\u00e4ide l\u00e4inud!","breadcrumb":{"@id":"https:\/\/fit360.ee\/en\/pood\/product-groups\/superfoods-health-foods-en\/fiber-en\/protein-cupcake-800g\/#breadcrumb"},"inLanguage":"en-US","potentialAction":[{"@type":"ReadAction","target":["https:\/\/fit360.ee\/en\/pood\/product-groups\/superfoods-health-foods-en\/fiber-en\/protein-cupcake-800g\/"]}]},{"@type":"ImageObject","inLanguage":"en-US","@id":"https:\/\/fit360.ee\/en\/pood\/product-groups\/superfoods-health-foods-en\/fiber-en\/protein-cupcake-800g\/#primaryimage","url":"https:\/\/fit360.ee\/wp-content\/uploads\/2021\/06\/protein-cupcake-fit360.ee_.jpg","contentUrl":"https:\/\/fit360.ee\/wp-content\/uploads\/2021\/06\/protein-cupcake-fit360.ee_.jpg","width":1000,"height":1000,"caption":"protein cupcake - fit360.ee"},{"@type":"BreadcrumbList","@id":"https:\/\/fit360.ee\/en\/pood\/product-groups\/superfoods-health-foods-en\/fiber-en\/protein-cupcake-800g\/#breadcrumb","itemListElement":[{"@type":"ListItem","position":1,"name":"Home","item":"https:\/\/fit360.ee\/en\/"},{"@type":"ListItem","position":2,"name":"Shop","item":"https:\/\/fit360.ee\/en\/shop\/"},{"@type":"ListItem","position":3,"name":"Protein Cupcake (800g)"}]},{"@type":"WebSite","@id":"https:\/\/fit360.ee\/en\/#website","url":"https:\/\/fit360.ee\/en\/","name":"Fit360","description":"","publisher":{"@id":"https:\/\/fit360.ee\/en\/#organization"},"potentialAction":[{"@type":"SearchAction","target":{"@type":"EntryPoint","urlTemplate":"https:\/\/fit360.ee\/en\/?s={search_term_string}"},"query-input":{"@type":"PropertyValueSpecification","valueRequired":true,"valueName":"search_term_string"}}],"inLanguage":"en-US"},{"@type":"Organization","@id":"https:\/\/fit360.ee\/en\/#organization","name":"Fit360","url":"https:\/\/fit360.ee\/en\/","logo":{"@type":"ImageObject","inLanguage":"en-US","@id":"https:\/\/fit360.ee\/en\/#\/schema\/logo\/image\/","url":"https:\/\/fit360.ee\/wp-content\/uploads\/2017\/01\/logo-fit360.png","contentUrl":"https:\/\/fit360.ee\/wp-content\/uploads\/2017\/01\/logo-fit360.png","width":180,"height":66,"caption":"Fit360"},"image":{"@id":"https:\/\/fit360.ee\/en\/#\/schema\/logo\/image\/"}}]}},"_links":{"self":[{"href":"https:\/\/fit360.ee\/en\/wp-json\/wp\/v2\/product\/53426","targetHints":{"allow":["GET"]}}],"collection":[{"href":"https:\/\/fit360.ee\/en\/wp-json\/wp\/v2\/product"}],"about":[{"href":"https:\/\/fit360.ee\/en\/wp-json\/wp\/v2\/types\/product"}],"replies":[{"embeddable":true,"href":"https:\/\/fit360.ee\/en\/wp-json\/wp\/v2\/comments?post=53426"}],"wp:featuredmedia":[{"embeddable":true,"href":"https:\/\/fit360.ee\/en\/wp-json\/wp\/v2\/media\/53422"}],"wp:attachment":[{"href":"https:\/\/fit360.ee\/en\/wp-json\/wp\/v2\/media?parent=53426"}],"wp:term":[{"taxonomy":"product_brand","embeddable":true,"href":"https:\/\/fit360.ee\/en\/wp-json\/wp\/v2\/product_brand?post=53426"},{"taxonomy":"product_cat","embeddable":true,"href":"https:\/\/fit360.ee\/en\/wp-json\/wp\/v2\/product_cat?post=53426"},{"taxonomy":"product_tag","embeddable":true,"href":"https:\/\/fit360.ee\/en\/wp-json\/wp\/v2\/product_tag?post=53426"},{"taxonomy":"giftcard-category","embeddable":true,"href":"https:\/\/fit360.ee\/en\/wp-json\/wp\/v2\/giftcard-category?post=53426"}],"curies":[{"name":"wp","href":"https:\/\/api.w.org\/{rel}","templated":true}]}}