{"id":53486,"date":"2021-06-19T09:41:31","date_gmt":"2021-06-19T07:41:31","guid":{"rendered":"https:\/\/fit360.ee\/?post_type=product&#038;p=53486"},"modified":"2026-04-07T17:56:17","modified_gmt":"2026-04-07T15:56:17","slug":"tauriin-300g-ostrovit","status":"publish","type":"product","link":"https:\/\/fit360.ee\/en\/pood\/product-groups\/amino-acids-bcaa\/tauriin-300g-ostrovit\/","title":{"rendered":"Tauriin (300g)"},"content":{"rendered":"<h1>Tauriin<\/h1>\n<p><strong>Tauriin<\/strong>\u00a0on \u00fcks suuremaid orgaanilise l\u00e4mmastiku hoiustajaid, takistades katabolismi teket ning soodustades rasvavaba kehamassi juurdekasvu. Samuti t\u00e4itab tauriin olulist \u00fclesannet n\u00e4rvis\u00fcsteemis, seda stimuleerides, mobliliseerides, ning v\u00e4hendades v\u00e4simustunnet. Sarnaselt insuliinile aitab tauriin kaasa kreatiini transpordile lihasrakkudesse muutes selle toime veelgi efektiivsemaks.<\/p>\n<div class=\"C-fragment-html C-fragment--html\">\n<p>Aminohape <strong>Tauriin<\/strong> on vajalik n\u00e4rvis\u00fcsteemi arenguks ja talitluseks, normaalseks n\u00e4gemiseks, ta kuulub sapi koostisse, soodustab toidurasvade seedumist, reguleerib s\u00fcdametegevust ja hoolitseb meie rakumembraanide stabiilsuse eest. Ta on antioks\u00fcdant ja soodustab kahjulike ainete organismist eemaldumist.<br \/>\nSuhteliselt rohkesti on k\u00f5nealust \u00fchendit\u00a0<strong>ajus<\/strong>, sest tauriin on n\u00e4rvis\u00fcsteemi regulaatoraine.<br \/>\nOluline on tauriin imikute ja laste n\u00e4rvis\u00fcsteemi arengus. Rinnapiimas on tauriinisisaldus suur ning viimasel k\u00fcmnendil lisatakse tauriini imikute kuivtoitesegudele. Tauriin on inimorganismile h\u00e4davajalik aine, milleta n\u00e4iteks noorsportlase organism areneda ja kasvada ei suudaks.<br \/>\nTauriinipuudus tekitab t\u00f5siseid terviseh\u00e4ireid.<\/p>\n<\/div>\n<div class=\"C-fragment-html C-fragment--html\">\n<p>T\u00e4iendusmeditsiinis<strong>\u00a0ravitakse selle aminohappe abil:\u00a0<\/strong>s\u00fcdametegevuse puudulikkust,\u00a0veepeetust organismis,\u00a0h\u00fcpertooniat,\u00a0astmat, krambihooge, kollat\u00e4hni haigestumist. Kui klassikaline meditsiin m\u00f5istaks tauriini v\u00e4\u00e4rtust, oleks tauriin kolme populaarseima ravimi hulgas.<\/p>\n<\/div>\n<div class=\"C-fragment-html C-fragment--html\">\n<p>Erinevalt teistest aminohapetest ei kuulu tauriin organismi valkude koosseisu. Selle asemel juhib ta rakumembraani t\u00f6\u00f6d, reguleerides Kaaliumi ja Naaatriumi suhet. <strong>Ta hoiab <a href=\"https:\/\/fit360.ee\/en\/product-category\/product-groups\/vitamins-and-minerals-en\/potassium-en\/\">Kaaliumi<\/a> ja <a href=\"https:\/\/fit360.ee\/en\/product-category\/product-groups\/vitamins-and-minerals-en\/magnesium-en\/\">Magneesiumit<\/a> rakus<\/strong>\u00a0ning\u00a0<strong>Natriumia \u00fclej\u00e4\u00e4gid v\u00e4ljaspool rakku<\/strong>. Sel moel toimib ta diureetikuna, kuid erinevalt diureetilistest preparaatidest, ei ole ta raku m\u00fcrk. Ta ei kahjusta neere. Tegelikult ta kergendab neeruhaigusi ja on ravivahendiks m\u00f5ningate neeruhaiguste korral.<\/p>\n<h2><strong>Taurine<\/strong><\/h2>\n<div class=\"G-col G-col-article\">\n<div class=\"C-fragment-html C-fragment--html\">\n<p><b>Regulaarne Taurine tarbimine <\/b>loob kaitse happeliste protsesside suhtes, tugevdab:<\/p>\n<\/div>\n<div class=\"C-fragment-html C-fragment--html\">\n<ul>\n<li><strong>immuuns\u00fcsteemi,<\/strong><\/li>\n<li><strong>tugevdab s\u00fcdamelihast,<\/strong><\/li>\n<li><strong>stabiliseerib s\u00fcdamer\u00fctmi,<\/strong><\/li>\n<li><strong>ennetab trombide teket,<\/strong><\/li>\n<li><strong>ennetab diabeeti ja soodustab ainevahetust.<\/strong><\/li>\n<\/ul>\n<\/div>\n<div class=\"C-fragment-html C-fragment--html\">\n<h4><strong style=\"font-size: 14.4px;\">Tauriini m\u00f5ju erinevate vaevuste puhul<\/strong><\/h4>\n<\/div>\n<div class=\"C-fragment-html C-fragment--html\">\n<p>Tauriini toos on efektiivne toimeaine k\u00f5ikide seisundite korral, mil on vaja v\u00e4hendada vedeliku hulka organismis, n\u00e4iteks pikkadel lennureisidel paiste minemine, l\u00e4heneva menstruatsiooni puhul jne.<\/p>\n<\/div>\n<\/div>\n<div class=\"G-col G-col-article\">\n<div class=\"C-fragment-html C-fragment--html\">\n<p><strong>N\u00e4gemish\u00e4ired<\/strong>: Kepikesed ja kolvikesed, mis asuvad silma v\u00f5rkkestas, sisaldavad k\u00f5rges kontsentratsioonis pol\u00fck\u00fcllastamata rasvhappeid, rohkem kui mistahes teisorganismi rakud. Need rasvad vajavad pidevat kaitset happelise keskkonna eest, selle tagavad toitained ja nende hulgas ka tauriin. Tauriini defitsiit tekitab v\u00f5rkkesta kahjustusi. Tauriini puudusel kaotavad valged verelibled oma aktiivsuse, mis n\u00f5rgestab immuuns\u00fcsteemi.<\/p>\n<\/div>\n<div class=\"C-fragment-html C-fragment--html\">\n<p><strong>Diabeet:<\/strong> Taurine aitab stabiliseerida suhkrutaset veres nii I kui ka II t\u00fc\u00fcbi korral. II t\u00fc\u00fcpi diabeediga inimestel suurendab ta rakkude tundlikkust insuliini suhtes. I t\u00fc\u00fcpi diabeedi korral saavutatakse igap\u00e4evase 1,5 grammise doosi tarvitamisel veresuhkru alanemine ja trombots\u00fc\u00fctide anomaalse aktiivsuse kadumine. Diabeedihaigetel on tauriini kontsentratsioon alla normi, mis suurendab nende vastuv\u00f5tlikkust retinopaatiale ja s\u00fcdamehaigustele.<\/p>\n<\/div>\n<div class=\"C-fragment-html C-fragment--html\">\n<p><strong>Rasvaainevahetus:<\/strong>\u00a0Et lagundada kolesterooli on vajalik sapiferment, mida toodetakse tauriini abil maksas. Tauriini olemasolu korral j\u00e4\u00e4b sapp vedelasse olekusse ja on v\u00e4hem eeldusi sapikivide tekkeks. See on eriti t\u00e4htis neile, kel on kirurgiliselt eemaldatud sapp v\u00f5i kellel on maksas t\u00f6\u00f6 h\u00e4ired. Peale selle aitab tauriin seedida rasva inimestel, kellel on sapip\u00f5ie fibroos.<\/p>\n<\/div>\n<div class=\"C-fragment-html C-fragment--html\">\n<p><strong>Hingamisraskused:<\/strong>\u00a0Meie kopsud on kahjustatud vabade radikaalide toimest. Kopse m\u00f5jutavad nad rohkem kui teisi organeid. Tauriin kaitseb kopsukudet. See toidulisand on vajalik igale v\u00e4ikesele lapsele. Eriti t\u00e4htis on see laste puhul, kes kannatavad h\u00fcdrotsefaalia (vesipea) all. On h\u00e4davajalik anda seda kaltsiumi kiire kasvuga lastele.<\/p>\n<\/div>\n<div class=\"C-fragment-html C-fragment--html\">\n<p>Teadusuuringud on n\u00e4idanud, et<strong>\u00a0tauriin parandab kaltsiumikanalite l\u00e4bitavust<\/strong> ja on osaline v\u00e4ga paljudes teistes f\u00fcsioloogilistes funktsioonides. Nii v\u00e4hendab see <a href=\"https:\/\/fit360.ee\/en\/product-category\/product-groups\/vitamins-and-minerals-en\/calcium-en\/\"><strong>kaltsiumist<\/strong><\/a> tingitud s\u00fcdamekahjustust ja normaliseerib verer\u00f5hku; kahandab sapikivi tekke riski ja langetab kolesterooli taset; osaleb n\u00e4gemisfunktsioonis jne. Seda teades on Taurine ilmselt aine, mida peaks sisaldama igavest noorust andev elueliksiir.<\/p>\n<\/div>\n<\/div>\n<\/div>\n<p><strong>Koostisosad<\/strong>: Tauriin 100%<\/p>\n<p><strong>Kasutamine<\/strong>: Tarbi 3g (pool m\u00f5\u00f5telusikat) \u00fcks kord p\u00e4evas, segatuna 100-150ml veega. M\u00f5\u00f5telusikas on pakendis.<\/p>\n<p><strong>Suurus:<\/strong> 300g &#8211; 100 serveeringut.<\/p>\n<table>\n<tbody>\n<tr>\n<td width=\"205\"><strong>Anal\u00fc\u00fcs<\/strong><\/td>\n<td width=\"205\"><strong>3g ( 1 serveering)<\/strong><\/td>\n<td width=\"205\"><strong>100g<\/strong><\/td>\n<\/tr>\n<tr>\n<td width=\"205\">Tauriin<\/td>\n<td width=\"205\">3g<\/td>\n<td width=\"205\">100g<\/td>\n<\/tr>\n<\/tbody>\n<\/table>\n<p>SPK &#8211; soovitatud p\u00e4evane kogus keskmisele t\u00e4iskasvanule. ** &#8211; SPK pole kindlaks tehtud.<\/p>\n<p>Vaata ka meie Teisi Aminohappeid <a href=\"https:\/\/fit360.ee\/en\/product-category\/product-groups\/amino-acids-bcaa\/\"><strong>SIIT<\/strong><\/a>!<\/p>\n<p>Soovid kaupa osta suuremas koguses? Vaata antud toodet ka meie HULGI poest\u00a0<a href=\"https:\/\/toidulisandidhulgi.ee\/product\/tauriin-300g-ostrovit\/\"><strong>SIIT<\/strong><\/a>!<\/p>\n","protected":false},"excerpt":{"rendered":"<h2><b>Tauriin:<\/b><\/h2>\n<ul>\n<li>Aitab suurendada lihasrakke<\/li>\n<li>Soodustab normaalset s\u00fcdamet\u00f6\u00f6d<\/li>\n<li>T\u00e4idab olulisi metaboolseid \u00fclesandeid<\/li>\n<li>Omab v\u00e4ga olulist rolli aminohapete tranformatsiooniprotsessides.<\/li>\n<\/ul>\n<p><strong>Tauriin<\/strong>\u00a0on \u00fcks suuremaid orgaanilise l\u00e4mmastiku hoiustajaid, takistades katabolismi teket ning soodustades rasvavaba kehamassi juurdekasvu. Samuti t\u00e4itab tauriin olulist \u00fclesannet n\u00e4rvis\u00fcsteemis, seda stimuleerides, mobliliseerides, ning v\u00e4hendades v\u00e4simustunnet. Sarnaselt insuliinile aitab tauriin kaasa kreatiini transpordile lihasrakkudesse muutes selle toime veelgi efektiivsemaks.<\/p>\n","protected":false},"featured_media":53488,"comment_status":"open","ping_status":"closed","template":"","meta":[],"product_brand":[],"product_cat":[520,1329,533],"product_tag":[1787,1924,1836,2874],"giftcard-category":[],"class_list":{"0":"post-53486","1":"product","2":"type-product","3":"status-publish","4":"has-post-thumbnail","6":"product_cat-amino-acids-bcaa","7":"product_cat-ostrovit-en","8":"product_cat-pre-workout-en","9":"product_tag-aminohapped-en","10":"product_tag-ostrovit-en","11":"product_tag-tauriin-en","12":"product_tag-taurine-en","13":"pa_kogus-300g-en","14":"pa_toidulisand-branddd-ostrovit","15":"pa_tootegruppp-amino-acidsbcaa","16":"pa_tootegruppp-pre-workout","18":"first","19":"instock","20":"sale","21":"taxable","22":"shipping-taxable","23":"purchasable","24":"product-type-simple"},"yoast_head":"<!-- This site is optimized with the Yoast SEO plugin v27.3 - https:\/\/yoast.com\/product\/yoast-seo-wordpress\/ -->\n<title>Tauriin (300g) - Aminohapped - Taurine - Kiire tarne: 1-3p\u00e4eva - Fit360<\/title>\n<meta name=\"description\" content=\"Tauriin\u00a0on \u00fcks suuremaid orgaanilise l\u00e4mmastiku hoiustajaid, takistades katabolismi teket ning soodustades rasvavaba kehamassi juurdekasvu.\" \/>\n<meta name=\"robots\" content=\"index, follow, max-snippet:-1, max-image-preview:large, max-video-preview:-1\" \/>\n<link rel=\"canonical\" href=\"https:\/\/fit360.ee\/en\/pood\/product-groups\/amino-acids-bcaa\/tauriin-300g-ostrovit\/\" \/>\n<meta property=\"og:locale\" content=\"en_US\" \/>\n<meta property=\"og:type\" content=\"article\" \/>\n<meta property=\"og:title\" content=\"Tauriin (300g) - Aminohapped - Taurine - Kiire tarne: 1-3p\u00e4eva - Fit360\" \/>\n<meta property=\"og:description\" content=\"Tauriin\u00a0on \u00fcks suuremaid orgaanilise l\u00e4mmastiku hoiustajaid, takistades katabolismi teket ning soodustades rasvavaba kehamassi juurdekasvu.\" \/>\n<meta property=\"og:url\" content=\"https:\/\/fit360.ee\/en\/pood\/product-groups\/amino-acids-bcaa\/tauriin-300g-ostrovit\/\" \/>\n<meta property=\"og:site_name\" content=\"Fit360\" \/>\n<meta property=\"article:modified_time\" content=\"2026-04-07T15:56:17+00:00\" \/>\n<meta property=\"og:image\" content=\"https:\/\/fit360.ee\/wp-content\/uploads\/2021\/06\/tauriin-taurine-fit360.ee_.png\" \/>\n\t<meta property=\"og:image:width\" content=\"600\" \/>\n\t<meta property=\"og:image:height\" content=\"600\" \/>\n\t<meta property=\"og:image:type\" content=\"image\/png\" \/>\n<meta name=\"twitter:card\" content=\"summary_large_image\" \/>\n<meta name=\"twitter:label1\" content=\"Est. reading time\" \/>\n\t<meta name=\"twitter:data1\" content=\"4 minutes\" \/>\n<script type=\"application\/ld+json\" class=\"yoast-schema-graph\">{\"@context\":\"https:\\\/\\\/schema.org\",\"@graph\":[{\"@type\":\"WebPage\",\"@id\":\"https:\\\/\\\/fit360.ee\\\/en\\\/pood\\\/product-groups\\\/amino-acids-bcaa\\\/tauriin-300g-ostrovit\\\/\",\"url\":\"https:\\\/\\\/fit360.ee\\\/en\\\/pood\\\/product-groups\\\/amino-acids-bcaa\\\/tauriin-300g-ostrovit\\\/\",\"name\":\"Tauriin (300g) - Aminohapped - Taurine - Kiire tarne: 1-3p\u00e4eva - Fit360\",\"isPartOf\":{\"@id\":\"https:\\\/\\\/fit360.ee\\\/en\\\/#website\"},\"primaryImageOfPage\":{\"@id\":\"https:\\\/\\\/fit360.ee\\\/en\\\/pood\\\/product-groups\\\/amino-acids-bcaa\\\/tauriin-300g-ostrovit\\\/#primaryimage\"},\"image\":{\"@id\":\"https:\\\/\\\/fit360.ee\\\/en\\\/pood\\\/product-groups\\\/amino-acids-bcaa\\\/tauriin-300g-ostrovit\\\/#primaryimage\"},\"thumbnailUrl\":\"https:\\\/\\\/fit360.ee\\\/wp-content\\\/uploads\\\/2021\\\/06\\\/tauriin-taurine-fit360.ee_.png\",\"datePublished\":\"2021-06-19T07:41:31+00:00\",\"dateModified\":\"2026-04-07T15:56:17+00:00\",\"description\":\"Tauriin\u00a0on \u00fcks suuremaid orgaanilise l\u00e4mmastiku hoiustajaid, takistades katabolismi teket ning soodustades rasvavaba kehamassi juurdekasvu.\",\"breadcrumb\":{\"@id\":\"https:\\\/\\\/fit360.ee\\\/en\\\/pood\\\/product-groups\\\/amino-acids-bcaa\\\/tauriin-300g-ostrovit\\\/#breadcrumb\"},\"inLanguage\":\"en-US\",\"potentialAction\":[{\"@type\":\"ReadAction\",\"target\":[\"https:\\\/\\\/fit360.ee\\\/en\\\/pood\\\/product-groups\\\/amino-acids-bcaa\\\/tauriin-300g-ostrovit\\\/\"]}]},{\"@type\":\"ImageObject\",\"inLanguage\":\"en-US\",\"@id\":\"https:\\\/\\\/fit360.ee\\\/en\\\/pood\\\/product-groups\\\/amino-acids-bcaa\\\/tauriin-300g-ostrovit\\\/#primaryimage\",\"url\":\"https:\\\/\\\/fit360.ee\\\/wp-content\\\/uploads\\\/2021\\\/06\\\/tauriin-taurine-fit360.ee_.png\",\"contentUrl\":\"https:\\\/\\\/fit360.ee\\\/wp-content\\\/uploads\\\/2021\\\/06\\\/tauriin-taurine-fit360.ee_.png\",\"width\":600,\"height\":600,\"caption\":\"tauriin taurine - fit360.ee\"},{\"@type\":\"BreadcrumbList\",\"@id\":\"https:\\\/\\\/fit360.ee\\\/en\\\/pood\\\/product-groups\\\/amino-acids-bcaa\\\/tauriin-300g-ostrovit\\\/#breadcrumb\",\"itemListElement\":[{\"@type\":\"ListItem\",\"position\":1,\"name\":\"Home\",\"item\":\"https:\\\/\\\/fit360.ee\\\/en\\\/\"},{\"@type\":\"ListItem\",\"position\":2,\"name\":\"Shop\",\"item\":\"https:\\\/\\\/fit360.ee\\\/en\\\/shop\\\/\"},{\"@type\":\"ListItem\",\"position\":3,\"name\":\"Tauriin (300g)\"}]},{\"@type\":\"WebSite\",\"@id\":\"https:\\\/\\\/fit360.ee\\\/en\\\/#website\",\"url\":\"https:\\\/\\\/fit360.ee\\\/en\\\/\",\"name\":\"Fit360\",\"description\":\"\",\"publisher\":{\"@id\":\"https:\\\/\\\/fit360.ee\\\/en\\\/#organization\"},\"potentialAction\":[{\"@type\":\"SearchAction\",\"target\":{\"@type\":\"EntryPoint\",\"urlTemplate\":\"https:\\\/\\\/fit360.ee\\\/en\\\/?s={search_term_string}\"},\"query-input\":{\"@type\":\"PropertyValueSpecification\",\"valueRequired\":true,\"valueName\":\"search_term_string\"}}],\"inLanguage\":\"en-US\"},{\"@type\":\"Organization\",\"@id\":\"https:\\\/\\\/fit360.ee\\\/en\\\/#organization\",\"name\":\"Fit360\",\"url\":\"https:\\\/\\\/fit360.ee\\\/en\\\/\",\"logo\":{\"@type\":\"ImageObject\",\"inLanguage\":\"en-US\",\"@id\":\"https:\\\/\\\/fit360.ee\\\/en\\\/#\\\/schema\\\/logo\\\/image\\\/\",\"url\":\"https:\\\/\\\/fit360.ee\\\/wp-content\\\/uploads\\\/2017\\\/01\\\/logo-fit360.png\",\"contentUrl\":\"https:\\\/\\\/fit360.ee\\\/wp-content\\\/uploads\\\/2017\\\/01\\\/logo-fit360.png\",\"width\":180,\"height\":66,\"caption\":\"Fit360\"},\"image\":{\"@id\":\"https:\\\/\\\/fit360.ee\\\/en\\\/#\\\/schema\\\/logo\\\/image\\\/\"}}]}<\/script>\n<!-- \/ Yoast SEO plugin. -->","yoast_head_json":{"title":"Tauriin (300g) - Aminohapped - Taurine - Kiire tarne: 1-3p\u00e4eva - Fit360","description":"Tauriin\u00a0on \u00fcks suuremaid orgaanilise l\u00e4mmastiku hoiustajaid, takistades katabolismi teket ning soodustades rasvavaba kehamassi juurdekasvu.","robots":{"index":"index","follow":"follow","max-snippet":"max-snippet:-1","max-image-preview":"max-image-preview:large","max-video-preview":"max-video-preview:-1"},"canonical":"https:\/\/fit360.ee\/en\/pood\/product-groups\/amino-acids-bcaa\/tauriin-300g-ostrovit\/","og_locale":"en_US","og_type":"article","og_title":"Tauriin (300g) - Aminohapped - Taurine - Kiire tarne: 1-3p\u00e4eva - Fit360","og_description":"Tauriin\u00a0on \u00fcks suuremaid orgaanilise l\u00e4mmastiku hoiustajaid, takistades katabolismi teket ning soodustades rasvavaba kehamassi juurdekasvu.","og_url":"https:\/\/fit360.ee\/en\/pood\/product-groups\/amino-acids-bcaa\/tauriin-300g-ostrovit\/","og_site_name":"Fit360","article_modified_time":"2026-04-07T15:56:17+00:00","og_image":[{"width":600,"height":600,"url":"https:\/\/fit360.ee\/wp-content\/uploads\/2021\/06\/tauriin-taurine-fit360.ee_.png","type":"image\/png"}],"twitter_card":"summary_large_image","twitter_misc":{"Est. reading time":"4 minutes"},"schema":{"@context":"https:\/\/schema.org","@graph":[{"@type":"WebPage","@id":"https:\/\/fit360.ee\/en\/pood\/product-groups\/amino-acids-bcaa\/tauriin-300g-ostrovit\/","url":"https:\/\/fit360.ee\/en\/pood\/product-groups\/amino-acids-bcaa\/tauriin-300g-ostrovit\/","name":"Tauriin (300g) - Aminohapped - Taurine - Kiire tarne: 1-3p\u00e4eva - Fit360","isPartOf":{"@id":"https:\/\/fit360.ee\/en\/#website"},"primaryImageOfPage":{"@id":"https:\/\/fit360.ee\/en\/pood\/product-groups\/amino-acids-bcaa\/tauriin-300g-ostrovit\/#primaryimage"},"image":{"@id":"https:\/\/fit360.ee\/en\/pood\/product-groups\/amino-acids-bcaa\/tauriin-300g-ostrovit\/#primaryimage"},"thumbnailUrl":"https:\/\/fit360.ee\/wp-content\/uploads\/2021\/06\/tauriin-taurine-fit360.ee_.png","datePublished":"2021-06-19T07:41:31+00:00","dateModified":"2026-04-07T15:56:17+00:00","description":"Tauriin\u00a0on \u00fcks suuremaid orgaanilise l\u00e4mmastiku hoiustajaid, takistades katabolismi teket ning soodustades rasvavaba kehamassi juurdekasvu.","breadcrumb":{"@id":"https:\/\/fit360.ee\/en\/pood\/product-groups\/amino-acids-bcaa\/tauriin-300g-ostrovit\/#breadcrumb"},"inLanguage":"en-US","potentialAction":[{"@type":"ReadAction","target":["https:\/\/fit360.ee\/en\/pood\/product-groups\/amino-acids-bcaa\/tauriin-300g-ostrovit\/"]}]},{"@type":"ImageObject","inLanguage":"en-US","@id":"https:\/\/fit360.ee\/en\/pood\/product-groups\/amino-acids-bcaa\/tauriin-300g-ostrovit\/#primaryimage","url":"https:\/\/fit360.ee\/wp-content\/uploads\/2021\/06\/tauriin-taurine-fit360.ee_.png","contentUrl":"https:\/\/fit360.ee\/wp-content\/uploads\/2021\/06\/tauriin-taurine-fit360.ee_.png","width":600,"height":600,"caption":"tauriin taurine - fit360.ee"},{"@type":"BreadcrumbList","@id":"https:\/\/fit360.ee\/en\/pood\/product-groups\/amino-acids-bcaa\/tauriin-300g-ostrovit\/#breadcrumb","itemListElement":[{"@type":"ListItem","position":1,"name":"Home","item":"https:\/\/fit360.ee\/en\/"},{"@type":"ListItem","position":2,"name":"Shop","item":"https:\/\/fit360.ee\/en\/shop\/"},{"@type":"ListItem","position":3,"name":"Tauriin (300g)"}]},{"@type":"WebSite","@id":"https:\/\/fit360.ee\/en\/#website","url":"https:\/\/fit360.ee\/en\/","name":"Fit360","description":"","publisher":{"@id":"https:\/\/fit360.ee\/en\/#organization"},"potentialAction":[{"@type":"SearchAction","target":{"@type":"EntryPoint","urlTemplate":"https:\/\/fit360.ee\/en\/?s={search_term_string}"},"query-input":{"@type":"PropertyValueSpecification","valueRequired":true,"valueName":"search_term_string"}}],"inLanguage":"en-US"},{"@type":"Organization","@id":"https:\/\/fit360.ee\/en\/#organization","name":"Fit360","url":"https:\/\/fit360.ee\/en\/","logo":{"@type":"ImageObject","inLanguage":"en-US","@id":"https:\/\/fit360.ee\/en\/#\/schema\/logo\/image\/","url":"https:\/\/fit360.ee\/wp-content\/uploads\/2017\/01\/logo-fit360.png","contentUrl":"https:\/\/fit360.ee\/wp-content\/uploads\/2017\/01\/logo-fit360.png","width":180,"height":66,"caption":"Fit360"},"image":{"@id":"https:\/\/fit360.ee\/en\/#\/schema\/logo\/image\/"}}]}},"_links":{"self":[{"href":"https:\/\/fit360.ee\/en\/wp-json\/wp\/v2\/product\/53486","targetHints":{"allow":["GET"]}}],"collection":[{"href":"https:\/\/fit360.ee\/en\/wp-json\/wp\/v2\/product"}],"about":[{"href":"https:\/\/fit360.ee\/en\/wp-json\/wp\/v2\/types\/product"}],"replies":[{"embeddable":true,"href":"https:\/\/fit360.ee\/en\/wp-json\/wp\/v2\/comments?post=53486"}],"wp:featuredmedia":[{"embeddable":true,"href":"https:\/\/fit360.ee\/en\/wp-json\/wp\/v2\/media\/53488"}],"wp:attachment":[{"href":"https:\/\/fit360.ee\/en\/wp-json\/wp\/v2\/media?parent=53486"}],"wp:term":[{"taxonomy":"product_brand","embeddable":true,"href":"https:\/\/fit360.ee\/en\/wp-json\/wp\/v2\/product_brand?post=53486"},{"taxonomy":"product_cat","embeddable":true,"href":"https:\/\/fit360.ee\/en\/wp-json\/wp\/v2\/product_cat?post=53486"},{"taxonomy":"product_tag","embeddable":true,"href":"https:\/\/fit360.ee\/en\/wp-json\/wp\/v2\/product_tag?post=53486"},{"taxonomy":"giftcard-category","embeddable":true,"href":"https:\/\/fit360.ee\/en\/wp-json\/wp\/v2\/giftcard-category?post=53486"}],"curies":[{"name":"wp","href":"https:\/\/api.w.org\/{rel}","templated":true}]}}