{"id":53664,"date":"2021-07-04T14:15:47","date_gmt":"2021-07-04T12:15:47","guid":{"rendered":"https:\/\/fit360.ee\/?post_type=product&#038;p=53664"},"modified":"2026-04-10T16:26:14","modified_gmt":"2026-04-10T14:26:14","slug":"vedel-magneesium-kaalium-shot-80ml","status":"publish","type":"product","link":"https:\/\/fit360.ee\/en\/pood\/product-groups\/vitamins-and-minerals-en\/magnesium-en\/vedel-magneesium-kaalium-shot-80ml\/","title":{"rendered":"Magneesium + Kaalium SHOT (80ml)"},"content":{"rendered":"<h1>Vedel Magneesium<\/h1>\n<p>Vedel Magneesium + Kaalium Shoti kujul (80ml). M\u00f5eldud kohe tarbimiseks. Mugav kasutada endale sobival ajal.<\/p>\n<p><strong>Magneesiumist<\/strong>\u00a0s\u00f5ltub\u00a0ATP tootmine (rakuenergeetika), nukleiinhapete ja valkude s\u00fcntees. K\u00f5ige rohkem magneesiumi on aktiivseima ainevahetusega elundeis, nagu peaajus, s\u00fcdames, maksas ja neerudes. Magneesiumi vajab lihaskoe l\u00f5\u00f5gastus ja n\u00e4rvitalitlus. Magneesium suurendab veresoonte l\u00f5\u00f5gastust. Ta on oluline s\u00fcdamelihase h\u00e4ireteta t\u00f6\u00f6ks. Kui magneesiumi on v\u00e4he, on kaaliumi kanal avatud ja kaalium lahkub selle kaudu rakust. Magneesiumi v\u00e4hesus p\u00f5hjustab kaltsiumi ja naatriumi kuhjumist organismis, mis vereringet h\u00e4irides t\u00f5stab verer\u00f5hku. Viimane viib omakorda magneesiumi hulga v\u00e4henemisele ning edasi s\u00fcdamear\u00fctmia ja -rabanduseni.<\/p>\n<p><strong>Kaalium<\/strong>\u00a0on vajalik lihaste ja n\u00e4rvide korralikuks funktsioneerimiseks, reguleerib ka s\u00fcdame r\u00fctmi ja vedeliku tasakaalu organismis. Kaaliumi puudus tingib v\u00e4simust, lihasten\u00f5rkust, turseid, k\u00f5hukinnisust ja neerude puudulikkust<\/p>\n<p><strong>Kaaliumi toime:<\/strong><\/p>\n<ul>\n<li>Vee hulga reguleerimine kudedes ja verer\u00f5hu langetamine<\/li>\n<li>Lihaste t\u00f6\u00f6 tagamine, valkude ja s\u00fcsivesikute ainevahetuse paranemine<\/li>\n<li>S\u00fcdamelihaste t\u00f6\u00f6 ja vereringe reguleerimine<\/li>\n<li>Energia vabastamine ning n\u00e4rvide ja lihaste toimimine<\/li>\n<\/ul>\n<p><strong>Koostisosad<\/strong>: Puhastatud vesi, magneesiumtsitraat, kaaliumtsitraat, l\u00f5hna- ja maitseained, s\u00e4ilitusained, happelisuse regulaator, vitamiin B6 )p\u00fcridioksiin), v\u00e4rvained.<\/p>\n<p><strong>Kasutamine<\/strong>: Tarbi\u00a0 vastavalt vajadusele, soovitatavalt enne f\u00fc\u00fcsilist pingutust.<\/p>\n<p><strong>NB<\/strong>: Toidulisandid ei asenda mitmek\u00fclgeset toitumist. Hoiustada kuivas ja jahedas kohas, eemal otsest p\u00e4evavalgusest.<\/p>\n<p><strong>Suurus<\/strong>: 80ml<\/p>\n<table width=\"282\">\n<tbody>\n<tr>\n<td width=\"151\"><strong>Toimeained &#8211; Vedel Magneesium<\/strong><\/td>\n<td width=\"66\"><strong>40ml (*)<\/strong><\/td>\n<td width=\"64\"><strong>80ml(*)<\/strong><\/td>\n<\/tr>\n<tr>\n<td width=\"151\">Magneesium (magneesiumtsitraat)<\/td>\n<td width=\"66\">192,5mg (51%)<\/td>\n<td width=\"64\">385mg (102%)<\/td>\n<\/tr>\n<tr>\n<td width=\"151\">Kaalium (kaaliumtsitraat)<\/td>\n<td width=\"66\">215mg (11%)<\/td>\n<td width=\"64\">430mg (22%)<\/td>\n<\/tr>\n<tr>\n<td width=\"151\">Vitamiin B6<\/td>\n<td width=\"66\">0,7mg (50%)<\/td>\n<td width=\"64\">1,4mg (100%)<\/td>\n<\/tr>\n<\/tbody>\n<\/table>\n<p>SPK \u2013 Soovitatud p\u00e4evane kogus<\/p>\n<p>Vaata ka meie Teisi Kaalium tooteid <a href=\"https:\/\/fit360.ee\/en\/product-category\/product-groups\/vitamins-and-minerals-en\/potassium-en\/\"><strong>SIIT<\/strong><\/a> v\u00f5i Magneesiume <a href=\"https:\/\/fit360.ee\/en\/product-category\/product-groups\/vitamins-and-minerals-en\/magnesium-en\/\"><strong>SIIT<\/strong><\/a>!<\/p>\n","protected":false},"excerpt":{"rendered":"<h2><strong>Magneesium + Kaalium SHOT<\/strong><\/h2>\n<p><strong>Potassium ( Kaalium):<\/strong><\/p>\n<ul>\n<li>Aitab s\u00e4ilitada neuromuskulaarse s\u00fcsteemi korrektset toimimist<\/li>\n<li>Aitab verer\u00f5hku hoida tasakaalus<\/li>\n<\/ul>\n<p><strong>Magneesium + B6:<\/strong><\/p>\n<ul>\n<li>Aitab lihaskrampide vastu.<\/li>\n<li>Toetab n\u00e4rvis\u00fcsteemi t\u00f6\u00f6d.<\/li>\n<li>Aitab lihasv\u00e4simuse vastu.<\/li>\n<li>Hea taastaja peale rasket f\u00fc\u00fcsilist t\u00f6\u00f6d v\u00f5i treeningut.<\/li>\n<\/ul>\n","protected":false},"featured_media":53666,"comment_status":"open","ping_status":"closed","template":"","meta":[],"product_brand":[],"product_cat":[523,527,1915,2271,515,536],"product_tag":[2185,2189,2190,1803],"giftcard-category":[],"class_list":{"0":"post-53664","1":"product","2":"type-product","3":"status-publish","4":"has-post-thumbnail","6":"product_cat-drinks-shots","7":"product_cat-joint-support-en","8":"product_cat-magnesium-en","9":"product_cat-potassium-en","10":"product_cat-real-pharm","11":"product_cat-vitamins-and-minerals-en","12":"product_tag-kaalium-en","13":"product_tag-kaalium-magneesium-en","14":"product_tag-magneesium-en","15":"product_tag-real-pharm-en","16":"pa_toidulisand-branddd-real-pharm","17":"pa_tootegruppp-drinksshots","18":"pa_tootegruppp-for-joints","19":"pa_tootegruppp-kaalium-en","20":"pa_tootegruppp-magneesium-en","21":"pa_tootegruppp-vitamins-and-minerals","23":"first","24":"outofstock","25":"taxable","26":"shipping-taxable","27":"purchasable","28":"product-type-simple"},"yoast_head":"<!-- This site is optimized with the Yoast SEO plugin v27.3 - https:\/\/yoast.com\/product\/yoast-seo-wordpress\/ -->\n<title>Magneesium + Kaalium SHOT (80ml) - Vedel Magneeisum - Kiire Tarne<\/title>\n<meta name=\"description\" content=\"Vedel Magneesium + Kaalium aitab lihaskrampide vastu, toetab n\u00e4rvis\u00fcsteemi t\u00f6\u00f6d ning s\u00e4ilitab neuromuskulaarse s\u00fcsteemi korrektset toimimist\" \/>\n<meta name=\"robots\" content=\"index, follow, max-snippet:-1, max-image-preview:large, max-video-preview:-1\" \/>\n<link rel=\"canonical\" href=\"https:\/\/fit360.ee\/en\/pood\/product-groups\/vitamins-and-minerals-en\/magnesium-en\/vedel-magneesium-kaalium-shot-80ml\/\" \/>\n<meta property=\"og:locale\" content=\"en_US\" \/>\n<meta property=\"og:type\" content=\"article\" \/>\n<meta property=\"og:title\" content=\"Magneesium + Kaalium SHOT (80ml) - Vedel Magneeisum - Kiire Tarne\" \/>\n<meta property=\"og:description\" content=\"Vedel Magneesium + Kaalium aitab lihaskrampide vastu, toetab n\u00e4rvis\u00fcsteemi t\u00f6\u00f6d ning s\u00e4ilitab neuromuskulaarse s\u00fcsteemi korrektset toimimist\" \/>\n<meta property=\"og:url\" content=\"https:\/\/fit360.ee\/en\/pood\/product-groups\/vitamins-and-minerals-en\/magnesium-en\/vedel-magneesium-kaalium-shot-80ml\/\" \/>\n<meta property=\"og:site_name\" content=\"Fit360\" \/>\n<meta property=\"article:modified_time\" content=\"2026-04-10T14:26:14+00:00\" \/>\n<meta property=\"og:image\" content=\"https:\/\/fit360.ee\/wp-content\/uploads\/2021\/07\/vedel-magneesium-fit360.ee_.jpg\" \/>\n\t<meta property=\"og:image:width\" content=\"800\" \/>\n\t<meta property=\"og:image:height\" content=\"800\" \/>\n\t<meta property=\"og:image:type\" content=\"image\/jpeg\" \/>\n<meta name=\"twitter:card\" content=\"summary_large_image\" \/>\n<meta name=\"twitter:label1\" content=\"Est. reading time\" \/>\n\t<meta name=\"twitter:data1\" content=\"2 minutes\" \/>\n<script type=\"application\/ld+json\" class=\"yoast-schema-graph\">{\"@context\":\"https:\\\/\\\/schema.org\",\"@graph\":[{\"@type\":\"WebPage\",\"@id\":\"https:\\\/\\\/fit360.ee\\\/en\\\/pood\\\/product-groups\\\/vitamins-and-minerals-en\\\/magnesium-en\\\/vedel-magneesium-kaalium-shot-80ml\\\/\",\"url\":\"https:\\\/\\\/fit360.ee\\\/en\\\/pood\\\/product-groups\\\/vitamins-and-minerals-en\\\/magnesium-en\\\/vedel-magneesium-kaalium-shot-80ml\\\/\",\"name\":\"Magneesium + Kaalium SHOT (80ml) - Vedel Magneeisum - Kiire Tarne\",\"isPartOf\":{\"@id\":\"https:\\\/\\\/fit360.ee\\\/en\\\/#website\"},\"primaryImageOfPage\":{\"@id\":\"https:\\\/\\\/fit360.ee\\\/en\\\/pood\\\/product-groups\\\/vitamins-and-minerals-en\\\/magnesium-en\\\/vedel-magneesium-kaalium-shot-80ml\\\/#primaryimage\"},\"image\":{\"@id\":\"https:\\\/\\\/fit360.ee\\\/en\\\/pood\\\/product-groups\\\/vitamins-and-minerals-en\\\/magnesium-en\\\/vedel-magneesium-kaalium-shot-80ml\\\/#primaryimage\"},\"thumbnailUrl\":\"https:\\\/\\\/fit360.ee\\\/wp-content\\\/uploads\\\/2021\\\/07\\\/vedel-magneesium-fit360.ee_.jpg\",\"datePublished\":\"2021-07-04T12:15:47+00:00\",\"dateModified\":\"2026-04-10T14:26:14+00:00\",\"description\":\"Vedel Magneesium + Kaalium aitab lihaskrampide vastu, toetab n\u00e4rvis\u00fcsteemi t\u00f6\u00f6d ning s\u00e4ilitab neuromuskulaarse s\u00fcsteemi korrektset toimimist\",\"breadcrumb\":{\"@id\":\"https:\\\/\\\/fit360.ee\\\/en\\\/pood\\\/product-groups\\\/vitamins-and-minerals-en\\\/magnesium-en\\\/vedel-magneesium-kaalium-shot-80ml\\\/#breadcrumb\"},\"inLanguage\":\"en-US\",\"potentialAction\":[{\"@type\":\"ReadAction\",\"target\":[\"https:\\\/\\\/fit360.ee\\\/en\\\/pood\\\/product-groups\\\/vitamins-and-minerals-en\\\/magnesium-en\\\/vedel-magneesium-kaalium-shot-80ml\\\/\"]}]},{\"@type\":\"ImageObject\",\"inLanguage\":\"en-US\",\"@id\":\"https:\\\/\\\/fit360.ee\\\/en\\\/pood\\\/product-groups\\\/vitamins-and-minerals-en\\\/magnesium-en\\\/vedel-magneesium-kaalium-shot-80ml\\\/#primaryimage\",\"url\":\"https:\\\/\\\/fit360.ee\\\/wp-content\\\/uploads\\\/2021\\\/07\\\/vedel-magneesium-fit360.ee_.jpg\",\"contentUrl\":\"https:\\\/\\\/fit360.ee\\\/wp-content\\\/uploads\\\/2021\\\/07\\\/vedel-magneesium-fit360.ee_.jpg\",\"width\":800,\"height\":800,\"caption\":\"vedel magneesium - fit360.ee\"},{\"@type\":\"BreadcrumbList\",\"@id\":\"https:\\\/\\\/fit360.ee\\\/en\\\/pood\\\/product-groups\\\/vitamins-and-minerals-en\\\/magnesium-en\\\/vedel-magneesium-kaalium-shot-80ml\\\/#breadcrumb\",\"itemListElement\":[{\"@type\":\"ListItem\",\"position\":1,\"name\":\"Home\",\"item\":\"https:\\\/\\\/fit360.ee\\\/en\\\/\"},{\"@type\":\"ListItem\",\"position\":2,\"name\":\"Shop\",\"item\":\"https:\\\/\\\/fit360.ee\\\/en\\\/shop\\\/\"},{\"@type\":\"ListItem\",\"position\":3,\"name\":\"Magneesium + Kaalium SHOT (80ml)\"}]},{\"@type\":\"WebSite\",\"@id\":\"https:\\\/\\\/fit360.ee\\\/en\\\/#website\",\"url\":\"https:\\\/\\\/fit360.ee\\\/en\\\/\",\"name\":\"Fit360\",\"description\":\"\",\"publisher\":{\"@id\":\"https:\\\/\\\/fit360.ee\\\/en\\\/#organization\"},\"potentialAction\":[{\"@type\":\"SearchAction\",\"target\":{\"@type\":\"EntryPoint\",\"urlTemplate\":\"https:\\\/\\\/fit360.ee\\\/en\\\/?s={search_term_string}\"},\"query-input\":{\"@type\":\"PropertyValueSpecification\",\"valueRequired\":true,\"valueName\":\"search_term_string\"}}],\"inLanguage\":\"en-US\"},{\"@type\":\"Organization\",\"@id\":\"https:\\\/\\\/fit360.ee\\\/en\\\/#organization\",\"name\":\"Fit360\",\"url\":\"https:\\\/\\\/fit360.ee\\\/en\\\/\",\"logo\":{\"@type\":\"ImageObject\",\"inLanguage\":\"en-US\",\"@id\":\"https:\\\/\\\/fit360.ee\\\/en\\\/#\\\/schema\\\/logo\\\/image\\\/\",\"url\":\"https:\\\/\\\/fit360.ee\\\/wp-content\\\/uploads\\\/2017\\\/01\\\/logo-fit360.png\",\"contentUrl\":\"https:\\\/\\\/fit360.ee\\\/wp-content\\\/uploads\\\/2017\\\/01\\\/logo-fit360.png\",\"width\":180,\"height\":66,\"caption\":\"Fit360\"},\"image\":{\"@id\":\"https:\\\/\\\/fit360.ee\\\/en\\\/#\\\/schema\\\/logo\\\/image\\\/\"}}]}<\/script>\n<!-- \/ Yoast SEO plugin. -->","yoast_head_json":{"title":"Magneesium + Kaalium SHOT (80ml) - Vedel Magneeisum - Kiire Tarne","description":"Vedel Magneesium + Kaalium aitab lihaskrampide vastu, toetab n\u00e4rvis\u00fcsteemi t\u00f6\u00f6d ning s\u00e4ilitab neuromuskulaarse s\u00fcsteemi korrektset toimimist","robots":{"index":"index","follow":"follow","max-snippet":"max-snippet:-1","max-image-preview":"max-image-preview:large","max-video-preview":"max-video-preview:-1"},"canonical":"https:\/\/fit360.ee\/en\/pood\/product-groups\/vitamins-and-minerals-en\/magnesium-en\/vedel-magneesium-kaalium-shot-80ml\/","og_locale":"en_US","og_type":"article","og_title":"Magneesium + Kaalium SHOT (80ml) - Vedel Magneeisum - Kiire Tarne","og_description":"Vedel Magneesium + Kaalium aitab lihaskrampide vastu, toetab n\u00e4rvis\u00fcsteemi t\u00f6\u00f6d ning s\u00e4ilitab neuromuskulaarse s\u00fcsteemi korrektset toimimist","og_url":"https:\/\/fit360.ee\/en\/pood\/product-groups\/vitamins-and-minerals-en\/magnesium-en\/vedel-magneesium-kaalium-shot-80ml\/","og_site_name":"Fit360","article_modified_time":"2026-04-10T14:26:14+00:00","og_image":[{"width":800,"height":800,"url":"https:\/\/fit360.ee\/wp-content\/uploads\/2021\/07\/vedel-magneesium-fit360.ee_.jpg","type":"image\/jpeg"}],"twitter_card":"summary_large_image","twitter_misc":{"Est. reading time":"2 minutes"},"schema":{"@context":"https:\/\/schema.org","@graph":[{"@type":"WebPage","@id":"https:\/\/fit360.ee\/en\/pood\/product-groups\/vitamins-and-minerals-en\/magnesium-en\/vedel-magneesium-kaalium-shot-80ml\/","url":"https:\/\/fit360.ee\/en\/pood\/product-groups\/vitamins-and-minerals-en\/magnesium-en\/vedel-magneesium-kaalium-shot-80ml\/","name":"Magneesium + Kaalium SHOT (80ml) - Vedel Magneeisum - Kiire Tarne","isPartOf":{"@id":"https:\/\/fit360.ee\/en\/#website"},"primaryImageOfPage":{"@id":"https:\/\/fit360.ee\/en\/pood\/product-groups\/vitamins-and-minerals-en\/magnesium-en\/vedel-magneesium-kaalium-shot-80ml\/#primaryimage"},"image":{"@id":"https:\/\/fit360.ee\/en\/pood\/product-groups\/vitamins-and-minerals-en\/magnesium-en\/vedel-magneesium-kaalium-shot-80ml\/#primaryimage"},"thumbnailUrl":"https:\/\/fit360.ee\/wp-content\/uploads\/2021\/07\/vedel-magneesium-fit360.ee_.jpg","datePublished":"2021-07-04T12:15:47+00:00","dateModified":"2026-04-10T14:26:14+00:00","description":"Vedel Magneesium + Kaalium aitab lihaskrampide vastu, toetab n\u00e4rvis\u00fcsteemi t\u00f6\u00f6d ning s\u00e4ilitab neuromuskulaarse s\u00fcsteemi korrektset toimimist","breadcrumb":{"@id":"https:\/\/fit360.ee\/en\/pood\/product-groups\/vitamins-and-minerals-en\/magnesium-en\/vedel-magneesium-kaalium-shot-80ml\/#breadcrumb"},"inLanguage":"en-US","potentialAction":[{"@type":"ReadAction","target":["https:\/\/fit360.ee\/en\/pood\/product-groups\/vitamins-and-minerals-en\/magnesium-en\/vedel-magneesium-kaalium-shot-80ml\/"]}]},{"@type":"ImageObject","inLanguage":"en-US","@id":"https:\/\/fit360.ee\/en\/pood\/product-groups\/vitamins-and-minerals-en\/magnesium-en\/vedel-magneesium-kaalium-shot-80ml\/#primaryimage","url":"https:\/\/fit360.ee\/wp-content\/uploads\/2021\/07\/vedel-magneesium-fit360.ee_.jpg","contentUrl":"https:\/\/fit360.ee\/wp-content\/uploads\/2021\/07\/vedel-magneesium-fit360.ee_.jpg","width":800,"height":800,"caption":"vedel magneesium - fit360.ee"},{"@type":"BreadcrumbList","@id":"https:\/\/fit360.ee\/en\/pood\/product-groups\/vitamins-and-minerals-en\/magnesium-en\/vedel-magneesium-kaalium-shot-80ml\/#breadcrumb","itemListElement":[{"@type":"ListItem","position":1,"name":"Home","item":"https:\/\/fit360.ee\/en\/"},{"@type":"ListItem","position":2,"name":"Shop","item":"https:\/\/fit360.ee\/en\/shop\/"},{"@type":"ListItem","position":3,"name":"Magneesium + Kaalium SHOT (80ml)"}]},{"@type":"WebSite","@id":"https:\/\/fit360.ee\/en\/#website","url":"https:\/\/fit360.ee\/en\/","name":"Fit360","description":"","publisher":{"@id":"https:\/\/fit360.ee\/en\/#organization"},"potentialAction":[{"@type":"SearchAction","target":{"@type":"EntryPoint","urlTemplate":"https:\/\/fit360.ee\/en\/?s={search_term_string}"},"query-input":{"@type":"PropertyValueSpecification","valueRequired":true,"valueName":"search_term_string"}}],"inLanguage":"en-US"},{"@type":"Organization","@id":"https:\/\/fit360.ee\/en\/#organization","name":"Fit360","url":"https:\/\/fit360.ee\/en\/","logo":{"@type":"ImageObject","inLanguage":"en-US","@id":"https:\/\/fit360.ee\/en\/#\/schema\/logo\/image\/","url":"https:\/\/fit360.ee\/wp-content\/uploads\/2017\/01\/logo-fit360.png","contentUrl":"https:\/\/fit360.ee\/wp-content\/uploads\/2017\/01\/logo-fit360.png","width":180,"height":66,"caption":"Fit360"},"image":{"@id":"https:\/\/fit360.ee\/en\/#\/schema\/logo\/image\/"}}]}},"_links":{"self":[{"href":"https:\/\/fit360.ee\/en\/wp-json\/wp\/v2\/product\/53664","targetHints":{"allow":["GET"]}}],"collection":[{"href":"https:\/\/fit360.ee\/en\/wp-json\/wp\/v2\/product"}],"about":[{"href":"https:\/\/fit360.ee\/en\/wp-json\/wp\/v2\/types\/product"}],"replies":[{"embeddable":true,"href":"https:\/\/fit360.ee\/en\/wp-json\/wp\/v2\/comments?post=53664"}],"wp:featuredmedia":[{"embeddable":true,"href":"https:\/\/fit360.ee\/en\/wp-json\/wp\/v2\/media\/53666"}],"wp:attachment":[{"href":"https:\/\/fit360.ee\/en\/wp-json\/wp\/v2\/media?parent=53664"}],"wp:term":[{"taxonomy":"product_brand","embeddable":true,"href":"https:\/\/fit360.ee\/en\/wp-json\/wp\/v2\/product_brand?post=53664"},{"taxonomy":"product_cat","embeddable":true,"href":"https:\/\/fit360.ee\/en\/wp-json\/wp\/v2\/product_cat?post=53664"},{"taxonomy":"product_tag","embeddable":true,"href":"https:\/\/fit360.ee\/en\/wp-json\/wp\/v2\/product_tag?post=53664"},{"taxonomy":"giftcard-category","embeddable":true,"href":"https:\/\/fit360.ee\/en\/wp-json\/wp\/v2\/giftcard-category?post=53664"}],"curies":[{"name":"wp","href":"https:\/\/api.w.org\/{rel}","templated":true}]}}