{"id":53688,"date":"2021-07-04T17:37:27","date_gmt":"2021-07-04T15:37:27","guid":{"rendered":"https:\/\/fit360.ee\/?post_type=product&#038;p=53688"},"modified":"2026-02-15T16:47:53","modified_gmt":"2026-02-15T14:47:53","slug":"omega-3-180caps","status":"publish","type":"product","link":"https:\/\/fit360.ee\/en\/pood\/product-groups\/essential-fats-en\/omega-3-en\/omega-3-180caps\/","title":{"rendered":"Omega 3 (180 kapslit)"},"content":{"rendered":"<h1><strong>Omega 3 rasvhapped<\/strong><\/h1>\n<p><strong>Omega 3<\/strong>\u00a0ehk\u00a0<strong>Oomega 3<\/strong>\u00a0rasvhapped kuuluvad pol\u00fck\u00fcllastamata rasvhapete perekonda. \u00dcks neist, ehk alfa-linoleenhape (ALA) on meile t\u00e4iesti asendamatu, st seda inimorganism ei tooda. ALA on levinud \u00fcsna laialdaselt, seda leidub eriti rohkesti linaseemnetes, linaseemne\u00f5lis ja rapsi\u00f5lis. ALA esineb ka m\u00f5ningate taimtoiduliste loomade rasvas. ALA saamine toiduga on v\u00e4ga t\u00e4htis, sest inimorganism s\u00fcnteesib sellest kahte pikemat ja \u00fclivajalikku Omega 3 rasvhapet: eikosapentaeenhape (EPA) ja dokosaheksaeenhape (DHA). EPA ja DHA on rohkesti kalades, nagu skumbrias, tuuni- ja l\u00f5hekalas, atlandi heeringas ja forellis. Seet\u00f5ttu kutsutakse neid ka meretoitudest p\u00e4rit Omega 3 rasvhapeteks.<\/p>\n<p><strong>Koostisosad: <\/strong>Kala\u00f5li (an\u0161oos), kapsli komponent (\u017eelatiin, niisutaja &#8211; gl\u00fctserool, vesi).<\/p>\n<p><strong>Kasutamine: <\/strong>v\u00f5ta 1 annus (1 kapsel) p\u00e4evas, soovitatavalt peale s\u00f6\u00f6ki. Joo piisavalt vett peale.<\/p>\n<p><strong>Hoiatused: <\/strong>\u00e4ra \u00fcleta p\u00e4evast soovitatud kogust. \u00c4ra kasuta seda toidulisandit asendusena tervislikule ja balanseeritud dieedile ning elustiilile. \u00c4ra tarvita, kui oled allergiline mainitud koostisosade vastu. Rasedad v\u00f5i imetavad naised ei tohiks seda toodet tarbida. Hoida lastele k\u00e4ttesaamatus kohas.<\/p>\n<p><strong>Suurus<\/strong>: 90 kapslit<\/p>\n<table>\n<tbody>\n<tr>\n<td width=\"307\"><strong>Koostisosad &#8211; Omega 3 rasvhapped<\/strong><\/td>\n<td width=\"307\"><strong>1 kapsel<\/strong><\/td>\n<\/tr>\n<tr>\n<td width=\"307\">Kalamaksa\u00f5li<\/td>\n<td width=\"307\">1000 mg<\/td>\n<\/tr>\n<tr>\n<td width=\"307\">Eikosapentaeenhape EPA<\/td>\n<td width=\"307\">180 mg<\/td>\n<\/tr>\n<tr>\n<td width=\"307\">Dokosaheksaeenhape DHA<\/td>\n<td width=\"307\">120 mg<\/td>\n<\/tr>\n<\/tbody>\n<\/table>\n<p>* &#8211; soovitatav p\u00e4evane kogus<\/p>\n<p>Vaata ka meie teisi Kasulikke Rasvhappeid <a href=\"https:\/\/fit360.ee\/en\/product-category\/product-groups\/essential-fats-en\/\"><strong>SIIT<\/strong><\/a> v\u00f5i Omega 3 Rasvhappeid <a href=\"https:\/\/fit360.ee\/en\/product-category\/product-groups\/essential-fats-en\/omega-3-en\/\"><strong>SIIT<\/strong><\/a>!<\/p>\n<p>Soovid kaupa osta suuremas koguses? Vaata antud toodet ka meie HULGI poest\u00a0<a href=\"https:\/\/toidulisandidhulgi.ee\/product\/omega-3-180caps\/\"><strong>SIIT<\/strong><\/a>!<\/p>\n","protected":false},"excerpt":{"rendered":"<h2><strong>Omega 3:<\/strong><\/h2>\n<p><strong>Ostrovit Omega-3 <\/strong>\u00a0on kontsentreeritud kalamaksa\u00f5li kapslikujuline toidulisand, mis sisaldab k\u00f5rgekvaliteetseid EPA ja DHA rasvhappeid.<\/p>\n<p><strong>Omega 3<\/strong> annab positiivset m\u00f5ju inimkehale peaaegu k\u00f5igil toimetasanditel. Eriti oluline on ta s\u00fcdame, aju ja n\u00e4gemise toimele.<\/p>\n","protected":false},"featured_media":76647,"comment_status":"open","ping_status":"closed","template":"","meta":[],"product_brand":[],"product_cat":[525,2438,1329],"product_tag":[1775,2886,1924],"giftcard-category":[],"class_list":{"0":"post-53688","1":"product","2":"type-product","3":"status-publish","4":"has-post-thumbnail","6":"product_cat-essential-fats-en","7":"product_cat-omega-3-en","8":"product_cat-ostrovit-en","9":"product_tag-omega-3-en","10":"product_tag-omega-3-kalaoli-en","11":"product_tag-ostrovit-en","12":"pa_toidulisand-branddd-ostrovit","13":"pa_tootegruppp-omega-3-en","14":"pa_tootegruppp-useful-fatty-acids","16":"first","17":"instock","18":"sale","19":"taxable","20":"shipping-taxable","21":"purchasable","22":"product-type-simple"},"yoast_head":"<!-- This site is optimized with the Yoast SEO plugin v27.3 - https:\/\/yoast.com\/product\/yoast-seo-wordpress\/ -->\n<title>Omega 3 (180 kapslit) - Oomega 3 - Omega 3 rasvhapped - Kiire Tarne<\/title>\n<meta name=\"description\" content=\"Omega 3 rasvhapped on kontsentreeritud kalamaksa\u00f5li kapslikujuline toidulisand, mis sisaldab k\u00f5rgekvaliteetseid EPA ja DHA rasvhappeid.\" \/>\n<meta name=\"robots\" content=\"index, follow, max-snippet:-1, max-image-preview:large, max-video-preview:-1\" \/>\n<link rel=\"canonical\" href=\"https:\/\/fit360.ee\/en\/pood\/product-groups\/essential-fats-en\/omega-3-en\/omega-3-180caps\/\" \/>\n<meta property=\"og:locale\" content=\"en_US\" \/>\n<meta property=\"og:type\" content=\"article\" \/>\n<meta property=\"og:title\" content=\"Omega 3 (180 kapslit) - Oomega 3 - Omega 3 rasvhapped - Kiire Tarne\" \/>\n<meta property=\"og:description\" content=\"Omega 3 rasvhapped on kontsentreeritud kalamaksa\u00f5li kapslikujuline toidulisand, mis sisaldab k\u00f5rgekvaliteetseid EPA ja DHA rasvhappeid.\" \/>\n<meta property=\"og:url\" content=\"https:\/\/fit360.ee\/en\/pood\/product-groups\/essential-fats-en\/omega-3-en\/omega-3-180caps\/\" \/>\n<meta property=\"og:site_name\" content=\"Fit360\" \/>\n<meta property=\"article:modified_time\" content=\"2026-02-15T14:47:53+00:00\" \/>\n<meta property=\"og:image\" content=\"https:\/\/fit360.ee\/wp-content\/uploads\/2021\/07\/ostrovit-omega-3-180caps-fit360.ee-1.png\" \/>\n\t<meta property=\"og:image:width\" content=\"450\" \/>\n\t<meta property=\"og:image:height\" content=\"450\" \/>\n\t<meta property=\"og:image:type\" content=\"image\/png\" \/>\n<meta name=\"twitter:card\" content=\"summary_large_image\" \/>\n<meta name=\"twitter:label1\" content=\"Est. reading time\" \/>\n\t<meta name=\"twitter:data1\" content=\"2 minutes\" \/>\n<script type=\"application\/ld+json\" class=\"yoast-schema-graph\">{\"@context\":\"https:\\\/\\\/schema.org\",\"@graph\":[{\"@type\":\"WebPage\",\"@id\":\"https:\\\/\\\/fit360.ee\\\/en\\\/pood\\\/product-groups\\\/essential-fats-en\\\/omega-3-en\\\/omega-3-180caps\\\/\",\"url\":\"https:\\\/\\\/fit360.ee\\\/en\\\/pood\\\/product-groups\\\/essential-fats-en\\\/omega-3-en\\\/omega-3-180caps\\\/\",\"name\":\"Omega 3 (180 kapslit) - Oomega 3 - Omega 3 rasvhapped - Kiire Tarne\",\"isPartOf\":{\"@id\":\"https:\\\/\\\/fit360.ee\\\/en\\\/#website\"},\"primaryImageOfPage\":{\"@id\":\"https:\\\/\\\/fit360.ee\\\/en\\\/pood\\\/product-groups\\\/essential-fats-en\\\/omega-3-en\\\/omega-3-180caps\\\/#primaryimage\"},\"image\":{\"@id\":\"https:\\\/\\\/fit360.ee\\\/en\\\/pood\\\/product-groups\\\/essential-fats-en\\\/omega-3-en\\\/omega-3-180caps\\\/#primaryimage\"},\"thumbnailUrl\":\"https:\\\/\\\/fit360.ee\\\/wp-content\\\/uploads\\\/2021\\\/07\\\/ostrovit-omega-3-180caps-fit360.ee-1.png\",\"datePublished\":\"2021-07-04T15:37:27+00:00\",\"dateModified\":\"2026-02-15T14:47:53+00:00\",\"description\":\"Omega 3 rasvhapped on kontsentreeritud kalamaksa\u00f5li kapslikujuline toidulisand, mis sisaldab k\u00f5rgekvaliteetseid EPA ja DHA rasvhappeid.\",\"breadcrumb\":{\"@id\":\"https:\\\/\\\/fit360.ee\\\/en\\\/pood\\\/product-groups\\\/essential-fats-en\\\/omega-3-en\\\/omega-3-180caps\\\/#breadcrumb\"},\"inLanguage\":\"en-US\",\"potentialAction\":[{\"@type\":\"ReadAction\",\"target\":[\"https:\\\/\\\/fit360.ee\\\/en\\\/pood\\\/product-groups\\\/essential-fats-en\\\/omega-3-en\\\/omega-3-180caps\\\/\"]}]},{\"@type\":\"ImageObject\",\"inLanguage\":\"en-US\",\"@id\":\"https:\\\/\\\/fit360.ee\\\/en\\\/pood\\\/product-groups\\\/essential-fats-en\\\/omega-3-en\\\/omega-3-180caps\\\/#primaryimage\",\"url\":\"https:\\\/\\\/fit360.ee\\\/wp-content\\\/uploads\\\/2021\\\/07\\\/ostrovit-omega-3-180caps-fit360.ee-1.png\",\"contentUrl\":\"https:\\\/\\\/fit360.ee\\\/wp-content\\\/uploads\\\/2021\\\/07\\\/ostrovit-omega-3-180caps-fit360.ee-1.png\",\"width\":450,\"height\":450,\"caption\":\"ostrovit omega 3 180caps - fit360.ee\"},{\"@type\":\"BreadcrumbList\",\"@id\":\"https:\\\/\\\/fit360.ee\\\/en\\\/pood\\\/product-groups\\\/essential-fats-en\\\/omega-3-en\\\/omega-3-180caps\\\/#breadcrumb\",\"itemListElement\":[{\"@type\":\"ListItem\",\"position\":1,\"name\":\"Home\",\"item\":\"https:\\\/\\\/fit360.ee\\\/en\\\/\"},{\"@type\":\"ListItem\",\"position\":2,\"name\":\"Shop\",\"item\":\"https:\\\/\\\/fit360.ee\\\/en\\\/shop\\\/\"},{\"@type\":\"ListItem\",\"position\":3,\"name\":\"Omega 3 (180 kapslit)\"}]},{\"@type\":\"WebSite\",\"@id\":\"https:\\\/\\\/fit360.ee\\\/en\\\/#website\",\"url\":\"https:\\\/\\\/fit360.ee\\\/en\\\/\",\"name\":\"Fit360\",\"description\":\"\",\"publisher\":{\"@id\":\"https:\\\/\\\/fit360.ee\\\/en\\\/#organization\"},\"potentialAction\":[{\"@type\":\"SearchAction\",\"target\":{\"@type\":\"EntryPoint\",\"urlTemplate\":\"https:\\\/\\\/fit360.ee\\\/en\\\/?s={search_term_string}\"},\"query-input\":{\"@type\":\"PropertyValueSpecification\",\"valueRequired\":true,\"valueName\":\"search_term_string\"}}],\"inLanguage\":\"en-US\"},{\"@type\":\"Organization\",\"@id\":\"https:\\\/\\\/fit360.ee\\\/en\\\/#organization\",\"name\":\"Fit360\",\"url\":\"https:\\\/\\\/fit360.ee\\\/en\\\/\",\"logo\":{\"@type\":\"ImageObject\",\"inLanguage\":\"en-US\",\"@id\":\"https:\\\/\\\/fit360.ee\\\/en\\\/#\\\/schema\\\/logo\\\/image\\\/\",\"url\":\"https:\\\/\\\/fit360.ee\\\/wp-content\\\/uploads\\\/2017\\\/01\\\/logo-fit360.png\",\"contentUrl\":\"https:\\\/\\\/fit360.ee\\\/wp-content\\\/uploads\\\/2017\\\/01\\\/logo-fit360.png\",\"width\":180,\"height\":66,\"caption\":\"Fit360\"},\"image\":{\"@id\":\"https:\\\/\\\/fit360.ee\\\/en\\\/#\\\/schema\\\/logo\\\/image\\\/\"}}]}<\/script>\n<!-- \/ Yoast SEO plugin. -->","yoast_head_json":{"title":"Omega 3 (180 kapslit) - Oomega 3 - Omega 3 rasvhapped - Kiire Tarne","description":"Omega 3 rasvhapped on kontsentreeritud kalamaksa\u00f5li kapslikujuline toidulisand, mis sisaldab k\u00f5rgekvaliteetseid EPA ja DHA rasvhappeid.","robots":{"index":"index","follow":"follow","max-snippet":"max-snippet:-1","max-image-preview":"max-image-preview:large","max-video-preview":"max-video-preview:-1"},"canonical":"https:\/\/fit360.ee\/en\/pood\/product-groups\/essential-fats-en\/omega-3-en\/omega-3-180caps\/","og_locale":"en_US","og_type":"article","og_title":"Omega 3 (180 kapslit) - Oomega 3 - Omega 3 rasvhapped - Kiire Tarne","og_description":"Omega 3 rasvhapped on kontsentreeritud kalamaksa\u00f5li kapslikujuline toidulisand, mis sisaldab k\u00f5rgekvaliteetseid EPA ja DHA rasvhappeid.","og_url":"https:\/\/fit360.ee\/en\/pood\/product-groups\/essential-fats-en\/omega-3-en\/omega-3-180caps\/","og_site_name":"Fit360","article_modified_time":"2026-02-15T14:47:53+00:00","og_image":[{"width":450,"height":450,"url":"https:\/\/fit360.ee\/wp-content\/uploads\/2021\/07\/ostrovit-omega-3-180caps-fit360.ee-1.png","type":"image\/png"}],"twitter_card":"summary_large_image","twitter_misc":{"Est. reading time":"2 minutes"},"schema":{"@context":"https:\/\/schema.org","@graph":[{"@type":"WebPage","@id":"https:\/\/fit360.ee\/en\/pood\/product-groups\/essential-fats-en\/omega-3-en\/omega-3-180caps\/","url":"https:\/\/fit360.ee\/en\/pood\/product-groups\/essential-fats-en\/omega-3-en\/omega-3-180caps\/","name":"Omega 3 (180 kapslit) - Oomega 3 - Omega 3 rasvhapped - Kiire Tarne","isPartOf":{"@id":"https:\/\/fit360.ee\/en\/#website"},"primaryImageOfPage":{"@id":"https:\/\/fit360.ee\/en\/pood\/product-groups\/essential-fats-en\/omega-3-en\/omega-3-180caps\/#primaryimage"},"image":{"@id":"https:\/\/fit360.ee\/en\/pood\/product-groups\/essential-fats-en\/omega-3-en\/omega-3-180caps\/#primaryimage"},"thumbnailUrl":"https:\/\/fit360.ee\/wp-content\/uploads\/2021\/07\/ostrovit-omega-3-180caps-fit360.ee-1.png","datePublished":"2021-07-04T15:37:27+00:00","dateModified":"2026-02-15T14:47:53+00:00","description":"Omega 3 rasvhapped on kontsentreeritud kalamaksa\u00f5li kapslikujuline toidulisand, mis sisaldab k\u00f5rgekvaliteetseid EPA ja DHA rasvhappeid.","breadcrumb":{"@id":"https:\/\/fit360.ee\/en\/pood\/product-groups\/essential-fats-en\/omega-3-en\/omega-3-180caps\/#breadcrumb"},"inLanguage":"en-US","potentialAction":[{"@type":"ReadAction","target":["https:\/\/fit360.ee\/en\/pood\/product-groups\/essential-fats-en\/omega-3-en\/omega-3-180caps\/"]}]},{"@type":"ImageObject","inLanguage":"en-US","@id":"https:\/\/fit360.ee\/en\/pood\/product-groups\/essential-fats-en\/omega-3-en\/omega-3-180caps\/#primaryimage","url":"https:\/\/fit360.ee\/wp-content\/uploads\/2021\/07\/ostrovit-omega-3-180caps-fit360.ee-1.png","contentUrl":"https:\/\/fit360.ee\/wp-content\/uploads\/2021\/07\/ostrovit-omega-3-180caps-fit360.ee-1.png","width":450,"height":450,"caption":"ostrovit omega 3 180caps - fit360.ee"},{"@type":"BreadcrumbList","@id":"https:\/\/fit360.ee\/en\/pood\/product-groups\/essential-fats-en\/omega-3-en\/omega-3-180caps\/#breadcrumb","itemListElement":[{"@type":"ListItem","position":1,"name":"Home","item":"https:\/\/fit360.ee\/en\/"},{"@type":"ListItem","position":2,"name":"Shop","item":"https:\/\/fit360.ee\/en\/shop\/"},{"@type":"ListItem","position":3,"name":"Omega 3 (180 kapslit)"}]},{"@type":"WebSite","@id":"https:\/\/fit360.ee\/en\/#website","url":"https:\/\/fit360.ee\/en\/","name":"Fit360","description":"","publisher":{"@id":"https:\/\/fit360.ee\/en\/#organization"},"potentialAction":[{"@type":"SearchAction","target":{"@type":"EntryPoint","urlTemplate":"https:\/\/fit360.ee\/en\/?s={search_term_string}"},"query-input":{"@type":"PropertyValueSpecification","valueRequired":true,"valueName":"search_term_string"}}],"inLanguage":"en-US"},{"@type":"Organization","@id":"https:\/\/fit360.ee\/en\/#organization","name":"Fit360","url":"https:\/\/fit360.ee\/en\/","logo":{"@type":"ImageObject","inLanguage":"en-US","@id":"https:\/\/fit360.ee\/en\/#\/schema\/logo\/image\/","url":"https:\/\/fit360.ee\/wp-content\/uploads\/2017\/01\/logo-fit360.png","contentUrl":"https:\/\/fit360.ee\/wp-content\/uploads\/2017\/01\/logo-fit360.png","width":180,"height":66,"caption":"Fit360"},"image":{"@id":"https:\/\/fit360.ee\/en\/#\/schema\/logo\/image\/"}}]}},"_links":{"self":[{"href":"https:\/\/fit360.ee\/en\/wp-json\/wp\/v2\/product\/53688","targetHints":{"allow":["GET"]}}],"collection":[{"href":"https:\/\/fit360.ee\/en\/wp-json\/wp\/v2\/product"}],"about":[{"href":"https:\/\/fit360.ee\/en\/wp-json\/wp\/v2\/types\/product"}],"replies":[{"embeddable":true,"href":"https:\/\/fit360.ee\/en\/wp-json\/wp\/v2\/comments?post=53688"}],"wp:featuredmedia":[{"embeddable":true,"href":"https:\/\/fit360.ee\/en\/wp-json\/wp\/v2\/media\/76647"}],"wp:attachment":[{"href":"https:\/\/fit360.ee\/en\/wp-json\/wp\/v2\/media?parent=53688"}],"wp:term":[{"taxonomy":"product_brand","embeddable":true,"href":"https:\/\/fit360.ee\/en\/wp-json\/wp\/v2\/product_brand?post=53688"},{"taxonomy":"product_cat","embeddable":true,"href":"https:\/\/fit360.ee\/en\/wp-json\/wp\/v2\/product_cat?post=53688"},{"taxonomy":"product_tag","embeddable":true,"href":"https:\/\/fit360.ee\/en\/wp-json\/wp\/v2\/product_tag?post=53688"},{"taxonomy":"giftcard-category","embeddable":true,"href":"https:\/\/fit360.ee\/en\/wp-json\/wp\/v2\/giftcard-category?post=53688"}],"curies":[{"name":"wp","href":"https:\/\/api.w.org\/{rel}","templated":true}]}}