{"id":53692,"date":"2021-07-04T17:54:29","date_gmt":"2021-07-04T15:54:29","guid":{"rendered":"https:\/\/fit360.ee\/?post_type=product&#038;p=53692"},"modified":"2026-04-10T16:11:37","modified_gmt":"2026-04-10T14:11:37","slug":"liquid-chalk-250ml","status":"publish","type":"product","link":"https:\/\/fit360.ee\/en\/pood\/training-equipment-en\/other-products-en\/liquid-chalk-250ml\/","title":{"rendered":"Liquid Chalk &#8211; vedel magneesiumkarbonaat haarde tugevdamiseks (250ml)"},"content":{"rendered":"<h1><strong>Liquid Chalk<\/strong><\/h1>\n<p><strong>LIQUID CHALK (GRIPGEL) &#8211; MAGNEESIUMGEEL PAREMAKS HAARDEKS!<\/strong><\/p>\n<p><a href=\"https:\/\/fit360.ee\/wp-content\/uploads\/2021\/07\/liquid-chalk-magneesium-katele-fit360.ee_-800x312.jpg\"><img loading=\"lazy\" decoding=\"async\" class=\"size-medium wp-image-71011\" src=\"https:\/\/fit360.ee\/wp-content\/uploads\/2021\/07\/liquid-chalk-magneesium-katele-fit360.ee_-800x312.jpg\" alt=\"liquid chalk magneesium k\u00e4tele - fit360.ee\" width=\"800\" height=\"312\" srcset=\"https:\/\/fit360.ee\/wp-content\/uploads\/2021\/07\/liquid-chalk-magneesium-katele-fit360.ee_-800x312.jpg 800w, https:\/\/fit360.ee\/wp-content\/uploads\/2021\/07\/liquid-chalk-magneesium-katele-fit360.ee_-510x199.jpg 510w, https:\/\/fit360.ee\/wp-content\/uploads\/2021\/07\/liquid-chalk-magneesium-katele-fit360.ee_-768x300.jpg 768w, https:\/\/fit360.ee\/wp-content\/uploads\/2021\/07\/liquid-chalk-magneesium-katele-fit360.ee_.jpg 922w\" sizes=\"auto, (max-width: 800px) 100vw, 800px\" \/><\/a><\/p>\n<p><strong>\u00a0\u00a0<\/strong><br \/>\n<strong>MIKS KASUTADA LIQUID CHALK&#8217;I?<\/strong><br \/>\n&#8211; ei tolma, allergiavaba: puhtad kopsud ja puhas treeningsaal<br \/>\n&#8211; imab niiskuse ilma nahka kahjustamata<br \/>\n&#8211; j\u00e4tkub kauaks<br \/>\n&#8211; t\u00e4nu unikaalsele koostisele parem haare<br \/>\n&#8211; h\u00f5lbus ja mugav kasutada<\/p>\n<p><strong>KASUTAMIS\u00d5PETUS:<\/strong>\u00a0pigistage v\u00e4ike kogus geeli k\u00e4tele ja h\u00f5\u00f5ruge laiali. Oodake kuni peopesad ja s\u00f5rmed muutuvad valgeks. Seej\u00e4rel v\u00f5ite alustada treeninguga. Sulgege tuub hoolikalt! Peale trenni eemaldub h\u00e4sti, pestes k\u00e4ed vee ja seebiga<\/p>\n<p><strong>KOOSTISOSAD: <\/strong>Magneesiumkarbonaat, alkohol, kampol, h\u00fcdroks\u00fcprop\u00fc\u00fcltselluloos.<\/p>\n<p>Valmistatud EUs.<\/p>\n<p><strong>SUURUS<\/strong>: 250ml<\/p>\n<p>Soovid kaupa osta suuremas koguses? Vaata antud toodet ka meie HULGI poest\u00a0<a href=\"https:\/\/toidulisandidhulgi.ee\/product\/liquid-chalk-250ml\/\"><strong>SIIT<\/strong><\/a>!<\/p>\n","protected":false},"excerpt":{"rendered":"<p><strong>LIQUID CHALK (GRIPGEL) &#8211; MAGNEESIUMGEEL PAREMAKS HAARDEKS!<\/strong><br \/>\n<strong>\u00a0\u00a0<\/strong><br \/>\n<strong>MIKS KASUTADA LIQUID CHALK&#8217;I?<\/strong><br \/>\n&#8211; ei tolma, allergiavaba: puhtad kopsud ja puhas treeningsaal<br \/>\n&#8211; imab niiskuse ilma nahka kahjustamata<br \/>\n&#8211; j\u00e4tkub kauaks<br \/>\n&#8211; t\u00e4nu unikaalsele koostisele parem haare<br \/>\n&#8211; h\u00f5lbus ja mugav kasutada<\/p>\n<p><strong>KASUTAMIS\u00d5PETUS:<\/strong>\u00a0pigistage v\u00e4ike kogus geeli k\u00e4tele ja h\u00f5\u00f5ruge laiali. Oodake kuni peopesad ja s\u00f5rmed muutuvad valgeks. Seej\u00e4rel v\u00f5ite alustada treeninguga. Sulgege tuub hoolikalt! Peale trenni eemaldub h\u00e4sti, pestes k\u00e4ed vee ja seebiga<\/p>\n","protected":false},"featured_media":53694,"comment_status":"open","ping_status":"closed","template":"","meta":[],"product_brand":[],"product_cat":[1329,1204],"product_tag":[2888,1924],"giftcard-category":[],"class_list":{"0":"post-53692","1":"product","2":"type-product","3":"status-publish","4":"has-post-thumbnail","6":"product_cat-ostrovit-en","7":"product_cat-other-products-en","8":"product_tag-liquid-chalk-en","9":"product_tag-ostrovit-en","10":"pa_brand-ostrovit-en","11":"pa_toidulisand-branddd-ostrovit","12":"pa_varustus-muu-en","13":"pa_varustus-muud-en","15":"first","16":"outofstock","17":"sale","18":"taxable","19":"shipping-taxable","20":"purchasable","21":"product-type-simple"},"yoast_head":"<!-- This site is optimized with the Yoast SEO plugin v27.3 - https:\/\/yoast.com\/product\/yoast-seo-wordpress\/ -->\n<title>Liquid Chalk - haarde tugevdamiseks (250ml)- Kiire Tarne - Fit360<\/title>\n<meta name=\"description\" content=\"Liquid chalk - Magneesiumkarbonaat m\u00f5eldud haarde tugevdamiseks. Suurep\u00e4rane kvaliteet ja hind. Kiire Tarne \u00fcle Eesti.\" \/>\n<meta name=\"robots\" content=\"index, follow, max-snippet:-1, max-image-preview:large, max-video-preview:-1\" \/>\n<link rel=\"canonical\" href=\"https:\/\/fit360.ee\/en\/pood\/training-equipment-en\/other-products-en\/liquid-chalk-250ml\/\" \/>\n<meta property=\"og:locale\" content=\"en_US\" \/>\n<meta property=\"og:type\" content=\"article\" \/>\n<meta property=\"og:title\" content=\"Liquid Chalk - haarde tugevdamiseks (250ml)- Kiire Tarne - Fit360\" \/>\n<meta property=\"og:description\" content=\"Liquid chalk - Magneesiumkarbonaat m\u00f5eldud haarde tugevdamiseks. Suurep\u00e4rane kvaliteet ja hind. Kiire Tarne \u00fcle Eesti.\" \/>\n<meta property=\"og:url\" content=\"https:\/\/fit360.ee\/en\/pood\/training-equipment-en\/other-products-en\/liquid-chalk-250ml\/\" \/>\n<meta property=\"og:site_name\" content=\"Fit360\" \/>\n<meta property=\"article:modified_time\" content=\"2026-04-10T14:11:37+00:00\" \/>\n<meta property=\"og:image\" content=\"https:\/\/fit360.ee\/wp-content\/uploads\/2021\/07\/liquid-chalk-fit360.ee_.png\" \/>\n\t<meta property=\"og:image:width\" content=\"1000\" \/>\n\t<meta property=\"og:image:height\" content=\"1000\" \/>\n\t<meta property=\"og:image:type\" content=\"image\/png\" \/>\n<meta name=\"twitter:card\" content=\"summary_large_image\" \/>\n<meta name=\"twitter:label1\" content=\"Est. reading time\" \/>\n\t<meta name=\"twitter:data1\" content=\"1 minute\" \/>\n<script type=\"application\/ld+json\" class=\"yoast-schema-graph\">{\"@context\":\"https:\\\/\\\/schema.org\",\"@graph\":[{\"@type\":\"WebPage\",\"@id\":\"https:\\\/\\\/fit360.ee\\\/en\\\/pood\\\/training-equipment-en\\\/other-products-en\\\/liquid-chalk-250ml\\\/\",\"url\":\"https:\\\/\\\/fit360.ee\\\/en\\\/pood\\\/training-equipment-en\\\/other-products-en\\\/liquid-chalk-250ml\\\/\",\"name\":\"Liquid Chalk - haarde tugevdamiseks (250ml)- Kiire Tarne - Fit360\",\"isPartOf\":{\"@id\":\"https:\\\/\\\/fit360.ee\\\/en\\\/#website\"},\"primaryImageOfPage\":{\"@id\":\"https:\\\/\\\/fit360.ee\\\/en\\\/pood\\\/training-equipment-en\\\/other-products-en\\\/liquid-chalk-250ml\\\/#primaryimage\"},\"image\":{\"@id\":\"https:\\\/\\\/fit360.ee\\\/en\\\/pood\\\/training-equipment-en\\\/other-products-en\\\/liquid-chalk-250ml\\\/#primaryimage\"},\"thumbnailUrl\":\"https:\\\/\\\/fit360.ee\\\/wp-content\\\/uploads\\\/2021\\\/07\\\/liquid-chalk-fit360.ee_.png\",\"datePublished\":\"2021-07-04T15:54:29+00:00\",\"dateModified\":\"2026-04-10T14:11:37+00:00\",\"description\":\"Liquid chalk - Magneesiumkarbonaat m\u00f5eldud haarde tugevdamiseks. Suurep\u00e4rane kvaliteet ja hind. Kiire Tarne \u00fcle Eesti.\",\"breadcrumb\":{\"@id\":\"https:\\\/\\\/fit360.ee\\\/en\\\/pood\\\/training-equipment-en\\\/other-products-en\\\/liquid-chalk-250ml\\\/#breadcrumb\"},\"inLanguage\":\"en-US\",\"potentialAction\":[{\"@type\":\"ReadAction\",\"target\":[\"https:\\\/\\\/fit360.ee\\\/en\\\/pood\\\/training-equipment-en\\\/other-products-en\\\/liquid-chalk-250ml\\\/\"]}]},{\"@type\":\"ImageObject\",\"inLanguage\":\"en-US\",\"@id\":\"https:\\\/\\\/fit360.ee\\\/en\\\/pood\\\/training-equipment-en\\\/other-products-en\\\/liquid-chalk-250ml\\\/#primaryimage\",\"url\":\"https:\\\/\\\/fit360.ee\\\/wp-content\\\/uploads\\\/2021\\\/07\\\/liquid-chalk-fit360.ee_.png\",\"contentUrl\":\"https:\\\/\\\/fit360.ee\\\/wp-content\\\/uploads\\\/2021\\\/07\\\/liquid-chalk-fit360.ee_.png\",\"width\":1000,\"height\":1000,\"caption\":\"liquid chalk - fit360.ee\"},{\"@type\":\"BreadcrumbList\",\"@id\":\"https:\\\/\\\/fit360.ee\\\/en\\\/pood\\\/training-equipment-en\\\/other-products-en\\\/liquid-chalk-250ml\\\/#breadcrumb\",\"itemListElement\":[{\"@type\":\"ListItem\",\"position\":1,\"name\":\"Home\",\"item\":\"https:\\\/\\\/fit360.ee\\\/en\\\/\"},{\"@type\":\"ListItem\",\"position\":2,\"name\":\"Shop\",\"item\":\"https:\\\/\\\/fit360.ee\\\/en\\\/shop\\\/\"},{\"@type\":\"ListItem\",\"position\":3,\"name\":\"Liquid Chalk &#8211; vedel magneesiumkarbonaat haarde tugevdamiseks (250ml)\"}]},{\"@type\":\"WebSite\",\"@id\":\"https:\\\/\\\/fit360.ee\\\/en\\\/#website\",\"url\":\"https:\\\/\\\/fit360.ee\\\/en\\\/\",\"name\":\"Fit360\",\"description\":\"\",\"publisher\":{\"@id\":\"https:\\\/\\\/fit360.ee\\\/en\\\/#organization\"},\"potentialAction\":[{\"@type\":\"SearchAction\",\"target\":{\"@type\":\"EntryPoint\",\"urlTemplate\":\"https:\\\/\\\/fit360.ee\\\/en\\\/?s={search_term_string}\"},\"query-input\":{\"@type\":\"PropertyValueSpecification\",\"valueRequired\":true,\"valueName\":\"search_term_string\"}}],\"inLanguage\":\"en-US\"},{\"@type\":\"Organization\",\"@id\":\"https:\\\/\\\/fit360.ee\\\/en\\\/#organization\",\"name\":\"Fit360\",\"url\":\"https:\\\/\\\/fit360.ee\\\/en\\\/\",\"logo\":{\"@type\":\"ImageObject\",\"inLanguage\":\"en-US\",\"@id\":\"https:\\\/\\\/fit360.ee\\\/en\\\/#\\\/schema\\\/logo\\\/image\\\/\",\"url\":\"https:\\\/\\\/fit360.ee\\\/wp-content\\\/uploads\\\/2017\\\/01\\\/logo-fit360.png\",\"contentUrl\":\"https:\\\/\\\/fit360.ee\\\/wp-content\\\/uploads\\\/2017\\\/01\\\/logo-fit360.png\",\"width\":180,\"height\":66,\"caption\":\"Fit360\"},\"image\":{\"@id\":\"https:\\\/\\\/fit360.ee\\\/en\\\/#\\\/schema\\\/logo\\\/image\\\/\"}}]}<\/script>\n<!-- \/ Yoast SEO plugin. -->","yoast_head_json":{"title":"Liquid Chalk - haarde tugevdamiseks (250ml)- Kiire Tarne - Fit360","description":"Liquid chalk - Magneesiumkarbonaat m\u00f5eldud haarde tugevdamiseks. Suurep\u00e4rane kvaliteet ja hind. Kiire Tarne \u00fcle Eesti.","robots":{"index":"index","follow":"follow","max-snippet":"max-snippet:-1","max-image-preview":"max-image-preview:large","max-video-preview":"max-video-preview:-1"},"canonical":"https:\/\/fit360.ee\/en\/pood\/training-equipment-en\/other-products-en\/liquid-chalk-250ml\/","og_locale":"en_US","og_type":"article","og_title":"Liquid Chalk - haarde tugevdamiseks (250ml)- Kiire Tarne - Fit360","og_description":"Liquid chalk - Magneesiumkarbonaat m\u00f5eldud haarde tugevdamiseks. Suurep\u00e4rane kvaliteet ja hind. Kiire Tarne \u00fcle Eesti.","og_url":"https:\/\/fit360.ee\/en\/pood\/training-equipment-en\/other-products-en\/liquid-chalk-250ml\/","og_site_name":"Fit360","article_modified_time":"2026-04-10T14:11:37+00:00","og_image":[{"width":1000,"height":1000,"url":"https:\/\/fit360.ee\/wp-content\/uploads\/2021\/07\/liquid-chalk-fit360.ee_.png","type":"image\/png"}],"twitter_card":"summary_large_image","twitter_misc":{"Est. reading time":"1 minute"},"schema":{"@context":"https:\/\/schema.org","@graph":[{"@type":"WebPage","@id":"https:\/\/fit360.ee\/en\/pood\/training-equipment-en\/other-products-en\/liquid-chalk-250ml\/","url":"https:\/\/fit360.ee\/en\/pood\/training-equipment-en\/other-products-en\/liquid-chalk-250ml\/","name":"Liquid Chalk - haarde tugevdamiseks (250ml)- Kiire Tarne - Fit360","isPartOf":{"@id":"https:\/\/fit360.ee\/en\/#website"},"primaryImageOfPage":{"@id":"https:\/\/fit360.ee\/en\/pood\/training-equipment-en\/other-products-en\/liquid-chalk-250ml\/#primaryimage"},"image":{"@id":"https:\/\/fit360.ee\/en\/pood\/training-equipment-en\/other-products-en\/liquid-chalk-250ml\/#primaryimage"},"thumbnailUrl":"https:\/\/fit360.ee\/wp-content\/uploads\/2021\/07\/liquid-chalk-fit360.ee_.png","datePublished":"2021-07-04T15:54:29+00:00","dateModified":"2026-04-10T14:11:37+00:00","description":"Liquid chalk - Magneesiumkarbonaat m\u00f5eldud haarde tugevdamiseks. Suurep\u00e4rane kvaliteet ja hind. Kiire Tarne \u00fcle Eesti.","breadcrumb":{"@id":"https:\/\/fit360.ee\/en\/pood\/training-equipment-en\/other-products-en\/liquid-chalk-250ml\/#breadcrumb"},"inLanguage":"en-US","potentialAction":[{"@type":"ReadAction","target":["https:\/\/fit360.ee\/en\/pood\/training-equipment-en\/other-products-en\/liquid-chalk-250ml\/"]}]},{"@type":"ImageObject","inLanguage":"en-US","@id":"https:\/\/fit360.ee\/en\/pood\/training-equipment-en\/other-products-en\/liquid-chalk-250ml\/#primaryimage","url":"https:\/\/fit360.ee\/wp-content\/uploads\/2021\/07\/liquid-chalk-fit360.ee_.png","contentUrl":"https:\/\/fit360.ee\/wp-content\/uploads\/2021\/07\/liquid-chalk-fit360.ee_.png","width":1000,"height":1000,"caption":"liquid chalk - fit360.ee"},{"@type":"BreadcrumbList","@id":"https:\/\/fit360.ee\/en\/pood\/training-equipment-en\/other-products-en\/liquid-chalk-250ml\/#breadcrumb","itemListElement":[{"@type":"ListItem","position":1,"name":"Home","item":"https:\/\/fit360.ee\/en\/"},{"@type":"ListItem","position":2,"name":"Shop","item":"https:\/\/fit360.ee\/en\/shop\/"},{"@type":"ListItem","position":3,"name":"Liquid Chalk &#8211; vedel magneesiumkarbonaat haarde tugevdamiseks (250ml)"}]},{"@type":"WebSite","@id":"https:\/\/fit360.ee\/en\/#website","url":"https:\/\/fit360.ee\/en\/","name":"Fit360","description":"","publisher":{"@id":"https:\/\/fit360.ee\/en\/#organization"},"potentialAction":[{"@type":"SearchAction","target":{"@type":"EntryPoint","urlTemplate":"https:\/\/fit360.ee\/en\/?s={search_term_string}"},"query-input":{"@type":"PropertyValueSpecification","valueRequired":true,"valueName":"search_term_string"}}],"inLanguage":"en-US"},{"@type":"Organization","@id":"https:\/\/fit360.ee\/en\/#organization","name":"Fit360","url":"https:\/\/fit360.ee\/en\/","logo":{"@type":"ImageObject","inLanguage":"en-US","@id":"https:\/\/fit360.ee\/en\/#\/schema\/logo\/image\/","url":"https:\/\/fit360.ee\/wp-content\/uploads\/2017\/01\/logo-fit360.png","contentUrl":"https:\/\/fit360.ee\/wp-content\/uploads\/2017\/01\/logo-fit360.png","width":180,"height":66,"caption":"Fit360"},"image":{"@id":"https:\/\/fit360.ee\/en\/#\/schema\/logo\/image\/"}}]}},"_links":{"self":[{"href":"https:\/\/fit360.ee\/en\/wp-json\/wp\/v2\/product\/53692","targetHints":{"allow":["GET"]}}],"collection":[{"href":"https:\/\/fit360.ee\/en\/wp-json\/wp\/v2\/product"}],"about":[{"href":"https:\/\/fit360.ee\/en\/wp-json\/wp\/v2\/types\/product"}],"replies":[{"embeddable":true,"href":"https:\/\/fit360.ee\/en\/wp-json\/wp\/v2\/comments?post=53692"}],"wp:featuredmedia":[{"embeddable":true,"href":"https:\/\/fit360.ee\/en\/wp-json\/wp\/v2\/media\/53694"}],"wp:attachment":[{"href":"https:\/\/fit360.ee\/en\/wp-json\/wp\/v2\/media?parent=53692"}],"wp:term":[{"taxonomy":"product_brand","embeddable":true,"href":"https:\/\/fit360.ee\/en\/wp-json\/wp\/v2\/product_brand?post=53692"},{"taxonomy":"product_cat","embeddable":true,"href":"https:\/\/fit360.ee\/en\/wp-json\/wp\/v2\/product_cat?post=53692"},{"taxonomy":"product_tag","embeddable":true,"href":"https:\/\/fit360.ee\/en\/wp-json\/wp\/v2\/product_tag?post=53692"},{"taxonomy":"giftcard-category","embeddable":true,"href":"https:\/\/fit360.ee\/en\/wp-json\/wp\/v2\/giftcard-category?post=53692"}],"curies":[{"name":"wp","href":"https:\/\/api.w.org\/{rel}","templated":true}]}}