{"id":53749,"date":"2021-07-06T13:03:03","date_gmt":"2021-07-06T11:03:03","guid":{"rendered":"https:\/\/fit360.ee\/?post_type=product&#038;p=53749"},"modified":"2025-08-13T07:36:09","modified_gmt":"2025-08-13T05:36:09","slug":"kakao-kiudaine-vege-150g","status":"publish","type":"product","link":"https:\/\/fit360.ee\/en\/pood\/product-groups\/superfoods-health-foods-en\/fiber-en\/kakao-kiudaine-vege-150g\/","title":{"rendered":"Kakao Kiudaine (vegan) (150g)"},"content":{"rendered":"<h1>Kakao Kiudaine<\/h1>\n<p><strong>OstroVit Kakao kiudained VEGE (Cocoa Fiber)<\/strong> on looduslikult k\u00f5rge omastatavusega taimsete kiudainete allikas. Supertoit saadakse kakao kuivj\u00e4\u00e4gist ja seej\u00e4rel mikroniseeritakse, mille k\u00e4igus see jahvatatakse. T\u00e4nu sellele on kiudainete aktiivpind suurem, mis t\u00e4hendab toote suurenenud efektiivsust ja paremat assimilatsiooni v\u00f5rreldes traditsiooniliste kiudainelisanditega. Kas otsite toodet, mis aitab teil isu t\u00e4is saada ja peristaltilist liikumist toetada? OstroVit Kakao kiudained VEGE on ideaalne valik.<\/p>\n<h4><strong>Millest see koosneb?<\/strong><\/h4>\n<p>OstroVit kakao kiudained VEGE on loodusliku p\u00e4ritoluga pulbriline kakaokiud. Toode t\u00e4iendab igap\u00e4evast dieeti v\u00e4ga omastatava ja lahustumatu taimse kiudainega. Seda soovitatakse eriti inimestele, kes \u00fcritavad \u00fcles\u00f6\u00f6mist l\u00f5petada, kannatavad liigse kehakaalu all v\u00f5i tegelevad seedeprobleemidega.<\/p>\n<p><strong>OstroVit Kakao kiudained VEGE on hea valik, kui:<\/strong><\/p>\n<ul>\n<li>Soovid rikastada oma dieeti v\u00e4ga omastatavate taimsete kiududega<\/li>\n<li>maadelda peristaltiliste liikumish\u00e4iretega<\/li>\n<li>Soovid kaalu alandada<\/li>\n<li>Soovid kolesteroolitaset alandada<\/li>\n<li>Soovite v\u00e4hendada oma veresuhkru taset<\/li>\n<li>soovite organismist toksiine v\u00e4ljutada<\/li>\n<\/ul>\n<h4><strong>Kakao Kiudainete Omadused<\/strong><\/h4>\n<p>OstroViti kakao kiudained VEGE toidulisandisse peeneteralise pulbri kujul kuuluv kakaokiud on suure aktiivse pinnaga. See imab kergesti vett ja on v\u00e4ga t\u00f5hus. \u00dcks toote pakend on 30 soovitatavat kiudaine portsjonit. Regulaarsel kasutamisel ei paranda see mitte ainult igap\u00e4evaelu mugavust, sealhulgas peristaltilist liikumist, vaid sellel on ka ennetavaid omadusi.<\/p>\n<p><strong>T\u00e4ienduse peamised omadused:<\/strong><\/p>\n<ul>\n<li>ALUSTAB MIKRONISATSIOONI &#8211; kiu tugev jahvatamine mikromeetri suurusteks osakesteks suurendab toote aktiivset pinda.\u00a0Nii v\u00f5ib see vedelikke kiiremini omastada ja kergesti omastatav.<\/li>\n<li>T\u00c4IUSLIK P\u00c4EVASE DIEETIGA &#8211; Kakaokiud m\u00f5jutab otseselt seedetrakti t\u00f6\u00f6d. See on asendamatu, kui soovite saleneda, see t\u00e4iuslikult k\u00fcllastab ja takistab t\u00f5husalt n\u00e4ljatunnet.<\/li>\n<li>KERGE TARBIDA &#8211; kakaokiud on kergesti neelatav. Saate seda kasutada vee v\u00f5i mahla paksendamiseks. Lisa julgelt ka jogurtile v\u00f5i pudrule.<\/li>\n<li>SOBILIK VEGANITELE &#8211; OstroVit kakaokiud VEGE on loodud looduskeskkonda silmas pidades. See ei sisalda loomseid koostisosi, nii et veganid v\u00f5ivad selle julgelt valida.<\/li>\n<\/ul>\n<p><strong>Koostisosad<\/strong>: Kakao kiudained<\/p>\n<p><strong>Kasutamine<\/strong>: Sega 1 kulp (5g) kiudaineid 100-150ml vee v\u00f5i mahlaga. Tarbi kuni 2 korda p\u00e4evas.<\/p>\n<p><strong>Suurus<\/strong>: 150g &#8211; 30 serveeringut<\/p>\n<table>\n<tbody>\n<tr>\n<td><strong>Toitev\u00e4\u00e4rtused<\/strong><\/td>\n<td><strong>5 g (1 portsjon)<\/strong><\/td>\n<td><strong>% SPK*<\/strong><\/td>\n<td><strong>10 g (2 portsjonit)<\/strong><\/td>\n<td><strong>% SPK *<\/strong><\/td>\n<td><strong>100 g kohta<\/strong><\/td>\n<\/tr>\n<tr>\n<td>Energia<\/td>\n<td>44 kJ \/ 11 kcal<\/td>\n<td>1<\/td>\n<td>89 kJ \/ 22 kcal<\/td>\n<td>1<\/td>\n<td>889 kJ \/ 217 kcal<\/td>\n<\/tr>\n<tr>\n<td>Rasv<\/td>\n<td>0,1 g<\/td>\n<td>&#8211;<\/td>\n<td>0,3 g<\/td>\n<td>1<\/td>\n<td>2,5 g<\/td>\n<\/tr>\n<tr>\n<td>&#8211; <em>millest<\/em> k\u00fcllastunud rasvhapped<\/td>\n<td>0,1 g<\/td>\n<td>&#8211;<\/td>\n<td>0,2 g<\/td>\n<td>1<\/td>\n<td>1,5 g<\/td>\n<\/tr>\n<tr>\n<td>S\u00fcsivesikud<\/td>\n<td>0,2 g<\/td>\n<td>&#8211;<\/td>\n<td>0,5 g<\/td>\n<td>&#8211;<\/td>\n<td>4,5 g<\/td>\n<\/tr>\n<tr>\n<td>&#8211; millest suhkrud<\/td>\n<td>0 g<\/td>\n<td>&#8211;<\/td>\n<td>0,q g<\/td>\n<td>1<\/td>\n<td>0,7 g<\/td>\n<\/tr>\n<tr>\n<td>Kiudained<\/td>\n<td>3 g<\/td>\n<td>&#8211;<\/td>\n<td>6 g<\/td>\n<td>&#8211;<\/td>\n<td>60 g<\/td>\n<\/tr>\n<tr>\n<td>Valk<\/td>\n<td>0,7 g<\/td>\n<td>1<\/td>\n<td>1,4 g<\/td>\n<td>2<\/td>\n<td>14,1 g<\/td>\n<\/tr>\n<tr>\n<td>Sool<\/td>\n<td>0 g<\/td>\n<td>&#8211;<\/td>\n<td>0 g<\/td>\n<td>&#8211;<\/td>\n<td>0,01 g<\/td>\n<\/tr>\n<tr>\n<td><strong>Aktiivsed toimeained<\/strong><\/td>\n<td><strong>5 g (1 portsjon)<\/strong><\/td>\n<td><strong>% SPK *<\/strong><\/td>\n<td><strong>10 g (2 portsjonit)<\/strong><\/td>\n<td><strong>% SPK *<\/strong><\/td>\n<td><strong>100 g kohta<\/strong><\/td>\n<\/tr>\n<tr>\n<td>Kakao kiudaine ( Cocoa Fiber)<\/td>\n<td>5 g<\/td>\n<td>&#8211;<\/td>\n<td>10 g<\/td>\n<td>&#8211;<\/td>\n<td>100 g<\/td>\n<\/tr>\n<\/tbody>\n<\/table>\n<p>* SPK \u2013 Soovituslik p\u00e4evane kogus<\/p>\n<p>Vaata ka meie teisi Kiudaineid <a href=\"https:\/\/fit360.ee\/en\/product-category\/product-groups\/superfoods-health-foods-en\/fiber-en\/\"><strong>SIIT<\/strong><\/a>!<\/p>\n<p>Soovid kaupa osta suuremas koguses? Vaata antud toodet ka meie HULGI poest\u00a0<a href=\"https:\/\/toidulisandidhulgi.ee\/product\/cocoa-fiber-kiudaine-vege-150g\/\"><strong>SIIT<\/strong><\/a>!<\/p>\n","protected":false},"excerpt":{"rendered":"<h2><strong>Kakao Kiudaine<\/strong>:<\/h2>\n<p><strong>OstroVit Kakao kiudained VEGE on hea valik, kui:<\/strong><\/p>\n<ul>\n<li>Soovid rikastada oma dieeti v\u00e4ga omastatavate taimsete kiududega<\/li>\n<li>maadelda peristaltiliste liikumish\u00e4iretega<\/li>\n<li>Soovid kaalu alandada<\/li>\n<li>Soovid kolesteroolitaset alandada<\/li>\n<li>Soovite v\u00e4hendada oma veresuhkru taset<\/li>\n<li>soovite organismist toksiine v\u00e4ljutada<\/li>\n<\/ul>\n","protected":false},"featured_media":53751,"comment_status":"closed","ping_status":"closed","template":"","meta":[],"product_brand":[],"product_cat":[3030,2351,3195,1329,1454,1201],"product_tag":[2891,2892,1924],"giftcard-category":[],"class_list":{"0":"post-53749","1":"product","2":"type-product","3":"status-publish","4":"has-post-thumbnail","6":"product_cat-best-before-en","7":"product_cat-fiber-en","8":"product_cat-last-in-stock-en","9":"product_cat-ostrovit-en","10":"product_cat-superfoods-health-foods-en","11":"product_cat-1201","12":"product_tag-cocoa-fiber-en","13":"product_tag-kakao-kiudained-en","14":"product_tag-ostrovit-en","15":"pa_toidulisand-branddd-ostrovit","16":"pa_tootegruppp-kiudained-en","17":"pa_tootegruppp-supertoit-tervisetoit-en","18":"pa_tootegruppp-vegan-en","20":"first","21":"outofstock","22":"sale","23":"taxable","24":"shipping-taxable","25":"purchasable","26":"product-type-simple"},"yoast_head":"<!-- This site is optimized with the Yoast SEO plugin v27.3 - https:\/\/yoast.com\/product\/yoast-seo-wordpress\/ -->\n<title>Kakao Kiudaine (vegan) (150g) - Kiudained - Kiire Tarne -<\/title>\n<meta name=\"description\" content=\"Cocoa Fiber VEGE on looduslikult k\u00f5rge omastatavusega taimsete kiudainete allikas.\u00a030 portsjonit purgis - parima hinnaga. Kiire tarne!\" \/>\n<meta name=\"robots\" content=\"index, follow, max-snippet:-1, max-image-preview:large, max-video-preview:-1\" \/>\n<link rel=\"canonical\" href=\"https:\/\/fit360.ee\/en\/pood\/product-groups\/superfoods-health-foods-en\/fiber-en\/kakao-kiudaine-vege-150g\/\" \/>\n<meta property=\"og:locale\" content=\"en_US\" \/>\n<meta property=\"og:type\" content=\"article\" \/>\n<meta property=\"og:title\" content=\"Kakao Kiudaine (vegan) (150g) - Kiudained - Kiire Tarne -\" \/>\n<meta property=\"og:description\" content=\"Cocoa Fiber VEGE on looduslikult k\u00f5rge omastatavusega taimsete kiudainete allikas.\u00a030 portsjonit purgis - parima hinnaga. Kiire tarne!\" \/>\n<meta property=\"og:url\" content=\"https:\/\/fit360.ee\/en\/pood\/product-groups\/superfoods-health-foods-en\/fiber-en\/kakao-kiudaine-vege-150g\/\" \/>\n<meta property=\"og:site_name\" content=\"Fit360\" \/>\n<meta property=\"article:modified_time\" content=\"2025-08-13T05:36:09+00:00\" \/>\n<meta property=\"og:image\" content=\"https:\/\/fit360.ee\/wp-content\/uploads\/2021\/07\/cocoa-fiber-ostrovit-fit360.ee_.png\" \/>\n\t<meta property=\"og:image:width\" content=\"450\" \/>\n\t<meta property=\"og:image:height\" content=\"450\" \/>\n\t<meta property=\"og:image:type\" content=\"image\/png\" \/>\n<meta name=\"twitter:card\" content=\"summary_large_image\" \/>\n<meta name=\"twitter:label1\" content=\"Est. reading time\" \/>\n\t<meta name=\"twitter:data1\" content=\"2 minutes\" \/>\n<script type=\"application\/ld+json\" class=\"yoast-schema-graph\">{\"@context\":\"https:\\\/\\\/schema.org\",\"@graph\":[{\"@type\":\"WebPage\",\"@id\":\"https:\\\/\\\/fit360.ee\\\/en\\\/pood\\\/product-groups\\\/superfoods-health-foods-en\\\/fiber-en\\\/kakao-kiudaine-vege-150g\\\/\",\"url\":\"https:\\\/\\\/fit360.ee\\\/en\\\/pood\\\/product-groups\\\/superfoods-health-foods-en\\\/fiber-en\\\/kakao-kiudaine-vege-150g\\\/\",\"name\":\"Kakao Kiudaine (vegan) (150g) - Kiudained - Kiire Tarne -\",\"isPartOf\":{\"@id\":\"https:\\\/\\\/fit360.ee\\\/en\\\/#website\"},\"primaryImageOfPage\":{\"@id\":\"https:\\\/\\\/fit360.ee\\\/en\\\/pood\\\/product-groups\\\/superfoods-health-foods-en\\\/fiber-en\\\/kakao-kiudaine-vege-150g\\\/#primaryimage\"},\"image\":{\"@id\":\"https:\\\/\\\/fit360.ee\\\/en\\\/pood\\\/product-groups\\\/superfoods-health-foods-en\\\/fiber-en\\\/kakao-kiudaine-vege-150g\\\/#primaryimage\"},\"thumbnailUrl\":\"https:\\\/\\\/fit360.ee\\\/wp-content\\\/uploads\\\/2021\\\/07\\\/cocoa-fiber-ostrovit-fit360.ee_.png\",\"datePublished\":\"2021-07-06T11:03:03+00:00\",\"dateModified\":\"2025-08-13T05:36:09+00:00\",\"description\":\"Cocoa Fiber VEGE on looduslikult k\u00f5rge omastatavusega taimsete kiudainete allikas.\u00a030 portsjonit purgis - parima hinnaga. Kiire tarne!\",\"breadcrumb\":{\"@id\":\"https:\\\/\\\/fit360.ee\\\/en\\\/pood\\\/product-groups\\\/superfoods-health-foods-en\\\/fiber-en\\\/kakao-kiudaine-vege-150g\\\/#breadcrumb\"},\"inLanguage\":\"en-US\",\"potentialAction\":[{\"@type\":\"ReadAction\",\"target\":[\"https:\\\/\\\/fit360.ee\\\/en\\\/pood\\\/product-groups\\\/superfoods-health-foods-en\\\/fiber-en\\\/kakao-kiudaine-vege-150g\\\/\"]}]},{\"@type\":\"ImageObject\",\"inLanguage\":\"en-US\",\"@id\":\"https:\\\/\\\/fit360.ee\\\/en\\\/pood\\\/product-groups\\\/superfoods-health-foods-en\\\/fiber-en\\\/kakao-kiudaine-vege-150g\\\/#primaryimage\",\"url\":\"https:\\\/\\\/fit360.ee\\\/wp-content\\\/uploads\\\/2021\\\/07\\\/cocoa-fiber-ostrovit-fit360.ee_.png\",\"contentUrl\":\"https:\\\/\\\/fit360.ee\\\/wp-content\\\/uploads\\\/2021\\\/07\\\/cocoa-fiber-ostrovit-fit360.ee_.png\",\"width\":450,\"height\":450,\"caption\":\"cocoa fiber ostrovit - fit360.ee\"},{\"@type\":\"BreadcrumbList\",\"@id\":\"https:\\\/\\\/fit360.ee\\\/en\\\/pood\\\/product-groups\\\/superfoods-health-foods-en\\\/fiber-en\\\/kakao-kiudaine-vege-150g\\\/#breadcrumb\",\"itemListElement\":[{\"@type\":\"ListItem\",\"position\":1,\"name\":\"Home\",\"item\":\"https:\\\/\\\/fit360.ee\\\/en\\\/\"},{\"@type\":\"ListItem\",\"position\":2,\"name\":\"Shop\",\"item\":\"https:\\\/\\\/fit360.ee\\\/en\\\/shop\\\/\"},{\"@type\":\"ListItem\",\"position\":3,\"name\":\"Kakao Kiudaine (vegan) (150g)\"}]},{\"@type\":\"WebSite\",\"@id\":\"https:\\\/\\\/fit360.ee\\\/en\\\/#website\",\"url\":\"https:\\\/\\\/fit360.ee\\\/en\\\/\",\"name\":\"Fit360\",\"description\":\"\",\"publisher\":{\"@id\":\"https:\\\/\\\/fit360.ee\\\/en\\\/#organization\"},\"potentialAction\":[{\"@type\":\"SearchAction\",\"target\":{\"@type\":\"EntryPoint\",\"urlTemplate\":\"https:\\\/\\\/fit360.ee\\\/en\\\/?s={search_term_string}\"},\"query-input\":{\"@type\":\"PropertyValueSpecification\",\"valueRequired\":true,\"valueName\":\"search_term_string\"}}],\"inLanguage\":\"en-US\"},{\"@type\":\"Organization\",\"@id\":\"https:\\\/\\\/fit360.ee\\\/en\\\/#organization\",\"name\":\"Fit360\",\"url\":\"https:\\\/\\\/fit360.ee\\\/en\\\/\",\"logo\":{\"@type\":\"ImageObject\",\"inLanguage\":\"en-US\",\"@id\":\"https:\\\/\\\/fit360.ee\\\/en\\\/#\\\/schema\\\/logo\\\/image\\\/\",\"url\":\"https:\\\/\\\/fit360.ee\\\/wp-content\\\/uploads\\\/2017\\\/01\\\/logo-fit360.png\",\"contentUrl\":\"https:\\\/\\\/fit360.ee\\\/wp-content\\\/uploads\\\/2017\\\/01\\\/logo-fit360.png\",\"width\":180,\"height\":66,\"caption\":\"Fit360\"},\"image\":{\"@id\":\"https:\\\/\\\/fit360.ee\\\/en\\\/#\\\/schema\\\/logo\\\/image\\\/\"}}]}<\/script>\n<!-- \/ Yoast SEO plugin. -->","yoast_head_json":{"title":"Kakao Kiudaine (vegan) (150g) - Kiudained - Kiire Tarne -","description":"Cocoa Fiber VEGE on looduslikult k\u00f5rge omastatavusega taimsete kiudainete allikas.\u00a030 portsjonit purgis - parima hinnaga. Kiire tarne!","robots":{"index":"index","follow":"follow","max-snippet":"max-snippet:-1","max-image-preview":"max-image-preview:large","max-video-preview":"max-video-preview:-1"},"canonical":"https:\/\/fit360.ee\/en\/pood\/product-groups\/superfoods-health-foods-en\/fiber-en\/kakao-kiudaine-vege-150g\/","og_locale":"en_US","og_type":"article","og_title":"Kakao Kiudaine (vegan) (150g) - Kiudained - Kiire Tarne -","og_description":"Cocoa Fiber VEGE on looduslikult k\u00f5rge omastatavusega taimsete kiudainete allikas.\u00a030 portsjonit purgis - parima hinnaga. Kiire tarne!","og_url":"https:\/\/fit360.ee\/en\/pood\/product-groups\/superfoods-health-foods-en\/fiber-en\/kakao-kiudaine-vege-150g\/","og_site_name":"Fit360","article_modified_time":"2025-08-13T05:36:09+00:00","og_image":[{"width":450,"height":450,"url":"https:\/\/fit360.ee\/wp-content\/uploads\/2021\/07\/cocoa-fiber-ostrovit-fit360.ee_.png","type":"image\/png"}],"twitter_card":"summary_large_image","twitter_misc":{"Est. reading time":"2 minutes"},"schema":{"@context":"https:\/\/schema.org","@graph":[{"@type":"WebPage","@id":"https:\/\/fit360.ee\/en\/pood\/product-groups\/superfoods-health-foods-en\/fiber-en\/kakao-kiudaine-vege-150g\/","url":"https:\/\/fit360.ee\/en\/pood\/product-groups\/superfoods-health-foods-en\/fiber-en\/kakao-kiudaine-vege-150g\/","name":"Kakao Kiudaine (vegan) (150g) - Kiudained - Kiire Tarne -","isPartOf":{"@id":"https:\/\/fit360.ee\/en\/#website"},"primaryImageOfPage":{"@id":"https:\/\/fit360.ee\/en\/pood\/product-groups\/superfoods-health-foods-en\/fiber-en\/kakao-kiudaine-vege-150g\/#primaryimage"},"image":{"@id":"https:\/\/fit360.ee\/en\/pood\/product-groups\/superfoods-health-foods-en\/fiber-en\/kakao-kiudaine-vege-150g\/#primaryimage"},"thumbnailUrl":"https:\/\/fit360.ee\/wp-content\/uploads\/2021\/07\/cocoa-fiber-ostrovit-fit360.ee_.png","datePublished":"2021-07-06T11:03:03+00:00","dateModified":"2025-08-13T05:36:09+00:00","description":"Cocoa Fiber VEGE on looduslikult k\u00f5rge omastatavusega taimsete kiudainete allikas.\u00a030 portsjonit purgis - parima hinnaga. Kiire tarne!","breadcrumb":{"@id":"https:\/\/fit360.ee\/en\/pood\/product-groups\/superfoods-health-foods-en\/fiber-en\/kakao-kiudaine-vege-150g\/#breadcrumb"},"inLanguage":"en-US","potentialAction":[{"@type":"ReadAction","target":["https:\/\/fit360.ee\/en\/pood\/product-groups\/superfoods-health-foods-en\/fiber-en\/kakao-kiudaine-vege-150g\/"]}]},{"@type":"ImageObject","inLanguage":"en-US","@id":"https:\/\/fit360.ee\/en\/pood\/product-groups\/superfoods-health-foods-en\/fiber-en\/kakao-kiudaine-vege-150g\/#primaryimage","url":"https:\/\/fit360.ee\/wp-content\/uploads\/2021\/07\/cocoa-fiber-ostrovit-fit360.ee_.png","contentUrl":"https:\/\/fit360.ee\/wp-content\/uploads\/2021\/07\/cocoa-fiber-ostrovit-fit360.ee_.png","width":450,"height":450,"caption":"cocoa fiber ostrovit - fit360.ee"},{"@type":"BreadcrumbList","@id":"https:\/\/fit360.ee\/en\/pood\/product-groups\/superfoods-health-foods-en\/fiber-en\/kakao-kiudaine-vege-150g\/#breadcrumb","itemListElement":[{"@type":"ListItem","position":1,"name":"Home","item":"https:\/\/fit360.ee\/en\/"},{"@type":"ListItem","position":2,"name":"Shop","item":"https:\/\/fit360.ee\/en\/shop\/"},{"@type":"ListItem","position":3,"name":"Kakao Kiudaine (vegan) (150g)"}]},{"@type":"WebSite","@id":"https:\/\/fit360.ee\/en\/#website","url":"https:\/\/fit360.ee\/en\/","name":"Fit360","description":"","publisher":{"@id":"https:\/\/fit360.ee\/en\/#organization"},"potentialAction":[{"@type":"SearchAction","target":{"@type":"EntryPoint","urlTemplate":"https:\/\/fit360.ee\/en\/?s={search_term_string}"},"query-input":{"@type":"PropertyValueSpecification","valueRequired":true,"valueName":"search_term_string"}}],"inLanguage":"en-US"},{"@type":"Organization","@id":"https:\/\/fit360.ee\/en\/#organization","name":"Fit360","url":"https:\/\/fit360.ee\/en\/","logo":{"@type":"ImageObject","inLanguage":"en-US","@id":"https:\/\/fit360.ee\/en\/#\/schema\/logo\/image\/","url":"https:\/\/fit360.ee\/wp-content\/uploads\/2017\/01\/logo-fit360.png","contentUrl":"https:\/\/fit360.ee\/wp-content\/uploads\/2017\/01\/logo-fit360.png","width":180,"height":66,"caption":"Fit360"},"image":{"@id":"https:\/\/fit360.ee\/en\/#\/schema\/logo\/image\/"}}]}},"_links":{"self":[{"href":"https:\/\/fit360.ee\/en\/wp-json\/wp\/v2\/product\/53749","targetHints":{"allow":["GET"]}}],"collection":[{"href":"https:\/\/fit360.ee\/en\/wp-json\/wp\/v2\/product"}],"about":[{"href":"https:\/\/fit360.ee\/en\/wp-json\/wp\/v2\/types\/product"}],"replies":[{"embeddable":true,"href":"https:\/\/fit360.ee\/en\/wp-json\/wp\/v2\/comments?post=53749"}],"wp:featuredmedia":[{"embeddable":true,"href":"https:\/\/fit360.ee\/en\/wp-json\/wp\/v2\/media\/53751"}],"wp:attachment":[{"href":"https:\/\/fit360.ee\/en\/wp-json\/wp\/v2\/media?parent=53749"}],"wp:term":[{"taxonomy":"product_brand","embeddable":true,"href":"https:\/\/fit360.ee\/en\/wp-json\/wp\/v2\/product_brand?post=53749"},{"taxonomy":"product_cat","embeddable":true,"href":"https:\/\/fit360.ee\/en\/wp-json\/wp\/v2\/product_cat?post=53749"},{"taxonomy":"product_tag","embeddable":true,"href":"https:\/\/fit360.ee\/en\/wp-json\/wp\/v2\/product_tag?post=53749"},{"taxonomy":"giftcard-category","embeddable":true,"href":"https:\/\/fit360.ee\/en\/wp-json\/wp\/v2\/giftcard-category?post=53749"}],"curies":[{"name":"wp","href":"https:\/\/api.w.org\/{rel}","templated":true}]}}