{"id":53758,"date":"2021-07-06T14:05:36","date_gmt":"2021-07-06T12:05:36","guid":{"rendered":"https:\/\/fit360.ee\/?post_type=product&#038;p=53758"},"modified":"2025-08-13T07:36:12","modified_gmt":"2025-08-13T05:36:12","slug":"pea-protein-hernevalk-700g","status":"publish","type":"product","link":"https:\/\/fit360.ee\/en\/pood\/product-groups\/protein-poweders-en\/vegan-protein-en\/pea-protein-hernevalk-700g\/","title":{"rendered":"Pea Protein Isolate &#8211; Hernevalk (480g)"},"content":{"rendered":"<h1>Pea Protein<\/h1>\n<p><strong>OstroVit Pea Protein VEGE<\/strong> on hernevalgu isolaadist p\u00e4rit k\u00f5rgeima kvaliteediga valk, mis sisaldab lausa 85% valku. See on m\u00f5eldud neile, kes soovivad toitumist t\u00e4iendava valguga t\u00e4iustada. Hernevalk aitab kaasa lihasmassi kasvule ja aitab seda s\u00e4ilitada. Samuti aitab see luud tervena hoida.<\/p>\n<p>OstroVit Hernevalk on toidulisand, mis aitab kaasa lihasmassi kasvule ja aitab seda s\u00e4ilitada. Meie valk on suunatud k\u00f5igile sportlastele, olenemata nende spordialast. Eriti soovitatav on see lihasmassi kasvatamise perioodil. Seda saab kasutada edasij\u00f5udnutele m\u00f5eldud treeningute ajal, aga ka igap\u00e4evase dieedi koostisosana toitev\u00e4\u00e4rtuste t\u00e4iendamiseks.<\/p>\n<h3><strong>Ostrovit Pea Protein eelised:<\/strong><\/h3>\n<ul>\n<li>Suur valgusisaldus<\/li>\n<li>Hargnenud ahelaga <a href=\"https:\/\/fit360.ee\/en\/product-category\/product-groups\/amino-acids-bcaa\/\"><strong>aminohappe<\/strong> <\/a>ehk <a href=\"https:\/\/fit360.ee\/en\/product-category\/product-groups\/amino-acids-bcaa\/bcaa-en\/\"><strong>BCAA<\/strong><\/a> allikas<\/li>\n<li>Anaboolsed toimingud &#8211; aitavad ehitada puhast lihasmassi<\/li>\n<li>Antikatabolilised toimed &#8211; hoiab \u00e4ra lihaste lagunemise<\/li>\n<li>Kergesti saadaa energiaallikas<\/li>\n<li>Kiirendab regeneratsiooni<\/li>\n<li>Sobib k\u00f5ikide spordialade tegijatele<\/li>\n<li>Spetsiaalselt soovitatav lihasmassi kasvatamise perioodil<\/li>\n<\/ul>\n<p><strong style=\"color: #555555; font-size: 14.4px;\">Proovi kodus kasutada n\u00e4iteks:<\/strong><\/p>\n<ul>\n<li>pastades<\/li>\n<li>smuutides<\/li>\n<li>hommikus\u00f6\u00f6gi m\u00fcslidega<\/li>\n<li>isetehtud proteiinibatoonides<\/li>\n<li>spordijookides<\/li>\n<li style=\"list-style-type: none;\"><\/li>\n<\/ul>\n<p><strong>Koostisosad:<\/strong> Hernevalgu isolaat.<\/p>\n<p><strong>Kasutamine<\/strong>: Sega 30-40g pulbrit 300-400ml vee v\u00f5i piimaga<\/p>\n<p><strong>Suurus<\/strong>: 480g<\/p>\n<table width=\"404\">\n<tbody>\n<tr>\n<td width=\"149\"><strong>Toitev\u00e4\u00e4rtus<\/strong><\/td>\n<td width=\"93\"><strong>100 g<\/strong><\/td>\n<td width=\"84\"><strong>Serveering (30g)<\/strong><\/td>\n<td width=\"78\"><strong>SPK%*<\/strong><\/td>\n<\/tr>\n<tr>\n<td width=\"149\"><strong>Energia<\/strong><\/td>\n<td width=\"93\">1839 kJ\/436 kcal<\/td>\n<td width=\"84\">552 kJ\/131 kcal<\/td>\n<td width=\"78\">7<\/td>\n<\/tr>\n<tr>\n<td width=\"149\"><strong>Rasvad<\/strong><\/td>\n<td width=\"93\">8 g<\/td>\n<td width=\"84\">2.4 g<\/td>\n<td width=\"78\">3<\/td>\n<\/tr>\n<tr>\n<td width=\"149\"><strong>millest k\u00fcllastunud rasvhapped<\/strong><\/td>\n<td width=\"93\">2.1 g<\/td>\n<td width=\"84\">0.6 g<\/td>\n<td width=\"78\">3<\/td>\n<\/tr>\n<tr>\n<td width=\"149\"><strong>S\u00fcsivesikud<\/strong><\/td>\n<td width=\"93\">1.4 g<\/td>\n<td width=\"84\">0.4 g<\/td>\n<td width=\"78\">&#8211;<\/td>\n<\/tr>\n<tr>\n<td width=\"149\"><strong>millest suhkrud<\/strong><\/td>\n<td width=\"93\">0 g<\/td>\n<td width=\"84\">0 g<\/td>\n<td width=\"78\">&#8211;<\/td>\n<\/tr>\n<tr>\n<td width=\"149\"><strong>Kiudained<\/strong><\/td>\n<td width=\"93\">9.3 g<\/td>\n<td width=\"84\">2.8 g<\/td>\n<td width=\"78\">&#8211;<\/td>\n<\/tr>\n<tr>\n<td width=\"149\"><strong>Valgud<\/strong><\/td>\n<td width=\"93\">85 g<\/td>\n<td width=\"84\">26 g<\/td>\n<td width=\"78\">52<\/td>\n<\/tr>\n<tr>\n<td width=\"149\"><strong>Sool<\/strong><\/td>\n<td width=\"93\">1.48 g<\/td>\n<td width=\"84\">0.44 g<\/td>\n<td width=\"78\">7<\/td>\n<\/tr>\n<tr>\n<td width=\"149\"><strong>Hernevalgu isolaat<\/strong><\/td>\n<td width=\"93\">100 g<\/td>\n<td width=\"84\">30 g<\/td>\n<td width=\"78\">\u00a0&#8211;<\/td>\n<\/tr>\n<\/tbody>\n<\/table>\n<p>*SPK &#8211; soovitatud p\u00e4evane kogus<\/p>\n<p>Vaata ka meie teisi Taimseid Proteiine <a href=\"https:\/\/fit360.ee\/en\/product-category\/product-groups\/protein-poweders-en\/vegan-protein-en\/\"><strong>SIIT<\/strong><\/a><\/p>\n<p>Soovid kaupa osta suuremas koguses? Vaata antud toodet ka meie HULGI poest <a href=\"https:\/\/toidulisandidhulgi.ee\/product\/pea-protein-hernevalk-700g\/\"><strong>SIIT<\/strong><\/a>!<\/p>\n","protected":false},"excerpt":{"rendered":"<p><strong>Pea Protein Isolate:<\/strong><\/p>\n<p>on kvaliteetne taimsest allikast proteiin, mille head omadused ja k\u00f5rge 85% proteiinisisaldus sobivad ideaalselt toidulaua ja smuutide rikastamiseks.<\/p>\n<ul>\n<li>Sobib proteiinisisalduse t\u00f5stmiseks erinevates toitudes ja smuutides.<\/li>\n<li>Naturaalne taimsest allikast ja neutraalse maitsega proteiin.<\/li>\n<li>Toodetud kvaliteetsetest, puhastest ja GMO vabadest hernestest.<\/li>\n<li>Sobib vegan ja taimetoitudesse!<\/li>\n<\/ul>\n<p><strong>OstrovitT Pea Protein Isolate<\/strong>\u00a0on taimne proteiiniallikas hernestest. Selle eriti\u00a0<strong>k\u00f5rge 85% proteiinisisaldus<\/strong>\u00a0on sobilik nii sportlastele, kui ka koduseks kasutamiseks, et oma men\u00fc\u00fcs proteiini taset t\u00f5sta.\u00a0Tegemist on puhta maitsestamata tootega ning sobib h\u00e4sti ka erinevate taimetoitude, vegan toitude ja smuutidega segamiseks.<\/p>\n","protected":false},"featured_media":78357,"comment_status":"open","ping_status":"closed","template":"","meta":[],"product_brand":[],"product_cat":[1329,535,2428,1201],"product_tag":[2897,1924,2898,1668,1670],"giftcard-category":[],"class_list":{"0":"post-53758","1":"product","2":"type-product","3":"status-publish","4":"has-post-thumbnail","6":"product_cat-ostrovit-en","7":"product_cat-protein-poweders-en","8":"product_cat-vegan-protein-en","9":"product_cat-1201","10":"product_tag-hernevalk-en","11":"product_tag-ostrovit-en","12":"product_tag-pea-protein-en","13":"product_tag-proteiinipulber-en","14":"product_tag-valgupulber-en","15":"pa_kogus-480g-en","16":"pa_toidulisand-branddd-ostrovit","17":"pa_tootegruppp-protein","18":"pa_tootegruppp-taimne-valk-en","19":"pa_tootegruppp-vegan-en","21":"first","22":"instock","23":"sale","24":"taxable","25":"shipping-taxable","26":"purchasable","27":"product-type-simple"},"yoast_head":"<!-- This site is optimized with the Yoast SEO plugin v27.3 - https:\/\/yoast.com\/product\/yoast-seo-wordpress\/ -->\n<title>Pea Protein Isolate - Hernevalk (480g) - Vegan protein - Tarne: 1-3 p\u00e4eva<\/title>\n<meta name=\"description\" content=\"100% puhas hernevalk - pea protein. Ideaalne proteiinipulber veganitele ja taimetoitlastele ideaalselt. Soodne proteeiniallikas!\" \/>\n<meta name=\"robots\" content=\"index, follow, max-snippet:-1, max-image-preview:large, max-video-preview:-1\" \/>\n<link rel=\"canonical\" href=\"https:\/\/fit360.ee\/en\/pood\/product-groups\/protein-poweders-en\/vegan-protein-en\/pea-protein-hernevalk-700g\/\" \/>\n<meta property=\"og:locale\" content=\"en_US\" \/>\n<meta property=\"og:type\" content=\"article\" \/>\n<meta property=\"og:title\" content=\"Pea Protein Isolate - Hernevalk (480g) - Vegan protein - Tarne: 1-3 p\u00e4eva\" \/>\n<meta property=\"og:description\" content=\"100% puhas hernevalk - pea protein. Ideaalne proteiinipulber veganitele ja taimetoitlastele ideaalselt. Soodne proteeiniallikas!\" \/>\n<meta property=\"og:url\" content=\"https:\/\/fit360.ee\/en\/pood\/product-groups\/protein-poweders-en\/vegan-protein-en\/pea-protein-hernevalk-700g\/\" \/>\n<meta property=\"og:site_name\" content=\"Fit360\" \/>\n<meta property=\"article:modified_time\" content=\"2025-08-13T05:36:12+00:00\" \/>\n<meta property=\"og:image\" content=\"https:\/\/fit360.ee\/wp-content\/uploads\/2021\/07\/pea-protein-isolate-fit360.ee-1.png\" \/>\n\t<meta property=\"og:image:width\" content=\"450\" \/>\n\t<meta property=\"og:image:height\" content=\"450\" \/>\n\t<meta property=\"og:image:type\" content=\"image\/png\" \/>\n<meta name=\"twitter:card\" content=\"summary_large_image\" \/>\n<meta name=\"twitter:label1\" content=\"Est. reading time\" \/>\n\t<meta name=\"twitter:data1\" content=\"2 minutes\" \/>\n<script type=\"application\/ld+json\" class=\"yoast-schema-graph\">{\"@context\":\"https:\\\/\\\/schema.org\",\"@graph\":[{\"@type\":\"WebPage\",\"@id\":\"https:\\\/\\\/fit360.ee\\\/en\\\/pood\\\/product-groups\\\/protein-poweders-en\\\/vegan-protein-en\\\/pea-protein-hernevalk-700g\\\/\",\"url\":\"https:\\\/\\\/fit360.ee\\\/en\\\/pood\\\/product-groups\\\/protein-poweders-en\\\/vegan-protein-en\\\/pea-protein-hernevalk-700g\\\/\",\"name\":\"Pea Protein Isolate - Hernevalk (480g) - Vegan protein - Tarne: 1-3 p\u00e4eva\",\"isPartOf\":{\"@id\":\"https:\\\/\\\/fit360.ee\\\/en\\\/#website\"},\"primaryImageOfPage\":{\"@id\":\"https:\\\/\\\/fit360.ee\\\/en\\\/pood\\\/product-groups\\\/protein-poweders-en\\\/vegan-protein-en\\\/pea-protein-hernevalk-700g\\\/#primaryimage\"},\"image\":{\"@id\":\"https:\\\/\\\/fit360.ee\\\/en\\\/pood\\\/product-groups\\\/protein-poweders-en\\\/vegan-protein-en\\\/pea-protein-hernevalk-700g\\\/#primaryimage\"},\"thumbnailUrl\":\"https:\\\/\\\/fit360.ee\\\/wp-content\\\/uploads\\\/2021\\\/07\\\/pea-protein-isolate-fit360.ee-1.png\",\"datePublished\":\"2021-07-06T12:05:36+00:00\",\"dateModified\":\"2025-08-13T05:36:12+00:00\",\"description\":\"100% puhas hernevalk - pea protein. Ideaalne proteiinipulber veganitele ja taimetoitlastele ideaalselt. Soodne proteeiniallikas!\",\"breadcrumb\":{\"@id\":\"https:\\\/\\\/fit360.ee\\\/en\\\/pood\\\/product-groups\\\/protein-poweders-en\\\/vegan-protein-en\\\/pea-protein-hernevalk-700g\\\/#breadcrumb\"},\"inLanguage\":\"en-US\",\"potentialAction\":[{\"@type\":\"ReadAction\",\"target\":[\"https:\\\/\\\/fit360.ee\\\/en\\\/pood\\\/product-groups\\\/protein-poweders-en\\\/vegan-protein-en\\\/pea-protein-hernevalk-700g\\\/\"]}]},{\"@type\":\"ImageObject\",\"inLanguage\":\"en-US\",\"@id\":\"https:\\\/\\\/fit360.ee\\\/en\\\/pood\\\/product-groups\\\/protein-poweders-en\\\/vegan-protein-en\\\/pea-protein-hernevalk-700g\\\/#primaryimage\",\"url\":\"https:\\\/\\\/fit360.ee\\\/wp-content\\\/uploads\\\/2021\\\/07\\\/pea-protein-isolate-fit360.ee-1.png\",\"contentUrl\":\"https:\\\/\\\/fit360.ee\\\/wp-content\\\/uploads\\\/2021\\\/07\\\/pea-protein-isolate-fit360.ee-1.png\",\"width\":450,\"height\":450,\"caption\":\"pea protein isolate - fit360.ee\"},{\"@type\":\"BreadcrumbList\",\"@id\":\"https:\\\/\\\/fit360.ee\\\/en\\\/pood\\\/product-groups\\\/protein-poweders-en\\\/vegan-protein-en\\\/pea-protein-hernevalk-700g\\\/#breadcrumb\",\"itemListElement\":[{\"@type\":\"ListItem\",\"position\":1,\"name\":\"Home\",\"item\":\"https:\\\/\\\/fit360.ee\\\/en\\\/\"},{\"@type\":\"ListItem\",\"position\":2,\"name\":\"Shop\",\"item\":\"https:\\\/\\\/fit360.ee\\\/en\\\/shop\\\/\"},{\"@type\":\"ListItem\",\"position\":3,\"name\":\"Pea Protein Isolate &#8211; Hernevalk (480g)\"}]},{\"@type\":\"WebSite\",\"@id\":\"https:\\\/\\\/fit360.ee\\\/en\\\/#website\",\"url\":\"https:\\\/\\\/fit360.ee\\\/en\\\/\",\"name\":\"Fit360\",\"description\":\"\",\"publisher\":{\"@id\":\"https:\\\/\\\/fit360.ee\\\/en\\\/#organization\"},\"potentialAction\":[{\"@type\":\"SearchAction\",\"target\":{\"@type\":\"EntryPoint\",\"urlTemplate\":\"https:\\\/\\\/fit360.ee\\\/en\\\/?s={search_term_string}\"},\"query-input\":{\"@type\":\"PropertyValueSpecification\",\"valueRequired\":true,\"valueName\":\"search_term_string\"}}],\"inLanguage\":\"en-US\"},{\"@type\":\"Organization\",\"@id\":\"https:\\\/\\\/fit360.ee\\\/en\\\/#organization\",\"name\":\"Fit360\",\"url\":\"https:\\\/\\\/fit360.ee\\\/en\\\/\",\"logo\":{\"@type\":\"ImageObject\",\"inLanguage\":\"en-US\",\"@id\":\"https:\\\/\\\/fit360.ee\\\/en\\\/#\\\/schema\\\/logo\\\/image\\\/\",\"url\":\"https:\\\/\\\/fit360.ee\\\/wp-content\\\/uploads\\\/2017\\\/01\\\/logo-fit360.png\",\"contentUrl\":\"https:\\\/\\\/fit360.ee\\\/wp-content\\\/uploads\\\/2017\\\/01\\\/logo-fit360.png\",\"width\":180,\"height\":66,\"caption\":\"Fit360\"},\"image\":{\"@id\":\"https:\\\/\\\/fit360.ee\\\/en\\\/#\\\/schema\\\/logo\\\/image\\\/\"}}]}<\/script>\n<!-- \/ Yoast SEO plugin. -->","yoast_head_json":{"title":"Pea Protein Isolate - Hernevalk (480g) - Vegan protein - Tarne: 1-3 p\u00e4eva","description":"100% puhas hernevalk - pea protein. Ideaalne proteiinipulber veganitele ja taimetoitlastele ideaalselt. Soodne proteeiniallikas!","robots":{"index":"index","follow":"follow","max-snippet":"max-snippet:-1","max-image-preview":"max-image-preview:large","max-video-preview":"max-video-preview:-1"},"canonical":"https:\/\/fit360.ee\/en\/pood\/product-groups\/protein-poweders-en\/vegan-protein-en\/pea-protein-hernevalk-700g\/","og_locale":"en_US","og_type":"article","og_title":"Pea Protein Isolate - Hernevalk (480g) - Vegan protein - Tarne: 1-3 p\u00e4eva","og_description":"100% puhas hernevalk - pea protein. Ideaalne proteiinipulber veganitele ja taimetoitlastele ideaalselt. Soodne proteeiniallikas!","og_url":"https:\/\/fit360.ee\/en\/pood\/product-groups\/protein-poweders-en\/vegan-protein-en\/pea-protein-hernevalk-700g\/","og_site_name":"Fit360","article_modified_time":"2025-08-13T05:36:12+00:00","og_image":[{"width":450,"height":450,"url":"https:\/\/fit360.ee\/wp-content\/uploads\/2021\/07\/pea-protein-isolate-fit360.ee-1.png","type":"image\/png"}],"twitter_card":"summary_large_image","twitter_misc":{"Est. reading time":"2 minutes"},"schema":{"@context":"https:\/\/schema.org","@graph":[{"@type":"WebPage","@id":"https:\/\/fit360.ee\/en\/pood\/product-groups\/protein-poweders-en\/vegan-protein-en\/pea-protein-hernevalk-700g\/","url":"https:\/\/fit360.ee\/en\/pood\/product-groups\/protein-poweders-en\/vegan-protein-en\/pea-protein-hernevalk-700g\/","name":"Pea Protein Isolate - Hernevalk (480g) - Vegan protein - Tarne: 1-3 p\u00e4eva","isPartOf":{"@id":"https:\/\/fit360.ee\/en\/#website"},"primaryImageOfPage":{"@id":"https:\/\/fit360.ee\/en\/pood\/product-groups\/protein-poweders-en\/vegan-protein-en\/pea-protein-hernevalk-700g\/#primaryimage"},"image":{"@id":"https:\/\/fit360.ee\/en\/pood\/product-groups\/protein-poweders-en\/vegan-protein-en\/pea-protein-hernevalk-700g\/#primaryimage"},"thumbnailUrl":"https:\/\/fit360.ee\/wp-content\/uploads\/2021\/07\/pea-protein-isolate-fit360.ee-1.png","datePublished":"2021-07-06T12:05:36+00:00","dateModified":"2025-08-13T05:36:12+00:00","description":"100% puhas hernevalk - pea protein. Ideaalne proteiinipulber veganitele ja taimetoitlastele ideaalselt. Soodne proteeiniallikas!","breadcrumb":{"@id":"https:\/\/fit360.ee\/en\/pood\/product-groups\/protein-poweders-en\/vegan-protein-en\/pea-protein-hernevalk-700g\/#breadcrumb"},"inLanguage":"en-US","potentialAction":[{"@type":"ReadAction","target":["https:\/\/fit360.ee\/en\/pood\/product-groups\/protein-poweders-en\/vegan-protein-en\/pea-protein-hernevalk-700g\/"]}]},{"@type":"ImageObject","inLanguage":"en-US","@id":"https:\/\/fit360.ee\/en\/pood\/product-groups\/protein-poweders-en\/vegan-protein-en\/pea-protein-hernevalk-700g\/#primaryimage","url":"https:\/\/fit360.ee\/wp-content\/uploads\/2021\/07\/pea-protein-isolate-fit360.ee-1.png","contentUrl":"https:\/\/fit360.ee\/wp-content\/uploads\/2021\/07\/pea-protein-isolate-fit360.ee-1.png","width":450,"height":450,"caption":"pea protein isolate - fit360.ee"},{"@type":"BreadcrumbList","@id":"https:\/\/fit360.ee\/en\/pood\/product-groups\/protein-poweders-en\/vegan-protein-en\/pea-protein-hernevalk-700g\/#breadcrumb","itemListElement":[{"@type":"ListItem","position":1,"name":"Home","item":"https:\/\/fit360.ee\/en\/"},{"@type":"ListItem","position":2,"name":"Shop","item":"https:\/\/fit360.ee\/en\/shop\/"},{"@type":"ListItem","position":3,"name":"Pea Protein Isolate &#8211; Hernevalk (480g)"}]},{"@type":"WebSite","@id":"https:\/\/fit360.ee\/en\/#website","url":"https:\/\/fit360.ee\/en\/","name":"Fit360","description":"","publisher":{"@id":"https:\/\/fit360.ee\/en\/#organization"},"potentialAction":[{"@type":"SearchAction","target":{"@type":"EntryPoint","urlTemplate":"https:\/\/fit360.ee\/en\/?s={search_term_string}"},"query-input":{"@type":"PropertyValueSpecification","valueRequired":true,"valueName":"search_term_string"}}],"inLanguage":"en-US"},{"@type":"Organization","@id":"https:\/\/fit360.ee\/en\/#organization","name":"Fit360","url":"https:\/\/fit360.ee\/en\/","logo":{"@type":"ImageObject","inLanguage":"en-US","@id":"https:\/\/fit360.ee\/en\/#\/schema\/logo\/image\/","url":"https:\/\/fit360.ee\/wp-content\/uploads\/2017\/01\/logo-fit360.png","contentUrl":"https:\/\/fit360.ee\/wp-content\/uploads\/2017\/01\/logo-fit360.png","width":180,"height":66,"caption":"Fit360"},"image":{"@id":"https:\/\/fit360.ee\/en\/#\/schema\/logo\/image\/"}}]}},"_links":{"self":[{"href":"https:\/\/fit360.ee\/en\/wp-json\/wp\/v2\/product\/53758","targetHints":{"allow":["GET"]}}],"collection":[{"href":"https:\/\/fit360.ee\/en\/wp-json\/wp\/v2\/product"}],"about":[{"href":"https:\/\/fit360.ee\/en\/wp-json\/wp\/v2\/types\/product"}],"replies":[{"embeddable":true,"href":"https:\/\/fit360.ee\/en\/wp-json\/wp\/v2\/comments?post=53758"}],"wp:featuredmedia":[{"embeddable":true,"href":"https:\/\/fit360.ee\/en\/wp-json\/wp\/v2\/media\/78357"}],"wp:attachment":[{"href":"https:\/\/fit360.ee\/en\/wp-json\/wp\/v2\/media?parent=53758"}],"wp:term":[{"taxonomy":"product_brand","embeddable":true,"href":"https:\/\/fit360.ee\/en\/wp-json\/wp\/v2\/product_brand?post=53758"},{"taxonomy":"product_cat","embeddable":true,"href":"https:\/\/fit360.ee\/en\/wp-json\/wp\/v2\/product_cat?post=53758"},{"taxonomy":"product_tag","embeddable":true,"href":"https:\/\/fit360.ee\/en\/wp-json\/wp\/v2\/product_tag?post=53758"},{"taxonomy":"giftcard-category","embeddable":true,"href":"https:\/\/fit360.ee\/en\/wp-json\/wp\/v2\/giftcard-category?post=53758"}],"curies":[{"name":"wp","href":"https:\/\/api.w.org\/{rel}","templated":true}]}}