{"id":53785,"date":"2021-07-06T15:37:29","date_gmt":"2021-07-06T13:37:29","guid":{"rendered":"https:\/\/fit360.ee\/pood\/uncategorized\/lovilakk-lions-mane-60vcaps\/"},"modified":"2026-04-10T16:11:34","modified_gmt":"2026-04-10T14:11:34","slug":"lovilakk-lions-mane-60vcaps","status":"publish","type":"product","link":"https:\/\/fit360.ee\/en\/pood\/product-groups\/superfoods-health-foods-en\/lions-mane-en\/lovilakk-lions-mane-60vcaps\/","title":{"rendered":"L\u00f5vilakk &#8211; Lion&#8217;s Mane (60vCaps)"},"content":{"rendered":"<h1><strong>L\u00f5vilakk<\/strong><\/h1>\n<p>L\u00f5vilakk ehk Lion\u2019s Mane ehk l\u00f5vilakk-korallnarmik, tuntud ka kui\u00a0<em>hou tou gu<\/em>,\u00a0<em>yamabushitake\u00a0<\/em>v\u00f5i l\u00f5vilakk-korallnarmik,\u00a0on suured, valged seened, mis kasvades meenutavad l\u00f5vilakku. Neil on nii kulinaarseid kui ka meditsiinilisi kasutusviise Aasia riikides nagu Hiina, India, Jaapan ja Korea.\u00a0<em>Lion\u2019s mane<\/em> seened sisaldavad bioaktiivseid aineid, millel on kasulik m\u00f5ju kehale, eriti ajule, s\u00fcdamele ja soolestikule. L\u00f5vilakk on maailma k\u00f5ige kuulsam looduslik nootroopikum, ehk aju t\u00f6\u00f6d ja keskendumisv\u00f5imet toetav toidulisand.<\/p>\n<p>Uuringud on leidnud, et l\u00f5vilakk seened sisaldavad kahte erilist \u00fchendit, mis v\u00f5ivad ajurakkude kasvu stimuleerida: heritsenoonid ja erinatsiinid. Lisaks on loomkatsetes leitud, et l\u00f5vilakk seen v\u00f5ib aidata kaitsta Alzheimeri t\u00f5be &#8211; degeneratiivset ajuhaigust, mis p\u00f5hjustab progresseeruvat m\u00e4lukaotust. On t\u00f5estatud, et\u00a0<em>lion&#8217;s mane<\/em>\u00a0seen ja selle ekstraktid v\u00e4hendavad hiirte m\u00e4lukaotuse s\u00fcmptomeid, samuti hoiavad \u00e4ra Alzheimeri t\u00f5ve ajal ajusse kogunevate am\u00fcloid-beeta naastude p\u00f5hjustatud neuronikahjustused.\u00a0Kuigi \u00fcheski uuringus ei ole anal\u00fc\u00fcsitud, kas\u00a0<em>lion&#8217;s mane<\/em>\u00a0on inimestele kasulik Alzheimeri t\u00f5ve jaoks, n\u00e4ib see siiski vaimset toimimist soodustavat.<\/p>\n<p>Kerge kognitiivse h\u00e4irega eakate t\u00e4iskasvanute seas l\u00e4bi viidud uuringust selgus, et iga p\u00e4ev nelja kuu jooksul<em>\u00a0lion&#8217;s mane<\/em>\u00a0seente\u00a0tarbimine parandas oluliselt vaimset toimimist.<em>Lion&#8217;s mane<\/em> seene v\u00f5ime edendada n\u00e4rvide kasvu ja kaitsta aju Alzheimeriga seotud kahjustuste eest v\u00f5ib selgitada selle kasulikku m\u00f5ju aju tervisele.\u00a0<em>Lion\u2019s mane<\/em>\u00a0seened sisaldavad \u00fchendeid, mis stimuleerivad ajurakkude kasvu ja kaitsevad neid Alzheimeri t\u00f5vest p\u00f5hjustatud kahjustuste eest.<\/p>\n<h3><strong>Lion&#8217;s Mane kasulikud omadused<\/strong>:<\/h3>\n<ul>\n<li>Parandab m\u00e4lu ja keskendumisv\u00f5imet<\/li>\n<li>T\u00f5stab \u00f5piv\u00f5imet ja teeb uue info omastamise lihtsamaks<\/li>\n<li>T\u00f5stab energiataset ja alandab stressi<\/li>\n<li>Toetab immuuns\u00fcsteemi t\u00f6\u00f6d<\/li>\n<\/ul>\n<p><strong>Koostisosad<\/strong>: l\u00f5vilaka ekstrakt (Hericium erinaceus (BulI .: Fr.) Pers), mis standardiseeriti 30% pol\u00fcsahhariidist, Vegan kapsli \u00fcmbris (t\u00e4idisena: h\u00fcdroks\u00fcprop\u00fc\u00fclmet\u00fc\u00fcltselluloos).<\/p>\n<p><strong>Kasutamine<\/strong>: V\u00f5ta 1 kapsel p\u00e4evas koos s\u00f6\u00f6giga.<\/p>\n<p><strong>Suurus<\/strong>: 60 <a href=\"https:\/\/fit360.ee\/en\/product-category\/product-groups\/%d0%b2%d0%b5%d0%b3%d0%b0%d0%bd\/vegan-capsules-en\/\"><strong>vCaps &#8211; Vegan kapslit<\/strong><\/a><\/p>\n<table width=\"491\">\n<tbody>\n<tr>\n<td width=\"163\"><strong>Aktiivsed toimeained<\/strong><\/td>\n<td width=\"328\"><strong>1 kapsel \u2013 1 serveering<\/strong><\/td>\n<\/tr>\n<tr>\n<td width=\"163\">L\u00f5vilaka ekstrakt<\/td>\n<td width=\"328\">500 mg<\/td>\n<\/tr>\n<tr>\n<td width=\"163\">&#8211; millest pol\u00fcsahhariidid (30%)<\/td>\n<td width=\"328\">150 mg<\/td>\n<\/tr>\n<\/tbody>\n<\/table>\n<p>Vaata ka meie teisi Aju tegevust toetavaid tooteid <a href=\"https:\/\/fit360.ee\/en\/product-category\/product-groups\/brain-support-nootropics-en\/\"><strong>SIIT<\/strong><\/a>!<\/p>\n<p>Soovid kaupa osta suuremas koguses? Vaata antud toodet ka meie HULGI poest\u00a0<a href=\"https:\/\/toidulisandidhulgi.ee\/product\/lovilakk-lions-mane-60vcaps\/\"><strong>SIIT<\/strong><\/a>!<\/p>\n","protected":false},"excerpt":{"rendered":"<h2><strong>L\u00f5vilakk seen<\/strong>:<\/h2>\n<p>L\u00f5vilakk seened sisaldavad bioaktiivseid aineid, millel on kasulik m\u00f5ju kehale, eriti ajule, s\u00fcdamele ja soolestikule. L\u00f5vilakk on maailma k\u00f5ige kuulsam looduslik nootroopikum, ehk aju t\u00f6\u00f6d ja keskendumisv\u00f5imet toetav toidulisand.<\/p>\n<p><strong>Lion&#8217;s Mane kasulikud omadused<\/strong>:<\/p>\n<ul>\n<li>Parandab m\u00e4lu ja keskendumisv\u00f5imet<\/li>\n<li>T\u00f5stab \u00f5piv\u00f5imet ja teeb uue info omastamise lihtsamaks<\/li>\n<li>T\u00f5stab energiataset ja alandab stressi<\/li>\n<li>Toetab immuuns\u00fcsteemi t\u00f6\u00f6d<\/li>\n<\/ul>\n","protected":false},"featured_media":84417,"comment_status":"closed","ping_status":"closed","template":"","meta":[],"product_brand":[],"product_cat":[2485,522,5314,1329,1454,2664,1201],"product_tag":[2903,2904,2905,2906,1924],"giftcard-category":[],"class_list":{"0":"post-53785","1":"product","2":"type-product","3":"status-publish","4":"has-post-thumbnail","6":"product_cat-brain-support-nootropics-en","7":"product_cat-energy-carbohydrates","8":"product_cat-lions-mane-en","9":"product_cat-ostrovit-en","10":"product_cat-superfoods-health-foods-en","11":"product_cat-vegan-capsules-en","12":"product_cat-1201","13":"product_tag-hericium-erinaceus-en","14":"product_tag-lions-mane-en","15":"product_tag-lovilakk-en","16":"product_tag-lovilakk-seen-en","17":"product_tag-ostrovit-en","18":"pa_kogus-60-vcaps-en","19":"pa_toidulisand-branddd-ostrovit","20":"pa_tootegruppp-aju-tegevus-nootropics-en","21":"pa_tootegruppp-energycarbs","22":"pa_tootegruppp-lovilakk-en","23":"pa_tootegruppp-supertoit-tervisetoit-en","24":"pa_tootegruppp-vcaps-vegan-kapslid-en","25":"pa_tootegruppp-vegan-en","27":"first","28":"instock","29":"sale","30":"taxable","31":"shipping-taxable","32":"purchasable","33":"product-type-simple"},"yoast_head":"<!-- This site is optimized with the Yoast SEO plugin v27.3 - https:\/\/yoast.com\/product\/yoast-seo-wordpress\/ -->\n<title>L\u00f5vilakk - Lion&#039;s Mane (60vCaps) - L\u00f5vilakk seen - Hericium Erinaceus<\/title>\n<meta name=\"description\" content=\"L\u00f5vilakk kapslid - seened sisaldavad bioaktiivseid aineid, millel on kasulik m\u00f5ju kehale, eriti ajule, s\u00fcdamele ja soolestikule. Kiire tarne!\" \/>\n<meta name=\"robots\" content=\"index, follow, max-snippet:-1, max-image-preview:large, max-video-preview:-1\" \/>\n<link rel=\"canonical\" href=\"https:\/\/fit360.ee\/en\/pood\/product-groups\/superfoods-health-foods-en\/lions-mane-en\/lovilakk-lions-mane-60vcaps\/\" \/>\n<meta property=\"og:locale\" content=\"en_US\" \/>\n<meta property=\"og:type\" content=\"article\" \/>\n<meta property=\"og:title\" content=\"L\u00f5vilakk - Lion&#039;s Mane (60vCaps) - L\u00f5vilakk seen - Hericium Erinaceus\" \/>\n<meta property=\"og:description\" content=\"L\u00f5vilakk kapslid - seened sisaldavad bioaktiivseid aineid, millel on kasulik m\u00f5ju kehale, eriti ajule, s\u00fcdamele ja soolestikule. Kiire tarne!\" \/>\n<meta property=\"og:url\" content=\"https:\/\/fit360.ee\/en\/pood\/product-groups\/superfoods-health-foods-en\/lions-mane-en\/lovilakk-lions-mane-60vcaps\/\" \/>\n<meta property=\"og:site_name\" content=\"Fit360\" \/>\n<meta property=\"article:modified_time\" content=\"2026-04-10T14:11:34+00:00\" \/>\n<meta property=\"og:image\" content=\"https:\/\/fit360.ee\/wp-content\/uploads\/2021\/07\/lovilakk-kapslid-ostrovit-fit360.ee_.png\" \/>\n\t<meta property=\"og:image:width\" content=\"450\" \/>\n\t<meta property=\"og:image:height\" content=\"450\" \/>\n\t<meta property=\"og:image:type\" content=\"image\/png\" \/>\n<meta name=\"twitter:card\" content=\"summary_large_image\" \/>\n<meta name=\"twitter:label1\" content=\"Est. reading time\" \/>\n\t<meta name=\"twitter:data1\" content=\"2 minutes\" \/>\n<script type=\"application\/ld+json\" class=\"yoast-schema-graph\">{\"@context\":\"https:\\\/\\\/schema.org\",\"@graph\":[{\"@type\":\"WebPage\",\"@id\":\"https:\\\/\\\/fit360.ee\\\/en\\\/pood\\\/product-groups\\\/superfoods-health-foods-en\\\/lions-mane-en\\\/lovilakk-lions-mane-60vcaps\\\/\",\"url\":\"https:\\\/\\\/fit360.ee\\\/en\\\/pood\\\/product-groups\\\/superfoods-health-foods-en\\\/lions-mane-en\\\/lovilakk-lions-mane-60vcaps\\\/\",\"name\":\"L\u00f5vilakk - Lion's Mane (60vCaps) - L\u00f5vilakk seen - Hericium Erinaceus\",\"isPartOf\":{\"@id\":\"https:\\\/\\\/fit360.ee\\\/en\\\/#website\"},\"primaryImageOfPage\":{\"@id\":\"https:\\\/\\\/fit360.ee\\\/en\\\/pood\\\/product-groups\\\/superfoods-health-foods-en\\\/lions-mane-en\\\/lovilakk-lions-mane-60vcaps\\\/#primaryimage\"},\"image\":{\"@id\":\"https:\\\/\\\/fit360.ee\\\/en\\\/pood\\\/product-groups\\\/superfoods-health-foods-en\\\/lions-mane-en\\\/lovilakk-lions-mane-60vcaps\\\/#primaryimage\"},\"thumbnailUrl\":\"https:\\\/\\\/fit360.ee\\\/wp-content\\\/uploads\\\/2021\\\/07\\\/lovilakk-kapslid-ostrovit-fit360.ee_.png\",\"datePublished\":\"2021-07-06T13:37:29+00:00\",\"dateModified\":\"2026-04-10T14:11:34+00:00\",\"description\":\"L\u00f5vilakk kapslid - seened sisaldavad bioaktiivseid aineid, millel on kasulik m\u00f5ju kehale, eriti ajule, s\u00fcdamele ja soolestikule. Kiire tarne!\",\"breadcrumb\":{\"@id\":\"https:\\\/\\\/fit360.ee\\\/en\\\/pood\\\/product-groups\\\/superfoods-health-foods-en\\\/lions-mane-en\\\/lovilakk-lions-mane-60vcaps\\\/#breadcrumb\"},\"inLanguage\":\"en-US\",\"potentialAction\":[{\"@type\":\"ReadAction\",\"target\":[\"https:\\\/\\\/fit360.ee\\\/en\\\/pood\\\/product-groups\\\/superfoods-health-foods-en\\\/lions-mane-en\\\/lovilakk-lions-mane-60vcaps\\\/\"]}]},{\"@type\":\"ImageObject\",\"inLanguage\":\"en-US\",\"@id\":\"https:\\\/\\\/fit360.ee\\\/en\\\/pood\\\/product-groups\\\/superfoods-health-foods-en\\\/lions-mane-en\\\/lovilakk-lions-mane-60vcaps\\\/#primaryimage\",\"url\":\"https:\\\/\\\/fit360.ee\\\/wp-content\\\/uploads\\\/2021\\\/07\\\/lovilakk-kapslid-ostrovit-fit360.ee_.png\",\"contentUrl\":\"https:\\\/\\\/fit360.ee\\\/wp-content\\\/uploads\\\/2021\\\/07\\\/lovilakk-kapslid-ostrovit-fit360.ee_.png\",\"width\":450,\"height\":450,\"caption\":\"l\u00f5vilakk kapslid ostrovit - fit360.ee\"},{\"@type\":\"BreadcrumbList\",\"@id\":\"https:\\\/\\\/fit360.ee\\\/en\\\/pood\\\/product-groups\\\/superfoods-health-foods-en\\\/lions-mane-en\\\/lovilakk-lions-mane-60vcaps\\\/#breadcrumb\",\"itemListElement\":[{\"@type\":\"ListItem\",\"position\":1,\"name\":\"Home\",\"item\":\"https:\\\/\\\/fit360.ee\\\/en\\\/\"},{\"@type\":\"ListItem\",\"position\":2,\"name\":\"Shop\",\"item\":\"https:\\\/\\\/fit360.ee\\\/en\\\/shop\\\/\"},{\"@type\":\"ListItem\",\"position\":3,\"name\":\"L\u00f5vilakk &#8211; Lion&#8217;s Mane (60vCaps)\"}]},{\"@type\":\"WebSite\",\"@id\":\"https:\\\/\\\/fit360.ee\\\/en\\\/#website\",\"url\":\"https:\\\/\\\/fit360.ee\\\/en\\\/\",\"name\":\"Fit360\",\"description\":\"\",\"publisher\":{\"@id\":\"https:\\\/\\\/fit360.ee\\\/en\\\/#organization\"},\"potentialAction\":[{\"@type\":\"SearchAction\",\"target\":{\"@type\":\"EntryPoint\",\"urlTemplate\":\"https:\\\/\\\/fit360.ee\\\/en\\\/?s={search_term_string}\"},\"query-input\":{\"@type\":\"PropertyValueSpecification\",\"valueRequired\":true,\"valueName\":\"search_term_string\"}}],\"inLanguage\":\"en-US\"},{\"@type\":\"Organization\",\"@id\":\"https:\\\/\\\/fit360.ee\\\/en\\\/#organization\",\"name\":\"Fit360\",\"url\":\"https:\\\/\\\/fit360.ee\\\/en\\\/\",\"logo\":{\"@type\":\"ImageObject\",\"inLanguage\":\"en-US\",\"@id\":\"https:\\\/\\\/fit360.ee\\\/en\\\/#\\\/schema\\\/logo\\\/image\\\/\",\"url\":\"https:\\\/\\\/fit360.ee\\\/wp-content\\\/uploads\\\/2017\\\/01\\\/logo-fit360.png\",\"contentUrl\":\"https:\\\/\\\/fit360.ee\\\/wp-content\\\/uploads\\\/2017\\\/01\\\/logo-fit360.png\",\"width\":180,\"height\":66,\"caption\":\"Fit360\"},\"image\":{\"@id\":\"https:\\\/\\\/fit360.ee\\\/en\\\/#\\\/schema\\\/logo\\\/image\\\/\"}}]}<\/script>\n<!-- \/ Yoast SEO plugin. -->","yoast_head_json":{"title":"L\u00f5vilakk - Lion's Mane (60vCaps) - L\u00f5vilakk seen - Hericium Erinaceus","description":"L\u00f5vilakk kapslid - seened sisaldavad bioaktiivseid aineid, millel on kasulik m\u00f5ju kehale, eriti ajule, s\u00fcdamele ja soolestikule. Kiire tarne!","robots":{"index":"index","follow":"follow","max-snippet":"max-snippet:-1","max-image-preview":"max-image-preview:large","max-video-preview":"max-video-preview:-1"},"canonical":"https:\/\/fit360.ee\/en\/pood\/product-groups\/superfoods-health-foods-en\/lions-mane-en\/lovilakk-lions-mane-60vcaps\/","og_locale":"en_US","og_type":"article","og_title":"L\u00f5vilakk - Lion's Mane (60vCaps) - L\u00f5vilakk seen - Hericium Erinaceus","og_description":"L\u00f5vilakk kapslid - seened sisaldavad bioaktiivseid aineid, millel on kasulik m\u00f5ju kehale, eriti ajule, s\u00fcdamele ja soolestikule. Kiire tarne!","og_url":"https:\/\/fit360.ee\/en\/pood\/product-groups\/superfoods-health-foods-en\/lions-mane-en\/lovilakk-lions-mane-60vcaps\/","og_site_name":"Fit360","article_modified_time":"2026-04-10T14:11:34+00:00","og_image":[{"width":450,"height":450,"url":"https:\/\/fit360.ee\/wp-content\/uploads\/2021\/07\/lovilakk-kapslid-ostrovit-fit360.ee_.png","type":"image\/png"}],"twitter_card":"summary_large_image","twitter_misc":{"Est. reading time":"2 minutes"},"schema":{"@context":"https:\/\/schema.org","@graph":[{"@type":"WebPage","@id":"https:\/\/fit360.ee\/en\/pood\/product-groups\/superfoods-health-foods-en\/lions-mane-en\/lovilakk-lions-mane-60vcaps\/","url":"https:\/\/fit360.ee\/en\/pood\/product-groups\/superfoods-health-foods-en\/lions-mane-en\/lovilakk-lions-mane-60vcaps\/","name":"L\u00f5vilakk - Lion's Mane (60vCaps) - L\u00f5vilakk seen - Hericium Erinaceus","isPartOf":{"@id":"https:\/\/fit360.ee\/en\/#website"},"primaryImageOfPage":{"@id":"https:\/\/fit360.ee\/en\/pood\/product-groups\/superfoods-health-foods-en\/lions-mane-en\/lovilakk-lions-mane-60vcaps\/#primaryimage"},"image":{"@id":"https:\/\/fit360.ee\/en\/pood\/product-groups\/superfoods-health-foods-en\/lions-mane-en\/lovilakk-lions-mane-60vcaps\/#primaryimage"},"thumbnailUrl":"https:\/\/fit360.ee\/wp-content\/uploads\/2021\/07\/lovilakk-kapslid-ostrovit-fit360.ee_.png","datePublished":"2021-07-06T13:37:29+00:00","dateModified":"2026-04-10T14:11:34+00:00","description":"L\u00f5vilakk kapslid - seened sisaldavad bioaktiivseid aineid, millel on kasulik m\u00f5ju kehale, eriti ajule, s\u00fcdamele ja soolestikule. Kiire tarne!","breadcrumb":{"@id":"https:\/\/fit360.ee\/en\/pood\/product-groups\/superfoods-health-foods-en\/lions-mane-en\/lovilakk-lions-mane-60vcaps\/#breadcrumb"},"inLanguage":"en-US","potentialAction":[{"@type":"ReadAction","target":["https:\/\/fit360.ee\/en\/pood\/product-groups\/superfoods-health-foods-en\/lions-mane-en\/lovilakk-lions-mane-60vcaps\/"]}]},{"@type":"ImageObject","inLanguage":"en-US","@id":"https:\/\/fit360.ee\/en\/pood\/product-groups\/superfoods-health-foods-en\/lions-mane-en\/lovilakk-lions-mane-60vcaps\/#primaryimage","url":"https:\/\/fit360.ee\/wp-content\/uploads\/2021\/07\/lovilakk-kapslid-ostrovit-fit360.ee_.png","contentUrl":"https:\/\/fit360.ee\/wp-content\/uploads\/2021\/07\/lovilakk-kapslid-ostrovit-fit360.ee_.png","width":450,"height":450,"caption":"l\u00f5vilakk kapslid ostrovit - fit360.ee"},{"@type":"BreadcrumbList","@id":"https:\/\/fit360.ee\/en\/pood\/product-groups\/superfoods-health-foods-en\/lions-mane-en\/lovilakk-lions-mane-60vcaps\/#breadcrumb","itemListElement":[{"@type":"ListItem","position":1,"name":"Home","item":"https:\/\/fit360.ee\/en\/"},{"@type":"ListItem","position":2,"name":"Shop","item":"https:\/\/fit360.ee\/en\/shop\/"},{"@type":"ListItem","position":3,"name":"L\u00f5vilakk &#8211; Lion&#8217;s Mane (60vCaps)"}]},{"@type":"WebSite","@id":"https:\/\/fit360.ee\/en\/#website","url":"https:\/\/fit360.ee\/en\/","name":"Fit360","description":"","publisher":{"@id":"https:\/\/fit360.ee\/en\/#organization"},"potentialAction":[{"@type":"SearchAction","target":{"@type":"EntryPoint","urlTemplate":"https:\/\/fit360.ee\/en\/?s={search_term_string}"},"query-input":{"@type":"PropertyValueSpecification","valueRequired":true,"valueName":"search_term_string"}}],"inLanguage":"en-US"},{"@type":"Organization","@id":"https:\/\/fit360.ee\/en\/#organization","name":"Fit360","url":"https:\/\/fit360.ee\/en\/","logo":{"@type":"ImageObject","inLanguage":"en-US","@id":"https:\/\/fit360.ee\/en\/#\/schema\/logo\/image\/","url":"https:\/\/fit360.ee\/wp-content\/uploads\/2017\/01\/logo-fit360.png","contentUrl":"https:\/\/fit360.ee\/wp-content\/uploads\/2017\/01\/logo-fit360.png","width":180,"height":66,"caption":"Fit360"},"image":{"@id":"https:\/\/fit360.ee\/en\/#\/schema\/logo\/image\/"}}]}},"_links":{"self":[{"href":"https:\/\/fit360.ee\/en\/wp-json\/wp\/v2\/product\/53785","targetHints":{"allow":["GET"]}}],"collection":[{"href":"https:\/\/fit360.ee\/en\/wp-json\/wp\/v2\/product"}],"about":[{"href":"https:\/\/fit360.ee\/en\/wp-json\/wp\/v2\/types\/product"}],"replies":[{"embeddable":true,"href":"https:\/\/fit360.ee\/en\/wp-json\/wp\/v2\/comments?post=53785"}],"wp:featuredmedia":[{"embeddable":true,"href":"https:\/\/fit360.ee\/en\/wp-json\/wp\/v2\/media\/84417"}],"wp:attachment":[{"href":"https:\/\/fit360.ee\/en\/wp-json\/wp\/v2\/media?parent=53785"}],"wp:term":[{"taxonomy":"product_brand","embeddable":true,"href":"https:\/\/fit360.ee\/en\/wp-json\/wp\/v2\/product_brand?post=53785"},{"taxonomy":"product_cat","embeddable":true,"href":"https:\/\/fit360.ee\/en\/wp-json\/wp\/v2\/product_cat?post=53785"},{"taxonomy":"product_tag","embeddable":true,"href":"https:\/\/fit360.ee\/en\/wp-json\/wp\/v2\/product_tag?post=53785"},{"taxonomy":"giftcard-category","embeddable":true,"href":"https:\/\/fit360.ee\/en\/wp-json\/wp\/v2\/giftcard-category?post=53785"}],"curies":[{"name":"wp","href":"https:\/\/api.w.org\/{rel}","templated":true}]}}