{"id":53799,"date":"2021-07-07T17:28:11","date_gmt":"2021-07-07T15:28:11","guid":{"rendered":"https:\/\/fit360.ee\/pood\/uncategorized\/lambalaats-fenugreek-90vcaps\/"},"modified":"2026-03-09T11:35:34","modified_gmt":"2026-03-09T09:35:34","slug":"lambalaats-fenugreek-90vcaps","status":"publish","type":"product","link":"https:\/\/fit360.ee\/en\/pood\/product-groups\/%d0%b2%d0%b5%d0%b3%d0%b0%d0%bd\/vegan-capsules-en\/lambalaats-fenugreek-90vcaps\/","title":{"rendered":"Lambal\u00e4\u00e4ts &#8211; Fenugreek (90vCaps)"},"content":{"rendered":"<h1><strong>Lambal\u00e4\u00e4ts<\/strong><\/h1>\n<p>OstroVit Fenugreek ehk Lambal\u00e4\u00e4ts on <a href=\"https:\/\/fit360.ee\/en\/product-category\/product-groups\/%d0%b2%d0%b5%d0%b3%d0%b0%d0%bd\/vegan-capsules-en\/\"><strong>vegan kapslites<\/strong><\/a> toidulisand, mis sisaldab lambal\u00e4\u00e4tse seemneekstrakti. Toode sobib ideaalselt taimetoitlastele ja veganitele, kuna toode ei sisalda loomset p\u00e4ritolu aineid ja kapslite p\u00f5hikomponent, milleks on tavaliselt \u017eelatiin, on asendatud HPMC tselluloosiga. Lambal\u00e4\u00e4tse seemned on rikkalikult mineraale, flavonoide, fosfolipiide ja vitamiine, mis koos aitavad nautida heaolu ja tervist.<\/p>\n<p>Lambal\u00e4\u00e4tse seemned ehk <em>Trigonella foenum-graecum L<\/em>. taimi on juba ammu kasutatud mitmesuguste haiguste ja ps\u00fchho-f\u00fc\u00fcsiliste ebamugavuste korral, n\u00e4iteks madala testosteroonitasemega probleemide korral, s\u00f6\u00f6giisu ergutamiseks ja libiido t\u00f5stmiseks. Lambal\u00e4\u00e4ts p\u00e4rineb ajurvedast, aga ka Hiina traditsioonilisest meditsiinist, mis annab tunnistust selle laiast kasutusv\u00f5imalusest. On t\u00f5estatud, et lambal\u00e4\u00e4ts t\u00f5stab oluliselt meeste loodusliku endogeense testosterooni taset &#8211; hormooni, mis vastutab meestele peamiste meessoostomaduste andmise eest, aga ka lihaste anabolismi, j\u00f5u ja vastupidavuse suurenemise eest. Fenugreek v\u00f5ib parandada insuliini funktsiooni, m\u00f5jutades veresuhkru reguleerimist, mis on t\u00f5eline maiuspala diabeetikutele ja insuliiniresistentsusega inimestele. Fenugreek reguleerib s\u00f6\u00f6giisu ja n\u00e4lja kontrolli, v\u00e4hendab trigl\u00fctseriidide ja madala tihedusega LDL lipoproteiinide taset.<\/p>\n<h2><strong>Fenugreek<\/strong><\/h2>\n<ul>\n<li>Suurendab sugutungi ja libiidot nii meestel kui naistel<\/li>\n<li>Reguleerib vere gl\u00fckoosisisaldust<\/li>\n<li>V\u00f5ib t\u00f5sta f\u00fcsioloogilise testosterooni taset<\/li>\n<li>Toetab anabolismi ja kiirendab taastumist<\/li>\n<li>Toetab lihasrakkude ehitamist<\/li>\n<li>See parandab meeleolu ja \u00fcldist heaolu<\/li>\n<li>Alandab LDL-i (halba kolesterooli) ja suurendab HDL-i (hea kolesterool)<\/li>\n<\/ul>\n<p><strong>Koostisosad<\/strong>: Lambal\u00e4\u00e4tse seemneekstrakt (<em>Trigonella foenum-graecum L.<\/em>) suhtega 4:1; kapsli \u00fcmbris (t\u00e4idisena: h\u00fcdroks\u00fcprop\u00fc\u00fclmet\u00fc\u00fcltselluloos).<\/p>\n<p><strong>Kasutamine<\/strong>: V\u00f5ta 1 kapsel p\u00e4evas koos veega.<\/p>\n<p><strong>Suurus<\/strong>: 90 vCaps &#8211; Vegan kapslit<\/p>\n<table width=\"318\">\n<tbody>\n<tr>\n<td><strong>Aktiivsed toimeained<\/strong><\/td>\n<td><strong>1 kapsel<\/strong><\/td>\n<\/tr>\n<tr>\n<td>Lambal\u00e4\u00e4tse ekstrakt suhtega 4:1<\/td>\n<td>600 mg<\/td>\n<\/tr>\n<\/tbody>\n<\/table>\n<p>Vaata ka meie teisi Testosterooni t\u00f5stjaid <a href=\"https:\/\/fit360.ee\/en\/product-category\/product-groups\/testosterone-boosters-en\/\"><strong>SIIT<\/strong><\/a>!<\/p>\n<p>Soovid kaupa osta suuremas koguses? Vaata antud toodet ka meie HULGI poest\u00a0<a href=\"https:\/\/toidulisandidhulgi.ee\/product\/lambalaats-fenugreek-90vcaps\/\"><strong>SIIT<\/strong><\/a>!<\/p>\n","protected":false},"excerpt":{"rendered":"<h2><strong>Lambal\u00e4\u00e4ts<\/strong><\/h2>\n<ul>\n<li>Suurendab sugutungi ja libiidot nii meestel kui naistel<\/li>\n<li>Reguleerib vere gl\u00fckoosisisaldust<\/li>\n<li>V\u00f5ib t\u00f5sta f\u00fcsioloogilise testosterooni taset<\/li>\n<li>Toetab anabolismi ja kiirendab taastumist<\/li>\n<li>Toetab lihasrakkude ehitamist<\/li>\n<li>See parandab meeleolu ja \u00fcldist heaolu<\/li>\n<li>Alandab LDL-i (halba kolesterooli) ja suurendab HDL-i (hea kolesterool)<\/li>\n<\/ul>\n","protected":false},"featured_media":84419,"comment_status":"closed","ping_status":"closed","template":"","meta":[],"product_brand":[],"product_cat":[2485,530,1329,1454,532,2664,1201],"product_tag":[2910,2911,1924],"giftcard-category":[],"class_list":{"0":"post-53799","1":"product","2":"type-product","3":"status-publish","4":"has-post-thumbnail","6":"product_cat-brain-support-nootropics-en","7":"product_cat-fat-burners-en","8":"product_cat-ostrovit-en","9":"product_cat-superfoods-health-foods-en","10":"product_cat-testosterone-boosters-en","11":"product_cat-vegan-capsules-en","12":"product_cat-1201","13":"product_tag-fenugreek-en","14":"product_tag-lambalaats-en","15":"product_tag-ostrovit-en","16":"pa_kogus-90-vcaps-en","17":"pa_toidulisand-branddd-ostrovit","18":"pa_tootegruppp-aju-tegevus-nootropics-en","19":"pa_tootegruppp-supertoit-tervisetoit-en","20":"pa_tootegruppp-testosterone-enhancers","21":"pa_tootegruppp-vcaps-vegan-kapslid-en","22":"pa_tootegruppp-vegan-en","23":"pa_tootegruppp-weight-loss","25":"first","26":"outofstock","27":"sale","28":"taxable","29":"shipping-taxable","30":"purchasable","31":"product-type-simple"},"yoast_head":"<!-- This site is optimized with the Yoast SEO plugin v27.3 - https:\/\/yoast.com\/product\/yoast-seo-wordpress\/ -->\n<title>Lambal\u00e4\u00e4ts - Fenugreek (90vCaps) - Kiire Tarne - Parim Hind - Fit360<\/title>\n<meta name=\"description\" content=\"Lambal\u00e4\u00e4ts sobib madala testosteroonitasemega probleemide korral, s\u00f6\u00f6giisu ergutamiseks ja libiido t\u00f5stmiseks. \u00dclikiire kauba tarne!\" \/>\n<meta name=\"robots\" content=\"index, follow, max-snippet:-1, max-image-preview:large, max-video-preview:-1\" \/>\n<link rel=\"canonical\" href=\"https:\/\/fit360.ee\/en\/pood\/product-groups\/\u0432\u0435\u0433\u0430\u043d\/vegan-capsules-en\/lambalaats-fenugreek-90vcaps\/\" \/>\n<meta property=\"og:locale\" content=\"en_US\" \/>\n<meta property=\"og:type\" content=\"article\" \/>\n<meta property=\"og:title\" content=\"Lambal\u00e4\u00e4ts - Fenugreek (90vCaps) - Kiire Tarne - Parim Hind - Fit360\" \/>\n<meta property=\"og:description\" content=\"Lambal\u00e4\u00e4ts sobib madala testosteroonitasemega probleemide korral, s\u00f6\u00f6giisu ergutamiseks ja libiido t\u00f5stmiseks. \u00dclikiire kauba tarne!\" \/>\n<meta property=\"og:url\" content=\"https:\/\/fit360.ee\/en\/pood\/product-groups\/\u0432\u0435\u0433\u0430\u043d\/vegan-capsules-en\/lambalaats-fenugreek-90vcaps\/\" \/>\n<meta property=\"og:site_name\" content=\"Fit360\" \/>\n<meta property=\"article:modified_time\" content=\"2026-03-09T09:35:34+00:00\" \/>\n<meta property=\"og:image\" content=\"https:\/\/fit360.ee\/wp-content\/uploads\/2021\/07\/lambalaats-kapslid-fit360.ee_.png\" \/>\n\t<meta property=\"og:image:width\" content=\"450\" \/>\n\t<meta property=\"og:image:height\" content=\"450\" \/>\n\t<meta property=\"og:image:type\" content=\"image\/png\" \/>\n<meta name=\"twitter:card\" content=\"summary_large_image\" \/>\n<meta name=\"twitter:label1\" content=\"Est. reading time\" \/>\n\t<meta name=\"twitter:data1\" content=\"2 minutes\" \/>\n<script type=\"application\/ld+json\" class=\"yoast-schema-graph\">{\"@context\":\"https:\\\/\\\/schema.org\",\"@graph\":[{\"@type\":\"WebPage\",\"@id\":\"https:\\\/\\\/fit360.ee\\\/en\\\/pood\\\/product-groups\\\/%d0%b2%d0%b5%d0%b3%d0%b0%d0%bd\\\/vegan-capsules-en\\\/lambalaats-fenugreek-90vcaps\\\/\",\"url\":\"https:\\\/\\\/fit360.ee\\\/en\\\/pood\\\/product-groups\\\/%d0%b2%d0%b5%d0%b3%d0%b0%d0%bd\\\/vegan-capsules-en\\\/lambalaats-fenugreek-90vcaps\\\/\",\"name\":\"Lambal\u00e4\u00e4ts - Fenugreek (90vCaps) - Kiire Tarne - Parim Hind - Fit360\",\"isPartOf\":{\"@id\":\"https:\\\/\\\/fit360.ee\\\/en\\\/#website\"},\"primaryImageOfPage\":{\"@id\":\"https:\\\/\\\/fit360.ee\\\/en\\\/pood\\\/product-groups\\\/%d0%b2%d0%b5%d0%b3%d0%b0%d0%bd\\\/vegan-capsules-en\\\/lambalaats-fenugreek-90vcaps\\\/#primaryimage\"},\"image\":{\"@id\":\"https:\\\/\\\/fit360.ee\\\/en\\\/pood\\\/product-groups\\\/%d0%b2%d0%b5%d0%b3%d0%b0%d0%bd\\\/vegan-capsules-en\\\/lambalaats-fenugreek-90vcaps\\\/#primaryimage\"},\"thumbnailUrl\":\"https:\\\/\\\/fit360.ee\\\/wp-content\\\/uploads\\\/2021\\\/07\\\/lambalaats-kapslid-fit360.ee_.png\",\"datePublished\":\"2021-07-07T15:28:11+00:00\",\"dateModified\":\"2026-03-09T09:35:34+00:00\",\"description\":\"Lambal\u00e4\u00e4ts sobib madala testosteroonitasemega probleemide korral, s\u00f6\u00f6giisu ergutamiseks ja libiido t\u00f5stmiseks. \u00dclikiire kauba tarne!\",\"breadcrumb\":{\"@id\":\"https:\\\/\\\/fit360.ee\\\/en\\\/pood\\\/product-groups\\\/%d0%b2%d0%b5%d0%b3%d0%b0%d0%bd\\\/vegan-capsules-en\\\/lambalaats-fenugreek-90vcaps\\\/#breadcrumb\"},\"inLanguage\":\"en-US\",\"potentialAction\":[{\"@type\":\"ReadAction\",\"target\":[\"https:\\\/\\\/fit360.ee\\\/en\\\/pood\\\/product-groups\\\/%d0%b2%d0%b5%d0%b3%d0%b0%d0%bd\\\/vegan-capsules-en\\\/lambalaats-fenugreek-90vcaps\\\/\"]}]},{\"@type\":\"ImageObject\",\"inLanguage\":\"en-US\",\"@id\":\"https:\\\/\\\/fit360.ee\\\/en\\\/pood\\\/product-groups\\\/%d0%b2%d0%b5%d0%b3%d0%b0%d0%bd\\\/vegan-capsules-en\\\/lambalaats-fenugreek-90vcaps\\\/#primaryimage\",\"url\":\"https:\\\/\\\/fit360.ee\\\/wp-content\\\/uploads\\\/2021\\\/07\\\/lambalaats-kapslid-fit360.ee_.png\",\"contentUrl\":\"https:\\\/\\\/fit360.ee\\\/wp-content\\\/uploads\\\/2021\\\/07\\\/lambalaats-kapslid-fit360.ee_.png\",\"width\":450,\"height\":450,\"caption\":\"lambal\u00e4\u00e4ts kapslid - toidulisandidhulgi.ee\"},{\"@type\":\"BreadcrumbList\",\"@id\":\"https:\\\/\\\/fit360.ee\\\/en\\\/pood\\\/product-groups\\\/%d0%b2%d0%b5%d0%b3%d0%b0%d0%bd\\\/vegan-capsules-en\\\/lambalaats-fenugreek-90vcaps\\\/#breadcrumb\",\"itemListElement\":[{\"@type\":\"ListItem\",\"position\":1,\"name\":\"Home\",\"item\":\"https:\\\/\\\/fit360.ee\\\/en\\\/\"},{\"@type\":\"ListItem\",\"position\":2,\"name\":\"Shop\",\"item\":\"https:\\\/\\\/fit360.ee\\\/en\\\/shop\\\/\"},{\"@type\":\"ListItem\",\"position\":3,\"name\":\"Lambal\u00e4\u00e4ts &#8211; Fenugreek (90vCaps)\"}]},{\"@type\":\"WebSite\",\"@id\":\"https:\\\/\\\/fit360.ee\\\/en\\\/#website\",\"url\":\"https:\\\/\\\/fit360.ee\\\/en\\\/\",\"name\":\"Fit360\",\"description\":\"\",\"publisher\":{\"@id\":\"https:\\\/\\\/fit360.ee\\\/en\\\/#organization\"},\"potentialAction\":[{\"@type\":\"SearchAction\",\"target\":{\"@type\":\"EntryPoint\",\"urlTemplate\":\"https:\\\/\\\/fit360.ee\\\/en\\\/?s={search_term_string}\"},\"query-input\":{\"@type\":\"PropertyValueSpecification\",\"valueRequired\":true,\"valueName\":\"search_term_string\"}}],\"inLanguage\":\"en-US\"},{\"@type\":\"Organization\",\"@id\":\"https:\\\/\\\/fit360.ee\\\/en\\\/#organization\",\"name\":\"Fit360\",\"url\":\"https:\\\/\\\/fit360.ee\\\/en\\\/\",\"logo\":{\"@type\":\"ImageObject\",\"inLanguage\":\"en-US\",\"@id\":\"https:\\\/\\\/fit360.ee\\\/en\\\/#\\\/schema\\\/logo\\\/image\\\/\",\"url\":\"https:\\\/\\\/fit360.ee\\\/wp-content\\\/uploads\\\/2017\\\/01\\\/logo-fit360.png\",\"contentUrl\":\"https:\\\/\\\/fit360.ee\\\/wp-content\\\/uploads\\\/2017\\\/01\\\/logo-fit360.png\",\"width\":180,\"height\":66,\"caption\":\"Fit360\"},\"image\":{\"@id\":\"https:\\\/\\\/fit360.ee\\\/en\\\/#\\\/schema\\\/logo\\\/image\\\/\"}}]}<\/script>\n<!-- \/ Yoast SEO plugin. -->","yoast_head_json":{"title":"Lambal\u00e4\u00e4ts - Fenugreek (90vCaps) - Kiire Tarne - Parim Hind - Fit360","description":"Lambal\u00e4\u00e4ts sobib madala testosteroonitasemega probleemide korral, s\u00f6\u00f6giisu ergutamiseks ja libiido t\u00f5stmiseks. \u00dclikiire kauba tarne!","robots":{"index":"index","follow":"follow","max-snippet":"max-snippet:-1","max-image-preview":"max-image-preview:large","max-video-preview":"max-video-preview:-1"},"canonical":"https:\/\/fit360.ee\/en\/pood\/product-groups\/\u0432\u0435\u0433\u0430\u043d\/vegan-capsules-en\/lambalaats-fenugreek-90vcaps\/","og_locale":"en_US","og_type":"article","og_title":"Lambal\u00e4\u00e4ts - Fenugreek (90vCaps) - Kiire Tarne - Parim Hind - Fit360","og_description":"Lambal\u00e4\u00e4ts sobib madala testosteroonitasemega probleemide korral, s\u00f6\u00f6giisu ergutamiseks ja libiido t\u00f5stmiseks. \u00dclikiire kauba tarne!","og_url":"https:\/\/fit360.ee\/en\/pood\/product-groups\/\u0432\u0435\u0433\u0430\u043d\/vegan-capsules-en\/lambalaats-fenugreek-90vcaps\/","og_site_name":"Fit360","article_modified_time":"2026-03-09T09:35:34+00:00","og_image":[{"width":450,"height":450,"url":"https:\/\/fit360.ee\/wp-content\/uploads\/2021\/07\/lambalaats-kapslid-fit360.ee_.png","type":"image\/png"}],"twitter_card":"summary_large_image","twitter_misc":{"Est. reading time":"2 minutes"},"schema":{"@context":"https:\/\/schema.org","@graph":[{"@type":"WebPage","@id":"https:\/\/fit360.ee\/en\/pood\/product-groups\/%d0%b2%d0%b5%d0%b3%d0%b0%d0%bd\/vegan-capsules-en\/lambalaats-fenugreek-90vcaps\/","url":"https:\/\/fit360.ee\/en\/pood\/product-groups\/%d0%b2%d0%b5%d0%b3%d0%b0%d0%bd\/vegan-capsules-en\/lambalaats-fenugreek-90vcaps\/","name":"Lambal\u00e4\u00e4ts - Fenugreek (90vCaps) - Kiire Tarne - Parim Hind - Fit360","isPartOf":{"@id":"https:\/\/fit360.ee\/en\/#website"},"primaryImageOfPage":{"@id":"https:\/\/fit360.ee\/en\/pood\/product-groups\/%d0%b2%d0%b5%d0%b3%d0%b0%d0%bd\/vegan-capsules-en\/lambalaats-fenugreek-90vcaps\/#primaryimage"},"image":{"@id":"https:\/\/fit360.ee\/en\/pood\/product-groups\/%d0%b2%d0%b5%d0%b3%d0%b0%d0%bd\/vegan-capsules-en\/lambalaats-fenugreek-90vcaps\/#primaryimage"},"thumbnailUrl":"https:\/\/fit360.ee\/wp-content\/uploads\/2021\/07\/lambalaats-kapslid-fit360.ee_.png","datePublished":"2021-07-07T15:28:11+00:00","dateModified":"2026-03-09T09:35:34+00:00","description":"Lambal\u00e4\u00e4ts sobib madala testosteroonitasemega probleemide korral, s\u00f6\u00f6giisu ergutamiseks ja libiido t\u00f5stmiseks. \u00dclikiire kauba tarne!","breadcrumb":{"@id":"https:\/\/fit360.ee\/en\/pood\/product-groups\/%d0%b2%d0%b5%d0%b3%d0%b0%d0%bd\/vegan-capsules-en\/lambalaats-fenugreek-90vcaps\/#breadcrumb"},"inLanguage":"en-US","potentialAction":[{"@type":"ReadAction","target":["https:\/\/fit360.ee\/en\/pood\/product-groups\/%d0%b2%d0%b5%d0%b3%d0%b0%d0%bd\/vegan-capsules-en\/lambalaats-fenugreek-90vcaps\/"]}]},{"@type":"ImageObject","inLanguage":"en-US","@id":"https:\/\/fit360.ee\/en\/pood\/product-groups\/%d0%b2%d0%b5%d0%b3%d0%b0%d0%bd\/vegan-capsules-en\/lambalaats-fenugreek-90vcaps\/#primaryimage","url":"https:\/\/fit360.ee\/wp-content\/uploads\/2021\/07\/lambalaats-kapslid-fit360.ee_.png","contentUrl":"https:\/\/fit360.ee\/wp-content\/uploads\/2021\/07\/lambalaats-kapslid-fit360.ee_.png","width":450,"height":450,"caption":"lambal\u00e4\u00e4ts kapslid - toidulisandidhulgi.ee"},{"@type":"BreadcrumbList","@id":"https:\/\/fit360.ee\/en\/pood\/product-groups\/%d0%b2%d0%b5%d0%b3%d0%b0%d0%bd\/vegan-capsules-en\/lambalaats-fenugreek-90vcaps\/#breadcrumb","itemListElement":[{"@type":"ListItem","position":1,"name":"Home","item":"https:\/\/fit360.ee\/en\/"},{"@type":"ListItem","position":2,"name":"Shop","item":"https:\/\/fit360.ee\/en\/shop\/"},{"@type":"ListItem","position":3,"name":"Lambal\u00e4\u00e4ts &#8211; Fenugreek (90vCaps)"}]},{"@type":"WebSite","@id":"https:\/\/fit360.ee\/en\/#website","url":"https:\/\/fit360.ee\/en\/","name":"Fit360","description":"","publisher":{"@id":"https:\/\/fit360.ee\/en\/#organization"},"potentialAction":[{"@type":"SearchAction","target":{"@type":"EntryPoint","urlTemplate":"https:\/\/fit360.ee\/en\/?s={search_term_string}"},"query-input":{"@type":"PropertyValueSpecification","valueRequired":true,"valueName":"search_term_string"}}],"inLanguage":"en-US"},{"@type":"Organization","@id":"https:\/\/fit360.ee\/en\/#organization","name":"Fit360","url":"https:\/\/fit360.ee\/en\/","logo":{"@type":"ImageObject","inLanguage":"en-US","@id":"https:\/\/fit360.ee\/en\/#\/schema\/logo\/image\/","url":"https:\/\/fit360.ee\/wp-content\/uploads\/2017\/01\/logo-fit360.png","contentUrl":"https:\/\/fit360.ee\/wp-content\/uploads\/2017\/01\/logo-fit360.png","width":180,"height":66,"caption":"Fit360"},"image":{"@id":"https:\/\/fit360.ee\/en\/#\/schema\/logo\/image\/"}}]}},"_links":{"self":[{"href":"https:\/\/fit360.ee\/en\/wp-json\/wp\/v2\/product\/53799","targetHints":{"allow":["GET"]}}],"collection":[{"href":"https:\/\/fit360.ee\/en\/wp-json\/wp\/v2\/product"}],"about":[{"href":"https:\/\/fit360.ee\/en\/wp-json\/wp\/v2\/types\/product"}],"replies":[{"embeddable":true,"href":"https:\/\/fit360.ee\/en\/wp-json\/wp\/v2\/comments?post=53799"}],"wp:featuredmedia":[{"embeddable":true,"href":"https:\/\/fit360.ee\/en\/wp-json\/wp\/v2\/media\/84419"}],"wp:attachment":[{"href":"https:\/\/fit360.ee\/en\/wp-json\/wp\/v2\/media?parent=53799"}],"wp:term":[{"taxonomy":"product_brand","embeddable":true,"href":"https:\/\/fit360.ee\/en\/wp-json\/wp\/v2\/product_brand?post=53799"},{"taxonomy":"product_cat","embeddable":true,"href":"https:\/\/fit360.ee\/en\/wp-json\/wp\/v2\/product_cat?post=53799"},{"taxonomy":"product_tag","embeddable":true,"href":"https:\/\/fit360.ee\/en\/wp-json\/wp\/v2\/product_tag?post=53799"},{"taxonomy":"giftcard-category","embeddable":true,"href":"https:\/\/fit360.ee\/en\/wp-json\/wp\/v2\/giftcard-category?post=53799"}],"curies":[{"name":"wp","href":"https:\/\/api.w.org\/{rel}","templated":true}]}}