{"id":53805,"date":"2021-07-07T18:43:44","date_gmt":"2021-07-07T16:43:44","guid":{"rendered":"https:\/\/fit360.ee\/pood\/uncategorized\/appetite-control-soogiisu-vahendamine-60-vcaps\/"},"modified":"2026-04-09T16:57:15","modified_gmt":"2026-04-09T14:57:15","slug":"appetite-control-soogiisu-vahendamine-60-vcaps","status":"publish","type":"product","link":"https:\/\/fit360.ee\/en\/pood\/product-groups\/%d0%b2%d0%b5%d0%b3%d0%b0%d0%bd\/vegan-capsules-en\/appetite-control-soogiisu-vahendamine-60-vcaps\/","title":{"rendered":"Appetite Control &#8211; S\u00f6\u00f6giisu v\u00e4hendamine (60 vCaps)"},"content":{"rendered":"<h1><strong>Appetite Control<\/strong><\/h1>\n<p>OstroVit\u00a0 <strong>Appetite Control<\/strong> ehk Eesti keeles <strong>s\u00f6\u00f6giisu kontroll (s\u00f6\u00f6giisu v\u00e4hendamine)<\/strong> on h\u00f5lpsasti neelatavate kapslite komplekt, mis v\u00f5ib teie s\u00f6\u00f6giisu kiiresti ja t\u00f5husalt v\u00e4hendada. T\u00e4nu malabari tamarindi puuvilja- ja oavalgude ekstraktide kombineerimisele \u00f5unasiidri \u00e4\u00e4dika, kroomi ja B12-vitamiiniga saate vabaneda v\u00e4sitavast n\u00e4ljast. Kas tegelete suurenenud s\u00f6\u00f6giisu, hiilite sageli ebatervislike suupistetega v\u00f5i on teil probleeme seedimisega? Proovige OstroViti s\u00f6\u00f6giisu kontrolli ja muutke oma toitumisharjumusi ilma suurema vaevata.<\/p>\n<p><strong>Mis on OstroViti Appetite Control?<\/strong><\/p>\n<p>OstroVit s\u00f6\u00f6giisu v\u00e4hendamine toidulisand on looduslike koostisosade segu, mis kiirendab ainevahetust ja rasvap\u00f5letuse protsessi. Toode reguleerib ka veresuhkru taset, soodustades nii k\u00fcllastustunnet ja v\u00e4hendades n\u00e4lga.<\/p>\n<p>Toode on suurep\u00e4rane valik dieeti pidavatele ja kaalust alla v\u00f5tta soovivatele inimestele. Lisaks n\u00e4lja v\u00e4hendamisega seotud omadustele leevendab toidulisand seedeprobleeme. Valige OstroVit s\u00f6\u00f6giisu kontroll, kui:<\/p>\n<ul>\n<li>Olete dieedil<\/li>\n<li>Soovite v\u00e4hendada s\u00f6\u00f6mist<\/li>\n<li>S\u00f6\u00f6te sagedasti ja ebaregullaarselt<\/li>\n<li>Tunnete alati n\u00e4lga<\/li>\n<li>Tegelete regulaarselt seedeprobleemidega<\/li>\n<\/ul>\n<p>Ainult kaks kapslit toidulisandist p\u00e4evas aitavad teil m\u00e4rkimisv\u00e4\u00e4rselt v\u00e4hendada s\u00f6\u00f6giisu ja t\u00e4iendada kroomi ja B12-vitamiini.<\/p>\n<h3><strong>Appetite Control peamised omadused<\/strong>:<\/h3>\n<p><strong>TOIDU REGULEERIMINE<\/strong> &#8211; ainulaadne taimeekstraktide, \u00f5una\u00e4\u00e4dika, kroomi ja B12-vitamiini koostis takistab edukalt s\u00f6\u00f6giisu ja suurendab k\u00fcllastustunnet.<br \/>\n<strong>TOETATUD Seedimine<\/strong> &#8211; koos \u00f5unasiidri\u00e4\u00e4dikaga suurendab malabari tamarind seedimist ja rahustab seedeprobleeme.<br \/>\nKapslite mugav vorm &#8211; OstroVit s\u00f6\u00f6giisu v\u00e4hendamise toidulisand on saadaval h\u00f5lpsalt neelatavate kapslitena, mis veega kombineerituna libisevad ega j\u00e4\u00e4 kurku kinni.<br \/>\n<strong>T\u00c4IUSLIK JA NATURAALNE<\/strong>&#8211; s\u00f6\u00f6giisu kontrollkapslid sisaldavad ainult looduslikku p\u00e4ritolu toimeaineid. T\u00e4nu sellele saate neid vabalt kasutada isegi siis, kui olete vegan v\u00f5i taimetoitlane.<\/p>\n<h4><strong>Appetite control toimeained<\/strong>:<\/h4>\n<ul>\n<li><strong>Malabari tamarindi puuviljaekstrakt (HCA 60%)<\/strong> &#8211; see suurendab rasvade ja s\u00fcsivesikute ainevahetust ning p\u00f5letamist. See annab k\u00fcllastustunde ja rahustab seedeprobleeme.<\/li>\n<li><strong>Valgete ubade ekstrakt<\/strong> &#8211; see takistab t\u00e4rklist seeditavaid ens\u00fc\u00fcme ja v\u00e4hendab organismi suhkrutaset. See hoiab \u00e4ra t\u00e4rklise kuhjumise rasvkoes.<\/li>\n<li><strong>\u00d5una\u00e4\u00e4dikas (\u00e4\u00e4dikhape 11%)<\/strong> &#8211; see reguleerib suhkru taset ja tugevdab k\u00fcllastustunnet. See aitab teil hoida sobivat kolesteroolitaset. See stimuleerib seedimist.<\/li>\n<li><a href=\"https:\/\/fit360.ee\/en\/product-category\/product-groups\/vitamins-and-minerals-en\/chromium-en\/\"><strong>Kroom<\/strong><\/a> &#8211; see soodustab makroelementide ainevahetust. See hoiab sobivat veresuhkru taset ja h\u00f5lbustab s\u00f6\u00f6giisu kontrolli.<\/li>\n<li><a href=\"https:\/\/fit360.ee\/en\/pood\/product-groups\/vitamins-and-minerals-en\/b-vitamin-en\/swanson-vitamiin-b-12-100caps\/\"><strong>Vitamiin B12<\/strong><\/a> &#8211; see osaleb punaste vereliblede tootmises, seel\u00e4bi neutraliseerides aneemiat. Selle puudus m\u00f5jutab sageli veganeid, taimetoitlasi ja rasvunud inimesi.<\/li>\n<\/ul>\n<p><strong>Koostisosad<\/strong>: <em>Malabar tamarindi<\/em> Garcinia Cambogia puuviljaekstrakt, mis on standardiseeritud 60% h\u00fcdroks\u00fcsidrunhappega, valge oa ekstrakt, \u00f5unasiidri \u00e4\u00e4dikas, mis sisaldab 11% \u00e4\u00e4dikhapet, katte koostis (t\u00e4iteaine: h\u00fcdroks\u00fcprop\u00fc\u00fclmet\u00fc\u00fcltselluloos), kroompikolinaat (kroom), met\u00fc\u00fclkobalamiin (vitamiin B12) ).<\/p>\n<p><strong>Kasutamine<\/strong>: V\u00f5tke 1 portsjon (2 kapslit) p\u00e4evas, eelistatult enne s\u00f6\u00f6ki. Toode on m\u00f5eldud t\u00e4iskasvanutele.<\/p>\n<p><strong>Suurus<\/strong>: 60 <a href=\"https:\/\/fit360.ee\/en\/product-category\/product-groups\/%d0%b2%d0%b5%d0%b3%d0%b0%d0%bd\/vegan-capsules-en\/\"><strong>vCaps &#8211; Vegan kapsli<\/strong><\/a>t &#8211; 30 serveeringut<\/p>\n<table>\n<tbody>\n<tr>\n<th>Aktiivsed koostisosad<\/th>\n<th>portsjoni kohta<\/th>\n<th>% SPK*<\/th>\n<\/tr>\n<tr>\n<td>Malabar tamarindi puuviljaekstrakt, <em>millest<\/em>:<\/td>\n<td>600 mg<\/td>\n<td>&#8211;<\/td>\n<\/tr>\n<tr class=\"sub\">\n<td>&#8211; h\u00fcdroks\u00fcsidrunhape (60%)<\/td>\n<td>360 mg<\/td>\n<td>&#8211;<\/td>\n<\/tr>\n<tr>\n<td>Valge oa ekstrakt<\/td>\n<td>400 mg<\/td>\n<td>&#8211;<\/td>\n<\/tr>\n<tr>\n<td>\u00d5unasiidri \u00e4\u00e4dikas, <em>millest<\/em>:<\/td>\n<td>400 mg<\/td>\n<td>&#8211;<\/td>\n<\/tr>\n<tr class=\"sub\">\n<td>&#8211; \u00e4\u00e4dikhape (11%)<\/td>\n<td>44 mg<\/td>\n<td>&#8211;<\/td>\n<\/tr>\n<tr>\n<td>Kroom<\/td>\n<td>200 \u00b5g<\/td>\n<td>500<\/td>\n<\/tr>\n<tr>\n<td>Vitamiin B12<\/td>\n<td>15 \u00b5g<\/td>\n<td>600<\/td>\n<\/tr>\n<\/tbody>\n<\/table>\n<p>*SPK &#8211; Soovitatud p\u00e4evane kogus.<\/p>\n<p>Vaata ka meie Teisi Rasvap\u00f5letajaid <a href=\"https:\/\/fit360.ee\/en\/product-category\/product-groups\/fat-burners-en\/\"><strong>SIIT<\/strong><\/a>!<\/p>\n<p>Soovid kaupa osta suuremas koguses? Vaata antud toodet ka meie HULGI poest\u00a0<a href=\"https:\/\/toidulisandidhulgi.ee\/product\/appetite-control-soogiisu-vahendamine-60-vcaps\/\"><strong>SIIT<\/strong><\/a>!<\/p>\n","protected":false},"excerpt":{"rendered":"<h2><strong>Appetite control toimeained<\/strong>:<\/h2>\n<ul>\n<li><strong>Malabari tamarindi puuviljaekstrakt (HCA 60%)<\/strong> &#8211; see suurendab rasvade ja s\u00fcsivesikute ainevahetust ning p\u00f5letamist. See annab k\u00fcllastustunde ja rahustab seedeprobleeme.<\/li>\n<li><strong>Valgete ubade ekstrakt<\/strong> &#8211; see takistab t\u00e4rklist seeditavaid ens\u00fc\u00fcme ja v\u00e4hendab organismi suhkrutaset. See hoiab \u00e4ra t\u00e4rklise kuhjumise rasvkoes.<\/li>\n<li><strong>\u00d5una\u00e4\u00e4dikas (\u00e4\u00e4dikhape 11%)<\/strong> &#8211; see reguleerib suhkru taset ja tugevdab k\u00fcllastustunnet. See aitab teil hoida sobivat kolesteroolitaset. See stimuleerib seedimist.<\/li>\n<li><a href=\"https:\/\/fit360.ee\/en\/product-category\/product-groups\/vitamins-and-minerals-en\/chromium-en\/\"><strong>Kroom<\/strong><\/a> &#8211; see soodustab makroelementide ainevahetust. See hoiab sobivat veresuhkru taset ja h\u00f5lbustab s\u00f6\u00f6giisu kontrolli.<\/li>\n<li><a href=\"https:\/\/fit360.ee\/pood\/tootegrupid\/vitamiinid-mineraalid-ja-muu\/b-vitamiin\/swanson-vitamiin-b-12-250caps\/\"><strong>Vitamiin B12<\/strong><\/a> &#8211; see osaleb punaste vereliblede tootmises, seel\u00e4bi neutraliseerides aneemiat. Selle puudus m\u00f5jutab sageli veganeid, taimetoitlasi ja rasvunud inimesi.<\/li>\n<\/ul>\n","protected":false},"featured_media":84421,"comment_status":"closed","ping_status":"closed","template":"","meta":[],"product_brand":[],"product_cat":[530,1329,1454,2664,1201],"product_tag":[2915,1924,2916,2917],"giftcard-category":[],"class_list":{"0":"post-53805","1":"product","2":"type-product","3":"status-publish","4":"has-post-thumbnail","6":"product_cat-fat-burners-en","7":"product_cat-ostrovit-en","8":"product_cat-superfoods-health-foods-en","9":"product_cat-vegan-capsules-en","10":"product_cat-1201","11":"product_tag-appetite-control-en","12":"product_tag-ostrovit-en","13":"product_tag-soogiisu-kontroll-en","14":"product_tag-soogiisu-vahendamine-en","15":"pa_kogus-60-vcaps-en","16":"pa_toidulisand-branddd-ostrovit","17":"pa_tootegruppp-supertoit-tervisetoit-en","18":"pa_tootegruppp-vcaps-vegan-kapslid-en","19":"pa_tootegruppp-vegan-en","20":"pa_tootegruppp-weight-loss","22":"first","23":"instock","24":"sale","25":"taxable","26":"shipping-taxable","27":"purchasable","28":"product-type-simple"},"yoast_head":"<!-- This site is optimized with the Yoast SEO plugin v27.3 - https:\/\/yoast.com\/product\/yoast-seo-wordpress\/ -->\n<title>Appetite Control - S\u00f6\u00f6giisu v\u00e4hendamine (60 vCaps) - Kiire Tarne - Fit360<\/title>\n<meta name=\"description\" content=\"Appetite Control on h\u00f5lpsasti neelatavate kapslite komplekt, mis v\u00f5ib teie s\u00f6\u00f6giisu kiiresti ja t\u00f5husalt v\u00e4hendada. Kiire tarne!\" \/>\n<meta name=\"robots\" content=\"index, follow, max-snippet:-1, max-image-preview:large, max-video-preview:-1\" \/>\n<link rel=\"canonical\" href=\"https:\/\/fit360.ee\/en\/pood\/product-groups\/\u0432\u0435\u0433\u0430\u043d\/vegan-capsules-en\/appetite-control-soogiisu-vahendamine-60-vcaps\/\" \/>\n<meta property=\"og:locale\" content=\"en_US\" \/>\n<meta property=\"og:type\" content=\"article\" \/>\n<meta property=\"og:title\" content=\"Appetite Control - S\u00f6\u00f6giisu v\u00e4hendamine (60 vCaps) - Kiire Tarne - Fit360\" \/>\n<meta property=\"og:description\" content=\"Appetite Control on h\u00f5lpsasti neelatavate kapslite komplekt, mis v\u00f5ib teie s\u00f6\u00f6giisu kiiresti ja t\u00f5husalt v\u00e4hendada. Kiire tarne!\" \/>\n<meta property=\"og:url\" content=\"https:\/\/fit360.ee\/en\/pood\/product-groups\/\u0432\u0435\u0433\u0430\u043d\/vegan-capsules-en\/appetite-control-soogiisu-vahendamine-60-vcaps\/\" \/>\n<meta property=\"og:site_name\" content=\"Fit360\" \/>\n<meta property=\"article:modified_time\" content=\"2026-04-09T14:57:15+00:00\" \/>\n<meta property=\"og:image\" content=\"https:\/\/fit360.ee\/wp-content\/uploads\/2021\/07\/appetite-control-ostrovit-fit360.ee-1.png\" \/>\n\t<meta property=\"og:image:width\" content=\"1000\" \/>\n\t<meta property=\"og:image:height\" content=\"1000\" \/>\n\t<meta property=\"og:image:type\" content=\"image\/png\" \/>\n<meta name=\"twitter:card\" content=\"summary_large_image\" \/>\n<meta name=\"twitter:label1\" content=\"Est. reading time\" \/>\n\t<meta name=\"twitter:data1\" content=\"2 minutes\" \/>\n<script type=\"application\/ld+json\" class=\"yoast-schema-graph\">{\"@context\":\"https:\\\/\\\/schema.org\",\"@graph\":[{\"@type\":\"WebPage\",\"@id\":\"https:\\\/\\\/fit360.ee\\\/en\\\/pood\\\/product-groups\\\/%d0%b2%d0%b5%d0%b3%d0%b0%d0%bd\\\/vegan-capsules-en\\\/appetite-control-soogiisu-vahendamine-60-vcaps\\\/\",\"url\":\"https:\\\/\\\/fit360.ee\\\/en\\\/pood\\\/product-groups\\\/%d0%b2%d0%b5%d0%b3%d0%b0%d0%bd\\\/vegan-capsules-en\\\/appetite-control-soogiisu-vahendamine-60-vcaps\\\/\",\"name\":\"Appetite Control - S\u00f6\u00f6giisu v\u00e4hendamine (60 vCaps) - Kiire Tarne - Fit360\",\"isPartOf\":{\"@id\":\"https:\\\/\\\/fit360.ee\\\/en\\\/#website\"},\"primaryImageOfPage\":{\"@id\":\"https:\\\/\\\/fit360.ee\\\/en\\\/pood\\\/product-groups\\\/%d0%b2%d0%b5%d0%b3%d0%b0%d0%bd\\\/vegan-capsules-en\\\/appetite-control-soogiisu-vahendamine-60-vcaps\\\/#primaryimage\"},\"image\":{\"@id\":\"https:\\\/\\\/fit360.ee\\\/en\\\/pood\\\/product-groups\\\/%d0%b2%d0%b5%d0%b3%d0%b0%d0%bd\\\/vegan-capsules-en\\\/appetite-control-soogiisu-vahendamine-60-vcaps\\\/#primaryimage\"},\"thumbnailUrl\":\"https:\\\/\\\/fit360.ee\\\/wp-content\\\/uploads\\\/2021\\\/07\\\/appetite-control-ostrovit-fit360.ee-1.png\",\"datePublished\":\"2021-07-07T16:43:44+00:00\",\"dateModified\":\"2026-04-09T14:57:15+00:00\",\"description\":\"Appetite Control on h\u00f5lpsasti neelatavate kapslite komplekt, mis v\u00f5ib teie s\u00f6\u00f6giisu kiiresti ja t\u00f5husalt v\u00e4hendada. Kiire tarne!\",\"breadcrumb\":{\"@id\":\"https:\\\/\\\/fit360.ee\\\/en\\\/pood\\\/product-groups\\\/%d0%b2%d0%b5%d0%b3%d0%b0%d0%bd\\\/vegan-capsules-en\\\/appetite-control-soogiisu-vahendamine-60-vcaps\\\/#breadcrumb\"},\"inLanguage\":\"en-US\",\"potentialAction\":[{\"@type\":\"ReadAction\",\"target\":[\"https:\\\/\\\/fit360.ee\\\/en\\\/pood\\\/product-groups\\\/%d0%b2%d0%b5%d0%b3%d0%b0%d0%bd\\\/vegan-capsules-en\\\/appetite-control-soogiisu-vahendamine-60-vcaps\\\/\"]}]},{\"@type\":\"ImageObject\",\"inLanguage\":\"en-US\",\"@id\":\"https:\\\/\\\/fit360.ee\\\/en\\\/pood\\\/product-groups\\\/%d0%b2%d0%b5%d0%b3%d0%b0%d0%bd\\\/vegan-capsules-en\\\/appetite-control-soogiisu-vahendamine-60-vcaps\\\/#primaryimage\",\"url\":\"https:\\\/\\\/fit360.ee\\\/wp-content\\\/uploads\\\/2021\\\/07\\\/appetite-control-ostrovit-fit360.ee-1.png\",\"contentUrl\":\"https:\\\/\\\/fit360.ee\\\/wp-content\\\/uploads\\\/2021\\\/07\\\/appetite-control-ostrovit-fit360.ee-1.png\",\"width\":1000,\"height\":1000,\"caption\":\"appetite control ostrovit - fit360.ee\"},{\"@type\":\"BreadcrumbList\",\"@id\":\"https:\\\/\\\/fit360.ee\\\/en\\\/pood\\\/product-groups\\\/%d0%b2%d0%b5%d0%b3%d0%b0%d0%bd\\\/vegan-capsules-en\\\/appetite-control-soogiisu-vahendamine-60-vcaps\\\/#breadcrumb\",\"itemListElement\":[{\"@type\":\"ListItem\",\"position\":1,\"name\":\"Home\",\"item\":\"https:\\\/\\\/fit360.ee\\\/en\\\/\"},{\"@type\":\"ListItem\",\"position\":2,\"name\":\"Shop\",\"item\":\"https:\\\/\\\/fit360.ee\\\/en\\\/shop\\\/\"},{\"@type\":\"ListItem\",\"position\":3,\"name\":\"Appetite Control &#8211; S\u00f6\u00f6giisu v\u00e4hendamine (60 vCaps)\"}]},{\"@type\":\"WebSite\",\"@id\":\"https:\\\/\\\/fit360.ee\\\/en\\\/#website\",\"url\":\"https:\\\/\\\/fit360.ee\\\/en\\\/\",\"name\":\"Fit360\",\"description\":\"\",\"publisher\":{\"@id\":\"https:\\\/\\\/fit360.ee\\\/en\\\/#organization\"},\"potentialAction\":[{\"@type\":\"SearchAction\",\"target\":{\"@type\":\"EntryPoint\",\"urlTemplate\":\"https:\\\/\\\/fit360.ee\\\/en\\\/?s={search_term_string}\"},\"query-input\":{\"@type\":\"PropertyValueSpecification\",\"valueRequired\":true,\"valueName\":\"search_term_string\"}}],\"inLanguage\":\"en-US\"},{\"@type\":\"Organization\",\"@id\":\"https:\\\/\\\/fit360.ee\\\/en\\\/#organization\",\"name\":\"Fit360\",\"url\":\"https:\\\/\\\/fit360.ee\\\/en\\\/\",\"logo\":{\"@type\":\"ImageObject\",\"inLanguage\":\"en-US\",\"@id\":\"https:\\\/\\\/fit360.ee\\\/en\\\/#\\\/schema\\\/logo\\\/image\\\/\",\"url\":\"https:\\\/\\\/fit360.ee\\\/wp-content\\\/uploads\\\/2017\\\/01\\\/logo-fit360.png\",\"contentUrl\":\"https:\\\/\\\/fit360.ee\\\/wp-content\\\/uploads\\\/2017\\\/01\\\/logo-fit360.png\",\"width\":180,\"height\":66,\"caption\":\"Fit360\"},\"image\":{\"@id\":\"https:\\\/\\\/fit360.ee\\\/en\\\/#\\\/schema\\\/logo\\\/image\\\/\"}}]}<\/script>\n<!-- \/ Yoast SEO plugin. -->","yoast_head_json":{"title":"Appetite Control - S\u00f6\u00f6giisu v\u00e4hendamine (60 vCaps) - Kiire Tarne - Fit360","description":"Appetite Control on h\u00f5lpsasti neelatavate kapslite komplekt, mis v\u00f5ib teie s\u00f6\u00f6giisu kiiresti ja t\u00f5husalt v\u00e4hendada. Kiire tarne!","robots":{"index":"index","follow":"follow","max-snippet":"max-snippet:-1","max-image-preview":"max-image-preview:large","max-video-preview":"max-video-preview:-1"},"canonical":"https:\/\/fit360.ee\/en\/pood\/product-groups\/\u0432\u0435\u0433\u0430\u043d\/vegan-capsules-en\/appetite-control-soogiisu-vahendamine-60-vcaps\/","og_locale":"en_US","og_type":"article","og_title":"Appetite Control - S\u00f6\u00f6giisu v\u00e4hendamine (60 vCaps) - Kiire Tarne - Fit360","og_description":"Appetite Control on h\u00f5lpsasti neelatavate kapslite komplekt, mis v\u00f5ib teie s\u00f6\u00f6giisu kiiresti ja t\u00f5husalt v\u00e4hendada. Kiire tarne!","og_url":"https:\/\/fit360.ee\/en\/pood\/product-groups\/\u0432\u0435\u0433\u0430\u043d\/vegan-capsules-en\/appetite-control-soogiisu-vahendamine-60-vcaps\/","og_site_name":"Fit360","article_modified_time":"2026-04-09T14:57:15+00:00","og_image":[{"width":1000,"height":1000,"url":"https:\/\/fit360.ee\/wp-content\/uploads\/2021\/07\/appetite-control-ostrovit-fit360.ee-1.png","type":"image\/png"}],"twitter_card":"summary_large_image","twitter_misc":{"Est. reading time":"2 minutes"},"schema":{"@context":"https:\/\/schema.org","@graph":[{"@type":"WebPage","@id":"https:\/\/fit360.ee\/en\/pood\/product-groups\/%d0%b2%d0%b5%d0%b3%d0%b0%d0%bd\/vegan-capsules-en\/appetite-control-soogiisu-vahendamine-60-vcaps\/","url":"https:\/\/fit360.ee\/en\/pood\/product-groups\/%d0%b2%d0%b5%d0%b3%d0%b0%d0%bd\/vegan-capsules-en\/appetite-control-soogiisu-vahendamine-60-vcaps\/","name":"Appetite Control - S\u00f6\u00f6giisu v\u00e4hendamine (60 vCaps) - Kiire Tarne - Fit360","isPartOf":{"@id":"https:\/\/fit360.ee\/en\/#website"},"primaryImageOfPage":{"@id":"https:\/\/fit360.ee\/en\/pood\/product-groups\/%d0%b2%d0%b5%d0%b3%d0%b0%d0%bd\/vegan-capsules-en\/appetite-control-soogiisu-vahendamine-60-vcaps\/#primaryimage"},"image":{"@id":"https:\/\/fit360.ee\/en\/pood\/product-groups\/%d0%b2%d0%b5%d0%b3%d0%b0%d0%bd\/vegan-capsules-en\/appetite-control-soogiisu-vahendamine-60-vcaps\/#primaryimage"},"thumbnailUrl":"https:\/\/fit360.ee\/wp-content\/uploads\/2021\/07\/appetite-control-ostrovit-fit360.ee-1.png","datePublished":"2021-07-07T16:43:44+00:00","dateModified":"2026-04-09T14:57:15+00:00","description":"Appetite Control on h\u00f5lpsasti neelatavate kapslite komplekt, mis v\u00f5ib teie s\u00f6\u00f6giisu kiiresti ja t\u00f5husalt v\u00e4hendada. Kiire tarne!","breadcrumb":{"@id":"https:\/\/fit360.ee\/en\/pood\/product-groups\/%d0%b2%d0%b5%d0%b3%d0%b0%d0%bd\/vegan-capsules-en\/appetite-control-soogiisu-vahendamine-60-vcaps\/#breadcrumb"},"inLanguage":"en-US","potentialAction":[{"@type":"ReadAction","target":["https:\/\/fit360.ee\/en\/pood\/product-groups\/%d0%b2%d0%b5%d0%b3%d0%b0%d0%bd\/vegan-capsules-en\/appetite-control-soogiisu-vahendamine-60-vcaps\/"]}]},{"@type":"ImageObject","inLanguage":"en-US","@id":"https:\/\/fit360.ee\/en\/pood\/product-groups\/%d0%b2%d0%b5%d0%b3%d0%b0%d0%bd\/vegan-capsules-en\/appetite-control-soogiisu-vahendamine-60-vcaps\/#primaryimage","url":"https:\/\/fit360.ee\/wp-content\/uploads\/2021\/07\/appetite-control-ostrovit-fit360.ee-1.png","contentUrl":"https:\/\/fit360.ee\/wp-content\/uploads\/2021\/07\/appetite-control-ostrovit-fit360.ee-1.png","width":1000,"height":1000,"caption":"appetite control ostrovit - fit360.ee"},{"@type":"BreadcrumbList","@id":"https:\/\/fit360.ee\/en\/pood\/product-groups\/%d0%b2%d0%b5%d0%b3%d0%b0%d0%bd\/vegan-capsules-en\/appetite-control-soogiisu-vahendamine-60-vcaps\/#breadcrumb","itemListElement":[{"@type":"ListItem","position":1,"name":"Home","item":"https:\/\/fit360.ee\/en\/"},{"@type":"ListItem","position":2,"name":"Shop","item":"https:\/\/fit360.ee\/en\/shop\/"},{"@type":"ListItem","position":3,"name":"Appetite Control &#8211; S\u00f6\u00f6giisu v\u00e4hendamine (60 vCaps)"}]},{"@type":"WebSite","@id":"https:\/\/fit360.ee\/en\/#website","url":"https:\/\/fit360.ee\/en\/","name":"Fit360","description":"","publisher":{"@id":"https:\/\/fit360.ee\/en\/#organization"},"potentialAction":[{"@type":"SearchAction","target":{"@type":"EntryPoint","urlTemplate":"https:\/\/fit360.ee\/en\/?s={search_term_string}"},"query-input":{"@type":"PropertyValueSpecification","valueRequired":true,"valueName":"search_term_string"}}],"inLanguage":"en-US"},{"@type":"Organization","@id":"https:\/\/fit360.ee\/en\/#organization","name":"Fit360","url":"https:\/\/fit360.ee\/en\/","logo":{"@type":"ImageObject","inLanguage":"en-US","@id":"https:\/\/fit360.ee\/en\/#\/schema\/logo\/image\/","url":"https:\/\/fit360.ee\/wp-content\/uploads\/2017\/01\/logo-fit360.png","contentUrl":"https:\/\/fit360.ee\/wp-content\/uploads\/2017\/01\/logo-fit360.png","width":180,"height":66,"caption":"Fit360"},"image":{"@id":"https:\/\/fit360.ee\/en\/#\/schema\/logo\/image\/"}}]}},"_links":{"self":[{"href":"https:\/\/fit360.ee\/en\/wp-json\/wp\/v2\/product\/53805","targetHints":{"allow":["GET"]}}],"collection":[{"href":"https:\/\/fit360.ee\/en\/wp-json\/wp\/v2\/product"}],"about":[{"href":"https:\/\/fit360.ee\/en\/wp-json\/wp\/v2\/types\/product"}],"replies":[{"embeddable":true,"href":"https:\/\/fit360.ee\/en\/wp-json\/wp\/v2\/comments?post=53805"}],"wp:featuredmedia":[{"embeddable":true,"href":"https:\/\/fit360.ee\/en\/wp-json\/wp\/v2\/media\/84421"}],"wp:attachment":[{"href":"https:\/\/fit360.ee\/en\/wp-json\/wp\/v2\/media?parent=53805"}],"wp:term":[{"taxonomy":"product_brand","embeddable":true,"href":"https:\/\/fit360.ee\/en\/wp-json\/wp\/v2\/product_brand?post=53805"},{"taxonomy":"product_cat","embeddable":true,"href":"https:\/\/fit360.ee\/en\/wp-json\/wp\/v2\/product_cat?post=53805"},{"taxonomy":"product_tag","embeddable":true,"href":"https:\/\/fit360.ee\/en\/wp-json\/wp\/v2\/product_tag?post=53805"},{"taxonomy":"giftcard-category","embeddable":true,"href":"https:\/\/fit360.ee\/en\/wp-json\/wp\/v2\/giftcard-category?post=53805"}],"curies":[{"name":"wp","href":"https:\/\/api.w.org\/{rel}","templated":true}]}}