{"id":54157,"date":"2021-08-05T17:14:25","date_gmt":"2021-08-05T15:14:25","guid":{"rendered":"https:\/\/fit360.ee\/product\/quick-protein-oats-kiirpudru-1kg\/"},"modified":"2026-03-16T16:50:46","modified_gmt":"2026-03-16T14:50:46","slug":"quick-protein-oats-kiirpuder-1kg","status":"publish","type":"product","link":"https:\/\/fit360.ee\/en\/pood\/product-groups\/superfoods-health-foods-en\/fiber-en\/quick-protein-oats-kiirpuder-1kg\/","title":{"rendered":"Quick Protein Oats (Kiirpuder 1KG)"},"content":{"rendered":"<h1><strong>Quick Protein Oats<\/strong><\/h1>\n<p><strong>ICONFIT Quick Protein Oats on lihtsalt valmistatav tervislik puder \u2013 lisa vaid kuuma vett.\u00a0<\/strong>Selles pudrus on tasakaalustatud toitained, ~30% valku ja ka<strong>\u00a0p\u00e4evane vajalik kollageenikogus!\u00a0\u00a0<\/strong>Ei grammigi lisatud suhkrut ning<strong>\u00a0s<\/strong><strong>obib h\u00e4sti tervele perele.<\/strong>\u00a0Eestis v\u00e4lja arendatud ja toodetud!<\/p>\n<p><a href=\"https:\/\/fit360.ee\/en\/product-category\/product-groups\/protein-poweders-en\/\"><strong>Valgud<\/strong><\/a><\/p>\n<p>Tavaline kaerahelbe puder on k\u00fcll populaarne ja hea hommikus\u00f6\u00f6k aga selles on liiga v\u00e4he valku. Seet\u00f5ttu toitumisn\u00f5ustajad ja kavad soovitavad alati lisada v\u00f5i juurde s\u00fc\u00fca ka valkusid. Quick Protein Oats pudrudes on juba valgud vajalikus koguses lisatud (kollageen, vadakuvalk, kanepivalk). See aitab men\u00fc\u00fcs toitained paremini tasakaalu viia ja toituda seel\u00e4bi lihtsalt ja tervislikult.<\/p>\n<p><a href=\"https:\/\/fit360.ee\/en\/product-category\/product-groups\/superfoods-health-foods-en\/fiber-en\/\"><strong>Kiudained<\/strong><\/a><\/p>\n<p>Quick Protein Oats pudrud on k\u00f5rge kiudainete sisaldusega. Kiudained on toidus vajalikud ning enamus meist ei tarbi neid p\u00e4evas piisavalt. Igas 100g portsjonis on 6,5 g kiudaineid.<\/p>\n<p><a href=\"https:\/\/fit360.ee\/en\/product-category\/product-groups\/collagen-en\/\"><strong>Kollageen<\/strong><\/a><\/p>\n<p>Pudrus on ka \u00fcle 10% Eesti k\u00f5rgeima kvaliteediga h\u00fcdrol\u00fc\u00fcsitud kollageeni. Kui s\u00f6\u00f6d p\u00e4evas v\u00e4hemalt 1 pudruportsjoni, siis saad kaetud ka keha p\u00e4evase 10g kollageenivajaduse.<\/p>\n<p><strong>Valmistamine on eriti lihtne:<\/strong><\/p>\n<p><i class=\"fontawesome-icon fa-stroopwafel fas circle-yes\"><\/i>T\u00f5sta kaussi 100g pudrusegu (331kcal, naised). V\u00f5i meeste puhul 150g (497kcal).<\/p>\n<p><i class=\"fontawesome-icon fa-tint fas circle-yes\"><\/i>Vala peale kuuma vett (100g pudrusegu kohta 80 g\/ml vett \u0161okolaadile ja 100 g\/ml teistele maitsetele), sega lusikaga l\u00e4bi ja j\u00e4ta 1 minutiks seisma. Vett v\u00f5id ka soovi korral v\u00e4hem v\u00f5i rohkem panna.<\/p>\n<p><i class=\"fontawesome-icon fa-grin-hearts fas circle-yes\"><\/i>Ja ongi tervislik puder valmis nautimiseks. Tee seda hommikul kodus v\u00f5i ka l\u00f5unaks t\u00f6\u00f6juures.<\/p>\n<h2><strong>Kiirpuder<\/strong><\/h2>\n<div class=\"table-2\">\n<table width=\"100%\">\n<thead>\n<tr>\n<th align=\"left\"><strong>Toitained (\u0160OKOLAADI pudrus):<\/strong><\/th>\n<th align=\"left\">\/ 100 g<\/th>\n<th align=\"left\">\/ 150 g<\/th>\n<\/tr>\n<\/thead>\n<tbody>\n<tr>\n<td align=\"left\">Energia (kJ\/kcal)579<\/td>\n<td align=\"left\">1387\/331<\/td>\n<td align=\"left\">2080\/497<\/td>\n<\/tr>\n<tr>\n<td align=\"left\"><strong>Valgud(g)<\/strong><\/td>\n<td align=\"left\">31,1<\/td>\n<td align=\"left\">46,6<\/td>\n<\/tr>\n<tr>\n<td align=\"left\">S\u00fcsivesikud(g)<\/td>\n<td align=\"left\">38,2<\/td>\n<td align=\"left\">57,3<\/td>\n<\/tr>\n<tr>\n<td align=\"left\">..millest suhkruid(g ,ei ole lisatud suhkrut)<\/td>\n<td align=\"left\">6,8<\/td>\n<td align=\"left\">10,2<\/td>\n<\/tr>\n<tr>\n<td align=\"left\">Rasvad(g)<\/td>\n<td align=\"left\">4,4<\/td>\n<td align=\"left\">6,6<\/td>\n<\/tr>\n<tr>\n<td align=\"left\">..millest k\u00fcllast.(g)<\/td>\n<td align=\"left\">0,2<\/td>\n<td align=\"left\">0,3<\/td>\n<\/tr>\n<tr>\n<td align=\"left\">Kiudained (g)<\/td>\n<td align=\"left\">6,5<\/td>\n<td align=\"left\">9,7<\/td>\n<\/tr>\n<\/tbody>\n<\/table>\n<\/div>\n<p><strong>KOOSTISOSAD:<\/strong>\u00a0T\u00e4istera\u00a0<em>kiirkaerahelbed<\/em>,\u00a0<em>l\u00f5ssipulber<\/em>, h\u00fcdrol\u00fc\u00fcsitud kollageen, kanepiproteiin, er\u00fctritool (looduslik kalorivaba magusaine),\u00a0<em>vadakuvalgu kontsentraat<\/em>, kakaopulber, maitse- ja l\u00f5hnaaine, magusaine stevioolgl\u00fckosiid (stevia).<\/p>\n<div class=\"table-2\">\n<table width=\"100%\">\n<thead>\n<tr>\n<th align=\"left\"><strong>Toitained (\u00d5UNA-KANEELI pudrus):<\/strong><\/th>\n<th align=\"left\">\/ 100 g<\/th>\n<th align=\"left\">\/ 150 g<\/th>\n<\/tr>\n<\/thead>\n<tbody>\n<tr>\n<td align=\"left\">Energia (kJ\/kcal)579<\/td>\n<td align=\"left\">1392\/332<\/td>\n<td align=\"left\">2088\/498<\/td>\n<\/tr>\n<tr>\n<td align=\"left\"><strong>Valgud(g)<\/strong><\/td>\n<td align=\"left\">28,7<\/td>\n<td align=\"left\">43,0<\/td>\n<\/tr>\n<tr>\n<td align=\"left\">S\u00fcsivesikud(g)<\/td>\n<td align=\"left\">36,7<\/td>\n<td align=\"left\">55,0<\/td>\n<\/tr>\n<tr>\n<td align=\"left\">..millest suhkruid(g ,ei ole lisatud suhkrut)<\/td>\n<td align=\"left\">6,8<\/td>\n<td align=\"left\">10,2<\/td>\n<\/tr>\n<tr>\n<td align=\"left\">Rasvad(g)<\/td>\n<td align=\"left\">6,2<\/td>\n<td align=\"left\">9,2<\/td>\n<\/tr>\n<tr>\n<td align=\"left\">..millest k\u00fcllast.(g)<\/td>\n<td align=\"left\">0,5<\/td>\n<td align=\"left\">0,7<\/td>\n<\/tr>\n<tr>\n<td align=\"left\">Kiudained (g)<\/td>\n<td align=\"left\">9,33<\/td>\n<td align=\"left\">14,0<\/td>\n<\/tr>\n<\/tbody>\n<\/table>\n<\/div>\n<p><strong>KOOSTISOSAD:<\/strong>\u00a0T\u00e4istera\u00a0<em>kiirkaerahelbed<\/em>,\u00a0<em>l\u00f5ssipulber<\/em>, h\u00fcdrol\u00fc\u00fcsitud kollageen, chia seemned, kanepiproteiin, er\u00fctritool (looduslik kalorivaba magusaine),\u00a0<em>vadakuvalgu kontsentraat<\/em>, k\u00fclmkuivatatud \u00f5un, kaneel, maitse- ja l\u00f5hnaaine, magusaine stevioolgl\u00fckosiid (stevia).<\/p>\n<div class=\"table-2\">\n<table width=\"100%\">\n<thead>\n<tr>\n<th align=\"left\"><strong>Toitained (MUSTS\u00d5STRA pudrus):<\/strong><\/th>\n<th align=\"left\">\/ 100 g<\/th>\n<th align=\"left\">\/ 150 g<\/th>\n<\/tr>\n<\/thead>\n<tbody>\n<tr>\n<td align=\"left\">Energia (kJ\/kcal)579<\/td>\n<td align=\"left\">1381\/329<\/td>\n<td align=\"left\">2071\/495<\/td>\n<\/tr>\n<tr>\n<td align=\"left\"><strong>Valgud(g)<\/strong><\/td>\n<td align=\"left\">28,8<\/td>\n<td align=\"left\">43,2<\/td>\n<\/tr>\n<tr>\n<td align=\"left\">S\u00fcsivesikud(g)<\/td>\n<td align=\"left\">35,7<\/td>\n<td align=\"left\">53,6<\/td>\n<\/tr>\n<tr>\n<td align=\"left\">..millest suhkruid(g ,ei ole lisatud suhkrut)<\/td>\n<td align=\"left\">6,6<\/td>\n<td align=\"left\">9,8<\/td>\n<\/tr>\n<tr>\n<td align=\"left\">Rasvad(g)<\/td>\n<td align=\"left\">6,2<\/td>\n<td align=\"left\">9,3<\/td>\n<\/tr>\n<tr>\n<td align=\"left\">..millest k\u00fcllast.(g)<\/td>\n<td align=\"left\">0,4<\/td>\n<td align=\"left\">0,7<\/td>\n<\/tr>\n<tr>\n<td align=\"left\">Kiudained (g)<\/td>\n<td align=\"left\">9,1<\/td>\n<td align=\"left\">13,6<\/td>\n<\/tr>\n<\/tbody>\n<\/table>\n<\/div>\n<p>&nbsp;<\/p>\n<p><strong>KOOSTISOSAD:<\/strong>\u00a0T\u00e4istera\u00a0<em>kiirkaerahelbed<\/em>,\u00a0<em>l\u00f5ssipulber<\/em>, h\u00fcdrol\u00fc\u00fcsitud kollageen, chia seemned, kanepiproteiin, er\u00fctritool (looduslik kalorivaba magusaine),\u00a0<em>vadakuvalgu kontsentraat<\/em>, k\u00fclmkuivatatud musts\u00f5star, maitse- ja l\u00f5hnaaine, magusaine stevioolgl\u00fckosiid (stevia).<\/p>\n<p>Soovid kaupa osta suuremas koguses? Vaata antud toodet ka meie HULGI poest\u00a0<a href=\"https:\/\/toidulisandidhulgi.ee\/product\/quick-protein-oats-kiirpudru-1kg\/\"><strong>SIIT<\/strong><\/a>!<\/p>\n","protected":false},"excerpt":{"rendered":"<p><strong>ICONFIT Quick Protein Oats on lihtsalt valmistatav tervislik puder \u2013 lisa vaid kuuma vett.\u00a0<\/strong>Selles pudrus on tasakaalustatud toitained, ~30% valku ja ka<strong>\u00a0p\u00e4evane vajalik kollageenikogus!\u00a0\u00a0<\/strong>Ei grammigi lisatud suhkrut ning<strong>\u00a0s<\/strong><strong>obib h\u00e4sti tervele perele.<\/strong>\u00a0Eestis v\u00e4lja arendatud ja toodetud!<\/p>\n<div class=\"fusion-li-item-content\">\n<ul>\n<li class=\"fusion-li-item-content\"><b>Tervislik ja tasakaalustatud retsept tervele perele. <\/b>Vajalik kogus valkusid, kiudaineid ja kollageeni. Ei grammigi lisatud suhkrut!<\/li>\n<li class=\"fusion-li-item-content\"><strong style=\"font-size: 14.4px;\">Eriti lihtne ja kiire valmistada.\u00a0<\/strong><span style=\"font-size: 14.4px;\">Sega tervislik pudrusegu kausis kuuma veega ja minut hiljem ongi valmis nautimiseks. T\u00e4itev ja tervislik k\u00f5hut\u00e4is kodus v\u00f5i kontoris.<\/span><\/li>\n<li class=\"fusion-li-item-content\"><strong style=\"font-size: 14.4px;\">Rikkalikult proteiini (~30%) ja kiudaineid,<\/strong><span style=\"font-size: 14.4px;\"> mis hoiavad k\u00f5hu h\u00e4sti ja maitsvalt t\u00e4is.<\/span><\/li>\n<li class=\"fusion-li-item-content\">\n<div class=\"fusion-li-item-content\"><strong style=\"font-size: 14.4px;\">Retseptis \u00fcle 10% Eesti kvaliteetseimat h\u00fcdrol\u00fc\u00fcsitud kollageeni.\u00a0<\/strong><span style=\"font-size: 14.4px;\">S\u00fc\u00fces p\u00e4evas v\u00e4hemalt 100g pudrusegu, saad kaetud ka oma 10g kollageenivajaduse.<\/span><\/div>\n<\/li>\n<li class=\"fusion-li-item-content\">\n<div class=\"fusion-li-item-content\"><strong style=\"font-size: 14.4px;\">Eestis v\u00e4lja arendatud ja toodetud!<\/strong><span style=\"font-size: 14.4px;\">\u00a0Saadaval kolm maitsvat pudru \u2013 \u0161okolaadi, musts\u00f5stra ja \u00f5una-kaneeli. Proovi ja vali oma lemmik.<\/span><\/div>\n<\/li>\n<\/ul>\n<\/div>\n","protected":false},"featured_media":54146,"comment_status":"closed","ping_status":"closed","template":"","meta":[],"product_brand":[],"product_cat":[1636,2351,1318,535,1454],"product_tag":[1681,2926,2927],"giftcard-category":[],"class_list":{"0":"post-54157","1":"product","2":"type-product","3":"status-publish","4":"has-post-thumbnail","6":"product_cat-collagen-en","7":"product_cat-fiber-en","8":"product_cat-iconfit-en","9":"product_cat-protein-poweders-en","10":"product_cat-superfoods-health-foods-en","11":"product_tag-iconfit-en","12":"product_tag-kiirpudru-en","13":"product_tag-quick-proatein-oats-en","14":"pa_maitse-apple-cinnamon","15":"pa_maitse-black-currant","16":"pa_maitse-chocolate","18":"first","19":"instock","20":"sale","21":"taxable","22":"shipping-taxable","23":"purchasable","24":"product-type-variable"},"yoast_head":"<!-- This site is optimized with the Yoast SEO plugin v27.3 - https:\/\/yoast.com\/product\/yoast-seo-wordpress\/ -->\n<title>Quick Protein Oats (1kg) - Kiirpudru - Litne Valmistada - Kiire Tarne - Fit360<\/title>\n<meta name=\"description\" content=\"ICONFIT Quick Protein Oats on lihtsalt valmistatav tervislik puder \u2013 lisa vaid kuuma vett.\u00a0Selles pudrus on tasakaalustatud toitained.\" \/>\n<meta name=\"robots\" content=\"index, follow, max-snippet:-1, max-image-preview:large, max-video-preview:-1\" \/>\n<link rel=\"canonical\" href=\"https:\/\/fit360.ee\/en\/pood\/product-groups\/superfoods-health-foods-en\/fiber-en\/quick-protein-oats-kiirpuder-1kg\/\" \/>\n<meta property=\"og:locale\" content=\"en_US\" \/>\n<meta property=\"og:type\" content=\"article\" \/>\n<meta property=\"og:title\" content=\"Quick Protein Oats (1kg) - Kiirpudru - Litne Valmistada - Kiire Tarne - Fit360\" \/>\n<meta property=\"og:description\" content=\"ICONFIT Quick Protein Oats on lihtsalt valmistatav tervislik puder \u2013 lisa vaid kuuma vett.\u00a0Selles pudrus on tasakaalustatud toitained.\" \/>\n<meta property=\"og:url\" content=\"https:\/\/fit360.ee\/en\/pood\/product-groups\/superfoods-health-foods-en\/fiber-en\/quick-protein-oats-kiirpuder-1kg\/\" \/>\n<meta property=\"og:site_name\" content=\"Fit360\" \/>\n<meta property=\"article:modified_time\" content=\"2026-03-16T14:50:46+00:00\" \/>\n<meta property=\"og:image\" content=\"https:\/\/fit360.ee\/wp-content\/uploads\/2021\/08\/quick-protein-oats-iconfit-fit360.ee_-1.jpg\" \/>\n\t<meta property=\"og:image:width\" content=\"1000\" \/>\n\t<meta property=\"og:image:height\" content=\"1000\" \/>\n\t<meta property=\"og:image:type\" content=\"image\/jpeg\" \/>\n<meta name=\"twitter:card\" content=\"summary_large_image\" \/>\n<meta name=\"twitter:label1\" content=\"Est. reading time\" \/>\n\t<meta name=\"twitter:data1\" content=\"2 minutes\" \/>\n<script type=\"application\/ld+json\" class=\"yoast-schema-graph\">{\"@context\":\"https:\\\/\\\/schema.org\",\"@graph\":[{\"@type\":\"WebPage\",\"@id\":\"https:\\\/\\\/fit360.ee\\\/en\\\/pood\\\/product-groups\\\/superfoods-health-foods-en\\\/fiber-en\\\/quick-protein-oats-kiirpuder-1kg\\\/\",\"url\":\"https:\\\/\\\/fit360.ee\\\/en\\\/pood\\\/product-groups\\\/superfoods-health-foods-en\\\/fiber-en\\\/quick-protein-oats-kiirpuder-1kg\\\/\",\"name\":\"Quick Protein Oats (1kg) - Kiirpudru - Litne Valmistada - Kiire Tarne - Fit360\",\"isPartOf\":{\"@id\":\"https:\\\/\\\/fit360.ee\\\/en\\\/#website\"},\"primaryImageOfPage\":{\"@id\":\"https:\\\/\\\/fit360.ee\\\/en\\\/pood\\\/product-groups\\\/superfoods-health-foods-en\\\/fiber-en\\\/quick-protein-oats-kiirpuder-1kg\\\/#primaryimage\"},\"image\":{\"@id\":\"https:\\\/\\\/fit360.ee\\\/en\\\/pood\\\/product-groups\\\/superfoods-health-foods-en\\\/fiber-en\\\/quick-protein-oats-kiirpuder-1kg\\\/#primaryimage\"},\"thumbnailUrl\":\"https:\\\/\\\/fit360.ee\\\/wp-content\\\/uploads\\\/2021\\\/08\\\/quick-protein-oats-iconfit-fit360.ee_-1.jpg\",\"datePublished\":\"2021-08-05T15:14:25+00:00\",\"dateModified\":\"2026-03-16T14:50:46+00:00\",\"description\":\"ICONFIT Quick Protein Oats on lihtsalt valmistatav tervislik puder \u2013 lisa vaid kuuma vett.\u00a0Selles pudrus on tasakaalustatud toitained.\",\"breadcrumb\":{\"@id\":\"https:\\\/\\\/fit360.ee\\\/en\\\/pood\\\/product-groups\\\/superfoods-health-foods-en\\\/fiber-en\\\/quick-protein-oats-kiirpuder-1kg\\\/#breadcrumb\"},\"inLanguage\":\"en-US\",\"potentialAction\":[{\"@type\":\"ReadAction\",\"target\":[\"https:\\\/\\\/fit360.ee\\\/en\\\/pood\\\/product-groups\\\/superfoods-health-foods-en\\\/fiber-en\\\/quick-protein-oats-kiirpuder-1kg\\\/\"]}]},{\"@type\":\"ImageObject\",\"inLanguage\":\"en-US\",\"@id\":\"https:\\\/\\\/fit360.ee\\\/en\\\/pood\\\/product-groups\\\/superfoods-health-foods-en\\\/fiber-en\\\/quick-protein-oats-kiirpuder-1kg\\\/#primaryimage\",\"url\":\"https:\\\/\\\/fit360.ee\\\/wp-content\\\/uploads\\\/2021\\\/08\\\/quick-protein-oats-iconfit-fit360.ee_-1.jpg\",\"contentUrl\":\"https:\\\/\\\/fit360.ee\\\/wp-content\\\/uploads\\\/2021\\\/08\\\/quick-protein-oats-iconfit-fit360.ee_-1.jpg\",\"width\":1000,\"height\":1000,\"caption\":\"quick protein oats iconfit - fit360.ee\"},{\"@type\":\"BreadcrumbList\",\"@id\":\"https:\\\/\\\/fit360.ee\\\/en\\\/pood\\\/product-groups\\\/superfoods-health-foods-en\\\/fiber-en\\\/quick-protein-oats-kiirpuder-1kg\\\/#breadcrumb\",\"itemListElement\":[{\"@type\":\"ListItem\",\"position\":1,\"name\":\"Home\",\"item\":\"https:\\\/\\\/fit360.ee\\\/en\\\/\"},{\"@type\":\"ListItem\",\"position\":2,\"name\":\"Shop\",\"item\":\"https:\\\/\\\/fit360.ee\\\/en\\\/shop\\\/\"},{\"@type\":\"ListItem\",\"position\":3,\"name\":\"Quick Protein Oats (Kiirpuder 1KG)\"}]},{\"@type\":\"WebSite\",\"@id\":\"https:\\\/\\\/fit360.ee\\\/en\\\/#website\",\"url\":\"https:\\\/\\\/fit360.ee\\\/en\\\/\",\"name\":\"Fit360\",\"description\":\"\",\"publisher\":{\"@id\":\"https:\\\/\\\/fit360.ee\\\/en\\\/#organization\"},\"potentialAction\":[{\"@type\":\"SearchAction\",\"target\":{\"@type\":\"EntryPoint\",\"urlTemplate\":\"https:\\\/\\\/fit360.ee\\\/en\\\/?s={search_term_string}\"},\"query-input\":{\"@type\":\"PropertyValueSpecification\",\"valueRequired\":true,\"valueName\":\"search_term_string\"}}],\"inLanguage\":\"en-US\"},{\"@type\":\"Organization\",\"@id\":\"https:\\\/\\\/fit360.ee\\\/en\\\/#organization\",\"name\":\"Fit360\",\"url\":\"https:\\\/\\\/fit360.ee\\\/en\\\/\",\"logo\":{\"@type\":\"ImageObject\",\"inLanguage\":\"en-US\",\"@id\":\"https:\\\/\\\/fit360.ee\\\/en\\\/#\\\/schema\\\/logo\\\/image\\\/\",\"url\":\"https:\\\/\\\/fit360.ee\\\/wp-content\\\/uploads\\\/2017\\\/01\\\/logo-fit360.png\",\"contentUrl\":\"https:\\\/\\\/fit360.ee\\\/wp-content\\\/uploads\\\/2017\\\/01\\\/logo-fit360.png\",\"width\":180,\"height\":66,\"caption\":\"Fit360\"},\"image\":{\"@id\":\"https:\\\/\\\/fit360.ee\\\/en\\\/#\\\/schema\\\/logo\\\/image\\\/\"}}]}<\/script>\n<!-- \/ Yoast SEO plugin. -->","yoast_head_json":{"title":"Quick Protein Oats (1kg) - Kiirpudru - Litne Valmistada - Kiire Tarne - Fit360","description":"ICONFIT Quick Protein Oats on lihtsalt valmistatav tervislik puder \u2013 lisa vaid kuuma vett.\u00a0Selles pudrus on tasakaalustatud toitained.","robots":{"index":"index","follow":"follow","max-snippet":"max-snippet:-1","max-image-preview":"max-image-preview:large","max-video-preview":"max-video-preview:-1"},"canonical":"https:\/\/fit360.ee\/en\/pood\/product-groups\/superfoods-health-foods-en\/fiber-en\/quick-protein-oats-kiirpuder-1kg\/","og_locale":"en_US","og_type":"article","og_title":"Quick Protein Oats (1kg) - Kiirpudru - Litne Valmistada - Kiire Tarne - Fit360","og_description":"ICONFIT Quick Protein Oats on lihtsalt valmistatav tervislik puder \u2013 lisa vaid kuuma vett.\u00a0Selles pudrus on tasakaalustatud toitained.","og_url":"https:\/\/fit360.ee\/en\/pood\/product-groups\/superfoods-health-foods-en\/fiber-en\/quick-protein-oats-kiirpuder-1kg\/","og_site_name":"Fit360","article_modified_time":"2026-03-16T14:50:46+00:00","og_image":[{"width":1000,"height":1000,"url":"https:\/\/fit360.ee\/wp-content\/uploads\/2021\/08\/quick-protein-oats-iconfit-fit360.ee_-1.jpg","type":"image\/jpeg"}],"twitter_card":"summary_large_image","twitter_misc":{"Est. reading time":"2 minutes"},"schema":{"@context":"https:\/\/schema.org","@graph":[{"@type":"WebPage","@id":"https:\/\/fit360.ee\/en\/pood\/product-groups\/superfoods-health-foods-en\/fiber-en\/quick-protein-oats-kiirpuder-1kg\/","url":"https:\/\/fit360.ee\/en\/pood\/product-groups\/superfoods-health-foods-en\/fiber-en\/quick-protein-oats-kiirpuder-1kg\/","name":"Quick Protein Oats (1kg) - Kiirpudru - Litne Valmistada - Kiire Tarne - Fit360","isPartOf":{"@id":"https:\/\/fit360.ee\/en\/#website"},"primaryImageOfPage":{"@id":"https:\/\/fit360.ee\/en\/pood\/product-groups\/superfoods-health-foods-en\/fiber-en\/quick-protein-oats-kiirpuder-1kg\/#primaryimage"},"image":{"@id":"https:\/\/fit360.ee\/en\/pood\/product-groups\/superfoods-health-foods-en\/fiber-en\/quick-protein-oats-kiirpuder-1kg\/#primaryimage"},"thumbnailUrl":"https:\/\/fit360.ee\/wp-content\/uploads\/2021\/08\/quick-protein-oats-iconfit-fit360.ee_-1.jpg","datePublished":"2021-08-05T15:14:25+00:00","dateModified":"2026-03-16T14:50:46+00:00","description":"ICONFIT Quick Protein Oats on lihtsalt valmistatav tervislik puder \u2013 lisa vaid kuuma vett.\u00a0Selles pudrus on tasakaalustatud toitained.","breadcrumb":{"@id":"https:\/\/fit360.ee\/en\/pood\/product-groups\/superfoods-health-foods-en\/fiber-en\/quick-protein-oats-kiirpuder-1kg\/#breadcrumb"},"inLanguage":"en-US","potentialAction":[{"@type":"ReadAction","target":["https:\/\/fit360.ee\/en\/pood\/product-groups\/superfoods-health-foods-en\/fiber-en\/quick-protein-oats-kiirpuder-1kg\/"]}]},{"@type":"ImageObject","inLanguage":"en-US","@id":"https:\/\/fit360.ee\/en\/pood\/product-groups\/superfoods-health-foods-en\/fiber-en\/quick-protein-oats-kiirpuder-1kg\/#primaryimage","url":"https:\/\/fit360.ee\/wp-content\/uploads\/2021\/08\/quick-protein-oats-iconfit-fit360.ee_-1.jpg","contentUrl":"https:\/\/fit360.ee\/wp-content\/uploads\/2021\/08\/quick-protein-oats-iconfit-fit360.ee_-1.jpg","width":1000,"height":1000,"caption":"quick protein oats iconfit - fit360.ee"},{"@type":"BreadcrumbList","@id":"https:\/\/fit360.ee\/en\/pood\/product-groups\/superfoods-health-foods-en\/fiber-en\/quick-protein-oats-kiirpuder-1kg\/#breadcrumb","itemListElement":[{"@type":"ListItem","position":1,"name":"Home","item":"https:\/\/fit360.ee\/en\/"},{"@type":"ListItem","position":2,"name":"Shop","item":"https:\/\/fit360.ee\/en\/shop\/"},{"@type":"ListItem","position":3,"name":"Quick Protein Oats (Kiirpuder 1KG)"}]},{"@type":"WebSite","@id":"https:\/\/fit360.ee\/en\/#website","url":"https:\/\/fit360.ee\/en\/","name":"Fit360","description":"","publisher":{"@id":"https:\/\/fit360.ee\/en\/#organization"},"potentialAction":[{"@type":"SearchAction","target":{"@type":"EntryPoint","urlTemplate":"https:\/\/fit360.ee\/en\/?s={search_term_string}"},"query-input":{"@type":"PropertyValueSpecification","valueRequired":true,"valueName":"search_term_string"}}],"inLanguage":"en-US"},{"@type":"Organization","@id":"https:\/\/fit360.ee\/en\/#organization","name":"Fit360","url":"https:\/\/fit360.ee\/en\/","logo":{"@type":"ImageObject","inLanguage":"en-US","@id":"https:\/\/fit360.ee\/en\/#\/schema\/logo\/image\/","url":"https:\/\/fit360.ee\/wp-content\/uploads\/2017\/01\/logo-fit360.png","contentUrl":"https:\/\/fit360.ee\/wp-content\/uploads\/2017\/01\/logo-fit360.png","width":180,"height":66,"caption":"Fit360"},"image":{"@id":"https:\/\/fit360.ee\/en\/#\/schema\/logo\/image\/"}}]}},"_links":{"self":[{"href":"https:\/\/fit360.ee\/en\/wp-json\/wp\/v2\/product\/54157","targetHints":{"allow":["GET"]}}],"collection":[{"href":"https:\/\/fit360.ee\/en\/wp-json\/wp\/v2\/product"}],"about":[{"href":"https:\/\/fit360.ee\/en\/wp-json\/wp\/v2\/types\/product"}],"replies":[{"embeddable":true,"href":"https:\/\/fit360.ee\/en\/wp-json\/wp\/v2\/comments?post=54157"}],"wp:featuredmedia":[{"embeddable":true,"href":"https:\/\/fit360.ee\/en\/wp-json\/wp\/v2\/media\/54146"}],"wp:attachment":[{"href":"https:\/\/fit360.ee\/en\/wp-json\/wp\/v2\/media?parent=54157"}],"wp:term":[{"taxonomy":"product_brand","embeddable":true,"href":"https:\/\/fit360.ee\/en\/wp-json\/wp\/v2\/product_brand?post=54157"},{"taxonomy":"product_cat","embeddable":true,"href":"https:\/\/fit360.ee\/en\/wp-json\/wp\/v2\/product_cat?post=54157"},{"taxonomy":"product_tag","embeddable":true,"href":"https:\/\/fit360.ee\/en\/wp-json\/wp\/v2\/product_tag?post=54157"},{"taxonomy":"giftcard-category","embeddable":true,"href":"https:\/\/fit360.ee\/en\/wp-json\/wp\/v2\/giftcard-category?post=54157"}],"curies":[{"name":"wp","href":"https:\/\/api.w.org\/{rel}","templated":true}]}}