{"id":54406,"date":"2021-08-14T10:48:50","date_gmt":"2021-08-14T08:48:50","guid":{"rendered":"https:\/\/fit360.ee\/pood\/uncategorized\/melatoniin-spray-30ml\/"},"modified":"2025-08-19T08:49:00","modified_gmt":"2025-08-19T06:49:00","slug":"melatoniin-spray-30ml","status":"publish","type":"product","link":"https:\/\/fit360.ee\/en\/pood\/product-groups\/sleep-enhancers-en\/melatonin-en\/melatoniin-spray-30ml\/","title":{"rendered":"Melatoniin spray (30 ml)"},"content":{"rendered":"<h1><strong>Melatoniin<\/strong><\/h1>\n<p><strong>Melatoniin<\/strong>\u00a0on kehaomane hormoon, mille p\u00f5hifunktsioon on une-\u00e4rkveloleku r\u00fctmi reguleerimine. Selle s\u00fcntees toimub eesk\u00e4tt \u00f6\u00f6sel, sest pimedus stimuleerib melatoniini tootmist.\u00a0 Keha melatoniinitase hakkab suurenema hilis\u00f5htul, saavutades maksimumi umbes kella 2-4 vahel \u00f6\u00f6sel, millele j\u00e4rgneb langus. P\u00e4eval on melatoniinitase v\u00e4ga madal.<\/p>\n<p>Melatoniini olulisest rollist meie une kvaliteedi ja \u00f6\u00f6p\u00e4evare\u017eiimi reguleerimises on juttu olnud juba eelmise sajandi keskpaigast. Melatoniini und soodustavatele omadustele viitab melatoniini teine nimigi: \u201cunehormoon\u201d. Sageli kutsutakse melatoniini ka \u201cpimeduse hormooniks\u201d, kuna seda tekib kehas k\u00f5ige rohkem \u00f6\u00f6ajal. Sellel t\u00e4htsal hormoonil on kehas t\u00e4ita oluline roll \u00f6\u00f6- ja p\u00e4eva vaheldumise t\u00f5lgendamises ning meie une kvaliteedi m\u00e4\u00e4ramises.<\/p>\n<p>V\u00f5ib tunduda m\u00f5neti ootamatu, et ka meie toit melatoniini sisaldab, aga ometi leidub melatoniini p\u00e4ris suures hulgas toiduainetes. Samuti sisaldavad paljud toiduained n-\u00f6 melatoniini \u201calgmaterjali\u201d (tr\u00fcptofaani), millest meie keha unehormooni toodab ja ka mitmeid \u201cabimaterjale\u201d (nt. B-vitamiinid), millest oleneb, kui h\u00e4sti melatoniini toime organismis m\u00f5jule p\u00e4\u00e4seb. Melatoniini tootmiseks vajalike \u201cabimaterjalide\u201d olulisust on uuringutega tuvastatud \u2013 teatavate\u00a0<a href=\"https:\/\/fit360.ee\/en\/product-category\/product-groups\/vitamins-and-minerals-en\/b-vitamin-en\/\"><strong>B-grupi vitamiinide<\/strong><\/a>\u00a0ja mineraalide puudus kehas v\u00f5ib m\u00f5jutada ka melatoniini tootmist ja halvendada seel\u00e4bi une kvaliteeti.<\/p>\n<p>Muidugi tuleb tunnistada, et v\u00f5rreldes valguse-pimeduse ts\u00fckliga on toiduainete m\u00f5ju melatoniini tootmisele ja selle tasemele kehas tunduvalt v\u00e4iksem. Selline asjade korraldus tundub ka loogiline, kuid toiduainetel on m\u00f5ju meie uinumiskiirusele ja une kvaliteedile siiski t\u00e4iesti olemas.<\/p>\n<h3><strong>Unehormoon<\/strong><\/h3>\n<p>Keha \u00e4rkvelolekur\u00fctm s\u00f5ltub valgusest, \u00e4rkvelolekuajast ja muudest m\u00f5jutajatest. Ajus n\u00e4gemisn\u00e4rvide ristumiskohas asub tuum, kus toimub keha \u00f6\u00f6p\u00e4evaste r\u00fctmide koosk\u00f5lastamine ja sobitamine. Keha \u00e4rksuse r\u00fctmiga on l\u00e4hedases seoses kehatemperatuuri t\u00f5usu ja languse r\u00fctm.<\/p>\n<p>Melatoniini eritumine aju k\u00e4bikehast toimub \u00f6\u00f6sel, pimeda ajal \u2013 uneajal. Ere valgus peatab melatoniini eritumise. Melatoniini toime pole t\u00e4pselt teada, kuid arvatavalt v\u00e4hendab see suprakiasmaatilisest tuumast l\u00e4htuvat \u00e4rksuse tungi.<\/p>\n<p>Sissev\u00f5etavana on melatoniinil und soodustav toime tugevaim p\u00e4evaajal, mil melatoniini seerumitase on madal. Unestaadiume see ei muuda, osal juhtudel muudab une kosutavamaks, suurendab REM- ehk unen\u00e4gude une hulka.<\/p>\n<p>S\u00f5ltuvalt sissev\u00f5tmise kellaajast nihutab melatoniin uneaega kas ette v\u00f5i taha. Melatoniin toimib antioks\u00fcdandi, immuunsuse stimulaatori ja neuroprotektorina, omades ka n\u00f5rka verer\u00f5hku ja kehatemperatuuri alandavat toimet.<\/p>\n<p><strong>Koostisosad<\/strong>: gl\u00fctserool (t\u00e4iteaine); puhastatud vesi, melatoniin.<\/p>\n<p>Toode v\u00f5ib sisaldada piima (sh laktoosi), soja, maap\u00e4hkleid, muid p\u00e4hkleid, seesamiseemneid, gluteeni sisaldavaid teravilju, mune, koorikloomi, kala.<\/p>\n<h4><strong>OstroVit Pharma Melatoniin (30ml) sprei<\/strong><\/h4>\n<p>Melatoniin, mida nimetatakse ka unehormooniks, kontrollib teie \u00f6\u00f6p\u00e4evast r\u00fctmi. Selle olulise aine maksimaalse, organismis looduslikult esineva taseme saavutab keha pimeduse saabudes, siis, kui melatoniin tagab teile tugeva une. Kahjuks langeb vananedes melatoniini tase ja p\u00f5hjustab mitmeid uneh\u00e4ireid, nagu unetus, kerge uni, sagedane \u00e4rkamine \u00f6\u00f6sel.<\/p>\n<p>Uneprobleemide lahenduseks v\u00f5ib olla metaloniin toidulisandina. See on lihtsaim ja kiireim viis selle v\u00e4\u00e4rtusliku hormooni puuduse k\u00f5rvaldamiseks.<\/p>\n<p>Sprei on selleks mugav lahendus.<\/p>\n<p><strong>Melatoniin on teile vajalik, kui&#8230;<\/strong><\/p>\n<ul>\n<li>Teil on probleeme magamisega<\/li>\n<li>\u00e4rkate \u00f6\u00f6sel sagedasti \u00fcle<\/li>\n<li>ei saa puhata ja olete tihti \u00e4rritunud<\/li>\n<li>reisite ja te ei suuda ajav\u00f6\u00f6ndi muutmisega harjuda<\/li>\n<li>eil on vahetustega t\u00f6\u00f6 ja see p\u00f5hjustab uinumisprobleeme<\/li>\n<\/ul>\n<p>Toitumisalane teave:<\/p>\n<table>\n<tbody>\n<tr>\n<th>Koostisosad<\/th>\n<th>1 pihustus<\/th>\n<\/tr>\n<tr>\n<td>Melatoniin<\/td>\n<td>1 mg<\/td>\n<\/tr>\n<\/tbody>\n<\/table>\n<p><strong>Suurus<\/strong>: 30 ml<br \/>\n<strong>Portsjoneid kokku<\/strong>: 276<br \/>\n<strong>Portsjoni suurus<\/strong>: 1 pihustus (1mg melatoniini)<\/p>\n<p><strong>Kasutamine<\/strong>: <strong>1 pihustus 30 minutit enne magamaminekut<\/strong>.<\/p>\n<p><strong>NB! Toode ei asenda mitmek\u00fclgset toitumist. Hoida lastele k\u00e4ttesaamatus kohas.<\/strong><\/p>\n<p>Enne kasutamist loksutada. Toidulisandit on soovitatav pihustada keele alla.\u00a0K\u00f5ige parem on, kui tarbite melatoniini vahetult enne magamaminekut 1 mg v\u00f5i esimesel reisip\u00e4eval vahetult enne magamaminekut 0,5 mg ja veel paar p\u00e4eva p\u00e4rast sihtkohta saabumist.<\/p>\n<p>\u00c4rge \u00fcletage soovitatud kogust. Toidulisandit ei saa kasutada mitmekesise toitumise asendajana. Soovitatav on tasakaalustatud toitumine ja tervislik eluviis. \u00c4rge s\u00f6\u00f6ge, kui olete toote m\u00f5ne koostisosa suhtes allergiline. Hoida lastele k\u00e4ttesaamatus kohas. Toode on m\u00f5eldud t\u00e4iskasvanutele!<\/p>\n<p>Vaata ka meie Teisi Melatoniini tooteid <a href=\"https:\/\/fit360.ee\/en\/product-category\/product-groups\/sleep-enhancers-en\/melatonin-en\/\"><strong>SIIT<\/strong><\/a> v\u00f5i Und toetavaid Toidulisandeid <a href=\"https:\/\/fit360.ee\/en\/product-category\/product-groups\/sleep-enhancers-en\/\"><strong>SIIT<\/strong><\/a>!<\/p>\n<p>Soovid kaupa osta suuremas koguses? Vaata antud toodet ka meie HULGI poest\u00a0<a href=\"https:\/\/toidulisandidhulgi.ee\/product\/melatoniin-spray-30ml\/\"><strong>SIIT<\/strong><\/a>!<\/p>\n","protected":false},"excerpt":{"rendered":"<p><strong>Melatoniin on teile vajalik, kui&#8230;<\/strong><\/p>\n<ul>\n<li>Teil on probleeme magamisega<\/li>\n<li>\u00e4rkate \u00f6\u00f6sel sagedasti \u00fcle<\/li>\n<li>ei saa puhata ja olete tihti \u00e4rritunud<\/li>\n<li>reisite ja te ei suuda ajav\u00f6\u00f6ndi muutmisega harjuda<\/li>\n<li>eil on vahetustega t\u00f6\u00f6 ja see p\u00f5hjustab uinumisprobleeme<\/li>\n<\/ul>\n","protected":false},"featured_media":54405,"comment_status":"closed","ping_status":"closed","template":"","meta":[],"product_brand":[],"product_cat":[2480,1329,2476],"product_tag":[2992,2007,1924,2993,2994],"giftcard-category":[],"class_list":{"0":"post-54406","1":"product","2":"type-product","3":"status-publish","4":"has-post-thumbnail","6":"product_cat-melatonin-en","7":"product_cat-ostrovit-en","8":"product_cat-sleep-enhancers-en","9":"product_tag-melatoniin-en","10":"product_tag-melatonin-en","11":"product_tag-ostrovit-en","12":"product_tag-sprei-en","13":"product_tag-uni-en","14":"pa_kogus-30ml-en","15":"pa_toidulisand-branddd-ostrovit","16":"pa_tootegruppp-melatoniin-en","17":"pa_tootegruppp-uni-en","19":"first","20":"outofstock","21":"sale","22":"taxable","23":"shipping-taxable","24":"purchasable","25":"product-type-simple"},"yoast_head":"<!-- This site is optimized with the Yoast SEO plugin v27.3 - https:\/\/yoast.com\/product\/yoast-seo-wordpress\/ -->\n<title>Melatoniin spray (30 ml) - Parem uni - Toidulisand unele - Kiire Tarne<\/title>\n<meta name=\"description\" content=\"Melatoniin on kehaomane hormoon, mille p\u00f5hifunktsioon on une-\u00e4rkveloleku r\u00fctmi reguleerimine. Selle s\u00fcntees toimub eesk\u00e4tt \u00f6\u00f6sel.\" \/>\n<meta name=\"robots\" content=\"index, follow, max-snippet:-1, max-image-preview:large, max-video-preview:-1\" \/>\n<link rel=\"canonical\" href=\"https:\/\/fit360.ee\/en\/pood\/product-groups\/sleep-enhancers-en\/melatonin-en\/melatoniin-spray-30ml\/\" \/>\n<meta property=\"og:locale\" content=\"en_US\" \/>\n<meta property=\"og:type\" content=\"article\" \/>\n<meta property=\"og:title\" content=\"Melatoniin spray (30 ml) - Parem uni - Toidulisand unele - Kiire Tarne\" \/>\n<meta property=\"og:description\" content=\"Melatoniin on kehaomane hormoon, mille p\u00f5hifunktsioon on une-\u00e4rkveloleku r\u00fctmi reguleerimine. Selle s\u00fcntees toimub eesk\u00e4tt \u00f6\u00f6sel.\" \/>\n<meta property=\"og:url\" content=\"https:\/\/fit360.ee\/en\/pood\/product-groups\/sleep-enhancers-en\/melatonin-en\/melatoniin-spray-30ml\/\" \/>\n<meta property=\"og:site_name\" content=\"Fit360\" \/>\n<meta property=\"article:modified_time\" content=\"2025-08-19T06:49:00+00:00\" \/>\n<meta property=\"og:image\" content=\"https:\/\/fit360.ee\/wp-content\/uploads\/2021\/08\/melatoniin-spray-fit360.ee_.png\" \/>\n\t<meta property=\"og:image:width\" content=\"510\" \/>\n\t<meta property=\"og:image:height\" content=\"510\" \/>\n\t<meta property=\"og:image:type\" content=\"image\/png\" \/>\n<meta name=\"twitter:card\" content=\"summary_large_image\" \/>\n<meta name=\"twitter:label1\" content=\"Est. reading time\" \/>\n\t<meta name=\"twitter:data1\" content=\"3 minutes\" \/>\n<script type=\"application\/ld+json\" class=\"yoast-schema-graph\">{\"@context\":\"https:\\\/\\\/schema.org\",\"@graph\":[{\"@type\":\"WebPage\",\"@id\":\"https:\\\/\\\/fit360.ee\\\/en\\\/pood\\\/product-groups\\\/sleep-enhancers-en\\\/melatonin-en\\\/melatoniin-spray-30ml\\\/\",\"url\":\"https:\\\/\\\/fit360.ee\\\/en\\\/pood\\\/product-groups\\\/sleep-enhancers-en\\\/melatonin-en\\\/melatoniin-spray-30ml\\\/\",\"name\":\"Melatoniin spray (30 ml) - Parem uni - Toidulisand unele - Kiire Tarne\",\"isPartOf\":{\"@id\":\"https:\\\/\\\/fit360.ee\\\/en\\\/#website\"},\"primaryImageOfPage\":{\"@id\":\"https:\\\/\\\/fit360.ee\\\/en\\\/pood\\\/product-groups\\\/sleep-enhancers-en\\\/melatonin-en\\\/melatoniin-spray-30ml\\\/#primaryimage\"},\"image\":{\"@id\":\"https:\\\/\\\/fit360.ee\\\/en\\\/pood\\\/product-groups\\\/sleep-enhancers-en\\\/melatonin-en\\\/melatoniin-spray-30ml\\\/#primaryimage\"},\"thumbnailUrl\":\"https:\\\/\\\/fit360.ee\\\/wp-content\\\/uploads\\\/2021\\\/08\\\/melatoniin-spray-fit360.ee_.png\",\"datePublished\":\"2021-08-14T08:48:50+00:00\",\"dateModified\":\"2025-08-19T06:49:00+00:00\",\"description\":\"Melatoniin on kehaomane hormoon, mille p\u00f5hifunktsioon on une-\u00e4rkveloleku r\u00fctmi reguleerimine. Selle s\u00fcntees toimub eesk\u00e4tt \u00f6\u00f6sel.\",\"breadcrumb\":{\"@id\":\"https:\\\/\\\/fit360.ee\\\/en\\\/pood\\\/product-groups\\\/sleep-enhancers-en\\\/melatonin-en\\\/melatoniin-spray-30ml\\\/#breadcrumb\"},\"inLanguage\":\"en-US\",\"potentialAction\":[{\"@type\":\"ReadAction\",\"target\":[\"https:\\\/\\\/fit360.ee\\\/en\\\/pood\\\/product-groups\\\/sleep-enhancers-en\\\/melatonin-en\\\/melatoniin-spray-30ml\\\/\"]}]},{\"@type\":\"ImageObject\",\"inLanguage\":\"en-US\",\"@id\":\"https:\\\/\\\/fit360.ee\\\/en\\\/pood\\\/product-groups\\\/sleep-enhancers-en\\\/melatonin-en\\\/melatoniin-spray-30ml\\\/#primaryimage\",\"url\":\"https:\\\/\\\/fit360.ee\\\/wp-content\\\/uploads\\\/2021\\\/08\\\/melatoniin-spray-fit360.ee_.png\",\"contentUrl\":\"https:\\\/\\\/fit360.ee\\\/wp-content\\\/uploads\\\/2021\\\/08\\\/melatoniin-spray-fit360.ee_.png\",\"width\":510,\"height\":510,\"caption\":\"melatoniin spray - fit360.ee\"},{\"@type\":\"BreadcrumbList\",\"@id\":\"https:\\\/\\\/fit360.ee\\\/en\\\/pood\\\/product-groups\\\/sleep-enhancers-en\\\/melatonin-en\\\/melatoniin-spray-30ml\\\/#breadcrumb\",\"itemListElement\":[{\"@type\":\"ListItem\",\"position\":1,\"name\":\"Home\",\"item\":\"https:\\\/\\\/fit360.ee\\\/en\\\/\"},{\"@type\":\"ListItem\",\"position\":2,\"name\":\"Shop\",\"item\":\"https:\\\/\\\/fit360.ee\\\/en\\\/shop\\\/\"},{\"@type\":\"ListItem\",\"position\":3,\"name\":\"Melatoniin spray (30 ml)\"}]},{\"@type\":\"WebSite\",\"@id\":\"https:\\\/\\\/fit360.ee\\\/en\\\/#website\",\"url\":\"https:\\\/\\\/fit360.ee\\\/en\\\/\",\"name\":\"Fit360\",\"description\":\"\",\"publisher\":{\"@id\":\"https:\\\/\\\/fit360.ee\\\/en\\\/#organization\"},\"potentialAction\":[{\"@type\":\"SearchAction\",\"target\":{\"@type\":\"EntryPoint\",\"urlTemplate\":\"https:\\\/\\\/fit360.ee\\\/en\\\/?s={search_term_string}\"},\"query-input\":{\"@type\":\"PropertyValueSpecification\",\"valueRequired\":true,\"valueName\":\"search_term_string\"}}],\"inLanguage\":\"en-US\"},{\"@type\":\"Organization\",\"@id\":\"https:\\\/\\\/fit360.ee\\\/en\\\/#organization\",\"name\":\"Fit360\",\"url\":\"https:\\\/\\\/fit360.ee\\\/en\\\/\",\"logo\":{\"@type\":\"ImageObject\",\"inLanguage\":\"en-US\",\"@id\":\"https:\\\/\\\/fit360.ee\\\/en\\\/#\\\/schema\\\/logo\\\/image\\\/\",\"url\":\"https:\\\/\\\/fit360.ee\\\/wp-content\\\/uploads\\\/2017\\\/01\\\/logo-fit360.png\",\"contentUrl\":\"https:\\\/\\\/fit360.ee\\\/wp-content\\\/uploads\\\/2017\\\/01\\\/logo-fit360.png\",\"width\":180,\"height\":66,\"caption\":\"Fit360\"},\"image\":{\"@id\":\"https:\\\/\\\/fit360.ee\\\/en\\\/#\\\/schema\\\/logo\\\/image\\\/\"}}]}<\/script>\n<!-- \/ Yoast SEO plugin. -->","yoast_head_json":{"title":"Melatoniin spray (30 ml) - Parem uni - Toidulisand unele - Kiire Tarne","description":"Melatoniin on kehaomane hormoon, mille p\u00f5hifunktsioon on une-\u00e4rkveloleku r\u00fctmi reguleerimine. Selle s\u00fcntees toimub eesk\u00e4tt \u00f6\u00f6sel.","robots":{"index":"index","follow":"follow","max-snippet":"max-snippet:-1","max-image-preview":"max-image-preview:large","max-video-preview":"max-video-preview:-1"},"canonical":"https:\/\/fit360.ee\/en\/pood\/product-groups\/sleep-enhancers-en\/melatonin-en\/melatoniin-spray-30ml\/","og_locale":"en_US","og_type":"article","og_title":"Melatoniin spray (30 ml) - Parem uni - Toidulisand unele - Kiire Tarne","og_description":"Melatoniin on kehaomane hormoon, mille p\u00f5hifunktsioon on une-\u00e4rkveloleku r\u00fctmi reguleerimine. Selle s\u00fcntees toimub eesk\u00e4tt \u00f6\u00f6sel.","og_url":"https:\/\/fit360.ee\/en\/pood\/product-groups\/sleep-enhancers-en\/melatonin-en\/melatoniin-spray-30ml\/","og_site_name":"Fit360","article_modified_time":"2025-08-19T06:49:00+00:00","og_image":[{"width":510,"height":510,"url":"https:\/\/fit360.ee\/wp-content\/uploads\/2021\/08\/melatoniin-spray-fit360.ee_.png","type":"image\/png"}],"twitter_card":"summary_large_image","twitter_misc":{"Est. reading time":"3 minutes"},"schema":{"@context":"https:\/\/schema.org","@graph":[{"@type":"WebPage","@id":"https:\/\/fit360.ee\/en\/pood\/product-groups\/sleep-enhancers-en\/melatonin-en\/melatoniin-spray-30ml\/","url":"https:\/\/fit360.ee\/en\/pood\/product-groups\/sleep-enhancers-en\/melatonin-en\/melatoniin-spray-30ml\/","name":"Melatoniin spray (30 ml) - Parem uni - Toidulisand unele - Kiire Tarne","isPartOf":{"@id":"https:\/\/fit360.ee\/en\/#website"},"primaryImageOfPage":{"@id":"https:\/\/fit360.ee\/en\/pood\/product-groups\/sleep-enhancers-en\/melatonin-en\/melatoniin-spray-30ml\/#primaryimage"},"image":{"@id":"https:\/\/fit360.ee\/en\/pood\/product-groups\/sleep-enhancers-en\/melatonin-en\/melatoniin-spray-30ml\/#primaryimage"},"thumbnailUrl":"https:\/\/fit360.ee\/wp-content\/uploads\/2021\/08\/melatoniin-spray-fit360.ee_.png","datePublished":"2021-08-14T08:48:50+00:00","dateModified":"2025-08-19T06:49:00+00:00","description":"Melatoniin on kehaomane hormoon, mille p\u00f5hifunktsioon on une-\u00e4rkveloleku r\u00fctmi reguleerimine. Selle s\u00fcntees toimub eesk\u00e4tt \u00f6\u00f6sel.","breadcrumb":{"@id":"https:\/\/fit360.ee\/en\/pood\/product-groups\/sleep-enhancers-en\/melatonin-en\/melatoniin-spray-30ml\/#breadcrumb"},"inLanguage":"en-US","potentialAction":[{"@type":"ReadAction","target":["https:\/\/fit360.ee\/en\/pood\/product-groups\/sleep-enhancers-en\/melatonin-en\/melatoniin-spray-30ml\/"]}]},{"@type":"ImageObject","inLanguage":"en-US","@id":"https:\/\/fit360.ee\/en\/pood\/product-groups\/sleep-enhancers-en\/melatonin-en\/melatoniin-spray-30ml\/#primaryimage","url":"https:\/\/fit360.ee\/wp-content\/uploads\/2021\/08\/melatoniin-spray-fit360.ee_.png","contentUrl":"https:\/\/fit360.ee\/wp-content\/uploads\/2021\/08\/melatoniin-spray-fit360.ee_.png","width":510,"height":510,"caption":"melatoniin spray - fit360.ee"},{"@type":"BreadcrumbList","@id":"https:\/\/fit360.ee\/en\/pood\/product-groups\/sleep-enhancers-en\/melatonin-en\/melatoniin-spray-30ml\/#breadcrumb","itemListElement":[{"@type":"ListItem","position":1,"name":"Home","item":"https:\/\/fit360.ee\/en\/"},{"@type":"ListItem","position":2,"name":"Shop","item":"https:\/\/fit360.ee\/en\/shop\/"},{"@type":"ListItem","position":3,"name":"Melatoniin spray (30 ml)"}]},{"@type":"WebSite","@id":"https:\/\/fit360.ee\/en\/#website","url":"https:\/\/fit360.ee\/en\/","name":"Fit360","description":"","publisher":{"@id":"https:\/\/fit360.ee\/en\/#organization"},"potentialAction":[{"@type":"SearchAction","target":{"@type":"EntryPoint","urlTemplate":"https:\/\/fit360.ee\/en\/?s={search_term_string}"},"query-input":{"@type":"PropertyValueSpecification","valueRequired":true,"valueName":"search_term_string"}}],"inLanguage":"en-US"},{"@type":"Organization","@id":"https:\/\/fit360.ee\/en\/#organization","name":"Fit360","url":"https:\/\/fit360.ee\/en\/","logo":{"@type":"ImageObject","inLanguage":"en-US","@id":"https:\/\/fit360.ee\/en\/#\/schema\/logo\/image\/","url":"https:\/\/fit360.ee\/wp-content\/uploads\/2017\/01\/logo-fit360.png","contentUrl":"https:\/\/fit360.ee\/wp-content\/uploads\/2017\/01\/logo-fit360.png","width":180,"height":66,"caption":"Fit360"},"image":{"@id":"https:\/\/fit360.ee\/en\/#\/schema\/logo\/image\/"}}]}},"_links":{"self":[{"href":"https:\/\/fit360.ee\/en\/wp-json\/wp\/v2\/product\/54406","targetHints":{"allow":["GET"]}}],"collection":[{"href":"https:\/\/fit360.ee\/en\/wp-json\/wp\/v2\/product"}],"about":[{"href":"https:\/\/fit360.ee\/en\/wp-json\/wp\/v2\/types\/product"}],"replies":[{"embeddable":true,"href":"https:\/\/fit360.ee\/en\/wp-json\/wp\/v2\/comments?post=54406"}],"wp:featuredmedia":[{"embeddable":true,"href":"https:\/\/fit360.ee\/en\/wp-json\/wp\/v2\/media\/54405"}],"wp:attachment":[{"href":"https:\/\/fit360.ee\/en\/wp-json\/wp\/v2\/media?parent=54406"}],"wp:term":[{"taxonomy":"product_brand","embeddable":true,"href":"https:\/\/fit360.ee\/en\/wp-json\/wp\/v2\/product_brand?post=54406"},{"taxonomy":"product_cat","embeddable":true,"href":"https:\/\/fit360.ee\/en\/wp-json\/wp\/v2\/product_cat?post=54406"},{"taxonomy":"product_tag","embeddable":true,"href":"https:\/\/fit360.ee\/en\/wp-json\/wp\/v2\/product_tag?post=54406"},{"taxonomy":"giftcard-category","embeddable":true,"href":"https:\/\/fit360.ee\/en\/wp-json\/wp\/v2\/giftcard-category?post=54406"}],"curies":[{"name":"wp","href":"https:\/\/api.w.org\/{rel}","templated":true}]}}