{"id":55487,"date":"2021-08-24T12:12:50","date_gmt":"2021-08-24T10:12:50","guid":{"rendered":"https:\/\/fit360.ee\/pood\/uncategorized\/dymatize-iso100-hydrolyzed-2200g\/"},"modified":"2025-12-09T15:54:23","modified_gmt":"2025-12-09T13:54:23","slug":"dymatize-iso100-hydrolyzed-2200g","status":"publish","type":"product","link":"https:\/\/fit360.ee\/en\/pood\/product-groups\/protein-poweders-en\/whey-protein-en\/dymatize-iso100-hydrolyzed-2200g\/","title":{"rendered":"Dymatize Iso100 Hydrolyzed (2264g)"},"content":{"rendered":"<h1><strong>Dymatize Iso100<\/strong><\/h1>\n<p><strong>DYMATIZE ISO100 HYDROLYZED on maailmas palju auhindu v\u00f5itnud isolaat!<\/strong><\/p>\n<p>\u00dcLIPUHAS, KIIRESTI SEEDITAV, H\u00c4STI IMENDUV!<\/p>\n<p>Kui Sinu eesm\u00e4rgiks on kasvatada puhast lihast ja suurendada j\u00f5udlust, siis\u00a0<strong>DYMATIZE ISO100 HYDROLYZED<\/strong> on ideaalne valik! See on t\u00e4idetud aminohapetega, mis aitavad kasvatada lihaseid ja on abiks ka k\u00f5ige intensiivsemate treeningute juures.<\/p>\n<ul>\n<li>Gluteenivaba!<\/li>\n<li>Sobib taimetoitlastele<\/li>\n<li>Ideaalne valik laktoositalumatuse korral!<\/li>\n<li>Parim isolaat maailmas viis aastat j\u00e4rjest (2013-2017)<\/li>\n<\/ul>\n<p><strong>DYMATIZE ISO100 HYDROLYZED<\/strong>\u00a0valmistamisel on kasutatud mikrofiltreerimise protsessi ning mitmeastmelist puhastamisprotsessi, mis s\u00e4ilitab k\u00f5ik lihaste kasvatamiseks vajalikud valgufraktsioonid, eemaldades samal ajal liigsed s\u00fcsivesikud, rasvad, laktoosi ja kolesterooli.<\/p>\n<p><strong>DYMATIZE ISO100 HYDROLYZED<\/strong>\u00a0ei sisalda suhrkruid ega rasvu.<\/p>\n<figure id=\"attachment_55479\" aria-describedby=\"caption-attachment-55479\" style=\"width: 693px\" class=\"wp-caption alignnone\"><a href=\"https:\/\/fit360.ee\/wp-content\/uploads\/2021\/08\/dymatize-iso-100-hydrolized-fit360.ee_-800x800.jpg\"><img loading=\"lazy\" decoding=\"async\" class=\" wp-image-55479\" src=\"https:\/\/fit360.ee\/wp-content\/uploads\/2021\/08\/dymatize-iso-100-hydrolized-fit360.ee_-800x800.jpg\" alt=\"dymatize iso 100 hydrolized - fit360.ee\" width=\"693\" height=\"693\" srcset=\"https:\/\/fit360.ee\/wp-content\/uploads\/2021\/08\/dymatize-iso-100-hydrolized-fit360.ee_-800x800.jpg 800w, https:\/\/fit360.ee\/wp-content\/uploads\/2021\/08\/dymatize-iso-100-hydrolized-fit360.ee_-247x247.jpg 247w, https:\/\/fit360.ee\/wp-content\/uploads\/2021\/08\/dymatize-iso-100-hydrolized-fit360.ee_-100x100.jpg 100w, https:\/\/fit360.ee\/wp-content\/uploads\/2021\/08\/dymatize-iso-100-hydrolized-fit360.ee_-510x510.jpg 510w, https:\/\/fit360.ee\/wp-content\/uploads\/2021\/08\/dymatize-iso-100-hydrolized-fit360.ee_-340x340.jpg 340w, https:\/\/fit360.ee\/wp-content\/uploads\/2021\/08\/dymatize-iso-100-hydrolized-fit360.ee_-768x768.jpg 768w, https:\/\/fit360.ee\/wp-content\/uploads\/2021\/08\/dymatize-iso-100-hydrolized-fit360.ee_-80x80.jpg 80w, https:\/\/fit360.ee\/wp-content\/uploads\/2021\/08\/dymatize-iso-100-hydrolized-fit360.ee_.jpg 1500w\" sizes=\"auto, (max-width: 693px) 100vw, 693px\" \/><\/a><figcaption id=\"caption-attachment-55479\" class=\"wp-caption-text\"><strong>Koostisosad<\/strong>: H\u00fcdroliseeritud vadakuvalgu isolaat (piim) (50%), vadakuvalgu isolaat (piim) (46%), emulgaatorid (p\u00e4evalille letsitiin, sojaletsitiin), l\u00f5hna- ja maitseaine, sool, magusained (sukraloos, stevioolgl\u00fckosiidid), vahutamisvastane aine (dimet\u00fc\u00fcl) pol\u00fcsiloksaan).<\/figcaption><\/figure>\n<p><strong>Kasutamine:<\/strong> Soovitav tarbida 1-2 serveeringut p\u00e4evas. Sega \u00fcks kulp (30g) pulbrit 150-200ml vee v\u00f5i soovitud joogiga.<\/p>\n<p><strong>Suurus<\/strong>: 2200g<\/p>\n<table>\n<tbody>\n<tr>\n<td><strong>Toitev\u00e4\u00e4rtus<\/strong><\/td>\n<td><strong>100g<\/strong><\/td>\n<td><strong>Serveering (30g*)<\/strong><\/td>\n<\/tr>\n<tr>\n<td>Energia kJ (kcal)<\/td>\n<td>1555 (366)<\/td>\n<td>467 (110)<\/td>\n<\/tr>\n<tr>\n<td>Rasvad<\/td>\n<td>0,4 g<\/td>\n<td>0,1 g<\/td>\n<\/tr>\n<tr>\n<td><em>millest k\u00fcllastunud<\/em><\/td>\n<td>0,2 g<\/td>\n<td>0,1 g<\/td>\n<\/tr>\n<tr>\n<td>S\u00fcsivesikud<\/td>\n<td>7,6 g<\/td>\n<td>2,3 g<\/td>\n<\/tr>\n<tr>\n<td><em>millest suhkrud<\/em><\/td>\n<td>1,6 g<\/td>\n<td>0,5 g<\/td>\n<\/tr>\n<tr>\n<td><strong>Valgud<\/strong><\/td>\n<td><strong>82 g\u00a0<\/strong><\/td>\n<td><strong>25 g<\/strong><\/td>\n<\/tr>\n<tr>\n<td>Sool<\/td>\n<td>0,85 g<\/td>\n<td>0,26 g\u00a0<strong>\u00a0<\/strong><\/td>\n<\/tr>\n<\/tbody>\n<\/table>\n<div class=\"field field-name-field-nutrition-information field-type-text-long field-label-hidden\">\n<div class=\"field-items\">\n<div class=\"field-item even\"><\/div>\n<div class=\"field-item even\">\n<p><strong>Aminohapete Profiil<\/strong>:<\/p>\n<table width=\"477\">\n<tbody>\n<tr>\n<td>Aminohapped<\/td>\n<td><strong>per\u00a0100g<\/strong><\/td>\n<td><strong>per\u00a0portion (30g*)<\/strong><\/td>\n<\/tr>\n<tr>\n<td>**L-Valiin<\/td>\n<td>4,9 g<\/td>\n<td>1,5 g<\/td>\n<\/tr>\n<tr>\n<td>**L-Leutsiin<\/td>\n<td>8,9 g<\/td>\n<td>2,7 g<\/td>\n<\/tr>\n<tr>\n<td>**L-Isoleutsiin<\/td>\n<td>5,0 g<\/td>\n<td>1,5 g<\/td>\n<\/tr>\n<tr>\n<td>L-Alaniin<\/td>\n<td>4,2 g<\/td>\n<td>1,3 g<\/td>\n<\/tr>\n<tr>\n<td>L-Arginin<\/td>\n<td>2,0 g<\/td>\n<td>599 mg<\/td>\n<\/tr>\n<tr>\n<td>L-asparagiinhape<\/td>\n<td>8,9 g<\/td>\n<td>2,7 g<\/td>\n<\/tr>\n<tr>\n<td>L-ts\u00fcsteiin<\/td>\n<td>1,8 g<\/td>\n<td>537 mg<\/td>\n<\/tr>\n<tr>\n<td>L-glutamiinhape<\/td>\n<td>15 g<\/td>\n<td>4,5 g<\/td>\n<\/tr>\n<tr>\n<td>Gl\u00fctsiin<\/td>\n<td>1,3 g<\/td>\n<td>405 g<\/td>\n<\/tr>\n<tr>\n<td>**L-l\u00fcsiin<\/td>\n<td>7,9 g<\/td>\n<td>2,4 g<\/td>\n<\/tr>\n<tr>\n<td>**Histidiin<\/td>\n<td>1,4 g<\/td>\n<td>435 mg<\/td>\n<\/tr>\n<tr>\n<td>**L-metioniin<\/td>\n<td>1,9 g<\/td>\n<td>561 mg<\/td>\n<\/tr>\n<tr>\n<td>**L-fen\u00fc\u00fclalaniin<\/td>\n<td>2,6 g<\/td>\n<td>766 mg<\/td>\n<\/tr>\n<tr>\n<td>L-Proline<\/td>\n<td>4,7 g<\/td>\n<td>1,4 g<\/td>\n<\/tr>\n<tr>\n<td>L-seriin<\/td>\n<td>4,0 g<\/td>\n<td>1,2 g<\/td>\n<\/tr>\n<tr>\n<td>**L-treoniin<\/td>\n<td>5,7 g<\/td>\n<td>1,7 g<\/td>\n<\/tr>\n<tr>\n<td>**L-tr\u00fcptofaan<\/td>\n<td>1,3 g<\/td>\n<td>384 mg<\/td>\n<\/tr>\n<tr>\n<td>L-t\u00fcrosiin<\/td>\n<td>\u00a02,3 g<\/td>\n<td>689 mg<\/td>\n<\/tr>\n<\/tbody>\n<\/table>\n<\/div>\n<div class=\"field-item even\">\n<p>* 30g in 150180 ml vees ** asendamatud aminohapped<br \/>\nBCAA kogus (L-Valiin, L-Leutsiin, L-Isoleutsiin): 19 g (5,7 g per serving)<\/p>\n<p>Vaata ka meie Teisi Vadakuvalke <a href=\"https:\/\/fit360.ee\/en\/product-category\/product-groups\/protein-poweders-en\/whey-protein-en\/\"><strong>SIIT<\/strong><\/a> v\u00f5i Vadakuvalgu Isolaate <a href=\"https:\/\/fit360.ee\/en\/product-category\/product-groups\/protein-poweders-en\/whey-isolate-protein-en\/\"><strong>SIIT<\/strong><\/a>!<\/p>\n<p>Soovid teha suuremat tellimust? Vaata antud toodet meie HULGI lehelt\u00a0<a href=\"https:\/\/toidulisandidhulgi.ee\/product\/dymatize-iso100-hydrolyzed-2200g\/\"><strong>SIIT<\/strong><\/a>!<\/p>\n<\/div>\n<\/div>\n<\/div>\n","protected":false},"excerpt":{"rendered":"<p><strong>DYMATIZE ISO100 HYDROLYZED on maailmas palju auhindu v\u00f5itnud isolaat!<\/strong><\/p>\n<p>\u00dcLIPUHAS, KIIRESTI SEEDITAV, H\u00c4STI IMENDUV!<\/p>\n<p>Kui Sinu eesm\u00e4rgiks on kasvatada puhast lihast ja suurendada j\u00f5udlust, siis\u00a0<strong>DYMATIZE ISO100 HYDROLYZED<\/strong> on ideaalne valik! See on t\u00e4idetud aminohapetega, mis aitavad kasvatada lihaseid ja on abiks ka k\u00f5ige intensiivsemate treeningute juures.<\/p>\n<ul>\n<li>Gluteenivaba!<\/li>\n<li>Sobib taimetoitlastele<\/li>\n<li>Ideaalne valik laktoositalumatuse korral!<\/li>\n<li>Parim isolaat maailmas viis aastat j\u00e4rjest (2013-2017)<\/li>\n<\/ul>\n","protected":false},"featured_media":55484,"comment_status":"closed","ping_status":"closed","template":"","meta":[],"product_brand":[],"product_cat":[3003,535,2420,2424],"product_tag":[3004,3005],"giftcard-category":[],"class_list":{"0":"post-55487","1":"product","2":"type-product","3":"status-publish","4":"has-post-thumbnail","6":"product_cat-dymatize-en","7":"product_cat-protein-poweders-en","8":"product_cat-whey-protein-en","9":"product_cat-whey-isolate-protein-en","10":"product_tag-dymatize-en","11":"product_tag-dymatize-iso100-en","12":"pa_maitse-chocolate-hazelnut","13":"pa_maitse-cream-cookie","14":"pa_maitse-gourmet-chocolate-en","15":"pa_maitse-smooth-banana-en","17":"first","18":"instock","19":"sale","20":"taxable","21":"shipping-taxable","22":"purchasable","23":"product-type-variable"},"yoast_head":"<!-- This site is optimized with the Yoast SEO plugin v27.3 - https:\/\/yoast.com\/product\/yoast-seo-wordpress\/ -->\n<title>Dymatize Iso100 Hydrolyzed (2264g) - Vadakuvalgu Isolaat - Fit360<\/title>\n<meta name=\"description\" content=\"Dymatize Iso100 on maailmas palju auhindu v\u00f5itnud isolaat! See on t\u00e4idetud aminohapetega, mis aitavad kasvatada lihaseid. Kiire tarne!\" \/>\n<meta name=\"robots\" content=\"index, follow, max-snippet:-1, max-image-preview:large, max-video-preview:-1\" \/>\n<link rel=\"canonical\" href=\"https:\/\/fit360.ee\/en\/pood\/product-groups\/protein-poweders-en\/whey-protein-en\/dymatize-iso100-hydrolyzed-2200g\/\" \/>\n<meta property=\"og:locale\" content=\"en_US\" \/>\n<meta property=\"og:type\" content=\"article\" \/>\n<meta property=\"og:title\" content=\"Dymatize Iso100 Hydrolyzed (2264g) - Vadakuvalgu Isolaat - Fit360\" \/>\n<meta property=\"og:description\" content=\"Dymatize Iso100 on maailmas palju auhindu v\u00f5itnud isolaat! See on t\u00e4idetud aminohapetega, mis aitavad kasvatada lihaseid. Kiire tarne!\" \/>\n<meta property=\"og:url\" content=\"https:\/\/fit360.ee\/en\/pood\/product-groups\/protein-poweders-en\/whey-protein-en\/dymatize-iso100-hydrolyzed-2200g\/\" \/>\n<meta property=\"og:site_name\" content=\"Fit360\" \/>\n<meta property=\"article:modified_time\" content=\"2025-12-09T13:54:23+00:00\" \/>\n<meta property=\"og:image\" content=\"https:\/\/fit360.ee\/wp-content\/uploads\/2021\/08\/dymatize-iso100-fit360.ee_.jpg\" \/>\n\t<meta property=\"og:image:width\" content=\"500\" \/>\n\t<meta property=\"og:image:height\" content=\"500\" \/>\n\t<meta property=\"og:image:type\" content=\"image\/jpeg\" \/>\n<meta name=\"twitter:card\" content=\"summary_large_image\" \/>\n<meta name=\"twitter:label1\" content=\"Est. reading time\" \/>\n\t<meta name=\"twitter:data1\" content=\"2 minutes\" \/>\n<script type=\"application\/ld+json\" class=\"yoast-schema-graph\">{\"@context\":\"https:\\\/\\\/schema.org\",\"@graph\":[{\"@type\":\"WebPage\",\"@id\":\"https:\\\/\\\/fit360.ee\\\/en\\\/pood\\\/product-groups\\\/protein-poweders-en\\\/whey-protein-en\\\/dymatize-iso100-hydrolyzed-2200g\\\/\",\"url\":\"https:\\\/\\\/fit360.ee\\\/en\\\/pood\\\/product-groups\\\/protein-poweders-en\\\/whey-protein-en\\\/dymatize-iso100-hydrolyzed-2200g\\\/\",\"name\":\"Dymatize Iso100 Hydrolyzed (2264g) - Vadakuvalgu Isolaat - Fit360\",\"isPartOf\":{\"@id\":\"https:\\\/\\\/fit360.ee\\\/en\\\/#website\"},\"primaryImageOfPage\":{\"@id\":\"https:\\\/\\\/fit360.ee\\\/en\\\/pood\\\/product-groups\\\/protein-poweders-en\\\/whey-protein-en\\\/dymatize-iso100-hydrolyzed-2200g\\\/#primaryimage\"},\"image\":{\"@id\":\"https:\\\/\\\/fit360.ee\\\/en\\\/pood\\\/product-groups\\\/protein-poweders-en\\\/whey-protein-en\\\/dymatize-iso100-hydrolyzed-2200g\\\/#primaryimage\"},\"thumbnailUrl\":\"https:\\\/\\\/fit360.ee\\\/wp-content\\\/uploads\\\/2021\\\/08\\\/dymatize-iso100-fit360.ee_.jpg\",\"datePublished\":\"2021-08-24T10:12:50+00:00\",\"dateModified\":\"2025-12-09T13:54:23+00:00\",\"description\":\"Dymatize Iso100 on maailmas palju auhindu v\u00f5itnud isolaat! See on t\u00e4idetud aminohapetega, mis aitavad kasvatada lihaseid. Kiire tarne!\",\"breadcrumb\":{\"@id\":\"https:\\\/\\\/fit360.ee\\\/en\\\/pood\\\/product-groups\\\/protein-poweders-en\\\/whey-protein-en\\\/dymatize-iso100-hydrolyzed-2200g\\\/#breadcrumb\"},\"inLanguage\":\"en-US\",\"potentialAction\":[{\"@type\":\"ReadAction\",\"target\":[\"https:\\\/\\\/fit360.ee\\\/en\\\/pood\\\/product-groups\\\/protein-poweders-en\\\/whey-protein-en\\\/dymatize-iso100-hydrolyzed-2200g\\\/\"]}]},{\"@type\":\"ImageObject\",\"inLanguage\":\"en-US\",\"@id\":\"https:\\\/\\\/fit360.ee\\\/en\\\/pood\\\/product-groups\\\/protein-poweders-en\\\/whey-protein-en\\\/dymatize-iso100-hydrolyzed-2200g\\\/#primaryimage\",\"url\":\"https:\\\/\\\/fit360.ee\\\/wp-content\\\/uploads\\\/2021\\\/08\\\/dymatize-iso100-fit360.ee_.jpg\",\"contentUrl\":\"https:\\\/\\\/fit360.ee\\\/wp-content\\\/uploads\\\/2021\\\/08\\\/dymatize-iso100-fit360.ee_.jpg\",\"width\":500,\"height\":500,\"caption\":\"dymatize iso100 - fit360.ee\"},{\"@type\":\"BreadcrumbList\",\"@id\":\"https:\\\/\\\/fit360.ee\\\/en\\\/pood\\\/product-groups\\\/protein-poweders-en\\\/whey-protein-en\\\/dymatize-iso100-hydrolyzed-2200g\\\/#breadcrumb\",\"itemListElement\":[{\"@type\":\"ListItem\",\"position\":1,\"name\":\"Home\",\"item\":\"https:\\\/\\\/fit360.ee\\\/en\\\/\"},{\"@type\":\"ListItem\",\"position\":2,\"name\":\"Shop\",\"item\":\"https:\\\/\\\/fit360.ee\\\/en\\\/shop\\\/\"},{\"@type\":\"ListItem\",\"position\":3,\"name\":\"Dymatize Iso100 Hydrolyzed (2264g)\"}]},{\"@type\":\"WebSite\",\"@id\":\"https:\\\/\\\/fit360.ee\\\/en\\\/#website\",\"url\":\"https:\\\/\\\/fit360.ee\\\/en\\\/\",\"name\":\"Fit360\",\"description\":\"\",\"publisher\":{\"@id\":\"https:\\\/\\\/fit360.ee\\\/en\\\/#organization\"},\"potentialAction\":[{\"@type\":\"SearchAction\",\"target\":{\"@type\":\"EntryPoint\",\"urlTemplate\":\"https:\\\/\\\/fit360.ee\\\/en\\\/?s={search_term_string}\"},\"query-input\":{\"@type\":\"PropertyValueSpecification\",\"valueRequired\":true,\"valueName\":\"search_term_string\"}}],\"inLanguage\":\"en-US\"},{\"@type\":\"Organization\",\"@id\":\"https:\\\/\\\/fit360.ee\\\/en\\\/#organization\",\"name\":\"Fit360\",\"url\":\"https:\\\/\\\/fit360.ee\\\/en\\\/\",\"logo\":{\"@type\":\"ImageObject\",\"inLanguage\":\"en-US\",\"@id\":\"https:\\\/\\\/fit360.ee\\\/en\\\/#\\\/schema\\\/logo\\\/image\\\/\",\"url\":\"https:\\\/\\\/fit360.ee\\\/wp-content\\\/uploads\\\/2017\\\/01\\\/logo-fit360.png\",\"contentUrl\":\"https:\\\/\\\/fit360.ee\\\/wp-content\\\/uploads\\\/2017\\\/01\\\/logo-fit360.png\",\"width\":180,\"height\":66,\"caption\":\"Fit360\"},\"image\":{\"@id\":\"https:\\\/\\\/fit360.ee\\\/en\\\/#\\\/schema\\\/logo\\\/image\\\/\"}}]}<\/script>\n<!-- \/ Yoast SEO plugin. -->","yoast_head_json":{"title":"Dymatize Iso100 Hydrolyzed (2264g) - Vadakuvalgu Isolaat - Fit360","description":"Dymatize Iso100 on maailmas palju auhindu v\u00f5itnud isolaat! See on t\u00e4idetud aminohapetega, mis aitavad kasvatada lihaseid. Kiire tarne!","robots":{"index":"index","follow":"follow","max-snippet":"max-snippet:-1","max-image-preview":"max-image-preview:large","max-video-preview":"max-video-preview:-1"},"canonical":"https:\/\/fit360.ee\/en\/pood\/product-groups\/protein-poweders-en\/whey-protein-en\/dymatize-iso100-hydrolyzed-2200g\/","og_locale":"en_US","og_type":"article","og_title":"Dymatize Iso100 Hydrolyzed (2264g) - Vadakuvalgu Isolaat - Fit360","og_description":"Dymatize Iso100 on maailmas palju auhindu v\u00f5itnud isolaat! See on t\u00e4idetud aminohapetega, mis aitavad kasvatada lihaseid. Kiire tarne!","og_url":"https:\/\/fit360.ee\/en\/pood\/product-groups\/protein-poweders-en\/whey-protein-en\/dymatize-iso100-hydrolyzed-2200g\/","og_site_name":"Fit360","article_modified_time":"2025-12-09T13:54:23+00:00","og_image":[{"width":500,"height":500,"url":"https:\/\/fit360.ee\/wp-content\/uploads\/2021\/08\/dymatize-iso100-fit360.ee_.jpg","type":"image\/jpeg"}],"twitter_card":"summary_large_image","twitter_misc":{"Est. reading time":"2 minutes"},"schema":{"@context":"https:\/\/schema.org","@graph":[{"@type":"WebPage","@id":"https:\/\/fit360.ee\/en\/pood\/product-groups\/protein-poweders-en\/whey-protein-en\/dymatize-iso100-hydrolyzed-2200g\/","url":"https:\/\/fit360.ee\/en\/pood\/product-groups\/protein-poweders-en\/whey-protein-en\/dymatize-iso100-hydrolyzed-2200g\/","name":"Dymatize Iso100 Hydrolyzed (2264g) - Vadakuvalgu Isolaat - Fit360","isPartOf":{"@id":"https:\/\/fit360.ee\/en\/#website"},"primaryImageOfPage":{"@id":"https:\/\/fit360.ee\/en\/pood\/product-groups\/protein-poweders-en\/whey-protein-en\/dymatize-iso100-hydrolyzed-2200g\/#primaryimage"},"image":{"@id":"https:\/\/fit360.ee\/en\/pood\/product-groups\/protein-poweders-en\/whey-protein-en\/dymatize-iso100-hydrolyzed-2200g\/#primaryimage"},"thumbnailUrl":"https:\/\/fit360.ee\/wp-content\/uploads\/2021\/08\/dymatize-iso100-fit360.ee_.jpg","datePublished":"2021-08-24T10:12:50+00:00","dateModified":"2025-12-09T13:54:23+00:00","description":"Dymatize Iso100 on maailmas palju auhindu v\u00f5itnud isolaat! See on t\u00e4idetud aminohapetega, mis aitavad kasvatada lihaseid. Kiire tarne!","breadcrumb":{"@id":"https:\/\/fit360.ee\/en\/pood\/product-groups\/protein-poweders-en\/whey-protein-en\/dymatize-iso100-hydrolyzed-2200g\/#breadcrumb"},"inLanguage":"en-US","potentialAction":[{"@type":"ReadAction","target":["https:\/\/fit360.ee\/en\/pood\/product-groups\/protein-poweders-en\/whey-protein-en\/dymatize-iso100-hydrolyzed-2200g\/"]}]},{"@type":"ImageObject","inLanguage":"en-US","@id":"https:\/\/fit360.ee\/en\/pood\/product-groups\/protein-poweders-en\/whey-protein-en\/dymatize-iso100-hydrolyzed-2200g\/#primaryimage","url":"https:\/\/fit360.ee\/wp-content\/uploads\/2021\/08\/dymatize-iso100-fit360.ee_.jpg","contentUrl":"https:\/\/fit360.ee\/wp-content\/uploads\/2021\/08\/dymatize-iso100-fit360.ee_.jpg","width":500,"height":500,"caption":"dymatize iso100 - fit360.ee"},{"@type":"BreadcrumbList","@id":"https:\/\/fit360.ee\/en\/pood\/product-groups\/protein-poweders-en\/whey-protein-en\/dymatize-iso100-hydrolyzed-2200g\/#breadcrumb","itemListElement":[{"@type":"ListItem","position":1,"name":"Home","item":"https:\/\/fit360.ee\/en\/"},{"@type":"ListItem","position":2,"name":"Shop","item":"https:\/\/fit360.ee\/en\/shop\/"},{"@type":"ListItem","position":3,"name":"Dymatize Iso100 Hydrolyzed (2264g)"}]},{"@type":"WebSite","@id":"https:\/\/fit360.ee\/en\/#website","url":"https:\/\/fit360.ee\/en\/","name":"Fit360","description":"","publisher":{"@id":"https:\/\/fit360.ee\/en\/#organization"},"potentialAction":[{"@type":"SearchAction","target":{"@type":"EntryPoint","urlTemplate":"https:\/\/fit360.ee\/en\/?s={search_term_string}"},"query-input":{"@type":"PropertyValueSpecification","valueRequired":true,"valueName":"search_term_string"}}],"inLanguage":"en-US"},{"@type":"Organization","@id":"https:\/\/fit360.ee\/en\/#organization","name":"Fit360","url":"https:\/\/fit360.ee\/en\/","logo":{"@type":"ImageObject","inLanguage":"en-US","@id":"https:\/\/fit360.ee\/en\/#\/schema\/logo\/image\/","url":"https:\/\/fit360.ee\/wp-content\/uploads\/2017\/01\/logo-fit360.png","contentUrl":"https:\/\/fit360.ee\/wp-content\/uploads\/2017\/01\/logo-fit360.png","width":180,"height":66,"caption":"Fit360"},"image":{"@id":"https:\/\/fit360.ee\/en\/#\/schema\/logo\/image\/"}}]}},"_links":{"self":[{"href":"https:\/\/fit360.ee\/en\/wp-json\/wp\/v2\/product\/55487","targetHints":{"allow":["GET"]}}],"collection":[{"href":"https:\/\/fit360.ee\/en\/wp-json\/wp\/v2\/product"}],"about":[{"href":"https:\/\/fit360.ee\/en\/wp-json\/wp\/v2\/types\/product"}],"replies":[{"embeddable":true,"href":"https:\/\/fit360.ee\/en\/wp-json\/wp\/v2\/comments?post=55487"}],"wp:featuredmedia":[{"embeddable":true,"href":"https:\/\/fit360.ee\/en\/wp-json\/wp\/v2\/media\/55484"}],"wp:attachment":[{"href":"https:\/\/fit360.ee\/en\/wp-json\/wp\/v2\/media?parent=55487"}],"wp:term":[{"taxonomy":"product_brand","embeddable":true,"href":"https:\/\/fit360.ee\/en\/wp-json\/wp\/v2\/product_brand?post=55487"},{"taxonomy":"product_cat","embeddable":true,"href":"https:\/\/fit360.ee\/en\/wp-json\/wp\/v2\/product_cat?post=55487"},{"taxonomy":"product_tag","embeddable":true,"href":"https:\/\/fit360.ee\/en\/wp-json\/wp\/v2\/product_tag?post=55487"},{"taxonomy":"giftcard-category","embeddable":true,"href":"https:\/\/fit360.ee\/en\/wp-json\/wp\/v2\/giftcard-category?post=55487"}],"curies":[{"name":"wp","href":"https:\/\/api.w.org\/{rel}","templated":true}]}}