{"id":55506,"date":"2021-08-24T18:33:52","date_gmt":"2021-08-24T16:33:52","guid":{"rendered":"https:\/\/fit360.ee\/pood\/uncategorized\/mars-protein-powder-875g\/"},"modified":"2026-04-10T16:41:24","modified_gmt":"2026-04-10T14:41:24","slug":"mars-protein-powder-875g","status":"publish","type":"product","link":"https:\/\/fit360.ee\/en\/pood\/product-groups\/protein-poweders-en\/whey-protein-en\/mars-protein-powder-875g\/","title":{"rendered":"Mars Protein Powder (875g)"},"content":{"rendered":"<h1><strong>Mars Protein Powder<\/strong><\/h1>\n<p>Mars Protein Powder on Marsi \u0161okolaadi-karamelli maitseline vadakuvalgu pulber. Ebatavaline Marsi seguga valgupulbrit saate n\u00fc\u00fcd nautida \u00fche rahva lemmikmaitselise \u0161okolaaditahvli maitsvat maitset, mis sisaldab <strong>21 g valku<\/strong> ja 140 kalorit portsjoni kohta.<\/p>\n<p>Madalama kalorsusega kui populaarne Marsi batoon, ainult 3,7 grammi suhkrut ja 3,5 grammi rasva portsjoni kohta, kuid arvestatava 20,6 grammi valguga 35 grammi pulbri kohta. Sobib h\u00e4sti lihasmassi ehitamiseks ja s\u00e4ilitamiseks.<\/p>\n<p>Vadakuvalk on eriti kasulik lihaste \u00fclesehitamise faasis ja seda kasutavad sageli ka tavalised harrastussportlased.<\/p>\n<p><a href=\"https:\/\/fit360.ee\/wp-content\/uploads\/2021\/08\/mars-hi-protein-powder-fit360.ee_-800x484.jpg\"><img loading=\"lazy\" decoding=\"async\" class=\" wp-image-55501\" src=\"https:\/\/fit360.ee\/wp-content\/uploads\/2021\/08\/mars-hi-protein-powder-fit360.ee_-800x484.jpg\" alt=\"mars hi protein powder - fit360.ee\" width=\"564\" height=\"341\" srcset=\"https:\/\/fit360.ee\/wp-content\/uploads\/2021\/08\/mars-hi-protein-powder-fit360.ee_-800x484.jpg 800w, https:\/\/fit360.ee\/wp-content\/uploads\/2021\/08\/mars-hi-protein-powder-fit360.ee_-510x308.jpg 510w, https:\/\/fit360.ee\/wp-content\/uploads\/2021\/08\/mars-hi-protein-powder-fit360.ee_-768x464.jpg 768w, https:\/\/fit360.ee\/wp-content\/uploads\/2021\/08\/mars-hi-protein-powder-fit360.ee_.jpg 1500w\" sizes=\"auto, (max-width: 564px) 100vw, 564px\" \/><\/a><\/p>\n<p><strong>Koostisosad<\/strong>: Vadakuvalgu kontsentraat, lahja kakaopulber, t\u00e4ispiimapulber, sigurijuure kiud, l\u00f5hna- ja maitseained, rafineeritud kookos\u00f5li, odralinnaseekstrakt, paksendaja (ksantaankummi, guarkummi), magusaine (atsesulfaam K, sukraloos)<\/p>\n<p><strong>Kasutamine<\/strong>: Sega 35 g pulbrit 250 ml vette koos k\u00e4ep\u00e4rase kulbiga, et luua t\u00f5eliselt meeldiv k\u00f5rge proteiinisisaldusega kokteil.<\/p>\n<p><strong>Suurus<\/strong>: 875g &#8211; 25 serveeringut<\/p>\n<table>\n<tbody>\n<tr>\n<td width=\"213\"><strong>Toitev\u00e4\u00e4rtus<\/strong><\/td>\n<td width=\"213\"><strong>1 serveering \u2013 35g<\/strong><\/td>\n<\/tr>\n<tr>\n<td width=\"213\">Energia<\/td>\n<td width=\"213\">140kcal<\/td>\n<\/tr>\n<tr>\n<td width=\"213\">Rasvad<\/td>\n<td width=\"213\">3,5g<\/td>\n<\/tr>\n<tr>\n<td width=\"213\"><em>millest<\/em> k\u00fcllastunud rasvhapped<\/td>\n<td width=\"213\">2,3g<\/td>\n<\/tr>\n<tr>\n<td width=\"213\">S\u00fcsivesikud<\/td>\n<td width=\"213\">5,3g<\/td>\n<\/tr>\n<tr>\n<td width=\"213\"><em>millest<\/em> suhkur<\/td>\n<td width=\"213\">3,7g<\/td>\n<\/tr>\n<tr>\n<td width=\"213\"><strong>Valgud<\/strong><\/td>\n<td width=\"213\"><strong>20,6g<\/strong><\/td>\n<\/tr>\n<tr>\n<td width=\"213\">Sool<\/td>\n<td width=\"213\">0,15g<\/td>\n<\/tr>\n<\/tbody>\n<\/table>\n<p>Vaata ka meie Teisi Proteiinipulbreid <a href=\"https:\/\/fit360.ee\/en\/product-category\/product-groups\/protein-poweders-en\/\"><strong>SIIT<\/strong><\/a>!<\/p>\n<p>Soovid teha suuremat tellimust? Vaata antud toodet meie HULGI lehelt\u00a0<a href=\"https:\/\/toidulisandidhulgi.ee\/product\/mars-protein-powder-875g\/\"><strong>SIIT<\/strong><\/a>!<\/p>\n","protected":false},"excerpt":{"rendered":"<h3><strong>Marsi proteiinipulber<\/strong><\/h3>\n<ul>\n<li>Koheselt\u00a0<strong>\u00e4ratuntav\u00a0<\/strong>Mars \u0161okolaadi maitse;<\/li>\n<li>m\u00f5nus kooslus\u00a0<strong>karamelli ja \u0161okolaadi\u00a0<\/strong>maitsest;<\/li>\n<li><b>ainult 5g s\u00fcsivesikuid<\/b>\u00a0\u00fches portsjonis;<\/li>\n<li><strong>\u00fcle 20g valku<\/strong>\u00a0\u00fches portsjonis;<\/li>\n<li><strong>vaid 140\u00a0kcal<\/strong>\u00a0\u00fches portsjonis.<\/li>\n<\/ul>\n","protected":false},"featured_media":55505,"comment_status":"closed","ping_status":"closed","template":"","meta":[],"product_brand":[],"product_cat":[3012,535,2420],"product_tag":[3013,3014,3015],"giftcard-category":[],"class_list":{"0":"post-55506","1":"product","2":"type-product","3":"status-publish","4":"has-post-thumbnail","6":"product_cat-mars-protein-en","7":"product_cat-protein-poweders-en","8":"product_cat-whey-protein-en","9":"product_tag-mars-en","10":"product_tag-mars-proteiinipulber-en","11":"product_tag-mars-protein-powder-en","12":"pa_kogus-875g-en","13":"pa_maitse-chocolate-caramel","14":"pa_toidulisand-branddd-mars","15":"pa_toidulisand-branddd-mars-protein","16":"pa_tootegruppp-protein","17":"pa_tootegruppp-vadakuvalk-en","19":"first","20":"outofstock","21":"sale","22":"taxable","23":"shipping-taxable","24":"purchasable","25":"product-type-simple"},"yoast_head":"<!-- This site is optimized with the Yoast SEO plugin v27.3 - https:\/\/yoast.com\/product\/yoast-seo-wordpress\/ -->\n<title>Mars Protein Powder (875g) - Mars Hi Protein - Parim Maitse - Fit360<\/title>\n<meta name=\"description\" content=\"Mars Protein Powder on Marsi \u0161okolaadi-karamelli maitseline vadakuvalgu pulber. 21 g valku ja 140 kalorit portsjoni kohta. Kiire tarne!\" \/>\n<meta name=\"robots\" content=\"index, follow, max-snippet:-1, max-image-preview:large, max-video-preview:-1\" \/>\n<link rel=\"canonical\" href=\"https:\/\/fit360.ee\/en\/pood\/product-groups\/protein-poweders-en\/whey-protein-en\/mars-protein-powder-875g\/\" \/>\n<meta property=\"og:locale\" content=\"en_US\" \/>\n<meta property=\"og:type\" content=\"article\" \/>\n<meta property=\"og:title\" content=\"Mars Protein Powder (875g) - Mars Hi Protein - Parim Maitse - Fit360\" \/>\n<meta property=\"og:description\" content=\"Mars Protein Powder on Marsi \u0161okolaadi-karamelli maitseline vadakuvalgu pulber. 21 g valku ja 140 kalorit portsjoni kohta. Kiire tarne!\" \/>\n<meta property=\"og:url\" content=\"https:\/\/fit360.ee\/en\/pood\/product-groups\/protein-poweders-en\/whey-protein-en\/mars-protein-powder-875g\/\" \/>\n<meta property=\"og:site_name\" content=\"Fit360\" \/>\n<meta property=\"article:modified_time\" content=\"2026-04-10T14:41:24+00:00\" \/>\n<meta property=\"og:image\" content=\"https:\/\/fit360.ee\/wp-content\/uploads\/2021\/08\/mars-protein-powder-fit360.ee-1.jpg\" \/>\n\t<meta property=\"og:image:width\" content=\"700\" \/>\n\t<meta property=\"og:image:height\" content=\"700\" \/>\n\t<meta property=\"og:image:type\" content=\"image\/jpeg\" \/>\n<meta name=\"twitter:card\" content=\"summary_large_image\" \/>\n<meta name=\"twitter:label1\" content=\"Est. reading time\" \/>\n\t<meta name=\"twitter:data1\" content=\"1 minute\" \/>\n<script type=\"application\/ld+json\" class=\"yoast-schema-graph\">{\"@context\":\"https:\\\/\\\/schema.org\",\"@graph\":[{\"@type\":\"WebPage\",\"@id\":\"https:\\\/\\\/fit360.ee\\\/en\\\/pood\\\/product-groups\\\/protein-poweders-en\\\/whey-protein-en\\\/mars-protein-powder-875g\\\/\",\"url\":\"https:\\\/\\\/fit360.ee\\\/en\\\/pood\\\/product-groups\\\/protein-poweders-en\\\/whey-protein-en\\\/mars-protein-powder-875g\\\/\",\"name\":\"Mars Protein Powder (875g) - Mars Hi Protein - Parim Maitse - Fit360\",\"isPartOf\":{\"@id\":\"https:\\\/\\\/fit360.ee\\\/en\\\/#website\"},\"primaryImageOfPage\":{\"@id\":\"https:\\\/\\\/fit360.ee\\\/en\\\/pood\\\/product-groups\\\/protein-poweders-en\\\/whey-protein-en\\\/mars-protein-powder-875g\\\/#primaryimage\"},\"image\":{\"@id\":\"https:\\\/\\\/fit360.ee\\\/en\\\/pood\\\/product-groups\\\/protein-poweders-en\\\/whey-protein-en\\\/mars-protein-powder-875g\\\/#primaryimage\"},\"thumbnailUrl\":\"https:\\\/\\\/fit360.ee\\\/wp-content\\\/uploads\\\/2021\\\/08\\\/mars-protein-powder-fit360.ee-1.jpg\",\"datePublished\":\"2021-08-24T16:33:52+00:00\",\"dateModified\":\"2026-04-10T14:41:24+00:00\",\"description\":\"Mars Protein Powder on Marsi \u0161okolaadi-karamelli maitseline vadakuvalgu pulber. 21 g valku ja 140 kalorit portsjoni kohta. Kiire tarne!\",\"breadcrumb\":{\"@id\":\"https:\\\/\\\/fit360.ee\\\/en\\\/pood\\\/product-groups\\\/protein-poweders-en\\\/whey-protein-en\\\/mars-protein-powder-875g\\\/#breadcrumb\"},\"inLanguage\":\"en-US\",\"potentialAction\":[{\"@type\":\"ReadAction\",\"target\":[\"https:\\\/\\\/fit360.ee\\\/en\\\/pood\\\/product-groups\\\/protein-poweders-en\\\/whey-protein-en\\\/mars-protein-powder-875g\\\/\"]}]},{\"@type\":\"ImageObject\",\"inLanguage\":\"en-US\",\"@id\":\"https:\\\/\\\/fit360.ee\\\/en\\\/pood\\\/product-groups\\\/protein-poweders-en\\\/whey-protein-en\\\/mars-protein-powder-875g\\\/#primaryimage\",\"url\":\"https:\\\/\\\/fit360.ee\\\/wp-content\\\/uploads\\\/2021\\\/08\\\/mars-protein-powder-fit360.ee-1.jpg\",\"contentUrl\":\"https:\\\/\\\/fit360.ee\\\/wp-content\\\/uploads\\\/2021\\\/08\\\/mars-protein-powder-fit360.ee-1.jpg\",\"width\":700,\"height\":700,\"caption\":\"mars protein powder - fit360.ee\"},{\"@type\":\"BreadcrumbList\",\"@id\":\"https:\\\/\\\/fit360.ee\\\/en\\\/pood\\\/product-groups\\\/protein-poweders-en\\\/whey-protein-en\\\/mars-protein-powder-875g\\\/#breadcrumb\",\"itemListElement\":[{\"@type\":\"ListItem\",\"position\":1,\"name\":\"Home\",\"item\":\"https:\\\/\\\/fit360.ee\\\/en\\\/\"},{\"@type\":\"ListItem\",\"position\":2,\"name\":\"Shop\",\"item\":\"https:\\\/\\\/fit360.ee\\\/en\\\/shop\\\/\"},{\"@type\":\"ListItem\",\"position\":3,\"name\":\"Mars Protein Powder (875g)\"}]},{\"@type\":\"WebSite\",\"@id\":\"https:\\\/\\\/fit360.ee\\\/en\\\/#website\",\"url\":\"https:\\\/\\\/fit360.ee\\\/en\\\/\",\"name\":\"Fit360\",\"description\":\"\",\"publisher\":{\"@id\":\"https:\\\/\\\/fit360.ee\\\/en\\\/#organization\"},\"potentialAction\":[{\"@type\":\"SearchAction\",\"target\":{\"@type\":\"EntryPoint\",\"urlTemplate\":\"https:\\\/\\\/fit360.ee\\\/en\\\/?s={search_term_string}\"},\"query-input\":{\"@type\":\"PropertyValueSpecification\",\"valueRequired\":true,\"valueName\":\"search_term_string\"}}],\"inLanguage\":\"en-US\"},{\"@type\":\"Organization\",\"@id\":\"https:\\\/\\\/fit360.ee\\\/en\\\/#organization\",\"name\":\"Fit360\",\"url\":\"https:\\\/\\\/fit360.ee\\\/en\\\/\",\"logo\":{\"@type\":\"ImageObject\",\"inLanguage\":\"en-US\",\"@id\":\"https:\\\/\\\/fit360.ee\\\/en\\\/#\\\/schema\\\/logo\\\/image\\\/\",\"url\":\"https:\\\/\\\/fit360.ee\\\/wp-content\\\/uploads\\\/2017\\\/01\\\/logo-fit360.png\",\"contentUrl\":\"https:\\\/\\\/fit360.ee\\\/wp-content\\\/uploads\\\/2017\\\/01\\\/logo-fit360.png\",\"width\":180,\"height\":66,\"caption\":\"Fit360\"},\"image\":{\"@id\":\"https:\\\/\\\/fit360.ee\\\/en\\\/#\\\/schema\\\/logo\\\/image\\\/\"}}]}<\/script>\n<!-- \/ Yoast SEO plugin. -->","yoast_head_json":{"title":"Mars Protein Powder (875g) - Mars Hi Protein - Parim Maitse - Fit360","description":"Mars Protein Powder on Marsi \u0161okolaadi-karamelli maitseline vadakuvalgu pulber. 21 g valku ja 140 kalorit portsjoni kohta. Kiire tarne!","robots":{"index":"index","follow":"follow","max-snippet":"max-snippet:-1","max-image-preview":"max-image-preview:large","max-video-preview":"max-video-preview:-1"},"canonical":"https:\/\/fit360.ee\/en\/pood\/product-groups\/protein-poweders-en\/whey-protein-en\/mars-protein-powder-875g\/","og_locale":"en_US","og_type":"article","og_title":"Mars Protein Powder (875g) - Mars Hi Protein - Parim Maitse - Fit360","og_description":"Mars Protein Powder on Marsi \u0161okolaadi-karamelli maitseline vadakuvalgu pulber. 21 g valku ja 140 kalorit portsjoni kohta. Kiire tarne!","og_url":"https:\/\/fit360.ee\/en\/pood\/product-groups\/protein-poweders-en\/whey-protein-en\/mars-protein-powder-875g\/","og_site_name":"Fit360","article_modified_time":"2026-04-10T14:41:24+00:00","og_image":[{"width":700,"height":700,"url":"https:\/\/fit360.ee\/wp-content\/uploads\/2021\/08\/mars-protein-powder-fit360.ee-1.jpg","type":"image\/jpeg"}],"twitter_card":"summary_large_image","twitter_misc":{"Est. reading time":"1 minute"},"schema":{"@context":"https:\/\/schema.org","@graph":[{"@type":"WebPage","@id":"https:\/\/fit360.ee\/en\/pood\/product-groups\/protein-poweders-en\/whey-protein-en\/mars-protein-powder-875g\/","url":"https:\/\/fit360.ee\/en\/pood\/product-groups\/protein-poweders-en\/whey-protein-en\/mars-protein-powder-875g\/","name":"Mars Protein Powder (875g) - Mars Hi Protein - Parim Maitse - Fit360","isPartOf":{"@id":"https:\/\/fit360.ee\/en\/#website"},"primaryImageOfPage":{"@id":"https:\/\/fit360.ee\/en\/pood\/product-groups\/protein-poweders-en\/whey-protein-en\/mars-protein-powder-875g\/#primaryimage"},"image":{"@id":"https:\/\/fit360.ee\/en\/pood\/product-groups\/protein-poweders-en\/whey-protein-en\/mars-protein-powder-875g\/#primaryimage"},"thumbnailUrl":"https:\/\/fit360.ee\/wp-content\/uploads\/2021\/08\/mars-protein-powder-fit360.ee-1.jpg","datePublished":"2021-08-24T16:33:52+00:00","dateModified":"2026-04-10T14:41:24+00:00","description":"Mars Protein Powder on Marsi \u0161okolaadi-karamelli maitseline vadakuvalgu pulber. 21 g valku ja 140 kalorit portsjoni kohta. Kiire tarne!","breadcrumb":{"@id":"https:\/\/fit360.ee\/en\/pood\/product-groups\/protein-poweders-en\/whey-protein-en\/mars-protein-powder-875g\/#breadcrumb"},"inLanguage":"en-US","potentialAction":[{"@type":"ReadAction","target":["https:\/\/fit360.ee\/en\/pood\/product-groups\/protein-poweders-en\/whey-protein-en\/mars-protein-powder-875g\/"]}]},{"@type":"ImageObject","inLanguage":"en-US","@id":"https:\/\/fit360.ee\/en\/pood\/product-groups\/protein-poweders-en\/whey-protein-en\/mars-protein-powder-875g\/#primaryimage","url":"https:\/\/fit360.ee\/wp-content\/uploads\/2021\/08\/mars-protein-powder-fit360.ee-1.jpg","contentUrl":"https:\/\/fit360.ee\/wp-content\/uploads\/2021\/08\/mars-protein-powder-fit360.ee-1.jpg","width":700,"height":700,"caption":"mars protein powder - fit360.ee"},{"@type":"BreadcrumbList","@id":"https:\/\/fit360.ee\/en\/pood\/product-groups\/protein-poweders-en\/whey-protein-en\/mars-protein-powder-875g\/#breadcrumb","itemListElement":[{"@type":"ListItem","position":1,"name":"Home","item":"https:\/\/fit360.ee\/en\/"},{"@type":"ListItem","position":2,"name":"Shop","item":"https:\/\/fit360.ee\/en\/shop\/"},{"@type":"ListItem","position":3,"name":"Mars Protein Powder (875g)"}]},{"@type":"WebSite","@id":"https:\/\/fit360.ee\/en\/#website","url":"https:\/\/fit360.ee\/en\/","name":"Fit360","description":"","publisher":{"@id":"https:\/\/fit360.ee\/en\/#organization"},"potentialAction":[{"@type":"SearchAction","target":{"@type":"EntryPoint","urlTemplate":"https:\/\/fit360.ee\/en\/?s={search_term_string}"},"query-input":{"@type":"PropertyValueSpecification","valueRequired":true,"valueName":"search_term_string"}}],"inLanguage":"en-US"},{"@type":"Organization","@id":"https:\/\/fit360.ee\/en\/#organization","name":"Fit360","url":"https:\/\/fit360.ee\/en\/","logo":{"@type":"ImageObject","inLanguage":"en-US","@id":"https:\/\/fit360.ee\/en\/#\/schema\/logo\/image\/","url":"https:\/\/fit360.ee\/wp-content\/uploads\/2017\/01\/logo-fit360.png","contentUrl":"https:\/\/fit360.ee\/wp-content\/uploads\/2017\/01\/logo-fit360.png","width":180,"height":66,"caption":"Fit360"},"image":{"@id":"https:\/\/fit360.ee\/en\/#\/schema\/logo\/image\/"}}]}},"_links":{"self":[{"href":"https:\/\/fit360.ee\/en\/wp-json\/wp\/v2\/product\/55506","targetHints":{"allow":["GET"]}}],"collection":[{"href":"https:\/\/fit360.ee\/en\/wp-json\/wp\/v2\/product"}],"about":[{"href":"https:\/\/fit360.ee\/en\/wp-json\/wp\/v2\/types\/product"}],"replies":[{"embeddable":true,"href":"https:\/\/fit360.ee\/en\/wp-json\/wp\/v2\/comments?post=55506"}],"wp:featuredmedia":[{"embeddable":true,"href":"https:\/\/fit360.ee\/en\/wp-json\/wp\/v2\/media\/55505"}],"wp:attachment":[{"href":"https:\/\/fit360.ee\/en\/wp-json\/wp\/v2\/media?parent=55506"}],"wp:term":[{"taxonomy":"product_brand","embeddable":true,"href":"https:\/\/fit360.ee\/en\/wp-json\/wp\/v2\/product_brand?post=55506"},{"taxonomy":"product_cat","embeddable":true,"href":"https:\/\/fit360.ee\/en\/wp-json\/wp\/v2\/product_cat?post=55506"},{"taxonomy":"product_tag","embeddable":true,"href":"https:\/\/fit360.ee\/en\/wp-json\/wp\/v2\/product_tag?post=55506"},{"taxonomy":"giftcard-category","embeddable":true,"href":"https:\/\/fit360.ee\/en\/wp-json\/wp\/v2\/giftcard-category?post=55506"}],"curies":[{"name":"wp","href":"https:\/\/api.w.org\/{rel}","templated":true}]}}