{"id":55508,"date":"2021-08-24T18:50:04","date_gmt":"2021-08-24T16:50:04","guid":{"rendered":"https:\/\/fit360.ee\/?post_type=product&#038;p=55508"},"modified":"2025-08-13T07:35:35","modified_gmt":"2025-08-13T05:35:35","slug":"twix-protein-powder-875g","status":"publish","type":"product","link":"https:\/\/fit360.ee\/en\/pood\/product-groups\/protein-poweders-en\/whey-protein-en\/twix-protein-powder-875g\/","title":{"rendered":"Twix Protein Powder (875g)"},"content":{"rendered":"<h1><strong>Twix Protein Powder<\/strong><\/h1>\n<p>Twix Protein Powder on Twixi \u0161okolaadik\u00fcpsise-karamelli maitseline vadakuvalgu pulber. Ebatavaline Twixi seguga valgupulbrit saate n\u00fc\u00fcd nautida \u00fche rahva lemmikmaitselise \u0161okolaaditahvli maitsvat maitset, mis sisaldab <strong>21 g valku<\/strong> ja 141 kalorit portsjoni kohta.<\/p>\n<p>Madalama kalorsusega kui populaarne Twix batoon, ainult 3,7 grammi suhkrut ja 3,4 grammi rasva portsjoni kohta, kuid arvestatava 20,6 grammi valguga 35 grammi pulbri kohta. Sobib h\u00e4sti lihasmassi ehitamiseks ja s\u00e4ilitamiseks.<\/p>\n<p>Vadakuvalk on eriti kasulik lihaste \u00fclesehitamise faasis ja seda kasutavad sageli ka tavalised harrastussportlased.<\/p>\n<p><a href=\"https:\/\/fit360.ee\/wp-content\/uploads\/2021\/08\/twix-protein-powder-fit360.ee_.jpg\"><img loading=\"lazy\" decoding=\"async\" class=\" wp-image-55509\" src=\"https:\/\/fit360.ee\/wp-content\/uploads\/2021\/08\/twix-protein-powder-fit360.ee_.jpg\" alt=\"twix protein powder - fit360.ee\" width=\"352\" height=\"352\" srcset=\"https:\/\/fit360.ee\/wp-content\/uploads\/2021\/08\/twix-protein-powder-fit360.ee_.jpg 300w, https:\/\/fit360.ee\/wp-content\/uploads\/2021\/08\/twix-protein-powder-fit360.ee_-247x247.jpg 247w, https:\/\/fit360.ee\/wp-content\/uploads\/2021\/08\/twix-protein-powder-fit360.ee_-100x100.jpg 100w, https:\/\/fit360.ee\/wp-content\/uploads\/2021\/08\/twix-protein-powder-fit360.ee_-80x80.jpg 80w\" sizes=\"auto, (max-width: 352px) 100vw, 352px\" \/><\/a><\/p>\n<p><strong>Koostisosad<\/strong>: Vadakuvalgu kontsentraat, lahja kakaopulber, t\u00e4ispiimapulber, sigurijuure kiud, l\u00f5hna- ja maitseained, rafineeritud kookos\u00f5li, odralinnaseekstrakt, paksendaja (ksantaankummi, guarkummi), magusaine (atsesulfaam K, sukraloos)<\/p>\n<p><strong>Kasutamine<\/strong>: Sega 35 g pulbrit 250 ml vette koos k\u00e4ep\u00e4rase kulbiga, et luua t\u00f5eliselt meeldiv k\u00f5rge proteiinisisaldusega kokteil.<\/p>\n<p><strong>Suurus<\/strong>: 875g &#8211; 25 serveeringut<\/p>\n<table>\n<tbody>\n<tr>\n<td width=\"213\"><strong>Toitev\u00e4\u00e4rtus<\/strong><\/td>\n<td width=\"213\"><strong>1 serveering \u2013 35g<\/strong><\/td>\n<\/tr>\n<tr>\n<td width=\"213\">Energia<\/td>\n<td width=\"213\">141kcal<\/td>\n<\/tr>\n<tr>\n<td width=\"213\">Rasvad<\/td>\n<td width=\"213\">3,4g<\/td>\n<\/tr>\n<tr>\n<td width=\"213\"><em>millest<\/em> k\u00fcllastunud rasvhapped<\/td>\n<td width=\"213\">2,2g<\/td>\n<\/tr>\n<tr>\n<td width=\"213\">S\u00fcsivesikud<\/td>\n<td width=\"213\">5,6g<\/td>\n<\/tr>\n<tr>\n<td width=\"213\"><em>millest<\/em> suhkur<\/td>\n<td width=\"213\">3,7g<\/td>\n<\/tr>\n<tr>\n<td width=\"213\"><strong>Valgud<\/strong><\/td>\n<td width=\"213\"><strong>20,6g<\/strong><\/td>\n<\/tr>\n<tr>\n<td width=\"213\">Sool<\/td>\n<td width=\"213\">0,15g<\/td>\n<\/tr>\n<\/tbody>\n<\/table>\n<p>Vaata ka meie Teisi Proteiinipulbreid <a href=\"https:\/\/fit360.ee\/en\/product-category\/product-groups\/protein-poweders-en\/\"><strong>SIIT<\/strong><\/a>!<\/p>\n<p>Soovid teha suuremat tellimust? Vaata antud toodet meie HULGI lehelt\u00a0<a href=\"https:\/\/toidulisandidhulgi.ee\/product\/twix-protein-powder-875g\/\"><strong>SIIT<\/strong><\/a>!<\/p>\n","protected":false},"excerpt":{"rendered":"<h3><strong>Twixi proteiinipulber<\/strong><\/h3>\n<ul>\n<li>Koheselt\u00a0<strong>\u00e4ratuntav T<\/strong>wixi \u0161okolaadi maitse;<\/li>\n<li>m\u00f5nus kooslus\u00a0<strong>karamellip\u00e4hkli ja k\u00fcpsise <\/strong>maitsest;<\/li>\n<li><b>ainult 5g s\u00fcsivesikuid<\/b>\u00a0\u00fches portsjonis;<\/li>\n<li><strong>\u00fcle 21g valku<\/strong>\u00a0\u00fches portsjonis;<\/li>\n<li><strong>vaid 140\u00a0kcal<\/strong>\u00a0\u00fches portsjonis.<\/li>\n<\/ul>\n","protected":false},"featured_media":55512,"comment_status":"closed","ping_status":"closed","template":"","meta":[],"product_brand":[],"product_cat":[3012,535,2420],"product_tag":[3021,3022,3023],"giftcard-category":[],"class_list":{"0":"post-55508","1":"product","2":"type-product","3":"status-publish","4":"has-post-thumbnail","6":"product_cat-mars-protein-en","7":"product_cat-protein-poweders-en","8":"product_cat-whey-protein-en","9":"product_tag-mars-protein-en","10":"product_tag-twix-en","11":"product_tag-twix-protein-powder-en","12":"pa_kogus-875g-en","13":"pa_maitse-chocolate-hazelnut","14":"pa_toidulisand-branddd-mars","15":"pa_toidulisand-branddd-mars-protein","16":"pa_tootegruppp-protein","17":"pa_tootegruppp-vadakuvalk-en","19":"first","20":"outofstock","21":"sale","22":"taxable","23":"shipping-taxable","24":"purchasable","25":"product-type-simple"},"yoast_head":"<!-- This site is optimized with the Yoast SEO plugin v27.3 - https:\/\/yoast.com\/product\/yoast-seo-wordpress\/ -->\n<title>Twix Protein Powder (875g) - Twix Hi Protein - Parim Maitse - Fit360<\/title>\n<meta name=\"description\" content=\"Twix Protein Powder on Twixi \u0161okolaadip\u00e4hkli-karamelli maitseline valgupulber. 21 g valku ja 140 kalorit portsjoni kohta. Kiire tarne!\" \/>\n<meta name=\"robots\" content=\"index, follow, max-snippet:-1, max-image-preview:large, max-video-preview:-1\" \/>\n<link rel=\"canonical\" href=\"https:\/\/fit360.ee\/en\/pood\/product-groups\/protein-poweders-en\/whey-protein-en\/twix-protein-powder-875g\/\" \/>\n<meta property=\"og:locale\" content=\"en_US\" \/>\n<meta property=\"og:type\" content=\"article\" \/>\n<meta property=\"og:title\" content=\"Twix Protein Powder (875g) - Twix Hi Protein - Parim Maitse - Fit360\" \/>\n<meta property=\"og:description\" content=\"Twix Protein Powder on Twixi \u0161okolaadip\u00e4hkli-karamelli maitseline valgupulber. 21 g valku ja 140 kalorit portsjoni kohta. Kiire tarne!\" \/>\n<meta property=\"og:url\" content=\"https:\/\/fit360.ee\/en\/pood\/product-groups\/protein-poweders-en\/whey-protein-en\/twix-protein-powder-875g\/\" \/>\n<meta property=\"og:site_name\" content=\"Fit360\" \/>\n<meta property=\"article:modified_time\" content=\"2025-08-13T05:35:35+00:00\" \/>\n<meta property=\"og:image\" content=\"https:\/\/fit360.ee\/wp-content\/uploads\/2021\/08\/twix-protein-powder-fit360.ee-2.jpeg\" \/>\n\t<meta property=\"og:image:width\" content=\"700\" \/>\n\t<meta property=\"og:image:height\" content=\"700\" \/>\n\t<meta property=\"og:image:type\" content=\"image\/jpeg\" \/>\n<meta name=\"twitter:card\" content=\"summary_large_image\" \/>\n<meta name=\"twitter:label1\" content=\"Est. reading time\" \/>\n\t<meta name=\"twitter:data1\" content=\"1 minute\" \/>\n<script type=\"application\/ld+json\" class=\"yoast-schema-graph\">{\"@context\":\"https:\\\/\\\/schema.org\",\"@graph\":[{\"@type\":\"WebPage\",\"@id\":\"https:\\\/\\\/fit360.ee\\\/en\\\/pood\\\/product-groups\\\/protein-poweders-en\\\/whey-protein-en\\\/twix-protein-powder-875g\\\/\",\"url\":\"https:\\\/\\\/fit360.ee\\\/en\\\/pood\\\/product-groups\\\/protein-poweders-en\\\/whey-protein-en\\\/twix-protein-powder-875g\\\/\",\"name\":\"Twix Protein Powder (875g) - Twix Hi Protein - Parim Maitse - Fit360\",\"isPartOf\":{\"@id\":\"https:\\\/\\\/fit360.ee\\\/en\\\/#website\"},\"primaryImageOfPage\":{\"@id\":\"https:\\\/\\\/fit360.ee\\\/en\\\/pood\\\/product-groups\\\/protein-poweders-en\\\/whey-protein-en\\\/twix-protein-powder-875g\\\/#primaryimage\"},\"image\":{\"@id\":\"https:\\\/\\\/fit360.ee\\\/en\\\/pood\\\/product-groups\\\/protein-poweders-en\\\/whey-protein-en\\\/twix-protein-powder-875g\\\/#primaryimage\"},\"thumbnailUrl\":\"https:\\\/\\\/fit360.ee\\\/wp-content\\\/uploads\\\/2021\\\/08\\\/twix-protein-powder-fit360.ee-2.jpeg\",\"datePublished\":\"2021-08-24T16:50:04+00:00\",\"dateModified\":\"2025-08-13T05:35:35+00:00\",\"description\":\"Twix Protein Powder on Twixi \u0161okolaadip\u00e4hkli-karamelli maitseline valgupulber. 21 g valku ja 140 kalorit portsjoni kohta. Kiire tarne!\",\"breadcrumb\":{\"@id\":\"https:\\\/\\\/fit360.ee\\\/en\\\/pood\\\/product-groups\\\/protein-poweders-en\\\/whey-protein-en\\\/twix-protein-powder-875g\\\/#breadcrumb\"},\"inLanguage\":\"en-US\",\"potentialAction\":[{\"@type\":\"ReadAction\",\"target\":[\"https:\\\/\\\/fit360.ee\\\/en\\\/pood\\\/product-groups\\\/protein-poweders-en\\\/whey-protein-en\\\/twix-protein-powder-875g\\\/\"]}]},{\"@type\":\"ImageObject\",\"inLanguage\":\"en-US\",\"@id\":\"https:\\\/\\\/fit360.ee\\\/en\\\/pood\\\/product-groups\\\/protein-poweders-en\\\/whey-protein-en\\\/twix-protein-powder-875g\\\/#primaryimage\",\"url\":\"https:\\\/\\\/fit360.ee\\\/wp-content\\\/uploads\\\/2021\\\/08\\\/twix-protein-powder-fit360.ee-2.jpeg\",\"contentUrl\":\"https:\\\/\\\/fit360.ee\\\/wp-content\\\/uploads\\\/2021\\\/08\\\/twix-protein-powder-fit360.ee-2.jpeg\",\"width\":700,\"height\":700,\"caption\":\"twix protein powder - fit360.ee\"},{\"@type\":\"BreadcrumbList\",\"@id\":\"https:\\\/\\\/fit360.ee\\\/en\\\/pood\\\/product-groups\\\/protein-poweders-en\\\/whey-protein-en\\\/twix-protein-powder-875g\\\/#breadcrumb\",\"itemListElement\":[{\"@type\":\"ListItem\",\"position\":1,\"name\":\"Home\",\"item\":\"https:\\\/\\\/fit360.ee\\\/en\\\/\"},{\"@type\":\"ListItem\",\"position\":2,\"name\":\"Shop\",\"item\":\"https:\\\/\\\/fit360.ee\\\/en\\\/shop\\\/\"},{\"@type\":\"ListItem\",\"position\":3,\"name\":\"Twix Protein Powder (875g)\"}]},{\"@type\":\"WebSite\",\"@id\":\"https:\\\/\\\/fit360.ee\\\/en\\\/#website\",\"url\":\"https:\\\/\\\/fit360.ee\\\/en\\\/\",\"name\":\"Fit360\",\"description\":\"\",\"publisher\":{\"@id\":\"https:\\\/\\\/fit360.ee\\\/en\\\/#organization\"},\"potentialAction\":[{\"@type\":\"SearchAction\",\"target\":{\"@type\":\"EntryPoint\",\"urlTemplate\":\"https:\\\/\\\/fit360.ee\\\/en\\\/?s={search_term_string}\"},\"query-input\":{\"@type\":\"PropertyValueSpecification\",\"valueRequired\":true,\"valueName\":\"search_term_string\"}}],\"inLanguage\":\"en-US\"},{\"@type\":\"Organization\",\"@id\":\"https:\\\/\\\/fit360.ee\\\/en\\\/#organization\",\"name\":\"Fit360\",\"url\":\"https:\\\/\\\/fit360.ee\\\/en\\\/\",\"logo\":{\"@type\":\"ImageObject\",\"inLanguage\":\"en-US\",\"@id\":\"https:\\\/\\\/fit360.ee\\\/en\\\/#\\\/schema\\\/logo\\\/image\\\/\",\"url\":\"https:\\\/\\\/fit360.ee\\\/wp-content\\\/uploads\\\/2017\\\/01\\\/logo-fit360.png\",\"contentUrl\":\"https:\\\/\\\/fit360.ee\\\/wp-content\\\/uploads\\\/2017\\\/01\\\/logo-fit360.png\",\"width\":180,\"height\":66,\"caption\":\"Fit360\"},\"image\":{\"@id\":\"https:\\\/\\\/fit360.ee\\\/en\\\/#\\\/schema\\\/logo\\\/image\\\/\"}}]}<\/script>\n<!-- \/ Yoast SEO plugin. -->","yoast_head_json":{"title":"Twix Protein Powder (875g) - Twix Hi Protein - Parim Maitse - Fit360","description":"Twix Protein Powder on Twixi \u0161okolaadip\u00e4hkli-karamelli maitseline valgupulber. 21 g valku ja 140 kalorit portsjoni kohta. Kiire tarne!","robots":{"index":"index","follow":"follow","max-snippet":"max-snippet:-1","max-image-preview":"max-image-preview:large","max-video-preview":"max-video-preview:-1"},"canonical":"https:\/\/fit360.ee\/en\/pood\/product-groups\/protein-poweders-en\/whey-protein-en\/twix-protein-powder-875g\/","og_locale":"en_US","og_type":"article","og_title":"Twix Protein Powder (875g) - Twix Hi Protein - Parim Maitse - Fit360","og_description":"Twix Protein Powder on Twixi \u0161okolaadip\u00e4hkli-karamelli maitseline valgupulber. 21 g valku ja 140 kalorit portsjoni kohta. Kiire tarne!","og_url":"https:\/\/fit360.ee\/en\/pood\/product-groups\/protein-poweders-en\/whey-protein-en\/twix-protein-powder-875g\/","og_site_name":"Fit360","article_modified_time":"2025-08-13T05:35:35+00:00","og_image":[{"width":700,"height":700,"url":"https:\/\/fit360.ee\/wp-content\/uploads\/2021\/08\/twix-protein-powder-fit360.ee-2.jpeg","type":"image\/jpeg"}],"twitter_card":"summary_large_image","twitter_misc":{"Est. reading time":"1 minute"},"schema":{"@context":"https:\/\/schema.org","@graph":[{"@type":"WebPage","@id":"https:\/\/fit360.ee\/en\/pood\/product-groups\/protein-poweders-en\/whey-protein-en\/twix-protein-powder-875g\/","url":"https:\/\/fit360.ee\/en\/pood\/product-groups\/protein-poweders-en\/whey-protein-en\/twix-protein-powder-875g\/","name":"Twix Protein Powder (875g) - Twix Hi Protein - Parim Maitse - Fit360","isPartOf":{"@id":"https:\/\/fit360.ee\/en\/#website"},"primaryImageOfPage":{"@id":"https:\/\/fit360.ee\/en\/pood\/product-groups\/protein-poweders-en\/whey-protein-en\/twix-protein-powder-875g\/#primaryimage"},"image":{"@id":"https:\/\/fit360.ee\/en\/pood\/product-groups\/protein-poweders-en\/whey-protein-en\/twix-protein-powder-875g\/#primaryimage"},"thumbnailUrl":"https:\/\/fit360.ee\/wp-content\/uploads\/2021\/08\/twix-protein-powder-fit360.ee-2.jpeg","datePublished":"2021-08-24T16:50:04+00:00","dateModified":"2025-08-13T05:35:35+00:00","description":"Twix Protein Powder on Twixi \u0161okolaadip\u00e4hkli-karamelli maitseline valgupulber. 21 g valku ja 140 kalorit portsjoni kohta. Kiire tarne!","breadcrumb":{"@id":"https:\/\/fit360.ee\/en\/pood\/product-groups\/protein-poweders-en\/whey-protein-en\/twix-protein-powder-875g\/#breadcrumb"},"inLanguage":"en-US","potentialAction":[{"@type":"ReadAction","target":["https:\/\/fit360.ee\/en\/pood\/product-groups\/protein-poweders-en\/whey-protein-en\/twix-protein-powder-875g\/"]}]},{"@type":"ImageObject","inLanguage":"en-US","@id":"https:\/\/fit360.ee\/en\/pood\/product-groups\/protein-poweders-en\/whey-protein-en\/twix-protein-powder-875g\/#primaryimage","url":"https:\/\/fit360.ee\/wp-content\/uploads\/2021\/08\/twix-protein-powder-fit360.ee-2.jpeg","contentUrl":"https:\/\/fit360.ee\/wp-content\/uploads\/2021\/08\/twix-protein-powder-fit360.ee-2.jpeg","width":700,"height":700,"caption":"twix protein powder - fit360.ee"},{"@type":"BreadcrumbList","@id":"https:\/\/fit360.ee\/en\/pood\/product-groups\/protein-poweders-en\/whey-protein-en\/twix-protein-powder-875g\/#breadcrumb","itemListElement":[{"@type":"ListItem","position":1,"name":"Home","item":"https:\/\/fit360.ee\/en\/"},{"@type":"ListItem","position":2,"name":"Shop","item":"https:\/\/fit360.ee\/en\/shop\/"},{"@type":"ListItem","position":3,"name":"Twix Protein Powder (875g)"}]},{"@type":"WebSite","@id":"https:\/\/fit360.ee\/en\/#website","url":"https:\/\/fit360.ee\/en\/","name":"Fit360","description":"","publisher":{"@id":"https:\/\/fit360.ee\/en\/#organization"},"potentialAction":[{"@type":"SearchAction","target":{"@type":"EntryPoint","urlTemplate":"https:\/\/fit360.ee\/en\/?s={search_term_string}"},"query-input":{"@type":"PropertyValueSpecification","valueRequired":true,"valueName":"search_term_string"}}],"inLanguage":"en-US"},{"@type":"Organization","@id":"https:\/\/fit360.ee\/en\/#organization","name":"Fit360","url":"https:\/\/fit360.ee\/en\/","logo":{"@type":"ImageObject","inLanguage":"en-US","@id":"https:\/\/fit360.ee\/en\/#\/schema\/logo\/image\/","url":"https:\/\/fit360.ee\/wp-content\/uploads\/2017\/01\/logo-fit360.png","contentUrl":"https:\/\/fit360.ee\/wp-content\/uploads\/2017\/01\/logo-fit360.png","width":180,"height":66,"caption":"Fit360"},"image":{"@id":"https:\/\/fit360.ee\/en\/#\/schema\/logo\/image\/"}}]}},"_links":{"self":[{"href":"https:\/\/fit360.ee\/en\/wp-json\/wp\/v2\/product\/55508","targetHints":{"allow":["GET"]}}],"collection":[{"href":"https:\/\/fit360.ee\/en\/wp-json\/wp\/v2\/product"}],"about":[{"href":"https:\/\/fit360.ee\/en\/wp-json\/wp\/v2\/types\/product"}],"replies":[{"embeddable":true,"href":"https:\/\/fit360.ee\/en\/wp-json\/wp\/v2\/comments?post=55508"}],"wp:featuredmedia":[{"embeddable":true,"href":"https:\/\/fit360.ee\/en\/wp-json\/wp\/v2\/media\/55512"}],"wp:attachment":[{"href":"https:\/\/fit360.ee\/en\/wp-json\/wp\/v2\/media?parent=55508"}],"wp:term":[{"taxonomy":"product_brand","embeddable":true,"href":"https:\/\/fit360.ee\/en\/wp-json\/wp\/v2\/product_brand?post=55508"},{"taxonomy":"product_cat","embeddable":true,"href":"https:\/\/fit360.ee\/en\/wp-json\/wp\/v2\/product_cat?post=55508"},{"taxonomy":"product_tag","embeddable":true,"href":"https:\/\/fit360.ee\/en\/wp-json\/wp\/v2\/product_tag?post=55508"},{"taxonomy":"giftcard-category","embeddable":true,"href":"https:\/\/fit360.ee\/en\/wp-json\/wp\/v2\/giftcard-category?post=55508"}],"curies":[{"name":"wp","href":"https:\/\/api.w.org\/{rel}","templated":true}]}}