{"id":55514,"date":"2021-08-24T19:42:44","date_gmt":"2021-08-24T17:42:44","guid":{"rendered":"https:\/\/fit360.ee\/?post_type=product&#038;p=55514"},"modified":"2025-08-13T07:39:19","modified_gmt":"2025-08-13T05:39:19","slug":"bounty-protein-powder-875g","status":"publish","type":"product","link":"https:\/\/fit360.ee\/en\/pood\/product-groups\/protein-poweders-en\/whey-protein-en\/bounty-protein-powder-875g\/","title":{"rendered":"Bounty Protein Powder (875g)"},"content":{"rendered":"<h1><strong>Bounty Protein Powder<\/strong><\/h1>\n<p>Bounty Protein Powder on Bounty \u0161okolaadik-kookose maitseline vadakuvalgu pulber. Ebatavaline Bounty seguga valgupulbrit saate n\u00fc\u00fcd nautida \u00fche rahva lemmikmaitselise \u0161okolaaditahvli maitsvat maitset, mis sisaldab <strong>21 g valku<\/strong> ja 147 kalorit portsjoni kohta.<\/p>\n<p>Madalama kalorsusega kui populaarne Bounty batoon, ainult 3,3 grammi suhkrut ja 4,4 grammi rasva portsjoni kohta, kuid arvestatava 21 grammi valguga 35 grammi pulbri kohta. Sobib h\u00e4sti lihasmassi ehitamiseks ja s\u00e4ilitamiseks.<\/p>\n<p>Vadakuvalk on eriti kasulik lihaste \u00fclesehitamise faasis ja seda kasutavad sageli ka tavalised harrastussportlased.<\/p>\n<p><strong>Koostisosad<\/strong>: Vadakupiimavalgu kontsentraat (PIIM), t\u00e4ispiimapulber, rasvasisaldusega kakaopulber (8%), kookospiimapulber (4%), l\u00f5hna- ja maitseained, rafineeritud kookos\u00f5li, paksendajad (ksantaankumm, guarkummi), sigurijuure kiud, magusained (atsesulfaam K, sukraloos).<\/p>\n<p><strong>Kasutamine<\/strong>: Sega 35 g pulbrit 250 ml vette koos k\u00e4ep\u00e4rase kulbiga, et luua t\u00f5eliselt meeldiv k\u00f5rge proteiinisisaldusega kokteil.<\/p>\n<p><strong>Suurus<\/strong>: 875g &#8211; 25 serveeringut<\/p>\n<table>\n<tbody>\n<tr>\n<td width=\"213\"><strong>Toitev\u00e4\u00e4rtus<\/strong><\/td>\n<td width=\"213\"><strong>1 serveering \u2013 35g<\/strong><\/td>\n<\/tr>\n<tr>\n<td width=\"213\">Energia<\/td>\n<td width=\"213\">147kcal<\/td>\n<\/tr>\n<tr>\n<td width=\"213\">Rasvad<\/td>\n<td width=\"213\">4,4g<\/td>\n<\/tr>\n<tr>\n<td width=\"213\"><em>millest<\/em> k\u00fcllastunud rasvhapped<\/td>\n<td width=\"213\">3,2g<\/td>\n<\/tr>\n<tr>\n<td width=\"213\">S\u00fcsivesikud<\/td>\n<td width=\"213\">5g<\/td>\n<\/tr>\n<tr>\n<td width=\"213\"><em>millest<\/em> suhkur<\/td>\n<td width=\"213\">3,3g<\/td>\n<\/tr>\n<tr>\n<td width=\"213\"><strong>Valgud<\/strong><\/td>\n<td width=\"213\"><strong>21g<\/strong><\/td>\n<\/tr>\n<tr>\n<td width=\"213\">Sool<\/td>\n<td width=\"213\">0,15g<\/td>\n<\/tr>\n<\/tbody>\n<\/table>\n<p>Vaata ka meie Teisi Proteiinipulbreid <a href=\"https:\/\/fit360.ee\/en\/product-category\/product-groups\/protein-poweders-en\/\"><strong>SIIT<\/strong><\/a>!<\/p>\n<p>Soovid teha suuremat tellimust? Vaata antud toodet meie HULGI lehelt\u00a0<a href=\"https:\/\/toidulisandidhulgi.ee\/product\/bounty-protein-powder-875g\/\"><strong>SIIT<\/strong><\/a>!<\/p>\n","protected":false},"excerpt":{"rendered":"<h3><strong>Bounty proteiinipulber<\/strong><\/h3>\n<ul>\n<li>Koheselt\u00a0<strong>\u00e4ratuntav Bounty<\/strong>\u00a0\u0161okolaadi maitse;<\/li>\n<li>m\u00f5nus kooslus\u00a0<strong>\u0161okolaadi-kookose <\/strong>maitsest;<\/li>\n<li><b>ainult 5g s\u00fcsivesikuid<\/b>\u00a0\u00fches portsjonis;<\/li>\n<li><strong>\u00fcle 21g valku<\/strong>\u00a0\u00fches portsjonis;<\/li>\n<li><strong>vaid 147 kcal<\/strong>\u00a0\u00fches portsjonis.<\/li>\n<\/ul>\n","protected":false},"featured_media":55518,"comment_status":"closed","ping_status":"closed","template":"","meta":[],"product_brand":[],"product_cat":[3012,535,2420],"product_tag":[3026,3027,3021],"giftcard-category":[],"class_list":{"0":"post-55514","1":"product","2":"type-product","3":"status-publish","4":"has-post-thumbnail","6":"product_cat-mars-protein-en","7":"product_cat-protein-poweders-en","8":"product_cat-whey-protein-en","9":"product_tag-bounty-en","10":"product_tag-bounty-protein-powder-en","11":"product_tag-mars-protein-en","12":"pa_kogus-875g-en","13":"pa_maitse-chocolate-cocnut","14":"pa_toidulisand-branddd-mars","15":"pa_toidulisand-branddd-mars-protein","16":"pa_tootegruppp-protein","17":"pa_tootegruppp-vadakuvalk-en","19":"first","20":"outofstock","21":"sale","22":"taxable","23":"shipping-taxable","24":"purchasable","25":"product-type-simple"},"yoast_head":"<!-- This site is optimized with the Yoast SEO plugin v27.3 - https:\/\/yoast.com\/product\/yoast-seo-wordpress\/ -->\n<title>Bounty Protein Powder (875g) - Bounty Hi Protein - Parim Maitse - Fit360<\/title>\n<meta name=\"description\" content=\"Bounty Protein Powder on Bounty \u0161okolaadi-kookose maitseline valgupulber. 21 g valku ja 140 kalorit portsjoni kohta. Kiire tarne!\" \/>\n<meta name=\"robots\" content=\"index, follow, max-snippet:-1, max-image-preview:large, max-video-preview:-1\" \/>\n<link rel=\"canonical\" href=\"https:\/\/fit360.ee\/en\/pood\/product-groups\/protein-poweders-en\/whey-protein-en\/bounty-protein-powder-875g\/\" \/>\n<meta property=\"og:locale\" content=\"en_US\" \/>\n<meta property=\"og:type\" content=\"article\" \/>\n<meta property=\"og:title\" content=\"Bounty Protein Powder (875g) - Bounty Hi Protein - Parim Maitse - Fit360\" \/>\n<meta property=\"og:description\" content=\"Bounty Protein Powder on Bounty \u0161okolaadi-kookose maitseline valgupulber. 21 g valku ja 140 kalorit portsjoni kohta. Kiire tarne!\" \/>\n<meta property=\"og:url\" content=\"https:\/\/fit360.ee\/en\/pood\/product-groups\/protein-poweders-en\/whey-protein-en\/bounty-protein-powder-875g\/\" \/>\n<meta property=\"og:site_name\" content=\"Fit360\" \/>\n<meta property=\"article:modified_time\" content=\"2025-08-13T05:39:19+00:00\" \/>\n<meta property=\"og:image\" content=\"https:\/\/fit360.ee\/wp-content\/uploads\/2021\/08\/bounty-protein-powder-fit360.ee_.jpg\" \/>\n\t<meta property=\"og:image:width\" content=\"1000\" \/>\n\t<meta property=\"og:image:height\" content=\"1000\" \/>\n\t<meta property=\"og:image:type\" content=\"image\/jpeg\" \/>\n<meta name=\"twitter:card\" content=\"summary_large_image\" \/>\n<meta name=\"twitter:label1\" content=\"Est. reading time\" \/>\n\t<meta name=\"twitter:data1\" content=\"1 minute\" \/>\n<script type=\"application\/ld+json\" class=\"yoast-schema-graph\">{\"@context\":\"https:\\\/\\\/schema.org\",\"@graph\":[{\"@type\":\"WebPage\",\"@id\":\"https:\\\/\\\/fit360.ee\\\/en\\\/pood\\\/product-groups\\\/protein-poweders-en\\\/whey-protein-en\\\/bounty-protein-powder-875g\\\/\",\"url\":\"https:\\\/\\\/fit360.ee\\\/en\\\/pood\\\/product-groups\\\/protein-poweders-en\\\/whey-protein-en\\\/bounty-protein-powder-875g\\\/\",\"name\":\"Bounty Protein Powder (875g) - Bounty Hi Protein - Parim Maitse - Fit360\",\"isPartOf\":{\"@id\":\"https:\\\/\\\/fit360.ee\\\/en\\\/#website\"},\"primaryImageOfPage\":{\"@id\":\"https:\\\/\\\/fit360.ee\\\/en\\\/pood\\\/product-groups\\\/protein-poweders-en\\\/whey-protein-en\\\/bounty-protein-powder-875g\\\/#primaryimage\"},\"image\":{\"@id\":\"https:\\\/\\\/fit360.ee\\\/en\\\/pood\\\/product-groups\\\/protein-poweders-en\\\/whey-protein-en\\\/bounty-protein-powder-875g\\\/#primaryimage\"},\"thumbnailUrl\":\"https:\\\/\\\/fit360.ee\\\/wp-content\\\/uploads\\\/2021\\\/08\\\/bounty-protein-powder-fit360.ee_.jpg\",\"datePublished\":\"2021-08-24T17:42:44+00:00\",\"dateModified\":\"2025-08-13T05:39:19+00:00\",\"description\":\"Bounty Protein Powder on Bounty \u0161okolaadi-kookose maitseline valgupulber. 21 g valku ja 140 kalorit portsjoni kohta. Kiire tarne!\",\"breadcrumb\":{\"@id\":\"https:\\\/\\\/fit360.ee\\\/en\\\/pood\\\/product-groups\\\/protein-poweders-en\\\/whey-protein-en\\\/bounty-protein-powder-875g\\\/#breadcrumb\"},\"inLanguage\":\"en-US\",\"potentialAction\":[{\"@type\":\"ReadAction\",\"target\":[\"https:\\\/\\\/fit360.ee\\\/en\\\/pood\\\/product-groups\\\/protein-poweders-en\\\/whey-protein-en\\\/bounty-protein-powder-875g\\\/\"]}]},{\"@type\":\"ImageObject\",\"inLanguage\":\"en-US\",\"@id\":\"https:\\\/\\\/fit360.ee\\\/en\\\/pood\\\/product-groups\\\/protein-poweders-en\\\/whey-protein-en\\\/bounty-protein-powder-875g\\\/#primaryimage\",\"url\":\"https:\\\/\\\/fit360.ee\\\/wp-content\\\/uploads\\\/2021\\\/08\\\/bounty-protein-powder-fit360.ee_.jpg\",\"contentUrl\":\"https:\\\/\\\/fit360.ee\\\/wp-content\\\/uploads\\\/2021\\\/08\\\/bounty-protein-powder-fit360.ee_.jpg\",\"width\":1000,\"height\":1000,\"caption\":\"bounty protein powder - fit360.ee\"},{\"@type\":\"BreadcrumbList\",\"@id\":\"https:\\\/\\\/fit360.ee\\\/en\\\/pood\\\/product-groups\\\/protein-poweders-en\\\/whey-protein-en\\\/bounty-protein-powder-875g\\\/#breadcrumb\",\"itemListElement\":[{\"@type\":\"ListItem\",\"position\":1,\"name\":\"Home\",\"item\":\"https:\\\/\\\/fit360.ee\\\/en\\\/\"},{\"@type\":\"ListItem\",\"position\":2,\"name\":\"Shop\",\"item\":\"https:\\\/\\\/fit360.ee\\\/en\\\/shop\\\/\"},{\"@type\":\"ListItem\",\"position\":3,\"name\":\"Bounty Protein Powder (875g)\"}]},{\"@type\":\"WebSite\",\"@id\":\"https:\\\/\\\/fit360.ee\\\/en\\\/#website\",\"url\":\"https:\\\/\\\/fit360.ee\\\/en\\\/\",\"name\":\"Fit360\",\"description\":\"\",\"publisher\":{\"@id\":\"https:\\\/\\\/fit360.ee\\\/en\\\/#organization\"},\"potentialAction\":[{\"@type\":\"SearchAction\",\"target\":{\"@type\":\"EntryPoint\",\"urlTemplate\":\"https:\\\/\\\/fit360.ee\\\/en\\\/?s={search_term_string}\"},\"query-input\":{\"@type\":\"PropertyValueSpecification\",\"valueRequired\":true,\"valueName\":\"search_term_string\"}}],\"inLanguage\":\"en-US\"},{\"@type\":\"Organization\",\"@id\":\"https:\\\/\\\/fit360.ee\\\/en\\\/#organization\",\"name\":\"Fit360\",\"url\":\"https:\\\/\\\/fit360.ee\\\/en\\\/\",\"logo\":{\"@type\":\"ImageObject\",\"inLanguage\":\"en-US\",\"@id\":\"https:\\\/\\\/fit360.ee\\\/en\\\/#\\\/schema\\\/logo\\\/image\\\/\",\"url\":\"https:\\\/\\\/fit360.ee\\\/wp-content\\\/uploads\\\/2017\\\/01\\\/logo-fit360.png\",\"contentUrl\":\"https:\\\/\\\/fit360.ee\\\/wp-content\\\/uploads\\\/2017\\\/01\\\/logo-fit360.png\",\"width\":180,\"height\":66,\"caption\":\"Fit360\"},\"image\":{\"@id\":\"https:\\\/\\\/fit360.ee\\\/en\\\/#\\\/schema\\\/logo\\\/image\\\/\"}}]}<\/script>\n<!-- \/ Yoast SEO plugin. -->","yoast_head_json":{"title":"Bounty Protein Powder (875g) - Bounty Hi Protein - Parim Maitse - Fit360","description":"Bounty Protein Powder on Bounty \u0161okolaadi-kookose maitseline valgupulber. 21 g valku ja 140 kalorit portsjoni kohta. Kiire tarne!","robots":{"index":"index","follow":"follow","max-snippet":"max-snippet:-1","max-image-preview":"max-image-preview:large","max-video-preview":"max-video-preview:-1"},"canonical":"https:\/\/fit360.ee\/en\/pood\/product-groups\/protein-poweders-en\/whey-protein-en\/bounty-protein-powder-875g\/","og_locale":"en_US","og_type":"article","og_title":"Bounty Protein Powder (875g) - Bounty Hi Protein - Parim Maitse - Fit360","og_description":"Bounty Protein Powder on Bounty \u0161okolaadi-kookose maitseline valgupulber. 21 g valku ja 140 kalorit portsjoni kohta. Kiire tarne!","og_url":"https:\/\/fit360.ee\/en\/pood\/product-groups\/protein-poweders-en\/whey-protein-en\/bounty-protein-powder-875g\/","og_site_name":"Fit360","article_modified_time":"2025-08-13T05:39:19+00:00","og_image":[{"width":1000,"height":1000,"url":"https:\/\/fit360.ee\/wp-content\/uploads\/2021\/08\/bounty-protein-powder-fit360.ee_.jpg","type":"image\/jpeg"}],"twitter_card":"summary_large_image","twitter_misc":{"Est. reading time":"1 minute"},"schema":{"@context":"https:\/\/schema.org","@graph":[{"@type":"WebPage","@id":"https:\/\/fit360.ee\/en\/pood\/product-groups\/protein-poweders-en\/whey-protein-en\/bounty-protein-powder-875g\/","url":"https:\/\/fit360.ee\/en\/pood\/product-groups\/protein-poweders-en\/whey-protein-en\/bounty-protein-powder-875g\/","name":"Bounty Protein Powder (875g) - Bounty Hi Protein - Parim Maitse - Fit360","isPartOf":{"@id":"https:\/\/fit360.ee\/en\/#website"},"primaryImageOfPage":{"@id":"https:\/\/fit360.ee\/en\/pood\/product-groups\/protein-poweders-en\/whey-protein-en\/bounty-protein-powder-875g\/#primaryimage"},"image":{"@id":"https:\/\/fit360.ee\/en\/pood\/product-groups\/protein-poweders-en\/whey-protein-en\/bounty-protein-powder-875g\/#primaryimage"},"thumbnailUrl":"https:\/\/fit360.ee\/wp-content\/uploads\/2021\/08\/bounty-protein-powder-fit360.ee_.jpg","datePublished":"2021-08-24T17:42:44+00:00","dateModified":"2025-08-13T05:39:19+00:00","description":"Bounty Protein Powder on Bounty \u0161okolaadi-kookose maitseline valgupulber. 21 g valku ja 140 kalorit portsjoni kohta. Kiire tarne!","breadcrumb":{"@id":"https:\/\/fit360.ee\/en\/pood\/product-groups\/protein-poweders-en\/whey-protein-en\/bounty-protein-powder-875g\/#breadcrumb"},"inLanguage":"en-US","potentialAction":[{"@type":"ReadAction","target":["https:\/\/fit360.ee\/en\/pood\/product-groups\/protein-poweders-en\/whey-protein-en\/bounty-protein-powder-875g\/"]}]},{"@type":"ImageObject","inLanguage":"en-US","@id":"https:\/\/fit360.ee\/en\/pood\/product-groups\/protein-poweders-en\/whey-protein-en\/bounty-protein-powder-875g\/#primaryimage","url":"https:\/\/fit360.ee\/wp-content\/uploads\/2021\/08\/bounty-protein-powder-fit360.ee_.jpg","contentUrl":"https:\/\/fit360.ee\/wp-content\/uploads\/2021\/08\/bounty-protein-powder-fit360.ee_.jpg","width":1000,"height":1000,"caption":"bounty protein powder - fit360.ee"},{"@type":"BreadcrumbList","@id":"https:\/\/fit360.ee\/en\/pood\/product-groups\/protein-poweders-en\/whey-protein-en\/bounty-protein-powder-875g\/#breadcrumb","itemListElement":[{"@type":"ListItem","position":1,"name":"Home","item":"https:\/\/fit360.ee\/en\/"},{"@type":"ListItem","position":2,"name":"Shop","item":"https:\/\/fit360.ee\/en\/shop\/"},{"@type":"ListItem","position":3,"name":"Bounty Protein Powder (875g)"}]},{"@type":"WebSite","@id":"https:\/\/fit360.ee\/en\/#website","url":"https:\/\/fit360.ee\/en\/","name":"Fit360","description":"","publisher":{"@id":"https:\/\/fit360.ee\/en\/#organization"},"potentialAction":[{"@type":"SearchAction","target":{"@type":"EntryPoint","urlTemplate":"https:\/\/fit360.ee\/en\/?s={search_term_string}"},"query-input":{"@type":"PropertyValueSpecification","valueRequired":true,"valueName":"search_term_string"}}],"inLanguage":"en-US"},{"@type":"Organization","@id":"https:\/\/fit360.ee\/en\/#organization","name":"Fit360","url":"https:\/\/fit360.ee\/en\/","logo":{"@type":"ImageObject","inLanguage":"en-US","@id":"https:\/\/fit360.ee\/en\/#\/schema\/logo\/image\/","url":"https:\/\/fit360.ee\/wp-content\/uploads\/2017\/01\/logo-fit360.png","contentUrl":"https:\/\/fit360.ee\/wp-content\/uploads\/2017\/01\/logo-fit360.png","width":180,"height":66,"caption":"Fit360"},"image":{"@id":"https:\/\/fit360.ee\/en\/#\/schema\/logo\/image\/"}}]}},"_links":{"self":[{"href":"https:\/\/fit360.ee\/en\/wp-json\/wp\/v2\/product\/55514","targetHints":{"allow":["GET"]}}],"collection":[{"href":"https:\/\/fit360.ee\/en\/wp-json\/wp\/v2\/product"}],"about":[{"href":"https:\/\/fit360.ee\/en\/wp-json\/wp\/v2\/types\/product"}],"replies":[{"embeddable":true,"href":"https:\/\/fit360.ee\/en\/wp-json\/wp\/v2\/comments?post=55514"}],"wp:featuredmedia":[{"embeddable":true,"href":"https:\/\/fit360.ee\/en\/wp-json\/wp\/v2\/media\/55518"}],"wp:attachment":[{"href":"https:\/\/fit360.ee\/en\/wp-json\/wp\/v2\/media?parent=55514"}],"wp:term":[{"taxonomy":"product_brand","embeddable":true,"href":"https:\/\/fit360.ee\/en\/wp-json\/wp\/v2\/product_brand?post=55514"},{"taxonomy":"product_cat","embeddable":true,"href":"https:\/\/fit360.ee\/en\/wp-json\/wp\/v2\/product_cat?post=55514"},{"taxonomy":"product_tag","embeddable":true,"href":"https:\/\/fit360.ee\/en\/wp-json\/wp\/v2\/product_tag?post=55514"},{"taxonomy":"giftcard-category","embeddable":true,"href":"https:\/\/fit360.ee\/en\/wp-json\/wp\/v2\/giftcard-category?post=55514"}],"curies":[{"name":"wp","href":"https:\/\/api.w.org\/{rel}","templated":true}]}}