{"id":55925,"date":"2021-09-08T18:24:12","date_gmt":"2021-09-08T16:24:12","guid":{"rendered":"https:\/\/fit360.ee\/pood\/uncategorized\/cellucor-c4-ripped-30-servings\/"},"modified":"2025-08-13T08:17:35","modified_gmt":"2025-08-13T06:17:35","slug":"cellucor-c4-ripped-30-servings","status":"publish","type":"product","link":"https:\/\/fit360.ee\/en\/pood\/product-groups\/fat-burners-en\/cellucor-c4-ripped-30-servings\/","title":{"rendered":"Cellucor C4 Ripped 30 servings"},"content":{"rendered":"<h1><strong>Cellucor C4 Ripped<\/strong><\/h1>\n<figure id=\"attachment_55920\" aria-describedby=\"caption-attachment-55920\" style=\"width: 600px\" class=\"wp-caption alignnone\"><a href=\"https:\/\/fit360.ee\/wp-content\/uploads\/2021\/09\/c4-ripped-fit360.ee_.jpg\"><img loading=\"lazy\" decoding=\"async\" class=\"size-full wp-image-55920\" src=\"https:\/\/fit360.ee\/wp-content\/uploads\/2021\/09\/c4-ripped-fit360.ee_.jpg\" alt=\"c4 ripped - fit360.ee\" width=\"600\" height=\"334\" srcset=\"https:\/\/fit360.ee\/wp-content\/uploads\/2021\/09\/c4-ripped-fit360.ee_.jpg 600w, https:\/\/fit360.ee\/wp-content\/uploads\/2021\/09\/c4-ripped-fit360.ee_-510x284.jpg 510w\" sizes=\"auto, (max-width: 600px) 100vw, 600px\" \/><\/a><figcaption id=\"caption-attachment-55920\" class=\"wp-caption-text\"><strong>Cellucor C4 Ripped<\/strong> on Cellucori perekonna jaoks seni k\u00f5ige uuenduslikum toode. Cellucor C4 ripped sisaldab endas suurep\u00e4rast Pre-Workout kompleksi koos Rasvap\u00f5letust soodustavate komponentidega. See valem on piisavalt plahvatusohtlik, mis aitab Teil rasva p\u00f5letada suure energiaga. See on kaks-\u00fches toode,\u00a0 mis liidab endas energia + rasvap\u00f5letuse.<\/figcaption><\/figure>\n<h2><strong>C4 Ripped<\/strong><\/h2>\n<p><strong>Sisaldab:<br \/>\n<\/strong><br \/>\n\u2022\u00a0\u00a0 \u00a0L-karnitiini &#8211;\u00a0on aminohape, mis m\u00e4ngib olulist osa rasvhapete energiaks transportimisel<br \/>\n\u2022\u00a0\u00a0 \u00a0Rohelise kohvioa ektrakti &#8211;\u00a0kiirendab ainevahetust<br \/>\n\u2022\u00a0\u00a0 \u00a0Capsimax Cayenne puuviljaekstrakt &#8211;\u00a0aitab lahustada keha rasvarakke<br \/>\n\u2022\u00a0\u00a0 \u00a0Coleus Forskohlii juure ekstrakti &#8211;\u00a0suurendab keha v\u00f5imet rasva lagundada<\/p>\n<p><strong>Koostisosad<\/strong>: CarnoSyn beeta-alaniin, L-tsitrulliin, L-karnitiintartraat, L-t\u00fcrosiin, paakumisvastased ained (kaltsiumsilikaat ja r\u00e4nidioksiid), t\u00e4iteaine (pol\u00fcdekstroos), l\u00f5hna- ja maitseained, rohelise kohvi (Coffea Robusta) ubade ekstrakt, veevaba kofeiin, Happesuse regulaatorid (sidrunhape ja viinhape), magusained (atsesulfaam K ja suklaroos), Capsimax Cayenne&#8217;i (Capsicum Annuum) puuviljaekstrakt, Panaxi \u017een\u0161enni juureekstrakt, v\u00e4rvid (asorubiin, Ponceau 4R, hiilgav must PN, p\u00e4ikeseloojangukollane FCF), nikotiinamiid ( Niatsiin), p\u00fcridoksaal-5-fosfaat (vitamiin B6), met\u00fc\u00fclkobalamiin (vitamiin B12), foolhape (vitamiin B9)<\/p>\n<p><strong>Kasutamine: <\/strong>Sega\u00a01 kulbit\u00e4is 180ml veega ja tarbi 20-30 minutit enne treeningut. Kui oled taluvuse saavutanud ja soovid veelgi suuremat energia\u00a0boost&#8217;i, siis v\u00f5ta \u00fcks lisakulbit\u00e4is enne treeningut. \u00c4ra \u00fcleta 2 kulbit\u00e4it p\u00e4evas! Seda toodet kasutades \u00e4ra\u00a0tarbi 6 tunni jooksul \u00fchtegi teist kofeiini v\u00f5i muid stimulante sisaldavaid tooteid. Joo treeningu ajal palju vedelikku.<\/p>\n<p><strong>Portsjoni suurus<\/strong>: 1 kulbit\u00e4is<br \/>\n<strong>Portsjoneid kokku<\/strong>: 30<\/p>\n<table>\n<tbody>\n<tr>\n<td width=\"319\"><strong>Toimeained<\/strong><\/td>\n<td width=\"319\"><strong>1 serveering (5,5g)<\/strong><\/td>\n<\/tr>\n<tr>\n<td width=\"319\">Niatsiin<\/td>\n<td width=\"319\">7,5mg<\/td>\n<\/tr>\n<tr>\n<td width=\"319\">Vitamiin B6<\/td>\n<td width=\"319\">0,5mg<\/td>\n<\/tr>\n<tr>\n<td width=\"319\">Foolhape<\/td>\n<td width=\"319\">100\u03bcg<\/td>\n<\/tr>\n<tr>\n<td width=\"319\">Karnos\u00fc\u00fcni beeta-alaniin<\/td>\n<td width=\"319\">1600mg<\/td>\n<\/tr>\n<tr>\n<td width=\"319\">L-tsitrulliin<\/td>\n<td width=\"319\">1000mg<\/td>\n<\/tr>\n<tr>\n<td width=\"319\">L-t\u00fcrosiin<\/td>\n<td width=\"319\">500mg<\/td>\n<\/tr>\n<tr>\n<td width=\"319\">L-karnitiin (karnitiinitartraadina)<\/td>\n<td width=\"319\">500mg<\/td>\n<\/tr>\n<tr>\n<td width=\"319\">Rohelise kohvi (<em>Coffea Robusta<\/em>) ubade ekstrakt<\/td>\n<td width=\"319\">200mg<\/td>\n<\/tr>\n<tr>\n<td width=\"319\">eevaba kofeiin<\/td>\n<td width=\"319\">150m<\/td>\n<\/tr>\n<tr>\n<td width=\"319\">Capsimax Cayenne (<em>Capsicum Annuum<\/em>) puuviljaekstrakt<\/td>\n<td width=\"319\">50mg<\/td>\n<\/tr>\n<tr>\n<td width=\"319\">Panaxi \u017een\u0161enni juureekstrakt<\/td>\n<td width=\"319\">50mg<\/td>\n<\/tr>\n<\/tbody>\n<\/table>\n<p>Vaata ka meie Teisi Pre-Workoute <a href=\"https:\/\/fit360.ee\/en\/product-category\/product-groups\/pre-workout-en\/\"><strong>SIIT<\/strong><\/a> v\u00f5i Rasvap\u00f5letajaid <a href=\"https:\/\/fit360.ee\/en\/product-category\/product-groups\/fat-burners-en\/\"><strong>SIIT<\/strong><\/a>!<\/p>\n<p>Soovid kaupa osta suuremas koguses? Vaata antud toodet ka meie HULGI poest\u00a0<a href=\"https:\/\/toidulisandidhulgi.ee\/product\/cellucor-c4-ripped-30-servings\/\"><strong>SIIT<\/strong><\/a>!<\/p>\n","protected":false},"excerpt":{"rendered":"<h2><strong>C4 Ripped<\/strong><\/h2>\n<p>\u2022\u00a0\u00a0 \u00a0L-karnitiini &#8211;\u00a0on aminohape, mis m\u00e4ngib olulist osa rasvhapete energiaks transportimisel<br \/>\n\u2022\u00a0\u00a0 \u00a0Rohelise kohvioa ektrakti &#8211;\u00a0kiirendab ainevahetust<br \/>\n\u2022\u00a0\u00a0 \u00a0Capsimax Cayenne puuviljaekstrakt &#8211;\u00a0aitab lahustada keha rasvarakke<br \/>\n\u2022\u00a0\u00a0 \u00a0Coleus Forskohlii juure ekstrakti &#8211;\u00a0suurendab keha v\u00f5imet rasva lagundada<\/p>\n<p><strong>Cellucor C4 Ripped<\/strong> on Cellucori perekonna jaoks seni k\u00f5ige uuenduslikum toode. Cellucor C4 ripped sisaldab endas suurep\u00e4rast Pre-Workout kompleksi koos Rasvap\u00f5letust soodustavate komponentidega. See valem on piisavalt plahvatusohtlik, mis aitab Teil rasva p\u00f5letada suure energiaga. See on kaks-\u00fches toode,\u00a0 mis liidab endas energia + rasvap\u00f5letuse.<\/p>\n","protected":false},"featured_media":55923,"comment_status":"closed","ping_status":"closed","template":"","meta":[],"product_brand":[],"product_cat":[1357,530,533],"product_tag":[3038,3039,3040],"giftcard-category":[],"class_list":{"0":"post-55925","1":"product","2":"type-product","3":"status-publish","4":"has-post-thumbnail","6":"product_cat-cellucor-en","7":"product_cat-fat-burners-en","8":"product_cat-pre-workout-en","9":"product_tag-c4-ripped-en","10":"product_tag-cellucor-en","11":"product_tag-cellucor-c4-ripped-en","12":"pa_maitse-cherry-limeade-en","13":"pa_maitse-raspberry-lemonade","14":"pa_maitse-tropical-punch-en","16":"first","17":"instock","18":"sale","19":"taxable","20":"shipping-taxable","21":"purchasable","22":"product-type-variable"},"yoast_head":"<!-- This site is optimized with the Yoast SEO plugin v27.3 - https:\/\/yoast.com\/product\/yoast-seo-wordpress\/ -->\n<title>Cellucor C4 Ripped 30 servings - Pre-Workout - Kiire Tarne - Fit360<\/title>\n<meta name=\"description\" content=\"Cellucor C4 ripped sisaldab endas suurep\u00e4rast Pre-Workout kompleksi koos Rasvap\u00f5letust soodustavate komponentidega. Kiire Tarne!\" \/>\n<meta name=\"robots\" content=\"index, follow, max-snippet:-1, max-image-preview:large, max-video-preview:-1\" \/>\n<link rel=\"canonical\" href=\"https:\/\/fit360.ee\/en\/pood\/product-groups\/fat-burners-en\/cellucor-c4-ripped-30-servings\/\" \/>\n<meta property=\"og:locale\" content=\"en_US\" \/>\n<meta property=\"og:type\" content=\"article\" \/>\n<meta property=\"og:title\" content=\"Cellucor C4 Ripped 30 servings - Pre-Workout - Kiire Tarne - Fit360\" \/>\n<meta property=\"og:description\" content=\"Cellucor C4 ripped sisaldab endas suurep\u00e4rast Pre-Workout kompleksi koos Rasvap\u00f5letust soodustavate komponentidega. Kiire Tarne!\" \/>\n<meta property=\"og:url\" content=\"https:\/\/fit360.ee\/en\/pood\/product-groups\/fat-burners-en\/cellucor-c4-ripped-30-servings\/\" \/>\n<meta property=\"og:site_name\" content=\"Fit360\" \/>\n<meta property=\"article:modified_time\" content=\"2025-08-13T06:17:35+00:00\" \/>\n<meta property=\"og:image\" content=\"https:\/\/fit360.ee\/wp-content\/uploads\/2021\/09\/cellucor-c4-ripped-fit360.ee_.jpg\" \/>\n\t<meta property=\"og:image:width\" content=\"425\" \/>\n\t<meta property=\"og:image:height\" content=\"448\" \/>\n\t<meta property=\"og:image:type\" content=\"image\/jpeg\" \/>\n<meta name=\"twitter:card\" content=\"summary_large_image\" \/>\n<meta name=\"twitter:label1\" content=\"Est. reading time\" \/>\n\t<meta name=\"twitter:data1\" content=\"2 minutes\" \/>\n<script type=\"application\/ld+json\" class=\"yoast-schema-graph\">{\"@context\":\"https:\\\/\\\/schema.org\",\"@graph\":[{\"@type\":\"WebPage\",\"@id\":\"https:\\\/\\\/fit360.ee\\\/en\\\/pood\\\/product-groups\\\/fat-burners-en\\\/cellucor-c4-ripped-30-servings\\\/\",\"url\":\"https:\\\/\\\/fit360.ee\\\/en\\\/pood\\\/product-groups\\\/fat-burners-en\\\/cellucor-c4-ripped-30-servings\\\/\",\"name\":\"Cellucor C4 Ripped 30 servings - Pre-Workout - Kiire Tarne - Fit360\",\"isPartOf\":{\"@id\":\"https:\\\/\\\/fit360.ee\\\/en\\\/#website\"},\"primaryImageOfPage\":{\"@id\":\"https:\\\/\\\/fit360.ee\\\/en\\\/pood\\\/product-groups\\\/fat-burners-en\\\/cellucor-c4-ripped-30-servings\\\/#primaryimage\"},\"image\":{\"@id\":\"https:\\\/\\\/fit360.ee\\\/en\\\/pood\\\/product-groups\\\/fat-burners-en\\\/cellucor-c4-ripped-30-servings\\\/#primaryimage\"},\"thumbnailUrl\":\"https:\\\/\\\/fit360.ee\\\/wp-content\\\/uploads\\\/2021\\\/09\\\/cellucor-c4-ripped-fit360.ee_.jpg\",\"datePublished\":\"2021-09-08T16:24:12+00:00\",\"dateModified\":\"2025-08-13T06:17:35+00:00\",\"description\":\"Cellucor C4 ripped sisaldab endas suurep\u00e4rast Pre-Workout kompleksi koos Rasvap\u00f5letust soodustavate komponentidega. Kiire Tarne!\",\"breadcrumb\":{\"@id\":\"https:\\\/\\\/fit360.ee\\\/en\\\/pood\\\/product-groups\\\/fat-burners-en\\\/cellucor-c4-ripped-30-servings\\\/#breadcrumb\"},\"inLanguage\":\"en-US\",\"potentialAction\":[{\"@type\":\"ReadAction\",\"target\":[\"https:\\\/\\\/fit360.ee\\\/en\\\/pood\\\/product-groups\\\/fat-burners-en\\\/cellucor-c4-ripped-30-servings\\\/\"]}]},{\"@type\":\"ImageObject\",\"inLanguage\":\"en-US\",\"@id\":\"https:\\\/\\\/fit360.ee\\\/en\\\/pood\\\/product-groups\\\/fat-burners-en\\\/cellucor-c4-ripped-30-servings\\\/#primaryimage\",\"url\":\"https:\\\/\\\/fit360.ee\\\/wp-content\\\/uploads\\\/2021\\\/09\\\/cellucor-c4-ripped-fit360.ee_.jpg\",\"contentUrl\":\"https:\\\/\\\/fit360.ee\\\/wp-content\\\/uploads\\\/2021\\\/09\\\/cellucor-c4-ripped-fit360.ee_.jpg\",\"width\":425,\"height\":448,\"caption\":\"cellucor c4 ripped - fit360.ee\"},{\"@type\":\"BreadcrumbList\",\"@id\":\"https:\\\/\\\/fit360.ee\\\/en\\\/pood\\\/product-groups\\\/fat-burners-en\\\/cellucor-c4-ripped-30-servings\\\/#breadcrumb\",\"itemListElement\":[{\"@type\":\"ListItem\",\"position\":1,\"name\":\"Home\",\"item\":\"https:\\\/\\\/fit360.ee\\\/en\\\/\"},{\"@type\":\"ListItem\",\"position\":2,\"name\":\"Shop\",\"item\":\"https:\\\/\\\/fit360.ee\\\/en\\\/shop\\\/\"},{\"@type\":\"ListItem\",\"position\":3,\"name\":\"Cellucor C4 Ripped 30 servings\"}]},{\"@type\":\"WebSite\",\"@id\":\"https:\\\/\\\/fit360.ee\\\/en\\\/#website\",\"url\":\"https:\\\/\\\/fit360.ee\\\/en\\\/\",\"name\":\"Fit360\",\"description\":\"\",\"publisher\":{\"@id\":\"https:\\\/\\\/fit360.ee\\\/en\\\/#organization\"},\"potentialAction\":[{\"@type\":\"SearchAction\",\"target\":{\"@type\":\"EntryPoint\",\"urlTemplate\":\"https:\\\/\\\/fit360.ee\\\/en\\\/?s={search_term_string}\"},\"query-input\":{\"@type\":\"PropertyValueSpecification\",\"valueRequired\":true,\"valueName\":\"search_term_string\"}}],\"inLanguage\":\"en-US\"},{\"@type\":\"Organization\",\"@id\":\"https:\\\/\\\/fit360.ee\\\/en\\\/#organization\",\"name\":\"Fit360\",\"url\":\"https:\\\/\\\/fit360.ee\\\/en\\\/\",\"logo\":{\"@type\":\"ImageObject\",\"inLanguage\":\"en-US\",\"@id\":\"https:\\\/\\\/fit360.ee\\\/en\\\/#\\\/schema\\\/logo\\\/image\\\/\",\"url\":\"https:\\\/\\\/fit360.ee\\\/wp-content\\\/uploads\\\/2017\\\/01\\\/logo-fit360.png\",\"contentUrl\":\"https:\\\/\\\/fit360.ee\\\/wp-content\\\/uploads\\\/2017\\\/01\\\/logo-fit360.png\",\"width\":180,\"height\":66,\"caption\":\"Fit360\"},\"image\":{\"@id\":\"https:\\\/\\\/fit360.ee\\\/en\\\/#\\\/schema\\\/logo\\\/image\\\/\"}}]}<\/script>\n<!-- \/ Yoast SEO plugin. -->","yoast_head_json":{"title":"Cellucor C4 Ripped 30 servings - Pre-Workout - Kiire Tarne - Fit360","description":"Cellucor C4 ripped sisaldab endas suurep\u00e4rast Pre-Workout kompleksi koos Rasvap\u00f5letust soodustavate komponentidega. Kiire Tarne!","robots":{"index":"index","follow":"follow","max-snippet":"max-snippet:-1","max-image-preview":"max-image-preview:large","max-video-preview":"max-video-preview:-1"},"canonical":"https:\/\/fit360.ee\/en\/pood\/product-groups\/fat-burners-en\/cellucor-c4-ripped-30-servings\/","og_locale":"en_US","og_type":"article","og_title":"Cellucor C4 Ripped 30 servings - Pre-Workout - Kiire Tarne - Fit360","og_description":"Cellucor C4 ripped sisaldab endas suurep\u00e4rast Pre-Workout kompleksi koos Rasvap\u00f5letust soodustavate komponentidega. Kiire Tarne!","og_url":"https:\/\/fit360.ee\/en\/pood\/product-groups\/fat-burners-en\/cellucor-c4-ripped-30-servings\/","og_site_name":"Fit360","article_modified_time":"2025-08-13T06:17:35+00:00","og_image":[{"width":425,"height":448,"url":"https:\/\/fit360.ee\/wp-content\/uploads\/2021\/09\/cellucor-c4-ripped-fit360.ee_.jpg","type":"image\/jpeg"}],"twitter_card":"summary_large_image","twitter_misc":{"Est. reading time":"2 minutes"},"schema":{"@context":"https:\/\/schema.org","@graph":[{"@type":"WebPage","@id":"https:\/\/fit360.ee\/en\/pood\/product-groups\/fat-burners-en\/cellucor-c4-ripped-30-servings\/","url":"https:\/\/fit360.ee\/en\/pood\/product-groups\/fat-burners-en\/cellucor-c4-ripped-30-servings\/","name":"Cellucor C4 Ripped 30 servings - Pre-Workout - Kiire Tarne - Fit360","isPartOf":{"@id":"https:\/\/fit360.ee\/en\/#website"},"primaryImageOfPage":{"@id":"https:\/\/fit360.ee\/en\/pood\/product-groups\/fat-burners-en\/cellucor-c4-ripped-30-servings\/#primaryimage"},"image":{"@id":"https:\/\/fit360.ee\/en\/pood\/product-groups\/fat-burners-en\/cellucor-c4-ripped-30-servings\/#primaryimage"},"thumbnailUrl":"https:\/\/fit360.ee\/wp-content\/uploads\/2021\/09\/cellucor-c4-ripped-fit360.ee_.jpg","datePublished":"2021-09-08T16:24:12+00:00","dateModified":"2025-08-13T06:17:35+00:00","description":"Cellucor C4 ripped sisaldab endas suurep\u00e4rast Pre-Workout kompleksi koos Rasvap\u00f5letust soodustavate komponentidega. Kiire Tarne!","breadcrumb":{"@id":"https:\/\/fit360.ee\/en\/pood\/product-groups\/fat-burners-en\/cellucor-c4-ripped-30-servings\/#breadcrumb"},"inLanguage":"en-US","potentialAction":[{"@type":"ReadAction","target":["https:\/\/fit360.ee\/en\/pood\/product-groups\/fat-burners-en\/cellucor-c4-ripped-30-servings\/"]}]},{"@type":"ImageObject","inLanguage":"en-US","@id":"https:\/\/fit360.ee\/en\/pood\/product-groups\/fat-burners-en\/cellucor-c4-ripped-30-servings\/#primaryimage","url":"https:\/\/fit360.ee\/wp-content\/uploads\/2021\/09\/cellucor-c4-ripped-fit360.ee_.jpg","contentUrl":"https:\/\/fit360.ee\/wp-content\/uploads\/2021\/09\/cellucor-c4-ripped-fit360.ee_.jpg","width":425,"height":448,"caption":"cellucor c4 ripped - fit360.ee"},{"@type":"BreadcrumbList","@id":"https:\/\/fit360.ee\/en\/pood\/product-groups\/fat-burners-en\/cellucor-c4-ripped-30-servings\/#breadcrumb","itemListElement":[{"@type":"ListItem","position":1,"name":"Home","item":"https:\/\/fit360.ee\/en\/"},{"@type":"ListItem","position":2,"name":"Shop","item":"https:\/\/fit360.ee\/en\/shop\/"},{"@type":"ListItem","position":3,"name":"Cellucor C4 Ripped 30 servings"}]},{"@type":"WebSite","@id":"https:\/\/fit360.ee\/en\/#website","url":"https:\/\/fit360.ee\/en\/","name":"Fit360","description":"","publisher":{"@id":"https:\/\/fit360.ee\/en\/#organization"},"potentialAction":[{"@type":"SearchAction","target":{"@type":"EntryPoint","urlTemplate":"https:\/\/fit360.ee\/en\/?s={search_term_string}"},"query-input":{"@type":"PropertyValueSpecification","valueRequired":true,"valueName":"search_term_string"}}],"inLanguage":"en-US"},{"@type":"Organization","@id":"https:\/\/fit360.ee\/en\/#organization","name":"Fit360","url":"https:\/\/fit360.ee\/en\/","logo":{"@type":"ImageObject","inLanguage":"en-US","@id":"https:\/\/fit360.ee\/en\/#\/schema\/logo\/image\/","url":"https:\/\/fit360.ee\/wp-content\/uploads\/2017\/01\/logo-fit360.png","contentUrl":"https:\/\/fit360.ee\/wp-content\/uploads\/2017\/01\/logo-fit360.png","width":180,"height":66,"caption":"Fit360"},"image":{"@id":"https:\/\/fit360.ee\/en\/#\/schema\/logo\/image\/"}}]}},"_links":{"self":[{"href":"https:\/\/fit360.ee\/en\/wp-json\/wp\/v2\/product\/55925","targetHints":{"allow":["GET"]}}],"collection":[{"href":"https:\/\/fit360.ee\/en\/wp-json\/wp\/v2\/product"}],"about":[{"href":"https:\/\/fit360.ee\/en\/wp-json\/wp\/v2\/types\/product"}],"replies":[{"embeddable":true,"href":"https:\/\/fit360.ee\/en\/wp-json\/wp\/v2\/comments?post=55925"}],"wp:featuredmedia":[{"embeddable":true,"href":"https:\/\/fit360.ee\/en\/wp-json\/wp\/v2\/media\/55923"}],"wp:attachment":[{"href":"https:\/\/fit360.ee\/en\/wp-json\/wp\/v2\/media?parent=55925"}],"wp:term":[{"taxonomy":"product_brand","embeddable":true,"href":"https:\/\/fit360.ee\/en\/wp-json\/wp\/v2\/product_brand?post=55925"},{"taxonomy":"product_cat","embeddable":true,"href":"https:\/\/fit360.ee\/en\/wp-json\/wp\/v2\/product_cat?post=55925"},{"taxonomy":"product_tag","embeddable":true,"href":"https:\/\/fit360.ee\/en\/wp-json\/wp\/v2\/product_tag?post=55925"},{"taxonomy":"giftcard-category","embeddable":true,"href":"https:\/\/fit360.ee\/en\/wp-json\/wp\/v2\/giftcard-category?post=55925"}],"curies":[{"name":"wp","href":"https:\/\/api.w.org\/{rel}","templated":true}]}}