{"id":55939,"date":"2021-09-08T18:42:21","date_gmt":"2021-09-08T16:42:21","guid":{"rendered":"https:\/\/fit360.ee\/pood\/uncategorized\/stacker2-testo-4hd-120caps\/"},"modified":"2025-08-13T07:36:44","modified_gmt":"2025-08-13T05:36:44","slug":"stacker2-testo-4hd-120caps","status":"publish","type":"product","link":"https:\/\/fit360.ee\/en\/pood\/product-groups\/superfoods-health-foods-en\/maca-en\/stacker2-testo-4hd-120caps\/","title":{"rendered":"STACKER2 Testo-4HD (120caps)"},"content":{"rendered":"<h1><strong>Stacker2 Testo-4HD<\/strong><\/h1>\n<p><strong>Miks on Stacker2 Testo-4HD palju tugevam kui teised testosteroonit\u00f5stjad?<\/strong><\/p>\n<p>STACKER2 Testo-4HD sisaldab v\u00f5imalikult suurel m\u00e4\u00e4ral just neid koostisosi, mis t\u00f5esti toimivad! Iga portsjon sisaldab 10 tugevat ja kliiniliselt t\u00f5estatud tulemustega koostisosa, mis m\u00f5juvad omavahel s\u00fcnegias ning garanteerivad testosteroonitaseme t\u00f5usu.<\/p>\n<p><strong>Sinu mehelikud tunnused saavad uue elu sisse, paraneb j\u00f5udlus treeningus ja t\u00f5useb Sinu enesehinnang! Lisaks on oluliselt kergem treenida juurde puhast lihasmassi!<\/strong><\/p>\n<p>Sobib kasutamiseks taimetoitlastele, veganitele ja laktoositalumatutele!<\/p>\n<ul>\n<li><strong>Peale 5-10 kasutusp\u00e4eva:<\/strong><\/li>\n<\/ul>\n<p>Tunned, kuidas testosteroonitase j\u00e4rk-j\u00e4rgult suureneb ja Sul on oluliselt rohkem energiat trenni teha.<\/p>\n<ul>\n<li><strong>Peale 10-20 kasutusp\u00e4eva:<\/strong><\/li>\n<\/ul>\n<p>Sinu testosteroonitase j\u00e4tkab t\u00f5usu. Sinu treeningud muutuvad palju ekstreemsemaks &#8211; suudad t\u00f5sta suuremaid raskusi ja Su lihased hakkavad kasvama. Veenid tulevad rohkem esile ja see on alles algus!<\/p>\n<ul>\n<li><strong>Peale 3-n\u00e4dalast kasutamist:<\/strong><\/li>\n<\/ul>\n<p>N\u00fc\u00fcdseks oled kindlasti juba imestunud, kui madal v\u00f5imekus Sul enne trennis oli! Oled purustanud juba k\u00f5ik varasemad rekordid ja muutused on saanud alguse. Su lihased on rohkem t\u00e4is kui kunagi varem, tugevamad ja k\u00f5vad. Tugevus on saavutanud maksimaalse taseme!<\/p>\n<p><a href=\"https:\/\/fit360.ee\/wp-content\/uploads\/2021\/09\/stacker2-testo-4hd-120-kapslit-fit360.ee_-800x800.jpg\"><img loading=\"lazy\" decoding=\"async\" class=\"size-medium wp-image-55931\" src=\"https:\/\/fit360.ee\/wp-content\/uploads\/2021\/09\/stacker2-testo-4hd-120-kapslit-fit360.ee_-800x800.jpg\" alt=\"stacker2-testo-4hd-120-kapslit - fit360.ee\" width=\"800\" height=\"800\" srcset=\"https:\/\/fit360.ee\/wp-content\/uploads\/2021\/09\/stacker2-testo-4hd-120-kapslit-fit360.ee_.jpg 800w, https:\/\/fit360.ee\/wp-content\/uploads\/2021\/09\/stacker2-testo-4hd-120-kapslit-fit360.ee_-247x247.jpg 247w, https:\/\/fit360.ee\/wp-content\/uploads\/2021\/09\/stacker2-testo-4hd-120-kapslit-fit360.ee_-100x100.jpg 100w, https:\/\/fit360.ee\/wp-content\/uploads\/2021\/09\/stacker2-testo-4hd-120-kapslit-fit360.ee_-510x510.jpg 510w, https:\/\/fit360.ee\/wp-content\/uploads\/2021\/09\/stacker2-testo-4hd-120-kapslit-fit360.ee_-340x340.jpg 340w, https:\/\/fit360.ee\/wp-content\/uploads\/2021\/09\/stacker2-testo-4hd-120-kapslit-fit360.ee_-768x768.jpg 768w, https:\/\/fit360.ee\/wp-content\/uploads\/2021\/09\/stacker2-testo-4hd-120-kapslit-fit360.ee_-80x80.jpg 80w\" sizes=\"auto, (max-width: 800px) 100vw, 800px\" \/><\/a><\/p>\n<p><strong>Anna oma kehale seda, mida ta v\u00e4\u00e4rib! STACKER2 Testo-4HD on k\u00f5ige v\u00f5imsam ja efektiivsem testosteroonitaseme t\u00f5stja, mis kunagi tehtud!<\/strong><\/p>\n<p><strong>Kasutamine: <\/strong>V\u00f5ta 3 kapslit p\u00e4eva jooksul ja 3 kapslit enne magama minemist. Tunned m\u00f5ju juba 1 n\u00e4dala p\u00e4rast!<\/p>\n<p><strong>Portsjoni suurus<\/strong>: 3 kapslit<br \/>\n<strong>Portsjoneid kokku<\/strong>: 40<\/p>\n<p><a href=\"https:\/\/fit360.ee\/wp-content\/uploads\/2021\/09\/stecker2-testo-fit360.ee_-1-800x800.png\"><img loading=\"lazy\" decoding=\"async\" class=\"size-medium wp-image-55935\" src=\"https:\/\/fit360.ee\/wp-content\/uploads\/2021\/09\/stecker2-testo-fit360.ee_-1-800x800.png\" alt=\"stacker2 testo - fit360.ee\" width=\"800\" height=\"800\" srcset=\"https:\/\/fit360.ee\/wp-content\/uploads\/2021\/09\/stecker2-testo-fit360.ee_-1.png 800w, https:\/\/fit360.ee\/wp-content\/uploads\/2021\/09\/stecker2-testo-fit360.ee_-1-247x247.png 247w, https:\/\/fit360.ee\/wp-content\/uploads\/2021\/09\/stecker2-testo-fit360.ee_-1-100x100.png 100w, https:\/\/fit360.ee\/wp-content\/uploads\/2021\/09\/stecker2-testo-fit360.ee_-1-510x510.png 510w, https:\/\/fit360.ee\/wp-content\/uploads\/2021\/09\/stecker2-testo-fit360.ee_-1-340x340.png 340w, https:\/\/fit360.ee\/wp-content\/uploads\/2021\/09\/stecker2-testo-fit360.ee_-1-768x768.png 768w, https:\/\/fit360.ee\/wp-content\/uploads\/2021\/09\/stecker2-testo-fit360.ee_-1-80x80.png 80w\" sizes=\"auto, (max-width: 800px) 100vw, 800px\" \/><\/a><\/p>\n<p>Vaata ka meie teisi testosterooni T\u00f5stjaid <a href=\"https:\/\/fit360.ee\/en\/product-category\/product-groups\/testosterone-boosters-en\/\"><strong>SIIT<\/strong><\/a>!<\/p>\n<p>Soovid kaupa osta suuremas koguses? Vaata antud toodet ka meie HULGI poest\u00a0<a href=\"https:\/\/toidulisandidhulgi.ee\/product\/stacker2-testo-4hd-120caps\/\"><strong>SIIT<\/strong><\/a>!<\/p>\n","protected":false},"excerpt":{"rendered":"<h2><strong>STACKER2 Testo-4HD<\/strong><\/h2>\n<p>STACKER2 Testo-4HD sisaldab v\u00f5imalikult suurel m\u00e4\u00e4ral just neid koostisosi, mis t\u00f5esti toimivad! Iga portsjon sisaldab 10 tugevat ja kliiniliselt t\u00f5estatud tulemustega koostisosa, mis m\u00f5juvad omavahel s\u00fcnegias ning garanteerivad testosteroonitaseme t\u00f5usu.<\/p>\n<ul>\n<li>Auhinnatud testosteroonit\u00f5stja<\/li>\n<li>Sisaldab 30% Tribulus protodiostsiini (suurendab libiidot ja erektsiooni)<\/li>\n<li>Parandab j\u00f5udlust<\/li>\n<li>Toetab tervist, annab energiat ja eluj\u00f5ulisust<\/li>\n<\/ul>\n","protected":false},"featured_media":55938,"comment_status":"closed","ping_status":"closed","template":"","meta":[],"product_brand":[],"product_cat":[2358,1915,3047,532,2450,2275],"product_tag":[3048,3049,3050],"giftcard-category":[],"class_list":{"0":"post-55939","1":"product","2":"type-product","3":"status-publish","4":"has-post-thumbnail","6":"product_cat-maca-en","7":"product_cat-magnesium-en","8":"product_cat-stacker2-en","9":"product_cat-testosterone-boosters-en","10":"product_cat-tribulus-en","11":"product_cat-zinc-en","12":"product_tag-stacker-testo-en","13":"product_tag-stacker2-en","14":"product_tag-stacker2-testo-4hd-en","15":"pa_kogus-120-capsules","16":"pa_toidulisand-branddd-stacker2","17":"pa_tootegruppp-maca-en","18":"pa_tootegruppp-magneesium-en","19":"pa_tootegruppp-testosterone-enhancers","20":"pa_tootegruppp-tribulus-en","21":"pa_tootegruppp-tsink-en","23":"first","24":"instock","25":"sale","26":"taxable","27":"shipping-taxable","28":"purchasable","29":"product-type-simple"},"yoast_head":"<!-- This site is optimized with the Yoast SEO plugin v27.3 - https:\/\/yoast.com\/product\/yoast-seo-wordpress\/ -->\n<title>STACKER2 Testo-4HD (120caps) - testosterooni T\u00f5stja - Kiire Tarne<\/title>\n<meta name=\"description\" content=\"STACKER2 Testo-4HD sisaldab v\u00f5imalikult suurel m\u00e4\u00e4ral just neid koostisosi, mis t\u00f5esti toimivad! Iga portsjon sisaldab 10 tugevat ja klii..\" \/>\n<meta name=\"robots\" content=\"index, follow, max-snippet:-1, max-image-preview:large, max-video-preview:-1\" \/>\n<link rel=\"canonical\" href=\"https:\/\/fit360.ee\/en\/pood\/product-groups\/superfoods-health-foods-en\/maca-en\/stacker2-testo-4hd-120caps\/\" \/>\n<meta property=\"og:locale\" content=\"en_US\" \/>\n<meta property=\"og:type\" content=\"article\" \/>\n<meta property=\"og:title\" content=\"STACKER2 Testo-4HD (120caps) - testosterooni T\u00f5stja - Kiire Tarne\" \/>\n<meta property=\"og:description\" content=\"STACKER2 Testo-4HD sisaldab v\u00f5imalikult suurel m\u00e4\u00e4ral just neid koostisosi, mis t\u00f5esti toimivad! Iga portsjon sisaldab 10 tugevat ja klii..\" \/>\n<meta property=\"og:url\" content=\"https:\/\/fit360.ee\/en\/pood\/product-groups\/superfoods-health-foods-en\/maca-en\/stacker2-testo-4hd-120caps\/\" \/>\n<meta property=\"og:site_name\" content=\"Fit360\" \/>\n<meta property=\"article:modified_time\" content=\"2025-08-13T05:36:44+00:00\" \/>\n<meta property=\"og:image\" content=\"https:\/\/fit360.ee\/wp-content\/uploads\/2021\/09\/stacker2-testo-4-hd-fit360.ee_.jpg\" \/>\n\t<meta property=\"og:image:width\" content=\"458\" \/>\n\t<meta property=\"og:image:height\" content=\"458\" \/>\n\t<meta property=\"og:image:type\" content=\"image\/jpeg\" \/>\n<meta name=\"twitter:card\" content=\"summary_large_image\" \/>\n<meta name=\"twitter:label1\" content=\"Est. reading time\" \/>\n\t<meta name=\"twitter:data1\" content=\"2 minutes\" \/>\n<script type=\"application\/ld+json\" class=\"yoast-schema-graph\">{\"@context\":\"https:\\\/\\\/schema.org\",\"@graph\":[{\"@type\":\"WebPage\",\"@id\":\"https:\\\/\\\/fit360.ee\\\/en\\\/pood\\\/product-groups\\\/superfoods-health-foods-en\\\/maca-en\\\/stacker2-testo-4hd-120caps\\\/\",\"url\":\"https:\\\/\\\/fit360.ee\\\/en\\\/pood\\\/product-groups\\\/superfoods-health-foods-en\\\/maca-en\\\/stacker2-testo-4hd-120caps\\\/\",\"name\":\"STACKER2 Testo-4HD (120caps) - testosterooni T\u00f5stja - Kiire Tarne\",\"isPartOf\":{\"@id\":\"https:\\\/\\\/fit360.ee\\\/en\\\/#website\"},\"primaryImageOfPage\":{\"@id\":\"https:\\\/\\\/fit360.ee\\\/en\\\/pood\\\/product-groups\\\/superfoods-health-foods-en\\\/maca-en\\\/stacker2-testo-4hd-120caps\\\/#primaryimage\"},\"image\":{\"@id\":\"https:\\\/\\\/fit360.ee\\\/en\\\/pood\\\/product-groups\\\/superfoods-health-foods-en\\\/maca-en\\\/stacker2-testo-4hd-120caps\\\/#primaryimage\"},\"thumbnailUrl\":\"https:\\\/\\\/fit360.ee\\\/wp-content\\\/uploads\\\/2021\\\/09\\\/stacker2-testo-4-hd-fit360.ee_.jpg\",\"datePublished\":\"2021-09-08T16:42:21+00:00\",\"dateModified\":\"2025-08-13T05:36:44+00:00\",\"description\":\"STACKER2 Testo-4HD sisaldab v\u00f5imalikult suurel m\u00e4\u00e4ral just neid koostisosi, mis t\u00f5esti toimivad! Iga portsjon sisaldab 10 tugevat ja klii..\",\"breadcrumb\":{\"@id\":\"https:\\\/\\\/fit360.ee\\\/en\\\/pood\\\/product-groups\\\/superfoods-health-foods-en\\\/maca-en\\\/stacker2-testo-4hd-120caps\\\/#breadcrumb\"},\"inLanguage\":\"en-US\",\"potentialAction\":[{\"@type\":\"ReadAction\",\"target\":[\"https:\\\/\\\/fit360.ee\\\/en\\\/pood\\\/product-groups\\\/superfoods-health-foods-en\\\/maca-en\\\/stacker2-testo-4hd-120caps\\\/\"]}]},{\"@type\":\"ImageObject\",\"inLanguage\":\"en-US\",\"@id\":\"https:\\\/\\\/fit360.ee\\\/en\\\/pood\\\/product-groups\\\/superfoods-health-foods-en\\\/maca-en\\\/stacker2-testo-4hd-120caps\\\/#primaryimage\",\"url\":\"https:\\\/\\\/fit360.ee\\\/wp-content\\\/uploads\\\/2021\\\/09\\\/stacker2-testo-4-hd-fit360.ee_.jpg\",\"contentUrl\":\"https:\\\/\\\/fit360.ee\\\/wp-content\\\/uploads\\\/2021\\\/09\\\/stacker2-testo-4-hd-fit360.ee_.jpg\",\"width\":458,\"height\":458,\"caption\":\"stacker2 testo 4-hd - fit360.ee\"},{\"@type\":\"BreadcrumbList\",\"@id\":\"https:\\\/\\\/fit360.ee\\\/en\\\/pood\\\/product-groups\\\/superfoods-health-foods-en\\\/maca-en\\\/stacker2-testo-4hd-120caps\\\/#breadcrumb\",\"itemListElement\":[{\"@type\":\"ListItem\",\"position\":1,\"name\":\"Home\",\"item\":\"https:\\\/\\\/fit360.ee\\\/en\\\/\"},{\"@type\":\"ListItem\",\"position\":2,\"name\":\"Shop\",\"item\":\"https:\\\/\\\/fit360.ee\\\/en\\\/shop\\\/\"},{\"@type\":\"ListItem\",\"position\":3,\"name\":\"STACKER2 Testo-4HD (120caps)\"}]},{\"@type\":\"WebSite\",\"@id\":\"https:\\\/\\\/fit360.ee\\\/en\\\/#website\",\"url\":\"https:\\\/\\\/fit360.ee\\\/en\\\/\",\"name\":\"Fit360\",\"description\":\"\",\"publisher\":{\"@id\":\"https:\\\/\\\/fit360.ee\\\/en\\\/#organization\"},\"potentialAction\":[{\"@type\":\"SearchAction\",\"target\":{\"@type\":\"EntryPoint\",\"urlTemplate\":\"https:\\\/\\\/fit360.ee\\\/en\\\/?s={search_term_string}\"},\"query-input\":{\"@type\":\"PropertyValueSpecification\",\"valueRequired\":true,\"valueName\":\"search_term_string\"}}],\"inLanguage\":\"en-US\"},{\"@type\":\"Organization\",\"@id\":\"https:\\\/\\\/fit360.ee\\\/en\\\/#organization\",\"name\":\"Fit360\",\"url\":\"https:\\\/\\\/fit360.ee\\\/en\\\/\",\"logo\":{\"@type\":\"ImageObject\",\"inLanguage\":\"en-US\",\"@id\":\"https:\\\/\\\/fit360.ee\\\/en\\\/#\\\/schema\\\/logo\\\/image\\\/\",\"url\":\"https:\\\/\\\/fit360.ee\\\/wp-content\\\/uploads\\\/2017\\\/01\\\/logo-fit360.png\",\"contentUrl\":\"https:\\\/\\\/fit360.ee\\\/wp-content\\\/uploads\\\/2017\\\/01\\\/logo-fit360.png\",\"width\":180,\"height\":66,\"caption\":\"Fit360\"},\"image\":{\"@id\":\"https:\\\/\\\/fit360.ee\\\/en\\\/#\\\/schema\\\/logo\\\/image\\\/\"}}]}<\/script>\n<!-- \/ Yoast SEO plugin. -->","yoast_head_json":{"title":"STACKER2 Testo-4HD (120caps) - testosterooni T\u00f5stja - Kiire Tarne","description":"STACKER2 Testo-4HD sisaldab v\u00f5imalikult suurel m\u00e4\u00e4ral just neid koostisosi, mis t\u00f5esti toimivad! Iga portsjon sisaldab 10 tugevat ja klii..","robots":{"index":"index","follow":"follow","max-snippet":"max-snippet:-1","max-image-preview":"max-image-preview:large","max-video-preview":"max-video-preview:-1"},"canonical":"https:\/\/fit360.ee\/en\/pood\/product-groups\/superfoods-health-foods-en\/maca-en\/stacker2-testo-4hd-120caps\/","og_locale":"en_US","og_type":"article","og_title":"STACKER2 Testo-4HD (120caps) - testosterooni T\u00f5stja - Kiire Tarne","og_description":"STACKER2 Testo-4HD sisaldab v\u00f5imalikult suurel m\u00e4\u00e4ral just neid koostisosi, mis t\u00f5esti toimivad! Iga portsjon sisaldab 10 tugevat ja klii..","og_url":"https:\/\/fit360.ee\/en\/pood\/product-groups\/superfoods-health-foods-en\/maca-en\/stacker2-testo-4hd-120caps\/","og_site_name":"Fit360","article_modified_time":"2025-08-13T05:36:44+00:00","og_image":[{"width":458,"height":458,"url":"https:\/\/fit360.ee\/wp-content\/uploads\/2021\/09\/stacker2-testo-4-hd-fit360.ee_.jpg","type":"image\/jpeg"}],"twitter_card":"summary_large_image","twitter_misc":{"Est. reading time":"2 minutes"},"schema":{"@context":"https:\/\/schema.org","@graph":[{"@type":"WebPage","@id":"https:\/\/fit360.ee\/en\/pood\/product-groups\/superfoods-health-foods-en\/maca-en\/stacker2-testo-4hd-120caps\/","url":"https:\/\/fit360.ee\/en\/pood\/product-groups\/superfoods-health-foods-en\/maca-en\/stacker2-testo-4hd-120caps\/","name":"STACKER2 Testo-4HD (120caps) - testosterooni T\u00f5stja - Kiire Tarne","isPartOf":{"@id":"https:\/\/fit360.ee\/en\/#website"},"primaryImageOfPage":{"@id":"https:\/\/fit360.ee\/en\/pood\/product-groups\/superfoods-health-foods-en\/maca-en\/stacker2-testo-4hd-120caps\/#primaryimage"},"image":{"@id":"https:\/\/fit360.ee\/en\/pood\/product-groups\/superfoods-health-foods-en\/maca-en\/stacker2-testo-4hd-120caps\/#primaryimage"},"thumbnailUrl":"https:\/\/fit360.ee\/wp-content\/uploads\/2021\/09\/stacker2-testo-4-hd-fit360.ee_.jpg","datePublished":"2021-09-08T16:42:21+00:00","dateModified":"2025-08-13T05:36:44+00:00","description":"STACKER2 Testo-4HD sisaldab v\u00f5imalikult suurel m\u00e4\u00e4ral just neid koostisosi, mis t\u00f5esti toimivad! Iga portsjon sisaldab 10 tugevat ja klii..","breadcrumb":{"@id":"https:\/\/fit360.ee\/en\/pood\/product-groups\/superfoods-health-foods-en\/maca-en\/stacker2-testo-4hd-120caps\/#breadcrumb"},"inLanguage":"en-US","potentialAction":[{"@type":"ReadAction","target":["https:\/\/fit360.ee\/en\/pood\/product-groups\/superfoods-health-foods-en\/maca-en\/stacker2-testo-4hd-120caps\/"]}]},{"@type":"ImageObject","inLanguage":"en-US","@id":"https:\/\/fit360.ee\/en\/pood\/product-groups\/superfoods-health-foods-en\/maca-en\/stacker2-testo-4hd-120caps\/#primaryimage","url":"https:\/\/fit360.ee\/wp-content\/uploads\/2021\/09\/stacker2-testo-4-hd-fit360.ee_.jpg","contentUrl":"https:\/\/fit360.ee\/wp-content\/uploads\/2021\/09\/stacker2-testo-4-hd-fit360.ee_.jpg","width":458,"height":458,"caption":"stacker2 testo 4-hd - fit360.ee"},{"@type":"BreadcrumbList","@id":"https:\/\/fit360.ee\/en\/pood\/product-groups\/superfoods-health-foods-en\/maca-en\/stacker2-testo-4hd-120caps\/#breadcrumb","itemListElement":[{"@type":"ListItem","position":1,"name":"Home","item":"https:\/\/fit360.ee\/en\/"},{"@type":"ListItem","position":2,"name":"Shop","item":"https:\/\/fit360.ee\/en\/shop\/"},{"@type":"ListItem","position":3,"name":"STACKER2 Testo-4HD (120caps)"}]},{"@type":"WebSite","@id":"https:\/\/fit360.ee\/en\/#website","url":"https:\/\/fit360.ee\/en\/","name":"Fit360","description":"","publisher":{"@id":"https:\/\/fit360.ee\/en\/#organization"},"potentialAction":[{"@type":"SearchAction","target":{"@type":"EntryPoint","urlTemplate":"https:\/\/fit360.ee\/en\/?s={search_term_string}"},"query-input":{"@type":"PropertyValueSpecification","valueRequired":true,"valueName":"search_term_string"}}],"inLanguage":"en-US"},{"@type":"Organization","@id":"https:\/\/fit360.ee\/en\/#organization","name":"Fit360","url":"https:\/\/fit360.ee\/en\/","logo":{"@type":"ImageObject","inLanguage":"en-US","@id":"https:\/\/fit360.ee\/en\/#\/schema\/logo\/image\/","url":"https:\/\/fit360.ee\/wp-content\/uploads\/2017\/01\/logo-fit360.png","contentUrl":"https:\/\/fit360.ee\/wp-content\/uploads\/2017\/01\/logo-fit360.png","width":180,"height":66,"caption":"Fit360"},"image":{"@id":"https:\/\/fit360.ee\/en\/#\/schema\/logo\/image\/"}}]}},"_links":{"self":[{"href":"https:\/\/fit360.ee\/en\/wp-json\/wp\/v2\/product\/55939","targetHints":{"allow":["GET"]}}],"collection":[{"href":"https:\/\/fit360.ee\/en\/wp-json\/wp\/v2\/product"}],"about":[{"href":"https:\/\/fit360.ee\/en\/wp-json\/wp\/v2\/types\/product"}],"replies":[{"embeddable":true,"href":"https:\/\/fit360.ee\/en\/wp-json\/wp\/v2\/comments?post=55939"}],"wp:featuredmedia":[{"embeddable":true,"href":"https:\/\/fit360.ee\/en\/wp-json\/wp\/v2\/media\/55938"}],"wp:attachment":[{"href":"https:\/\/fit360.ee\/en\/wp-json\/wp\/v2\/media?parent=55939"}],"wp:term":[{"taxonomy":"product_brand","embeddable":true,"href":"https:\/\/fit360.ee\/en\/wp-json\/wp\/v2\/product_brand?post=55939"},{"taxonomy":"product_cat","embeddable":true,"href":"https:\/\/fit360.ee\/en\/wp-json\/wp\/v2\/product_cat?post=55939"},{"taxonomy":"product_tag","embeddable":true,"href":"https:\/\/fit360.ee\/en\/wp-json\/wp\/v2\/product_tag?post=55939"},{"taxonomy":"giftcard-category","embeddable":true,"href":"https:\/\/fit360.ee\/en\/wp-json\/wp\/v2\/giftcard-category?post=55939"}],"curies":[{"name":"wp","href":"https:\/\/api.w.org\/{rel}","templated":true}]}}