{"id":55949,"date":"2021-09-08T19:15:02","date_gmt":"2021-09-08T17:15:02","guid":{"rendered":"https:\/\/fit360.ee\/pood\/uncategorized\/on-serious-mass-2720g\/"},"modified":"2025-09-03T14:27:01","modified_gmt":"2025-09-03T12:27:01","slug":"on-serious-mass-2720g","status":"publish","type":"product","link":"https:\/\/fit360.ee\/en\/pood\/product-groups\/mass-gainers-en\/on-serious-mass-2720g\/","title":{"rendered":"ON Serious Mass (2720g)"},"content":{"rendered":"<h1><strong>ON Serious Mass<\/strong><\/h1>\n<p>ON Serious Mass on \u00fcks kaloririkkamaid massilisajaid, mis turul saadaval! Sisaldades t\u00e4isannuse kohta tervelt 1250 kcal, 50 g valku ja 250 g s\u00fcsivesikuid, varustab Serious Mass Teie keha \u00fcle 3x suurema hulga kaloritega kui tavaline taastusjook. Kui oled t\u00fc\u00fcpiline &#8220;hargainer&#8221;, kellel raskusi tavatoidust piisaval hulgal kalorite saamisega, mis kindlustaks kaalu, j\u00f5u ja lihaste jurdekasvu, siis on Serious Mass just Sulle m\u00f5eldud. Kunagi varem pole kalorite suurendamine olnud nii kerge ega nii maitsev.<\/p>\n<p>ON Serious Massi 50 g valku koosneb neljast erinevast valguallikast, iga\u00fchel erinev imendumiskiirus, aminohappeline koostis ja positiivne m\u00f5ju lihasmassi kasvule.<\/p>\n<p>Serious Massi ei ole lisatud suhkruid: s\u00fcsivesikuallikana on kasutatud kvaliteetset m\u00f5\u00f5duka imendumiskiirusega maltodekstriini.<\/p>\n<p>Peale makrotoitainete sisaldab Serious Mass ka 25 t\u00e4htsamat vitamiini ja mineraali, et tagada organismi energiatase, t\u00f6\u00f6v\u00f5ime ja ainevahetuslikud protsessid. Koostises on esindatud ka <a href=\"https:\/\/fit360.ee\/en\/product-category\/product-groups\/creatine-en\/\"><strong>kreatiin<\/strong><\/a> ja <a href=\"https:\/\/fit360.ee\/en\/product-category\/product-groups\/amino-acids-bcaa\/l-glutamine-en\/\"><strong>L-glutamiin<\/strong><\/a>.<\/p>\n<p><strong>Lisaks sisaldab Serious Mass 1 serveering:<\/strong><\/p>\n<ul>\n<li>50 grammi valke (munadest ja vadekukaseiinist);<\/li>\n<li>250 grammi s\u00fcsivesikuid, mis varustavad organismi energiaga treeningu ajaks ja t\u00e4iendavad gl\u00fckogeeni varusid ilma suhkru tarbimiseta;<\/li>\n<li>24 erinevat mineraalainet, sealhulgas antioks\u00fcdante ja <a href=\"https:\/\/fit360.ee\/en\/product-category\/product-groups\/vitamins-and-minerals-en\/b-vitamin-en\/\"><strong>B-r\u00fchma vitamiine<\/strong><\/a>;<\/li>\n<li>kreatiini ja glutamiini, mida kasutatakse lisatoena.<\/li>\n<\/ul>\n<h2><strong>Optimum Serious Mass<\/strong><\/h2>\n<table>\n<tbody>\n<tr>\n<td width=\"100\"><strong><br \/>\nToitev\u00e4\u00e4rtuse anal\u00fc\u00fcs<\/strong><\/td>\n<td width=\"100\"><strong>1 serveering (SPK%*)<\/strong><\/td>\n<\/tr>\n<tr>\n<td colspan=\"3\"><\/td>\n<\/tr>\n<tr>\n<td>Kalorid<\/td>\n<td>1250<\/td>\n<td><\/td>\n<\/tr>\n<tr>\n<td>Kalorid Rasvast<\/td>\n<td>40<\/td>\n<td><\/td>\n<\/tr>\n<tr>\n<td>Rasvad<\/td>\n<td>4,5g<\/td>\n<td>7%*<\/td>\n<\/tr>\n<tr>\n<td><em>millest k\u00fcllastunud rasvhapped<\/em><\/td>\n<td>1,5g<\/td>\n<td>8%*<\/td>\n<\/tr>\n<tr>\n<td>Kolesterool<\/td>\n<td>80mg<\/td>\n<td>27%<\/td>\n<\/tr>\n<tr>\n<td>S\u00fcsivesikud<\/td>\n<td>252g<\/td>\n<td>84%*<\/td>\n<\/tr>\n<tr>\n<td>Kiudained<\/td>\n<td>4g<\/td>\n<td>16%*<\/td>\n<\/tr>\n<tr>\n<td>Suhkrud<\/td>\n<td>20g<\/td>\n<td>\u2020<\/td>\n<\/tr>\n<tr>\n<td>Valgud<\/td>\n<td>50g<\/td>\n<td>100%*<\/td>\n<\/tr>\n<tr>\n<td>Vitamiin A<\/td>\n<td>5000IU<\/td>\n<td>100%<\/td>\n<\/tr>\n<tr>\n<td>Vitamiin C<\/td>\n<td>60mg<\/td>\n<td>100%<\/td>\n<\/tr>\n<tr>\n<td>Vitamiin D<\/td>\n<td>200IU<\/td>\n<td>50%<\/td>\n<\/tr>\n<tr>\n<td>Vitamiin E<\/td>\n<td>30IU<\/td>\n<td>100%<\/td>\n<\/tr>\n<tr>\n<td>Tiamiin<\/td>\n<td>4,8mg<\/td>\n<td>320%<\/td>\n<\/tr>\n<tr>\n<td>Riboflaviin<\/td>\n<td>4mg<\/td>\n<td>235%<\/td>\n<\/tr>\n<tr>\n<td>Niatsiin<\/td>\n<td>50mg<\/td>\n<td>250%<\/td>\n<\/tr>\n<tr>\n<td>Vitamiin B6<\/td>\n<td>5mg<\/td>\n<td>250%<\/td>\n<\/tr>\n<tr>\n<td>Foolhape<\/td>\n<td>400mcg<\/td>\n<td>100%<\/td>\n<\/tr>\n<tr>\n<td>Vitamiin B12<\/td>\n<td>10mcg<\/td>\n<td>167%<\/td>\n<\/tr>\n<tr>\n<td>Biotiin<\/td>\n<td>300mcg<\/td>\n<td>100%<\/td>\n<\/tr>\n<tr>\n<td>Pantoteenhape<\/td>\n<td>25mg<\/td>\n<td>250%<\/td>\n<\/tr>\n<tr>\n<td>Kaltsium<\/td>\n<td>590mg<\/td>\n<td>59%<\/td>\n<\/tr>\n<tr>\n<td>Raud<\/td>\n<td>8mg<\/td>\n<td>44%<\/td>\n<\/tr>\n<tr>\n<td>Fosfor<\/td>\n<td>430mg<\/td>\n<td>43%<\/td>\n<\/tr>\n<tr>\n<td>Jood<\/td>\n<td>150mcg<\/td>\n<td>100%<\/td>\n<\/tr>\n<tr>\n<td>Magneesium<\/td>\n<td>140mg<\/td>\n<td>35%<\/td>\n<\/tr>\n<tr>\n<td>Tsink<\/td>\n<td>15mg<\/td>\n<td>100%<\/td>\n<\/tr>\n<tr>\n<td>Seleenium<\/td>\n<td>70mcg<\/td>\n<td>100%<\/td>\n<\/tr>\n<tr>\n<td>Vask<\/td>\n<td>1,6mg<\/td>\n<td>80%<\/td>\n<\/tr>\n<tr>\n<td>Mangaan<\/td>\n<td>2mg<\/td>\n<td>100%<\/td>\n<\/tr>\n<tr>\n<td>Kroom<\/td>\n<td>120mcg<\/td>\n<td>100%<\/td>\n<\/tr>\n<tr>\n<td>Mol\u00fcbdeen<\/td>\n<td>75mcg<\/td>\n<td>100%<\/td>\n<\/tr>\n<tr>\n<td>Naatrium<\/td>\n<td>410mg<\/td>\n<td>17%<\/td>\n<\/tr>\n<tr>\n<td>Kaalium<\/td>\n<td>1560mg<\/td>\n<td>45%<\/td>\n<\/tr>\n<tr>\n<td colspan=\"3\"><\/td>\n<\/tr>\n<tr>\n<td>Kreatiin Monoh\u00fcdraat<\/td>\n<td>1g<\/td>\n<td>\u2020<\/td>\n<\/tr>\n<tr>\n<td>L-Glutamiie<\/td>\n<td>500mg<\/td>\n<td>\u2020<\/td>\n<\/tr>\n<tr>\n<td>Glutamiinpeptiidid<\/td>\n<td>500mg<\/td>\n<td>\u2020<\/td>\n<\/tr>\n<tr>\n<td>Koliin (Koliini biatraadina)<\/td>\n<td>250mg<\/td>\n<td>\u2020<\/td>\n<\/tr>\n<tr>\n<td>Inositool<\/td>\n<td>250mg<\/td>\n<td>\u2020<\/td>\n<\/tr>\n<tr>\n<td>PABA (Para-aminobensoehape)<\/td>\n<td>5mg<\/td>\n<td>\u2020<\/td>\n<\/tr>\n<tr>\n<td colspan=\"3\"><\/td>\n<\/tr>\n<tr>\n<td colspan=\"3\">* SPK \u2013 soovitatud p\u00e4evane kogus.<\/td>\n<\/tr>\n<\/tbody>\n<\/table>\n<p><strong>Teised Koostisosad<\/strong>: Maltodekstriin, proteiinisegu (vadakuvalgu kontsentraat, kaltsiumkaseinaat, munaalbumiin, magus piimavalk), kakao (t\u00f6\u00f6deldud leelisega), looduslik ja kunstlik maitse, vitamiinide ja mineraalide segu (kaaliumfosfaat, magneesiumaspartaat, di -kaltsiumfosfaat, kaltsiumtsitraat, askorbiin) Hape, niatsiinamiid, tsinktsitraat, beetakaroteen, D-kaltsiumpantotenaat, D-alfa-tokofer\u00fc\u00fclsuktsinaat, seleenometioniin, vaskgl\u00fckonaat, raud-fumaraat, mangaanaminohappe kelaat, tiamiinmononitraat, p\u00fcridoksiinvesinikkloriid, ribofol\u00fcviniinhape Mol\u00fcbdeen -aminohappe kelaat, kolekaltsiferool, kaaliumjodiid, ts\u00fcanokobalamiin), kaaliumatsesulfaam, letsitiin, keskmise ahelaga trigl\u00fctseriidid. ALLERGENI TEAVE: Sisaldab piima, muna, nisu (glutamiini peptiide) ja soja (letsitiini) koostisosi.<\/p>\n<p>Kasutamine: T\u00e4isannus on 2 m\u00f5\u00f5tkulbit\u00e4tit ehk 336g. Tarbimise h\u00f5lbustamiseks v\u00f5ib kasutada 1 kulp kohe peale trenni ja teine annus sobival ajal p\u00e4eva jooksul, nt toidukorra asendamiseks. Vastavalt kasutatud pulbri kogusele varieerida vedeliku hulka. \u00dche kulbi kohta kasutada 200-300 ml vett v\u00f5i piima.<\/p>\n<p><strong>Suurus<\/strong>: 2720g<\/p>\n<p>Vaata ka meie teisi Massilisajaid <a href=\"https:\/\/fit360.ee\/en\/product-category\/product-groups\/mass-gainers-en\/\"><strong>SIIT<\/strong><\/a>!<\/p>\n<p>Soovid kaupa osta suuremas koguses? Vaata antud toodet ka meie HULGI poest\u00a0<a href=\"https:\/\/toidulisandidhulgi.ee\/product\/on-serious-mass-2720g\/\"><strong>SIIT<\/strong><\/a>!<\/p>\n","protected":false},"excerpt":{"rendered":"<p><strong>OPTIMUM NUTRITION Serious Mass on \u00fclim massilisaja!<\/strong><\/p>\n<p><strong>ON Serious Mass 1 serveering:<\/strong><\/p>\n<ul>\n<li>50 grammi valke (munadest ja vadekukaseiinist);<\/li>\n<li>250 grammi s\u00fcsivesikuid, mis varustavad organismi energiaga treeningu ajaks ja t\u00e4iendavad gl\u00fckogeeni varusid ilma suhkru tarbimiseta;<\/li>\n<li>24 erinevat mineraalainet, sealhulgas antioks\u00fcdante ja B-r\u00fchma vitamiine;<\/li>\n<li>kreatiini ja glutamiini, mida kasutatakse lisatoena.<\/li>\n<\/ul>\n","protected":false},"featured_media":55944,"comment_status":"closed","ping_status":"closed","template":"","meta":[],"product_brand":[],"product_cat":[528,1294],"product_tag":[3056,1806,3057,3058],"giftcard-category":[],"class_list":{"0":"post-55949","1":"product","2":"type-product","3":"status-publish","4":"has-post-thumbnail","6":"product_cat-mass-gainers-en","7":"product_cat-optimum-nutrition-en","8":"product_tag-on-serious-mass-en","9":"product_tag-optimum-nutrition-en","10":"product_tag-optimum-nutrition-serious-mass-en","11":"product_tag-serious-mass-en","12":"pa_maitse-banana","13":"pa_maitse-chocolate","14":"pa_maitse-cream-cookie","15":"pa_maitse-peanut-butter-chocolate","16":"pa_maitse-strawberry","17":"pa_maitse-vanilli","19":"first","20":"outofstock","21":"sale","22":"taxable","23":"shipping-taxable","24":"purchasable","25":"product-type-variable"},"yoast_head":"<!-- This site is optimized with the Yoast SEO plugin v27.3 - https:\/\/yoast.com\/product\/yoast-seo-wordpress\/ -->\n<title>ON Serious Mass (2720g) - Massilisaja - Kaalu kasvatamine - Fit360<\/title>\n<meta name=\"description\" content=\"ON Serious Mass on \u00fcks kaloririkkamaid massilisajaid, mis turul saadaval! Sisaldades t\u00e4isannuse kohta tervelt 1250 kcal. Kiire Tarne!\" \/>\n<meta name=\"robots\" content=\"index, follow, max-snippet:-1, max-image-preview:large, max-video-preview:-1\" \/>\n<link rel=\"canonical\" href=\"https:\/\/fit360.ee\/en\/pood\/product-groups\/mass-gainers-en\/on-serious-mass-2720g\/\" \/>\n<meta property=\"og:locale\" content=\"en_US\" \/>\n<meta property=\"og:type\" content=\"article\" \/>\n<meta property=\"og:title\" content=\"ON Serious Mass (2720g) - Massilisaja - Kaalu kasvatamine - Fit360\" \/>\n<meta property=\"og:description\" content=\"ON Serious Mass on \u00fcks kaloririkkamaid massilisajaid, mis turul saadaval! Sisaldades t\u00e4isannuse kohta tervelt 1250 kcal. Kiire Tarne!\" \/>\n<meta property=\"og:url\" content=\"https:\/\/fit360.ee\/en\/pood\/product-groups\/mass-gainers-en\/on-serious-mass-2720g\/\" \/>\n<meta property=\"og:site_name\" content=\"Fit360\" \/>\n<meta property=\"article:modified_time\" content=\"2025-09-03T12:27:01+00:00\" \/>\n<meta property=\"og:image\" content=\"https:\/\/fit360.ee\/wp-content\/uploads\/2021\/09\/on-serious-mass-2720g-fit360.ee_.png\" \/>\n\t<meta property=\"og:image:width\" content=\"800\" \/>\n\t<meta property=\"og:image:height\" content=\"800\" \/>\n\t<meta property=\"og:image:type\" content=\"image\/png\" \/>\n<meta name=\"twitter:card\" content=\"summary_large_image\" \/>\n<meta name=\"twitter:label1\" content=\"Est. reading time\" \/>\n\t<meta name=\"twitter:data1\" content=\"2 minutes\" \/>\n<script type=\"application\/ld+json\" class=\"yoast-schema-graph\">{\"@context\":\"https:\\\/\\\/schema.org\",\"@graph\":[{\"@type\":\"WebPage\",\"@id\":\"https:\\\/\\\/fit360.ee\\\/en\\\/pood\\\/product-groups\\\/mass-gainers-en\\\/on-serious-mass-2720g\\\/\",\"url\":\"https:\\\/\\\/fit360.ee\\\/en\\\/pood\\\/product-groups\\\/mass-gainers-en\\\/on-serious-mass-2720g\\\/\",\"name\":\"ON Serious Mass (2720g) - Massilisaja - Kaalu kasvatamine - Fit360\",\"isPartOf\":{\"@id\":\"https:\\\/\\\/fit360.ee\\\/en\\\/#website\"},\"primaryImageOfPage\":{\"@id\":\"https:\\\/\\\/fit360.ee\\\/en\\\/pood\\\/product-groups\\\/mass-gainers-en\\\/on-serious-mass-2720g\\\/#primaryimage\"},\"image\":{\"@id\":\"https:\\\/\\\/fit360.ee\\\/en\\\/pood\\\/product-groups\\\/mass-gainers-en\\\/on-serious-mass-2720g\\\/#primaryimage\"},\"thumbnailUrl\":\"https:\\\/\\\/fit360.ee\\\/wp-content\\\/uploads\\\/2021\\\/09\\\/on-serious-mass-2720g-fit360.ee_.png\",\"datePublished\":\"2021-09-08T17:15:02+00:00\",\"dateModified\":\"2025-09-03T12:27:01+00:00\",\"description\":\"ON Serious Mass on \u00fcks kaloririkkamaid massilisajaid, mis turul saadaval! Sisaldades t\u00e4isannuse kohta tervelt 1250 kcal. Kiire Tarne!\",\"breadcrumb\":{\"@id\":\"https:\\\/\\\/fit360.ee\\\/en\\\/pood\\\/product-groups\\\/mass-gainers-en\\\/on-serious-mass-2720g\\\/#breadcrumb\"},\"inLanguage\":\"en-US\",\"potentialAction\":[{\"@type\":\"ReadAction\",\"target\":[\"https:\\\/\\\/fit360.ee\\\/en\\\/pood\\\/product-groups\\\/mass-gainers-en\\\/on-serious-mass-2720g\\\/\"]}]},{\"@type\":\"ImageObject\",\"inLanguage\":\"en-US\",\"@id\":\"https:\\\/\\\/fit360.ee\\\/en\\\/pood\\\/product-groups\\\/mass-gainers-en\\\/on-serious-mass-2720g\\\/#primaryimage\",\"url\":\"https:\\\/\\\/fit360.ee\\\/wp-content\\\/uploads\\\/2021\\\/09\\\/on-serious-mass-2720g-fit360.ee_.png\",\"contentUrl\":\"https:\\\/\\\/fit360.ee\\\/wp-content\\\/uploads\\\/2021\\\/09\\\/on-serious-mass-2720g-fit360.ee_.png\",\"width\":800,\"height\":800,\"caption\":\"on serious mass 2720g - fit360.ee\"},{\"@type\":\"BreadcrumbList\",\"@id\":\"https:\\\/\\\/fit360.ee\\\/en\\\/pood\\\/product-groups\\\/mass-gainers-en\\\/on-serious-mass-2720g\\\/#breadcrumb\",\"itemListElement\":[{\"@type\":\"ListItem\",\"position\":1,\"name\":\"Home\",\"item\":\"https:\\\/\\\/fit360.ee\\\/en\\\/\"},{\"@type\":\"ListItem\",\"position\":2,\"name\":\"Shop\",\"item\":\"https:\\\/\\\/fit360.ee\\\/en\\\/shop\\\/\"},{\"@type\":\"ListItem\",\"position\":3,\"name\":\"ON Serious Mass (2720g)\"}]},{\"@type\":\"WebSite\",\"@id\":\"https:\\\/\\\/fit360.ee\\\/en\\\/#website\",\"url\":\"https:\\\/\\\/fit360.ee\\\/en\\\/\",\"name\":\"Fit360\",\"description\":\"\",\"publisher\":{\"@id\":\"https:\\\/\\\/fit360.ee\\\/en\\\/#organization\"},\"potentialAction\":[{\"@type\":\"SearchAction\",\"target\":{\"@type\":\"EntryPoint\",\"urlTemplate\":\"https:\\\/\\\/fit360.ee\\\/en\\\/?s={search_term_string}\"},\"query-input\":{\"@type\":\"PropertyValueSpecification\",\"valueRequired\":true,\"valueName\":\"search_term_string\"}}],\"inLanguage\":\"en-US\"},{\"@type\":\"Organization\",\"@id\":\"https:\\\/\\\/fit360.ee\\\/en\\\/#organization\",\"name\":\"Fit360\",\"url\":\"https:\\\/\\\/fit360.ee\\\/en\\\/\",\"logo\":{\"@type\":\"ImageObject\",\"inLanguage\":\"en-US\",\"@id\":\"https:\\\/\\\/fit360.ee\\\/en\\\/#\\\/schema\\\/logo\\\/image\\\/\",\"url\":\"https:\\\/\\\/fit360.ee\\\/wp-content\\\/uploads\\\/2017\\\/01\\\/logo-fit360.png\",\"contentUrl\":\"https:\\\/\\\/fit360.ee\\\/wp-content\\\/uploads\\\/2017\\\/01\\\/logo-fit360.png\",\"width\":180,\"height\":66,\"caption\":\"Fit360\"},\"image\":{\"@id\":\"https:\\\/\\\/fit360.ee\\\/en\\\/#\\\/schema\\\/logo\\\/image\\\/\"}}]}<\/script>\n<!-- \/ Yoast SEO plugin. -->","yoast_head_json":{"title":"ON Serious Mass (2720g) - Massilisaja - Kaalu kasvatamine - Fit360","description":"ON Serious Mass on \u00fcks kaloririkkamaid massilisajaid, mis turul saadaval! Sisaldades t\u00e4isannuse kohta tervelt 1250 kcal. Kiire Tarne!","robots":{"index":"index","follow":"follow","max-snippet":"max-snippet:-1","max-image-preview":"max-image-preview:large","max-video-preview":"max-video-preview:-1"},"canonical":"https:\/\/fit360.ee\/en\/pood\/product-groups\/mass-gainers-en\/on-serious-mass-2720g\/","og_locale":"en_US","og_type":"article","og_title":"ON Serious Mass (2720g) - Massilisaja - Kaalu kasvatamine - Fit360","og_description":"ON Serious Mass on \u00fcks kaloririkkamaid massilisajaid, mis turul saadaval! Sisaldades t\u00e4isannuse kohta tervelt 1250 kcal. Kiire Tarne!","og_url":"https:\/\/fit360.ee\/en\/pood\/product-groups\/mass-gainers-en\/on-serious-mass-2720g\/","og_site_name":"Fit360","article_modified_time":"2025-09-03T12:27:01+00:00","og_image":[{"width":800,"height":800,"url":"https:\/\/fit360.ee\/wp-content\/uploads\/2021\/09\/on-serious-mass-2720g-fit360.ee_.png","type":"image\/png"}],"twitter_card":"summary_large_image","twitter_misc":{"Est. reading time":"2 minutes"},"schema":{"@context":"https:\/\/schema.org","@graph":[{"@type":"WebPage","@id":"https:\/\/fit360.ee\/en\/pood\/product-groups\/mass-gainers-en\/on-serious-mass-2720g\/","url":"https:\/\/fit360.ee\/en\/pood\/product-groups\/mass-gainers-en\/on-serious-mass-2720g\/","name":"ON Serious Mass (2720g) - Massilisaja - Kaalu kasvatamine - Fit360","isPartOf":{"@id":"https:\/\/fit360.ee\/en\/#website"},"primaryImageOfPage":{"@id":"https:\/\/fit360.ee\/en\/pood\/product-groups\/mass-gainers-en\/on-serious-mass-2720g\/#primaryimage"},"image":{"@id":"https:\/\/fit360.ee\/en\/pood\/product-groups\/mass-gainers-en\/on-serious-mass-2720g\/#primaryimage"},"thumbnailUrl":"https:\/\/fit360.ee\/wp-content\/uploads\/2021\/09\/on-serious-mass-2720g-fit360.ee_.png","datePublished":"2021-09-08T17:15:02+00:00","dateModified":"2025-09-03T12:27:01+00:00","description":"ON Serious Mass on \u00fcks kaloririkkamaid massilisajaid, mis turul saadaval! Sisaldades t\u00e4isannuse kohta tervelt 1250 kcal. Kiire Tarne!","breadcrumb":{"@id":"https:\/\/fit360.ee\/en\/pood\/product-groups\/mass-gainers-en\/on-serious-mass-2720g\/#breadcrumb"},"inLanguage":"en-US","potentialAction":[{"@type":"ReadAction","target":["https:\/\/fit360.ee\/en\/pood\/product-groups\/mass-gainers-en\/on-serious-mass-2720g\/"]}]},{"@type":"ImageObject","inLanguage":"en-US","@id":"https:\/\/fit360.ee\/en\/pood\/product-groups\/mass-gainers-en\/on-serious-mass-2720g\/#primaryimage","url":"https:\/\/fit360.ee\/wp-content\/uploads\/2021\/09\/on-serious-mass-2720g-fit360.ee_.png","contentUrl":"https:\/\/fit360.ee\/wp-content\/uploads\/2021\/09\/on-serious-mass-2720g-fit360.ee_.png","width":800,"height":800,"caption":"on serious mass 2720g - fit360.ee"},{"@type":"BreadcrumbList","@id":"https:\/\/fit360.ee\/en\/pood\/product-groups\/mass-gainers-en\/on-serious-mass-2720g\/#breadcrumb","itemListElement":[{"@type":"ListItem","position":1,"name":"Home","item":"https:\/\/fit360.ee\/en\/"},{"@type":"ListItem","position":2,"name":"Shop","item":"https:\/\/fit360.ee\/en\/shop\/"},{"@type":"ListItem","position":3,"name":"ON Serious Mass (2720g)"}]},{"@type":"WebSite","@id":"https:\/\/fit360.ee\/en\/#website","url":"https:\/\/fit360.ee\/en\/","name":"Fit360","description":"","publisher":{"@id":"https:\/\/fit360.ee\/en\/#organization"},"potentialAction":[{"@type":"SearchAction","target":{"@type":"EntryPoint","urlTemplate":"https:\/\/fit360.ee\/en\/?s={search_term_string}"},"query-input":{"@type":"PropertyValueSpecification","valueRequired":true,"valueName":"search_term_string"}}],"inLanguage":"en-US"},{"@type":"Organization","@id":"https:\/\/fit360.ee\/en\/#organization","name":"Fit360","url":"https:\/\/fit360.ee\/en\/","logo":{"@type":"ImageObject","inLanguage":"en-US","@id":"https:\/\/fit360.ee\/en\/#\/schema\/logo\/image\/","url":"https:\/\/fit360.ee\/wp-content\/uploads\/2017\/01\/logo-fit360.png","contentUrl":"https:\/\/fit360.ee\/wp-content\/uploads\/2017\/01\/logo-fit360.png","width":180,"height":66,"caption":"Fit360"},"image":{"@id":"https:\/\/fit360.ee\/en\/#\/schema\/logo\/image\/"}}]}},"_links":{"self":[{"href":"https:\/\/fit360.ee\/en\/wp-json\/wp\/v2\/product\/55949","targetHints":{"allow":["GET"]}}],"collection":[{"href":"https:\/\/fit360.ee\/en\/wp-json\/wp\/v2\/product"}],"about":[{"href":"https:\/\/fit360.ee\/en\/wp-json\/wp\/v2\/types\/product"}],"replies":[{"embeddable":true,"href":"https:\/\/fit360.ee\/en\/wp-json\/wp\/v2\/comments?post=55949"}],"wp:featuredmedia":[{"embeddable":true,"href":"https:\/\/fit360.ee\/en\/wp-json\/wp\/v2\/media\/55944"}],"wp:attachment":[{"href":"https:\/\/fit360.ee\/en\/wp-json\/wp\/v2\/media?parent=55949"}],"wp:term":[{"taxonomy":"product_brand","embeddable":true,"href":"https:\/\/fit360.ee\/en\/wp-json\/wp\/v2\/product_brand?post=55949"},{"taxonomy":"product_cat","embeddable":true,"href":"https:\/\/fit360.ee\/en\/wp-json\/wp\/v2\/product_cat?post=55949"},{"taxonomy":"product_tag","embeddable":true,"href":"https:\/\/fit360.ee\/en\/wp-json\/wp\/v2\/product_tag?post=55949"},{"taxonomy":"giftcard-category","embeddable":true,"href":"https:\/\/fit360.ee\/en\/wp-json\/wp\/v2\/giftcard-category?post=55949"}],"curies":[{"name":"wp","href":"https:\/\/api.w.org\/{rel}","templated":true}]}}