{"id":56101,"date":"2021-09-13T16:39:40","date_gmt":"2021-09-13T14:39:40","guid":{"rendered":"https:\/\/fit360.ee\/?post_type=product&#038;p=56101"},"modified":"2025-09-08T18:12:01","modified_gmt":"2025-09-08T16:12:01","slug":"on-opti-women-120caps","status":"publish","type":"product","link":"https:\/\/fit360.ee\/en\/pood\/product-groups\/vitamins-and-minerals-en\/multivitamins-en\/on-opti-women-120caps\/","title":{"rendered":"ON Opti-Women (120caps)"},"content":{"rendered":"<h1>ON Opti-Women<\/h1>\n<p>Vitamiinid, mineraalid ja teised asendamatud toitained on keha fundamentaalsed ehituskivid. Nad aitavad hoida \u00fcleval meie p\u00e4evast energia taset, hoiavad immuunsust tugevana, toetavad v\u00f5imekust,\u00a0parandavad sooritusv\u00f5imet ning \u00fcle\u00fcldist eluj\u00f5udu ja heaolu.\u00a0Opti-Women\u00a0on loodud \u00a0k\u00f5ikeh\u00f5lmava Toitaineid Optimiseeriva S\u00fcsteemiga sidudes endasse taimsed, antioks\u00fcdantsed ning soo-spetsiifilised komponendid, mida on kokku\u00a0\u00fcle neljak\u00fcmne ja seda ainult \u00fches tabletis.<\/p>\n<p>Rohkem kui elementaarne<\/p>\n<ul>\n<li>23 vitamiini ja vajalikku mineraali<\/li>\n<li>100% p\u00e4evasest soovituslikust kogusest rauda, tsinki ja teisi mineraale.<\/li>\n<li>150mg kaltsiumi<\/li>\n<li>17 erikomponente k.a. soja isoflavinoidid, mungapipra ekstrakt, Dong Quai (naiste \u017een\u017een) ja Uva Ursa (karumari)<\/li>\n<li>Lihtsamalt neelatavad kapslid<\/li>\n<\/ul>\n<p><strong>Koostisosad<\/strong>: kaltsiumkarbonaat, t\u00e4iteaine (mikrokristalne tselluloos), L-askorbiinhape, \u017eelatiinikapsel, kaltsiumtsitraat, magneesiumoksiid, Dong Quai ekstrakt (<em>Angelica sinensis<\/em>, juur), paakumisvastased ained (rasvhapete magneesiumisoolad, r\u00e4nidioksiid) , Raudfumaraat, D-alfa-tokofer\u00fc\u00fclhappe suktsinaat, nikotiinamiid, kaltsium D-pantotenaat, alfa lipoehape, tsinkoksiid, L-selenometioniin, beetakaroteen, mangaansulfaat, kroomkloriid, tsitruselised bioflavanoidid (standardiseeritud kuni 35% flavan Viinamarjaseemneekstrakt (<em>Vitis vinifera<\/em>, seeme), k\u00fc\u00fcslauguekstrakt (<em>Allium sativum<\/em>, mugulsibul), f\u00fcllokinoon, vasksulfaat, naatriummol\u00fcbdaat, kroompikolinaat, p\u00fcridoksiinvesinikkloriid, tiamiinvesinikkloriid, retin\u00fc\u00fclpalmitaat, kolekaltsiferool, l\u00fckopodiin, l\u00fckof\u00fcleen (l\u00fckopeen, riboflav <em>Tagetes erecta<\/em>, lill, standarditud 10% luteiinile), ts\u00fcanokobalamiin, ptero\u00fc\u00fclmonogl\u00fctamiinhape, D-biotiin.<\/p>\n<div><strong>Kasutamine: <\/strong>2 kapslit p\u00e4evas koos veega<\/div>\n<div><\/div>\n<div><strong>Suurus<\/strong>: 120 kapslit &#8211; 60 serveeringut<\/div>\n<div><\/div>\n<div>\n<table>\n<tbody>\n<tr>\n<td width=\"253\"><strong>Aktiivsed toimeained<\/strong><\/td>\n<td width=\"193\"><strong>2 kapslit ( 1 serveering)<\/strong><\/td>\n<td width=\"193\"><strong>% SPK*<\/strong><\/td>\n<\/tr>\n<tr>\n<td width=\"253\">Vitamiin A<\/td>\n<td width=\"193\">800 \u00b5g<\/td>\n<td width=\"193\">100%<\/td>\n<\/tr>\n<tr>\n<td width=\"253\">Vitamiin D<\/td>\n<td width=\"193\">10 \u00b5g<\/td>\n<td width=\"193\">200%<\/td>\n<\/tr>\n<tr>\n<td width=\"253\">Vitamiin E<\/td>\n<td width=\"193\">30 mg<\/td>\n<td width=\"193\">250%<\/td>\n<\/tr>\n<tr>\n<td width=\"253\">Vitamin K<\/td>\n<td width=\"193\">80 \u00b5g<\/td>\n<td width=\"193\">107%<\/td>\n<\/tr>\n<tr>\n<td width=\"253\">Vitamin C<\/td>\n<td width=\"193\">225 mg<\/td>\n<td width=\"193\">281%<\/td>\n<\/tr>\n<tr>\n<td width=\"253\">Tiamiin<\/td>\n<td width=\"193\">4 mg<\/td>\n<td width=\"193\">364%<\/td>\n<\/tr>\n<tr>\n<td width=\"253\">Riboflaviin<\/td>\n<td width=\"193\">4 mg<\/td>\n<td width=\"193\">286%<\/td>\n<\/tr>\n<tr>\n<td width=\"253\">Niatsiin<\/td>\n<td width=\"193\">20 mg<\/td>\n<td width=\"193\">125%<\/td>\n<\/tr>\n<tr>\n<td width=\"253\">Vitamin B6<\/td>\n<td width=\"193\">5.4 mg<\/td>\n<td width=\"193\">386%<\/td>\n<\/tr>\n<tr>\n<td width=\"253\">Foolhape<\/td>\n<td width=\"193\">400 \u00b5g<\/td>\n<td width=\"193\">200%<\/td>\n<\/tr>\n<tr>\n<td width=\"253\">Vitamiin B12<\/td>\n<td width=\"193\">9 \u00b5g<\/td>\n<td width=\"193\">360%<\/td>\n<\/tr>\n<tr>\n<td width=\"253\">Biotiin<\/td>\n<td width=\"193\">180 \u00b5g<\/td>\n<td width=\"193\">360%<\/td>\n<\/tr>\n<tr>\n<td width=\"253\">Pantoteenhape<\/td>\n<td width=\"193\">18 mg<\/td>\n<td width=\"193\">300%<\/td>\n<\/tr>\n<tr>\n<td width=\"253\">Kaltsium<\/td>\n<td width=\"193\">150 mg<\/td>\n<td width=\"193\">19%<\/td>\n<\/tr>\n<tr>\n<td width=\"253\">Magneesium<\/td>\n<td width=\"193\">75 mg<\/td>\n<td width=\"193\">20%<\/td>\n<\/tr>\n<tr>\n<td width=\"253\">Raud<\/td>\n<td width=\"193\">14 mg<\/td>\n<td width=\"193\">100%<\/td>\n<\/tr>\n<tr>\n<td width=\"253\">Tsink<\/td>\n<td width=\"193\">12 mg<\/td>\n<td width=\"193\">120%<\/td>\n<\/tr>\n<tr>\n<td width=\"253\">Vask<\/td>\n<td width=\"193\">2 mg<\/td>\n<td width=\"193\">200%<\/td>\n<\/tr>\n<tr>\n<td width=\"253\">Mangaan<\/td>\n<td width=\"193\">3,5 mg<\/td>\n<td width=\"193\">175%<\/td>\n<\/tr>\n<tr>\n<td width=\"253\">Seleen<\/td>\n<td width=\"193\">70 \u00b5g<\/td>\n<td width=\"193\">127%<\/td>\n<\/tr>\n<tr>\n<td width=\"253\">Kroom<\/td>\n<td width=\"193\">80 \u00b5g<\/td>\n<td width=\"193\">200%<\/td>\n<\/tr>\n<tr>\n<td width=\"253\">Mol\u00fcbdeen<\/td>\n<td width=\"193\">75 \u00b5g<\/td>\n<td width=\"193\">150%<\/td>\n<\/tr>\n<tr>\n<td width=\"253\">Jood<\/td>\n<td width=\"193\">100 \u00b5g<\/td>\n<td width=\"193\">67%<\/td>\n<\/tr>\n<tr>\n<td width=\"253\">Alfa lipoehape<\/td>\n<td width=\"193\">20 mg<\/td>\n<td width=\"193\">&#8211;<\/td>\n<\/tr>\n<tr>\n<td width=\"253\">L\u00fckopeen<\/td>\n<td width=\"193\">260 \u00b5g<\/td>\n<td width=\"193\">&#8211;<\/td>\n<\/tr>\n<tr>\n<td width=\"253\">Luteiin<\/td>\n<td width=\"193\">260 \u00b5g<\/td>\n<td width=\"193\">&#8211;<\/td>\n<\/tr>\n<tr>\n<td width=\"253\">Viinamarjaseemneekstrakt<\/td>\n<td width=\"193\">10 mg<\/td>\n<td width=\"193\">&#8211;<\/td>\n<\/tr>\n<tr>\n<td width=\"253\">K\u00fc\u00fcslauguekstrakt<\/td>\n<td width=\"193\">10 mg<\/td>\n<td width=\"193\">&#8211;<\/td>\n<\/tr>\n<tr>\n<td width=\"253\"><em>Citrus Flavanones<\/em><\/td>\n<td width=\"193\">3.5 mg<\/td>\n<td width=\"193\">&#8211;<\/td>\n<\/tr>\n<\/tbody>\n<\/table>\n<p>*% SPK \u2013 Soovitatud p\u00e4evane kogus<\/p>\n<p>Vaata ka meie Teisi Vitamiine <a href=\"https:\/\/fit360.ee\/en\/product-category\/product-groups\/vitamins-and-minerals-en\/\"><strong>SIIT<\/strong><\/a> v\u00f5i Multivitamiine <a href=\"https:\/\/fit360.ee\/en\/product-category\/product-groups\/vitamins-and-minerals-en\/multivitamins-en\/\"><strong>SIIT<\/strong><\/a>!<\/p>\n<p>Soovid kaupa osta suuremas koguses? Vaata antud toodet ka meie HULGI poest\u00a0<a href=\"https:\/\/toidulisandidhulgi.ee\/product\/on-opti-women-120caps\/\"><strong>SIIT<\/strong><\/a>!<\/p>\n<\/div>\n","protected":false},"excerpt":{"rendered":"<h2>Opti-Women<\/h2>\n<p>Vitamiinid, mineraalid ja teised asendamatud toitained on keha fundamentaalsed ehituskivid. Nad aitavad hoida \u00fcleval meie p\u00e4evast energia taset, hoiavad immuunsust tugevana, toetavad v\u00f5imekust,\u00a0parandavad sooritusv\u00f5imet ning \u00fcle\u00fcldist eluj\u00f5udu ja heaolu.\u00a0Opti-Women\u00a0on loodud \u00a0k\u00f5ikeh\u00f5lmava Toitaineid Optimiseeriva S\u00fcsteemiga sidudes endasse taimsed, antioks\u00fcdantsed ning soo-spetsiifilised komponendid, mida on kokku\u00a0\u00fcle neljak\u00fcmne ja seda ainult \u00fches tabletis.<\/p>\n<p><strong>Rohkem kui elementaarne<\/strong><\/p>\n<ul>\n<li>23 vitamiini ja vajalikku mineraali<\/li>\n<li>100% p\u00e4evasest soovituslikust kogusest rauda, tsinki ja teisi mineraale.<\/li>\n<li>150mg kaltsiumi<\/li>\n<li>17 erikomponente k.a. soja isoflavinoidid, mungapipra ekstrakt, Dong Quai (naiste \u017een\u017een) ja Uva Ursa (karumari)<\/li>\n<li>Lihtsamalt neelatavad kapslid<\/li>\n<\/ul>\n","protected":false},"featured_media":56103,"comment_status":"open","ping_status":"closed","template":"","meta":[],"product_brand":[],"product_cat":[1917,1294,536],"product_tag":[2759,1806],"giftcard-category":[],"class_list":{"0":"post-56101","1":"product","2":"type-product","3":"status-publish","4":"has-post-thumbnail","6":"product_cat-multivitamins-en","7":"product_cat-optimum-nutrition-en","8":"product_cat-vitamins-and-minerals-en","9":"product_tag-opti-women-en","10":"product_tag-optimum-nutrition-en","11":"pa_toidulisand-branddd-optimum","12":"pa_tootegruppp-multivitamiinid-en","13":"pa_tootegruppp-vitamins-and-minerals","15":"first","16":"instock","17":"sale","18":"taxable","19":"shipping-taxable","20":"purchasable","21":"product-type-simple"},"yoast_head":"<!-- This site is optimized with the Yoast SEO plugin v27.3 - https:\/\/yoast.com\/product\/yoast-seo-wordpress\/ -->\n<title>ON Opti-Women (120caps) - Vitamiinikompleks naistele - Kiire tarne<\/title>\n<meta name=\"description\" content=\"ON Opti-Women toode sisaldab vitamiinie, mineraale ja teisi asendamatuid toitaineid, mis hoiavad hoiavad immuunsust tugevana. Turu liider!\" \/>\n<meta name=\"robots\" content=\"index, follow, max-snippet:-1, max-image-preview:large, max-video-preview:-1\" \/>\n<link rel=\"canonical\" href=\"https:\/\/fit360.ee\/en\/pood\/product-groups\/vitamins-and-minerals-en\/multivitamins-en\/on-opti-women-120caps\/\" \/>\n<meta property=\"og:locale\" content=\"en_US\" \/>\n<meta property=\"og:type\" content=\"article\" \/>\n<meta property=\"og:title\" content=\"ON Opti-Women (120caps) - Vitamiinikompleks naistele - Kiire tarne\" \/>\n<meta property=\"og:description\" content=\"ON Opti-Women toode sisaldab vitamiinie, mineraale ja teisi asendamatuid toitaineid, mis hoiavad hoiavad immuunsust tugevana. Turu liider!\" \/>\n<meta property=\"og:url\" content=\"https:\/\/fit360.ee\/en\/pood\/product-groups\/vitamins-and-minerals-en\/multivitamins-en\/on-opti-women-120caps\/\" \/>\n<meta property=\"og:site_name\" content=\"Fit360\" \/>\n<meta property=\"article:modified_time\" content=\"2025-09-08T16:12:01+00:00\" \/>\n<meta property=\"og:image\" content=\"https:\/\/fit360.ee\/wp-content\/uploads\/2021\/09\/ON-opti-women-fit360.ee_.jpg\" \/>\n\t<meta property=\"og:image:width\" content=\"1600\" \/>\n\t<meta property=\"og:image:height\" content=\"1600\" \/>\n\t<meta property=\"og:image:type\" content=\"image\/jpeg\" \/>\n<meta name=\"twitter:card\" content=\"summary_large_image\" \/>\n<meta name=\"twitter:label1\" content=\"Est. reading time\" \/>\n\t<meta name=\"twitter:data1\" content=\"2 minutes\" \/>\n<script type=\"application\/ld+json\" class=\"yoast-schema-graph\">{\"@context\":\"https:\\\/\\\/schema.org\",\"@graph\":[{\"@type\":\"WebPage\",\"@id\":\"https:\\\/\\\/fit360.ee\\\/en\\\/pood\\\/product-groups\\\/vitamins-and-minerals-en\\\/multivitamins-en\\\/on-opti-women-120caps\\\/\",\"url\":\"https:\\\/\\\/fit360.ee\\\/en\\\/pood\\\/product-groups\\\/vitamins-and-minerals-en\\\/multivitamins-en\\\/on-opti-women-120caps\\\/\",\"name\":\"ON Opti-Women (120caps) - Vitamiinikompleks naistele - Kiire tarne\",\"isPartOf\":{\"@id\":\"https:\\\/\\\/fit360.ee\\\/en\\\/#website\"},\"primaryImageOfPage\":{\"@id\":\"https:\\\/\\\/fit360.ee\\\/en\\\/pood\\\/product-groups\\\/vitamins-and-minerals-en\\\/multivitamins-en\\\/on-opti-women-120caps\\\/#primaryimage\"},\"image\":{\"@id\":\"https:\\\/\\\/fit360.ee\\\/en\\\/pood\\\/product-groups\\\/vitamins-and-minerals-en\\\/multivitamins-en\\\/on-opti-women-120caps\\\/#primaryimage\"},\"thumbnailUrl\":\"https:\\\/\\\/fit360.ee\\\/wp-content\\\/uploads\\\/2021\\\/09\\\/ON-opti-women-fit360.ee_.jpg\",\"datePublished\":\"2021-09-13T14:39:40+00:00\",\"dateModified\":\"2025-09-08T16:12:01+00:00\",\"description\":\"ON Opti-Women toode sisaldab vitamiinie, mineraale ja teisi asendamatuid toitaineid, mis hoiavad hoiavad immuunsust tugevana. Turu liider!\",\"breadcrumb\":{\"@id\":\"https:\\\/\\\/fit360.ee\\\/en\\\/pood\\\/product-groups\\\/vitamins-and-minerals-en\\\/multivitamins-en\\\/on-opti-women-120caps\\\/#breadcrumb\"},\"inLanguage\":\"en-US\",\"potentialAction\":[{\"@type\":\"ReadAction\",\"target\":[\"https:\\\/\\\/fit360.ee\\\/en\\\/pood\\\/product-groups\\\/vitamins-and-minerals-en\\\/multivitamins-en\\\/on-opti-women-120caps\\\/\"]}]},{\"@type\":\"ImageObject\",\"inLanguage\":\"en-US\",\"@id\":\"https:\\\/\\\/fit360.ee\\\/en\\\/pood\\\/product-groups\\\/vitamins-and-minerals-en\\\/multivitamins-en\\\/on-opti-women-120caps\\\/#primaryimage\",\"url\":\"https:\\\/\\\/fit360.ee\\\/wp-content\\\/uploads\\\/2021\\\/09\\\/ON-opti-women-fit360.ee_.jpg\",\"contentUrl\":\"https:\\\/\\\/fit360.ee\\\/wp-content\\\/uploads\\\/2021\\\/09\\\/ON-opti-women-fit360.ee_.jpg\",\"width\":1600,\"height\":1600,\"caption\":\"ON opti women - fit360.ee\"},{\"@type\":\"BreadcrumbList\",\"@id\":\"https:\\\/\\\/fit360.ee\\\/en\\\/pood\\\/product-groups\\\/vitamins-and-minerals-en\\\/multivitamins-en\\\/on-opti-women-120caps\\\/#breadcrumb\",\"itemListElement\":[{\"@type\":\"ListItem\",\"position\":1,\"name\":\"Home\",\"item\":\"https:\\\/\\\/fit360.ee\\\/en\\\/\"},{\"@type\":\"ListItem\",\"position\":2,\"name\":\"Shop\",\"item\":\"https:\\\/\\\/fit360.ee\\\/en\\\/shop\\\/\"},{\"@type\":\"ListItem\",\"position\":3,\"name\":\"ON Opti-Women (120caps)\"}]},{\"@type\":\"WebSite\",\"@id\":\"https:\\\/\\\/fit360.ee\\\/en\\\/#website\",\"url\":\"https:\\\/\\\/fit360.ee\\\/en\\\/\",\"name\":\"Fit360\",\"description\":\"\",\"publisher\":{\"@id\":\"https:\\\/\\\/fit360.ee\\\/en\\\/#organization\"},\"potentialAction\":[{\"@type\":\"SearchAction\",\"target\":{\"@type\":\"EntryPoint\",\"urlTemplate\":\"https:\\\/\\\/fit360.ee\\\/en\\\/?s={search_term_string}\"},\"query-input\":{\"@type\":\"PropertyValueSpecification\",\"valueRequired\":true,\"valueName\":\"search_term_string\"}}],\"inLanguage\":\"en-US\"},{\"@type\":\"Organization\",\"@id\":\"https:\\\/\\\/fit360.ee\\\/en\\\/#organization\",\"name\":\"Fit360\",\"url\":\"https:\\\/\\\/fit360.ee\\\/en\\\/\",\"logo\":{\"@type\":\"ImageObject\",\"inLanguage\":\"en-US\",\"@id\":\"https:\\\/\\\/fit360.ee\\\/en\\\/#\\\/schema\\\/logo\\\/image\\\/\",\"url\":\"https:\\\/\\\/fit360.ee\\\/wp-content\\\/uploads\\\/2017\\\/01\\\/logo-fit360.png\",\"contentUrl\":\"https:\\\/\\\/fit360.ee\\\/wp-content\\\/uploads\\\/2017\\\/01\\\/logo-fit360.png\",\"width\":180,\"height\":66,\"caption\":\"Fit360\"},\"image\":{\"@id\":\"https:\\\/\\\/fit360.ee\\\/en\\\/#\\\/schema\\\/logo\\\/image\\\/\"}}]}<\/script>\n<!-- \/ Yoast SEO plugin. -->","yoast_head_json":{"title":"ON Opti-Women (120caps) - Vitamiinikompleks naistele - Kiire tarne","description":"ON Opti-Women toode sisaldab vitamiinie, mineraale ja teisi asendamatuid toitaineid, mis hoiavad hoiavad immuunsust tugevana. Turu liider!","robots":{"index":"index","follow":"follow","max-snippet":"max-snippet:-1","max-image-preview":"max-image-preview:large","max-video-preview":"max-video-preview:-1"},"canonical":"https:\/\/fit360.ee\/en\/pood\/product-groups\/vitamins-and-minerals-en\/multivitamins-en\/on-opti-women-120caps\/","og_locale":"en_US","og_type":"article","og_title":"ON Opti-Women (120caps) - Vitamiinikompleks naistele - Kiire tarne","og_description":"ON Opti-Women toode sisaldab vitamiinie, mineraale ja teisi asendamatuid toitaineid, mis hoiavad hoiavad immuunsust tugevana. Turu liider!","og_url":"https:\/\/fit360.ee\/en\/pood\/product-groups\/vitamins-and-minerals-en\/multivitamins-en\/on-opti-women-120caps\/","og_site_name":"Fit360","article_modified_time":"2025-09-08T16:12:01+00:00","og_image":[{"width":1600,"height":1600,"url":"https:\/\/fit360.ee\/wp-content\/uploads\/2021\/09\/ON-opti-women-fit360.ee_.jpg","type":"image\/jpeg"}],"twitter_card":"summary_large_image","twitter_misc":{"Est. reading time":"2 minutes"},"schema":{"@context":"https:\/\/schema.org","@graph":[{"@type":"WebPage","@id":"https:\/\/fit360.ee\/en\/pood\/product-groups\/vitamins-and-minerals-en\/multivitamins-en\/on-opti-women-120caps\/","url":"https:\/\/fit360.ee\/en\/pood\/product-groups\/vitamins-and-minerals-en\/multivitamins-en\/on-opti-women-120caps\/","name":"ON Opti-Women (120caps) - Vitamiinikompleks naistele - Kiire tarne","isPartOf":{"@id":"https:\/\/fit360.ee\/en\/#website"},"primaryImageOfPage":{"@id":"https:\/\/fit360.ee\/en\/pood\/product-groups\/vitamins-and-minerals-en\/multivitamins-en\/on-opti-women-120caps\/#primaryimage"},"image":{"@id":"https:\/\/fit360.ee\/en\/pood\/product-groups\/vitamins-and-minerals-en\/multivitamins-en\/on-opti-women-120caps\/#primaryimage"},"thumbnailUrl":"https:\/\/fit360.ee\/wp-content\/uploads\/2021\/09\/ON-opti-women-fit360.ee_.jpg","datePublished":"2021-09-13T14:39:40+00:00","dateModified":"2025-09-08T16:12:01+00:00","description":"ON Opti-Women toode sisaldab vitamiinie, mineraale ja teisi asendamatuid toitaineid, mis hoiavad hoiavad immuunsust tugevana. Turu liider!","breadcrumb":{"@id":"https:\/\/fit360.ee\/en\/pood\/product-groups\/vitamins-and-minerals-en\/multivitamins-en\/on-opti-women-120caps\/#breadcrumb"},"inLanguage":"en-US","potentialAction":[{"@type":"ReadAction","target":["https:\/\/fit360.ee\/en\/pood\/product-groups\/vitamins-and-minerals-en\/multivitamins-en\/on-opti-women-120caps\/"]}]},{"@type":"ImageObject","inLanguage":"en-US","@id":"https:\/\/fit360.ee\/en\/pood\/product-groups\/vitamins-and-minerals-en\/multivitamins-en\/on-opti-women-120caps\/#primaryimage","url":"https:\/\/fit360.ee\/wp-content\/uploads\/2021\/09\/ON-opti-women-fit360.ee_.jpg","contentUrl":"https:\/\/fit360.ee\/wp-content\/uploads\/2021\/09\/ON-opti-women-fit360.ee_.jpg","width":1600,"height":1600,"caption":"ON opti women - fit360.ee"},{"@type":"BreadcrumbList","@id":"https:\/\/fit360.ee\/en\/pood\/product-groups\/vitamins-and-minerals-en\/multivitamins-en\/on-opti-women-120caps\/#breadcrumb","itemListElement":[{"@type":"ListItem","position":1,"name":"Home","item":"https:\/\/fit360.ee\/en\/"},{"@type":"ListItem","position":2,"name":"Shop","item":"https:\/\/fit360.ee\/en\/shop\/"},{"@type":"ListItem","position":3,"name":"ON Opti-Women (120caps)"}]},{"@type":"WebSite","@id":"https:\/\/fit360.ee\/en\/#website","url":"https:\/\/fit360.ee\/en\/","name":"Fit360","description":"","publisher":{"@id":"https:\/\/fit360.ee\/en\/#organization"},"potentialAction":[{"@type":"SearchAction","target":{"@type":"EntryPoint","urlTemplate":"https:\/\/fit360.ee\/en\/?s={search_term_string}"},"query-input":{"@type":"PropertyValueSpecification","valueRequired":true,"valueName":"search_term_string"}}],"inLanguage":"en-US"},{"@type":"Organization","@id":"https:\/\/fit360.ee\/en\/#organization","name":"Fit360","url":"https:\/\/fit360.ee\/en\/","logo":{"@type":"ImageObject","inLanguage":"en-US","@id":"https:\/\/fit360.ee\/en\/#\/schema\/logo\/image\/","url":"https:\/\/fit360.ee\/wp-content\/uploads\/2017\/01\/logo-fit360.png","contentUrl":"https:\/\/fit360.ee\/wp-content\/uploads\/2017\/01\/logo-fit360.png","width":180,"height":66,"caption":"Fit360"},"image":{"@id":"https:\/\/fit360.ee\/en\/#\/schema\/logo\/image\/"}}]}},"_links":{"self":[{"href":"https:\/\/fit360.ee\/en\/wp-json\/wp\/v2\/product\/56101","targetHints":{"allow":["GET"]}}],"collection":[{"href":"https:\/\/fit360.ee\/en\/wp-json\/wp\/v2\/product"}],"about":[{"href":"https:\/\/fit360.ee\/en\/wp-json\/wp\/v2\/types\/product"}],"replies":[{"embeddable":true,"href":"https:\/\/fit360.ee\/en\/wp-json\/wp\/v2\/comments?post=56101"}],"wp:featuredmedia":[{"embeddable":true,"href":"https:\/\/fit360.ee\/en\/wp-json\/wp\/v2\/media\/56103"}],"wp:attachment":[{"href":"https:\/\/fit360.ee\/en\/wp-json\/wp\/v2\/media?parent=56101"}],"wp:term":[{"taxonomy":"product_brand","embeddable":true,"href":"https:\/\/fit360.ee\/en\/wp-json\/wp\/v2\/product_brand?post=56101"},{"taxonomy":"product_cat","embeddable":true,"href":"https:\/\/fit360.ee\/en\/wp-json\/wp\/v2\/product_cat?post=56101"},{"taxonomy":"product_tag","embeddable":true,"href":"https:\/\/fit360.ee\/en\/wp-json\/wp\/v2\/product_tag?post=56101"},{"taxonomy":"giftcard-category","embeddable":true,"href":"https:\/\/fit360.ee\/en\/wp-json\/wp\/v2\/giftcard-category?post=56101"}],"curies":[{"name":"wp","href":"https:\/\/api.w.org\/{rel}","templated":true}]}}