{"id":56258,"date":"2021-09-19T17:03:59","date_gmt":"2021-09-19T15:03:59","guid":{"rendered":"https:\/\/fit360.ee\/pood\/uncategorized\/mutant-test-90caps\/"},"modified":"2025-08-13T07:39:25","modified_gmt":"2025-08-13T05:39:25","slug":"mutant-test-90caps","status":"publish","type":"product","link":"https:\/\/fit360.ee\/en\/pood\/product-groups\/superfoods-health-foods-en\/maca-en\/mutant-test-90caps\/","title":{"rendered":"Mutant Test (90caps)"},"content":{"rendered":"<h1><strong>Mutant Test<\/strong><\/h1>\n<p><strong>Uus ja t\u00e4iendatud Mutant Test<\/strong>\u00a0sisaldab vajalikes kogustes KUUT (6) toimeainet, sealhulgas kliiniliselt katsetatud kogustes aineid Testosurge\u00ae ja MacaTest\u2122.\u00a0<strong>MUTANT TEST<\/strong> on spetsiaalselt v\u00e4lja t\u00f6\u00f6tatud valem, mis v\u00f5ib aidata Teie testosterooni taset t\u00f5sta.<\/p>\n<h2><strong>Testosterooni T\u00f5stmine<\/strong><\/h2>\n<p>Mida t\u00e4hendab kiire testosteroonitaseme t\u00f5stmine sinu, t\u00f5siselt hirmsate muteerunud lihaste kasvatamisest huvitatud mehe jaoks?<\/p>\n<p>See t\u00e4hendab, et sa ei pea enam ootama, kuni sinu testosteroonitaseme t\u00f5stja hakkab toimima. Kui sinu mutantsesse toitumis- ja kangit\u00f5stmiskavasse kuulub Mutant Testo, aitab testosteroonitaseme t\u00f5us sul t\u00f5sta suuremaid raskusi ning silman\u00e4htavalt kasvatada lihaseid. Miski ei toimi paremini ega kiiremini kui uus ja parem <strong>MUTANT TEST<\/strong>, seda lubadust toetavad avaldatud kliinilised uuringud.<\/p>\n<p><strong>Kasutamine:<\/strong> Treening ja treeningu vabadel p\u00e4evadel v\u00f5ta 6 MUTANT TEST kapsleid igal hommikul peale \u00e4rkamist, t\u00fchjale k\u00f5hule, 200-300ml veega.<\/p>\n<p><strong>NB! Toode ei asenda mitmek\u00fclgset toitumist. Hoida lastele k\u00e4ttesaamatus kohas.<\/strong><\/p>\n<table class=\"supplement-facts-table colspan4\" border=\"1\" cellspacing=\"0\" cellpadding=\"3\">\n<tbody>\n<tr class=\"facts-servings\">\n<td colspan=\"4\">1 Serveering: 6 kapslit<\/td>\n<\/tr>\n<tr class=\"facts-reg-row ing_header\">\n<td class=\"facts-name\"><\/td>\n<td class=\"facts-amount\">1 serveering<\/td>\n<td class=\"facts-amount\">1 kapsel<\/td>\n<td class=\"facts-amount\">%SPK*<\/td>\n<\/tr>\n<tr class=\"facts-thick-line\">\n<td colspan=\"4\"><\/td>\n<\/tr>\n<tr class=\"facts-reg-row\">\n<td class=\"facts-name\">Vitamiin D, <em>Ergocalciferol<\/em><\/td>\n<td class=\"facts-amount\">20 mcg (800IU)<\/td>\n<td class=\"facts-amount\">3.3 mcg<\/td>\n<td class=\"facts-amount\">100%<\/td>\n<\/tr>\n<tr class=\"facts-reg-row\">\n<td class=\"facts-name\">Vitamiin B6<\/td>\n<td class=\"facts-amount\">12 mg<\/td>\n<td class=\"facts-amount\">2 mg<\/td>\n<td class=\"facts-amount\">700%<\/td>\n<\/tr>\n<tr class=\"facts-reg-row\">\n<td class=\"facts-name\">Magneesium<\/td>\n<td class=\"facts-amount\">210 mg<\/td>\n<td class=\"facts-amount\">34.9 mg<\/td>\n<td class=\"facts-amount\">50%<\/td>\n<\/tr>\n<tr class=\"facts-reg-row\">\n<td class=\"facts-name\">Tsink<\/td>\n<td class=\"facts-amount\">25 mg<\/td>\n<td class=\"facts-amount\">4.2 mg<\/td>\n<td class=\"facts-amount\">230%<\/td>\n<\/tr>\n<tr class=\"facts-reg-row\">\n<td class=\"facts-name\">Selenium<\/td>\n<td class=\"facts-amount\">100 mcg<\/td>\n<td class=\"facts-amount\">16.6 mcg<\/td>\n<td class=\"facts-amount\">180%<\/td>\n<\/tr>\n<tr class=\"facts-thick-line\">\n<td class=\"facts-name\" colspan=\"4\"><\/td>\n<\/tr>\n<tr class=\"facts-reg-row\">\n<td class=\"facts-name\"><strong>LMUTANT Test <em>Herbal stack<\/em><\/strong><\/td>\n<td class=\"facts-amount\">3815 mg<\/td>\n<td class=\"facts-amount\"><\/td>\n<td class=\"facts-amount\">**<\/td>\n<\/tr>\n<tr class=\"facts-thick-line\">\n<td class=\"facts-name\" colspan=\"4\"><\/td>\n<\/tr>\n<tr class=\"facts-reg-row\">\n<td class=\"facts-name\"><strong>Vigor stack<\/strong><\/td>\n<td class=\"facts-amount\">3510 mg<\/td>\n<td class=\"facts-amount\">582.7 mg<\/td>\n<td class=\"facts-amount\">**<\/td>\n<\/tr>\n<tr class=\"facts-spanned-row\">\n<td class=\"facts-name facts-name-description\" colspan=\"1\">Preemium Lambal\u00e4\u00e4tse kompleks<em>\u00a0<\/em><\/td>\n<td class=\"facts-amount\">1500 mg<\/td>\n<td class=\"facts-amount\">249 mg<\/td>\n<td class=\"facts-amount\">**<\/td>\n<\/tr>\n<tr class=\"facts-spanned-row\">\n<td class=\"facts-name facts-name-description\" colspan=\"1\">D-Aspargiinhape<em> (DAA)<\/em><\/td>\n<td class=\"facts-amount\">1500 mg<\/td>\n<td class=\"facts-amount\">249 mg<\/td>\n<td class=\"facts-amount\">**<\/td>\n<\/tr>\n<tr class=\"facts-spanned-row\">\n<td class=\"facts-name facts-name-description\" colspan=\"1\"><em>Avena Sativa (<\/em>kaerak\u00f5rs<em>)<\/em><\/td>\n<td class=\"facts-amount\">1500 mg<\/td>\n<td class=\"facts-amount\">249 mg<\/td>\n<td class=\"facts-amount\">**<\/td>\n<\/tr>\n<tr class=\"facts-spanned-row\">\n<td class=\"facts-name facts-name-description\" colspan=\"1\">Maca juur<\/td>\n<td class=\"facts-amount\">125mg<\/td>\n<td class=\"facts-amount\">20.8<\/td>\n<td class=\"facts-amount\">**<\/td>\n<\/tr>\n<tr class=\"facts-spanned-row\">\n<td class=\"facts-name facts-name-description\" colspan=\"1\">J\u00f5hvikas<em>(Vaccinium macrocarpon)<\/em><\/td>\n<td class=\"facts-amount\">125 mg<\/td>\n<td class=\"facts-amount\">20.8 mg<\/td>\n<td class=\"facts-amount\">**<\/td>\n<\/tr>\n<tr class=\"facts-spanned-row\">\n<td class=\"facts-name facts-name-description\" colspan=\"1\">Eleuthero juureekstrak<em>t 28:1<\/em><\/td>\n<td class=\"facts-amount\">60 mg<\/td>\n<td class=\"facts-amount\">10 mg<\/td>\n<td class=\"facts-amount\">**<\/td>\n<\/tr>\n<tr class=\"facts-reg-row\">\n<td class=\"facts-name\"><strong>AA Stack<\/strong><\/td>\n<td class=\"facts-amount\">300 mg<\/td>\n<td class=\"facts-amount\">49.8 mg<\/td>\n<td class=\"facts-amount\">**<\/td>\n<\/tr>\n<tr class=\"facts-spanned-row\">\n<td class=\"facts-name facts-name-description\" colspan=\"1\">K\u00f5rven\u00f5gese juur (<em>Urtica dioica<\/em>) (150 mg), Damiana leht (<em>Turnera duffusa<\/em>) (50 mg), hiiglaslik juureekstrakt (50% trans -resveratrool) (40 mg), numbriline juureekstrakt (<em>Curcuma longa<\/em>) (90% kurkuminoidid) (10 mg)<\/td>\n<\/tr>\n<tr class=\"facts-reg-row\">\n<td class=\"facts-name\">Patented Bioavailability Enhancer<\/td>\n<td class=\"facts-amount\">5 mg<\/td>\n<td class=\"facts-amount\">0.8 mg<\/td>\n<td class=\"facts-amount\">**<\/td>\n<\/tr>\n<tr class=\"facts-spanned-row\">\n<td class=\"facts-name facts-name-description\" colspan=\"1\">BioPerine\u00ae<em>( <\/em>kliiniiliselt testitud<em>)<\/em><\/td>\n<\/tr>\n<tr class=\"facts-spanned-row\">\n<td class=\"facts-name facts-name-description\" colspan=\"1\">Musta Pipra Ekstrakt<em> (Piper nigrum) (puuvili) (98%) piperine)<\/em><\/td>\n<\/tr>\n<tr class=\"facts-thick-line\">\n<td colspan=\"4\"><\/td>\n<\/tr>\n<tr class=\"facts-reg-row small_text legend\">\n<td colspan=\"4\">* Soovitatud kogus \u00fche t\u00e4is-serveeringu jaoks<\/p>\n<p>** P\u00e4evane kogus pole kindlaks tehtud<\/td>\n<\/tr>\n<tr class=\"facts-reg-row small_text other-ing\">\n<td colspan=\"4\"><strong>Teised Koosisosad:<\/strong> Happesuse regulaator: \u00f5unhape (E296), emulgaator: mikrokristalne tselluloos (E460), kapsel (tarretusaine: \u017eelatiin E441), viinamarjaseemne ekstrakt (Orac v\u00e4\u00e4rtus 1 600 000 umooli\/TE\/100 g), v\u00e4rv: kurkumiin (E100).<\/td>\n<\/tr>\n<tr class=\"facts-reg-row small_text allergens\">\n<td colspan=\"4\"><strong>Allergeenid:<\/strong> Toodetud masinatel, mis k\u00e4itlevad ka koostisosi: piim, sojauba, nisu, oder, kaer, koorikloomade saadus (gl\u00fckoosamiini allikas), muna, kala, maap\u00e4hkel, p\u00e4hklid (sh sarapuup\u00e4hkel, kookosp\u00e4hkel) seesamiseemned, sulfitid.<\/td>\n<\/tr>\n<\/tbody>\n<\/table>\n<p>Vaata ka meie Teisi Testosterooni T\u00f5stjaid <a href=\"https:\/\/fit360.ee\/en\/product-category\/product-groups\/testosterone-boosters-en\/\"><strong>SIIT<\/strong><\/a>!<\/p>\n<p>Soovid kaupa osta suuremas koguses? Vaata antud toodet ka meie HULGI poest\u00a0<a href=\"https:\/\/toidulisandidhulgi.ee\/product\/mutant-test-90caps\/\"><strong>SIIT<\/strong><\/a>!<\/p>\n","protected":false},"excerpt":{"rendered":"<p><strong>Uus ja t\u00e4iendatud Mutant Test<\/strong>\u00a0sisaldab vajalikes kogustes KUUT (6) toimeainet, sealhulgas kliiniliselt katsetatud kogustes aineid Testosurge\u00ae ja MacaTest\u2122.\u00a0<strong>MUTANT TEST<\/strong> on spetsiaalselt v\u00e4lja t\u00f6\u00f6tatud valem, mis v\u00f5ib aidata Teie testosterooni taset t\u00f5sta.<\/p>\n","protected":false},"featured_media":56257,"comment_status":"closed","ping_status":"closed","template":"","meta":[],"product_brand":[],"product_cat":[1913,2712,2358,1915,1351,532,2664,536,2275,2295,1201],"product_tag":[3135,3136],"giftcard-category":[],"class_list":{"0":"post-56258","1":"product","2":"type-product","3":"status-publish","4":"has-post-thumbnail","6":"product_cat-d-vitamin-en","7":"product_cat-daa-en","8":"product_cat-maca-en","9":"product_cat-magnesium-en","10":"product_cat-mutant-en","11":"product_cat-testosterone-boosters-en","12":"product_cat-vegan-capsules-en","13":"product_cat-vitamins-and-minerals-en","14":"product_cat-zinc-en","15":"product_cat-zma-en","16":"product_cat-1201","17":"product_tag-mutant-test-en","18":"product_tag-mutant-testo-en","19":"pa_kogus-90-capsules","20":"pa_toidulisand-branddd-mutant","21":"pa_tootegruppp-d-vitamiin-en","22":"pa_tootegruppp-daa-en","23":"pa_tootegruppp-maca-en","24":"pa_tootegruppp-magneesium-en","25":"pa_tootegruppp-testosterone-enhancers","26":"pa_tootegruppp-tsink-en","27":"pa_tootegruppp-vcaps-vegan-kapslid-en","28":"pa_tootegruppp-vegan-en","29":"pa_tootegruppp-vitamins-and-minerals","30":"pa_tootegruppp-zma-en","32":"first","33":"outofstock","34":"sale","35":"taxable","36":"shipping-taxable","37":"purchasable","38":"product-type-simple"},"yoast_head":"<!-- This site is optimized with the Yoast SEO plugin v27.3 - https:\/\/yoast.com\/product\/yoast-seo-wordpress\/ -->\n<title>Mutant Test (90caps) - Testosterooni T\u00f5stmine - Kiire Tarne - Fit360<\/title>\n<meta name=\"description\" content=\"Mutant Test\u00a0sisaldab vajalikes kogustes kuut toimeainet, sealhulgas kliiniliselt katsetatud kogustes aineid Testosurge\u00ae ja MacaTest\u2122\" \/>\n<meta name=\"robots\" content=\"index, follow, max-snippet:-1, max-image-preview:large, max-video-preview:-1\" \/>\n<link rel=\"canonical\" href=\"https:\/\/fit360.ee\/en\/pood\/product-groups\/superfoods-health-foods-en\/maca-en\/mutant-test-90caps\/\" \/>\n<meta property=\"og:locale\" content=\"en_US\" \/>\n<meta property=\"og:type\" content=\"article\" \/>\n<meta property=\"og:title\" content=\"Mutant Test (90caps) - Testosterooni T\u00f5stmine - Kiire Tarne - Fit360\" \/>\n<meta property=\"og:description\" content=\"Mutant Test\u00a0sisaldab vajalikes kogustes kuut toimeainet, sealhulgas kliiniliselt katsetatud kogustes aineid Testosurge\u00ae ja MacaTest\u2122\" \/>\n<meta property=\"og:url\" content=\"https:\/\/fit360.ee\/en\/pood\/product-groups\/superfoods-health-foods-en\/maca-en\/mutant-test-90caps\/\" \/>\n<meta property=\"og:site_name\" content=\"Fit360\" \/>\n<meta property=\"article:modified_time\" content=\"2025-08-13T05:39:25+00:00\" \/>\n<meta property=\"og:image\" content=\"https:\/\/fit360.ee\/wp-content\/uploads\/2021\/09\/mutant-test-fit360.ee_.jpg\" \/>\n\t<meta property=\"og:image:width\" content=\"500\" \/>\n\t<meta property=\"og:image:height\" content=\"500\" \/>\n\t<meta property=\"og:image:type\" content=\"image\/jpeg\" \/>\n<meta name=\"twitter:card\" content=\"summary_large_image\" \/>\n<meta name=\"twitter:label1\" content=\"Est. reading time\" \/>\n\t<meta name=\"twitter:data1\" content=\"2 minutes\" \/>\n<script type=\"application\/ld+json\" class=\"yoast-schema-graph\">{\"@context\":\"https:\\\/\\\/schema.org\",\"@graph\":[{\"@type\":\"WebPage\",\"@id\":\"https:\\\/\\\/fit360.ee\\\/en\\\/pood\\\/product-groups\\\/superfoods-health-foods-en\\\/maca-en\\\/mutant-test-90caps\\\/\",\"url\":\"https:\\\/\\\/fit360.ee\\\/en\\\/pood\\\/product-groups\\\/superfoods-health-foods-en\\\/maca-en\\\/mutant-test-90caps\\\/\",\"name\":\"Mutant Test (90caps) - Testosterooni T\u00f5stmine - Kiire Tarne - Fit360\",\"isPartOf\":{\"@id\":\"https:\\\/\\\/fit360.ee\\\/en\\\/#website\"},\"primaryImageOfPage\":{\"@id\":\"https:\\\/\\\/fit360.ee\\\/en\\\/pood\\\/product-groups\\\/superfoods-health-foods-en\\\/maca-en\\\/mutant-test-90caps\\\/#primaryimage\"},\"image\":{\"@id\":\"https:\\\/\\\/fit360.ee\\\/en\\\/pood\\\/product-groups\\\/superfoods-health-foods-en\\\/maca-en\\\/mutant-test-90caps\\\/#primaryimage\"},\"thumbnailUrl\":\"https:\\\/\\\/fit360.ee\\\/wp-content\\\/uploads\\\/2021\\\/09\\\/mutant-test-fit360.ee_.jpg\",\"datePublished\":\"2021-09-19T15:03:59+00:00\",\"dateModified\":\"2025-08-13T05:39:25+00:00\",\"description\":\"Mutant Test\u00a0sisaldab vajalikes kogustes kuut toimeainet, sealhulgas kliiniliselt katsetatud kogustes aineid Testosurge\u00ae ja MacaTest\u2122\",\"breadcrumb\":{\"@id\":\"https:\\\/\\\/fit360.ee\\\/en\\\/pood\\\/product-groups\\\/superfoods-health-foods-en\\\/maca-en\\\/mutant-test-90caps\\\/#breadcrumb\"},\"inLanguage\":\"en-US\",\"potentialAction\":[{\"@type\":\"ReadAction\",\"target\":[\"https:\\\/\\\/fit360.ee\\\/en\\\/pood\\\/product-groups\\\/superfoods-health-foods-en\\\/maca-en\\\/mutant-test-90caps\\\/\"]}]},{\"@type\":\"ImageObject\",\"inLanguage\":\"en-US\",\"@id\":\"https:\\\/\\\/fit360.ee\\\/en\\\/pood\\\/product-groups\\\/superfoods-health-foods-en\\\/maca-en\\\/mutant-test-90caps\\\/#primaryimage\",\"url\":\"https:\\\/\\\/fit360.ee\\\/wp-content\\\/uploads\\\/2021\\\/09\\\/mutant-test-fit360.ee_.jpg\",\"contentUrl\":\"https:\\\/\\\/fit360.ee\\\/wp-content\\\/uploads\\\/2021\\\/09\\\/mutant-test-fit360.ee_.jpg\",\"width\":500,\"height\":500,\"caption\":\"mutant test - fit360.ee\"},{\"@type\":\"BreadcrumbList\",\"@id\":\"https:\\\/\\\/fit360.ee\\\/en\\\/pood\\\/product-groups\\\/superfoods-health-foods-en\\\/maca-en\\\/mutant-test-90caps\\\/#breadcrumb\",\"itemListElement\":[{\"@type\":\"ListItem\",\"position\":1,\"name\":\"Home\",\"item\":\"https:\\\/\\\/fit360.ee\\\/en\\\/\"},{\"@type\":\"ListItem\",\"position\":2,\"name\":\"Shop\",\"item\":\"https:\\\/\\\/fit360.ee\\\/en\\\/shop\\\/\"},{\"@type\":\"ListItem\",\"position\":3,\"name\":\"Mutant Test (90caps)\"}]},{\"@type\":\"WebSite\",\"@id\":\"https:\\\/\\\/fit360.ee\\\/en\\\/#website\",\"url\":\"https:\\\/\\\/fit360.ee\\\/en\\\/\",\"name\":\"Fit360\",\"description\":\"\",\"publisher\":{\"@id\":\"https:\\\/\\\/fit360.ee\\\/en\\\/#organization\"},\"potentialAction\":[{\"@type\":\"SearchAction\",\"target\":{\"@type\":\"EntryPoint\",\"urlTemplate\":\"https:\\\/\\\/fit360.ee\\\/en\\\/?s={search_term_string}\"},\"query-input\":{\"@type\":\"PropertyValueSpecification\",\"valueRequired\":true,\"valueName\":\"search_term_string\"}}],\"inLanguage\":\"en-US\"},{\"@type\":\"Organization\",\"@id\":\"https:\\\/\\\/fit360.ee\\\/en\\\/#organization\",\"name\":\"Fit360\",\"url\":\"https:\\\/\\\/fit360.ee\\\/en\\\/\",\"logo\":{\"@type\":\"ImageObject\",\"inLanguage\":\"en-US\",\"@id\":\"https:\\\/\\\/fit360.ee\\\/en\\\/#\\\/schema\\\/logo\\\/image\\\/\",\"url\":\"https:\\\/\\\/fit360.ee\\\/wp-content\\\/uploads\\\/2017\\\/01\\\/logo-fit360.png\",\"contentUrl\":\"https:\\\/\\\/fit360.ee\\\/wp-content\\\/uploads\\\/2017\\\/01\\\/logo-fit360.png\",\"width\":180,\"height\":66,\"caption\":\"Fit360\"},\"image\":{\"@id\":\"https:\\\/\\\/fit360.ee\\\/en\\\/#\\\/schema\\\/logo\\\/image\\\/\"}}]}<\/script>\n<!-- \/ Yoast SEO plugin. -->","yoast_head_json":{"title":"Mutant Test (90caps) - Testosterooni T\u00f5stmine - Kiire Tarne - Fit360","description":"Mutant Test\u00a0sisaldab vajalikes kogustes kuut toimeainet, sealhulgas kliiniliselt katsetatud kogustes aineid Testosurge\u00ae ja MacaTest\u2122","robots":{"index":"index","follow":"follow","max-snippet":"max-snippet:-1","max-image-preview":"max-image-preview:large","max-video-preview":"max-video-preview:-1"},"canonical":"https:\/\/fit360.ee\/en\/pood\/product-groups\/superfoods-health-foods-en\/maca-en\/mutant-test-90caps\/","og_locale":"en_US","og_type":"article","og_title":"Mutant Test (90caps) - Testosterooni T\u00f5stmine - Kiire Tarne - Fit360","og_description":"Mutant Test\u00a0sisaldab vajalikes kogustes kuut toimeainet, sealhulgas kliiniliselt katsetatud kogustes aineid Testosurge\u00ae ja MacaTest\u2122","og_url":"https:\/\/fit360.ee\/en\/pood\/product-groups\/superfoods-health-foods-en\/maca-en\/mutant-test-90caps\/","og_site_name":"Fit360","article_modified_time":"2025-08-13T05:39:25+00:00","og_image":[{"width":500,"height":500,"url":"https:\/\/fit360.ee\/wp-content\/uploads\/2021\/09\/mutant-test-fit360.ee_.jpg","type":"image\/jpeg"}],"twitter_card":"summary_large_image","twitter_misc":{"Est. reading time":"2 minutes"},"schema":{"@context":"https:\/\/schema.org","@graph":[{"@type":"WebPage","@id":"https:\/\/fit360.ee\/en\/pood\/product-groups\/superfoods-health-foods-en\/maca-en\/mutant-test-90caps\/","url":"https:\/\/fit360.ee\/en\/pood\/product-groups\/superfoods-health-foods-en\/maca-en\/mutant-test-90caps\/","name":"Mutant Test (90caps) - Testosterooni T\u00f5stmine - Kiire Tarne - Fit360","isPartOf":{"@id":"https:\/\/fit360.ee\/en\/#website"},"primaryImageOfPage":{"@id":"https:\/\/fit360.ee\/en\/pood\/product-groups\/superfoods-health-foods-en\/maca-en\/mutant-test-90caps\/#primaryimage"},"image":{"@id":"https:\/\/fit360.ee\/en\/pood\/product-groups\/superfoods-health-foods-en\/maca-en\/mutant-test-90caps\/#primaryimage"},"thumbnailUrl":"https:\/\/fit360.ee\/wp-content\/uploads\/2021\/09\/mutant-test-fit360.ee_.jpg","datePublished":"2021-09-19T15:03:59+00:00","dateModified":"2025-08-13T05:39:25+00:00","description":"Mutant Test\u00a0sisaldab vajalikes kogustes kuut toimeainet, sealhulgas kliiniliselt katsetatud kogustes aineid Testosurge\u00ae ja MacaTest\u2122","breadcrumb":{"@id":"https:\/\/fit360.ee\/en\/pood\/product-groups\/superfoods-health-foods-en\/maca-en\/mutant-test-90caps\/#breadcrumb"},"inLanguage":"en-US","potentialAction":[{"@type":"ReadAction","target":["https:\/\/fit360.ee\/en\/pood\/product-groups\/superfoods-health-foods-en\/maca-en\/mutant-test-90caps\/"]}]},{"@type":"ImageObject","inLanguage":"en-US","@id":"https:\/\/fit360.ee\/en\/pood\/product-groups\/superfoods-health-foods-en\/maca-en\/mutant-test-90caps\/#primaryimage","url":"https:\/\/fit360.ee\/wp-content\/uploads\/2021\/09\/mutant-test-fit360.ee_.jpg","contentUrl":"https:\/\/fit360.ee\/wp-content\/uploads\/2021\/09\/mutant-test-fit360.ee_.jpg","width":500,"height":500,"caption":"mutant test - fit360.ee"},{"@type":"BreadcrumbList","@id":"https:\/\/fit360.ee\/en\/pood\/product-groups\/superfoods-health-foods-en\/maca-en\/mutant-test-90caps\/#breadcrumb","itemListElement":[{"@type":"ListItem","position":1,"name":"Home","item":"https:\/\/fit360.ee\/en\/"},{"@type":"ListItem","position":2,"name":"Shop","item":"https:\/\/fit360.ee\/en\/shop\/"},{"@type":"ListItem","position":3,"name":"Mutant Test (90caps)"}]},{"@type":"WebSite","@id":"https:\/\/fit360.ee\/en\/#website","url":"https:\/\/fit360.ee\/en\/","name":"Fit360","description":"","publisher":{"@id":"https:\/\/fit360.ee\/en\/#organization"},"potentialAction":[{"@type":"SearchAction","target":{"@type":"EntryPoint","urlTemplate":"https:\/\/fit360.ee\/en\/?s={search_term_string}"},"query-input":{"@type":"PropertyValueSpecification","valueRequired":true,"valueName":"search_term_string"}}],"inLanguage":"en-US"},{"@type":"Organization","@id":"https:\/\/fit360.ee\/en\/#organization","name":"Fit360","url":"https:\/\/fit360.ee\/en\/","logo":{"@type":"ImageObject","inLanguage":"en-US","@id":"https:\/\/fit360.ee\/en\/#\/schema\/logo\/image\/","url":"https:\/\/fit360.ee\/wp-content\/uploads\/2017\/01\/logo-fit360.png","contentUrl":"https:\/\/fit360.ee\/wp-content\/uploads\/2017\/01\/logo-fit360.png","width":180,"height":66,"caption":"Fit360"},"image":{"@id":"https:\/\/fit360.ee\/en\/#\/schema\/logo\/image\/"}}]}},"_links":{"self":[{"href":"https:\/\/fit360.ee\/en\/wp-json\/wp\/v2\/product\/56258","targetHints":{"allow":["GET"]}}],"collection":[{"href":"https:\/\/fit360.ee\/en\/wp-json\/wp\/v2\/product"}],"about":[{"href":"https:\/\/fit360.ee\/en\/wp-json\/wp\/v2\/types\/product"}],"replies":[{"embeddable":true,"href":"https:\/\/fit360.ee\/en\/wp-json\/wp\/v2\/comments?post=56258"}],"wp:featuredmedia":[{"embeddable":true,"href":"https:\/\/fit360.ee\/en\/wp-json\/wp\/v2\/media\/56257"}],"wp:attachment":[{"href":"https:\/\/fit360.ee\/en\/wp-json\/wp\/v2\/media?parent=56258"}],"wp:term":[{"taxonomy":"product_brand","embeddable":true,"href":"https:\/\/fit360.ee\/en\/wp-json\/wp\/v2\/product_brand?post=56258"},{"taxonomy":"product_cat","embeddable":true,"href":"https:\/\/fit360.ee\/en\/wp-json\/wp\/v2\/product_cat?post=56258"},{"taxonomy":"product_tag","embeddable":true,"href":"https:\/\/fit360.ee\/en\/wp-json\/wp\/v2\/product_tag?post=56258"},{"taxonomy":"giftcard-category","embeddable":true,"href":"https:\/\/fit360.ee\/en\/wp-json\/wp\/v2\/giftcard-category?post=56258"}],"curies":[{"name":"wp","href":"https:\/\/api.w.org\/{rel}","templated":true}]}}