{"id":56386,"date":"2021-09-24T15:47:16","date_gmt":"2021-09-24T13:47:16","guid":{"rendered":"https:\/\/fit360.ee\/pood\/uncategorized\/healthy-hair-gummies-kummikommid-juustele-60tk\/"},"modified":"2026-04-11T12:57:13","modified_gmt":"2026-04-11T10:57:13","slug":"healthy-hair-gummies-kummikommid-juustele-60tk","status":"publish","type":"product","link":"https:\/\/fit360.ee\/en\/pood\/product-groups\/vitamins-and-minerals-en\/c-vitamin-en\/healthy-hair-gummies-kummikommid-juustele-60tk\/","title":{"rendered":"Healthy Hair Gummies &#8211; Kummikommid juustele (60tk)"},"content":{"rendered":"<h1><strong>Healthy Hair Gummies<\/strong><\/h1>\n<p><strong>OstroVit Healthy Hair Gummies<\/strong>\u00a0&#8211;\u00a0on\u00a0<strong>OstroVit<\/strong>i kaubam\u00e4rgi uudsus, mis sisaldab suures annuses <a href=\"https:\/\/fit360.ee\/en\/product-category\/product-groups\/vitamins-and-minerals-en\/\"><strong>vitamiine<\/strong><\/a> mugavas ja maitsvas vormis!<br \/>\nKas soovite sageli suhkrut s\u00fc\u00fca, kuid kas muretsete oma vormi p\u00e4rast? Mis siis, kui me \u00fctleme teile, et saate samal ajal s\u00fc\u00fca maiustusi ja hoolitseda oma ilu eest? Selliseid eeliseid toob meie kummikommide s\u00f6\u00f6mine. Neis on \u00fchendatud\u00a0<strong>suur annus <a href=\"https:\/\/fit360.ee\/en\/product-category\/product-groups\/vitamins-and-minerals-en\/biotin-en\/\">biotiini<\/a><\/strong>\u00a0ja\u00a0<a href=\"https:\/\/fit360.ee\/en\/product-category\/product-groups\/vitamins-and-minerals-en\/multivitamins-en\/\"><strong>vitamiinide kompleks<\/strong><\/a>, mis toetab teie ilu. Biotiin aitab hoida teie juukseid ja nahka tervena. Lisaks aitab see kaasa n\u00e4rvis\u00fcsteemi n\u00f5uetekohasele toimimisele ja ps\u00fchholoogiliste funktsioonide s\u00e4ilitamisele. Healthy Hair Gummies \u00fchendab meeldiva kasulikuga.<\/p>\n<h2><strong>Kummikommid juustele<\/strong><\/h2>\n<p>Biotiin aitab hoida teie juukseid- see stimuleerib juuste kasvu ja takistab nende v\u00e4ljalangemist, hoiab \u00e4ra k\u00fc\u00fcnte rabedaks muutumise ja toetab naha uuenemist. Lisaks aitab see kaasa n\u00e4rvis\u00fcsteemi n\u00f5uetekohasele toimimisele ja ps\u00fchholoogiliste funktsioonide s\u00e4ilitamisele.<\/p>\n<ul>\n<li>Super maitsev!<\/li>\n<li>ILMA LISATUD SUHKRUTA<\/li>\n<li>Kummikommide mugavas vormis<\/li>\n<li>Sisaldab Tsinki ja Niatsiini<\/li>\n<li>Suur kogus biotiini \u00fches portsjonis koos vitamiinikompleksiga<\/li>\n<li>Tervelt 60 portsjonit \u00fches pakendis!<\/li>\n<li>Meeldiv kominatsioon maitsest ja kasulikkusest<\/li>\n<\/ul>\n<p><strong>Koostisosad<\/strong>: gl\u00fckoosisiirup, suhkur, vitamiinide ja mineraalide eelsegu (retin\u00fc\u00fclatsetaat, ergokaltsiferool, DL-alfa tokofer\u00fc\u00fclatsetaat, L-askorbiinhape, kaltsium-D-pantotenaat, p\u00fcridoksiinvesinikkloriid, D-biotiin, ptero\u00fc\u00fclmonoglutamiinhape, ts\u00fcanokobalamiin, kaaliumjoodaat, tsink , maltodekstriin), geelistuv aine: pektiinid; hape: sidrunhape; looduslikud maitseained, happesuse regulaator: naatriumtsitraadid; glasuurivad ained: kookos\u00f5li, karnaubavaha; v\u00e4rvid: antots\u00fcaniinid, titaandioksiid.<\/p>\n<p><strong>Kasutamine:<\/strong>\u00a01 kummikaru p\u00e4evas<\/p>\n<p><strong>Suurus<\/strong>: 60tk<\/p>\n<table>\n<tbody>\n<tr>\n<td width=\"213\"><strong>Toitumisalane teave<\/strong><\/td>\n<td width=\"213\"><strong>1 portsjon (1 kummikaru)<\/strong><\/td>\n<td width=\"213\"><strong>% SPK<\/strong><\/td>\n<\/tr>\n<tr>\n<td width=\"213\">A-vitamiin<\/td>\n<td width=\"213\">315 \u00b5g<\/td>\n<td width=\"213\"><strong>39%<\/strong><\/td>\n<\/tr>\n<tr>\n<td width=\"213\"><strong>D-Vitamiin<\/strong><\/td>\n<td width=\"213\">5 \u00b5g<\/td>\n<td width=\"213\"><strong>100%<\/strong><\/td>\n<\/tr>\n<tr>\n<td width=\"213\">E-vitamiin<\/td>\n<td width=\"213\">5.5 mg<\/td>\n<td width=\"213\"><strong>46%<\/strong><\/td>\n<\/tr>\n<tr>\n<td width=\"213\">C-vitamiin<\/td>\n<td width=\"213\"><strong>20 mg<\/strong><\/td>\n<td width=\"213\"><strong>25%<\/strong><\/td>\n<\/tr>\n<tr>\n<td width=\"213\">Pantoteenhape<\/td>\n<td width=\"213\"><strong>5.2 mg<\/strong><\/td>\n<td width=\"213\"><strong>87%<\/strong><\/td>\n<\/tr>\n<tr>\n<td width=\"213\">Vitamiin B6<\/td>\n<td width=\"213\"><strong>2 mg<\/strong><\/td>\n<td width=\"213\"><strong>143%<\/strong><\/td>\n<\/tr>\n<tr>\n<td width=\"213\"><strong>Biotiin<\/strong><\/td>\n<td width=\"213\">2500 \u00b5g<\/td>\n<td width=\"213\"><strong>5000%<\/strong><\/td>\n<\/tr>\n<tr>\n<td width=\"213\"><strong>Foolhape<\/strong><\/td>\n<td width=\"213\">260 \u00b5g<\/td>\n<td width=\"213\"><strong>130%<\/strong><\/td>\n<\/tr>\n<tr>\n<td width=\"213\">Vitamiin B12<\/td>\n<td width=\"213\">6 \u00b5g<\/td>\n<td width=\"213\"><strong>240%<\/strong><\/td>\n<\/tr>\n<tr>\n<td width=\"213\">Jood<\/td>\n<td width=\"213\">42 \u00b5g<\/td>\n<td width=\"213\"><strong>240%<\/strong><\/td>\n<\/tr>\n<tr>\n<td width=\"213\"><strong>Tsink<\/strong><\/td>\n<td width=\"213\">2.7 mg<\/td>\n<td width=\"213\"><strong>27%<\/strong><\/td>\n<\/tr>\n<\/tbody>\n<\/table>\n<p>Vaata ka meie Teisi Vitamiine ja Mineraale <a href=\"https:\/\/fit360.ee\/en\/product-category\/product-groups\/vitamins-and-minerals-en\/\"><strong>SIIT<\/strong><\/a>!<\/p>\n<p>Soovid teha suuremat tellimust? Vaata antud toodet meie HULGI lehelt\u00a0<a href=\"https:\/\/toidulisandidhulgi.ee\/product\/healthy-hair-gummies-kummikommid-juustele-60tk\/\"><strong>SIIT<\/strong><\/a>!<\/p>\n","protected":false},"excerpt":{"rendered":"<p><strong>OstroVit Healthy Hair Gummies<\/strong>\u00a0&#8211;\u00a0on\u00a0<strong>OstroVit<\/strong>i kaubam\u00e4rgi uudsus, mis sisaldab suures annuses <a href=\"https:\/\/fit360.ee\/en\/product-category\/product-groups\/vitamins-and-minerals-en\/\"><strong>vitamiine<\/strong><\/a> mugavas ja maitsvas vormis!<\/p>\n<ul>\n<li>Super maitsev!<\/li>\n<li>ILMA LISATUD SUHKRUTA<\/li>\n<li>Kummikommide mugavas vormis<\/li>\n<li>Sisaldab Tsinki ja Niatsiini<\/li>\n<li>Suur kogus biotiini \u00fches portsjonis koos vitamiinikompleksiga<\/li>\n<li>Tervelt 60 portsjonit \u00fches pakendis!<\/li>\n<li>Meeldiv kominatsioon maitsest ja kasulikkusest<\/li>\n<\/ul>\n","protected":false},"featured_media":84429,"comment_status":"closed","ping_status":"closed","template":"","meta":[],"product_brand":[],"product_cat":[5311,2251,2255,1911,1913,2283,2259,5320,1917,1329,536,2275],"product_tag":[3153,3154,1924],"giftcard-category":[],"class_list":{"0":"post-56386","1":"product","2":"type-product","3":"status-publish","4":"has-post-thumbnail","6":"product_cat-antioxidants-en","7":"product_cat-b-vitamin-en","8":"product_cat-biotin-en","9":"product_cat-c-vitamin-en","10":"product_cat-d-vitamin-en","11":"product_cat-e-vitamin-en","12":"product_cat-folic-acid-en","13":"product_cat-for-immunity-en","14":"product_cat-multivitamins-en","15":"product_cat-ostrovit-en","16":"product_cat-vitamins-and-minerals-en","17":"product_cat-zinc-en","18":"product_tag-healthy-hair-gummies-en","19":"product_tag-kummikommid-juustele-en","20":"product_tag-ostrovit-en","21":"pa_kogus-60tk-en","22":"pa_toidulisand-branddd-ostrovit","23":"pa_tootegruppp-antioksudandid-en","24":"pa_tootegruppp-b-vitamiin-en","25":"pa_tootegruppp-biotiin-en","26":"pa_tootegruppp-c-vitamiin-en","27":"pa_tootegruppp-d-vitamiin-en","28":"pa_tootegruppp-e-vitamiin-en","29":"pa_tootegruppp-foolhape-en","30":"pa_tootegruppp-immuunsusteem-en","31":"pa_tootegruppp-multivitamiinid-en","32":"pa_tootegruppp-tsink-en","33":"pa_tootegruppp-vitamins-and-minerals","35":"first","36":"instock","37":"sale","38":"taxable","39":"shipping-taxable","40":"purchasable","41":"product-type-simple"},"yoast_head":"<!-- This site is optimized with the Yoast SEO plugin v27.3 - https:\/\/yoast.com\/product\/yoast-seo-wordpress\/ -->\n<title>Healthy Hair Gummies 30tk - Kummikommid juustele - Kiire Tarne - Fit360<\/title>\n<meta name=\"description\" content=\"Healthy Hair Gummies - \u00fchendatud\u00a0suur annus biotiini\u00a0ja\u00a0vitamiinide kompleks, mis toetab teie ilu. Biotiin aitab hoida teie juukseid ja ...\" \/>\n<meta name=\"robots\" content=\"index, follow, max-snippet:-1, max-image-preview:large, max-video-preview:-1\" \/>\n<link rel=\"canonical\" href=\"https:\/\/fit360.ee\/en\/pood\/product-groups\/vitamins-and-minerals-en\/c-vitamin-en\/healthy-hair-gummies-kummikommid-juustele-60tk\/\" \/>\n<meta property=\"og:locale\" content=\"en_US\" \/>\n<meta property=\"og:type\" content=\"article\" \/>\n<meta property=\"og:title\" content=\"Healthy Hair Gummies 30tk - Kummikommid juustele - Kiire Tarne - Fit360\" \/>\n<meta property=\"og:description\" content=\"Healthy Hair Gummies - \u00fchendatud\u00a0suur annus biotiini\u00a0ja\u00a0vitamiinide kompleks, mis toetab teie ilu. Biotiin aitab hoida teie juukseid ja ...\" \/>\n<meta property=\"og:url\" content=\"https:\/\/fit360.ee\/en\/pood\/product-groups\/vitamins-and-minerals-en\/c-vitamin-en\/healthy-hair-gummies-kummikommid-juustele-60tk\/\" \/>\n<meta property=\"og:site_name\" content=\"Fit360\" \/>\n<meta property=\"article:modified_time\" content=\"2026-04-11T10:57:13+00:00\" \/>\n<meta property=\"og:image\" content=\"https:\/\/fit360.ee\/wp-content\/uploads\/2021\/09\/Healthy-Hair-Gummies-kummikommid-juustele-fit360.ee_-1.png\" \/>\n\t<meta property=\"og:image:width\" content=\"450\" \/>\n\t<meta property=\"og:image:height\" content=\"450\" \/>\n\t<meta property=\"og:image:type\" content=\"image\/png\" \/>\n<meta name=\"twitter:card\" content=\"summary_large_image\" \/>\n<meta name=\"twitter:label1\" content=\"Est. reading time\" \/>\n\t<meta name=\"twitter:data1\" content=\"2 minutes\" \/>\n<script type=\"application\/ld+json\" class=\"yoast-schema-graph\">{\"@context\":\"https:\\\/\\\/schema.org\",\"@graph\":[{\"@type\":\"WebPage\",\"@id\":\"https:\\\/\\\/fit360.ee\\\/en\\\/pood\\\/product-groups\\\/vitamins-and-minerals-en\\\/c-vitamin-en\\\/healthy-hair-gummies-kummikommid-juustele-60tk\\\/\",\"url\":\"https:\\\/\\\/fit360.ee\\\/en\\\/pood\\\/product-groups\\\/vitamins-and-minerals-en\\\/c-vitamin-en\\\/healthy-hair-gummies-kummikommid-juustele-60tk\\\/\",\"name\":\"Healthy Hair Gummies 30tk - Kummikommid juustele - Kiire Tarne - Fit360\",\"isPartOf\":{\"@id\":\"https:\\\/\\\/fit360.ee\\\/en\\\/#website\"},\"primaryImageOfPage\":{\"@id\":\"https:\\\/\\\/fit360.ee\\\/en\\\/pood\\\/product-groups\\\/vitamins-and-minerals-en\\\/c-vitamin-en\\\/healthy-hair-gummies-kummikommid-juustele-60tk\\\/#primaryimage\"},\"image\":{\"@id\":\"https:\\\/\\\/fit360.ee\\\/en\\\/pood\\\/product-groups\\\/vitamins-and-minerals-en\\\/c-vitamin-en\\\/healthy-hair-gummies-kummikommid-juustele-60tk\\\/#primaryimage\"},\"thumbnailUrl\":\"https:\\\/\\\/fit360.ee\\\/wp-content\\\/uploads\\\/2021\\\/09\\\/Healthy-Hair-Gummies-kummikommid-juustele-fit360.ee_-1.png\",\"datePublished\":\"2021-09-24T13:47:16+00:00\",\"dateModified\":\"2026-04-11T10:57:13+00:00\",\"description\":\"Healthy Hair Gummies - \u00fchendatud\u00a0suur annus biotiini\u00a0ja\u00a0vitamiinide kompleks, mis toetab teie ilu. Biotiin aitab hoida teie juukseid ja ...\",\"breadcrumb\":{\"@id\":\"https:\\\/\\\/fit360.ee\\\/en\\\/pood\\\/product-groups\\\/vitamins-and-minerals-en\\\/c-vitamin-en\\\/healthy-hair-gummies-kummikommid-juustele-60tk\\\/#breadcrumb\"},\"inLanguage\":\"en-US\",\"potentialAction\":[{\"@type\":\"ReadAction\",\"target\":[\"https:\\\/\\\/fit360.ee\\\/en\\\/pood\\\/product-groups\\\/vitamins-and-minerals-en\\\/c-vitamin-en\\\/healthy-hair-gummies-kummikommid-juustele-60tk\\\/\"]}]},{\"@type\":\"ImageObject\",\"inLanguage\":\"en-US\",\"@id\":\"https:\\\/\\\/fit360.ee\\\/en\\\/pood\\\/product-groups\\\/vitamins-and-minerals-en\\\/c-vitamin-en\\\/healthy-hair-gummies-kummikommid-juustele-60tk\\\/#primaryimage\",\"url\":\"https:\\\/\\\/fit360.ee\\\/wp-content\\\/uploads\\\/2021\\\/09\\\/Healthy-Hair-Gummies-kummikommid-juustele-fit360.ee_-1.png\",\"contentUrl\":\"https:\\\/\\\/fit360.ee\\\/wp-content\\\/uploads\\\/2021\\\/09\\\/Healthy-Hair-Gummies-kummikommid-juustele-fit360.ee_-1.png\",\"width\":450,\"height\":450,\"caption\":\"Healthy Hair Gummies kummikommid juustele - fit360.ee\"},{\"@type\":\"BreadcrumbList\",\"@id\":\"https:\\\/\\\/fit360.ee\\\/en\\\/pood\\\/product-groups\\\/vitamins-and-minerals-en\\\/c-vitamin-en\\\/healthy-hair-gummies-kummikommid-juustele-60tk\\\/#breadcrumb\",\"itemListElement\":[{\"@type\":\"ListItem\",\"position\":1,\"name\":\"Home\",\"item\":\"https:\\\/\\\/fit360.ee\\\/en\\\/\"},{\"@type\":\"ListItem\",\"position\":2,\"name\":\"Shop\",\"item\":\"https:\\\/\\\/fit360.ee\\\/en\\\/shop\\\/\"},{\"@type\":\"ListItem\",\"position\":3,\"name\":\"Healthy Hair Gummies &#8211; Kummikommid juustele (60tk)\"}]},{\"@type\":\"WebSite\",\"@id\":\"https:\\\/\\\/fit360.ee\\\/en\\\/#website\",\"url\":\"https:\\\/\\\/fit360.ee\\\/en\\\/\",\"name\":\"Fit360\",\"description\":\"\",\"publisher\":{\"@id\":\"https:\\\/\\\/fit360.ee\\\/en\\\/#organization\"},\"potentialAction\":[{\"@type\":\"SearchAction\",\"target\":{\"@type\":\"EntryPoint\",\"urlTemplate\":\"https:\\\/\\\/fit360.ee\\\/en\\\/?s={search_term_string}\"},\"query-input\":{\"@type\":\"PropertyValueSpecification\",\"valueRequired\":true,\"valueName\":\"search_term_string\"}}],\"inLanguage\":\"en-US\"},{\"@type\":\"Organization\",\"@id\":\"https:\\\/\\\/fit360.ee\\\/en\\\/#organization\",\"name\":\"Fit360\",\"url\":\"https:\\\/\\\/fit360.ee\\\/en\\\/\",\"logo\":{\"@type\":\"ImageObject\",\"inLanguage\":\"en-US\",\"@id\":\"https:\\\/\\\/fit360.ee\\\/en\\\/#\\\/schema\\\/logo\\\/image\\\/\",\"url\":\"https:\\\/\\\/fit360.ee\\\/wp-content\\\/uploads\\\/2017\\\/01\\\/logo-fit360.png\",\"contentUrl\":\"https:\\\/\\\/fit360.ee\\\/wp-content\\\/uploads\\\/2017\\\/01\\\/logo-fit360.png\",\"width\":180,\"height\":66,\"caption\":\"Fit360\"},\"image\":{\"@id\":\"https:\\\/\\\/fit360.ee\\\/en\\\/#\\\/schema\\\/logo\\\/image\\\/\"}}]}<\/script>\n<!-- \/ Yoast SEO plugin. -->","yoast_head_json":{"title":"Healthy Hair Gummies 30tk - Kummikommid juustele - Kiire Tarne - Fit360","description":"Healthy Hair Gummies - \u00fchendatud\u00a0suur annus biotiini\u00a0ja\u00a0vitamiinide kompleks, mis toetab teie ilu. Biotiin aitab hoida teie juukseid ja ...","robots":{"index":"index","follow":"follow","max-snippet":"max-snippet:-1","max-image-preview":"max-image-preview:large","max-video-preview":"max-video-preview:-1"},"canonical":"https:\/\/fit360.ee\/en\/pood\/product-groups\/vitamins-and-minerals-en\/c-vitamin-en\/healthy-hair-gummies-kummikommid-juustele-60tk\/","og_locale":"en_US","og_type":"article","og_title":"Healthy Hair Gummies 30tk - Kummikommid juustele - Kiire Tarne - Fit360","og_description":"Healthy Hair Gummies - \u00fchendatud\u00a0suur annus biotiini\u00a0ja\u00a0vitamiinide kompleks, mis toetab teie ilu. Biotiin aitab hoida teie juukseid ja ...","og_url":"https:\/\/fit360.ee\/en\/pood\/product-groups\/vitamins-and-minerals-en\/c-vitamin-en\/healthy-hair-gummies-kummikommid-juustele-60tk\/","og_site_name":"Fit360","article_modified_time":"2026-04-11T10:57:13+00:00","og_image":[{"width":450,"height":450,"url":"https:\/\/fit360.ee\/wp-content\/uploads\/2021\/09\/Healthy-Hair-Gummies-kummikommid-juustele-fit360.ee_-1.png","type":"image\/png"}],"twitter_card":"summary_large_image","twitter_misc":{"Est. reading time":"2 minutes"},"schema":{"@context":"https:\/\/schema.org","@graph":[{"@type":"WebPage","@id":"https:\/\/fit360.ee\/en\/pood\/product-groups\/vitamins-and-minerals-en\/c-vitamin-en\/healthy-hair-gummies-kummikommid-juustele-60tk\/","url":"https:\/\/fit360.ee\/en\/pood\/product-groups\/vitamins-and-minerals-en\/c-vitamin-en\/healthy-hair-gummies-kummikommid-juustele-60tk\/","name":"Healthy Hair Gummies 30tk - Kummikommid juustele - Kiire Tarne - Fit360","isPartOf":{"@id":"https:\/\/fit360.ee\/en\/#website"},"primaryImageOfPage":{"@id":"https:\/\/fit360.ee\/en\/pood\/product-groups\/vitamins-and-minerals-en\/c-vitamin-en\/healthy-hair-gummies-kummikommid-juustele-60tk\/#primaryimage"},"image":{"@id":"https:\/\/fit360.ee\/en\/pood\/product-groups\/vitamins-and-minerals-en\/c-vitamin-en\/healthy-hair-gummies-kummikommid-juustele-60tk\/#primaryimage"},"thumbnailUrl":"https:\/\/fit360.ee\/wp-content\/uploads\/2021\/09\/Healthy-Hair-Gummies-kummikommid-juustele-fit360.ee_-1.png","datePublished":"2021-09-24T13:47:16+00:00","dateModified":"2026-04-11T10:57:13+00:00","description":"Healthy Hair Gummies - \u00fchendatud\u00a0suur annus biotiini\u00a0ja\u00a0vitamiinide kompleks, mis toetab teie ilu. Biotiin aitab hoida teie juukseid ja ...","breadcrumb":{"@id":"https:\/\/fit360.ee\/en\/pood\/product-groups\/vitamins-and-minerals-en\/c-vitamin-en\/healthy-hair-gummies-kummikommid-juustele-60tk\/#breadcrumb"},"inLanguage":"en-US","potentialAction":[{"@type":"ReadAction","target":["https:\/\/fit360.ee\/en\/pood\/product-groups\/vitamins-and-minerals-en\/c-vitamin-en\/healthy-hair-gummies-kummikommid-juustele-60tk\/"]}]},{"@type":"ImageObject","inLanguage":"en-US","@id":"https:\/\/fit360.ee\/en\/pood\/product-groups\/vitamins-and-minerals-en\/c-vitamin-en\/healthy-hair-gummies-kummikommid-juustele-60tk\/#primaryimage","url":"https:\/\/fit360.ee\/wp-content\/uploads\/2021\/09\/Healthy-Hair-Gummies-kummikommid-juustele-fit360.ee_-1.png","contentUrl":"https:\/\/fit360.ee\/wp-content\/uploads\/2021\/09\/Healthy-Hair-Gummies-kummikommid-juustele-fit360.ee_-1.png","width":450,"height":450,"caption":"Healthy Hair Gummies kummikommid juustele - fit360.ee"},{"@type":"BreadcrumbList","@id":"https:\/\/fit360.ee\/en\/pood\/product-groups\/vitamins-and-minerals-en\/c-vitamin-en\/healthy-hair-gummies-kummikommid-juustele-60tk\/#breadcrumb","itemListElement":[{"@type":"ListItem","position":1,"name":"Home","item":"https:\/\/fit360.ee\/en\/"},{"@type":"ListItem","position":2,"name":"Shop","item":"https:\/\/fit360.ee\/en\/shop\/"},{"@type":"ListItem","position":3,"name":"Healthy Hair Gummies &#8211; Kummikommid juustele (60tk)"}]},{"@type":"WebSite","@id":"https:\/\/fit360.ee\/en\/#website","url":"https:\/\/fit360.ee\/en\/","name":"Fit360","description":"","publisher":{"@id":"https:\/\/fit360.ee\/en\/#organization"},"potentialAction":[{"@type":"SearchAction","target":{"@type":"EntryPoint","urlTemplate":"https:\/\/fit360.ee\/en\/?s={search_term_string}"},"query-input":{"@type":"PropertyValueSpecification","valueRequired":true,"valueName":"search_term_string"}}],"inLanguage":"en-US"},{"@type":"Organization","@id":"https:\/\/fit360.ee\/en\/#organization","name":"Fit360","url":"https:\/\/fit360.ee\/en\/","logo":{"@type":"ImageObject","inLanguage":"en-US","@id":"https:\/\/fit360.ee\/en\/#\/schema\/logo\/image\/","url":"https:\/\/fit360.ee\/wp-content\/uploads\/2017\/01\/logo-fit360.png","contentUrl":"https:\/\/fit360.ee\/wp-content\/uploads\/2017\/01\/logo-fit360.png","width":180,"height":66,"caption":"Fit360"},"image":{"@id":"https:\/\/fit360.ee\/en\/#\/schema\/logo\/image\/"}}]}},"_links":{"self":[{"href":"https:\/\/fit360.ee\/en\/wp-json\/wp\/v2\/product\/56386","targetHints":{"allow":["GET"]}}],"collection":[{"href":"https:\/\/fit360.ee\/en\/wp-json\/wp\/v2\/product"}],"about":[{"href":"https:\/\/fit360.ee\/en\/wp-json\/wp\/v2\/types\/product"}],"replies":[{"embeddable":true,"href":"https:\/\/fit360.ee\/en\/wp-json\/wp\/v2\/comments?post=56386"}],"wp:featuredmedia":[{"embeddable":true,"href":"https:\/\/fit360.ee\/en\/wp-json\/wp\/v2\/media\/84429"}],"wp:attachment":[{"href":"https:\/\/fit360.ee\/en\/wp-json\/wp\/v2\/media?parent=56386"}],"wp:term":[{"taxonomy":"product_brand","embeddable":true,"href":"https:\/\/fit360.ee\/en\/wp-json\/wp\/v2\/product_brand?post=56386"},{"taxonomy":"product_cat","embeddable":true,"href":"https:\/\/fit360.ee\/en\/wp-json\/wp\/v2\/product_cat?post=56386"},{"taxonomy":"product_tag","embeddable":true,"href":"https:\/\/fit360.ee\/en\/wp-json\/wp\/v2\/product_tag?post=56386"},{"taxonomy":"giftcard-category","embeddable":true,"href":"https:\/\/fit360.ee\/en\/wp-json\/wp\/v2\/giftcard-category?post=56386"}],"curies":[{"name":"wp","href":"https:\/\/api.w.org\/{rel}","templated":true}]}}