{"id":56392,"date":"2021-09-24T16:47:10","date_gmt":"2021-09-24T14:47:10","guid":{"rendered":"https:\/\/fit360.ee\/pood\/uncategorized\/african-mango-extract-60-vcaps\/"},"modified":"2026-04-09T16:57:14","modified_gmt":"2026-04-09T14:57:14","slug":"african-mango-extract-60-vcaps","status":"publish","type":"product","link":"https:\/\/fit360.ee\/en\/pood\/product-groups\/%d0%b2%d0%b5%d0%b3%d0%b0%d0%bd\/vegan-capsules-en\/african-mango-extract-60-vcaps\/","title":{"rendered":"African Mango Extract (60 vCaps)"},"content":{"rendered":"<h1><strong>African Mango Extract<\/strong><\/h1>\n<p>African Mango Extract ehk Aafrika Mango ekstrakt on toidulisand <a href=\"https:\/\/fit360.ee\/en\/product-category\/product-groups\/%d0%b2%d0%b5%d0%b3%d0%b0%d0%bd\/vegan-capsules-en\/\"><strong>vegan kapslites (vCaps)<\/strong><\/a>, mis sisaldavad Aafrika mango seemneekstrakti (<em>Irvingia gabonensis L<\/em>.) suhtega 10:1. OstroVit African Mango toetab meie kehas lipol\u00fc\u00fcsi ja <a href=\"https:\/\/fit360.ee\/en\/product-category\/product-groups\/fat-burners-en\/\"><strong>rasvap\u00f5letust<\/strong><\/a> &#8211; sellel on tervist edendav m\u00f5ju, n\u00e4iteks verer\u00f5hule ja kolesteroolile. Samuti soodustab see trigl\u00fctseriidide lagunemist ja biokeemilisi protsesse, mis on seotud madala tihedusega lipoproteiinide v\u00f5i populaarse &#8220;halva kolesterooli&#8221; LDL osakaalu v\u00e4hendamisega.<\/p>\n<ul>\n<li>60 <a href=\"https:\/\/fit360.ee\/en\/product-category\/product-groups\/%d0%b2%d0%b5%d0%b3%d0%b0%d0%bd\/vegan-capsules-en\/\"><strong>vegan kapslit<\/strong><\/a> pakendis<\/li>\n<li>Toode 100% VEGE CAPSULES sarjast<\/li>\n<li>60 portsjonit = 2 kuu varu<\/li>\n<li>Soodustab Rasvap\u00f5letust<\/li>\n<li>v\u00e4hendab &#8220;halba&#8221; kolesterooli<\/li>\n<li>Toetab lipol\u00fc\u00fcsi<\/li>\n<li>Looduslik toode<\/li>\n<\/ul>\n<h4><strong>OstroVit African Mango VEGE<\/strong><\/h4>\n<p>Irvingia Gabonensis ehk k\u00f5neliselt nimetatud Aafrika mangotaim on 15\u201340 m k\u00f5rgune metsapuu! Selle puu viljal p\u00e4rast valmimist on seemned, mida kasutatakse peamiselt toidu-, kosmeetika- ja farmaatsiat\u00f6\u00f6stuses. P\u00e4ris nimetusel &#8220;mango&#8221; pole teadaolevate mangoviljadega palju \u00fchist, mida v\u00f5ime sageli leida kauplustes v\u00f5i turgudel m\u00fc\u00fcdavate puuviljade hulgast. Aafrikas v\u00f5ib leida m\u00f5lemat liiki, mist\u00f5ttu on nii oluline neid kahte taime eristada. Aafrika mangol on aga palju omadusi, mille p\u00e4rast n\u00e4ete viimase vilja asjata. Esiteks on see tuntud oma rasvade oks\u00fcdatsiooniv\u00f5ime poolest, mida saab ideaalis kasutada inimeste seas, kes soovivad kaotada liigseid kilogramme ja vabaneda vanas\u00f5nalisest &#8220;ballastist&#8221;;) T\u00e4nu oma koostisele pol\u00fcfenoolides ja hulgaliselt v\u00e4\u00e4rtuslikke vitamiine ja mineraalid, v\u00f5ib see soodsalt toetada sisesekretsioonis\u00fcsteemi majandust ja meie keha \u00fcldist toimimist. See on t\u00f5hus toetus meie LDL lipoproteiinide taseme alandamiseks ja HDL k\u00f5rge tihedusega lipoproteiinide &#8211; selle &#8220;hea kolesterooli&#8221; &#8211; suurendamiseks. Aafrika mango aitab lagundada trigl\u00fctseriide veres ja v\u00e4hendab \u00fcldkolesterooli taset kehas.<\/p>\n<p><strong>Koostisosad<\/strong>: Aafrika mango seemne ekstrakt (Irvingia gabonensis L.) DER 10:1, paakumisvastane aine paakumisvastane aine: r\u00e4nidioksiid; kapsli kest (t\u00e4iteaine: h\u00fcdroks\u00fcprop\u00fc\u00fclmet\u00fc\u00fcltselluloos.<\/p>\n<p><strong>Kasutamine<\/strong>: V\u00f5ta 1 kapsel p\u00e4evas koos veega.<\/p>\n<p><strong>Suurus<\/strong>: 60 vCaps &#8211; Vegan kapslit<\/p>\n<table>\n<tbody>\n<tr>\n<td width=\"213\"><strong>Toitumisalane teave<\/strong><\/td>\n<td width=\"213\"><strong>1 kapsel<\/strong><\/td>\n<\/tr>\n<tr>\n<td width=\"213\">Aafrika Mango Ekstrakt<\/td>\n<td width=\"213\">700 mg<\/td>\n<\/tr>\n<\/tbody>\n<\/table>\n<p>Vaata ka meie Rasvap\u00f5letust toetavaid tooteid <a href=\"https:\/\/fit360.ee\/en\/product-category\/product-groups\/fat-burners-en\/\"><strong>SIIT<\/strong><\/a>!<\/p>\n<p>Soovid teha suuremat tellimust? Vaata antud toodet meie HULGI lehelt\u00a0<a href=\"https:\/\/toidulisandidhulgi.ee\/product\/african-mango-extract-60-vcaps\/\"><strong>SIIT<\/strong><\/a>!<\/p>\n","protected":false},"excerpt":{"rendered":"<h2><strong>Aafrika Mango Ekstrakt<\/strong>:<\/h2>\n<ul>\n<li>60 <strong>vegan kapslit<\/strong> pakendis<\/li>\n<li>Toode 100% VEGE CAPSULES sarjast<\/li>\n<li>60 portsjonit = 2 kuu varu<\/li>\n<li>Soodustab Rasvap\u00f5letust<\/li>\n<li>v\u00e4hendab &#8220;halba&#8221; kolesterooli<\/li>\n<li>Toetab lipol\u00fc\u00fcsi<\/li>\n<li>Looduslik toode<\/li>\n<\/ul>\n","protected":false},"featured_media":84431,"comment_status":"closed","ping_status":"closed","template":"","meta":[],"product_brand":[],"product_cat":[530,1329,2408,1454,2664,1201],"product_tag":[3158,3159,1924],"giftcard-category":[],"class_list":{"0":"post-56392","1":"product","2":"type-product","3":"status-publish","4":"has-post-thumbnail","6":"product_cat-fat-burners-en","7":"product_cat-ostrovit-en","8":"product_cat-stimulant-free-fat-burners-en","9":"product_cat-superfoods-health-foods-en","10":"product_cat-vegan-capsules-en","11":"product_cat-1201","12":"product_tag-aafrika-mango-ekstrakt-en","13":"product_tag-african-mango-extract-en","14":"product_tag-ostrovit-en","15":"pa_kogus-60-vcaps-en","16":"pa_toidulisand-branddd-ostrovit","17":"pa_tootegruppp-stimulandivaba-en","18":"pa_tootegruppp-supertoit-tervisetoit-en","19":"pa_tootegruppp-vcaps-vegan-kapslid-en","20":"pa_tootegruppp-vegan-en","21":"pa_tootegruppp-weight-loss","23":"first","24":"instock","25":"sale","26":"taxable","27":"shipping-taxable","28":"purchasable","29":"product-type-simple"},"yoast_head":"<!-- This site is optimized with the Yoast SEO plugin v27.3 - https:\/\/yoast.com\/product\/yoast-seo-wordpress\/ -->\n<title>African Mango Extract (60 vCaps) - Aafrika Mango Ekstrakt - Fit360<\/title>\n<meta name=\"description\" content=\"African Mango Extract on toidulisand vegan kapslites, mis sisaldavad Aafrika mango seemneekstrakti (Irvingia gabonensis L.). Kiire Tarne!\" \/>\n<meta name=\"robots\" content=\"index, follow, max-snippet:-1, max-image-preview:large, max-video-preview:-1\" \/>\n<link rel=\"canonical\" href=\"https:\/\/fit360.ee\/en\/pood\/product-groups\/\u0432\u0435\u0433\u0430\u043d\/vegan-capsules-en\/african-mango-extract-60-vcaps\/\" \/>\n<meta property=\"og:locale\" content=\"en_US\" \/>\n<meta property=\"og:type\" content=\"article\" \/>\n<meta property=\"og:title\" content=\"African Mango Extract (60 vCaps) - Aafrika Mango Ekstrakt - Fit360\" \/>\n<meta property=\"og:description\" content=\"African Mango Extract on toidulisand vegan kapslites, mis sisaldavad Aafrika mango seemneekstrakti (Irvingia gabonensis L.). Kiire Tarne!\" \/>\n<meta property=\"og:url\" content=\"https:\/\/fit360.ee\/en\/pood\/product-groups\/\u0432\u0435\u0433\u0430\u043d\/vegan-capsules-en\/african-mango-extract-60-vcaps\/\" \/>\n<meta property=\"og:site_name\" content=\"Fit360\" \/>\n<meta property=\"article:modified_time\" content=\"2026-04-09T14:57:14+00:00\" \/>\n<meta property=\"og:image\" content=\"https:\/\/fit360.ee\/wp-content\/uploads\/2021\/09\/African-Mango-Extract-fit360.ee_-1.png\" \/>\n\t<meta property=\"og:image:width\" content=\"450\" \/>\n\t<meta property=\"og:image:height\" content=\"450\" \/>\n\t<meta property=\"og:image:type\" content=\"image\/png\" \/>\n<meta name=\"twitter:card\" content=\"summary_large_image\" \/>\n<meta name=\"twitter:label1\" content=\"Est. reading time\" \/>\n\t<meta name=\"twitter:data1\" content=\"2 minutes\" \/>\n<script type=\"application\/ld+json\" class=\"yoast-schema-graph\">{\"@context\":\"https:\\\/\\\/schema.org\",\"@graph\":[{\"@type\":\"WebPage\",\"@id\":\"https:\\\/\\\/fit360.ee\\\/en\\\/pood\\\/product-groups\\\/%d0%b2%d0%b5%d0%b3%d0%b0%d0%bd\\\/vegan-capsules-en\\\/african-mango-extract-60-vcaps\\\/\",\"url\":\"https:\\\/\\\/fit360.ee\\\/en\\\/pood\\\/product-groups\\\/%d0%b2%d0%b5%d0%b3%d0%b0%d0%bd\\\/vegan-capsules-en\\\/african-mango-extract-60-vcaps\\\/\",\"name\":\"African Mango Extract (60 vCaps) - Aafrika Mango Ekstrakt - Fit360\",\"isPartOf\":{\"@id\":\"https:\\\/\\\/fit360.ee\\\/en\\\/#website\"},\"primaryImageOfPage\":{\"@id\":\"https:\\\/\\\/fit360.ee\\\/en\\\/pood\\\/product-groups\\\/%d0%b2%d0%b5%d0%b3%d0%b0%d0%bd\\\/vegan-capsules-en\\\/african-mango-extract-60-vcaps\\\/#primaryimage\"},\"image\":{\"@id\":\"https:\\\/\\\/fit360.ee\\\/en\\\/pood\\\/product-groups\\\/%d0%b2%d0%b5%d0%b3%d0%b0%d0%bd\\\/vegan-capsules-en\\\/african-mango-extract-60-vcaps\\\/#primaryimage\"},\"thumbnailUrl\":\"https:\\\/\\\/fit360.ee\\\/wp-content\\\/uploads\\\/2021\\\/09\\\/African-Mango-Extract-fit360.ee_-1.png\",\"datePublished\":\"2021-09-24T14:47:10+00:00\",\"dateModified\":\"2026-04-09T14:57:14+00:00\",\"description\":\"African Mango Extract on toidulisand vegan kapslites, mis sisaldavad Aafrika mango seemneekstrakti (Irvingia gabonensis L.). Kiire Tarne!\",\"breadcrumb\":{\"@id\":\"https:\\\/\\\/fit360.ee\\\/en\\\/pood\\\/product-groups\\\/%d0%b2%d0%b5%d0%b3%d0%b0%d0%bd\\\/vegan-capsules-en\\\/african-mango-extract-60-vcaps\\\/#breadcrumb\"},\"inLanguage\":\"en-US\",\"potentialAction\":[{\"@type\":\"ReadAction\",\"target\":[\"https:\\\/\\\/fit360.ee\\\/en\\\/pood\\\/product-groups\\\/%d0%b2%d0%b5%d0%b3%d0%b0%d0%bd\\\/vegan-capsules-en\\\/african-mango-extract-60-vcaps\\\/\"]}]},{\"@type\":\"ImageObject\",\"inLanguage\":\"en-US\",\"@id\":\"https:\\\/\\\/fit360.ee\\\/en\\\/pood\\\/product-groups\\\/%d0%b2%d0%b5%d0%b3%d0%b0%d0%bd\\\/vegan-capsules-en\\\/african-mango-extract-60-vcaps\\\/#primaryimage\",\"url\":\"https:\\\/\\\/fit360.ee\\\/wp-content\\\/uploads\\\/2021\\\/09\\\/African-Mango-Extract-fit360.ee_-1.png\",\"contentUrl\":\"https:\\\/\\\/fit360.ee\\\/wp-content\\\/uploads\\\/2021\\\/09\\\/African-Mango-Extract-fit360.ee_-1.png\",\"width\":450,\"height\":450,\"caption\":\"African Mango Extract - fit360.ee\"},{\"@type\":\"BreadcrumbList\",\"@id\":\"https:\\\/\\\/fit360.ee\\\/en\\\/pood\\\/product-groups\\\/%d0%b2%d0%b5%d0%b3%d0%b0%d0%bd\\\/vegan-capsules-en\\\/african-mango-extract-60-vcaps\\\/#breadcrumb\",\"itemListElement\":[{\"@type\":\"ListItem\",\"position\":1,\"name\":\"Home\",\"item\":\"https:\\\/\\\/fit360.ee\\\/en\\\/\"},{\"@type\":\"ListItem\",\"position\":2,\"name\":\"Shop\",\"item\":\"https:\\\/\\\/fit360.ee\\\/en\\\/shop\\\/\"},{\"@type\":\"ListItem\",\"position\":3,\"name\":\"African Mango Extract (60 vCaps)\"}]},{\"@type\":\"WebSite\",\"@id\":\"https:\\\/\\\/fit360.ee\\\/en\\\/#website\",\"url\":\"https:\\\/\\\/fit360.ee\\\/en\\\/\",\"name\":\"Fit360\",\"description\":\"\",\"publisher\":{\"@id\":\"https:\\\/\\\/fit360.ee\\\/en\\\/#organization\"},\"potentialAction\":[{\"@type\":\"SearchAction\",\"target\":{\"@type\":\"EntryPoint\",\"urlTemplate\":\"https:\\\/\\\/fit360.ee\\\/en\\\/?s={search_term_string}\"},\"query-input\":{\"@type\":\"PropertyValueSpecification\",\"valueRequired\":true,\"valueName\":\"search_term_string\"}}],\"inLanguage\":\"en-US\"},{\"@type\":\"Organization\",\"@id\":\"https:\\\/\\\/fit360.ee\\\/en\\\/#organization\",\"name\":\"Fit360\",\"url\":\"https:\\\/\\\/fit360.ee\\\/en\\\/\",\"logo\":{\"@type\":\"ImageObject\",\"inLanguage\":\"en-US\",\"@id\":\"https:\\\/\\\/fit360.ee\\\/en\\\/#\\\/schema\\\/logo\\\/image\\\/\",\"url\":\"https:\\\/\\\/fit360.ee\\\/wp-content\\\/uploads\\\/2017\\\/01\\\/logo-fit360.png\",\"contentUrl\":\"https:\\\/\\\/fit360.ee\\\/wp-content\\\/uploads\\\/2017\\\/01\\\/logo-fit360.png\",\"width\":180,\"height\":66,\"caption\":\"Fit360\"},\"image\":{\"@id\":\"https:\\\/\\\/fit360.ee\\\/en\\\/#\\\/schema\\\/logo\\\/image\\\/\"}}]}<\/script>\n<!-- \/ Yoast SEO plugin. -->","yoast_head_json":{"title":"African Mango Extract (60 vCaps) - Aafrika Mango Ekstrakt - Fit360","description":"African Mango Extract on toidulisand vegan kapslites, mis sisaldavad Aafrika mango seemneekstrakti (Irvingia gabonensis L.). Kiire Tarne!","robots":{"index":"index","follow":"follow","max-snippet":"max-snippet:-1","max-image-preview":"max-image-preview:large","max-video-preview":"max-video-preview:-1"},"canonical":"https:\/\/fit360.ee\/en\/pood\/product-groups\/\u0432\u0435\u0433\u0430\u043d\/vegan-capsules-en\/african-mango-extract-60-vcaps\/","og_locale":"en_US","og_type":"article","og_title":"African Mango Extract (60 vCaps) - Aafrika Mango Ekstrakt - Fit360","og_description":"African Mango Extract on toidulisand vegan kapslites, mis sisaldavad Aafrika mango seemneekstrakti (Irvingia gabonensis L.). Kiire Tarne!","og_url":"https:\/\/fit360.ee\/en\/pood\/product-groups\/\u0432\u0435\u0433\u0430\u043d\/vegan-capsules-en\/african-mango-extract-60-vcaps\/","og_site_name":"Fit360","article_modified_time":"2026-04-09T14:57:14+00:00","og_image":[{"width":450,"height":450,"url":"https:\/\/fit360.ee\/wp-content\/uploads\/2021\/09\/African-Mango-Extract-fit360.ee_-1.png","type":"image\/png"}],"twitter_card":"summary_large_image","twitter_misc":{"Est. reading time":"2 minutes"},"schema":{"@context":"https:\/\/schema.org","@graph":[{"@type":"WebPage","@id":"https:\/\/fit360.ee\/en\/pood\/product-groups\/%d0%b2%d0%b5%d0%b3%d0%b0%d0%bd\/vegan-capsules-en\/african-mango-extract-60-vcaps\/","url":"https:\/\/fit360.ee\/en\/pood\/product-groups\/%d0%b2%d0%b5%d0%b3%d0%b0%d0%bd\/vegan-capsules-en\/african-mango-extract-60-vcaps\/","name":"African Mango Extract (60 vCaps) - Aafrika Mango Ekstrakt - Fit360","isPartOf":{"@id":"https:\/\/fit360.ee\/en\/#website"},"primaryImageOfPage":{"@id":"https:\/\/fit360.ee\/en\/pood\/product-groups\/%d0%b2%d0%b5%d0%b3%d0%b0%d0%bd\/vegan-capsules-en\/african-mango-extract-60-vcaps\/#primaryimage"},"image":{"@id":"https:\/\/fit360.ee\/en\/pood\/product-groups\/%d0%b2%d0%b5%d0%b3%d0%b0%d0%bd\/vegan-capsules-en\/african-mango-extract-60-vcaps\/#primaryimage"},"thumbnailUrl":"https:\/\/fit360.ee\/wp-content\/uploads\/2021\/09\/African-Mango-Extract-fit360.ee_-1.png","datePublished":"2021-09-24T14:47:10+00:00","dateModified":"2026-04-09T14:57:14+00:00","description":"African Mango Extract on toidulisand vegan kapslites, mis sisaldavad Aafrika mango seemneekstrakti (Irvingia gabonensis L.). Kiire Tarne!","breadcrumb":{"@id":"https:\/\/fit360.ee\/en\/pood\/product-groups\/%d0%b2%d0%b5%d0%b3%d0%b0%d0%bd\/vegan-capsules-en\/african-mango-extract-60-vcaps\/#breadcrumb"},"inLanguage":"en-US","potentialAction":[{"@type":"ReadAction","target":["https:\/\/fit360.ee\/en\/pood\/product-groups\/%d0%b2%d0%b5%d0%b3%d0%b0%d0%bd\/vegan-capsules-en\/african-mango-extract-60-vcaps\/"]}]},{"@type":"ImageObject","inLanguage":"en-US","@id":"https:\/\/fit360.ee\/en\/pood\/product-groups\/%d0%b2%d0%b5%d0%b3%d0%b0%d0%bd\/vegan-capsules-en\/african-mango-extract-60-vcaps\/#primaryimage","url":"https:\/\/fit360.ee\/wp-content\/uploads\/2021\/09\/African-Mango-Extract-fit360.ee_-1.png","contentUrl":"https:\/\/fit360.ee\/wp-content\/uploads\/2021\/09\/African-Mango-Extract-fit360.ee_-1.png","width":450,"height":450,"caption":"African Mango Extract - fit360.ee"},{"@type":"BreadcrumbList","@id":"https:\/\/fit360.ee\/en\/pood\/product-groups\/%d0%b2%d0%b5%d0%b3%d0%b0%d0%bd\/vegan-capsules-en\/african-mango-extract-60-vcaps\/#breadcrumb","itemListElement":[{"@type":"ListItem","position":1,"name":"Home","item":"https:\/\/fit360.ee\/en\/"},{"@type":"ListItem","position":2,"name":"Shop","item":"https:\/\/fit360.ee\/en\/shop\/"},{"@type":"ListItem","position":3,"name":"African Mango Extract (60 vCaps)"}]},{"@type":"WebSite","@id":"https:\/\/fit360.ee\/en\/#website","url":"https:\/\/fit360.ee\/en\/","name":"Fit360","description":"","publisher":{"@id":"https:\/\/fit360.ee\/en\/#organization"},"potentialAction":[{"@type":"SearchAction","target":{"@type":"EntryPoint","urlTemplate":"https:\/\/fit360.ee\/en\/?s={search_term_string}"},"query-input":{"@type":"PropertyValueSpecification","valueRequired":true,"valueName":"search_term_string"}}],"inLanguage":"en-US"},{"@type":"Organization","@id":"https:\/\/fit360.ee\/en\/#organization","name":"Fit360","url":"https:\/\/fit360.ee\/en\/","logo":{"@type":"ImageObject","inLanguage":"en-US","@id":"https:\/\/fit360.ee\/en\/#\/schema\/logo\/image\/","url":"https:\/\/fit360.ee\/wp-content\/uploads\/2017\/01\/logo-fit360.png","contentUrl":"https:\/\/fit360.ee\/wp-content\/uploads\/2017\/01\/logo-fit360.png","width":180,"height":66,"caption":"Fit360"},"image":{"@id":"https:\/\/fit360.ee\/en\/#\/schema\/logo\/image\/"}}]}},"_links":{"self":[{"href":"https:\/\/fit360.ee\/en\/wp-json\/wp\/v2\/product\/56392","targetHints":{"allow":["GET"]}}],"collection":[{"href":"https:\/\/fit360.ee\/en\/wp-json\/wp\/v2\/product"}],"about":[{"href":"https:\/\/fit360.ee\/en\/wp-json\/wp\/v2\/types\/product"}],"replies":[{"embeddable":true,"href":"https:\/\/fit360.ee\/en\/wp-json\/wp\/v2\/comments?post=56392"}],"wp:featuredmedia":[{"embeddable":true,"href":"https:\/\/fit360.ee\/en\/wp-json\/wp\/v2\/media\/84431"}],"wp:attachment":[{"href":"https:\/\/fit360.ee\/en\/wp-json\/wp\/v2\/media?parent=56392"}],"wp:term":[{"taxonomy":"product_brand","embeddable":true,"href":"https:\/\/fit360.ee\/en\/wp-json\/wp\/v2\/product_brand?post=56392"},{"taxonomy":"product_cat","embeddable":true,"href":"https:\/\/fit360.ee\/en\/wp-json\/wp\/v2\/product_cat?post=56392"},{"taxonomy":"product_tag","embeddable":true,"href":"https:\/\/fit360.ee\/en\/wp-json\/wp\/v2\/product_tag?post=56392"},{"taxonomy":"giftcard-category","embeddable":true,"href":"https:\/\/fit360.ee\/en\/wp-json\/wp\/v2\/giftcard-category?post=56392"}],"curies":[{"name":"wp","href":"https:\/\/api.w.org\/{rel}","templated":true}]}}