{"id":56421,"date":"2021-09-26T15:41:49","date_gmt":"2021-09-26T13:41:49","guid":{"rendered":"https:\/\/fit360.ee\/pood\/uncategorized\/ferr-aid-raud-60caps\/"},"modified":"2026-03-30T15:56:24","modified_gmt":"2026-03-30T13:56:24","slug":"ferr-aid-raud-60caps","status":"publish","type":"product","link":"https:\/\/fit360.ee\/en\/pood\/product-groups\/vitamins-and-minerals-en\/c-vitamin-en\/ferr-aid-raud-60caps\/","title":{"rendered":"Ferr Aid &#8211; Raud (60caps)"},"content":{"rendered":"<h1><strong>Ferr Aid<\/strong><\/h1>\n<p>Ferr Aid on toidulisand kapsli kujul Ostroviti poolt. Ferr Aid kompleksis on lisaks rauale lisaks ka <a href=\"https:\/\/fit360.ee\/en\/product-category\/product-groups\/vitamins-and-minerals-en\/b-vitamin-en\/\"><strong>B-vitamiinid<\/strong><\/a> ( <a href=\"https:\/\/fit360.ee\/en\/product-category\/product-groups\/vitamins-and-minerals-en\/folic-acid-en\/\"><strong>Foolhape<\/strong><\/a>, B6 ja B12 Vitamiin) ning paremaks imenudmiseks ja tervise tugevdamiseks <a href=\"https:\/\/fit360.ee\/en\/product-category\/product-groups\/vitamins-and-minerals-en\/c-vitamin-en\/\"><strong>C-Vitamiin<\/strong><\/a>.<\/p>\n<ul>\n<li>5 toimeainet<\/li>\n<li>60 kapslit pakendis<\/li>\n<li>Tooraine ja tootmise k\u00f5rgeim kvaliteet<\/li>\n<li>Tume klaasist pakend<\/li>\n<li>Kapslit on kerge alla neelata<\/li>\n<li>Kahe kuu varu<\/li>\n<li>Abivahendid punaste vereliblede ja hemoglobiini korrektseks tootmiseks<\/li>\n<\/ul>\n<h4><strong>Rauda on vaja<\/strong>:<\/h4>\n<ul>\n<li>vereloomes, kus teda kasutatakse hemo- ja m\u00fcoglobiini s\u00fcnteesiks. Raual on v\u00f5tmeroll eluks vajaliku hapniku sidumises ja transpordis hemoglobiinis, st. ta osaleb hapniku viimisel kopsudest kudedesse,<\/li>\n<li>nende biomolekulide koostises, mis osalevad ATP (adenosiintrifosfaat, mis on operatiivne energiakandja rakkudes) tootmises ja aitavad kahjutuks teha organismi sattunud kehav\u00f5\u00f5raid \u00fchendeid, t\u00f5stes seel\u00e4bi vastupanuv\u00f5imet stressile ja haigustele,<\/li>\n<li>v\u00e4simuse v\u00e4hendamiseks ja naha normaalse v\u00e4rvuse tagamiseks.<\/li>\n<\/ul>\n<h3><strong>Raud Toidulisand<\/strong><\/h3>\n<p>Ferr Aid kompleksis toetavad raua imendumist ja toimet j\u00e4rgnevad koostisosad:<\/p>\n<p><strong>Foolhape<\/strong>\u00a0&#8211; see on h\u00e4davajalik ribonukleiin- ja desoks\u00fcribonukleiinhapete s\u00fcnteesiks ning sellest tulenevalt rakkude jagunemiseks ja kudede kasvuks, met\u00fc\u00fclimisreaktsioonideks ja aminohapete metabolismiks. Sellel on suur roll loote s\u00fcnnidefektide ennetamisel. Raua ja B12-vitamiini k\u00f5rval on see \u00fcks vererakkude ehituskive. Foolhappe v\u00f5i B12-vitamiini puudus viib megaloblastse aneemia tekkeni.<\/p>\n<p><strong>Vitamiin B6<\/strong>\u00a0&#8211; aitab s\u00e4ilitada korralikku homots\u00fcsteiini ainevahetust ja korrigeerida ts\u00fcsteiini s\u00fcnteesi. See aitab s\u00e4ilitada \u00f5iget ainevahetust. See aitab kaasa n\u00e4rvis\u00fcsteemi n\u00f5uetekohasele toimimisele. Aitab s\u00e4ilitada valkude ja gl\u00fckogeeni korralikku ainevahetust. Aitab s\u00e4ilitada \u00f5igeid ps\u00fchholoogilisi funktsioone, korrektset punavereliblede tootmist ja immuuns\u00fcsteemi n\u00f5uetekohast toimimist. Aitab kaasa v\u00e4simuse ja v\u00e4simuse tunde v\u00e4hendamisele ning hormonaalse aktiivsuse reguleerimisele.<\/p>\n<p><strong>Vitamiin B12<\/strong>\u00a0&#8211; aitab s\u00e4ilitada \u00f5iget energia metabolism. See aitab kaasa n\u00e4rvis\u00fcsteemi n\u00f5uetekohasele toimimisele, homots\u00fcsteiini ainevahetusele, ps\u00fchholoogiliste funktsioonide ja punaste vereliblede tootmise s\u00e4ilitamisele. Lisaks aitab see kaasa immuuns\u00fcsteemi korrektsele toimimisele, aitab v\u00e4hendada v\u00e4simuse ja kurnatuse tunnet. See m\u00e4ngib rolli rakkude jagunemise protsessis.<\/p>\n<p><strong>C-vitamiin<\/strong>\u00a0&#8211; suurendab raua imendumist. See aitab s\u00e4ilitada immuuns\u00fcsteemi n\u00f5uetekohast toimimist intensiivse f\u00fc\u00fcsilise treeningu ajal ja p\u00e4rast seda. Aitab s\u00e4ilitada \u00f5iget ainevahetust. Aitab s\u00e4ilitada n\u00e4rvis\u00fcsteemi n\u00f5uetekohast toimimist, korralike ps\u00fchholoogiliste funktsioonide ja immuuns\u00fcsteemi n\u00f5uetekohast toimimist. Aitab kaasa v\u00e4simuse ja kurnatuse v\u00e4hendamisele.<\/p>\n<p><a href=\"https:\/\/fit360.ee\/wp-content\/uploads\/2021\/09\/raud-toidulisand-fit360.ee_-800x312.jpg\"><img loading=\"lazy\" decoding=\"async\" class=\"size-medium wp-image-56417\" src=\"https:\/\/fit360.ee\/wp-content\/uploads\/2021\/09\/raud-toidulisand-fit360.ee_-800x312.jpg\" alt=\"raud toidulisand - fit360.ee\" width=\"800\" height=\"312\" srcset=\"https:\/\/fit360.ee\/wp-content\/uploads\/2021\/09\/raud-toidulisand-fit360.ee_-800x312.jpg 800w, https:\/\/fit360.ee\/wp-content\/uploads\/2021\/09\/raud-toidulisand-fit360.ee_-510x199.jpg 510w, https:\/\/fit360.ee\/wp-content\/uploads\/2021\/09\/raud-toidulisand-fit360.ee_-768x300.jpg 768w, https:\/\/fit360.ee\/wp-content\/uploads\/2021\/09\/raud-toidulisand-fit360.ee_.jpg 922w\" sizes=\"auto, (max-width: 800px) 100vw, 800px\" \/><\/a><\/p>\n<p><strong>Koostisosad<\/strong>: C-vitamiin (l-askorbiinhape), raud (raud (II) digl\u00fctsinaat), kapsli kest (t\u00e4iteaine: h\u00fcdroks\u00fcprop\u00fc\u00fclmet\u00fc\u00fcltselluloos), vitamiin B6 (p\u00fcridoksalo 5&#8242;-fosfaat P-5-P), foolhape (gl\u00fckoosamiinisool (6S) ) -5 -met\u00fc\u00fcltetrah\u00fcdrofoolium -5 -MTHF), vitamiin B12 (met\u00fc\u00fclkobalamiin).<\/p>\n<p><strong>Kasutamine<\/strong>: Tarbi 1 portsjon (1 kapsel) p\u00e4evas p\u00e4rast s\u00f6\u00f6ki rohke veega. Preparaat on m\u00f5eldud t\u00e4iskasvanutele. Kasutamine rasedatel naistel p\u00e4rast arstiga konsulteerimist.<\/p>\n<p><strong>Suurus:<\/strong> 60 kapslit<\/p>\n<table>\n<tbody>\n<tr>\n<th>Aktiivsed toimeained<\/th>\n<th>1 kapsel<\/th>\n<th>% SPK*<\/th>\n<\/tr>\n<tr>\n<td>Vitamiin C<\/td>\n<td>240 mg<\/td>\n<td>300<\/td>\n<\/tr>\n<tr>\n<td>Raud<\/td>\n<td>30 mg<\/td>\n<td>214<\/td>\n<\/tr>\n<tr>\n<td>Vitamiin B6<\/td>\n<td>18 mg<\/td>\n<td>1286<\/td>\n<\/tr>\n<tr>\n<td>Foolhape<\/td>\n<td>800 \u00b5g<\/td>\n<td>400<\/td>\n<\/tr>\n<tr>\n<td>Vitamiin B12<\/td>\n<td>50 \u00b5g<\/td>\n<td>2000<\/td>\n<\/tr>\n<\/tbody>\n<\/table>\n<p>*SPK &#8211; Soovituslik p\u00e4evane kogus<\/p>\n<p>Vaata ka meie teisi Raua toidulisandeid <a href=\"https:\/\/fit360.ee\/en\/product-category\/product-groups\/vitamins-and-minerals-en\/iron-en\/\"><strong>SIIT<\/strong><\/a>!<\/p>\n<p>Soovid teha suuremat tellimust? Vaata antud toodet meie HULGI lehelt\u00a0<a href=\"https:\/\/toidulisandidhulgi.ee\/product\/ferr-aid-raud-60caps\/\"><strong>SIIT<\/strong><\/a>!<\/p>\n","protected":false},"excerpt":{"rendered":"<h2><span style=\"color: #555555;\"><b>Raud<\/b><\/span><\/h2>\n<ul>\n<li>5 toimeainet<\/li>\n<li>60 kapslit pakendis<\/li>\n<li>Tooraine ja tootmise k\u00f5rgeim kvaliteet<\/li>\n<li>Tume klaasist pakend<\/li>\n<li>Kapslit on kerge alla neelata<\/li>\n<li>Kahe kuu varu<\/li>\n<li>Abivahendid punaste vereliblede ja hemoglobiini korrektseks tootmiseks<\/li>\n<\/ul>\n","protected":false},"featured_media":56420,"comment_status":"closed","ping_status":"closed","template":"","meta":[],"product_brand":[],"product_cat":[2251,1911,2259,2665,1329,536],"product_tag":[3162,1924,2668,3163],"giftcard-category":[],"class_list":{"0":"post-56421","1":"product","2":"type-product","3":"status-publish","4":"has-post-thumbnail","6":"product_cat-b-vitamin-en","7":"product_cat-c-vitamin-en","8":"product_cat-folic-acid-en","9":"product_cat-iron-en","10":"product_cat-ostrovit-en","11":"product_cat-vitamins-and-minerals-en","12":"product_tag-ferr-aid-en","13":"product_tag-ostrovit-en","14":"product_tag-raud-en","15":"product_tag-raud-toidulisand-en","16":"pa_kogus-60-capsules","17":"pa_toidulisand-branddd-ostrovit","18":"pa_tootegruppp-b-vitamiin-en","19":"pa_tootegruppp-c-vitamiin-en","20":"pa_tootegruppp-foolhape-en","21":"pa_tootegruppp-raud-en","22":"pa_tootegruppp-vitamins-and-minerals","24":"first","25":"instock","26":"sale","27":"taxable","28":"shipping-taxable","29":"purchasable","30":"product-type-simple"},"yoast_head":"<!-- This site is optimized with the Yoast SEO plugin v27.3 - https:\/\/yoast.com\/product\/yoast-seo-wordpress\/ -->\n<title>Ferr Aid - Raud (60caps) - Raud toidulisand - Raua kompleks - Fit360<\/title>\n<meta name=\"description\" content=\"Ferr Aid on toidulisand kapsli kuju. Ferr Aid kompleksis on lisaks rauale lisaks ka B-vitamiinid ning paremaks imenudmiseks ja tervise ...\" \/>\n<meta name=\"robots\" content=\"index, follow, max-snippet:-1, max-image-preview:large, max-video-preview:-1\" \/>\n<link rel=\"canonical\" href=\"https:\/\/fit360.ee\/en\/pood\/product-groups\/vitamins-and-minerals-en\/c-vitamin-en\/ferr-aid-raud-60caps\/\" \/>\n<meta property=\"og:locale\" content=\"en_US\" \/>\n<meta property=\"og:type\" content=\"article\" \/>\n<meta property=\"og:title\" content=\"Ferr Aid - Raud (60caps) - Raud toidulisand - Raua kompleks - Fit360\" \/>\n<meta property=\"og:description\" content=\"Ferr Aid on toidulisand kapsli kuju. Ferr Aid kompleksis on lisaks rauale lisaks ka B-vitamiinid ning paremaks imenudmiseks ja tervise ...\" \/>\n<meta property=\"og:url\" content=\"https:\/\/fit360.ee\/en\/pood\/product-groups\/vitamins-and-minerals-en\/c-vitamin-en\/ferr-aid-raud-60caps\/\" \/>\n<meta property=\"og:site_name\" content=\"Fit360\" \/>\n<meta property=\"article:modified_time\" content=\"2026-03-30T13:56:24+00:00\" \/>\n<meta property=\"og:image\" content=\"https:\/\/fit360.ee\/wp-content\/uploads\/2021\/09\/ferr-aid-fit360.ee_.png\" \/>\n\t<meta property=\"og:image:width\" content=\"700\" \/>\n\t<meta property=\"og:image:height\" content=\"560\" \/>\n\t<meta property=\"og:image:type\" content=\"image\/png\" \/>\n<meta name=\"twitter:card\" content=\"summary_large_image\" \/>\n<meta name=\"twitter:label1\" content=\"Est. reading time\" \/>\n\t<meta name=\"twitter:data1\" content=\"2 minutes\" \/>\n<script type=\"application\/ld+json\" class=\"yoast-schema-graph\">{\"@context\":\"https:\\\/\\\/schema.org\",\"@graph\":[{\"@type\":\"WebPage\",\"@id\":\"https:\\\/\\\/fit360.ee\\\/en\\\/pood\\\/product-groups\\\/vitamins-and-minerals-en\\\/c-vitamin-en\\\/ferr-aid-raud-60caps\\\/\",\"url\":\"https:\\\/\\\/fit360.ee\\\/en\\\/pood\\\/product-groups\\\/vitamins-and-minerals-en\\\/c-vitamin-en\\\/ferr-aid-raud-60caps\\\/\",\"name\":\"Ferr Aid - Raud (60caps) - Raud toidulisand - Raua kompleks - Fit360\",\"isPartOf\":{\"@id\":\"https:\\\/\\\/fit360.ee\\\/en\\\/#website\"},\"primaryImageOfPage\":{\"@id\":\"https:\\\/\\\/fit360.ee\\\/en\\\/pood\\\/product-groups\\\/vitamins-and-minerals-en\\\/c-vitamin-en\\\/ferr-aid-raud-60caps\\\/#primaryimage\"},\"image\":{\"@id\":\"https:\\\/\\\/fit360.ee\\\/en\\\/pood\\\/product-groups\\\/vitamins-and-minerals-en\\\/c-vitamin-en\\\/ferr-aid-raud-60caps\\\/#primaryimage\"},\"thumbnailUrl\":\"https:\\\/\\\/fit360.ee\\\/wp-content\\\/uploads\\\/2021\\\/09\\\/ferr-aid-fit360.ee_.png\",\"datePublished\":\"2021-09-26T13:41:49+00:00\",\"dateModified\":\"2026-03-30T13:56:24+00:00\",\"description\":\"Ferr Aid on toidulisand kapsli kuju. Ferr Aid kompleksis on lisaks rauale lisaks ka B-vitamiinid ning paremaks imenudmiseks ja tervise ...\",\"breadcrumb\":{\"@id\":\"https:\\\/\\\/fit360.ee\\\/en\\\/pood\\\/product-groups\\\/vitamins-and-minerals-en\\\/c-vitamin-en\\\/ferr-aid-raud-60caps\\\/#breadcrumb\"},\"inLanguage\":\"en-US\",\"potentialAction\":[{\"@type\":\"ReadAction\",\"target\":[\"https:\\\/\\\/fit360.ee\\\/en\\\/pood\\\/product-groups\\\/vitamins-and-minerals-en\\\/c-vitamin-en\\\/ferr-aid-raud-60caps\\\/\"]}]},{\"@type\":\"ImageObject\",\"inLanguage\":\"en-US\",\"@id\":\"https:\\\/\\\/fit360.ee\\\/en\\\/pood\\\/product-groups\\\/vitamins-and-minerals-en\\\/c-vitamin-en\\\/ferr-aid-raud-60caps\\\/#primaryimage\",\"url\":\"https:\\\/\\\/fit360.ee\\\/wp-content\\\/uploads\\\/2021\\\/09\\\/ferr-aid-fit360.ee_.png\",\"contentUrl\":\"https:\\\/\\\/fit360.ee\\\/wp-content\\\/uploads\\\/2021\\\/09\\\/ferr-aid-fit360.ee_.png\",\"width\":700,\"height\":560,\"caption\":\"ferr aid - fit360.ee\"},{\"@type\":\"BreadcrumbList\",\"@id\":\"https:\\\/\\\/fit360.ee\\\/en\\\/pood\\\/product-groups\\\/vitamins-and-minerals-en\\\/c-vitamin-en\\\/ferr-aid-raud-60caps\\\/#breadcrumb\",\"itemListElement\":[{\"@type\":\"ListItem\",\"position\":1,\"name\":\"Home\",\"item\":\"https:\\\/\\\/fit360.ee\\\/en\\\/\"},{\"@type\":\"ListItem\",\"position\":2,\"name\":\"Shop\",\"item\":\"https:\\\/\\\/fit360.ee\\\/en\\\/shop\\\/\"},{\"@type\":\"ListItem\",\"position\":3,\"name\":\"Ferr Aid &#8211; Raud (60caps)\"}]},{\"@type\":\"WebSite\",\"@id\":\"https:\\\/\\\/fit360.ee\\\/en\\\/#website\",\"url\":\"https:\\\/\\\/fit360.ee\\\/en\\\/\",\"name\":\"Fit360\",\"description\":\"\",\"publisher\":{\"@id\":\"https:\\\/\\\/fit360.ee\\\/en\\\/#organization\"},\"potentialAction\":[{\"@type\":\"SearchAction\",\"target\":{\"@type\":\"EntryPoint\",\"urlTemplate\":\"https:\\\/\\\/fit360.ee\\\/en\\\/?s={search_term_string}\"},\"query-input\":{\"@type\":\"PropertyValueSpecification\",\"valueRequired\":true,\"valueName\":\"search_term_string\"}}],\"inLanguage\":\"en-US\"},{\"@type\":\"Organization\",\"@id\":\"https:\\\/\\\/fit360.ee\\\/en\\\/#organization\",\"name\":\"Fit360\",\"url\":\"https:\\\/\\\/fit360.ee\\\/en\\\/\",\"logo\":{\"@type\":\"ImageObject\",\"inLanguage\":\"en-US\",\"@id\":\"https:\\\/\\\/fit360.ee\\\/en\\\/#\\\/schema\\\/logo\\\/image\\\/\",\"url\":\"https:\\\/\\\/fit360.ee\\\/wp-content\\\/uploads\\\/2017\\\/01\\\/logo-fit360.png\",\"contentUrl\":\"https:\\\/\\\/fit360.ee\\\/wp-content\\\/uploads\\\/2017\\\/01\\\/logo-fit360.png\",\"width\":180,\"height\":66,\"caption\":\"Fit360\"},\"image\":{\"@id\":\"https:\\\/\\\/fit360.ee\\\/en\\\/#\\\/schema\\\/logo\\\/image\\\/\"}}]}<\/script>\n<!-- \/ Yoast SEO plugin. -->","yoast_head_json":{"title":"Ferr Aid - Raud (60caps) - Raud toidulisand - Raua kompleks - Fit360","description":"Ferr Aid on toidulisand kapsli kuju. Ferr Aid kompleksis on lisaks rauale lisaks ka B-vitamiinid ning paremaks imenudmiseks ja tervise ...","robots":{"index":"index","follow":"follow","max-snippet":"max-snippet:-1","max-image-preview":"max-image-preview:large","max-video-preview":"max-video-preview:-1"},"canonical":"https:\/\/fit360.ee\/en\/pood\/product-groups\/vitamins-and-minerals-en\/c-vitamin-en\/ferr-aid-raud-60caps\/","og_locale":"en_US","og_type":"article","og_title":"Ferr Aid - Raud (60caps) - Raud toidulisand - Raua kompleks - Fit360","og_description":"Ferr Aid on toidulisand kapsli kuju. Ferr Aid kompleksis on lisaks rauale lisaks ka B-vitamiinid ning paremaks imenudmiseks ja tervise ...","og_url":"https:\/\/fit360.ee\/en\/pood\/product-groups\/vitamins-and-minerals-en\/c-vitamin-en\/ferr-aid-raud-60caps\/","og_site_name":"Fit360","article_modified_time":"2026-03-30T13:56:24+00:00","og_image":[{"width":700,"height":560,"url":"https:\/\/fit360.ee\/wp-content\/uploads\/2021\/09\/ferr-aid-fit360.ee_.png","type":"image\/png"}],"twitter_card":"summary_large_image","twitter_misc":{"Est. reading time":"2 minutes"},"schema":{"@context":"https:\/\/schema.org","@graph":[{"@type":"WebPage","@id":"https:\/\/fit360.ee\/en\/pood\/product-groups\/vitamins-and-minerals-en\/c-vitamin-en\/ferr-aid-raud-60caps\/","url":"https:\/\/fit360.ee\/en\/pood\/product-groups\/vitamins-and-minerals-en\/c-vitamin-en\/ferr-aid-raud-60caps\/","name":"Ferr Aid - Raud (60caps) - Raud toidulisand - Raua kompleks - Fit360","isPartOf":{"@id":"https:\/\/fit360.ee\/en\/#website"},"primaryImageOfPage":{"@id":"https:\/\/fit360.ee\/en\/pood\/product-groups\/vitamins-and-minerals-en\/c-vitamin-en\/ferr-aid-raud-60caps\/#primaryimage"},"image":{"@id":"https:\/\/fit360.ee\/en\/pood\/product-groups\/vitamins-and-minerals-en\/c-vitamin-en\/ferr-aid-raud-60caps\/#primaryimage"},"thumbnailUrl":"https:\/\/fit360.ee\/wp-content\/uploads\/2021\/09\/ferr-aid-fit360.ee_.png","datePublished":"2021-09-26T13:41:49+00:00","dateModified":"2026-03-30T13:56:24+00:00","description":"Ferr Aid on toidulisand kapsli kuju. Ferr Aid kompleksis on lisaks rauale lisaks ka B-vitamiinid ning paremaks imenudmiseks ja tervise ...","breadcrumb":{"@id":"https:\/\/fit360.ee\/en\/pood\/product-groups\/vitamins-and-minerals-en\/c-vitamin-en\/ferr-aid-raud-60caps\/#breadcrumb"},"inLanguage":"en-US","potentialAction":[{"@type":"ReadAction","target":["https:\/\/fit360.ee\/en\/pood\/product-groups\/vitamins-and-minerals-en\/c-vitamin-en\/ferr-aid-raud-60caps\/"]}]},{"@type":"ImageObject","inLanguage":"en-US","@id":"https:\/\/fit360.ee\/en\/pood\/product-groups\/vitamins-and-minerals-en\/c-vitamin-en\/ferr-aid-raud-60caps\/#primaryimage","url":"https:\/\/fit360.ee\/wp-content\/uploads\/2021\/09\/ferr-aid-fit360.ee_.png","contentUrl":"https:\/\/fit360.ee\/wp-content\/uploads\/2021\/09\/ferr-aid-fit360.ee_.png","width":700,"height":560,"caption":"ferr aid - fit360.ee"},{"@type":"BreadcrumbList","@id":"https:\/\/fit360.ee\/en\/pood\/product-groups\/vitamins-and-minerals-en\/c-vitamin-en\/ferr-aid-raud-60caps\/#breadcrumb","itemListElement":[{"@type":"ListItem","position":1,"name":"Home","item":"https:\/\/fit360.ee\/en\/"},{"@type":"ListItem","position":2,"name":"Shop","item":"https:\/\/fit360.ee\/en\/shop\/"},{"@type":"ListItem","position":3,"name":"Ferr Aid &#8211; Raud (60caps)"}]},{"@type":"WebSite","@id":"https:\/\/fit360.ee\/en\/#website","url":"https:\/\/fit360.ee\/en\/","name":"Fit360","description":"","publisher":{"@id":"https:\/\/fit360.ee\/en\/#organization"},"potentialAction":[{"@type":"SearchAction","target":{"@type":"EntryPoint","urlTemplate":"https:\/\/fit360.ee\/en\/?s={search_term_string}"},"query-input":{"@type":"PropertyValueSpecification","valueRequired":true,"valueName":"search_term_string"}}],"inLanguage":"en-US"},{"@type":"Organization","@id":"https:\/\/fit360.ee\/en\/#organization","name":"Fit360","url":"https:\/\/fit360.ee\/en\/","logo":{"@type":"ImageObject","inLanguage":"en-US","@id":"https:\/\/fit360.ee\/en\/#\/schema\/logo\/image\/","url":"https:\/\/fit360.ee\/wp-content\/uploads\/2017\/01\/logo-fit360.png","contentUrl":"https:\/\/fit360.ee\/wp-content\/uploads\/2017\/01\/logo-fit360.png","width":180,"height":66,"caption":"Fit360"},"image":{"@id":"https:\/\/fit360.ee\/en\/#\/schema\/logo\/image\/"}}]}},"_links":{"self":[{"href":"https:\/\/fit360.ee\/en\/wp-json\/wp\/v2\/product\/56421","targetHints":{"allow":["GET"]}}],"collection":[{"href":"https:\/\/fit360.ee\/en\/wp-json\/wp\/v2\/product"}],"about":[{"href":"https:\/\/fit360.ee\/en\/wp-json\/wp\/v2\/types\/product"}],"replies":[{"embeddable":true,"href":"https:\/\/fit360.ee\/en\/wp-json\/wp\/v2\/comments?post=56421"}],"wp:featuredmedia":[{"embeddable":true,"href":"https:\/\/fit360.ee\/en\/wp-json\/wp\/v2\/media\/56420"}],"wp:attachment":[{"href":"https:\/\/fit360.ee\/en\/wp-json\/wp\/v2\/media?parent=56421"}],"wp:term":[{"taxonomy":"product_brand","embeddable":true,"href":"https:\/\/fit360.ee\/en\/wp-json\/wp\/v2\/product_brand?post=56421"},{"taxonomy":"product_cat","embeddable":true,"href":"https:\/\/fit360.ee\/en\/wp-json\/wp\/v2\/product_cat?post=56421"},{"taxonomy":"product_tag","embeddable":true,"href":"https:\/\/fit360.ee\/en\/wp-json\/wp\/v2\/product_tag?post=56421"},{"taxonomy":"giftcard-category","embeddable":true,"href":"https:\/\/fit360.ee\/en\/wp-json\/wp\/v2\/giftcard-category?post=56421"}],"curies":[{"name":"wp","href":"https:\/\/api.w.org\/{rel}","templated":true}]}}