{"id":56424,"date":"2021-09-26T15:47:37","date_gmt":"2021-09-26T13:47:37","guid":{"rendered":"https:\/\/fit360.ee\/?post_type=product&#038;p=56424"},"modified":"2026-04-09T14:27:25","modified_gmt":"2026-04-09T12:27:25","slug":"ashwagandha-pulber-100g","status":"publish","type":"product","link":"https:\/\/fit360.ee\/en\/pood\/product-groups\/superfoods-health-foods-en\/ashwagandha-en\/ashwagandha-pulber-100g\/","title":{"rendered":"100% Ashwagandha Pulber (100g)"},"content":{"rendered":"<h1>Ashwagandha pulber<\/h1>\n<p>Ashwagandha pulber Ostroviti poolt.<\/p>\n<p><a href=\"https:\/\/fit360.ee\/en\/pood\/product-groups\/superfoods-health-foods-en\/ashwagandha-en\/proactive-ashwagandha-120tabs\/\"><strong>Ashwagandha<\/strong><\/a>, rahvap\u00e4rase nimetusega uimastav juustukirss, on tuntud peamiselt kui stressileevendaja ning on arvatud adaptogeenide ehk keha tasakaalu viijate hulka. Ent erinevalt\u00a0<strong>Hiina \u017een-\u017eenni<\/strong>\u00a0stimuleerivast toimest on ashwagandha uinutava ja rahustava toimega. See taim on \u00fcks v\u00e4heseid rahustavaid adaptogeene, mida on traditsiooniliselt kasutatud \u00e4revuse, halbade unen\u00e4gude, kerge obsessiiv-kompulsiivse h\u00e4ire, unetuse ja n\u00e4rvis\u00fcsteemi t\u00f6\u00f6 parandamiseks. Ladina keeles t\u00e4hendabki ashwaganda otset\u00f5lkes kui \u00abunetekitaja\u00bb, kuid taime nimi ashwagandha tuleneb siiski sanskriti keelest ja see on kombinatsioon s\u00f5nadest \u00abashva\u00bb, mis t\u00e4hendab hobust ning \u00abgandha\u00bb, mis t\u00e4hendab l\u00f5hna. Selle taime juurel on tugev aroom, mida on kirjeldatud kui hobusele omast.<\/p>\n<p><strong>Ashvagandha kasulikud omadused:<\/strong><\/p>\n<p>\u2022 \u00e4revuse, uneh\u00e4irete (unetuse), stressi puhul<br \/>\n\u2022 liigesep\u00f5letike, seljavalu, lihasreuma puhul<br \/>\n\u2022 kilpn\u00e4\u00e4rme talitlush\u00e4irete korral<br \/>\n\u2022 k\u00fclmetushaiguste, tuberkuloosi, astma ja bronhiidi puhul<br \/>\n\u2022 menstruaalvalude korral<\/p>\n<p><strong>Lisaks arvatakse, et Ashwagandha pulber<\/strong>:<\/p>\n<p>\u2022 stabiliseerib veresuhkrut<br \/>\n\u2022 alandab kolesteroolitaset<br \/>\n\u2022 t\u00f5stab vastupidavust<br \/>\n\u2022 suurendab keskendumisv\u00f5imet<br \/>\n\u2022 pidurdab vananemist<br \/>\n\u2022 tugevdab suguiha ja suurendab viljakust<br \/>\n\u2022 stimuleerib kurnatud neerupealiseid<\/p>\n<p><strong>Koostisosad<\/strong>: Ashwagandha juureekstrakt (<em>Withania somnifera (L.) Dunal<\/em>), mis on standarditud 7,2% witanoliidide, 1% alkaloidide, 0,25% withaferin A -ga.<\/p>\n<p><strong>Kasutamine<\/strong>: V\u00f5tke 1 portsjon &#8211; 320 mg (1 lusikas) p\u00e4evas koos toiduga, jooge peale vett. Palun kasutage pakendis olevat m\u00f5\u00f5tetopsi (0,5 ml).<\/p>\n<p><strong>Suurus<\/strong>: 100g &#8211; 312 serveeringut<\/p>\n<section class=\"projector__description--nutritional row\" data-selector=\".--nutritional\">\n<div class=\"col-12 col-md-10 col-lg-8\">\n<div class=\"--nutrit\">\n<div class=\"nutrition_table_wrapper\">\n<div class=\"table_wrapper\">\n<table>\n<tbody>\n<tr>\n<th>Aktiivsed toimeained<\/th>\n<th>1 serveering (320mg)<\/th>\n<\/tr>\n<tr>\n<td>Ashwagandha juure ekstrakt, <em>millest<\/em>:<\/td>\n<td>320 mg<\/td>\n<\/tr>\n<tr class=\"sub\">\n<td>&#8211; withanoolid (7.2%)<\/td>\n<td>23.04 mg<\/td>\n<\/tr>\n<tr class=\"sub\">\n<td>&#8211; alkaloidid (1%)<\/td>\n<td>3.2 mg<\/td>\n<\/tr>\n<tr class=\"sub\">\n<td>&#8211; withaferin A (0.25%)<\/td>\n<td>0.8 mg<\/td>\n<\/tr>\n<\/tbody>\n<\/table>\n<p>Vaata ka meie teisi Ashwagandha tooteid <a href=\"https:\/\/fit360.ee\/en\/product-category\/product-groups\/superfoods-health-foods-en\/ashwagandha-en\/\"><strong>SIIT<\/strong><\/a>!<\/p>\n<\/div>\n<\/div>\n<\/div>\n<\/div>\n<\/section>\n<p>Soovid kaupa osta suuremas koguses? Vaata antud toodet ka meie HULGI poest <a href=\"https:\/\/toidulisandidhulgi.ee\/product\/ashwagandha-pulber-100g\/\"><strong>SIIT<\/strong><\/a>!<\/p>\n","protected":false},"excerpt":{"rendered":"<h2><strong>Ashwagandha pulber<\/strong>:<\/h2>\n<ul>\n<li>V\u00e4ga hea antioks\u00fcdant<\/li>\n<li>Rahustab n\u00e4rvis\u00fcsteemi<\/li>\n<li>Annab j\u00f5udu ja energiat<\/li>\n<li>On valu-, paistetuse-, p\u00f5letiku- ja stressivastase toimega<\/li>\n<li>Stimuleerib immuuns\u00fcsteemi<\/li>\n<li>Parandab heaolutunnet<\/li>\n<li>Aitab f\u00fc\u00fcsilise v\u00e4simuse korral<\/li>\n<\/ul>\n<p><strong>Ashwagandha<\/strong>, tuntud ka\u00a0<strong>Talvekirisi ja India \u017een\u0161eni nime all<\/strong><em>,\u00a0<\/em>on populaarne India taim, mida peetakse eluj\u00f5u allikaks.<\/p>\n<p><strong>Ashwagandha\u00a0 <\/strong>aitab luua igap\u00e4evaselt hea enesetunde v\u00f5ideldes \u00fclet\u00f6\u00f6tamisest tekkinud f\u00fc\u00fcsilise v\u00e4simuse ilmingutega &#8211; stressi, kurnatuse, n\u00e4rvilisuse ja uneh\u00e4iretega.<\/p>\n<p>Samuti Ashwagandha stimuleerib hemoglobiini tekkimis, p\u00e4rsib enneaegset hallinemist ja aitab kaasa seksuaalsusele, suurendades reproduktiivset v\u00f5imet.<\/p>\n","protected":false},"featured_media":84433,"comment_status":"closed","ping_status":"closed","template":"","meta":[],"product_brand":[],"product_cat":[2347,1329,2476,1454,532,536,1201],"product_tag":[2182,3165,1924],"giftcard-category":[],"class_list":{"0":"post-56424","1":"product","2":"type-product","3":"status-publish","4":"has-post-thumbnail","6":"product_cat-ashwagandha-en","7":"product_cat-ostrovit-en","8":"product_cat-sleep-enhancers-en","9":"product_cat-superfoods-health-foods-en","10":"product_cat-testosterone-boosters-en","11":"product_cat-vitamins-and-minerals-en","12":"product_cat-1201","13":"product_tag-ashwagandha-en","14":"product_tag-ashwagandha-pulber-en","15":"product_tag-ostrovit-en","16":"pa_toidulisand-branddd-ostrovit","17":"pa_tootegruppp-ashwagandha-en","18":"pa_tootegruppp-supertoit-tervisetoit-en","19":"pa_tootegruppp-testosterone-enhancers","20":"pa_tootegruppp-uni-en","21":"pa_tootegruppp-vegan-en","22":"pa_tootegruppp-vitamins-and-minerals","24":"first","25":"outofstock","26":"sale","27":"taxable","28":"shipping-taxable","29":"purchasable","30":"product-type-simple"},"yoast_head":"<!-- This site is optimized with the Yoast SEO plugin v27.3 - https:\/\/yoast.com\/product\/yoast-seo-wordpress\/ -->\n<title>Ashwagandha pulber (100g) - Ashwagandha - Kiire tarne - Parim hind<\/title>\n<meta name=\"description\" content=\"Ashwagandha pulber - stabiliseerib veresuhkrut; alandab kolesteroolitaset; suurendab keskendumisv\u00f5imet ja on hea une tekitaja.\" \/>\n<meta name=\"robots\" content=\"index, follow, max-snippet:-1, max-image-preview:large, max-video-preview:-1\" \/>\n<link rel=\"canonical\" href=\"https:\/\/fit360.ee\/en\/pood\/product-groups\/superfoods-health-foods-en\/ashwagandha-en\/ashwagandha-pulber-100g\/\" \/>\n<meta property=\"og:locale\" content=\"en_US\" \/>\n<meta property=\"og:type\" content=\"article\" \/>\n<meta property=\"og:title\" content=\"Ashwagandha pulber (100g) - Ashwagandha - Kiire tarne - Parim hind\" \/>\n<meta property=\"og:description\" content=\"Ashwagandha pulber - stabiliseerib veresuhkrut; alandab kolesteroolitaset; suurendab keskendumisv\u00f5imet ja on hea une tekitaja.\" \/>\n<meta property=\"og:url\" content=\"https:\/\/fit360.ee\/en\/pood\/product-groups\/superfoods-health-foods-en\/ashwagandha-en\/ashwagandha-pulber-100g\/\" \/>\n<meta property=\"og:site_name\" content=\"Fit360\" \/>\n<meta property=\"article:modified_time\" content=\"2026-04-09T12:27:25+00:00\" \/>\n<meta property=\"og:image\" content=\"https:\/\/fit360.ee\/wp-content\/uploads\/2021\/09\/Ashwagandha-pulber-fit360.ee-1.png\" \/>\n\t<meta property=\"og:image:width\" content=\"450\" \/>\n\t<meta property=\"og:image:height\" content=\"450\" \/>\n\t<meta property=\"og:image:type\" content=\"image\/png\" \/>\n<meta name=\"twitter:card\" content=\"summary_large_image\" \/>\n<meta name=\"twitter:label1\" content=\"Est. reading time\" \/>\n\t<meta name=\"twitter:data1\" content=\"1 minute\" \/>\n<script type=\"application\/ld+json\" class=\"yoast-schema-graph\">{\"@context\":\"https:\\\/\\\/schema.org\",\"@graph\":[{\"@type\":\"WebPage\",\"@id\":\"https:\\\/\\\/fit360.ee\\\/en\\\/pood\\\/product-groups\\\/superfoods-health-foods-en\\\/ashwagandha-en\\\/ashwagandha-pulber-100g\\\/\",\"url\":\"https:\\\/\\\/fit360.ee\\\/en\\\/pood\\\/product-groups\\\/superfoods-health-foods-en\\\/ashwagandha-en\\\/ashwagandha-pulber-100g\\\/\",\"name\":\"Ashwagandha pulber (100g) - Ashwagandha - Kiire tarne - Parim hind\",\"isPartOf\":{\"@id\":\"https:\\\/\\\/fit360.ee\\\/en\\\/#website\"},\"primaryImageOfPage\":{\"@id\":\"https:\\\/\\\/fit360.ee\\\/en\\\/pood\\\/product-groups\\\/superfoods-health-foods-en\\\/ashwagandha-en\\\/ashwagandha-pulber-100g\\\/#primaryimage\"},\"image\":{\"@id\":\"https:\\\/\\\/fit360.ee\\\/en\\\/pood\\\/product-groups\\\/superfoods-health-foods-en\\\/ashwagandha-en\\\/ashwagandha-pulber-100g\\\/#primaryimage\"},\"thumbnailUrl\":\"https:\\\/\\\/fit360.ee\\\/wp-content\\\/uploads\\\/2021\\\/09\\\/Ashwagandha-pulber-fit360.ee-1.png\",\"datePublished\":\"2021-09-26T13:47:37+00:00\",\"dateModified\":\"2026-04-09T12:27:25+00:00\",\"description\":\"Ashwagandha pulber - stabiliseerib veresuhkrut; alandab kolesteroolitaset; suurendab keskendumisv\u00f5imet ja on hea une tekitaja.\",\"breadcrumb\":{\"@id\":\"https:\\\/\\\/fit360.ee\\\/en\\\/pood\\\/product-groups\\\/superfoods-health-foods-en\\\/ashwagandha-en\\\/ashwagandha-pulber-100g\\\/#breadcrumb\"},\"inLanguage\":\"en-US\",\"potentialAction\":[{\"@type\":\"ReadAction\",\"target\":[\"https:\\\/\\\/fit360.ee\\\/en\\\/pood\\\/product-groups\\\/superfoods-health-foods-en\\\/ashwagandha-en\\\/ashwagandha-pulber-100g\\\/\"]}]},{\"@type\":\"ImageObject\",\"inLanguage\":\"en-US\",\"@id\":\"https:\\\/\\\/fit360.ee\\\/en\\\/pood\\\/product-groups\\\/superfoods-health-foods-en\\\/ashwagandha-en\\\/ashwagandha-pulber-100g\\\/#primaryimage\",\"url\":\"https:\\\/\\\/fit360.ee\\\/wp-content\\\/uploads\\\/2021\\\/09\\\/Ashwagandha-pulber-fit360.ee-1.png\",\"contentUrl\":\"https:\\\/\\\/fit360.ee\\\/wp-content\\\/uploads\\\/2021\\\/09\\\/Ashwagandha-pulber-fit360.ee-1.png\",\"width\":450,\"height\":450,\"caption\":\"Ashwagandha pulber - fit360.ee\"},{\"@type\":\"BreadcrumbList\",\"@id\":\"https:\\\/\\\/fit360.ee\\\/en\\\/pood\\\/product-groups\\\/superfoods-health-foods-en\\\/ashwagandha-en\\\/ashwagandha-pulber-100g\\\/#breadcrumb\",\"itemListElement\":[{\"@type\":\"ListItem\",\"position\":1,\"name\":\"Home\",\"item\":\"https:\\\/\\\/fit360.ee\\\/en\\\/\"},{\"@type\":\"ListItem\",\"position\":2,\"name\":\"Shop\",\"item\":\"https:\\\/\\\/fit360.ee\\\/en\\\/shop\\\/\"},{\"@type\":\"ListItem\",\"position\":3,\"name\":\"100% Ashwagandha Pulber (100g)\"}]},{\"@type\":\"WebSite\",\"@id\":\"https:\\\/\\\/fit360.ee\\\/en\\\/#website\",\"url\":\"https:\\\/\\\/fit360.ee\\\/en\\\/\",\"name\":\"Fit360\",\"description\":\"\",\"publisher\":{\"@id\":\"https:\\\/\\\/fit360.ee\\\/en\\\/#organization\"},\"potentialAction\":[{\"@type\":\"SearchAction\",\"target\":{\"@type\":\"EntryPoint\",\"urlTemplate\":\"https:\\\/\\\/fit360.ee\\\/en\\\/?s={search_term_string}\"},\"query-input\":{\"@type\":\"PropertyValueSpecification\",\"valueRequired\":true,\"valueName\":\"search_term_string\"}}],\"inLanguage\":\"en-US\"},{\"@type\":\"Organization\",\"@id\":\"https:\\\/\\\/fit360.ee\\\/en\\\/#organization\",\"name\":\"Fit360\",\"url\":\"https:\\\/\\\/fit360.ee\\\/en\\\/\",\"logo\":{\"@type\":\"ImageObject\",\"inLanguage\":\"en-US\",\"@id\":\"https:\\\/\\\/fit360.ee\\\/en\\\/#\\\/schema\\\/logo\\\/image\\\/\",\"url\":\"https:\\\/\\\/fit360.ee\\\/wp-content\\\/uploads\\\/2017\\\/01\\\/logo-fit360.png\",\"contentUrl\":\"https:\\\/\\\/fit360.ee\\\/wp-content\\\/uploads\\\/2017\\\/01\\\/logo-fit360.png\",\"width\":180,\"height\":66,\"caption\":\"Fit360\"},\"image\":{\"@id\":\"https:\\\/\\\/fit360.ee\\\/en\\\/#\\\/schema\\\/logo\\\/image\\\/\"}}]}<\/script>\n<!-- \/ Yoast SEO plugin. -->","yoast_head_json":{"title":"Ashwagandha pulber (100g) - Ashwagandha - Kiire tarne - Parim hind","description":"Ashwagandha pulber - stabiliseerib veresuhkrut; alandab kolesteroolitaset; suurendab keskendumisv\u00f5imet ja on hea une tekitaja.","robots":{"index":"index","follow":"follow","max-snippet":"max-snippet:-1","max-image-preview":"max-image-preview:large","max-video-preview":"max-video-preview:-1"},"canonical":"https:\/\/fit360.ee\/en\/pood\/product-groups\/superfoods-health-foods-en\/ashwagandha-en\/ashwagandha-pulber-100g\/","og_locale":"en_US","og_type":"article","og_title":"Ashwagandha pulber (100g) - Ashwagandha - Kiire tarne - Parim hind","og_description":"Ashwagandha pulber - stabiliseerib veresuhkrut; alandab kolesteroolitaset; suurendab keskendumisv\u00f5imet ja on hea une tekitaja.","og_url":"https:\/\/fit360.ee\/en\/pood\/product-groups\/superfoods-health-foods-en\/ashwagandha-en\/ashwagandha-pulber-100g\/","og_site_name":"Fit360","article_modified_time":"2026-04-09T12:27:25+00:00","og_image":[{"width":450,"height":450,"url":"https:\/\/fit360.ee\/wp-content\/uploads\/2021\/09\/Ashwagandha-pulber-fit360.ee-1.png","type":"image\/png"}],"twitter_card":"summary_large_image","twitter_misc":{"Est. reading time":"1 minute"},"schema":{"@context":"https:\/\/schema.org","@graph":[{"@type":"WebPage","@id":"https:\/\/fit360.ee\/en\/pood\/product-groups\/superfoods-health-foods-en\/ashwagandha-en\/ashwagandha-pulber-100g\/","url":"https:\/\/fit360.ee\/en\/pood\/product-groups\/superfoods-health-foods-en\/ashwagandha-en\/ashwagandha-pulber-100g\/","name":"Ashwagandha pulber (100g) - Ashwagandha - Kiire tarne - Parim hind","isPartOf":{"@id":"https:\/\/fit360.ee\/en\/#website"},"primaryImageOfPage":{"@id":"https:\/\/fit360.ee\/en\/pood\/product-groups\/superfoods-health-foods-en\/ashwagandha-en\/ashwagandha-pulber-100g\/#primaryimage"},"image":{"@id":"https:\/\/fit360.ee\/en\/pood\/product-groups\/superfoods-health-foods-en\/ashwagandha-en\/ashwagandha-pulber-100g\/#primaryimage"},"thumbnailUrl":"https:\/\/fit360.ee\/wp-content\/uploads\/2021\/09\/Ashwagandha-pulber-fit360.ee-1.png","datePublished":"2021-09-26T13:47:37+00:00","dateModified":"2026-04-09T12:27:25+00:00","description":"Ashwagandha pulber - stabiliseerib veresuhkrut; alandab kolesteroolitaset; suurendab keskendumisv\u00f5imet ja on hea une tekitaja.","breadcrumb":{"@id":"https:\/\/fit360.ee\/en\/pood\/product-groups\/superfoods-health-foods-en\/ashwagandha-en\/ashwagandha-pulber-100g\/#breadcrumb"},"inLanguage":"en-US","potentialAction":[{"@type":"ReadAction","target":["https:\/\/fit360.ee\/en\/pood\/product-groups\/superfoods-health-foods-en\/ashwagandha-en\/ashwagandha-pulber-100g\/"]}]},{"@type":"ImageObject","inLanguage":"en-US","@id":"https:\/\/fit360.ee\/en\/pood\/product-groups\/superfoods-health-foods-en\/ashwagandha-en\/ashwagandha-pulber-100g\/#primaryimage","url":"https:\/\/fit360.ee\/wp-content\/uploads\/2021\/09\/Ashwagandha-pulber-fit360.ee-1.png","contentUrl":"https:\/\/fit360.ee\/wp-content\/uploads\/2021\/09\/Ashwagandha-pulber-fit360.ee-1.png","width":450,"height":450,"caption":"Ashwagandha pulber - fit360.ee"},{"@type":"BreadcrumbList","@id":"https:\/\/fit360.ee\/en\/pood\/product-groups\/superfoods-health-foods-en\/ashwagandha-en\/ashwagandha-pulber-100g\/#breadcrumb","itemListElement":[{"@type":"ListItem","position":1,"name":"Home","item":"https:\/\/fit360.ee\/en\/"},{"@type":"ListItem","position":2,"name":"Shop","item":"https:\/\/fit360.ee\/en\/shop\/"},{"@type":"ListItem","position":3,"name":"100% Ashwagandha Pulber (100g)"}]},{"@type":"WebSite","@id":"https:\/\/fit360.ee\/en\/#website","url":"https:\/\/fit360.ee\/en\/","name":"Fit360","description":"","publisher":{"@id":"https:\/\/fit360.ee\/en\/#organization"},"potentialAction":[{"@type":"SearchAction","target":{"@type":"EntryPoint","urlTemplate":"https:\/\/fit360.ee\/en\/?s={search_term_string}"},"query-input":{"@type":"PropertyValueSpecification","valueRequired":true,"valueName":"search_term_string"}}],"inLanguage":"en-US"},{"@type":"Organization","@id":"https:\/\/fit360.ee\/en\/#organization","name":"Fit360","url":"https:\/\/fit360.ee\/en\/","logo":{"@type":"ImageObject","inLanguage":"en-US","@id":"https:\/\/fit360.ee\/en\/#\/schema\/logo\/image\/","url":"https:\/\/fit360.ee\/wp-content\/uploads\/2017\/01\/logo-fit360.png","contentUrl":"https:\/\/fit360.ee\/wp-content\/uploads\/2017\/01\/logo-fit360.png","width":180,"height":66,"caption":"Fit360"},"image":{"@id":"https:\/\/fit360.ee\/en\/#\/schema\/logo\/image\/"}}]}},"_links":{"self":[{"href":"https:\/\/fit360.ee\/en\/wp-json\/wp\/v2\/product\/56424","targetHints":{"allow":["GET"]}}],"collection":[{"href":"https:\/\/fit360.ee\/en\/wp-json\/wp\/v2\/product"}],"about":[{"href":"https:\/\/fit360.ee\/en\/wp-json\/wp\/v2\/types\/product"}],"replies":[{"embeddable":true,"href":"https:\/\/fit360.ee\/en\/wp-json\/wp\/v2\/comments?post=56424"}],"wp:featuredmedia":[{"embeddable":true,"href":"https:\/\/fit360.ee\/en\/wp-json\/wp\/v2\/media\/84433"}],"wp:attachment":[{"href":"https:\/\/fit360.ee\/en\/wp-json\/wp\/v2\/media?parent=56424"}],"wp:term":[{"taxonomy":"product_brand","embeddable":true,"href":"https:\/\/fit360.ee\/en\/wp-json\/wp\/v2\/product_brand?post=56424"},{"taxonomy":"product_cat","embeddable":true,"href":"https:\/\/fit360.ee\/en\/wp-json\/wp\/v2\/product_cat?post=56424"},{"taxonomy":"product_tag","embeddable":true,"href":"https:\/\/fit360.ee\/en\/wp-json\/wp\/v2\/product_tag?post=56424"},{"taxonomy":"giftcard-category","embeddable":true,"href":"https:\/\/fit360.ee\/en\/wp-json\/wp\/v2\/giftcard-category?post=56424"}],"curies":[{"name":"wp","href":"https:\/\/api.w.org\/{rel}","templated":true}]}}