{"id":56435,"date":"2021-09-26T16:14:25","date_gmt":"2021-09-26T14:14:25","guid":{"rendered":"https:\/\/fit360.ee\/?post_type=product&#038;p=56435"},"modified":"2025-08-20T13:43:21","modified_gmt":"2025-08-20T11:43:21","slug":"micellar-casein-700g","status":"publish","type":"product","link":"https:\/\/fit360.ee\/en\/pood\/product-groups\/protein-poweders-en\/casein-protein-en\/micellar-casein-700g\/","title":{"rendered":"Micellar Casein (700g)"},"content":{"rendered":"<h1>MICELLAR CASEIN<\/h1>\n<p>Micellar Casein ehk kaseiini valk on ideaalne valik, kui soovid pikema aja jooksul pidevat toiteainete vabastumist ehk toode annab pikema ajalise t\u00e4isk\u00f5hutunde.<\/p>\n<p><strong>OstroVit\u00a0Micellar Casein<\/strong>\u00a0on toidulisand, mis on\u00a0<strong>k\u00f5rgeima kvaliteediga mitsellaarse kaseiini<\/strong>\u00a0allikas.<br \/>\nSee on k\u00f5ige t\u00f5husam\u00a0<strong>kaseiini<\/strong>\u00a0vorm, mis toob parimaid tulemusi. Seda iseloomustab\u00a0<strong>v\u00e4ga aeglane imendumisaeg<\/strong>, t\u00e4nu millele annab see lihaskoesse mitme tunni jooksul ehitusmaterjale.\u00a0<strong>Kaseiin<\/strong>\u00a0l\u00e4bib maos h\u00fc\u00fcbimisprotsessi, mis aeglustab selle seedimist ja pikendab imendumisaega.<\/p>\n<p><strong>Kaseiini valk<\/strong>\u00a0on soovitatav k\u00f5igile sportlastele, hoolimata spordialast.<\/p>\n<ul>\n<li>See sobib ka inimestele, kellel on suurenenud valgu vajadus.<\/li>\n<li>See on suurep\u00e4rane tugi lihasmassi kasvatamise perioodil ja salendavate dieetide ajal.<\/li>\n<li>See toimib suurep\u00e4raselt valgu toidulisandina, mida tarbitakse enne magamaminekut.<\/li>\n<\/ul>\n<p><strong>Kaseiin<\/strong>\u00a0on \u00fcks olulisemaid imetajate piimas leiduvaid valke. See moodustab umbes 80% k\u00f5igist piimas sisalduvatest valkudest. Teised valgud, nagu \u03b2-laktoglobuliin ja \u03b1-lakto-albumiin, kuuluvad v\u00e4hemusse, kuid on samuti tehnoloogiliselt olulised nagu \u00fclalnimetatud\u00a0<strong>kaseiin<\/strong>.<\/p>\n<p><strong>OstroVit\u00a0Micellar Casein\u00a0<\/strong>omadused:<\/p>\n<ul>\n<li>Kvaliteetseima kaseiinivalgu allikas<\/li>\n<li>V\u00e4ga madal rasva- ja s\u00fcsivesikusisaldus<\/li>\n<li>T\u00f5hus lihaste regenereerimine<\/li>\n<li>Tugev antikataboolne ja anaboolne toime<\/li>\n<li>Suurep\u00e4rane lisand enne magamaminekut<\/li>\n<li>Pikenenud imendumisaeg tagab aminohapete pikaajalise m\u00f5ju lihastele<\/li>\n<li>Toetab puhta lihasmassi loomist<\/li>\n<li>H\u00f5lbustab salenemist<\/li>\n<\/ul>\n<p><strong>Koostisosad<\/strong>: Piimavalk, kakao, emulgaator: letsitiinid; aroom, looduslik \u0161okolaadiaroom, sool, magusained: sukraloos, atsesulfaam K.Toode sisaldab magusaineid.<\/p>\n<p><strong>Kasutamine<\/strong>: Lisage 30g (3 kulbit\u00e4it) 200 ml l\u00f5ssi v\u00f5i vett. Tarbige 1-2 korda p\u00e4evas s\u00f5ltuvalt teie vajadustest. Ei sobi inimestele, kellel on neeru haigused. M\u00f5\u00f5telusikas on pakendis olemas. Hoiustada kuivas ja jahedas kohas, eemal otsesest valgusest<strong>.<\/strong><\/p>\n<p><strong>Pakendi suurus<\/strong>: 700g &#8211; 23 serveeringut<\/p>\n<table>\n<tbody>\n<tr>\n<th>Toitev\u00e4\u00e4rtused<\/th>\n<th>100 g<\/th>\n<th>1 serveering &#8211; 30g<\/th>\n<th>% SPK*<\/th>\n<th>2 serveeringut &#8211; 60g<\/th>\n<th>% SPK*<\/th>\n<\/tr>\n<tr>\n<td>Energia<\/td>\n<td>1446 kJ\/340 kcal<\/td>\n<td>434 kJ\/102 kcal<\/td>\n<td>5<\/td>\n<td>868 kJ\/204 kcal<\/td>\n<td>10<\/td>\n<\/tr>\n<tr>\n<td>Rasvad<\/td>\n<td>0.9 g<\/td>\n<td>0.3 g<\/td>\n<td>&#8211;<\/td>\n<td>0.6 g<\/td>\n<td>1<\/td>\n<\/tr>\n<tr class=\"sub\">\n<td>&#8211; millest k\u00fcllastunud rasvapped<\/td>\n<td>0.7 g<\/td>\n<td>0.2 g<\/td>\n<td>1<\/td>\n<td>0.4 g<\/td>\n<td>2<\/td>\n<\/tr>\n<tr>\n<td>S\u00fcsivesikud<\/td>\n<td>8.0 g<\/td>\n<td>2.4 g<\/td>\n<td>1<\/td>\n<td>4.8 g<\/td>\n<td>2<\/td>\n<\/tr>\n<tr class=\"sub\">\n<td>&#8211; millest suhkur<\/td>\n<td>8.0 g<\/td>\n<td>2.4 g<\/td>\n<td>3<\/td>\n<td>4.8 g<\/td>\n<td>5<\/td>\n<\/tr>\n<tr>\n<td><strong>Valgud<\/strong><\/td>\n<td>75 g<\/td>\n<td>23 g<\/td>\n<td>45<\/td>\n<td>45 g<\/td>\n<td>90<\/td>\n<\/tr>\n<tr>\n<td>Sool<\/td>\n<td>0.62 g<\/td>\n<td>0.19 g<\/td>\n<td>3<\/td>\n<td>0.37 g<\/td>\n<td>6<\/td>\n<\/tr>\n<\/tbody>\n<\/table>\n<p>*SPK- Soovitatud p\u00e4evane kogus<\/p>\n<p>Vaata ka meie teisi Valke <a href=\"https:\/\/fit360.ee\/en\/product-category\/product-groups\/protein-poweders-en\/\"><strong>SIIT<\/strong><\/a> v\u00f5i Kaseiini Valke <a href=\"https:\/\/fit360.ee\/en\/product-category\/product-groups\/protein-poweders-en\/casein-protein-en\/\"><strong>SIIT<\/strong><\/a>!<\/p>\n<p>Soovid kaupa osta suuremas koguses? Vaata antud toodet ka meie HULGI poest <a href=\"https:\/\/toidulisandidhulgi.ee\/product\/micellar-casein-700g\/\"><strong>SIIT<\/strong><\/a>!<\/p>\n","protected":false},"excerpt":{"rendered":"<p><strong>Micellar Casein\u00a0<\/strong>omadused:<\/p>\n<ul>\n<li>Kvaliteetseima kaseiinivalgu allikas<\/li>\n<li>V\u00e4ga madal rasva- ja s\u00fcsivesikusisaldus<\/li>\n<li>T\u00f5hus lihaste regenereerimine<\/li>\n<li>Tugev antikataboolne ja anaboolne toime<\/li>\n<li>Suurep\u00e4rane lisand enne magamaminekut<\/li>\n<li>Pikenenud imendumisaeg tagab aminohapete pikaajalise m\u00f5ju lihastele<\/li>\n<li>Toetab puhta lihasmassi loomist<\/li>\n<li>H\u00f5lbustab salenemist<\/li>\n<\/ul>\n","protected":false},"featured_media":84435,"comment_status":"open","ping_status":"closed","template":"","meta":[],"product_brand":[],"product_cat":[2432,1329,535,531],"product_tag":[3167,3168,3169,3170,1924],"giftcard-category":[],"class_list":{"0":"post-56435","1":"product","2":"type-product","3":"status-publish","4":"has-post-thumbnail","6":"product_cat-casein-protein-en","7":"product_cat-ostrovit-en","8":"product_cat-protein-poweders-en","9":"product_cat-recovery-post-workout-en","10":"product_tag-kaseiin-en","11":"product_tag-kaseiini-valk-en","12":"product_tag-micellar-casein-en","13":"product_tag-oovalk-en","14":"product_tag-ostrovit-en","15":"pa_maitse-chocolate","16":"pa_maitse-cookies-cream-en","17":"pa_maitse-natural","18":"pa_maitse-strawberry","19":"pa_maitse-vanilli","21":"first","22":"outofstock","23":"sale","24":"taxable","25":"shipping-taxable","26":"purchasable","27":"product-type-variable"},"yoast_head":"<!-- This site is optimized with the Yoast SEO plugin v27.3 - https:\/\/yoast.com\/product\/yoast-seo-wordpress\/ -->\n<title>Micellar Casein (700g) - Kaseiini valk - \u00d6\u00f6valk - Kiire Tarne - Fit360<\/title>\n<meta name=\"description\" content=\"Micellar Casein on parim aeglaselt imenduv valguallikas. Suurep\u00e4rane taastumine treeningust. Head maitsed. Kiire kauba transport: 1-3 p\u00e4eva\" \/>\n<meta name=\"robots\" content=\"index, follow, max-snippet:-1, max-image-preview:large, max-video-preview:-1\" \/>\n<link rel=\"canonical\" href=\"https:\/\/fit360.ee\/en\/pood\/product-groups\/protein-poweders-en\/casein-protein-en\/micellar-casein-700g\/\" \/>\n<meta property=\"og:locale\" content=\"en_US\" \/>\n<meta property=\"og:type\" content=\"article\" \/>\n<meta property=\"og:title\" content=\"Micellar Casein (700g) - Kaseiini valk - \u00d6\u00f6valk - Kiire Tarne - Fit360\" \/>\n<meta property=\"og:description\" content=\"Micellar Casein on parim aeglaselt imenduv valguallikas. Suurep\u00e4rane taastumine treeningust. Head maitsed. Kiire kauba transport: 1-3 p\u00e4eva\" \/>\n<meta property=\"og:url\" content=\"https:\/\/fit360.ee\/en\/pood\/product-groups\/protein-poweders-en\/casein-protein-en\/micellar-casein-700g\/\" \/>\n<meta property=\"og:site_name\" content=\"Fit360\" \/>\n<meta property=\"article:modified_time\" content=\"2025-08-20T11:43:21+00:00\" \/>\n<meta property=\"og:image\" content=\"https:\/\/fit360.ee\/wp-content\/uploads\/2021\/09\/Micellar-Casein-ostrovit-fit360.ee-1.png\" \/>\n\t<meta property=\"og:image:width\" content=\"450\" \/>\n\t<meta property=\"og:image:height\" content=\"450\" \/>\n\t<meta property=\"og:image:type\" content=\"image\/png\" \/>\n<meta name=\"twitter:card\" content=\"summary_large_image\" \/>\n<meta name=\"twitter:label1\" content=\"Est. reading time\" \/>\n\t<meta name=\"twitter:data1\" content=\"3 minutes\" \/>\n<script type=\"application\/ld+json\" class=\"yoast-schema-graph\">{\"@context\":\"https:\\\/\\\/schema.org\",\"@graph\":[{\"@type\":\"WebPage\",\"@id\":\"https:\\\/\\\/fit360.ee\\\/en\\\/pood\\\/product-groups\\\/protein-poweders-en\\\/casein-protein-en\\\/micellar-casein-700g\\\/\",\"url\":\"https:\\\/\\\/fit360.ee\\\/en\\\/pood\\\/product-groups\\\/protein-poweders-en\\\/casein-protein-en\\\/micellar-casein-700g\\\/\",\"name\":\"Micellar Casein (700g) - Kaseiini valk - \u00d6\u00f6valk - Kiire Tarne - Fit360\",\"isPartOf\":{\"@id\":\"https:\\\/\\\/fit360.ee\\\/en\\\/#website\"},\"primaryImageOfPage\":{\"@id\":\"https:\\\/\\\/fit360.ee\\\/en\\\/pood\\\/product-groups\\\/protein-poweders-en\\\/casein-protein-en\\\/micellar-casein-700g\\\/#primaryimage\"},\"image\":{\"@id\":\"https:\\\/\\\/fit360.ee\\\/en\\\/pood\\\/product-groups\\\/protein-poweders-en\\\/casein-protein-en\\\/micellar-casein-700g\\\/#primaryimage\"},\"thumbnailUrl\":\"https:\\\/\\\/fit360.ee\\\/wp-content\\\/uploads\\\/2021\\\/09\\\/Micellar-Casein-ostrovit-fit360.ee-1.png\",\"datePublished\":\"2021-09-26T14:14:25+00:00\",\"dateModified\":\"2025-08-20T11:43:21+00:00\",\"description\":\"Micellar Casein on parim aeglaselt imenduv valguallikas. Suurep\u00e4rane taastumine treeningust. Head maitsed. Kiire kauba transport: 1-3 p\u00e4eva\",\"breadcrumb\":{\"@id\":\"https:\\\/\\\/fit360.ee\\\/en\\\/pood\\\/product-groups\\\/protein-poweders-en\\\/casein-protein-en\\\/micellar-casein-700g\\\/#breadcrumb\"},\"inLanguage\":\"en-US\",\"potentialAction\":[{\"@type\":\"ReadAction\",\"target\":[\"https:\\\/\\\/fit360.ee\\\/en\\\/pood\\\/product-groups\\\/protein-poweders-en\\\/casein-protein-en\\\/micellar-casein-700g\\\/\"]}]},{\"@type\":\"ImageObject\",\"inLanguage\":\"en-US\",\"@id\":\"https:\\\/\\\/fit360.ee\\\/en\\\/pood\\\/product-groups\\\/protein-poweders-en\\\/casein-protein-en\\\/micellar-casein-700g\\\/#primaryimage\",\"url\":\"https:\\\/\\\/fit360.ee\\\/wp-content\\\/uploads\\\/2021\\\/09\\\/Micellar-Casein-ostrovit-fit360.ee-1.png\",\"contentUrl\":\"https:\\\/\\\/fit360.ee\\\/wp-content\\\/uploads\\\/2021\\\/09\\\/Micellar-Casein-ostrovit-fit360.ee-1.png\",\"width\":450,\"height\":450,\"caption\":\"Micellar Casein ostrovit - fit360.ee\"},{\"@type\":\"BreadcrumbList\",\"@id\":\"https:\\\/\\\/fit360.ee\\\/en\\\/pood\\\/product-groups\\\/protein-poweders-en\\\/casein-protein-en\\\/micellar-casein-700g\\\/#breadcrumb\",\"itemListElement\":[{\"@type\":\"ListItem\",\"position\":1,\"name\":\"Home\",\"item\":\"https:\\\/\\\/fit360.ee\\\/en\\\/\"},{\"@type\":\"ListItem\",\"position\":2,\"name\":\"Shop\",\"item\":\"https:\\\/\\\/fit360.ee\\\/en\\\/shop\\\/\"},{\"@type\":\"ListItem\",\"position\":3,\"name\":\"Micellar Casein (700g)\"}]},{\"@type\":\"WebSite\",\"@id\":\"https:\\\/\\\/fit360.ee\\\/en\\\/#website\",\"url\":\"https:\\\/\\\/fit360.ee\\\/en\\\/\",\"name\":\"Fit360\",\"description\":\"\",\"publisher\":{\"@id\":\"https:\\\/\\\/fit360.ee\\\/en\\\/#organization\"},\"potentialAction\":[{\"@type\":\"SearchAction\",\"target\":{\"@type\":\"EntryPoint\",\"urlTemplate\":\"https:\\\/\\\/fit360.ee\\\/en\\\/?s={search_term_string}\"},\"query-input\":{\"@type\":\"PropertyValueSpecification\",\"valueRequired\":true,\"valueName\":\"search_term_string\"}}],\"inLanguage\":\"en-US\"},{\"@type\":\"Organization\",\"@id\":\"https:\\\/\\\/fit360.ee\\\/en\\\/#organization\",\"name\":\"Fit360\",\"url\":\"https:\\\/\\\/fit360.ee\\\/en\\\/\",\"logo\":{\"@type\":\"ImageObject\",\"inLanguage\":\"en-US\",\"@id\":\"https:\\\/\\\/fit360.ee\\\/en\\\/#\\\/schema\\\/logo\\\/image\\\/\",\"url\":\"https:\\\/\\\/fit360.ee\\\/wp-content\\\/uploads\\\/2017\\\/01\\\/logo-fit360.png\",\"contentUrl\":\"https:\\\/\\\/fit360.ee\\\/wp-content\\\/uploads\\\/2017\\\/01\\\/logo-fit360.png\",\"width\":180,\"height\":66,\"caption\":\"Fit360\"},\"image\":{\"@id\":\"https:\\\/\\\/fit360.ee\\\/en\\\/#\\\/schema\\\/logo\\\/image\\\/\"}}]}<\/script>\n<!-- \/ Yoast SEO plugin. -->","yoast_head_json":{"title":"Micellar Casein (700g) - Kaseiini valk - \u00d6\u00f6valk - Kiire Tarne - Fit360","description":"Micellar Casein on parim aeglaselt imenduv valguallikas. Suurep\u00e4rane taastumine treeningust. Head maitsed. Kiire kauba transport: 1-3 p\u00e4eva","robots":{"index":"index","follow":"follow","max-snippet":"max-snippet:-1","max-image-preview":"max-image-preview:large","max-video-preview":"max-video-preview:-1"},"canonical":"https:\/\/fit360.ee\/en\/pood\/product-groups\/protein-poweders-en\/casein-protein-en\/micellar-casein-700g\/","og_locale":"en_US","og_type":"article","og_title":"Micellar Casein (700g) - Kaseiini valk - \u00d6\u00f6valk - Kiire Tarne - Fit360","og_description":"Micellar Casein on parim aeglaselt imenduv valguallikas. Suurep\u00e4rane taastumine treeningust. Head maitsed. Kiire kauba transport: 1-3 p\u00e4eva","og_url":"https:\/\/fit360.ee\/en\/pood\/product-groups\/protein-poweders-en\/casein-protein-en\/micellar-casein-700g\/","og_site_name":"Fit360","article_modified_time":"2025-08-20T11:43:21+00:00","og_image":[{"width":450,"height":450,"url":"https:\/\/fit360.ee\/wp-content\/uploads\/2021\/09\/Micellar-Casein-ostrovit-fit360.ee-1.png","type":"image\/png"}],"twitter_card":"summary_large_image","twitter_misc":{"Est. reading time":"3 minutes"},"schema":{"@context":"https:\/\/schema.org","@graph":[{"@type":"WebPage","@id":"https:\/\/fit360.ee\/en\/pood\/product-groups\/protein-poweders-en\/casein-protein-en\/micellar-casein-700g\/","url":"https:\/\/fit360.ee\/en\/pood\/product-groups\/protein-poweders-en\/casein-protein-en\/micellar-casein-700g\/","name":"Micellar Casein (700g) - Kaseiini valk - \u00d6\u00f6valk - Kiire Tarne - Fit360","isPartOf":{"@id":"https:\/\/fit360.ee\/en\/#website"},"primaryImageOfPage":{"@id":"https:\/\/fit360.ee\/en\/pood\/product-groups\/protein-poweders-en\/casein-protein-en\/micellar-casein-700g\/#primaryimage"},"image":{"@id":"https:\/\/fit360.ee\/en\/pood\/product-groups\/protein-poweders-en\/casein-protein-en\/micellar-casein-700g\/#primaryimage"},"thumbnailUrl":"https:\/\/fit360.ee\/wp-content\/uploads\/2021\/09\/Micellar-Casein-ostrovit-fit360.ee-1.png","datePublished":"2021-09-26T14:14:25+00:00","dateModified":"2025-08-20T11:43:21+00:00","description":"Micellar Casein on parim aeglaselt imenduv valguallikas. Suurep\u00e4rane taastumine treeningust. Head maitsed. Kiire kauba transport: 1-3 p\u00e4eva","breadcrumb":{"@id":"https:\/\/fit360.ee\/en\/pood\/product-groups\/protein-poweders-en\/casein-protein-en\/micellar-casein-700g\/#breadcrumb"},"inLanguage":"en-US","potentialAction":[{"@type":"ReadAction","target":["https:\/\/fit360.ee\/en\/pood\/product-groups\/protein-poweders-en\/casein-protein-en\/micellar-casein-700g\/"]}]},{"@type":"ImageObject","inLanguage":"en-US","@id":"https:\/\/fit360.ee\/en\/pood\/product-groups\/protein-poweders-en\/casein-protein-en\/micellar-casein-700g\/#primaryimage","url":"https:\/\/fit360.ee\/wp-content\/uploads\/2021\/09\/Micellar-Casein-ostrovit-fit360.ee-1.png","contentUrl":"https:\/\/fit360.ee\/wp-content\/uploads\/2021\/09\/Micellar-Casein-ostrovit-fit360.ee-1.png","width":450,"height":450,"caption":"Micellar Casein ostrovit - fit360.ee"},{"@type":"BreadcrumbList","@id":"https:\/\/fit360.ee\/en\/pood\/product-groups\/protein-poweders-en\/casein-protein-en\/micellar-casein-700g\/#breadcrumb","itemListElement":[{"@type":"ListItem","position":1,"name":"Home","item":"https:\/\/fit360.ee\/en\/"},{"@type":"ListItem","position":2,"name":"Shop","item":"https:\/\/fit360.ee\/en\/shop\/"},{"@type":"ListItem","position":3,"name":"Micellar Casein (700g)"}]},{"@type":"WebSite","@id":"https:\/\/fit360.ee\/en\/#website","url":"https:\/\/fit360.ee\/en\/","name":"Fit360","description":"","publisher":{"@id":"https:\/\/fit360.ee\/en\/#organization"},"potentialAction":[{"@type":"SearchAction","target":{"@type":"EntryPoint","urlTemplate":"https:\/\/fit360.ee\/en\/?s={search_term_string}"},"query-input":{"@type":"PropertyValueSpecification","valueRequired":true,"valueName":"search_term_string"}}],"inLanguage":"en-US"},{"@type":"Organization","@id":"https:\/\/fit360.ee\/en\/#organization","name":"Fit360","url":"https:\/\/fit360.ee\/en\/","logo":{"@type":"ImageObject","inLanguage":"en-US","@id":"https:\/\/fit360.ee\/en\/#\/schema\/logo\/image\/","url":"https:\/\/fit360.ee\/wp-content\/uploads\/2017\/01\/logo-fit360.png","contentUrl":"https:\/\/fit360.ee\/wp-content\/uploads\/2017\/01\/logo-fit360.png","width":180,"height":66,"caption":"Fit360"},"image":{"@id":"https:\/\/fit360.ee\/en\/#\/schema\/logo\/image\/"}}]}},"_links":{"self":[{"href":"https:\/\/fit360.ee\/en\/wp-json\/wp\/v2\/product\/56435","targetHints":{"allow":["GET"]}}],"collection":[{"href":"https:\/\/fit360.ee\/en\/wp-json\/wp\/v2\/product"}],"about":[{"href":"https:\/\/fit360.ee\/en\/wp-json\/wp\/v2\/types\/product"}],"replies":[{"embeddable":true,"href":"https:\/\/fit360.ee\/en\/wp-json\/wp\/v2\/comments?post=56435"}],"wp:featuredmedia":[{"embeddable":true,"href":"https:\/\/fit360.ee\/en\/wp-json\/wp\/v2\/media\/84435"}],"wp:attachment":[{"href":"https:\/\/fit360.ee\/en\/wp-json\/wp\/v2\/media?parent=56435"}],"wp:term":[{"taxonomy":"product_brand","embeddable":true,"href":"https:\/\/fit360.ee\/en\/wp-json\/wp\/v2\/product_brand?post=56435"},{"taxonomy":"product_cat","embeddable":true,"href":"https:\/\/fit360.ee\/en\/wp-json\/wp\/v2\/product_cat?post=56435"},{"taxonomy":"product_tag","embeddable":true,"href":"https:\/\/fit360.ee\/en\/wp-json\/wp\/v2\/product_tag?post=56435"},{"taxonomy":"giftcard-category","embeddable":true,"href":"https:\/\/fit360.ee\/en\/wp-json\/wp\/v2\/giftcard-category?post=56435"}],"curies":[{"name":"wp","href":"https:\/\/api.w.org\/{rel}","templated":true}]}}