{"id":56452,"date":"2021-09-26T17:16:15","date_gmt":"2021-09-26T15:16:15","guid":{"rendered":"https:\/\/fit360.ee\/pood\/uncategorized\/garcinia-cambogia-90-vcaps\/"},"modified":"2026-04-11T11:57:38","modified_gmt":"2026-04-11T09:57:38","slug":"garcinia-cambogia-90-vcaps","status":"publish","type":"product","link":"https:\/\/fit360.ee\/en\/pood\/product-groups\/%d0%b2%d0%b5%d0%b3%d0%b0%d0%bd\/vegan-capsules-en\/garcinia-cambogia-90-vcaps\/","title":{"rendered":"Garcinia Cambogia (90 vCaps)"},"content":{"rendered":"<h1><strong>Garcinia Cambogia<\/strong><\/h1>\n<p>Ostrovit Garcinia Cambogia on 90\u00a0 Vegan kapsli komplekt, mis sisaldab k\u00f5rge HCl-h\u00fcdroks\u00fctsidrunhappesisaldusega malabari tamarindi puuviljaekstrakti. Garcinia Cambogia vilju peetakse v\u00e4ga t\u00f5husaks ja ennek\u00f5ike t\u00e4ielikult looduslikuks tooteks, mis toetab rasvap\u00f5letust. Nad mitte ainult ei p\u00e4rsi s\u00f6\u00f6giisu, vaid suurendavad ka rasvap\u00f5letust ja leevendavad seedeprobleeme. Kas soovite oma ainevahetust toetada? V\u00f5i ehk s\u00f6\u00f6te alatihti suurtes kogustes ja Teil on raske saavutada t\u00e4isk\u00f5hu tunnet? Proovige loodusliku lisandit ja tunnetage erinevust!<\/p>\n<h4><strong>Mis on OstroVit Garcinia Cambogia toidulisand?<\/strong><\/h4>\n<p>Indoneesiast p\u00e4rit Garcinia cambogia on eksootiline taim, mis meenutab pisikesi kollaseid k\u00f5rvitsaid. Selle meditsiinilisi omadusi on India meditsiinis kasutatud juba iidsetest aegadest. Malabari tamarind demonstreerib salenemist, t\u00e4nu millele muutub puuviljaekstrakt ka Euroopas \u00fcha populaarsemaks. Garcinia cambogia koostisesse kuuluv HCA h\u00fcdroks\u00fctsidrunhape soodustab rasvap\u00f5letust, p\u00e4rsib s\u00f6\u00f6giisu ja reguleerib kolesterooli sisaldust veres.<\/p>\n<p><strong>Toode on m\u00f5eldud Teile, kui:<\/strong><\/p>\n<ul>\n<li>Tunnete sageli n\u00e4lga<\/li>\n<li>S\u00f6\u00f6te toitu liiga suurtes kogustes<\/li>\n<li>ei suuda s\u00f6\u00f6dava toidu hulka kontrollida<\/li>\n<li>Soovite rasva kaotada<\/li>\n<li>Teil on k\u00f5rge &#8220;halva&#8221; kolesterooli tase<\/li>\n<\/ul>\n<h4><strong>Peamised omadused<\/strong>:<\/h4>\n<p><strong>RASVAP\u00d5LETUS<\/strong> &#8211;\u00a0 suurendab k\u00fcllastustunnet ja p\u00e4rsib s\u00f6\u00f6giisu. Samuti toetab see ainevahetust. See suudab leevendada seedeprobleeme ja edukalt neutraliseerida rasvkoe kuhjumist.<br \/>\n<strong>HCA K\u00d5RGE SISALDUS<\/strong> &#8211; iga kapsel sisaldab kuni 60% h\u00fcdroks\u00fctsidrunhapet. Selle peamine \u00fclesanne on kiirendada rasvhapete transportimist mitokondritesse, mis tegelikult viib s\u00f6\u00f6giisu v\u00e4henemiseni.<br \/>\n<strong>LOODUSLIK KOOSTIS<\/strong> &#8211; Malabari tamarindi ekstraktiga kapslid on m\u00f5eldud k\u00f5igile neile, kes soovivad s\u00f6\u00f6giisu maha suruda. T\u00e4nu sellele, et toidulisand sisaldab vegan kapslis sisalduvaid looduslikke toimeaineid, toimib see suurep\u00e4raselt inimestel, kes liha ei s\u00f6\u00f6.<br \/>\n<strong>MUGAV VORM<\/strong> &#8211; Toidulisand on saadaval kapslite kujul. Toode peab koos toimima suure hulga veega, mille kapselkate muutub libedaks ja kergesti neelatavaks. Toidulisandi p\u00e4evane annus on \u00fcks kapsel.<\/p>\n<p><strong>Koostisosad<\/strong>: Malabar tamarind GarciniaCambogia puuviljaekstrakt (<em>GarciniaCambogia<\/em> DESR.), Mis on standarditud 60% h\u00fcdroks\u00fcsidrunhappe (HCA) kattekihiga (t\u00e4iteaine: h\u00fcdroks\u00fcprop\u00fc\u00fclmet\u00fc\u00fcltselluloos).<\/p>\n<p><strong>Kasutamine<\/strong>: 1 portsjon (1 kapsel) p\u00e4evas. Toode on m\u00f5eldud t\u00e4iskasvanutele.<\/p>\n<p><strong>Suurus<\/strong>: 90 <a href=\"https:\/\/fit360.ee\/en\/product-category\/product-groups\/%d0%b2%d0%b5%d0%b3%d0%b0%d0%bd\/vegan-capsules-en\/\"><strong>vCaps &#8211; Vegan Kapslit<\/strong><\/a><\/p>\n<section class=\"projector__description--nutritional row\" data-selector=\".--nutritional\">\n<div class=\"col-12 col-md-10 col-lg-8\">\n<div class=\"--nutrit\">\n<div class=\"nutrition_table_wrapper\">\n<div class=\"table_wrapper\">\n<table>\n<tbody>\n<tr>\n<th>Aktiivsed toimeained<\/th>\n<th>1 kapsel<\/th>\n<\/tr>\n<tr>\n<td>Malabari tamarindi puuviljaekstrakt<\/td>\n<td>500 mg<\/td>\n<\/tr>\n<tr class=\"sub\">\n<td>&#8211; millest h\u00fcdroks\u00fcsidrunhape (HCA) 60%<\/td>\n<td>300 mg<\/td>\n<\/tr>\n<\/tbody>\n<\/table>\n<\/div>\n<\/div>\n<\/div>\n<\/div>\n<\/section>\n<section class=\"projector__comments comments row\" data-selector=\".--comments\">\n<div class=\"--label col-12\"><\/div>\n<\/section>\n<p>Vaata ka meie Teisi Rasvap\u00f5letajaid <a href=\"https:\/\/fit360.ee\/en\/product-category\/product-groups\/fat-burners-en\/\"><strong>SIIT<\/strong><\/a> v\u00f5i Supertoite <a href=\"https:\/\/fit360.ee\/en\/product-category\/product-groups\/superfoods-health-foods-en\/\"><strong>SIIT<\/strong><\/a>!<\/p>\n<p>Soovid teha suuremat tellimust? Vaata antud toodet meie HULGI lehelt\u00a0<a href=\"https:\/\/toidulisandidhulgi.ee\/product\/garcinia-cambogia-90-vcaps\/\"><strong>SIIT<\/strong><\/a>!<\/p>\n","protected":false},"excerpt":{"rendered":"<h4><strong>Garcinia Cambogia on m\u00f5eldud Teile, kui:<\/strong><\/h4>\n<ul>\n<li>Tunnete sageli n\u00e4lga<\/li>\n<li>S\u00f6\u00f6te toitu liiga suurtes kogustes<\/li>\n<li>ei suuda s\u00f6\u00f6dava toidu hulka kontrollida<\/li>\n<li>Soovite rasva kaotada<\/li>\n<li>Teil on k\u00f5rge &#8220;halva&#8221; kolesterooli tase<\/li>\n<\/ul>\n","protected":false},"featured_media":56449,"comment_status":"closed","ping_status":"closed","template":"","meta":[],"product_brand":[],"product_cat":[530,1329,2408,1454,2664,1201],"product_tag":[3173,3174,1924],"giftcard-category":[],"class_list":{"0":"post-56452","1":"product","2":"type-product","3":"status-publish","4":"has-post-thumbnail","6":"product_cat-fat-burners-en","7":"product_cat-ostrovit-en","8":"product_cat-stimulant-free-fat-burners-en","9":"product_cat-superfoods-health-foods-en","10":"product_cat-vegan-capsules-en","11":"product_cat-1201","12":"product_tag-garcinia-cambogia-en","13":"product_tag-hudroksusidrunhape-en","14":"product_tag-ostrovit-en","15":"pa_kogus-90-vcaps-en","16":"pa_toidulisand-branddd-ostrovit","17":"pa_tootegruppp-stimulandivaba-en","18":"pa_tootegruppp-supertoit-tervisetoit-en","19":"pa_tootegruppp-vcaps-vegan-kapslid-en","20":"pa_tootegruppp-vegan-en","21":"pa_tootegruppp-weight-loss","23":"first","24":"instock","25":"sale","26":"taxable","27":"shipping-taxable","28":"purchasable","29":"product-type-simple"},"yoast_head":"<!-- This site is optimized with the Yoast SEO plugin v27.4 - https:\/\/yoast.com\/product\/yoast-seo-wordpress\/ -->\n<title>Garcinia Cambogia (90 vCaps) - H\u00fcdroks\u00fcsidrunhape - Kiire Tarne<\/title>\n<meta name=\"description\" content=\"Garcinia cambogia koostisesse kuuluv HCA h\u00fcdroks\u00fctsidrunhape soodustab rasvap\u00f5letust, p\u00e4rsib s\u00f6\u00f6giisu ja reguleerib kolesterooli sisaldus..\" \/>\n<meta name=\"robots\" content=\"index, follow, max-snippet:-1, max-image-preview:large, max-video-preview:-1\" \/>\n<link rel=\"canonical\" href=\"https:\/\/fit360.ee\/en\/pood\/product-groups\/\u0432\u0435\u0433\u0430\u043d\/vegan-capsules-en\/garcinia-cambogia-90-vcaps\/\" \/>\n<meta property=\"og:locale\" content=\"en_US\" \/>\n<meta property=\"og:type\" content=\"article\" \/>\n<meta property=\"og:title\" content=\"Garcinia Cambogia (90 vCaps) - H\u00fcdroks\u00fcsidrunhape - Kiire Tarne\" \/>\n<meta property=\"og:description\" content=\"Garcinia cambogia koostisesse kuuluv HCA h\u00fcdroks\u00fctsidrunhape soodustab rasvap\u00f5letust, p\u00e4rsib s\u00f6\u00f6giisu ja reguleerib kolesterooli sisaldus..\" \/>\n<meta property=\"og:url\" content=\"https:\/\/fit360.ee\/en\/pood\/product-groups\/\u0432\u0435\u0433\u0430\u043d\/vegan-capsules-en\/garcinia-cambogia-90-vcaps\/\" \/>\n<meta property=\"og:site_name\" content=\"Fit360\" \/>\n<meta property=\"article:modified_time\" content=\"2026-04-11T09:57:38+00:00\" \/>\n<meta property=\"og:image\" content=\"https:\/\/fit360.ee\/wp-content\/uploads\/2021\/09\/Garcinia-Cambogia-fit360.ee_.png\" \/>\n\t<meta property=\"og:image:width\" content=\"600\" \/>\n\t<meta property=\"og:image:height\" content=\"600\" \/>\n\t<meta property=\"og:image:type\" content=\"image\/png\" \/>\n<meta name=\"twitter:card\" content=\"summary_large_image\" \/>\n<meta name=\"twitter:label1\" content=\"Est. reading time\" \/>\n\t<meta name=\"twitter:data1\" content=\"2 minutes\" \/>\n<script type=\"application\/ld+json\" class=\"yoast-schema-graph\">{\"@context\":\"https:\\\/\\\/schema.org\",\"@graph\":[{\"@type\":\"WebPage\",\"@id\":\"https:\\\/\\\/fit360.ee\\\/en\\\/pood\\\/product-groups\\\/%d0%b2%d0%b5%d0%b3%d0%b0%d0%bd\\\/vegan-capsules-en\\\/garcinia-cambogia-90-vcaps\\\/\",\"url\":\"https:\\\/\\\/fit360.ee\\\/en\\\/pood\\\/product-groups\\\/%d0%b2%d0%b5%d0%b3%d0%b0%d0%bd\\\/vegan-capsules-en\\\/garcinia-cambogia-90-vcaps\\\/\",\"name\":\"Garcinia Cambogia (90 vCaps) - H\u00fcdroks\u00fcsidrunhape - Kiire Tarne\",\"isPartOf\":{\"@id\":\"https:\\\/\\\/fit360.ee\\\/en\\\/#website\"},\"primaryImageOfPage\":{\"@id\":\"https:\\\/\\\/fit360.ee\\\/en\\\/pood\\\/product-groups\\\/%d0%b2%d0%b5%d0%b3%d0%b0%d0%bd\\\/vegan-capsules-en\\\/garcinia-cambogia-90-vcaps\\\/#primaryimage\"},\"image\":{\"@id\":\"https:\\\/\\\/fit360.ee\\\/en\\\/pood\\\/product-groups\\\/%d0%b2%d0%b5%d0%b3%d0%b0%d0%bd\\\/vegan-capsules-en\\\/garcinia-cambogia-90-vcaps\\\/#primaryimage\"},\"thumbnailUrl\":\"https:\\\/\\\/fit360.ee\\\/wp-content\\\/uploads\\\/2021\\\/09\\\/Garcinia-Cambogia-fit360.ee_.png\",\"datePublished\":\"2021-09-26T15:16:15+00:00\",\"dateModified\":\"2026-04-11T09:57:38+00:00\",\"description\":\"Garcinia cambogia koostisesse kuuluv HCA h\u00fcdroks\u00fctsidrunhape soodustab rasvap\u00f5letust, p\u00e4rsib s\u00f6\u00f6giisu ja reguleerib kolesterooli sisaldus..\",\"breadcrumb\":{\"@id\":\"https:\\\/\\\/fit360.ee\\\/en\\\/pood\\\/product-groups\\\/%d0%b2%d0%b5%d0%b3%d0%b0%d0%bd\\\/vegan-capsules-en\\\/garcinia-cambogia-90-vcaps\\\/#breadcrumb\"},\"inLanguage\":\"en-US\",\"potentialAction\":[{\"@type\":\"ReadAction\",\"target\":[\"https:\\\/\\\/fit360.ee\\\/en\\\/pood\\\/product-groups\\\/%d0%b2%d0%b5%d0%b3%d0%b0%d0%bd\\\/vegan-capsules-en\\\/garcinia-cambogia-90-vcaps\\\/\"]}]},{\"@type\":\"ImageObject\",\"inLanguage\":\"en-US\",\"@id\":\"https:\\\/\\\/fit360.ee\\\/en\\\/pood\\\/product-groups\\\/%d0%b2%d0%b5%d0%b3%d0%b0%d0%bd\\\/vegan-capsules-en\\\/garcinia-cambogia-90-vcaps\\\/#primaryimage\",\"url\":\"https:\\\/\\\/fit360.ee\\\/wp-content\\\/uploads\\\/2021\\\/09\\\/Garcinia-Cambogia-fit360.ee_.png\",\"contentUrl\":\"https:\\\/\\\/fit360.ee\\\/wp-content\\\/uploads\\\/2021\\\/09\\\/Garcinia-Cambogia-fit360.ee_.png\",\"width\":600,\"height\":600,\"caption\":\"Garcinia Cambogia - fit360.ee\"},{\"@type\":\"BreadcrumbList\",\"@id\":\"https:\\\/\\\/fit360.ee\\\/en\\\/pood\\\/product-groups\\\/%d0%b2%d0%b5%d0%b3%d0%b0%d0%bd\\\/vegan-capsules-en\\\/garcinia-cambogia-90-vcaps\\\/#breadcrumb\",\"itemListElement\":[{\"@type\":\"ListItem\",\"position\":1,\"name\":\"Home\",\"item\":\"https:\\\/\\\/fit360.ee\\\/en\\\/\"},{\"@type\":\"ListItem\",\"position\":2,\"name\":\"Shop\",\"item\":\"https:\\\/\\\/fit360.ee\\\/en\\\/shop\\\/\"},{\"@type\":\"ListItem\",\"position\":3,\"name\":\"Garcinia Cambogia (90 vCaps)\"}]},{\"@type\":\"WebSite\",\"@id\":\"https:\\\/\\\/fit360.ee\\\/en\\\/#website\",\"url\":\"https:\\\/\\\/fit360.ee\\\/en\\\/\",\"name\":\"Fit360\",\"description\":\"\",\"publisher\":{\"@id\":\"https:\\\/\\\/fit360.ee\\\/en\\\/#organization\"},\"potentialAction\":[{\"@type\":\"SearchAction\",\"target\":{\"@type\":\"EntryPoint\",\"urlTemplate\":\"https:\\\/\\\/fit360.ee\\\/en\\\/?s={search_term_string}\"},\"query-input\":{\"@type\":\"PropertyValueSpecification\",\"valueRequired\":true,\"valueName\":\"search_term_string\"}}],\"inLanguage\":\"en-US\"},{\"@type\":\"Organization\",\"@id\":\"https:\\\/\\\/fit360.ee\\\/en\\\/#organization\",\"name\":\"Fit360\",\"url\":\"https:\\\/\\\/fit360.ee\\\/en\\\/\",\"logo\":{\"@type\":\"ImageObject\",\"inLanguage\":\"en-US\",\"@id\":\"https:\\\/\\\/fit360.ee\\\/en\\\/#\\\/schema\\\/logo\\\/image\\\/\",\"url\":\"https:\\\/\\\/fit360.ee\\\/wp-content\\\/uploads\\\/2017\\\/01\\\/logo-fit360.png\",\"contentUrl\":\"https:\\\/\\\/fit360.ee\\\/wp-content\\\/uploads\\\/2017\\\/01\\\/logo-fit360.png\",\"width\":180,\"height\":66,\"caption\":\"Fit360\"},\"image\":{\"@id\":\"https:\\\/\\\/fit360.ee\\\/en\\\/#\\\/schema\\\/logo\\\/image\\\/\"}}]}<\/script>\n<!-- \/ Yoast SEO plugin. -->","yoast_head_json":{"title":"Garcinia Cambogia (90 vCaps) - H\u00fcdroks\u00fcsidrunhape - Kiire Tarne","description":"Garcinia cambogia koostisesse kuuluv HCA h\u00fcdroks\u00fctsidrunhape soodustab rasvap\u00f5letust, p\u00e4rsib s\u00f6\u00f6giisu ja reguleerib kolesterooli sisaldus..","robots":{"index":"index","follow":"follow","max-snippet":"max-snippet:-1","max-image-preview":"max-image-preview:large","max-video-preview":"max-video-preview:-1"},"canonical":"https:\/\/fit360.ee\/en\/pood\/product-groups\/\u0432\u0435\u0433\u0430\u043d\/vegan-capsules-en\/garcinia-cambogia-90-vcaps\/","og_locale":"en_US","og_type":"article","og_title":"Garcinia Cambogia (90 vCaps) - H\u00fcdroks\u00fcsidrunhape - Kiire Tarne","og_description":"Garcinia cambogia koostisesse kuuluv HCA h\u00fcdroks\u00fctsidrunhape soodustab rasvap\u00f5letust, p\u00e4rsib s\u00f6\u00f6giisu ja reguleerib kolesterooli sisaldus..","og_url":"https:\/\/fit360.ee\/en\/pood\/product-groups\/\u0432\u0435\u0433\u0430\u043d\/vegan-capsules-en\/garcinia-cambogia-90-vcaps\/","og_site_name":"Fit360","article_modified_time":"2026-04-11T09:57:38+00:00","og_image":[{"width":600,"height":600,"url":"https:\/\/fit360.ee\/wp-content\/uploads\/2021\/09\/Garcinia-Cambogia-fit360.ee_.png","type":"image\/png"}],"twitter_card":"summary_large_image","twitter_misc":{"Est. reading time":"2 minutes"},"schema":{"@context":"https:\/\/schema.org","@graph":[{"@type":"WebPage","@id":"https:\/\/fit360.ee\/en\/pood\/product-groups\/%d0%b2%d0%b5%d0%b3%d0%b0%d0%bd\/vegan-capsules-en\/garcinia-cambogia-90-vcaps\/","url":"https:\/\/fit360.ee\/en\/pood\/product-groups\/%d0%b2%d0%b5%d0%b3%d0%b0%d0%bd\/vegan-capsules-en\/garcinia-cambogia-90-vcaps\/","name":"Garcinia Cambogia (90 vCaps) - H\u00fcdroks\u00fcsidrunhape - Kiire Tarne","isPartOf":{"@id":"https:\/\/fit360.ee\/en\/#website"},"primaryImageOfPage":{"@id":"https:\/\/fit360.ee\/en\/pood\/product-groups\/%d0%b2%d0%b5%d0%b3%d0%b0%d0%bd\/vegan-capsules-en\/garcinia-cambogia-90-vcaps\/#primaryimage"},"image":{"@id":"https:\/\/fit360.ee\/en\/pood\/product-groups\/%d0%b2%d0%b5%d0%b3%d0%b0%d0%bd\/vegan-capsules-en\/garcinia-cambogia-90-vcaps\/#primaryimage"},"thumbnailUrl":"https:\/\/fit360.ee\/wp-content\/uploads\/2021\/09\/Garcinia-Cambogia-fit360.ee_.png","datePublished":"2021-09-26T15:16:15+00:00","dateModified":"2026-04-11T09:57:38+00:00","description":"Garcinia cambogia koostisesse kuuluv HCA h\u00fcdroks\u00fctsidrunhape soodustab rasvap\u00f5letust, p\u00e4rsib s\u00f6\u00f6giisu ja reguleerib kolesterooli sisaldus..","breadcrumb":{"@id":"https:\/\/fit360.ee\/en\/pood\/product-groups\/%d0%b2%d0%b5%d0%b3%d0%b0%d0%bd\/vegan-capsules-en\/garcinia-cambogia-90-vcaps\/#breadcrumb"},"inLanguage":"en-US","potentialAction":[{"@type":"ReadAction","target":["https:\/\/fit360.ee\/en\/pood\/product-groups\/%d0%b2%d0%b5%d0%b3%d0%b0%d0%bd\/vegan-capsules-en\/garcinia-cambogia-90-vcaps\/"]}]},{"@type":"ImageObject","inLanguage":"en-US","@id":"https:\/\/fit360.ee\/en\/pood\/product-groups\/%d0%b2%d0%b5%d0%b3%d0%b0%d0%bd\/vegan-capsules-en\/garcinia-cambogia-90-vcaps\/#primaryimage","url":"https:\/\/fit360.ee\/wp-content\/uploads\/2021\/09\/Garcinia-Cambogia-fit360.ee_.png","contentUrl":"https:\/\/fit360.ee\/wp-content\/uploads\/2021\/09\/Garcinia-Cambogia-fit360.ee_.png","width":600,"height":600,"caption":"Garcinia Cambogia - fit360.ee"},{"@type":"BreadcrumbList","@id":"https:\/\/fit360.ee\/en\/pood\/product-groups\/%d0%b2%d0%b5%d0%b3%d0%b0%d0%bd\/vegan-capsules-en\/garcinia-cambogia-90-vcaps\/#breadcrumb","itemListElement":[{"@type":"ListItem","position":1,"name":"Home","item":"https:\/\/fit360.ee\/en\/"},{"@type":"ListItem","position":2,"name":"Shop","item":"https:\/\/fit360.ee\/en\/shop\/"},{"@type":"ListItem","position":3,"name":"Garcinia Cambogia (90 vCaps)"}]},{"@type":"WebSite","@id":"https:\/\/fit360.ee\/en\/#website","url":"https:\/\/fit360.ee\/en\/","name":"Fit360","description":"","publisher":{"@id":"https:\/\/fit360.ee\/en\/#organization"},"potentialAction":[{"@type":"SearchAction","target":{"@type":"EntryPoint","urlTemplate":"https:\/\/fit360.ee\/en\/?s={search_term_string}"},"query-input":{"@type":"PropertyValueSpecification","valueRequired":true,"valueName":"search_term_string"}}],"inLanguage":"en-US"},{"@type":"Organization","@id":"https:\/\/fit360.ee\/en\/#organization","name":"Fit360","url":"https:\/\/fit360.ee\/en\/","logo":{"@type":"ImageObject","inLanguage":"en-US","@id":"https:\/\/fit360.ee\/en\/#\/schema\/logo\/image\/","url":"https:\/\/fit360.ee\/wp-content\/uploads\/2017\/01\/logo-fit360.png","contentUrl":"https:\/\/fit360.ee\/wp-content\/uploads\/2017\/01\/logo-fit360.png","width":180,"height":66,"caption":"Fit360"},"image":{"@id":"https:\/\/fit360.ee\/en\/#\/schema\/logo\/image\/"}}]}},"_links":{"self":[{"href":"https:\/\/fit360.ee\/en\/wp-json\/wp\/v2\/product\/56452","targetHints":{"allow":["GET"]}}],"collection":[{"href":"https:\/\/fit360.ee\/en\/wp-json\/wp\/v2\/product"}],"about":[{"href":"https:\/\/fit360.ee\/en\/wp-json\/wp\/v2\/types\/product"}],"replies":[{"embeddable":true,"href":"https:\/\/fit360.ee\/en\/wp-json\/wp\/v2\/comments?post=56452"}],"wp:featuredmedia":[{"embeddable":true,"href":"https:\/\/fit360.ee\/en\/wp-json\/wp\/v2\/media\/56449"}],"wp:attachment":[{"href":"https:\/\/fit360.ee\/en\/wp-json\/wp\/v2\/media?parent=56452"}],"wp:term":[{"taxonomy":"product_brand","embeddable":true,"href":"https:\/\/fit360.ee\/en\/wp-json\/wp\/v2\/product_brand?post=56452"},{"taxonomy":"product_cat","embeddable":true,"href":"https:\/\/fit360.ee\/en\/wp-json\/wp\/v2\/product_cat?post=56452"},{"taxonomy":"product_tag","embeddable":true,"href":"https:\/\/fit360.ee\/en\/wp-json\/wp\/v2\/product_tag?post=56452"},{"taxonomy":"giftcard-category","embeddable":true,"href":"https:\/\/fit360.ee\/en\/wp-json\/wp\/v2\/giftcard-category?post=56452"}],"curies":[{"name":"wp","href":"https:\/\/api.w.org\/{rel}","templated":true}]}}