{"id":56470,"date":"2021-09-27T11:42:49","date_gmt":"2021-09-27T09:42:49","guid":{"rendered":"https:\/\/fit360.ee\/?post_type=product&#038;p=56470"},"modified":"2025-08-19T08:39:30","modified_gmt":"2025-08-19T06:39:30","slug":"creatine-hcl-300g","status":"publish","type":"product","link":"https:\/\/fit360.ee\/en\/pood\/product-groups\/creatine-en\/creatine-hcl-300g\/","title":{"rendered":"Creatine HCL (300g)"},"content":{"rendered":"<h1><strong>Creatine HCL<\/strong><\/h1>\n<p>OstroVit Creatine HCL True Taste on k\u00f5rgeima kvaliteediga toidulisand, mis on kreatiinvesinikkloriidi allikas. See on kreatiinimolekuli ja vesinikkloriidhappe kombinatsioon. Suurep\u00e4rane toode neile, kelle eesm\u00e4rk on ehitada puhast lihasmassi, samuti suurendada keha tugevust ja vastupidavust. OstroVit Supreme Creatine HCL on k\u00f5rge lahustuvus &#8211; see on selle vormi \u00fcks peamisi eeliseid ja samuti ka eelis teiste kreatiini vormide ees.<\/p>\n<p><a href=\"https:\/\/fit360.ee\/wp-content\/uploads\/2021\/09\/creatine-hcl-fit360.ee_-800x312.jpg\"><img loading=\"lazy\" decoding=\"async\" class=\"size-medium wp-image-56476\" src=\"https:\/\/fit360.ee\/wp-content\/uploads\/2021\/09\/creatine-hcl-fit360.ee_-800x312.jpg\" alt=\"creatine hcl - fit360.ee\" width=\"800\" height=\"312\" srcset=\"https:\/\/fit360.ee\/wp-content\/uploads\/2021\/09\/creatine-hcl-fit360.ee_-800x312.jpg 800w, https:\/\/fit360.ee\/wp-content\/uploads\/2021\/09\/creatine-hcl-fit360.ee_-510x199.jpg 510w, https:\/\/fit360.ee\/wp-content\/uploads\/2021\/09\/creatine-hcl-fit360.ee_-768x300.jpg 768w, https:\/\/fit360.ee\/wp-content\/uploads\/2021\/09\/creatine-hcl-fit360.ee_.jpg 922w\" sizes=\"auto, (max-width: 800px) 100vw, 800px\" \/><\/a><\/p>\n<ul class=\"cm__list\">\n<li>300g toodet pakendis<\/li>\n<li>60 serveeringut<\/li>\n<li>1 servering = 5 g<\/li>\n<li>Head maitsed<\/li>\n<\/ul>\n<h2><b>Kreatiin H\u00fcdrokloriid<\/b><\/h2>\n<p>Kreatiin on orgaaniline keemiline \u00fchend, mis esineb inimkehas looduslikult. Tavaliselt tarnitakse seda koos loomsete saadustega, st liha, muna v\u00f5i kalaga. Selle kasulik toime p\u00f5hineb lihtsal mehhanismil, mis fosfokreatiini lihastes lagundades vabastab energia suure energiaga ATP (adenosiintrifosfaat) molekulide kujul. Hoolimata asjaolust, et kreatiini leidub ka toidus, on seda seal siiski imepisikestes kogustes, mist\u00f5ttu 100% kreatiiniga k\u00fcllastuse tekkimiseks on oluline seda juurde v\u00f5tta pulbri\/kapsli kujul.<\/p>\n<p>Kreatiinvesinikkloriidi vormi valimisel p\u00f6\u00f6rate enneolematut t\u00e4helepanu toote lahustuvusele, mis on v\u00e4hemalt mitu tosinat korda parem kui tavaline kreatiinmonoh\u00fcdraat. Kreatiinvesinikkloriid on kindlasti parem inimestele, kellel v\u00f5ib kreatiinmonoh\u00fcdraadi lisamise t\u00f5ttu tekkida mao- ja seedeprobleeme.<\/p>\n<ul>\n<li>See toimib anaboolselt &#8211; toetab puhta lihasmassi ehitamist<\/li>\n<li>Suurendab keha tugevust ja vastupidavust<\/li>\n<li>Toetab keharasva v\u00e4hendamise protsessi<\/li>\n<li>Suurendab treeningu t\u00f5husust<\/li>\n<li>Kiirendab lihaste taastumist p\u00e4rast treeningut<\/li>\n<li>Aeglustab keha v\u00e4simist pingutuse ajal<\/li>\n<li>Suurep\u00e4rane lahustuvus<\/li>\n<\/ul>\n<p><strong>Koostisosad:<\/strong> Kreatiinvesinikkloriid (HCl), maltodekstriin, aroomid, musta porgandi kontsentraat pulbrina, magusained: sukraloos, atsesulfaam K.<\/p>\n<p><strong>Kasutamine:<\/strong>\u00dcks portsjon toodet 5 g (3\/4 kulb) lahustata shakeris 300\u2013350 ml veega. Treeningp\u00e4evadel tarbige p\u00e4rast treeningut \u00fcks portsjon p\u00e4evas. Treeninguv\u00e4listel p\u00e4evadel tarbige \u00fcks portsjon p\u00e4evas p\u00e4rast \u00e4rkamist.<\/p>\n<p><strong>Hoiustamine: <\/strong>hoia kuivas jahedas kohas, eemal otsesest valgusest.<\/p>\n<p><strong>Suurus<\/strong>: 300g &#8211; 60 serveeringut<\/p>\n<section class=\"projector__description--nutritional row\" data-selector=\".--nutritional\">\n<div class=\"col-12 col-md-10 col-lg-8\">\n<div class=\"--nutrit\">\n<div class=\"nutrition_table_wrapper\">\n<div class=\"table_wrapper\">\n<table>\n<tbody>\n<tr>\n<td><strong>Aktiivsed toimeained<\/strong><\/td>\n<td><strong>5 g (1 portsjon)<\/strong><\/td>\n<td><strong>100 g<\/strong><\/td>\n<\/tr>\n<tr>\n<td>Kreatiin H\u00fcdrokloriid<\/td>\n<td>3000\u00a0mg<\/td>\n<td>60 g<\/td>\n<\/tr>\n<tr>\n<td>&#8211; millest kreatiin<\/td>\n<td>2310\u00a0mg<\/td>\n<td>46.2 g<\/td>\n<\/tr>\n<\/tbody>\n<\/table>\n<\/div>\n<\/div>\n<\/div>\n<\/div>\n<\/section>\n<div><\/div>\n<div>Vaata ka meie teisi Kreatiine <a href=\"https:\/\/fit360.ee\/en\/product-category\/product-groups\/creatine-en\/\"><strong>SIIT<\/strong><\/a>!<\/div>\n<p>Soovid kaupa osta suuremas koguses? Vaata antud toodet ka meie HULGI poest <a href=\"https:\/\/toidulisandidhulgi.ee\/product\/creatine-hcl-300g\/\"><strong>SIIT<\/strong><\/a>!<\/p>\n","protected":false},"excerpt":{"rendered":"<h2><strong>KREATIIN H\u00dcDROKLORIID:<\/strong><\/h2>\n<ul>\n<li>Rohkem lihasmassi<\/li>\n<li>Parem vastupidavus treeningul<\/li>\n<li>Kiire taastumine treeningust<\/li>\n<li>Pole vaja laadimisfaasi<\/li>\n<li>Ei hoia vett kinni<\/li>\n<li>Parima lahustuvusega kreatiin<\/li>\n<li>K\u00f5rge kontsentreeritus<\/li>\n<li>Mikro doseering<\/li>\n<li>Parim kreatiini vorm<\/li>\n<li>Laboratoorselt tesitud ja turvaline<\/li>\n<\/ul>\n<p>Kui otsid parimat ja efektiivsemat kreatiini vormi turul, siis vali <strong>kreatiin h\u00fcdrokloriid<\/strong>. Puhas kreatiin, ilma lisaefektideta.<\/p>\n","protected":false},"featured_media":76659,"comment_status":"open","ping_status":"closed","template":"","meta":[],"product_brand":[],"product_cat":[526,1329,531],"product_tag":[3178,3179,1924],"giftcard-category":[],"class_list":{"0":"post-56470","1":"product","2":"type-product","3":"status-publish","4":"has-post-thumbnail","6":"product_cat-creatine-en","7":"product_cat-ostrovit-en","8":"product_cat-recovery-post-workout-en","9":"product_tag-crea-hcl-en","10":"product_tag-creatine-hcl-en","11":"product_tag-ostrovit-en","12":"pa_kogus-300g-en","13":"pa_toidulisand-branddd-ostrovit","14":"pa_tootegruppp-creatine","15":"pa_tootegruppp-recoveryafter-workout","17":"first","18":"instock","19":"sale","20":"taxable","21":"shipping-taxable","22":"purchasable","23":"product-type-simple"},"yoast_head":"<!-- This site is optimized with the Yoast SEO plugin v27.3 - https:\/\/yoast.com\/product\/yoast-seo-wordpress\/ -->\n<title>Creatine HCL (300g) - Kreatiin H\u00fcdrokloriid - Kiire Tarne Fit360<\/title>\n<meta name=\"description\" content=\"Creatine HCL on k\u00f5rge lahustuvus - see on selle vormi \u00fcks peamisi eeliseid ja samuti ka eelis teiste kreatiini vormide ees. Kiire tarne!\" \/>\n<meta name=\"robots\" content=\"index, follow, max-snippet:-1, max-image-preview:large, max-video-preview:-1\" \/>\n<link rel=\"canonical\" href=\"https:\/\/fit360.ee\/en\/pood\/product-groups\/creatine-en\/creatine-hcl-300g\/\" \/>\n<meta property=\"og:locale\" content=\"en_US\" \/>\n<meta property=\"og:type\" content=\"article\" \/>\n<meta property=\"og:title\" content=\"Creatine HCL (300g) - Kreatiin H\u00fcdrokloriid - Kiire Tarne Fit360\" \/>\n<meta property=\"og:description\" content=\"Creatine HCL on k\u00f5rge lahustuvus - see on selle vormi \u00fcks peamisi eeliseid ja samuti ka eelis teiste kreatiini vormide ees. Kiire tarne!\" \/>\n<meta property=\"og:url\" content=\"https:\/\/fit360.ee\/en\/pood\/product-groups\/creatine-en\/creatine-hcl-300g\/\" \/>\n<meta property=\"og:site_name\" content=\"Fit360\" \/>\n<meta property=\"article:modified_time\" content=\"2025-08-19T06:39:30+00:00\" \/>\n<meta property=\"og:image\" content=\"https:\/\/fit360.ee\/wp-content\/uploads\/2021\/09\/ostrovit-creatine-hcl-fit360.ee-1.png\" \/>\n\t<meta property=\"og:image:width\" content=\"450\" \/>\n\t<meta property=\"og:image:height\" content=\"450\" \/>\n\t<meta property=\"og:image:type\" content=\"image\/png\" \/>\n<meta name=\"twitter:card\" content=\"summary_large_image\" \/>\n<meta name=\"twitter:label1\" content=\"Est. reading time\" \/>\n\t<meta name=\"twitter:data1\" content=\"2 minutes\" \/>\n<script type=\"application\/ld+json\" class=\"yoast-schema-graph\">{\"@context\":\"https:\\\/\\\/schema.org\",\"@graph\":[{\"@type\":\"WebPage\",\"@id\":\"https:\\\/\\\/fit360.ee\\\/en\\\/pood\\\/product-groups\\\/creatine-en\\\/creatine-hcl-300g\\\/\",\"url\":\"https:\\\/\\\/fit360.ee\\\/en\\\/pood\\\/product-groups\\\/creatine-en\\\/creatine-hcl-300g\\\/\",\"name\":\"Creatine HCL (300g) - Kreatiin H\u00fcdrokloriid - Kiire Tarne Fit360\",\"isPartOf\":{\"@id\":\"https:\\\/\\\/fit360.ee\\\/en\\\/#website\"},\"primaryImageOfPage\":{\"@id\":\"https:\\\/\\\/fit360.ee\\\/en\\\/pood\\\/product-groups\\\/creatine-en\\\/creatine-hcl-300g\\\/#primaryimage\"},\"image\":{\"@id\":\"https:\\\/\\\/fit360.ee\\\/en\\\/pood\\\/product-groups\\\/creatine-en\\\/creatine-hcl-300g\\\/#primaryimage\"},\"thumbnailUrl\":\"https:\\\/\\\/fit360.ee\\\/wp-content\\\/uploads\\\/2021\\\/09\\\/ostrovit-creatine-hcl-fit360.ee-1.png\",\"datePublished\":\"2021-09-27T09:42:49+00:00\",\"dateModified\":\"2025-08-19T06:39:30+00:00\",\"description\":\"Creatine HCL on k\u00f5rge lahustuvus - see on selle vormi \u00fcks peamisi eeliseid ja samuti ka eelis teiste kreatiini vormide ees. Kiire tarne!\",\"breadcrumb\":{\"@id\":\"https:\\\/\\\/fit360.ee\\\/en\\\/pood\\\/product-groups\\\/creatine-en\\\/creatine-hcl-300g\\\/#breadcrumb\"},\"inLanguage\":\"en-US\",\"potentialAction\":[{\"@type\":\"ReadAction\",\"target\":[\"https:\\\/\\\/fit360.ee\\\/en\\\/pood\\\/product-groups\\\/creatine-en\\\/creatine-hcl-300g\\\/\"]}]},{\"@type\":\"ImageObject\",\"inLanguage\":\"en-US\",\"@id\":\"https:\\\/\\\/fit360.ee\\\/en\\\/pood\\\/product-groups\\\/creatine-en\\\/creatine-hcl-300g\\\/#primaryimage\",\"url\":\"https:\\\/\\\/fit360.ee\\\/wp-content\\\/uploads\\\/2021\\\/09\\\/ostrovit-creatine-hcl-fit360.ee-1.png\",\"contentUrl\":\"https:\\\/\\\/fit360.ee\\\/wp-content\\\/uploads\\\/2021\\\/09\\\/ostrovit-creatine-hcl-fit360.ee-1.png\",\"width\":450,\"height\":450,\"caption\":\"ostrovit creatine hcl - fit360.ee\"},{\"@type\":\"BreadcrumbList\",\"@id\":\"https:\\\/\\\/fit360.ee\\\/en\\\/pood\\\/product-groups\\\/creatine-en\\\/creatine-hcl-300g\\\/#breadcrumb\",\"itemListElement\":[{\"@type\":\"ListItem\",\"position\":1,\"name\":\"Home\",\"item\":\"https:\\\/\\\/fit360.ee\\\/en\\\/\"},{\"@type\":\"ListItem\",\"position\":2,\"name\":\"Shop\",\"item\":\"https:\\\/\\\/fit360.ee\\\/en\\\/shop\\\/\"},{\"@type\":\"ListItem\",\"position\":3,\"name\":\"Creatine HCL (300g)\"}]},{\"@type\":\"WebSite\",\"@id\":\"https:\\\/\\\/fit360.ee\\\/en\\\/#website\",\"url\":\"https:\\\/\\\/fit360.ee\\\/en\\\/\",\"name\":\"Fit360\",\"description\":\"\",\"publisher\":{\"@id\":\"https:\\\/\\\/fit360.ee\\\/en\\\/#organization\"},\"potentialAction\":[{\"@type\":\"SearchAction\",\"target\":{\"@type\":\"EntryPoint\",\"urlTemplate\":\"https:\\\/\\\/fit360.ee\\\/en\\\/?s={search_term_string}\"},\"query-input\":{\"@type\":\"PropertyValueSpecification\",\"valueRequired\":true,\"valueName\":\"search_term_string\"}}],\"inLanguage\":\"en-US\"},{\"@type\":\"Organization\",\"@id\":\"https:\\\/\\\/fit360.ee\\\/en\\\/#organization\",\"name\":\"Fit360\",\"url\":\"https:\\\/\\\/fit360.ee\\\/en\\\/\",\"logo\":{\"@type\":\"ImageObject\",\"inLanguage\":\"en-US\",\"@id\":\"https:\\\/\\\/fit360.ee\\\/en\\\/#\\\/schema\\\/logo\\\/image\\\/\",\"url\":\"https:\\\/\\\/fit360.ee\\\/wp-content\\\/uploads\\\/2017\\\/01\\\/logo-fit360.png\",\"contentUrl\":\"https:\\\/\\\/fit360.ee\\\/wp-content\\\/uploads\\\/2017\\\/01\\\/logo-fit360.png\",\"width\":180,\"height\":66,\"caption\":\"Fit360\"},\"image\":{\"@id\":\"https:\\\/\\\/fit360.ee\\\/en\\\/#\\\/schema\\\/logo\\\/image\\\/\"}}]}<\/script>\n<!-- \/ Yoast SEO plugin. -->","yoast_head_json":{"title":"Creatine HCL (300g) - Kreatiin H\u00fcdrokloriid - Kiire Tarne Fit360","description":"Creatine HCL on k\u00f5rge lahustuvus - see on selle vormi \u00fcks peamisi eeliseid ja samuti ka eelis teiste kreatiini vormide ees. Kiire tarne!","robots":{"index":"index","follow":"follow","max-snippet":"max-snippet:-1","max-image-preview":"max-image-preview:large","max-video-preview":"max-video-preview:-1"},"canonical":"https:\/\/fit360.ee\/en\/pood\/product-groups\/creatine-en\/creatine-hcl-300g\/","og_locale":"en_US","og_type":"article","og_title":"Creatine HCL (300g) - Kreatiin H\u00fcdrokloriid - Kiire Tarne Fit360","og_description":"Creatine HCL on k\u00f5rge lahustuvus - see on selle vormi \u00fcks peamisi eeliseid ja samuti ka eelis teiste kreatiini vormide ees. Kiire tarne!","og_url":"https:\/\/fit360.ee\/en\/pood\/product-groups\/creatine-en\/creatine-hcl-300g\/","og_site_name":"Fit360","article_modified_time":"2025-08-19T06:39:30+00:00","og_image":[{"width":450,"height":450,"url":"https:\/\/fit360.ee\/wp-content\/uploads\/2021\/09\/ostrovit-creatine-hcl-fit360.ee-1.png","type":"image\/png"}],"twitter_card":"summary_large_image","twitter_misc":{"Est. reading time":"2 minutes"},"schema":{"@context":"https:\/\/schema.org","@graph":[{"@type":"WebPage","@id":"https:\/\/fit360.ee\/en\/pood\/product-groups\/creatine-en\/creatine-hcl-300g\/","url":"https:\/\/fit360.ee\/en\/pood\/product-groups\/creatine-en\/creatine-hcl-300g\/","name":"Creatine HCL (300g) - Kreatiin H\u00fcdrokloriid - Kiire Tarne Fit360","isPartOf":{"@id":"https:\/\/fit360.ee\/en\/#website"},"primaryImageOfPage":{"@id":"https:\/\/fit360.ee\/en\/pood\/product-groups\/creatine-en\/creatine-hcl-300g\/#primaryimage"},"image":{"@id":"https:\/\/fit360.ee\/en\/pood\/product-groups\/creatine-en\/creatine-hcl-300g\/#primaryimage"},"thumbnailUrl":"https:\/\/fit360.ee\/wp-content\/uploads\/2021\/09\/ostrovit-creatine-hcl-fit360.ee-1.png","datePublished":"2021-09-27T09:42:49+00:00","dateModified":"2025-08-19T06:39:30+00:00","description":"Creatine HCL on k\u00f5rge lahustuvus - see on selle vormi \u00fcks peamisi eeliseid ja samuti ka eelis teiste kreatiini vormide ees. Kiire tarne!","breadcrumb":{"@id":"https:\/\/fit360.ee\/en\/pood\/product-groups\/creatine-en\/creatine-hcl-300g\/#breadcrumb"},"inLanguage":"en-US","potentialAction":[{"@type":"ReadAction","target":["https:\/\/fit360.ee\/en\/pood\/product-groups\/creatine-en\/creatine-hcl-300g\/"]}]},{"@type":"ImageObject","inLanguage":"en-US","@id":"https:\/\/fit360.ee\/en\/pood\/product-groups\/creatine-en\/creatine-hcl-300g\/#primaryimage","url":"https:\/\/fit360.ee\/wp-content\/uploads\/2021\/09\/ostrovit-creatine-hcl-fit360.ee-1.png","contentUrl":"https:\/\/fit360.ee\/wp-content\/uploads\/2021\/09\/ostrovit-creatine-hcl-fit360.ee-1.png","width":450,"height":450,"caption":"ostrovit creatine hcl - fit360.ee"},{"@type":"BreadcrumbList","@id":"https:\/\/fit360.ee\/en\/pood\/product-groups\/creatine-en\/creatine-hcl-300g\/#breadcrumb","itemListElement":[{"@type":"ListItem","position":1,"name":"Home","item":"https:\/\/fit360.ee\/en\/"},{"@type":"ListItem","position":2,"name":"Shop","item":"https:\/\/fit360.ee\/en\/shop\/"},{"@type":"ListItem","position":3,"name":"Creatine HCL (300g)"}]},{"@type":"WebSite","@id":"https:\/\/fit360.ee\/en\/#website","url":"https:\/\/fit360.ee\/en\/","name":"Fit360","description":"","publisher":{"@id":"https:\/\/fit360.ee\/en\/#organization"},"potentialAction":[{"@type":"SearchAction","target":{"@type":"EntryPoint","urlTemplate":"https:\/\/fit360.ee\/en\/?s={search_term_string}"},"query-input":{"@type":"PropertyValueSpecification","valueRequired":true,"valueName":"search_term_string"}}],"inLanguage":"en-US"},{"@type":"Organization","@id":"https:\/\/fit360.ee\/en\/#organization","name":"Fit360","url":"https:\/\/fit360.ee\/en\/","logo":{"@type":"ImageObject","inLanguage":"en-US","@id":"https:\/\/fit360.ee\/en\/#\/schema\/logo\/image\/","url":"https:\/\/fit360.ee\/wp-content\/uploads\/2017\/01\/logo-fit360.png","contentUrl":"https:\/\/fit360.ee\/wp-content\/uploads\/2017\/01\/logo-fit360.png","width":180,"height":66,"caption":"Fit360"},"image":{"@id":"https:\/\/fit360.ee\/en\/#\/schema\/logo\/image\/"}}]}},"_links":{"self":[{"href":"https:\/\/fit360.ee\/en\/wp-json\/wp\/v2\/product\/56470","targetHints":{"allow":["GET"]}}],"collection":[{"href":"https:\/\/fit360.ee\/en\/wp-json\/wp\/v2\/product"}],"about":[{"href":"https:\/\/fit360.ee\/en\/wp-json\/wp\/v2\/types\/product"}],"replies":[{"embeddable":true,"href":"https:\/\/fit360.ee\/en\/wp-json\/wp\/v2\/comments?post=56470"}],"wp:featuredmedia":[{"embeddable":true,"href":"https:\/\/fit360.ee\/en\/wp-json\/wp\/v2\/media\/76659"}],"wp:attachment":[{"href":"https:\/\/fit360.ee\/en\/wp-json\/wp\/v2\/media?parent=56470"}],"wp:term":[{"taxonomy":"product_brand","embeddable":true,"href":"https:\/\/fit360.ee\/en\/wp-json\/wp\/v2\/product_brand?post=56470"},{"taxonomy":"product_cat","embeddable":true,"href":"https:\/\/fit360.ee\/en\/wp-json\/wp\/v2\/product_cat?post=56470"},{"taxonomy":"product_tag","embeddable":true,"href":"https:\/\/fit360.ee\/en\/wp-json\/wp\/v2\/product_tag?post=56470"},{"taxonomy":"giftcard-category","embeddable":true,"href":"https:\/\/fit360.ee\/en\/wp-json\/wp\/v2\/giftcard-category?post=56470"}],"curies":[{"name":"wp","href":"https:\/\/api.w.org\/{rel}","templated":true}]}}