{"id":56805,"date":"2021-10-07T12:43:43","date_gmt":"2021-10-07T10:43:43","guid":{"rendered":"https:\/\/fit360.ee\/pood\/uncategorized\/high-waist-leggings\/"},"modified":"2026-04-11T12:57:11","modified_gmt":"2026-04-11T10:57:11","slug":"high-waist-leggings","status":"publish","type":"product","link":"https:\/\/fit360.ee\/en\/pood\/training-equipment-en\/fitness-clothing-en\/high-waist-leggings\/","title":{"rendered":"High Waist Leggings"},"content":{"rendered":"<p id=\"tw-target-text\" class=\"tw-data-text tw-text-large XcVN5d tw-ta\" dir=\"ltr\" data-placeholder=\"T\u00f5lge\"><span class=\"Y2IQFc\" lang=\"et\">Sobivus: Slim Fit<br \/>\nPikkus: 7\/8 V\u00f6\u00f6koht: k\u00f5rge v\u00f6\u00f6koht<br \/>\nMaterjal: 80% pol\u00fcester, 20% elastaan<br \/>\nOmadused: k\u00fcljetasku, \u00f5huke elastne v\u00f6\u00f6koht<\/span><\/p>\n","protected":false},"excerpt":{"rendered":"<p id=\"tw-target-text\" class=\"tw-data-text tw-text-large XcVN5d tw-ta\" dir=\"ltr\" data-placeholder=\"T\u00f5lge\"><span class=\"Y2IQFc\" lang=\"et\">Nagu nimigi \u00fctleb, on s\u00e4\u00e4rised k\u00f5rge v\u00f6\u00f6kohaga. Varustasime need v\u00f6\u00f6kohal \u00f5hukese elastse ribaga, mis takistab nende alla libisemist. See muudab ka k\u00f5rge v\u00f6\u00f6kohaga s\u00e4\u00e4rised igaks treeninguks sobivaks ja koos niiskust imavate v\u00f5imetega v\u00f5ite usaldada, et need retuusid saavad sellega hakkama. Kangas on pehme kokkusurumisega veniv ning siidise ja sileda tundega. Neile, kellele meeldib, et telefon v\u00f5i muud v\u00e4\u00e4rtuslikud asjad on k\u00e4ep\u00e4rast, oleme lisanud ka k\u00fcljetasku.<\/span><\/p>\n","protected":false},"featured_media":56786,"comment_status":"closed","ping_status":"closed","template":"","meta":[],"product_brand":[],"product_cat":[547],"product_tag":[],"giftcard-category":[],"class_list":{"0":"post-56805","1":"product","2":"type-product","3":"status-publish","4":"has-post-thumbnail","6":"product_cat-fitness-clothing-en","7":"pa_suurus-l","8":"pa_suurus-m","9":"pa_suurus-s","10":"pa_suurus-xs","11":"pa_varvus-athletic-purple-en","12":"pa_varvus-black","13":"pa_varvus-black-camo-2-en","14":"pa_varvus-blue","15":"pa_varvus-dark-gray","16":"pa_varvus-dark-navy-camo-en","17":"pa_varvus-pink","18":"pa_varvus-red","19":"pa_varvus-royal-purple-en","21":"first","22":"instock","23":"sale","24":"taxable","25":"shipping-taxable","26":"purchasable","27":"product-type-variable"},"yoast_head":"<!-- This site is optimized with the Yoast SEO plugin v27.5 - https:\/\/yoast.com\/product\/yoast-seo-wordpress\/ -->\n<title>High Waist Leggings - Fit360<\/title>\n<meta name=\"robots\" content=\"index, follow, max-snippet:-1, max-image-preview:large, max-video-preview:-1\" \/>\n<link rel=\"canonical\" href=\"https:\/\/fit360.ee\/en\/pood\/training-equipment-en\/fitness-clothing-en\/high-waist-leggings\/\" \/>\n<meta property=\"og:locale\" content=\"en_US\" \/>\n<meta property=\"og:type\" content=\"article\" \/>\n<meta property=\"og:title\" content=\"High Waist Leggings - Fit360\" \/>\n<meta property=\"og:description\" content=\"Nagu nimigi \u00fctleb, on s\u00e4\u00e4rised k\u00f5rge v\u00f6\u00f6kohaga. Varustasime need v\u00f6\u00f6kohal \u00f5hukese elastse ribaga, mis takistab nende alla libisemist. See muudab ka k\u00f5rge v\u00f6\u00f6kohaga s\u00e4\u00e4rised igaks treeninguks sobivaks ja koos niiskust imavate v\u00f5imetega v\u00f5ite usaldada, et need retuusid saavad sellega hakkama. Kangas on pehme kokkusurumisega veniv ning siidise ja sileda tundega. Neile, kellele meeldib, et telefon v\u00f5i muud v\u00e4\u00e4rtuslikud asjad on k\u00e4ep\u00e4rast, oleme lisanud ka k\u00fcljetasku.\" \/>\n<meta property=\"og:url\" content=\"https:\/\/fit360.ee\/en\/pood\/training-equipment-en\/fitness-clothing-en\/high-waist-leggings\/\" \/>\n<meta property=\"og:site_name\" content=\"Fit360\" \/>\n<meta property=\"article:modified_time\" content=\"2026-04-11T10:57:11+00:00\" \/>\n<meta property=\"og:image\" content=\"https:\/\/fit360.ee\/wp-content\/uploads\/2021\/10\/1426_e27a98d3e5-111014586_4-full.png\" \/>\n\t<meta property=\"og:image:width\" content=\"1000\" \/>\n\t<meta property=\"og:image:height\" content=\"1000\" \/>\n\t<meta property=\"og:image:type\" content=\"image\/png\" \/>\n<meta name=\"twitter:card\" content=\"summary_large_image\" \/>\n<meta name=\"twitter:label1\" content=\"Est. reading time\" \/>\n\t<meta name=\"twitter:data1\" content=\"1 minute\" \/>\n<script type=\"application\/ld+json\" class=\"yoast-schema-graph\">{\"@context\":\"https:\\\/\\\/schema.org\",\"@graph\":[{\"@type\":\"WebPage\",\"@id\":\"https:\\\/\\\/fit360.ee\\\/en\\\/pood\\\/training-equipment-en\\\/fitness-clothing-en\\\/high-waist-leggings\\\/\",\"url\":\"https:\\\/\\\/fit360.ee\\\/en\\\/pood\\\/training-equipment-en\\\/fitness-clothing-en\\\/high-waist-leggings\\\/\",\"name\":\"High Waist Leggings - Fit360\",\"isPartOf\":{\"@id\":\"https:\\\/\\\/fit360.ee\\\/en\\\/#website\"},\"primaryImageOfPage\":{\"@id\":\"https:\\\/\\\/fit360.ee\\\/en\\\/pood\\\/training-equipment-en\\\/fitness-clothing-en\\\/high-waist-leggings\\\/#primaryimage\"},\"image\":{\"@id\":\"https:\\\/\\\/fit360.ee\\\/en\\\/pood\\\/training-equipment-en\\\/fitness-clothing-en\\\/high-waist-leggings\\\/#primaryimage\"},\"thumbnailUrl\":\"https:\\\/\\\/fit360.ee\\\/wp-content\\\/uploads\\\/2021\\\/10\\\/1426_e27a98d3e5-111014586_4-full.png\",\"datePublished\":\"2021-10-07T10:43:43+00:00\",\"dateModified\":\"2026-04-11T10:57:11+00:00\",\"breadcrumb\":{\"@id\":\"https:\\\/\\\/fit360.ee\\\/en\\\/pood\\\/training-equipment-en\\\/fitness-clothing-en\\\/high-waist-leggings\\\/#breadcrumb\"},\"inLanguage\":\"en-US\",\"potentialAction\":[{\"@type\":\"ReadAction\",\"target\":[\"https:\\\/\\\/fit360.ee\\\/en\\\/pood\\\/training-equipment-en\\\/fitness-clothing-en\\\/high-waist-leggings\\\/\"]}]},{\"@type\":\"ImageObject\",\"inLanguage\":\"en-US\",\"@id\":\"https:\\\/\\\/fit360.ee\\\/en\\\/pood\\\/training-equipment-en\\\/fitness-clothing-en\\\/high-waist-leggings\\\/#primaryimage\",\"url\":\"https:\\\/\\\/fit360.ee\\\/wp-content\\\/uploads\\\/2021\\\/10\\\/1426_e27a98d3e5-111014586_4-full.png\",\"contentUrl\":\"https:\\\/\\\/fit360.ee\\\/wp-content\\\/uploads\\\/2021\\\/10\\\/1426_e27a98d3e5-111014586_4-full.png\",\"width\":1000,\"height\":1000},{\"@type\":\"BreadcrumbList\",\"@id\":\"https:\\\/\\\/fit360.ee\\\/en\\\/pood\\\/training-equipment-en\\\/fitness-clothing-en\\\/high-waist-leggings\\\/#breadcrumb\",\"itemListElement\":[{\"@type\":\"ListItem\",\"position\":1,\"name\":\"Home\",\"item\":\"https:\\\/\\\/fit360.ee\\\/en\\\/\"},{\"@type\":\"ListItem\",\"position\":2,\"name\":\"Shop\",\"item\":\"https:\\\/\\\/fit360.ee\\\/en\\\/shop\\\/\"},{\"@type\":\"ListItem\",\"position\":3,\"name\":\"High Waist Leggings\"}]},{\"@type\":\"WebSite\",\"@id\":\"https:\\\/\\\/fit360.ee\\\/en\\\/#website\",\"url\":\"https:\\\/\\\/fit360.ee\\\/en\\\/\",\"name\":\"Fit360\",\"description\":\"\",\"publisher\":{\"@id\":\"https:\\\/\\\/fit360.ee\\\/en\\\/#organization\"},\"potentialAction\":[{\"@type\":\"SearchAction\",\"target\":{\"@type\":\"EntryPoint\",\"urlTemplate\":\"https:\\\/\\\/fit360.ee\\\/en\\\/?s={search_term_string}\"},\"query-input\":{\"@type\":\"PropertyValueSpecification\",\"valueRequired\":true,\"valueName\":\"search_term_string\"}}],\"inLanguage\":\"en-US\"},{\"@type\":\"Organization\",\"@id\":\"https:\\\/\\\/fit360.ee\\\/en\\\/#organization\",\"name\":\"Fit360\",\"url\":\"https:\\\/\\\/fit360.ee\\\/en\\\/\",\"logo\":{\"@type\":\"ImageObject\",\"inLanguage\":\"en-US\",\"@id\":\"https:\\\/\\\/fit360.ee\\\/en\\\/#\\\/schema\\\/logo\\\/image\\\/\",\"url\":\"https:\\\/\\\/fit360.ee\\\/wp-content\\\/uploads\\\/2017\\\/01\\\/logo-fit360.png\",\"contentUrl\":\"https:\\\/\\\/fit360.ee\\\/wp-content\\\/uploads\\\/2017\\\/01\\\/logo-fit360.png\",\"width\":180,\"height\":66,\"caption\":\"Fit360\"},\"image\":{\"@id\":\"https:\\\/\\\/fit360.ee\\\/en\\\/#\\\/schema\\\/logo\\\/image\\\/\"}}]}<\/script>\n<!-- \/ Yoast SEO plugin. -->","yoast_head_json":{"title":"High Waist Leggings - Fit360","robots":{"index":"index","follow":"follow","max-snippet":"max-snippet:-1","max-image-preview":"max-image-preview:large","max-video-preview":"max-video-preview:-1"},"canonical":"https:\/\/fit360.ee\/en\/pood\/training-equipment-en\/fitness-clothing-en\/high-waist-leggings\/","og_locale":"en_US","og_type":"article","og_title":"High Waist Leggings - Fit360","og_description":"Nagu nimigi \u00fctleb, on s\u00e4\u00e4rised k\u00f5rge v\u00f6\u00f6kohaga. Varustasime need v\u00f6\u00f6kohal \u00f5hukese elastse ribaga, mis takistab nende alla libisemist. See muudab ka k\u00f5rge v\u00f6\u00f6kohaga s\u00e4\u00e4rised igaks treeninguks sobivaks ja koos niiskust imavate v\u00f5imetega v\u00f5ite usaldada, et need retuusid saavad sellega hakkama. Kangas on pehme kokkusurumisega veniv ning siidise ja sileda tundega. Neile, kellele meeldib, et telefon v\u00f5i muud v\u00e4\u00e4rtuslikud asjad on k\u00e4ep\u00e4rast, oleme lisanud ka k\u00fcljetasku.","og_url":"https:\/\/fit360.ee\/en\/pood\/training-equipment-en\/fitness-clothing-en\/high-waist-leggings\/","og_site_name":"Fit360","article_modified_time":"2026-04-11T10:57:11+00:00","og_image":[{"width":1000,"height":1000,"url":"https:\/\/fit360.ee\/wp-content\/uploads\/2021\/10\/1426_e27a98d3e5-111014586_4-full.png","type":"image\/png"}],"twitter_card":"summary_large_image","twitter_misc":{"Est. reading time":"1 minute"},"schema":{"@context":"https:\/\/schema.org","@graph":[{"@type":"WebPage","@id":"https:\/\/fit360.ee\/en\/pood\/training-equipment-en\/fitness-clothing-en\/high-waist-leggings\/","url":"https:\/\/fit360.ee\/en\/pood\/training-equipment-en\/fitness-clothing-en\/high-waist-leggings\/","name":"High Waist Leggings - Fit360","isPartOf":{"@id":"https:\/\/fit360.ee\/en\/#website"},"primaryImageOfPage":{"@id":"https:\/\/fit360.ee\/en\/pood\/training-equipment-en\/fitness-clothing-en\/high-waist-leggings\/#primaryimage"},"image":{"@id":"https:\/\/fit360.ee\/en\/pood\/training-equipment-en\/fitness-clothing-en\/high-waist-leggings\/#primaryimage"},"thumbnailUrl":"https:\/\/fit360.ee\/wp-content\/uploads\/2021\/10\/1426_e27a98d3e5-111014586_4-full.png","datePublished":"2021-10-07T10:43:43+00:00","dateModified":"2026-04-11T10:57:11+00:00","breadcrumb":{"@id":"https:\/\/fit360.ee\/en\/pood\/training-equipment-en\/fitness-clothing-en\/high-waist-leggings\/#breadcrumb"},"inLanguage":"en-US","potentialAction":[{"@type":"ReadAction","target":["https:\/\/fit360.ee\/en\/pood\/training-equipment-en\/fitness-clothing-en\/high-waist-leggings\/"]}]},{"@type":"ImageObject","inLanguage":"en-US","@id":"https:\/\/fit360.ee\/en\/pood\/training-equipment-en\/fitness-clothing-en\/high-waist-leggings\/#primaryimage","url":"https:\/\/fit360.ee\/wp-content\/uploads\/2021\/10\/1426_e27a98d3e5-111014586_4-full.png","contentUrl":"https:\/\/fit360.ee\/wp-content\/uploads\/2021\/10\/1426_e27a98d3e5-111014586_4-full.png","width":1000,"height":1000},{"@type":"BreadcrumbList","@id":"https:\/\/fit360.ee\/en\/pood\/training-equipment-en\/fitness-clothing-en\/high-waist-leggings\/#breadcrumb","itemListElement":[{"@type":"ListItem","position":1,"name":"Home","item":"https:\/\/fit360.ee\/en\/"},{"@type":"ListItem","position":2,"name":"Shop","item":"https:\/\/fit360.ee\/en\/shop\/"},{"@type":"ListItem","position":3,"name":"High Waist Leggings"}]},{"@type":"WebSite","@id":"https:\/\/fit360.ee\/en\/#website","url":"https:\/\/fit360.ee\/en\/","name":"Fit360","description":"","publisher":{"@id":"https:\/\/fit360.ee\/en\/#organization"},"potentialAction":[{"@type":"SearchAction","target":{"@type":"EntryPoint","urlTemplate":"https:\/\/fit360.ee\/en\/?s={search_term_string}"},"query-input":{"@type":"PropertyValueSpecification","valueRequired":true,"valueName":"search_term_string"}}],"inLanguage":"en-US"},{"@type":"Organization","@id":"https:\/\/fit360.ee\/en\/#organization","name":"Fit360","url":"https:\/\/fit360.ee\/en\/","logo":{"@type":"ImageObject","inLanguage":"en-US","@id":"https:\/\/fit360.ee\/en\/#\/schema\/logo\/image\/","url":"https:\/\/fit360.ee\/wp-content\/uploads\/2017\/01\/logo-fit360.png","contentUrl":"https:\/\/fit360.ee\/wp-content\/uploads\/2017\/01\/logo-fit360.png","width":180,"height":66,"caption":"Fit360"},"image":{"@id":"https:\/\/fit360.ee\/en\/#\/schema\/logo\/image\/"}}]}},"_links":{"self":[{"href":"https:\/\/fit360.ee\/en\/wp-json\/wp\/v2\/product\/56805","targetHints":{"allow":["GET"]}}],"collection":[{"href":"https:\/\/fit360.ee\/en\/wp-json\/wp\/v2\/product"}],"about":[{"href":"https:\/\/fit360.ee\/en\/wp-json\/wp\/v2\/types\/product"}],"replies":[{"embeddable":true,"href":"https:\/\/fit360.ee\/en\/wp-json\/wp\/v2\/comments?post=56805"}],"wp:featuredmedia":[{"embeddable":true,"href":"https:\/\/fit360.ee\/en\/wp-json\/wp\/v2\/media\/56786"}],"wp:attachment":[{"href":"https:\/\/fit360.ee\/en\/wp-json\/wp\/v2\/media?parent=56805"}],"wp:term":[{"taxonomy":"product_brand","embeddable":true,"href":"https:\/\/fit360.ee\/en\/wp-json\/wp\/v2\/product_brand?post=56805"},{"taxonomy":"product_cat","embeddable":true,"href":"https:\/\/fit360.ee\/en\/wp-json\/wp\/v2\/product_cat?post=56805"},{"taxonomy":"product_tag","embeddable":true,"href":"https:\/\/fit360.ee\/en\/wp-json\/wp\/v2\/product_tag?post=56805"},{"taxonomy":"giftcard-category","embeddable":true,"href":"https:\/\/fit360.ee\/en\/wp-json\/wp\/v2\/giftcard-category?post=56805"}],"curies":[{"name":"wp","href":"https:\/\/api.w.org\/{rel}","templated":true}]}}