{"id":57317,"date":"2021-10-26T12:00:27","date_gmt":"2021-10-26T10:00:27","guid":{"rendered":"https:\/\/fit360.ee\/?post_type=product&#038;p=57317"},"modified":"2026-04-10T15:13:01","modified_gmt":"2026-04-10T13:13:01","slug":"iso-fuel-24x30g","status":"publish","type":"product","link":"https:\/\/fit360.ee\/en\/pood\/product-groups\/energy-carbohydrates\/isotonic-en\/iso-fuel-24x30g\/","title":{"rendered":"ISO FUEL+ (24 x 30g)"},"content":{"rendered":"<h1><strong>Iso Fuel+ karbiga<\/strong><\/h1>\n<div class=\"additional-product-section__posts__post__title\">\n<p><strong>365JP ISO Fuel+<\/strong>\u00a0isotooniline joogipulber on sobilik varustamaks keha pingutuse korral energia, vee, elektrol\u00fc\u00fctide (kaalium, kaltsium, magneesium) ja vitamiinidega (C, B1 ja B6).<\/p>\n<ul>\n<li>Esmaklassiline eletrol\u00fc\u00fctide (kaltsium, kaalium, magneesium) sisaldus.<\/li>\n<li>Kvaliteetne ja lahustub v\u00e4ga h\u00e4sti.<\/li>\n<li>Suurep\u00e4rane maitsete valik.<\/li>\n<li>Parim hind t\u00f5eliselt kvaliteetsele tootele.<\/li>\n<li>Tarvita vastavalt vajadusele treeningu eel, ajal ja p\u00e4rast treeningut.<\/li>\n<\/ul>\n<h4><strong>ISO FUEL+ Kasutamine<\/strong>: lisada 30 grammile 200-500 ml vett ja loksutada pudelis v\u00f5i \u0161eikeris. Tarvita vastavalt vajadusele treeningu eel, ajal ja p\u00e4rast treeningut. Hoida lastele k\u00e4ttesaamatus kohas.<\/h4>\n<div class=\"additional-product-section__posts__post__title\">\n<h4><strong>Apelsin-mango 365JP ISO FUEL+<\/strong><\/h4>\n<\/div>\n<div class=\"additional-product-section__posts__post__text\">\n<p><strong>Koostisosad<\/strong>: dekstroos, maltodekstriin, fruktoos, mineraalid (naatriumtsitraat, kaltsiumfosfaat, kaltsiumtsitraat, magneesiumkarbonaat), palatinoos (isomaltuloos), sidrunhape, toiduv\u00e4rv (karoteenid), l\u00f5hna- ja maitseained, paakumisvastane aine (kaltsiumfosfaat), vitamiinid (C-vitamiin: L-askorbiinhape, B6-vitamiin: p\u00fcridoksiinvesinikkloriid, B1-vitamiin: tiamiinvesinikkloriid), magusaine (sukraloos).<\/p>\n<\/div>\n<div class=\"additional-product-section__posts__post__text--nutrition-information\">\n<p>Toitumisalane teave (100 g):<br \/>\n\u2013 Energia 1410 kj \/ 332 kcal;<br \/>\n\u2013 Rasvad 0 g;<br \/>\n\u2013 S\u00fcsivesikud 80 g (sh suhkrud 48 g);<br \/>\n\u2013 Kiudained 0 g;<br \/>\n\u2013 Valgud 0 g;<br \/>\n\u2013 Sool 0,66 g;<br \/>\n\u2013 Kaalium 502 mg, kaltsium 156 mg, magneesium 175 mg;<br \/>\n\u2013 Vitamiin C 80 mg, vitamiin B6 1.5 mg, vitamiin B1 1.25 mg.<\/p>\n<div class=\"additional-product-section__posts__post__title\">\n<h4><strong>Sidrun 365JP ISO FUEL+<\/strong><\/h4>\n<\/div>\n<div class=\"additional-product-section__posts__post__text\">\n<p><strong>Koostisosad<\/strong>: dekstroos, maltodekstriin, fruktoos, mineraalid (naatriumtsitraat, kaltsiumfosfaat, kaltsiumtsitraat, magneesiumkarbonaat), palatinoos (isomaltuloos), sidrunhape, l\u00f5hna- ja maitseained, paakumisvastane aine (kaltsiumfosfaat), vitamiinid (C-vitamiin: L-askorbiinhape, B6-vitamiin: p\u00fcridoksiinvesinikkloriid, B1-vitamiin: tiamiinvesinikkloriid), magusaine (sukraloos).<\/p>\n<\/div>\n<div class=\"additional-product-section__posts__post__text--nutrition-information\">\n<p>Toitumisalane teave (100 g):<br \/>\n\u2013 Energia 1416 kj \/ 333 kcal;<br \/>\n\u2013 Rasvad 0 g;<br \/>\n\u2013 S\u00fcsivesikud 81 g (sh suhkrud 49 g);<br \/>\n\u2013 Kiudained 0 g;<br \/>\n\u2013 Valgud 0 g;<br \/>\n\u2013 Sool 0,66 g;<br \/>\n\u2013 Kaalium 502 mg, kaltsium 156 mg, magneesium 175 mg;<br \/>\n\u2013 Vitamiin C 80 mg, vitamiin B6 1.5 mg, vitamiin B1 1.25 mg.<\/p>\n<div class=\"additional-product-section__posts__post__title\">\n<h4><strong>Must s\u00f5star 365JP ISO FUEL+<\/strong><\/h4>\n<\/div>\n<div class=\"additional-product-section__posts__post__text\">\n<p>Koostisosad: dekstroos, maltodekstriin, fruktoos, mineraalid (naatriumtsitraat, kaltsiumfosfaat, kaltsiumtsitraat, magneesiumkarbonaat), palatinoos (isomaltuloos), sidrunhape, toiduv\u00e4rv (betaniin, indigokarmiin), l\u00f5hna- ja maitseained, paakumisvastane aine (kaltsiumfosfaat), vitamiinid (C-vitamiin: L-askorbiinhape, B6-vitamiin: p\u00fcridoksiinvesinikkloriid, B1-vitamiin: tiamiinvesinikkloriid), magusaine (sukraloos).<\/p>\n<\/div>\n<div class=\"additional-product-section__posts__post__text--nutrition-information\">\n<p>Toitumisalane teave (100 g):<br \/>\n\u2013 Energia 1403 kj \/ 330 kcal;<br \/>\n\u2013 Rasvad 0 g;<br \/>\n\u2013 S\u00fcsivesikud 80 g (sh suhkrud 49 g);<br \/>\n\u2013 Kiudained 0 g;<br \/>\n\u2013 Valgud 0 g;<br \/>\n\u2013 Sool 0,66 g;<br \/>\n\u2013 Kaalium 502 mg, kaltsium 156 mg, magneesium 175 mg;<br \/>\n\u2013 Vitamiin C 80 mg, vitamiin B6 1.5 mg, vitamiin B1 1.25 mg.<\/p>\n<p>Vaata ka meie teisi Isotoonilise spordijooke <a href=\"https:\/\/fit360.ee\/en\/product-category\/product-groups\/energy-carbohydrates\/isotonic-en\/\"><strong>SIIT<\/strong><\/a>!<\/p>\n<p>Soovid kaupa osta suuremas koguses? Vaata antud toodet ka meie HULGI poest\u00a0<a href=\"https:\/\/toidulisandidhulgi.ee\/product\/iso-fuel-24x30g\/\"><strong>SIIT<\/strong><\/a>!<\/p>\n<\/div>\n<\/div>\n<\/div>\n<\/div>\n","protected":false},"excerpt":{"rendered":"<p><strong>365JP ISO Fuel+<\/strong>\u00a0isotooniline joogipulber on sobilik varustamaks keha pingutuse korral energia, vee, elektrol\u00fc\u00fctide (kaalium, kaltsium, magneesium) ja vitamiinidega (C, B1 ja B6).<\/p>\n<ul>\n<li>Esmaklassiline eletrol\u00fc\u00fctide (kaltsium, kaalium, magneesium) sisaldus.<\/li>\n<li>Kvaliteetne ja lahustub v\u00e4ga h\u00e4sti.<\/li>\n<li>Suurep\u00e4rane maitsete valik.<\/li>\n<li>Parim hind t\u00f5eliselt kvaliteetsele tootele.<\/li>\n<li>Tarvita vastavalt vajadusele treeningu eel, ajal ja p\u00e4rast treeningut.<\/li>\n<\/ul>\n<p>Osta karbiga ja S\u00c4\u00c4STA!<\/p>\n","protected":false},"featured_media":57325,"comment_status":"closed","ping_status":"closed","template":"","meta":[],"product_brand":[],"product_cat":[1571,1072,522,2460],"product_tag":[2922,3297,3298],"giftcard-category":[],"class_list":{"0":"post-57317","1":"product","2":"type-product","3":"status-publish","4":"has-post-thumbnail","6":"product_cat-365jp-en","7":"product_cat-drinks-and-protein-bars-in-bulk","8":"product_cat-energy-carbohydrates","9":"product_cat-isotonic-en","10":"product_tag-365jp-en","11":"product_tag-iso-fuel-en","12":"product_tag-isotooniline-en","13":"pa_maitse-apelsin-mango-en","14":"pa_maitse-black-currant","15":"pa_maitse-lemon","16":"pa_maitse-orange","17":"pa_maitse-peach","18":"pa_maitse-sidrunitee-en","20":"first","21":"instock","22":"sale","23":"taxable","24":"shipping-taxable","25":"purchasable","26":"product-type-variable"},"yoast_head":"<!-- This site is optimized with the Yoast SEO plugin v27.3 - https:\/\/yoast.com\/product\/yoast-seo-wordpress\/ -->\n<title>ISO FUEL+ (24 x 30g) - Isotooniline Spordijook - Elektrol\u00fc\u00fcdid - Fit360<\/title>\n<meta name=\"description\" content=\"ISO Fuel+\u00a0isotooniline joogipulber on sobilik varustamaks keha pingutuse korral energia, vee, elektrol\u00fc\u00fctide (kaalium, kaltsium, magneesium)\" \/>\n<meta name=\"robots\" content=\"index, follow, max-snippet:-1, max-image-preview:large, max-video-preview:-1\" \/>\n<link rel=\"canonical\" href=\"https:\/\/fit360.ee\/en\/pood\/product-groups\/energy-carbohydrates\/isotonic-en\/iso-fuel-24x30g\/\" \/>\n<meta property=\"og:locale\" content=\"en_US\" \/>\n<meta property=\"og:type\" content=\"article\" \/>\n<meta property=\"og:title\" content=\"ISO FUEL+ (24 x 30g) - Isotooniline Spordijook - Elektrol\u00fc\u00fcdid - Fit360\" \/>\n<meta property=\"og:description\" content=\"ISO Fuel+\u00a0isotooniline joogipulber on sobilik varustamaks keha pingutuse korral energia, vee, elektrol\u00fc\u00fctide (kaalium, kaltsium, magneesium)\" \/>\n<meta property=\"og:url\" content=\"https:\/\/fit360.ee\/en\/pood\/product-groups\/energy-carbohydrates\/isotonic-en\/iso-fuel-24x30g\/\" \/>\n<meta property=\"og:site_name\" content=\"Fit360\" \/>\n<meta property=\"article:modified_time\" content=\"2026-04-10T13:13:01+00:00\" \/>\n<meta property=\"og:image\" content=\"https:\/\/fit360.ee\/wp-content\/uploads\/2021\/10\/iso-fuel-karbiga-fit360.ee-1-1.png\" \/>\n\t<meta property=\"og:image:width\" content=\"800\" \/>\n\t<meta property=\"og:image:height\" content=\"1096\" \/>\n\t<meta property=\"og:image:type\" content=\"image\/png\" \/>\n<meta name=\"twitter:card\" content=\"summary_large_image\" \/>\n<meta name=\"twitter:label1\" content=\"Est. reading time\" \/>\n\t<meta name=\"twitter:data1\" content=\"2 minutes\" \/>\n<script type=\"application\/ld+json\" class=\"yoast-schema-graph\">{\"@context\":\"https:\\\/\\\/schema.org\",\"@graph\":[{\"@type\":\"WebPage\",\"@id\":\"https:\\\/\\\/fit360.ee\\\/en\\\/pood\\\/product-groups\\\/energy-carbohydrates\\\/isotonic-en\\\/iso-fuel-24x30g\\\/\",\"url\":\"https:\\\/\\\/fit360.ee\\\/en\\\/pood\\\/product-groups\\\/energy-carbohydrates\\\/isotonic-en\\\/iso-fuel-24x30g\\\/\",\"name\":\"ISO FUEL+ (24 x 30g) - Isotooniline Spordijook - Elektrol\u00fc\u00fcdid - Fit360\",\"isPartOf\":{\"@id\":\"https:\\\/\\\/fit360.ee\\\/en\\\/#website\"},\"primaryImageOfPage\":{\"@id\":\"https:\\\/\\\/fit360.ee\\\/en\\\/pood\\\/product-groups\\\/energy-carbohydrates\\\/isotonic-en\\\/iso-fuel-24x30g\\\/#primaryimage\"},\"image\":{\"@id\":\"https:\\\/\\\/fit360.ee\\\/en\\\/pood\\\/product-groups\\\/energy-carbohydrates\\\/isotonic-en\\\/iso-fuel-24x30g\\\/#primaryimage\"},\"thumbnailUrl\":\"https:\\\/\\\/fit360.ee\\\/wp-content\\\/uploads\\\/2021\\\/10\\\/iso-fuel-karbiga-fit360.ee-1-1.png\",\"datePublished\":\"2021-10-26T10:00:27+00:00\",\"dateModified\":\"2026-04-10T13:13:01+00:00\",\"description\":\"ISO Fuel+\u00a0isotooniline joogipulber on sobilik varustamaks keha pingutuse korral energia, vee, elektrol\u00fc\u00fctide (kaalium, kaltsium, magneesium)\",\"breadcrumb\":{\"@id\":\"https:\\\/\\\/fit360.ee\\\/en\\\/pood\\\/product-groups\\\/energy-carbohydrates\\\/isotonic-en\\\/iso-fuel-24x30g\\\/#breadcrumb\"},\"inLanguage\":\"en-US\",\"potentialAction\":[{\"@type\":\"ReadAction\",\"target\":[\"https:\\\/\\\/fit360.ee\\\/en\\\/pood\\\/product-groups\\\/energy-carbohydrates\\\/isotonic-en\\\/iso-fuel-24x30g\\\/\"]}]},{\"@type\":\"ImageObject\",\"inLanguage\":\"en-US\",\"@id\":\"https:\\\/\\\/fit360.ee\\\/en\\\/pood\\\/product-groups\\\/energy-carbohydrates\\\/isotonic-en\\\/iso-fuel-24x30g\\\/#primaryimage\",\"url\":\"https:\\\/\\\/fit360.ee\\\/wp-content\\\/uploads\\\/2021\\\/10\\\/iso-fuel-karbiga-fit360.ee-1-1.png\",\"contentUrl\":\"https:\\\/\\\/fit360.ee\\\/wp-content\\\/uploads\\\/2021\\\/10\\\/iso-fuel-karbiga-fit360.ee-1-1.png\",\"width\":800,\"height\":1096,\"caption\":\"iso fuel+ karbiga - fit360.ee\"},{\"@type\":\"BreadcrumbList\",\"@id\":\"https:\\\/\\\/fit360.ee\\\/en\\\/pood\\\/product-groups\\\/energy-carbohydrates\\\/isotonic-en\\\/iso-fuel-24x30g\\\/#breadcrumb\",\"itemListElement\":[{\"@type\":\"ListItem\",\"position\":1,\"name\":\"Home\",\"item\":\"https:\\\/\\\/fit360.ee\\\/en\\\/\"},{\"@type\":\"ListItem\",\"position\":2,\"name\":\"Shop\",\"item\":\"https:\\\/\\\/fit360.ee\\\/en\\\/shop\\\/\"},{\"@type\":\"ListItem\",\"position\":3,\"name\":\"ISO FUEL+ (24 x 30g)\"}]},{\"@type\":\"WebSite\",\"@id\":\"https:\\\/\\\/fit360.ee\\\/en\\\/#website\",\"url\":\"https:\\\/\\\/fit360.ee\\\/en\\\/\",\"name\":\"Fit360\",\"description\":\"\",\"publisher\":{\"@id\":\"https:\\\/\\\/fit360.ee\\\/en\\\/#organization\"},\"potentialAction\":[{\"@type\":\"SearchAction\",\"target\":{\"@type\":\"EntryPoint\",\"urlTemplate\":\"https:\\\/\\\/fit360.ee\\\/en\\\/?s={search_term_string}\"},\"query-input\":{\"@type\":\"PropertyValueSpecification\",\"valueRequired\":true,\"valueName\":\"search_term_string\"}}],\"inLanguage\":\"en-US\"},{\"@type\":\"Organization\",\"@id\":\"https:\\\/\\\/fit360.ee\\\/en\\\/#organization\",\"name\":\"Fit360\",\"url\":\"https:\\\/\\\/fit360.ee\\\/en\\\/\",\"logo\":{\"@type\":\"ImageObject\",\"inLanguage\":\"en-US\",\"@id\":\"https:\\\/\\\/fit360.ee\\\/en\\\/#\\\/schema\\\/logo\\\/image\\\/\",\"url\":\"https:\\\/\\\/fit360.ee\\\/wp-content\\\/uploads\\\/2017\\\/01\\\/logo-fit360.png\",\"contentUrl\":\"https:\\\/\\\/fit360.ee\\\/wp-content\\\/uploads\\\/2017\\\/01\\\/logo-fit360.png\",\"width\":180,\"height\":66,\"caption\":\"Fit360\"},\"image\":{\"@id\":\"https:\\\/\\\/fit360.ee\\\/en\\\/#\\\/schema\\\/logo\\\/image\\\/\"}}]}<\/script>\n<!-- \/ Yoast SEO plugin. -->","yoast_head_json":{"title":"ISO FUEL+ (24 x 30g) - Isotooniline Spordijook - Elektrol\u00fc\u00fcdid - Fit360","description":"ISO Fuel+\u00a0isotooniline joogipulber on sobilik varustamaks keha pingutuse korral energia, vee, elektrol\u00fc\u00fctide (kaalium, kaltsium, magneesium)","robots":{"index":"index","follow":"follow","max-snippet":"max-snippet:-1","max-image-preview":"max-image-preview:large","max-video-preview":"max-video-preview:-1"},"canonical":"https:\/\/fit360.ee\/en\/pood\/product-groups\/energy-carbohydrates\/isotonic-en\/iso-fuel-24x30g\/","og_locale":"en_US","og_type":"article","og_title":"ISO FUEL+ (24 x 30g) - Isotooniline Spordijook - Elektrol\u00fc\u00fcdid - Fit360","og_description":"ISO Fuel+\u00a0isotooniline joogipulber on sobilik varustamaks keha pingutuse korral energia, vee, elektrol\u00fc\u00fctide (kaalium, kaltsium, magneesium)","og_url":"https:\/\/fit360.ee\/en\/pood\/product-groups\/energy-carbohydrates\/isotonic-en\/iso-fuel-24x30g\/","og_site_name":"Fit360","article_modified_time":"2026-04-10T13:13:01+00:00","og_image":[{"width":800,"height":1096,"url":"https:\/\/fit360.ee\/wp-content\/uploads\/2021\/10\/iso-fuel-karbiga-fit360.ee-1-1.png","type":"image\/png"}],"twitter_card":"summary_large_image","twitter_misc":{"Est. reading time":"2 minutes"},"schema":{"@context":"https:\/\/schema.org","@graph":[{"@type":"WebPage","@id":"https:\/\/fit360.ee\/en\/pood\/product-groups\/energy-carbohydrates\/isotonic-en\/iso-fuel-24x30g\/","url":"https:\/\/fit360.ee\/en\/pood\/product-groups\/energy-carbohydrates\/isotonic-en\/iso-fuel-24x30g\/","name":"ISO FUEL+ (24 x 30g) - Isotooniline Spordijook - Elektrol\u00fc\u00fcdid - Fit360","isPartOf":{"@id":"https:\/\/fit360.ee\/en\/#website"},"primaryImageOfPage":{"@id":"https:\/\/fit360.ee\/en\/pood\/product-groups\/energy-carbohydrates\/isotonic-en\/iso-fuel-24x30g\/#primaryimage"},"image":{"@id":"https:\/\/fit360.ee\/en\/pood\/product-groups\/energy-carbohydrates\/isotonic-en\/iso-fuel-24x30g\/#primaryimage"},"thumbnailUrl":"https:\/\/fit360.ee\/wp-content\/uploads\/2021\/10\/iso-fuel-karbiga-fit360.ee-1-1.png","datePublished":"2021-10-26T10:00:27+00:00","dateModified":"2026-04-10T13:13:01+00:00","description":"ISO Fuel+\u00a0isotooniline joogipulber on sobilik varustamaks keha pingutuse korral energia, vee, elektrol\u00fc\u00fctide (kaalium, kaltsium, magneesium)","breadcrumb":{"@id":"https:\/\/fit360.ee\/en\/pood\/product-groups\/energy-carbohydrates\/isotonic-en\/iso-fuel-24x30g\/#breadcrumb"},"inLanguage":"en-US","potentialAction":[{"@type":"ReadAction","target":["https:\/\/fit360.ee\/en\/pood\/product-groups\/energy-carbohydrates\/isotonic-en\/iso-fuel-24x30g\/"]}]},{"@type":"ImageObject","inLanguage":"en-US","@id":"https:\/\/fit360.ee\/en\/pood\/product-groups\/energy-carbohydrates\/isotonic-en\/iso-fuel-24x30g\/#primaryimage","url":"https:\/\/fit360.ee\/wp-content\/uploads\/2021\/10\/iso-fuel-karbiga-fit360.ee-1-1.png","contentUrl":"https:\/\/fit360.ee\/wp-content\/uploads\/2021\/10\/iso-fuel-karbiga-fit360.ee-1-1.png","width":800,"height":1096,"caption":"iso fuel+ karbiga - fit360.ee"},{"@type":"BreadcrumbList","@id":"https:\/\/fit360.ee\/en\/pood\/product-groups\/energy-carbohydrates\/isotonic-en\/iso-fuel-24x30g\/#breadcrumb","itemListElement":[{"@type":"ListItem","position":1,"name":"Home","item":"https:\/\/fit360.ee\/en\/"},{"@type":"ListItem","position":2,"name":"Shop","item":"https:\/\/fit360.ee\/en\/shop\/"},{"@type":"ListItem","position":3,"name":"ISO FUEL+ (24 x 30g)"}]},{"@type":"WebSite","@id":"https:\/\/fit360.ee\/en\/#website","url":"https:\/\/fit360.ee\/en\/","name":"Fit360","description":"","publisher":{"@id":"https:\/\/fit360.ee\/en\/#organization"},"potentialAction":[{"@type":"SearchAction","target":{"@type":"EntryPoint","urlTemplate":"https:\/\/fit360.ee\/en\/?s={search_term_string}"},"query-input":{"@type":"PropertyValueSpecification","valueRequired":true,"valueName":"search_term_string"}}],"inLanguage":"en-US"},{"@type":"Organization","@id":"https:\/\/fit360.ee\/en\/#organization","name":"Fit360","url":"https:\/\/fit360.ee\/en\/","logo":{"@type":"ImageObject","inLanguage":"en-US","@id":"https:\/\/fit360.ee\/en\/#\/schema\/logo\/image\/","url":"https:\/\/fit360.ee\/wp-content\/uploads\/2017\/01\/logo-fit360.png","contentUrl":"https:\/\/fit360.ee\/wp-content\/uploads\/2017\/01\/logo-fit360.png","width":180,"height":66,"caption":"Fit360"},"image":{"@id":"https:\/\/fit360.ee\/en\/#\/schema\/logo\/image\/"}}]}},"_links":{"self":[{"href":"https:\/\/fit360.ee\/en\/wp-json\/wp\/v2\/product\/57317","targetHints":{"allow":["GET"]}}],"collection":[{"href":"https:\/\/fit360.ee\/en\/wp-json\/wp\/v2\/product"}],"about":[{"href":"https:\/\/fit360.ee\/en\/wp-json\/wp\/v2\/types\/product"}],"replies":[{"embeddable":true,"href":"https:\/\/fit360.ee\/en\/wp-json\/wp\/v2\/comments?post=57317"}],"wp:featuredmedia":[{"embeddable":true,"href":"https:\/\/fit360.ee\/en\/wp-json\/wp\/v2\/media\/57325"}],"wp:attachment":[{"href":"https:\/\/fit360.ee\/en\/wp-json\/wp\/v2\/media?parent=57317"}],"wp:term":[{"taxonomy":"product_brand","embeddable":true,"href":"https:\/\/fit360.ee\/en\/wp-json\/wp\/v2\/product_brand?post=57317"},{"taxonomy":"product_cat","embeddable":true,"href":"https:\/\/fit360.ee\/en\/wp-json\/wp\/v2\/product_cat?post=57317"},{"taxonomy":"product_tag","embeddable":true,"href":"https:\/\/fit360.ee\/en\/wp-json\/wp\/v2\/product_tag?post=57317"},{"taxonomy":"giftcard-category","embeddable":true,"href":"https:\/\/fit360.ee\/en\/wp-json\/wp\/v2\/giftcard-category?post=57317"}],"curies":[{"name":"wp","href":"https:\/\/api.w.org\/{rel}","templated":true}]}}